{"id":7873,"date":"2024-05-03T06:28:07","date_gmt":"2024-05-03T06:28:07","guid":{"rendered":"https:\/\/elfsight.com\/de\/?page_id=7873"},"modified":"2025-02-17T10:57:12","modified_gmt":"2025-02-17T10:57:12","slug":"squarespace","status":"publish","type":"page","link":"https:\/\/elfsight.com\/de\/apple-app-store-reviews-widget\/squarespace\/","title":{"rendered":"Apple App Store Reviews &#8211; Squarespace"},"content":{"rendered":"\n<div class=\"application-platform-content-item-description application-platform-content-item\" id=\"description\" data-nav-section=\"description\"><h2>Einbetten von Apple App Store Reviews auf Squarespace mit dem Elfsight-Widget<\/h2> <p>Elfsight Apple App Store Reviews ist ein praktisches Tool, das Ihnen dabei hilft eine Gelegenheit, die Bewertungen Ihres Unternehmens direkt auf Ihrer Webseite anzuzeigen. Mit dem Elfsight-Widget k\u00f6nnen Sie Filter anwenden, um negative Bewertungen zu verschleiern, Ihre Sterne- und Zahlenbewertung angeben, Informationen \u00fcber die Ersteller der Kommentare preisgeben und einen CTA hinzuf\u00fcgen, der Benutzer dazu bringt, ihre Bewertung zu ver\u00f6ffentlichen. Mit dem Elfsight Apple Reviews-Widget k\u00f6nnen Sie Ihren hohen Social Proof auf der Website r\u00fchmen und mehr Neuverk\u00e4ufe erzielen. <\/p><p><b>Vorverkauf durch beeindruckende Bewertung und Benutzererkennung<\/b><\/p><\/div> <div class=\"application-platform-content-item-features application-platform-content-item\" id=\"features\" data-nav-section=\"features\"><h2>Hauptfunktionen des Apple App Store Bewertungs-Widget<\/h2> <p>Sehen Sie sich alle Funktionen des Produkts an. Sie k\u00f6nnen sie direkt im Editor verwalten und sie helfen Ihnen dabei, das f\u00fcr Ihren Fall am besten geeignete Widget zu erstellen. <\/p> <ul> <li>Foliengeschwindigkeit und Autoplay-Geschwindigkeit einstellen; <\/li> <li>Auswahl des Paginierungstyps im Slider-Layout; <\/li> <li>Flexible Breite und H\u00f6he; <\/li> <li>Umschaltbarer Header des Tools; <\/li> <\/ul> <p><a href=\"#demo\">Sehen Sie in unserer Demo, wie alle Funktionen funktionieren<\/a><\/p> <\/div> <div class=\"application-platform-content-item-installation application-platform-content-item\" id=\"installation\" data-nav-section=\"installation\"> <h2>Wie f\u00fcge ich Apple App Store-Bewertungen zu meiner Squarespace-Website hinzu? <\/h2> <p>Um ein Widget hinzuzuf\u00fcgen, f\u00fchren Sie die folgenden schnellen Schritte aus. <\/p> <ul> <li><b>Entwerfen Sie Ihr einzigartiges Apple-Plugin<\/b><br> Wenn Sie unseren kostenlosen Konfigurator verwalten, erhalten Sie ein Plugin mit einer bevorzugten Benutzeroberfl\u00e4che und Funktionen. <\/li> <li><b>Besorgen Sie sich den pers\u00f6nlichen Code, um das Plugin zu installieren<\/b><br> Nachdem Sie Ihr Widget erstellt haben, erhalten Sie den individuellen Code aus dem Popup-Fenster von Elfsight Apps. Kopiere diesen Code. <\/li> <li><b>Betten Sie das Plugin auf Ihrer Squarespace-Website ein<\/b><br> Suchen Sie den Ort, an dem Sie das Plugin hinzuf\u00fcgen m\u00f6chten, und f\u00fcgen Sie dort den kopierten Code hinzu. Wenden Sie die Ergebnisse an. <\/li> <li><b>Du bist fertig! <\/b><br> Besuchen Sie Ihre Website, um einen Blick auf Ihre Arbeit zu werfen. <\/li> <\/ul> <p>Sie k\u00f6nnen sich gerne an den Elfsight-Kundendienst wenden, wenn Sie Rat ben\u00f6tigen oder Probleme haben. Unsere Spezialisten helfen Ihnen bei jeder Anfrage weiter. <\/p> <div class=\"faq\" data-component=\"FAQ\"><div class=\"faq-item\">\r\n\t\t\t\t\t<div class=\"faq-item-question\">\r\n\t\t\t\t\t\t<h3 class=\"faq-item-question-text\">Wie bette ich das Apple App Store Reviews Widget ohne Programmierkenntnisse in meine Squarespace-Website ein?<\/h3>\r\n\r\n\t\t\t\t\t\t<div class=\"faq-item-question-icon\"><\/div>\r\n\t\t\t\t\t<\/div>\r\n\r\n\t\t\t\t\t<div class=\"faq-item-answer\">\r\n\t\t\t\t\t\t<div class=\"faq-item-answer-text\"><p>Elfsight bietet eine SaaS-L\u00f6sung, mit der Sie selbst ein Apple App Store Reviews Widget erstellen k\u00f6nnen. Erleben Sie, wie einfach der Prozess ist:<\/p>\n<ol>\n<li>Arbeiten Sie direkt im Online-Editor, um das gew\u00fcnschte Apple App Store Reviews Widget f\u00fcr Ihre Squarespace-Website zu erstellen.<\/li>\n<li>W\u00e4hlen Sie aus unseren fertigen Vorlagen und passen Sie die Konfigurationen des Widgets an. \u00c4ndern Sie das Design und die Farben und f\u00fcgen Sie Ihre Inhalte hinzu \u2013 ganz ohne Programmierkenntnisse.<\/li>\n<li>Speichern Sie die vorgenommenen Einstellungen und kopieren Sie den Installationscode, den Sie problemlos in Ihre Squarespace-Website einf\u00fcgen k\u00f6nnen, ohne einen Premium-Plan zu kaufen.<\/li>\n<\/ol>\n<p>Mit unserem benutzerfreundlichen Editor kann jeder Internetnutzer ein Apple App Store Reviews Widget erstellen und es bequem in seine Squarespace-Website integrieren. Es ist keine Zahlung erforderlich und Sie m\u00fcssen keine Kreditkarteninformationen angeben, um auf diesen Service zuzugreifen. Sollten Sie auf Schwierigkeiten sto\u00dfen, z\u00f6gern Sie bitte nicht, unser Support-Team zu kontaktieren.<\/p><\/div>\r\n\t\t\t\t\t<\/div>\r\n\t\t\t\t<\/div><\/div><\/div>\n","protected":false},"excerpt":{"rendered":"","protected":false},"author":9,"featured_media":0,"parent":1843,"menu_order":0,"comment_status":"closed","ping_status":"closed","template":"templates\/template-application-platform.php","meta":{"publish_to_discourse":"","publish_post_category":"","wpdc_auto_publish_overridden":"","wpdc_topic_tags":"","wpdc_pin_topic":"","wpdc_pin_until":"","discourse_post_id":"","discourse_permalink":"","wpdc_publishing_response":"","wpdc_publishing_error":"","footnotes":""},"class_list":["post-7873","page","type-page","status-publish","hentry"],"yoast_head":"<!-- This site is optimized with the Yoast SEO plugin v25.3.1 - https:\/\/yoast.com\/wordpress\/plugins\/seo\/ -->\n<title>Betten Sie Apple-Bewertungen auf Ihrer Squarespace-Website ein (einfach und schnell)<\/title>\n<meta name=\"description\" content=\"Es ist ein unkomplizierter Prozess, Ihr eigenes Apple Reviews-Widget zu erstellen und es auf Ihrer Squarespace-Website zu ver\u00f6ffentlichen. Der Kundendienst von Elfsight ist kostenlos.\" \/>\n<meta name=\"robots\" content=\"index, follow, max-snippet:-1, max-image-preview:large, max-video-preview:-1\" \/>\n<link rel=\"canonical\" href=\"https:\/\/elfsight.com\/de\/apple-app-store-reviews-widget\/squarespace\/\" \/>\n<meta property=\"og:locale\" content=\"de_DE\" \/>\n<meta property=\"og:type\" content=\"article\" \/>\n<meta property=\"og:title\" content=\"Betten Sie Apple-Bewertungen auf Ihrer Squarespace-Website ein (einfach und schnell)\" \/>\n<meta property=\"og:description\" content=\"Es ist ein unkomplizierter Prozess, Ihr eigenes Apple Reviews-Widget zu erstellen und es auf Ihrer Squarespace-Website zu ver\u00f6ffentlichen. Der Kundendienst von Elfsight ist kostenlos.\" \/>\n<meta property=\"og:url\" content=\"https:\/\/elfsight.com\/de\/apple-app-store-reviews-widget\/squarespace\/\" \/>\n<meta property=\"og:site_name\" content=\"Elfsight DE\" \/>\n<meta property=\"article:modified_time\" content=\"2025-02-17T10:57:12+00:00\" \/>\n<meta name=\"twitter:card\" content=\"summary_large_image\" \/>\n<meta name=\"twitter:label1\" content=\"Gesch\u00e4tzte Lesezeit\" \/>\n\t<meta name=\"twitter:data1\" content=\"3\u00a0Minuten\" \/>\n<!-- \/ Yoast SEO plugin. -->","yoast_head_json":{"title":"Betten Sie Apple-Bewertungen auf Ihrer Squarespace-Website ein (einfach und schnell)","description":"Es ist ein unkomplizierter Prozess, Ihr eigenes Apple Reviews-Widget zu erstellen und es auf Ihrer Squarespace-Website zu ver\u00f6ffentlichen. Der Kundendienst von Elfsight ist kostenlos.","robots":{"index":"index","follow":"follow","max-snippet":"max-snippet:-1","max-image-preview":"max-image-preview:large","max-video-preview":"max-video-preview:-1"},"canonical":"https:\/\/elfsight.com\/de\/apple-app-store-reviews-widget\/squarespace\/","og_locale":"de_DE","og_type":"article","og_title":"Betten Sie Apple-Bewertungen auf Ihrer Squarespace-Website ein (einfach und schnell)","og_description":"Es ist ein unkomplizierter Prozess, Ihr eigenes Apple Reviews-Widget zu erstellen und es auf Ihrer Squarespace-Website zu ver\u00f6ffentlichen. Der Kundendienst von Elfsight ist kostenlos.","og_url":"https:\/\/elfsight.com\/de\/apple-app-store-reviews-widget\/squarespace\/","og_site_name":"Elfsight DE","article_modified_time":"2025-02-17T10:57:12+00:00","twitter_card":"summary_large_image","twitter_misc":{"Gesch\u00e4tzte Lesezeit":"3\u00a0Minuten"},"schema":{"@context":"https:\/\/schema.org","@graph":[{"@type":"WebPage","@id":"https:\/\/elfsight.com\/de\/apple-app-store-reviews-widget\/squarespace\/","url":"https:\/\/elfsight.com\/de\/apple-app-store-reviews-widget\/squarespace\/","name":"Betten Sie Apple-Bewertungen auf Ihrer Squarespace-Website ein (einfach und schnell)","isPartOf":{"@id":"https:\/\/elfsight.com\/de\/#website"},"datePublished":"2024-05-03T06:28:07+00:00","dateModified":"2025-02-17T10:57:12+00:00","description":"Es ist ein unkomplizierter Prozess, Ihr eigenes Apple Reviews-Widget zu erstellen und es auf Ihrer Squarespace-Website zu ver\u00f6ffentlichen. Der Kundendienst von Elfsight ist kostenlos.","breadcrumb":{"@id":"https:\/\/elfsight.com\/de\/apple-app-store-reviews-widget\/squarespace\/#breadcrumb"},"inLanguage":"de","potentialAction":[{"@type":"ReadAction","target":["https:\/\/elfsight.com\/de\/apple-app-store-reviews-widget\/squarespace\/"]}]},{"@type":"BreadcrumbList","@id":"https:\/\/elfsight.com\/de\/apple-app-store-reviews-widget\/squarespace\/#breadcrumb","itemListElement":[{"@type":"ListItem","position":1,"name":"Home","item":"https:\/\/elfsight.com\/de\/"},{"@type":"ListItem","position":2,"name":"Apple App Store Reviews","item":"https:\/\/elfsight.com\/de\/apple-app-store-reviews-widget\/"},{"@type":"ListItem","position":3,"name":"Apple App Store Reviews &#8211; Squarespace"}]},{"@type":"WebSite","@id":"https:\/\/elfsight.com\/de\/#website","url":"https:\/\/elfsight.com\/de\/","name":"Elfsight DE","description":"Just another Elfsight Sites site","potentialAction":[{"@type":"SearchAction","target":{"@type":"EntryPoint","urlTemplate":"https:\/\/elfsight.com\/de\/?s={search_term_string}"},"query-input":{"@type":"PropertyValueSpecification","valueRequired":true,"valueName":"search_term_string"}}],"inLanguage":"de"}]}},"meta_box":{"industry":"","seo_heading":"","heading":"","description":"","cta_heading":"","cta_description":"","application":"501","h1":"Squarespace Apple App Store Reviews Plugin","h1_caption":"Betten Sie Bewertungen aus Ihrem Apple-Plugin-Store-Plugin ein, um Glaubw\u00fcrdigkeit aufzubauen und m\u00fchelos mehr Downloads auf Ihrer Squarespace-Website zu f\u00f6rdern.","application_category":[],"applications_title":"","applications_request_title":"","applications_request_button_text":"","hero_text":"","hero_video":"","hero_video_schema_markup":"","selling_points_title":"","selling_points_caption":"","selling_points":[],"selling_points_cta_text":"","features_title":"","features":"","ed_cta_examples_text":"","ed_cta_examples_hidden":"","ed_cta_demo_text":"","ed_cta_demo_hidden":"","why_caption":"","why_editor_title":"","why_editor_text":"","why_team_title":"","why_team_text":"","why_service_title":"","why_service_text":"","template_catalog_visible":"0","template_catalog_title":"","template_catalog_text":"","template_catalog_categories_visible":"","demo_title":"Erstellen Sie Ihr Apple App Store Reviews-Plugin","demo_caption":"Konfigurieren Sie Ihre Apple App Store-Bewertungen und f\u00fcgen Sie sie kostenlos zu Ihrer Squarespace-Website hinzu!","default_faq_hidden":"","app_template_category":[],"platform":"252","template_public_id":"","codecanyon_url":"","codecanyon_item_id":"","codecanyon_price":"","pricing_caption":"","pricing_elfsight_apps_hide_column":"","pricing_elfsight_apps_url":"","pricing_codecanyon_price_caption":"","integration_category":[],"integration_request_title":"","integration_request_cta":"","integration_platform":"","integrations":[],"platform_category":[],"video_schema_markup":"","price":"ab 0 $ \/ Monat","trial":"","benefits":[{"text":"Kostenlose Installationshilfe"},{"text":"Effektiver Kundenservice"},{"text":"14-t\u00e4gige Geld-zur\u00fcck-Garantie"},{"text":"Regelm\u00e4\u00dfige Verbesserungen"}],"button_url":"#demo","button_target_blank":"0","button_nofollow":"0","attributes":[{"name":"Installiert","content":"10,000 - 100,000"},{"name":"Reaktionsfreudig","content":"Ja"},{"name":"Kompatible Browser","content":"Firefox, Safari, Opera, Chrome, Edge"}],"tags":[],"tags_disable_links":"0","hide_more_platforms":"0","video_object":"","demo_hide_cta":"0","demo_hide_cloud_options":"0","pricing_title":"","pricing":[{"pricing_icon":"platform","pricing_title":"Elfsight Apps","pricing_title_caption":"Multiplattform-L\u00f6sung, die auf jeder Website funktioniert","pricing_price":"ab 0 $ \/ Monat","pricing_price_caption":"Beginnen Sie mit einem kostenlosen Plan","pricing_benefits":[{"text":"Unbegrenzte Websites"},{"text":"Kostenloser Kundensupport und gut dokumentiert"},{"text":"Kostenloser Installationssupport"},{"text":"Flexibles Design"}],"pricing_button_text":"Zur Website hinzuf\u00fcgen","pricing_button_url":"#demo"}],"related_apps_title":"","related_apps_hidden":"0","author":"","image":[],"title":"","job":"","social_networks":[]},"_links":{"self":[{"href":"https:\/\/elfsight.com\/de\/wp-json\/wp\/v2\/pages\/7873","targetHints":{"allow":["GET"]}}],"collection":[{"href":"https:\/\/elfsight.com\/de\/wp-json\/wp\/v2\/pages"}],"about":[{"href":"https:\/\/elfsight.com\/de\/wp-json\/wp\/v2\/types\/page"}],"author":[{"embeddable":true,"href":"https:\/\/elfsight.com\/de\/wp-json\/wp\/v2\/users\/9"}],"replies":[{"embeddable":true,"href":"https:\/\/elfsight.com\/de\/wp-json\/wp\/v2\/comments?post=7873"}],"version-history":[{"count":3,"href":"https:\/\/elfsight.com\/de\/wp-json\/wp\/v2\/pages\/7873\/revisions"}],"predecessor-version":[{"id":24250,"href":"https:\/\/elfsight.com\/de\/wp-json\/wp\/v2\/pages\/7873\/revisions\/24250"}],"up":[{"embeddable":true,"href":"https:\/\/elfsight.com\/de\/wp-json\/wp\/v2\/pages\/1843"}],"wp:attachment":[{"href":"https:\/\/elfsight.com\/de\/wp-json\/wp\/v2\/media?parent=7873"}],"curies":[{"name":"wp","href":"https:\/\/api.w.org\/{rel}","templated":true}]}}