{"id":7868,"date":"2024-05-03T06:28:06","date_gmt":"2024-05-03T06:28:06","guid":{"rendered":"https:\/\/elfsight.com\/de\/?page_id=7868"},"modified":"2025-07-08T09:48:42","modified_gmt":"2025-07-08T09:48:42","slug":"webflow","status":"publish","type":"page","link":"https:\/\/elfsight.com\/de\/apple-app-store-reviews-widget\/webflow\/","title":{"rendered":"Apple App Store Reviews &#8211; Webflow"},"content":{"rendered":"<div class=\"application-platform-content-item-description application-platform-content-item\" id=\"description\" data-nav-section=\"description\"><h2>Einbetten von Apple App Store Reviews auf Webflow mit dem Elfsight-Widget<\/h2> <p>Elfsight Apple Store Reviews ist ein praktisches Widget, das Ihnen eine M\u00f6glichkeit, die Bewertungen zu Ihrem Unternehmen direkt auf Ihrer Website anzuzeigen. Mit diesem Widget k\u00f6nnen Sie Filter anwenden, um die negativen Kommentare zu verschleiern, Ihre Sterne- und Zahlenbewertung offenzulegen, Daten \u00fcber die Verfasser der Kommentare offenzulegen und einen Call-to-Action hinzuzuf\u00fcgen, der Benutzer dazu bringt, ihre Bewertung zu ver\u00f6ffentlichen. Mit Elfsight Apple Reviews k\u00f6nnen Sie Ihren hohen Social Proof auf Ihrer Website demonstrieren und neue K\u00e4ufe anregen. <\/p><p><b>Steigern Sie Ihren Umsatz durch beeindruckende Bewertungen und die Dankbarkeit der Kunden<\/b><\/p><\/div> <div class=\"application-platform-content-item-features application-platform-content-item\" id=\"features\" data-nav-section=\"features\"><h2>Hauptfunktionen der Apple App Store Reviews Widget<\/h2> <p>Alle Funktionen des Produkts anzeigen. Sie k\u00f6nnen diese direkt im Editor verwalten und sie helfen Ihnen dabei, das Widget speziell f\u00fcr Ihre Bed\u00fcrfnisse zu konfigurieren. <\/p> <ul> <li>Eine Option zum Festlegen der Foliengeschwindigkeit und der Autoplay-Geschwindigkeit; <\/li> <li>Eine Option zur Auswahl des Paginierungstyps im Slider-Layout; <\/li> <li>Responsive Breite und H\u00f6he; <\/li> <li>Eine Option zum Ein-\/Ausschalten der Kopfzeile des Tools; <\/li> <\/ul> <p><a href=\"#demo\">Probieren Sie alle anderen Funktionen in der Demo aus<\/a><\/p> <\/div> <div class=\"application-platform-content-item-installation application-platform-content-item\" id=\"installation\" data-nav-section=\"installation\"><h2> Wie bette ich Apple App Store-Bewertungen in meine Webflow-Site ein? <\/h2> <p>Um das Widget einzuf\u00fchren, befolgen Sie einfach die folgenden Anweisungen. <\/p> <ul> <li><b>Erstellen Sie Ihr individuelles Apple-Plugin<\/b><br> Mit unserem kostenlosen Konfigurator erhalten Sie ein Plugin mit individuellem Layout und individuellen Funktionen. <\/li> <li><b>Erwerben Sie den individuellen Code zum Einbetten des Plugins<\/b><br> Nachdem Sie Ihr Widget konfiguriert haben, erhalten Sie den Installationscode aus dem erscheinenden Fenster von Elfsight Apps. Kopieren Sie es zur weiteren Verwendung. <\/li> <li><b>Zeigen Sie das Plugin auf Ihrer Webflow-Website an<\/b><br> Definieren Sie den Bereich, in dem Sie das Plugin anzeigen m\u00f6chten, und f\u00fcgen Sie dort den gespeicherten Code ein. Speichern Sie die Ergebnisse. <\/li> <li><b>Die Installation ist abgeschlossen<\/b><br> Besuchen Sie die Website, um Ihre Arbeit zu \u00fcberpr\u00fcfen. <\/li> <\/ul> <p>Wenn Sie Hilfe ben\u00f6tigen oder Fragen haben, k\u00f6nnen Sie sich gerne an den Elfsight-Support wenden. Wir helfen Ihnen gerne bei jeder Anfrage weiter. <\/p> <div class=\"faq\" data-component=\"FAQ\"><div class=\"faq-item\">\r\n\t\t\t\t\t<div class=\"faq-item-question\">\r\n\t\t\t\t\t\t<h3 class=\"faq-item-question-text\">Wie kann ich das Webflow Apple App Store Reviews Widget ohne Programmierkenntnisse in meine Webflow-Site einbetten?<\/h3>\r\n\r\n\t\t\t\t\t\t<div class=\"faq-item-question-icon\"><\/div>\r\n\t\t\t\t\t<\/div>\r\n\r\n\t\t\t\t\t<div class=\"faq-item-answer\">\r\n\t\t\t\t\t\t<div class=\"faq-item-answer-text\"><p>Elfsight bietet eine cloudbasierte L\u00f6sung, die es Benutzern erm\u00f6glicht, einen Webflow zu erstellen Sehen Sie selbst, wie einfach der Vorgang ist:<\/p><ul><li>Greifen Sie auf den Online-Editor zu, um einen Webflow-Abschnitt f\u00fcr das Apple App Store-Bewertungs-Widget zu erstellen, den Sie in Ihre Webflow-Site integrieren m\u00f6chten.<\/li><li>W\u00e4hlen Sie eine unserer vorgefertigten Vorlagen aus und passen Sie die Einstellungen des Webflow Apple App Store Reviews Widget an, passen Sie das Layout und das Farbschema an, integrieren Sie Ihre Inhalte ohne Programmieraufwand.<\/li><li>Speichern Sie die Einstellungen, die Sie f\u00fcr das Webflow Apple App Store Reviews Widget angepasst haben, und erhalten Sie den Code zum Einbetten des Widgets, der m\u00fchelos und kostenlos in Ihre Webflow-Site eingebunden werden kann.<\/li><\/ul><p>Durch die Bedienung innerhalb des Mit dem benutzerfreundlichen Editor kann jeder Internetnutzer einen Webflow-App-Store-Bewertungs-Widget-Abschnitt erstellen und ihn in seine Webflow-Website einbetten. F\u00fcr den Zugriff auf den Elfsight-Editor ist keine Zahlung oder Offenlegung Ihrer Karteninformationen erforderlich. Sollten Sie zu irgendeinem Zeitpunkt auf Probleme sto\u00dfen, z\u00f6gern Sie bitte nicht, unseren Kundensupport zu kontaktieren.<\/p><\/div>\r\n\t\t\t\t\t<\/div>\r\n\t\t\t\t<\/div><\/div><\/div>","protected":false},"excerpt":{"rendered":"","protected":false},"author":9,"featured_media":0,"parent":1843,"menu_order":0,"comment_status":"closed","ping_status":"closed","template":"templates\/template-application-platform.php","meta":{"publish_to_discourse":"","publish_post_category":"","wpdc_auto_publish_overridden":"","wpdc_topic_tags":"","wpdc_pin_topic":"","wpdc_pin_until":"","discourse_post_id":"","discourse_permalink":"","wpdc_publishing_response":"","wpdc_publishing_error":"","footnotes":""},"class_list":["post-7868","page","type-page","status-publish","hentry"],"yoast_head":"<!-- This site is optimized with the Yoast SEO plugin v25.3.1 - https:\/\/yoast.com\/wordpress\/plugins\/seo\/ -->\n<title>Betten Sie Apple Reviews auf Ihrer Webflow-Website ein (einfach und schnell)<\/title>\n<meta name=\"description\" content=\"Es ist ein unkomplizierter Prozess, Ihr eigenes Apple Reviews-Widget zu erstellen und es auf Ihrer Webflow-Website zu ver\u00f6ffentlichen. Der Kundendienst von Elfsight ist kostenlos.\" \/>\n<meta name=\"robots\" content=\"index, follow, max-snippet:-1, max-image-preview:large, max-video-preview:-1\" \/>\n<link rel=\"canonical\" href=\"https:\/\/elfsight.com\/de\/apple-app-store-reviews-widget\/webflow\/\" \/>\n<meta property=\"og:locale\" content=\"de_DE\" \/>\n<meta property=\"og:type\" content=\"article\" \/>\n<meta property=\"og:title\" content=\"Betten Sie Apple Reviews auf Ihrer Webflow-Website ein (einfach und schnell)\" \/>\n<meta property=\"og:description\" content=\"Es ist ein unkomplizierter Prozess, Ihr eigenes Apple Reviews-Widget zu erstellen und es auf Ihrer Webflow-Website zu ver\u00f6ffentlichen. Der Kundendienst von Elfsight ist kostenlos.\" \/>\n<meta property=\"og:url\" content=\"https:\/\/elfsight.com\/de\/apple-app-store-reviews-widget\/webflow\/\" \/>\n<meta property=\"og:site_name\" content=\"Elfsight DE\" \/>\n<meta property=\"article:modified_time\" content=\"2025-07-08T09:48:42+00:00\" \/>\n<meta name=\"twitter:card\" content=\"summary_large_image\" \/>\n<meta name=\"twitter:label1\" content=\"Gesch\u00e4tzte Lesezeit\" \/>\n\t<meta name=\"twitter:data1\" content=\"3\u00a0Minuten\" \/>\n<!-- \/ Yoast SEO plugin. -->","yoast_head_json":{"title":"Betten Sie Apple Reviews auf Ihrer Webflow-Website ein (einfach und schnell)","description":"Es ist ein unkomplizierter Prozess, Ihr eigenes Apple Reviews-Widget zu erstellen und es auf Ihrer Webflow-Website zu ver\u00f6ffentlichen. Der Kundendienst von Elfsight ist kostenlos.","robots":{"index":"index","follow":"follow","max-snippet":"max-snippet:-1","max-image-preview":"max-image-preview:large","max-video-preview":"max-video-preview:-1"},"canonical":"https:\/\/elfsight.com\/de\/apple-app-store-reviews-widget\/webflow\/","og_locale":"de_DE","og_type":"article","og_title":"Betten Sie Apple Reviews auf Ihrer Webflow-Website ein (einfach und schnell)","og_description":"Es ist ein unkomplizierter Prozess, Ihr eigenes Apple Reviews-Widget zu erstellen und es auf Ihrer Webflow-Website zu ver\u00f6ffentlichen. Der Kundendienst von Elfsight ist kostenlos.","og_url":"https:\/\/elfsight.com\/de\/apple-app-store-reviews-widget\/webflow\/","og_site_name":"Elfsight DE","article_modified_time":"2025-07-08T09:48:42+00:00","twitter_card":"summary_large_image","twitter_misc":{"Gesch\u00e4tzte Lesezeit":"3\u00a0Minuten"},"schema":{"@context":"https:\/\/schema.org","@graph":[{"@type":"WebPage","@id":"https:\/\/elfsight.com\/de\/apple-app-store-reviews-widget\/webflow\/","url":"https:\/\/elfsight.com\/de\/apple-app-store-reviews-widget\/webflow\/","name":"Betten Sie Apple Reviews auf Ihrer Webflow-Website ein (einfach und schnell)","isPartOf":{"@id":"https:\/\/elfsight.com\/de\/#website"},"datePublished":"2024-05-03T06:28:06+00:00","dateModified":"2025-07-08T09:48:42+00:00","description":"Es ist ein unkomplizierter Prozess, Ihr eigenes Apple Reviews-Widget zu erstellen und es auf Ihrer Webflow-Website zu ver\u00f6ffentlichen. Der Kundendienst von Elfsight ist kostenlos.","breadcrumb":{"@id":"https:\/\/elfsight.com\/de\/apple-app-store-reviews-widget\/webflow\/#breadcrumb"},"inLanguage":"de","potentialAction":[{"@type":"ReadAction","target":["https:\/\/elfsight.com\/de\/apple-app-store-reviews-widget\/webflow\/"]}]},{"@type":"BreadcrumbList","@id":"https:\/\/elfsight.com\/de\/apple-app-store-reviews-widget\/webflow\/#breadcrumb","itemListElement":[{"@type":"ListItem","position":1,"name":"Home","item":"https:\/\/elfsight.com\/de\/"},{"@type":"ListItem","position":2,"name":"Apple App Store Reviews","item":"https:\/\/elfsight.com\/de\/apple-app-store-reviews-widget\/"},{"@type":"ListItem","position":3,"name":"Apple App Store Reviews &#8211; Webflow"}]},{"@type":"WebSite","@id":"https:\/\/elfsight.com\/de\/#website","url":"https:\/\/elfsight.com\/de\/","name":"Elfsight DE","description":"Just another Elfsight Sites site","potentialAction":[{"@type":"SearchAction","target":{"@type":"EntryPoint","urlTemplate":"https:\/\/elfsight.com\/de\/?s={search_term_string}"},"query-input":{"@type":"PropertyValueSpecification","valueRequired":true,"valueName":"search_term_string"}}],"inLanguage":"de"}]}},"meta_box":{"industry":"","seo_heading":"","heading":"","description":"","cta_heading":"","cta_description":"","application":"501","h1":"Webflow Apple App Store Reviews-Widget","h1_caption":"Betten Sie Bewertungen aus Ihrem Apple-Widget-Store-Widget ein, um Glaubw\u00fcrdigkeit aufzubauen und m\u00fchelos mehr Downloads auf Ihrer Webflow-Website zu f\u00f6rdern.","application_category":[],"applications_title":"","applications_request_title":"","applications_request_button_text":"","hero_text":"","hero_video":"","hero_video_schema_markup":"","selling_points_title":"","selling_points_caption":"","selling_points":[],"selling_points_cta_text":"","features_title":"","features":"","ed_cta_examples_text":"","ed_cta_examples_hidden":"","ed_cta_demo_text":"","ed_cta_demo_hidden":"","why_caption":"","why_editor_title":"","why_editor_text":"","why_team_title":"","why_team_text":"","why_service_title":"","why_service_text":"","template_catalog_visible":"","template_catalog_title":"","template_catalog_text":"","template_catalog_categories_visible":"","demo_title":"Erstellen Sie Ihr Apple App Store Reviews-Widget","demo_caption":"Konfigurieren Sie Ihre Apple App Store-Bewertungen und f\u00fcgen Sie sie kostenlos zu Ihrer Webflow-Website hinzu!","default_faq_hidden":"","app_template_category":[],"platform":"250","template_public_id":"","codecanyon_url":"","codecanyon_item_id":"","codecanyon_price":"","pricing_caption":"","pricing_elfsight_apps_hide_column":"","pricing_elfsight_apps_url":"","pricing_codecanyon_price_caption":"","integration_category":[],"integration_request_title":"","integration_request_cta":"","integration_platform":"","integrations":[],"platform_category":[],"video_schema_markup":"","price":"ab 0 $ \/ Monat","trial":"","benefits":[{"text":"Kostenlose Installationshilfe"},{"text":"Professioneller Kundenservice"},{"text":"14-t\u00e4gige R\u00fcckerstattungsgarantie"},{"text":"Lebenslange kostenlose Updates"}],"button_url":"#demo","button_target_blank":"","button_nofollow":"","attributes":[{"name":"Installiert","content":"10,000 - 100,000"},{"name":"Reaktionsfreudig","content":"Ja"},{"name":"Kompatible Browser","content":"Opera, Edge, Firefox, Safari, Chrome"}],"tags":[],"tags_disable_links":"","hide_more_platforms":"","video_object":"","demo_hide_cta":"","demo_hide_cloud_options":"","pricing_title":"","pricing":[{"pricing_icon":"platform","pricing_title":"Elfsight Apps","pricing_title_caption":"Plattformunabh\u00e4ngige Version, die zu jeder Website passt","pricing_price":"ab 0 $ \/ Monat","pricing_price_caption":"Beginnen Sie mit einem kostenlosen Plan","pricing_benefits":[{"text":"Unbegrenzte Anzahl an Websites"},{"text":"Premium-Kundensupport"},{"text":"Kostenlose Installationsunterst\u00fctzung"},{"text":"Vollst\u00e4ndig anpassbar"}],"pricing_button_text":"Zur Website hinzuf\u00fcgen","pricing_button_url":"#demo"}],"related_apps_title":"","related_apps_hidden":"","author":"","image":[],"title":"","job":"","social_networks":[]},"_links":{"self":[{"href":"https:\/\/elfsight.com\/de\/wp-json\/wp\/v2\/pages\/7868","targetHints":{"allow":["GET"]}}],"collection":[{"href":"https:\/\/elfsight.com\/de\/wp-json\/wp\/v2\/pages"}],"about":[{"href":"https:\/\/elfsight.com\/de\/wp-json\/wp\/v2\/types\/page"}],"author":[{"embeddable":true,"href":"https:\/\/elfsight.com\/de\/wp-json\/wp\/v2\/users\/9"}],"replies":[{"embeddable":true,"href":"https:\/\/elfsight.com\/de\/wp-json\/wp\/v2\/comments?post=7868"}],"version-history":[{"count":2,"href":"https:\/\/elfsight.com\/de\/wp-json\/wp\/v2\/pages\/7868\/revisions"}],"predecessor-version":[{"id":21244,"href":"https:\/\/elfsight.com\/de\/wp-json\/wp\/v2\/pages\/7868\/revisions\/21244"}],"up":[{"embeddable":true,"href":"https:\/\/elfsight.com\/de\/wp-json\/wp\/v2\/pages\/1843"}],"wp:attachment":[{"href":"https:\/\/elfsight.com\/de\/wp-json\/wp\/v2\/media?parent=7868"}],"curies":[{"name":"wp","href":"https:\/\/api.w.org\/{rel}","templated":true}]}}