{"id":7866,"date":"2024-05-03T06:28:04","date_gmt":"2024-05-03T06:28:04","guid":{"rendered":"https:\/\/elfsight.com\/de\/?page_id=7866"},"modified":"2025-07-08T09:48:56","modified_gmt":"2025-07-08T09:48:56","slug":"weebly","status":"publish","type":"page","link":"https:\/\/elfsight.com\/de\/apple-app-store-reviews-widget\/weebly\/","title":{"rendered":"Apple App Store Reviews &#8211; Weebly"},"content":{"rendered":"<div class=\"application-platform-content-item-description application-platform-content-item\" id=\"description\" data-nav-section=\"description\"><h2>Beschreibung<\/h2> <p>Elfsight Apple Store Reviews ist ein n\u00fctzliches Widget, mit dem Sie Bewertungen zu Ihren Angeboten direkt auf Ihrer Website anzeigen k\u00f6nnen. Mit dem Elfsight-Widget k\u00f6nnen Sie Filter anwenden, um unerw\u00fcnschte Kommentare zu verschleiern, Ihre Sterne- und Zahlenbewertung offenzulegen, Informationen zu den Erstellern der Bewertungen hinzuzuf\u00fcgen und eine CTA-Schaltfl\u00e4che hinzuzuf\u00fcgen, die Benutzer dazu inspirieren kann, ihre Bewertung zu ver\u00f6ffentlichen. Das Elfsight Apple Reviews-Widget hilft Ihnen dabei, Ihren gro\u00dfartigen Social Proof auf Ihrer Website zu pr\u00e4sentieren und neue K\u00e4ufe anzulocken. <\/p><p><b>Steigern Sie Ihren Umsatz durch Ihre tolle Bewertung und die Dankbarkeit der Besucher<\/b><\/p><\/div> <div class=\"application-platform-content-item-features application-platform-content-item\" id=\"features\" data-nav-section=\"features\"><h2>Funktionen<\/h2> <p>\u00dcberpr\u00fcfen Sie alle Funktionsmerkmale des Produkts. Sie sind direkt im Editor verf\u00fcgbar und helfen Ihnen, das Widget speziell f\u00fcr Ihren Fall zu konfigurieren. <\/p> <ul> <li>Auswahl der Foliengeschwindigkeit und der Autoplay-Geschwindigkeit; <\/li> <li>Eine Option zur Auswahl des Paginierungstyps im Slider-Layout; <\/li> <li>Responsive Breite und H\u00f6he; <\/li> <li>Umschaltbarer Header des Widgets; <\/li> <\/ul> <p><a href=\"#demo\">Probieren Sie alle anderen Funktionen in der Demo aus<\/a><\/p> <\/div> <div class=\"application-platform-content-item-installation application-platform-content-item\" id=\"installation\" data-nav-section=\"installation\"><h2> Wie bette ich Apple Store-Bewertungen auf Weebly ein? <\/h2> <p>Um das Widget zu aktivieren, f\u00fchren Sie einfach mehrere schnelle Schritte aus. <\/p> <ol><li><b>\u00d6ffnen Sie unseren kostenlosen Konfigurator und beginnen Sie mit der Gestaltung Ihrer individuellen App. <\/b><br> Geben Sie die passende Benutzeroberfl\u00e4che und Funktionen der App an und \u00fcbernehmen Sie alle \u00c4nderungen. <\/li> <li><b>Kopieren Sie den eindeutigen Code, der im Fenster von Elfsight Apps angezeigt wird. <\/b><br> Sobald die Einrichtung Ihrer App abgeschlossen ist, kopieren Sie den individuellen Code im erscheinenden Fenster und speichern Sie ihn zur weiteren Verwendung. <\/li> <li><b>Beginn der Nutzung der App auf der Weebly-Website. <\/b><br> Betten Sie den zuvor gespeicherten Code in Ihre Webseite ein und speichern Sie die \u00c4nderungen. <\/li> <li><b>Fertig! Die Einbettung ist vollst\u00e4ndig beendet. <\/b><br> \u00d6ffnen Sie Ihre Website, um die Arbeit der App in Aktion zu sehen. <\/li><\/ol><p>Z\u00f6gern Sie nicht, sich an unseren Kundenservice zu wenden, wenn Sie Rat ben\u00f6tigen oder Probleme haben. Unsere Spezialisten stehen Ihnen bei jeder Anfrage gerne zur Verf\u00fcgung. <\/p> <\/div>","protected":false},"excerpt":{"rendered":"","protected":false},"author":9,"featured_media":0,"parent":1843,"menu_order":0,"comment_status":"closed","ping_status":"closed","template":"templates\/template-application-platform.php","meta":{"publish_to_discourse":"","publish_post_category":"","wpdc_auto_publish_overridden":"","wpdc_topic_tags":"","wpdc_pin_topic":"","wpdc_pin_until":"","discourse_post_id":"","discourse_permalink":"","wpdc_publishing_response":"","wpdc_publishing_error":"","footnotes":""},"class_list":["post-7866","page","type-page","status-publish","hentry"],"yoast_head":"<!-- This site is optimized with the Yoast SEO plugin v25.3.1 - https:\/\/yoast.com\/wordpress\/plugins\/seo\/ -->\n<title>Betten Sie Apple-Bewertungen auf Ihrer Weebly-Website ein (einfach und schnell)<\/title>\n<meta name=\"description\" content=\"Es ist ein unkomplizierter Prozess, Ihr eigenes Apple Reviews-Widget zu erstellen und es auf Ihrer Weebly-Website zu ver\u00f6ffentlichen. Der Kundendienst von Elfsight ist kostenlos.\" \/>\n<meta name=\"robots\" content=\"index, follow, max-snippet:-1, max-image-preview:large, max-video-preview:-1\" \/>\n<link rel=\"canonical\" href=\"https:\/\/elfsight.com\/de\/apple-app-store-reviews-widget\/weebly\/\" \/>\n<meta property=\"og:locale\" content=\"de_DE\" \/>\n<meta property=\"og:type\" content=\"article\" \/>\n<meta property=\"og:title\" content=\"Betten Sie Apple-Bewertungen auf Ihrer Weebly-Website ein (einfach und schnell)\" \/>\n<meta property=\"og:description\" content=\"Es ist ein unkomplizierter Prozess, Ihr eigenes Apple Reviews-Widget zu erstellen und es auf Ihrer Weebly-Website zu ver\u00f6ffentlichen. Der Kundendienst von Elfsight ist kostenlos.\" \/>\n<meta property=\"og:url\" content=\"https:\/\/elfsight.com\/de\/apple-app-store-reviews-widget\/weebly\/\" \/>\n<meta property=\"og:site_name\" content=\"Elfsight DE\" \/>\n<meta property=\"article:modified_time\" content=\"2025-07-08T09:48:56+00:00\" \/>\n<meta name=\"twitter:card\" content=\"summary_large_image\" \/>\n<meta name=\"twitter:label1\" content=\"Gesch\u00e4tzte Lesezeit\" \/>\n\t<meta name=\"twitter:data1\" content=\"2\u00a0Minuten\" \/>\n<!-- \/ Yoast SEO plugin. -->","yoast_head_json":{"title":"Betten Sie Apple-Bewertungen auf Ihrer Weebly-Website ein (einfach und schnell)","description":"Es ist ein unkomplizierter Prozess, Ihr eigenes Apple Reviews-Widget zu erstellen und es auf Ihrer Weebly-Website zu ver\u00f6ffentlichen. Der Kundendienst von Elfsight ist kostenlos.","robots":{"index":"index","follow":"follow","max-snippet":"max-snippet:-1","max-image-preview":"max-image-preview:large","max-video-preview":"max-video-preview:-1"},"canonical":"https:\/\/elfsight.com\/de\/apple-app-store-reviews-widget\/weebly\/","og_locale":"de_DE","og_type":"article","og_title":"Betten Sie Apple-Bewertungen auf Ihrer Weebly-Website ein (einfach und schnell)","og_description":"Es ist ein unkomplizierter Prozess, Ihr eigenes Apple Reviews-Widget zu erstellen und es auf Ihrer Weebly-Website zu ver\u00f6ffentlichen. Der Kundendienst von Elfsight ist kostenlos.","og_url":"https:\/\/elfsight.com\/de\/apple-app-store-reviews-widget\/weebly\/","og_site_name":"Elfsight DE","article_modified_time":"2025-07-08T09:48:56+00:00","twitter_card":"summary_large_image","twitter_misc":{"Gesch\u00e4tzte Lesezeit":"2\u00a0Minuten"},"schema":{"@context":"https:\/\/schema.org","@graph":[{"@type":"WebPage","@id":"https:\/\/elfsight.com\/de\/apple-app-store-reviews-widget\/weebly\/","url":"https:\/\/elfsight.com\/de\/apple-app-store-reviews-widget\/weebly\/","name":"Betten Sie Apple-Bewertungen auf Ihrer Weebly-Website ein (einfach und schnell)","isPartOf":{"@id":"https:\/\/elfsight.com\/de\/#website"},"datePublished":"2024-05-03T06:28:04+00:00","dateModified":"2025-07-08T09:48:56+00:00","description":"Es ist ein unkomplizierter Prozess, Ihr eigenes Apple Reviews-Widget zu erstellen und es auf Ihrer Weebly-Website zu ver\u00f6ffentlichen. Der Kundendienst von Elfsight ist kostenlos.","breadcrumb":{"@id":"https:\/\/elfsight.com\/de\/apple-app-store-reviews-widget\/weebly\/#breadcrumb"},"inLanguage":"de","potentialAction":[{"@type":"ReadAction","target":["https:\/\/elfsight.com\/de\/apple-app-store-reviews-widget\/weebly\/"]}]},{"@type":"BreadcrumbList","@id":"https:\/\/elfsight.com\/de\/apple-app-store-reviews-widget\/weebly\/#breadcrumb","itemListElement":[{"@type":"ListItem","position":1,"name":"Home","item":"https:\/\/elfsight.com\/de\/"},{"@type":"ListItem","position":2,"name":"Apple App Store Reviews","item":"https:\/\/elfsight.com\/de\/apple-app-store-reviews-widget\/"},{"@type":"ListItem","position":3,"name":"Apple App Store Reviews &#8211; Weebly"}]},{"@type":"WebSite","@id":"https:\/\/elfsight.com\/de\/#website","url":"https:\/\/elfsight.com\/de\/","name":"Elfsight DE","description":"Just another Elfsight Sites site","potentialAction":[{"@type":"SearchAction","target":{"@type":"EntryPoint","urlTemplate":"https:\/\/elfsight.com\/de\/?s={search_term_string}"},"query-input":{"@type":"PropertyValueSpecification","valueRequired":true,"valueName":"search_term_string"}}],"inLanguage":"de"}]}},"meta_box":{"industry":"","seo_heading":"","heading":"","description":"","cta_heading":"","cta_description":"","application":"501","h1":"Weebly Apple App Store Reviews App","h1_caption":"Betten Sie Bewertungen aus Ihrer Apple App Store-App ein, um Glaubw\u00fcrdigkeit aufzubauen und m\u00fchelos mehr Downloads auf Ihrer Weebly-Website zu f\u00f6rdern.","application_category":[],"applications_title":"","applications_request_title":"","applications_request_button_text":"","hero_text":"","hero_video":"","hero_video_schema_markup":"","selling_points_title":"","selling_points_caption":"","selling_points":[],"selling_points_cta_text":"","features_title":"","features":"","ed_cta_examples_text":"","ed_cta_examples_hidden":"","ed_cta_demo_text":"","ed_cta_demo_hidden":"","why_caption":"","why_editor_title":"","why_editor_text":"","why_team_title":"","why_team_text":"","why_service_title":"","why_service_text":"","template_catalog_visible":"","template_catalog_title":"","template_catalog_text":"","template_catalog_categories_visible":"","demo_title":"Erstellen Sie Ihre Apple App Store Reviews-App","demo_caption":"Konfigurieren Sie Ihre Apple App Store-Bewertungen und f\u00fcgen Sie sie kostenlos zu Ihrer Weebly-Website hinzu!","default_faq_hidden":"","app_template_category":[],"platform":"249","template_public_id":"","codecanyon_url":"","codecanyon_item_id":"","codecanyon_price":"","pricing_caption":"","pricing_elfsight_apps_hide_column":"","pricing_elfsight_apps_url":"","pricing_codecanyon_price_caption":"","integration_category":[],"integration_request_title":"","integration_request_cta":"","integration_platform":"","integrations":[],"platform_category":[],"video_schema_markup":"","price":"ab 0 $ \/ Monat","trial":"","benefits":[{"text":"Kostenloser Installationsservice"},{"text":"Premium-Support"},{"text":"14-t\u00e4gige Geld-zur\u00fcck-Garantie"},{"text":"Regelm\u00e4\u00dfige Verbesserungen"}],"button_url":"#demo","button_target_blank":"","button_nofollow":"","attributes":[{"name":"Installiert","content":"10,000 - 100,000"},{"name":"Reaktionsfreudig","content":"Ja"},{"name":"Kompatible Browser","content":"Firefox, Safari, Opera, Chrome, Edge"}],"tags":[],"tags_disable_links":"","hide_more_platforms":"","video_object":"","demo_hide_cta":"","demo_hide_cloud_options":"","pricing_title":"","pricing":[{"pricing_icon":"platform","pricing_title":"Elfsight Apps","pricing_title_caption":"Plattform\u00fcbergreifende L\u00f6sung","pricing_price":"ab 0 $ \/ Monat","pricing_price_caption":"Beginnen Sie mit einem kostenlosen Plan","pricing_benefits":[{"text":"Unbegrenzte Websites"},{"text":"Erstklassiger und p\u00fcnktlicher Support"},{"text":"Kostenlose Installationsunterst\u00fctzung"},{"text":"Vollst\u00e4ndig anpassbar"}],"pricing_button_text":"Zur Website hinzuf\u00fcgen","pricing_button_url":"#demo"}],"related_apps_title":"","related_apps_hidden":"","author":"","image":[],"title":"","job":"","social_networks":[]},"_links":{"self":[{"href":"https:\/\/elfsight.com\/de\/wp-json\/wp\/v2\/pages\/7866","targetHints":{"allow":["GET"]}}],"collection":[{"href":"https:\/\/elfsight.com\/de\/wp-json\/wp\/v2\/pages"}],"about":[{"href":"https:\/\/elfsight.com\/de\/wp-json\/wp\/v2\/types\/page"}],"author":[{"embeddable":true,"href":"https:\/\/elfsight.com\/de\/wp-json\/wp\/v2\/users\/9"}],"replies":[{"embeddable":true,"href":"https:\/\/elfsight.com\/de\/wp-json\/wp\/v2\/comments?post=7866"}],"version-history":[{"count":1,"href":"https:\/\/elfsight.com\/de\/wp-json\/wp\/v2\/pages\/7866\/revisions"}],"predecessor-version":[{"id":7870,"href":"https:\/\/elfsight.com\/de\/wp-json\/wp\/v2\/pages\/7866\/revisions\/7870"}],"up":[{"embeddable":true,"href":"https:\/\/elfsight.com\/de\/wp-json\/wp\/v2\/pages\/1843"}],"wp:attachment":[{"href":"https:\/\/elfsight.com\/de\/wp-json\/wp\/v2\/media?parent=7866"}],"curies":[{"name":"wp","href":"https:\/\/api.w.org\/{rel}","templated":true}]}}