{"id":7852,"date":"2024-05-03T06:27:58","date_gmt":"2024-05-03T06:27:58","guid":{"rendered":"https:\/\/elfsight.com\/de\/?page_id=7852"},"modified":"2025-02-17T12:02:23","modified_gmt":"2025-02-17T12:02:23","slug":"google-sites","status":"publish","type":"page","link":"https:\/\/elfsight.com\/de\/apple-app-store-reviews-widget\/google-sites\/","title":{"rendered":"Apple App Store Reviews &#8211; Google Sites"},"content":{"rendered":"\n<div class=\"application-platform-content-item-description application-platform-content-item\" id=\"description\" data-nav-section=\"description\"> <h2>Einbetten von Apple App Store Reviews auf Google Sites mit dem Elfsight-Widget<\/h2> <p>Elfsight Apple App Store Reviews ist ein n\u00fctzliches Tool f\u00fcr Mit Google Sites k\u00f6nnen Sie die Bewertungen Ihrer Produkte direkt auf Ihrer Website anzeigen. Mit unserem Widget k\u00f6nnen Sie Filter verwenden, um unerw\u00fcnschte Kommentare auszublenden, Ihre Sterne- und Nummernbewertung aus dem App Store anzuzeigen, Informationen \u00fcber die Autoren der Rezensionen anzuzeigen und einen CTA hinzuzuf\u00fcgen, der Benutzer dazu inspiriert, ihren Kommentar zu posten. App Store-Bewertungen helfen Ihnen dabei, Ihren hohen Social Proof auf der Website zu pr\u00e4sentieren und neue Verk\u00e4ufe anzulocken. <\/p> <p><b>Erweitern Sie die Reichweite Ihrer Apple App Store-Kommentare und ver\u00f6ffentlichen Sie sie auf Ihrer Website.<\/b><\/p> <\/div> <div class=\"application-platform-content-item-features application-platform-content-item\" id=\"features\" data-nav-section=\"features\"> <h2>Main Funktionen des Apple App Store Reviews-Widget<\/h2> <p>\u00dcberpr\u00fcfen Sie alle Funktionen des Produkts. Sie sind direkt im Editor verf\u00fcgbar und helfen Ihnen, das Widget richtig f\u00fcr Ihren Anwendungsfall zu erstellen. <\/p> <ul> <li>Auswahl der Foliengeschwindigkeit und der Autoplay-Geschwindigkeit; <\/li> <li>Auswahl des Paginierungstyps im Slider-Layout; <\/li> <li>Responsive Breite und H\u00f6he; <\/li> <li>Umschaltbarer Header des Widgets; <\/li> <\/ul> <p><a href=\"#demo\">\u00dcberpr\u00fcfen Sie in unserer Demo, wie alle Funktionen funktionieren<\/a><\/p> <\/div> <div class=\"application-platform-content-item-installation application-platform-content-item\" id=\"installation\" data-nav-section=\"installation\"> <h2>Wie kann ich den Apple App Store mit Google Sites integrieren? <\/h2> <p>Um ein Widget einzuf\u00fcgen, befolgen Sie einfach die folgenden Richtlinien. <\/p> <ul> <li><b>Erstellen Sie Ihr individuelles Apple App Store Reviews-Plugin<\/b><br> Erstellen Sie mit unserer kostenlosen Demo ein Plugin mit einer ausgew\u00e4hlten Zusammensetzung und Funktionen. <\/li> <li><b>Erwerben Sie den individuellen Code, um das Plugin anzuzeigen<\/b><br> Nachdem Sie Ihr Widget generiert haben, erhalten Sie den Installationscode \u00fcber die Popup-Benachrichtigung auf Elfsight Apps. Kopieren Sie diesen Code zur sp\u00e4teren Verwendung. <\/li> <li><b>F\u00fcgen Sie das Plugin auf Ihrer Google-Website hinzu<\/b><br> Suchen Sie den Bereich, in den Sie das Plugin einbetten m\u00f6chten, und f\u00fcgen Sie dort den gespeicherten Code hinzu. Speichern Sie die Ergebnisse. <\/li> <li><b>Sie haben die Installation vollst\u00e4ndig abgeschlossen<\/b><br> Gehen Sie zur Website, um Ihr Plugin anzuzeigen. <\/li> <\/ul> <div class=\"tip-yellow tip\"><b>Aufgrund der Besonderheiten der Google Sites-Funktion sieht das Widget m\u00f6glicherweise anders aus als die Online-Demo. Wir entschuldigen uns f\u00fcr etwaige Unannehmlichkeiten.<\/b><\/div><p>Z\u00f6gern Sie nicht, sich an den Kundendienst zu wenden, wenn Sie Hilfe ben\u00f6tigen oder Fragen haben. Wir helfen Ihnen gerne bei jeder Anfrage weiter. <\/p> <div class=\"faq\" data-component=\"FAQ\"><div class=\"faq-item\">\r\n\t\t\t\t\t<div class=\"faq-item-question\">\r\n\t\t\t\t\t\t<h3 class=\"faq-item-question-text\">Wie kann ich das Apple App Store Reviews Plugin ohne Programmierkenntnisse in meine Google Sites integrieren?<\/h3>\r\n\r\n\t\t\t\t\t\t<div class=\"faq-item-question-icon\"><\/div>\r\n\t\t\t\t\t<\/div>\r\n\r\n\t\t\t\t\t<div class=\"faq-item-answer\">\r\n\t\t\t\t\t\t<div class=\"faq-item-answer-text\"><p>Elfsight bietet eine benutzerfreundliche, cloudbasierte L\u00f6sung, mit der Sie ganz einfach ein Apple App Store Reviews Plugin erstellen k\u00f6nnen. So funktioniert der Prozess:<\/p>\n<ol><\/li><li>\u00d6ffnen Sie den Online-Editor und erstellen Sie den gew\u00fcnschten Abschnitt f\u00fcr das Apple App Store Reviews Plugin, den Sie auf Ihrer Google Sites einbinden m\u00f6chten.<\/li><li>W\u00e4hlen Sie aus unseren vorgefertigten Vorlagen und passen Sie die Plugin-Einstellungen nach Ihren Vorstellungen an. \u00c4ndern Sie das Design, die Farben und f\u00fcgen Sie Ihre Inhalte hinzu \u2013 ganz ohne Programmierung.<\/li><li>Speichern Sie die \u00c4nderungen und kopieren Sie den eingebetteten Code, der sich m\u00fchelos und kostenlos in Ihre Google Sites einf\u00fcgen l\u00e4sst.<\/li><\/ol><p>Mit dem intuitiven Editor k\u00f6nnen Sie jederzeit einsteigen und schnell ein Apple App Store Reviews Plugin erstellen und in Ihre Google Sites integrieren. Der Zugriff auf den Elfsight-Editor ist kostenfrei und erfordert keine Angabe von Zahlungs- oder Kreditkarteninformationen. Falls Sie Unterst\u00fctzung ben\u00f6tigen, steht Ihnen unser Kundensupport jederzeit zur Verf\u00fcgung.<\/p><\/div>\r\n\t\t\t\t\t<\/div>\r\n\t\t\t\t<\/div><\/div><\/div>\n","protected":false},"excerpt":{"rendered":"","protected":false},"author":9,"featured_media":0,"parent":1843,"menu_order":0,"comment_status":"closed","ping_status":"closed","template":"templates\/template-application-platform.php","meta":{"publish_to_discourse":"","publish_post_category":"","wpdc_auto_publish_overridden":"","wpdc_topic_tags":"","wpdc_pin_topic":"","wpdc_pin_until":"","discourse_post_id":"","discourse_permalink":"","wpdc_publishing_response":"","wpdc_publishing_error":"","footnotes":""},"class_list":["post-7852","page","type-page","status-publish","hentry"],"yoast_head":"<!-- This site is optimized with the Yoast SEO plugin v25.3.1 - https:\/\/yoast.com\/wordpress\/plugins\/seo\/ -->\n<title>Apple App Store-Bewertungen \u2013 Widget \u201eApple-Bewertungen\u201c zu Google Sites hinzuf\u00fcgen (2025)<\/title>\n<meta name=\"description\" content=\"Implementieren Sie ein responsives Apple App Store Reviews-Plugin auf Ihrer Google Sites-Website und erreichen Sie volles Vertrauen. Nutzen Sie die benutzerfreundliche Demo von Elfsight, um Ihr Tool zu erstellen.\" \/>\n<meta name=\"robots\" content=\"index, follow, max-snippet:-1, max-image-preview:large, max-video-preview:-1\" \/>\n<link rel=\"canonical\" href=\"https:\/\/elfsight.com\/de\/apple-app-store-reviews-widget\/google-sites\/\" \/>\n<meta property=\"og:locale\" content=\"de_DE\" \/>\n<meta property=\"og:type\" content=\"article\" \/>\n<meta property=\"og:title\" content=\"Apple App Store-Bewertungen \u2013 Widget \u201eApple-Bewertungen\u201c zu Google Sites hinzuf\u00fcgen (2025)\" \/>\n<meta property=\"og:description\" content=\"Implementieren Sie ein responsives Apple App Store Reviews-Plugin auf Ihrer Google Sites-Website und erreichen Sie volles Vertrauen. Nutzen Sie die benutzerfreundliche Demo von Elfsight, um Ihr Tool zu erstellen.\" \/>\n<meta property=\"og:url\" content=\"https:\/\/elfsight.com\/de\/apple-app-store-reviews-widget\/google-sites\/\" \/>\n<meta property=\"og:site_name\" content=\"Elfsight DE\" \/>\n<meta property=\"article:modified_time\" content=\"2025-02-17T12:02:23+00:00\" \/>\n<meta name=\"twitter:card\" content=\"summary_large_image\" \/>\n<meta name=\"twitter:label1\" content=\"Gesch\u00e4tzte Lesezeit\" \/>\n\t<meta name=\"twitter:data1\" content=\"3\u00a0Minuten\" \/>\n<!-- \/ Yoast SEO plugin. -->","yoast_head_json":{"title":"Apple App Store-Bewertungen \u2013 Widget \u201eApple-Bewertungen\u201c zu Google Sites hinzuf\u00fcgen (2025)","description":"Implementieren Sie ein responsives Apple App Store Reviews-Plugin auf Ihrer Google Sites-Website und erreichen Sie volles Vertrauen. Nutzen Sie die benutzerfreundliche Demo von Elfsight, um Ihr Tool zu erstellen.","robots":{"index":"index","follow":"follow","max-snippet":"max-snippet:-1","max-image-preview":"max-image-preview:large","max-video-preview":"max-video-preview:-1"},"canonical":"https:\/\/elfsight.com\/de\/apple-app-store-reviews-widget\/google-sites\/","og_locale":"de_DE","og_type":"article","og_title":"Apple App Store-Bewertungen \u2013 Widget \u201eApple-Bewertungen\u201c zu Google Sites hinzuf\u00fcgen (2025)","og_description":"Implementieren Sie ein responsives Apple App Store Reviews-Plugin auf Ihrer Google Sites-Website und erreichen Sie volles Vertrauen. Nutzen Sie die benutzerfreundliche Demo von Elfsight, um Ihr Tool zu erstellen.","og_url":"https:\/\/elfsight.com\/de\/apple-app-store-reviews-widget\/google-sites\/","og_site_name":"Elfsight DE","article_modified_time":"2025-02-17T12:02:23+00:00","twitter_card":"summary_large_image","twitter_misc":{"Gesch\u00e4tzte Lesezeit":"3\u00a0Minuten"},"schema":{"@context":"https:\/\/schema.org","@graph":[{"@type":"WebPage","@id":"https:\/\/elfsight.com\/de\/apple-app-store-reviews-widget\/google-sites\/","url":"https:\/\/elfsight.com\/de\/apple-app-store-reviews-widget\/google-sites\/","name":"Apple App Store-Bewertungen \u2013 Widget \u201eApple-Bewertungen\u201c zu Google Sites hinzuf\u00fcgen (2025)","isPartOf":{"@id":"https:\/\/elfsight.com\/de\/#website"},"datePublished":"2024-05-03T06:27:58+00:00","dateModified":"2025-02-17T12:02:23+00:00","description":"Implementieren Sie ein responsives Apple App Store Reviews-Plugin auf Ihrer Google Sites-Website und erreichen Sie volles Vertrauen. Nutzen Sie die benutzerfreundliche Demo von Elfsight, um Ihr Tool zu erstellen.","breadcrumb":{"@id":"https:\/\/elfsight.com\/de\/apple-app-store-reviews-widget\/google-sites\/#breadcrumb"},"inLanguage":"de","potentialAction":[{"@type":"ReadAction","target":["https:\/\/elfsight.com\/de\/apple-app-store-reviews-widget\/google-sites\/"]}]},{"@type":"BreadcrumbList","@id":"https:\/\/elfsight.com\/de\/apple-app-store-reviews-widget\/google-sites\/#breadcrumb","itemListElement":[{"@type":"ListItem","position":1,"name":"Home","item":"https:\/\/elfsight.com\/de\/"},{"@type":"ListItem","position":2,"name":"Apple App Store Reviews","item":"https:\/\/elfsight.com\/de\/apple-app-store-reviews-widget\/"},{"@type":"ListItem","position":3,"name":"Apple App Store Reviews &#8211; Google Sites"}]},{"@type":"WebSite","@id":"https:\/\/elfsight.com\/de\/#website","url":"https:\/\/elfsight.com\/de\/","name":"Elfsight DE","description":"Just another Elfsight Sites site","potentialAction":[{"@type":"SearchAction","target":{"@type":"EntryPoint","urlTemplate":"https:\/\/elfsight.com\/de\/?s={search_term_string}"},"query-input":{"@type":"PropertyValueSpecification","valueRequired":true,"valueName":"search_term_string"}}],"inLanguage":"de"}]}},"meta_box":{"industry":"","seo_heading":"","heading":"","description":"","cta_heading":"","cta_description":"","application":"501","h1":"Google Sites App Store Reviews-Widget","h1_caption":"Betten Sie Bewertungen aus Ihrem Apple-Widget-Store-Widget ein, um Glaubw\u00fcrdigkeit aufzubauen und m\u00fchelos mehr Downloads auf Ihren Google Sites zu f\u00f6rdern.","application_category":[],"applications_title":"","applications_request_title":"","applications_request_button_text":"","hero_text":"","hero_video":"","hero_video_schema_markup":"","selling_points_title":"","selling_points_caption":"","selling_points":[],"selling_points_cta_text":"","features_title":"","features":"","ed_cta_examples_text":"","ed_cta_examples_hidden":"","ed_cta_demo_text":"","ed_cta_demo_hidden":"","why_caption":"","why_editor_title":"","why_editor_text":"","why_team_title":"","why_team_text":"","why_service_title":"","why_service_text":"","template_catalog_visible":"0","template_catalog_title":"","template_catalog_text":"","template_catalog_categories_visible":"","demo_title":"Erstellen Sie Ihr Apple App Store Reviews-Widget","demo_caption":"Konfigurieren Sie Ihre Apple App Store-Bewertungen und f\u00fcgen Sie sie kostenlos zu Ihrer Google Sites-Website hinzu!","default_faq_hidden":"","app_template_category":[],"platform":"3000","template_public_id":"","codecanyon_url":"","codecanyon_item_id":"","codecanyon_price":"","pricing_caption":"","pricing_elfsight_apps_hide_column":"","pricing_elfsight_apps_url":"","pricing_codecanyon_price_caption":"","integration_category":[],"integration_request_title":"","integration_request_cta":"","integration_platform":"","integrations":[],"platform_category":[],"video_schema_markup":"","price":"ab 0 $ \/ Monat","trial":"","benefits":[{"text":"Kostenlose Installationsunterst\u00fctzung"},{"text":"Effektiver Kundenservice"},{"text":"14-t\u00e4gige R\u00fcckerstattungsgarantie"},{"text":"Lebenslange kostenlose Verbesserungen"}],"button_url":"#demo","button_target_blank":"0","button_nofollow":"0","attributes":[{"name":"Installiert","content":"10,000 - 100,000"},{"name":"Empf\u00e4nglichkeit","content":"Mobilfreundlich"},{"name":"Kompatible Browser","content":"Firefox, Safari, Opera, Chrome, Edge"}],"tags":[],"tags_disable_links":"0","hide_more_platforms":"0","video_object":"","demo_hide_cta":"0","demo_hide_cloud_options":"0","pricing_title":"","pricing":[{"pricing_icon":"platform","pricing_title":"Elfsight Apps","pricing_title_caption":"Plattformunabh\u00e4ngige digitale L\u00f6sung","pricing_price":"ab 0 $ \/ Monat","pricing_price_caption":"Beginnen Sie mit einem kostenlosen Plan","pricing_benefits":[{"text":"Unbegrenzte Domains"},{"text":"Professioneller Kundensupport"},{"text":"Kostenloser Installationssupport"},{"text":"Sonderpreis f\u00fcr mehrere Apps"}],"pricing_button_text":"Zur Website hinzuf\u00fcgen","pricing_button_url":"#demo"}],"related_apps_title":"","related_apps_hidden":"0","author":"","image":[],"title":"","job":"","social_networks":[]},"_links":{"self":[{"href":"https:\/\/elfsight.com\/de\/wp-json\/wp\/v2\/pages\/7852","targetHints":{"allow":["GET"]}}],"collection":[{"href":"https:\/\/elfsight.com\/de\/wp-json\/wp\/v2\/pages"}],"about":[{"href":"https:\/\/elfsight.com\/de\/wp-json\/wp\/v2\/types\/page"}],"author":[{"embeddable":true,"href":"https:\/\/elfsight.com\/de\/wp-json\/wp\/v2\/users\/9"}],"replies":[{"embeddable":true,"href":"https:\/\/elfsight.com\/de\/wp-json\/wp\/v2\/comments?post=7852"}],"version-history":[{"count":3,"href":"https:\/\/elfsight.com\/de\/wp-json\/wp\/v2\/pages\/7852\/revisions"}],"predecessor-version":[{"id":24257,"href":"https:\/\/elfsight.com\/de\/wp-json\/wp\/v2\/pages\/7852\/revisions\/24257"}],"up":[{"embeddable":true,"href":"https:\/\/elfsight.com\/de\/wp-json\/wp\/v2\/pages\/1843"}],"wp:attachment":[{"href":"https:\/\/elfsight.com\/de\/wp-json\/wp\/v2\/media?parent=7852"}],"curies":[{"name":"wp","href":"https:\/\/api.w.org\/{rel}","templated":true}]}}