{"id":7851,"date":"2024-05-03T06:27:57","date_gmt":"2024-05-03T06:27:57","guid":{"rendered":"https:\/\/elfsight.com\/de\/?page_id=7851"},"modified":"2025-07-08T09:46:55","modified_gmt":"2025-07-08T09:46:55","slug":"godaddy","status":"publish","type":"page","link":"https:\/\/elfsight.com\/de\/apple-app-store-reviews-widget\/godaddy\/","title":{"rendered":"Apple App Store Reviews  &#8211; GoDaddy"},"content":{"rendered":"<div class=\"application-platform-content-item-description application-platform-content-item\" id=\"description\" data-nav-section=\"description\"> <h2>Einbetten von Apple App Store Reviews auf GoDaddy mit dem Elfsight-Widget<\/h2> <p>Elfsight Apple App Store Reviews ist ein n\u00fctzliches Tool, mit dem Sie um die Bewertungen zu Ihren Produkten direkt auf Ihrer Website anzuzeigen. Mit unserem Plugin k\u00f6nnen Sie Filter zum Ausblenden unerw\u00fcnschter Kommentare verwenden, Ihre Stern- und Nummernbewertung von GoDaddy anzeigen, Informationen \u00fcber die Autoren der Bewertungen anzeigen und einen CTA hinzuf\u00fcgen, der Benutzer dazu inspiriert, ihren Kommentar auf GoDaddy zu ver\u00f6ffentlichen. Elfsight Apple App Store-Bewertungen Bewertungen helfen Ihnen dabei, Ihren hohen Social Proof auf der Website zu pr\u00e4sentieren und neue Verk\u00e4ufe anzulocken. <\/p> <p><b>Erweitern Sie die Reichweite Ihrer Apple App Store-Kommentare und ver\u00f6ffentlichen Sie sie auf Ihrer Website. <\/b><\/p> <\/div> <div class=\"application-platform-content-item-features application-platform-content-item\" id=\"features\" data-nav-section=\"features\"> <h2>Hauptfunktionen des Apple App Store Reviews-Widget<\/h2> <p>\u00dcberpr\u00fcfen Sie alle Funktionen des Produkts. Sie sind direkt im Editor verf\u00fcgbar und helfen Ihnen, das Plugin genau f\u00fcr Ihren Anwendungsfall zu erstellen. <\/p> <ul> <li>Auswahl der Foliengeschwindigkeit und der Autoplay-Geschwindigkeit; <\/li> <li>Auswahl des Paginierungstyps im Slider-Layout; <\/li> <li>Responsive Breite und H\u00f6he; <\/li> <li>Umschaltbarer Header des Plugins; <\/li> <\/ul> <p><a href=\"#demo\">\u00dcberpr\u00fcfen Sie in unserer Demo, wie alle Funktionen funktionieren<\/a><\/p> <\/div> <div class=\"application-platform-content-item-installation application-platform-content-item\" id=\"installation\" data-nav-section=\"installation\"> <h2>Wie kann ich Apple App Store Reviews in GoDaddy integrieren? <\/h2> <p>Um das Plugin einzuf\u00fcgen, befolgen Sie einfach die folgenden Richtlinien. <\/p> <ul> <li><b>Erstellen Sie Ihr individuelles Produkt-Plugin<\/b><br> Erstellen Sie mit unserer kostenlosen Demo ein Plugin mit einer ausgew\u00e4hlten Zusammensetzung und Funktionen. <\/li> <li><b>Erwerben Sie den individuellen Code, um das Plugin anzuzeigen<\/b><br> Nachdem Sie Ihr Plugin generiert haben, erhalten Sie den Installationscode \u00fcber die Popup-Benachrichtigung auf Elfsight Apps. Kopieren Sie diesen Code zur sp\u00e4teren Verwendung. <\/li> <li><b>F\u00fcgen Sie das Plugin auf Ihrer GoDaddy-Site hinzu<\/b><br> Suchen Sie den Bereich, in den Sie das Plugin einbetten m\u00f6chten, und f\u00fcgen Sie dort den gespeicherten Code hinzu. Speichern Sie die Ergebnisse. <\/li> <li><b>Sie haben die Installation vollst\u00e4ndig abgeschlossen<\/b><br> Gehen Sie zur Website, um Ihr Plugin anzuzeigen. <\/li> <\/ul> <p>Z\u00f6gern Sie nicht, sich an den Kundendienst zu wenden, wenn Sie Hilfe ben\u00f6tigen oder Fragen haben. Wir helfen Ihnen gerne bei jeder Anfrage weiter. <\/p> <div class=\"faq\" data-component=\"FAQ\"><div class=\"faq-item\">\r\n\t\t\t\t\t<div class=\"faq-item-question\">\r\n\t\t\t\t\t\t<h3 class=\"faq-item-question-text\">Wie kann ich das GoDaddy App Store Reviews-Plugin ohne Programmierkenntnisse in meine Website einbetten?<\/h3>\r\n\r\n\t\t\t\t\t\t<div class=\"faq-item-question-icon\"><\/div>\r\n\t\t\t\t\t<\/div>\r\n\r\n\t\t\t\t\t<div class=\"faq-item-answer\">\r\n\t\t\t\t\t\t<div class=\"faq-item-answer-text\"><p>Elfsight bietet eine cloudbasierte L\u00f6sung, die es Benutzern erm\u00f6glicht, GoDaddy App Store Reviews zu erstellen Plugin alleine. Sehen Sie, wie unkompliziert der Prozess ist:<\/p><ul><li>Greifen Sie auf den Online-Editor zu, um einen Plug-in-Bereich f\u00fcr GoDaddy App Store Reviews zu erstellen, den Sie in Ihre Website integrieren m\u00f6chten.<\/li><li>W\u00e4hlen Sie einen davon aus Nutzen Sie unsere vorgefertigten Vorlagen und konfigurieren Sie die Einstellungen des GoDaddy App Store Reviews-Plugins, \u00e4ndern Sie das Layout und das Farbschema und f\u00fcgen Sie Ihre Inhalte ein, ohne dass eine Codierung erforderlich ist.<\/li><li>Behalten Sie die Einstellungen bei, die Sie f\u00fcr den GoDaddy App Store angepasst haben \u00dcberpr\u00fcfen Sie das Plugin und erwerben Sie den Code zum Einbetten, der m\u00fchelos und kostenlos in Ihre Website eingef\u00fcgt werden kann.<\/li><\/ul><p>Durch die Arbeit im benutzerfreundlichen Editor kann jeder Internetnutzer einen GoDaddy App Store erstellen \u00dcberpr\u00fcfen Sie den Plugin-Bereich und betten Sie ihn in die Website ein. F\u00fcr den Zugriff auf den Elfsight-Editor ist keine Zahlung oder Offenlegung Ihrer Karteninformationen erforderlich. Sollten Sie zu irgendeinem Zeitpunkt auf Schwierigkeiten sto\u00dfen, wenden Sie sich bitte an unseren Kundensupport.<\/p><\/div>\r\n\t\t\t\t\t<\/div>\r\n\t\t\t\t<\/div><\/div><\/div>","protected":false},"excerpt":{"rendered":"","protected":false},"author":9,"featured_media":0,"parent":1843,"menu_order":0,"comment_status":"closed","ping_status":"closed","template":"templates\/template-application-platform.php","meta":{"publish_to_discourse":"","publish_post_category":"","wpdc_auto_publish_overridden":"","wpdc_topic_tags":"","wpdc_pin_topic":"","wpdc_pin_until":"","discourse_post_id":"","discourse_permalink":"","wpdc_publishing_response":"","wpdc_publishing_error":"","footnotes":""},"class_list":["post-7851","page","type-page","status-publish","hentry"],"yoast_head":"<!-- This site is optimized with the Yoast SEO plugin v25.3.1 - https:\/\/yoast.com\/wordpress\/plugins\/seo\/ -->\n<title>App Store-Bewertungen \u2013 F\u00fcgen Sie das Bewertungs-Plugin zur GoDaddy-Website hinzu!<\/title>\n<meta name=\"description\" content=\"Erstellen Sie ein attraktives App Store-Bewertungs-Plugin f\u00fcr Ihre GoDaddy-Website! Nutzen Sie die praktische Elfsight-Demo und formen Sie Ihr Werkzeug mit wenigen Klicks!\" \/>\n<meta name=\"robots\" content=\"index, follow, max-snippet:-1, max-image-preview:large, max-video-preview:-1\" \/>\n<link rel=\"canonical\" href=\"https:\/\/elfsight.com\/de\/apple-app-store-reviews-widget\/godaddy\/\" \/>\n<meta property=\"og:locale\" content=\"de_DE\" \/>\n<meta property=\"og:type\" content=\"article\" \/>\n<meta property=\"og:title\" content=\"App Store-Bewertungen \u2013 F\u00fcgen Sie das Bewertungs-Plugin zur GoDaddy-Website hinzu!\" \/>\n<meta property=\"og:description\" content=\"Erstellen Sie ein attraktives App Store-Bewertungs-Plugin f\u00fcr Ihre GoDaddy-Website! Nutzen Sie die praktische Elfsight-Demo und formen Sie Ihr Werkzeug mit wenigen Klicks!\" \/>\n<meta property=\"og:url\" content=\"https:\/\/elfsight.com\/de\/apple-app-store-reviews-widget\/godaddy\/\" \/>\n<meta property=\"og:site_name\" content=\"Elfsight DE\" \/>\n<meta property=\"article:modified_time\" content=\"2025-07-08T09:46:55+00:00\" \/>\n<meta name=\"twitter:card\" content=\"summary_large_image\" \/>\n<meta name=\"twitter:label1\" content=\"Gesch\u00e4tzte Lesezeit\" \/>\n\t<meta name=\"twitter:data1\" content=\"3\u00a0Minuten\" \/>\n<!-- \/ Yoast SEO plugin. -->","yoast_head_json":{"title":"App Store-Bewertungen \u2013 F\u00fcgen Sie das Bewertungs-Plugin zur GoDaddy-Website hinzu!","description":"Erstellen Sie ein attraktives App Store-Bewertungs-Plugin f\u00fcr Ihre GoDaddy-Website! Nutzen Sie die praktische Elfsight-Demo und formen Sie Ihr Werkzeug mit wenigen Klicks!","robots":{"index":"index","follow":"follow","max-snippet":"max-snippet:-1","max-image-preview":"max-image-preview:large","max-video-preview":"max-video-preview:-1"},"canonical":"https:\/\/elfsight.com\/de\/apple-app-store-reviews-widget\/godaddy\/","og_locale":"de_DE","og_type":"article","og_title":"App Store-Bewertungen \u2013 F\u00fcgen Sie das Bewertungs-Plugin zur GoDaddy-Website hinzu!","og_description":"Erstellen Sie ein attraktives App Store-Bewertungs-Plugin f\u00fcr Ihre GoDaddy-Website! Nutzen Sie die praktische Elfsight-Demo und formen Sie Ihr Werkzeug mit wenigen Klicks!","og_url":"https:\/\/elfsight.com\/de\/apple-app-store-reviews-widget\/godaddy\/","og_site_name":"Elfsight DE","article_modified_time":"2025-07-08T09:46:55+00:00","twitter_card":"summary_large_image","twitter_misc":{"Gesch\u00e4tzte Lesezeit":"3\u00a0Minuten"},"schema":{"@context":"https:\/\/schema.org","@graph":[{"@type":"WebPage","@id":"https:\/\/elfsight.com\/de\/apple-app-store-reviews-widget\/godaddy\/","url":"https:\/\/elfsight.com\/de\/apple-app-store-reviews-widget\/godaddy\/","name":"App Store-Bewertungen \u2013 F\u00fcgen Sie das Bewertungs-Plugin zur GoDaddy-Website hinzu!","isPartOf":{"@id":"https:\/\/elfsight.com\/de\/#website"},"datePublished":"2024-05-03T06:27:57+00:00","dateModified":"2025-07-08T09:46:55+00:00","description":"Erstellen Sie ein attraktives App Store-Bewertungs-Plugin f\u00fcr Ihre GoDaddy-Website! Nutzen Sie die praktische Elfsight-Demo und formen Sie Ihr Werkzeug mit wenigen Klicks!","breadcrumb":{"@id":"https:\/\/elfsight.com\/de\/apple-app-store-reviews-widget\/godaddy\/#breadcrumb"},"inLanguage":"de","potentialAction":[{"@type":"ReadAction","target":["https:\/\/elfsight.com\/de\/apple-app-store-reviews-widget\/godaddy\/"]}]},{"@type":"BreadcrumbList","@id":"https:\/\/elfsight.com\/de\/apple-app-store-reviews-widget\/godaddy\/#breadcrumb","itemListElement":[{"@type":"ListItem","position":1,"name":"Home","item":"https:\/\/elfsight.com\/de\/"},{"@type":"ListItem","position":2,"name":"Apple App Store Reviews","item":"https:\/\/elfsight.com\/de\/apple-app-store-reviews-widget\/"},{"@type":"ListItem","position":3,"name":"Apple App Store Reviews &#8211; GoDaddy"}]},{"@type":"WebSite","@id":"https:\/\/elfsight.com\/de\/#website","url":"https:\/\/elfsight.com\/de\/","name":"Elfsight DE","description":"Just another Elfsight Sites site","potentialAction":[{"@type":"SearchAction","target":{"@type":"EntryPoint","urlTemplate":"https:\/\/elfsight.com\/de\/?s={search_term_string}"},"query-input":{"@type":"PropertyValueSpecification","valueRequired":true,"valueName":"search_term_string"}}],"inLanguage":"de"}]}},"meta_box":{"industry":"","seo_heading":"","heading":"","description":"","cta_heading":"","cta_description":"","application":"501","h1":"GoDaddy App Store Reviews-Plugin","h1_caption":"St\u00e4rken Sie das Vertrauen, indem Sie echte Besucherkommentare mit Autoreninformationen offenlegen","application_category":[],"applications_title":"","applications_request_title":"","applications_request_button_text":"","hero_text":"","hero_video":"","hero_video_schema_markup":"","selling_points_title":"","selling_points_caption":"","selling_points":[],"selling_points_cta_text":"","features_title":"","features":"","ed_cta_examples_text":"","ed_cta_examples_hidden":"","ed_cta_demo_text":"","ed_cta_demo_hidden":"","why_caption":"","why_editor_title":"","why_editor_text":"","why_team_title":"","why_team_text":"","why_service_title":"","why_service_text":"","template_catalog_visible":"","template_catalog_title":"","template_catalog_text":"","template_catalog_categories_visible":"","demo_title":"Nehmen Sie sich eine Minute Zeit, um ein Produkt f\u00fcr Ihre Website zu erstellen!","demo_caption":"Sie k\u00f6nnen das Plugin im Editor anpassen und direkt \u00fcber die Demo zu Ihrer Website hinzuf\u00fcgen.","default_faq_hidden":"","app_template_category":[],"platform":"241","template_public_id":"","codecanyon_url":"","codecanyon_item_id":"","codecanyon_price":"","pricing_caption":"","pricing_elfsight_apps_hide_column":"","pricing_elfsight_apps_url":"","pricing_codecanyon_price_caption":"","integration_category":[],"integration_request_title":"","integration_request_cta":"","integration_platform":"","integrations":[],"platform_category":[],"video_schema_markup":"","price":"ab 0 $ \/ Monat","trial":"","benefits":[{"text":"Kostenlose Installationsunterst\u00fctzung"},{"text":"Effektiver Kundenservice"},{"text":"14-t\u00e4gige Geld-zur\u00fcck-Garantie"},{"text":"Lebenslange kostenlose Updates"}],"button_url":"#demo","button_target_blank":"","button_nofollow":"","attributes":[{"name":"Installiert","content":"10,000 - 100,000"},{"name":"Reaktionsfreudig","content":"Ja"},{"name":"Kompatible Browser","content":"IE11, Firefox, Safari, Opera, Chrome, Edge"}],"tags":[],"tags_disable_links":"","hide_more_platforms":"","video_object":"","demo_hide_cta":"","demo_hide_cloud_options":"","pricing_title":"","pricing":[{"pricing_icon":"platform","pricing_title":"Elfsight Apps","pricing_title_caption":"Plattform\u00fcbergreifende L\u00f6sung, die f\u00fcr jede Website geeignet ist","pricing_price":"ab 0 $ \/ Monat","pricing_price_caption":"Beginnen Sie mit einem kostenlosen Plan","pricing_benefits":[{"text":"Unbegrenzte Domains"},{"text":"Kundensupport rund um die Uhr und gut dokumentiert"},{"text":"Kostenlose Installationsunterst\u00fctzung"},{"text":"100 % anpassbar"}],"pricing_button_text":"Zur Website hinzuf\u00fcgen","pricing_button_url":"#demo"}],"related_apps_title":"","related_apps_hidden":"","author":"","image":[],"title":"","job":"","social_networks":[]},"_links":{"self":[{"href":"https:\/\/elfsight.com\/de\/wp-json\/wp\/v2\/pages\/7851","targetHints":{"allow":["GET"]}}],"collection":[{"href":"https:\/\/elfsight.com\/de\/wp-json\/wp\/v2\/pages"}],"about":[{"href":"https:\/\/elfsight.com\/de\/wp-json\/wp\/v2\/types\/page"}],"author":[{"embeddable":true,"href":"https:\/\/elfsight.com\/de\/wp-json\/wp\/v2\/users\/9"}],"replies":[{"embeddable":true,"href":"https:\/\/elfsight.com\/de\/wp-json\/wp\/v2\/comments?post=7851"}],"version-history":[{"count":1,"href":"https:\/\/elfsight.com\/de\/wp-json\/wp\/v2\/pages\/7851\/revisions"}],"predecessor-version":[{"id":7855,"href":"https:\/\/elfsight.com\/de\/wp-json\/wp\/v2\/pages\/7851\/revisions\/7855"}],"up":[{"embeddable":true,"href":"https:\/\/elfsight.com\/de\/wp-json\/wp\/v2\/pages\/1843"}],"wp:attachment":[{"href":"https:\/\/elfsight.com\/de\/wp-json\/wp\/v2\/media?parent=7851"}],"curies":[{"name":"wp","href":"https:\/\/api.w.org\/{rel}","templated":true}]}}