{"id":783,"date":"2020-05-15T15:39:09","date_gmt":"2020-05-15T15:39:09","guid":{"rendered":"https:\/\/elfsight.com\/de\/?page_id=783"},"modified":"2022-03-21T10:01:44","modified_gmt":"2022-03-21T10:01:44","slug":"pricing","status":"publish","type":"page","link":"https:\/\/elfsight.com\/de\/twitter-feed-widget\/pricing\/","title":{"rendered":"Twitter Feed &#8211; Pricing"},"content":{"rendered":"\n<div class=\"faq\" data-component=\"FAQ\">\n<div class=\"faq-item\">\r\n\t\t\t\t\t<div class=\"faq-item-question\">\r\n\t\t\t\t\t\t<h3 class=\"faq-item-question-text\">Kann ich Ihre Widgets gratis verwenden?<\/h3>\r\n\r\n\t\t\t\t\t\t<div class=\"faq-item-question-icon\"><\/div>\r\n\t\t\t\t\t<\/div>\r\n\r\n\t\t\t\t\t<div class=\"faq-item-answer\">\r\n\t\t\t\t\t\t<div class=\"faq-item-answer-text\">\n\nJa, sicher. Elfsight bietet einen kostenlosen Plan f\u00fcr die Apps. Zudem begrenzen wir die wesentlichen Funktionalit\u00e4t und die Bearbeitungsoptionen nicht. Beeilen Sie sich alle Pluspunkte kostenfreier Elfsight-Plugins f\u00fcr Ihren Online-Shop zu nutzen. \n<\/div>\r\n\t\t\t\t\t<\/div>\r\n\t\t\t\t<\/div>\n\n<div class=\"faq-item\">\r\n\t\t\t\t\t<div class=\"faq-item-question\">\r\n\t\t\t\t\t\t<h3 class=\"faq-item-question-text\">Bieten Sie eine Testphase f\u00fcr Ihre Plugins?<\/h3>\r\n\r\n\t\t\t\t\t\t<div class=\"faq-item-question-icon\"><\/div>\r\n\t\t\t\t\t<\/div>\r\n\r\n\t\t\t\t\t<div class=\"faq-item-answer\">\r\n\t\t\t\t\t\t<div class=\"faq-item-answer-text\">\n\nElfsight kostenlose Plan-Option hat keine \u00dcbergangsfrist. Sie k\u00f6nnen das Widget auf der so lange haben, wie Sie es m\u00f6chten. \n<\/div>\r\n\t\t\t\t\t<\/div>\r\n\t\t\t\t<\/div>\n\n<div class=\"faq-item\">\r\n\t\t\t\t\t<div class=\"faq-item-question\">\r\n\t\t\t\t\t\t<h3 class=\"faq-item-question-text\">Haben Sie einige Skonti?<\/h3>\r\n\r\n\t\t\t\t\t\t<div class=\"faq-item-question-icon\"><\/div>\r\n\t\t\t\t\t<\/div>\r\n\r\n\t\t\t\t\t<div class=\"faq-item-answer\">\r\n\t\t\t\t\t\t<div class=\"faq-item-answer-text\">\n\nSicher, Sie k\u00f6nnen 20% Willkommensrabatt f\u00fcr Ihr erstes Zahlung erhalten. Bitte vergessen Sie nicht, dass Sie es innerhalb von 24 Stunden verwenden k\u00f6nnen. Dann nutzen Sie 30% Rabatt f\u00fcr den n\u00e4chsten Entrichtung eines zahlenden Widgets. \n<\/div>\r\n\t\t\t\t\t<\/div>\r\n\t\t\t\t<\/div>\n\n<div class=\"faq-item\">\r\n\t\t\t\t\t<div class=\"faq-item-question\">\r\n\t\t\t\t\t\t<h3 class=\"faq-item-question-text\">Kann ich meinen Tarif f\u00fcr das Plugin, das ich bereits habe, sp\u00e4ter \u00e4ndern?<\/h3>\r\n\r\n\t\t\t\t\t\t<div class=\"faq-item-question-icon\"><\/div>\r\n\t\t\t\t\t<\/div>\r\n\r\n\t\t\t\t\t<div class=\"faq-item-answer\">\r\n\t\t\t\t\t\t<div class=\"faq-item-answer-text\">\n\nJa! Sie k\u00f6nnen das Abonnement jederzeit \u00e4ndern oder k\u00fcndigen. Das Geld bezahlt f\u00fcr vorherigen Tarif wird zu einem neuen Kauf neu berechnet. \n<\/div>\r\n\t\t\t\t\t<\/div>\r\n\t\t\t\t<\/div>\n\n<div class=\"faq-item\">\r\n\t\t\t\t\t<div class=\"faq-item-question\">\r\n\t\t\t\t\t\t<h3 class=\"faq-item-question-text\">Was ist die Limitierung der Plugin-Aussichten?<\/h3>\r\n\r\n\t\t\t\t\t\t<div class=\"faq-item-question-icon\"><\/div>\r\n\t\t\t\t\t<\/div>\r\n\r\n\t\t\t\t\t<div class=\"faq-item-answer\">\r\n\t\t\t\t\t\t<div class=\"faq-item-answer-text\">\n\nDie Menge der Aufrufe umfasst die Vielzahl der Plugin-Laden auf Ihrer Website. Dies h\u00e4ngt von der Menge der einzelne Benutzer auf Ihre Website mit den Widgets nicht. \nDas Limit der Aufrufe hat eine monatliche Basis und wird jeden Monat ersetzt und h\u00e4ngt von Ihrem Plan. \n<\/div>\r\n\t\t\t\t\t<\/div>\r\n\t\t\t\t<\/div>\n\n<div class=\"faq-item\">\r\n\t\t\t\t\t<div class=\"faq-item-question\">\r\n\t\t\t\t\t\t<h3 class=\"faq-item-question-text\">Auf wie viele Websites kann man das Twitter Feed App hinzuf\u00fcgen?<\/h3>\r\n\r\n\t\t\t\t\t\t<div class=\"faq-item-question-icon\"><\/div>\r\n\t\t\t\t\t<\/div>\r\n\r\n\t\t\t\t\t<div class=\"faq-item-answer\">\r\n\t\t\t\t\t\t<div class=\"faq-item-answer-text\">\n\nWenn Sie einen kostenlosen Abonnement erhalten, k\u00f6nnen Sie das App nur auf einziger Seite platzieren. \nIn den zahlenden Abo-Pl\u00e4nen gibt es keine Einschr\u00e4nkungen &#8211; Sie k\u00f6nnen so viele Apps f\u00fcr Ihre Website generieren wie Sie wollen. \n<\/div>\r\n\t\t\t\t\t<\/div>\r\n\t\t\t\t<\/div>\n\n<div class=\"faq-item\">\r\n\t\t\t\t\t<div class=\"faq-item-question\">\r\n\t\t\t\t\t\t<h3 class=\"faq-item-question-text\">Ist es m\u00f6glich eine kostenlose Installationshilfe von Ihrem Support-Team erhalten?<\/h3>\r\n\r\n\t\t\t\t\t\t<div class=\"faq-item-question-icon\"><\/div>\r\n\t\t\t\t\t<\/div>\r\n\r\n\t\t\t\t\t<div class=\"faq-item-answer\">\r\n\t\t\t\t\t\t<div class=\"faq-item-answer-text\">\n\nJa, wir liefert Kunden kostenlosen Support bei der Aufbau und Einbetten des Apps. Sie k\u00f6nnen unser professionelles Hilfeteam erreichen. \n<\/div>\r\n\t\t\t\t\t<\/div>\r\n\t\t\t\t<\/div>\n<\/div>\n","protected":false},"excerpt":{"rendered":"","protected":false},"author":11,"featured_media":0,"parent":771,"menu_order":0,"comment_status":"closed","ping_status":"closed","template":"templates\/template-application-pricing.php","meta":{"publish_to_discourse":"","publish_post_category":"","wpdc_auto_publish_overridden":"","wpdc_topic_tags":"","wpdc_pin_topic":"","wpdc_pin_until":"","discourse_post_id":"","discourse_permalink":"","wpdc_publishing_response":"","wpdc_publishing_error":"","footnotes":""},"class_list":["post-783","page","type-page","status-publish","hentry"],"yoast_head":"<!-- This site is optimized with the Yoast SEO plugin v25.3.1 - https:\/\/yoast.com\/wordpress\/plugins\/seo\/ -->\n<title>Twitter Feed Widget f\u00fcr Ihre Website - Erstellen Sie Ihr kostenloses Widget<\/title>\n<meta name=\"description\" content=\"Kostenloser Installationsservice und die besten Preise f\u00fcr Website-Widgets. F\u00fcgen Sie mit wenigen Klicks den Twitter-Feed direkt auf Ihrer Website hinzu.\" \/>\n<meta name=\"robots\" content=\"index, follow, max-snippet:-1, max-image-preview:large, max-video-preview:-1\" \/>\n<link rel=\"canonical\" href=\"https:\/\/elfsight.com\/de\/twitter-feed-widget\/pricing\/\" \/>\n<meta property=\"og:locale\" content=\"de_DE\" \/>\n<meta property=\"og:type\" content=\"article\" \/>\n<meta property=\"og:title\" content=\"Twitter Feed Widget f\u00fcr Ihre Website - Erstellen Sie Ihr kostenloses Widget\" \/>\n<meta property=\"og:description\" content=\"Kostenloser Installationsservice und die besten Preise f\u00fcr Website-Widgets. F\u00fcgen Sie mit wenigen Klicks den Twitter-Feed direkt auf Ihrer Website hinzu.\" \/>\n<meta property=\"og:url\" content=\"https:\/\/elfsight.com\/de\/twitter-feed-widget\/pricing\/\" \/>\n<meta property=\"og:site_name\" content=\"Elfsight DE\" \/>\n<meta property=\"article:modified_time\" content=\"2022-03-21T10:01:44+00:00\" \/>\n<meta name=\"twitter:card\" content=\"summary_large_image\" \/>\n<meta name=\"twitter:label1\" content=\"Gesch\u00e4tzte Lesezeit\" \/>\n\t<meta name=\"twitter:data1\" content=\"2\u00a0Minuten\" \/>\n<!-- \/ Yoast SEO plugin. -->","yoast_head_json":{"title":"Twitter Feed Widget f\u00fcr Ihre Website - Erstellen Sie Ihr kostenloses Widget","description":"Kostenloser Installationsservice und die besten Preise f\u00fcr Website-Widgets. F\u00fcgen Sie mit wenigen Klicks den Twitter-Feed direkt auf Ihrer Website hinzu.","robots":{"index":"index","follow":"follow","max-snippet":"max-snippet:-1","max-image-preview":"max-image-preview:large","max-video-preview":"max-video-preview:-1"},"canonical":"https:\/\/elfsight.com\/de\/twitter-feed-widget\/pricing\/","og_locale":"de_DE","og_type":"article","og_title":"Twitter Feed Widget f\u00fcr Ihre Website - Erstellen Sie Ihr kostenloses Widget","og_description":"Kostenloser Installationsservice und die besten Preise f\u00fcr Website-Widgets. F\u00fcgen Sie mit wenigen Klicks den Twitter-Feed direkt auf Ihrer Website hinzu.","og_url":"https:\/\/elfsight.com\/de\/twitter-feed-widget\/pricing\/","og_site_name":"Elfsight DE","article_modified_time":"2022-03-21T10:01:44+00:00","twitter_card":"summary_large_image","twitter_misc":{"Gesch\u00e4tzte Lesezeit":"2\u00a0Minuten"},"schema":{"@context":"https:\/\/schema.org","@graph":[{"@type":"WebPage","@id":"https:\/\/elfsight.com\/de\/twitter-feed-widget\/pricing\/","url":"https:\/\/elfsight.com\/de\/twitter-feed-widget\/pricing\/","name":"Twitter Feed Widget f\u00fcr Ihre Website - Erstellen Sie Ihr kostenloses Widget","isPartOf":{"@id":"https:\/\/elfsight.com\/de\/#website"},"datePublished":"2020-05-15T15:39:09+00:00","dateModified":"2022-03-21T10:01:44+00:00","description":"Kostenloser Installationsservice und die besten Preise f\u00fcr Website-Widgets. F\u00fcgen Sie mit wenigen Klicks den Twitter-Feed direkt auf Ihrer Website hinzu.","breadcrumb":{"@id":"https:\/\/elfsight.com\/de\/twitter-feed-widget\/pricing\/#breadcrumb"},"inLanguage":"de","potentialAction":[{"@type":"ReadAction","target":["https:\/\/elfsight.com\/de\/twitter-feed-widget\/pricing\/"]}]},{"@type":"BreadcrumbList","@id":"https:\/\/elfsight.com\/de\/twitter-feed-widget\/pricing\/#breadcrumb","itemListElement":[{"@type":"ListItem","position":1,"name":"Home","item":"https:\/\/elfsight.com\/de\/"},{"@type":"ListItem","position":2,"name":"Twitter Feed","item":"https:\/\/elfsight.com\/de\/twitter-feed-widget\/"},{"@type":"ListItem","position":3,"name":"Twitter Feed &#8211; Pricing"}]},{"@type":"WebSite","@id":"https:\/\/elfsight.com\/de\/#website","url":"https:\/\/elfsight.com\/de\/","name":"Elfsight DE","description":"Just another Elfsight Sites site","potentialAction":[{"@type":"SearchAction","target":{"@type":"EntryPoint","urlTemplate":"https:\/\/elfsight.com\/de\/?s={search_term_string}"},"query-input":{"@type":"PropertyValueSpecification","valueRequired":true,"valueName":"search_term_string"}}],"inLanguage":"de"}]}},"meta_box":{"industry":"","seo_heading":"","heading":"","description":"","cta_heading":"","cta_description":"","application":"472","h1":"Twitter Feed Widget Preise","h1_caption":"","application_category":[],"applications_title":"","applications_request_title":"","applications_request_button_text":"","hero_text":"","hero_video":"","hero_video_schema_markup":"","selling_points_title":"","selling_points_caption":"","selling_points":[],"selling_points_cta_text":"","features_title":"","features":"","ed_cta_examples_text":"","ed_cta_examples_hidden":"","ed_cta_demo_text":"","ed_cta_demo_hidden":"","why_caption":"","why_editor_title":"","why_editor_text":"","why_team_title":"","why_team_text":"","why_service_title":"","why_service_text":"","template_catalog_visible":"","template_catalog_title":"","template_catalog_text":"","template_catalog_categories_visible":"","demo_title":"","demo_caption":"","default_faq_hidden":"1","app_template_category":[],"platform":"","template_public_id":"","codecanyon_url":"","codecanyon_item_id":"","codecanyon_price":"","pricing_caption":"","pricing_elfsight_apps_hide_column":"","pricing_elfsight_apps_url":"","pricing_codecanyon_price_caption":"","integration_category":[],"integration_request_title":"","integration_request_cta":"","integration_platform":"","integrations":[],"platform_category":[],"video_schema_markup":"","price":"","trial":"","benefits":[],"button_url":"","button_target_blank":"","button_nofollow":"","attributes":[],"tags":[],"tags_disable_links":"","hide_more_platforms":"","video_object":"","demo_hide_cta":"","demo_hide_cloud_options":"","pricing_title":"","pricing":[],"related_apps_title":"","related_apps_hidden":"","author":"","image":[],"title":"","job":"","social_networks":[]},"_links":{"self":[{"href":"https:\/\/elfsight.com\/de\/wp-json\/wp\/v2\/pages\/783","targetHints":{"allow":["GET"]}}],"collection":[{"href":"https:\/\/elfsight.com\/de\/wp-json\/wp\/v2\/pages"}],"about":[{"href":"https:\/\/elfsight.com\/de\/wp-json\/wp\/v2\/types\/page"}],"author":[{"embeddable":true,"href":"https:\/\/elfsight.com\/de\/wp-json\/wp\/v2\/users\/11"}],"replies":[{"embeddable":true,"href":"https:\/\/elfsight.com\/de\/wp-json\/wp\/v2\/comments?post=783"}],"version-history":[{"count":6,"href":"https:\/\/elfsight.com\/de\/wp-json\/wp\/v2\/pages\/783\/revisions"}],"predecessor-version":[{"id":7048,"href":"https:\/\/elfsight.com\/de\/wp-json\/wp\/v2\/pages\/783\/revisions\/7048"}],"up":[{"embeddable":true,"href":"https:\/\/elfsight.com\/de\/wp-json\/wp\/v2\/pages\/771"}],"wp:attachment":[{"href":"https:\/\/elfsight.com\/de\/wp-json\/wp\/v2\/media?parent=783"}],"curies":[{"name":"wp","href":"https:\/\/api.w.org\/{rel}","templated":true}]}}