{"id":7681,"date":"2024-05-03T06:26:31","date_gmt":"2024-05-03T06:26:31","guid":{"rendered":"https:\/\/elfsight.com\/de\/?page_id=7681"},"modified":"2025-07-08T09:43:36","modified_gmt":"2025-07-08T09:43:36","slug":"webnode","status":"publish","type":"page","link":"https:\/\/elfsight.com\/de\/airbnb-reviews-widget\/webnode\/","title":{"rendered":"Airbnb Reviews &#8211; Webnode"},"content":{"rendered":"<div class=\"application-platform-content-item-description application-platform-content-item\" id=\"description\" data-nav-section=\"description\"> <h2>Beschreibung<\/h2> <p>Elfsight Airbnb Reviews ist ein unkompliziertes Widget, mit dem Sie Bewertungen zu Ihren Angeboten von Airbnb-Nutzern ver\u00f6ffentlichen k\u00f6nnen auf der Internetseite. Mit unserem Widget k\u00f6nnen Sie Filter anwenden, um unerw\u00fcnschte Bewertungen auszublenden, Ihre Sterne- und Zahlenbewertungen von Airbnb anzuzeigen, Informationen zu den Autoren bereitzustellen und eine Schaltfl\u00e4che zu platzieren, die Besuchern hilft, eine weitere Bewertung auf Airbnb zu schreiben. Elfsight Airbnb-Bewertungen helfen Ihnen dabei, Ihren perfekten Social Proof auf Ihrer Website zu demonstrieren und den Umsatz zu steigern. <\/p> <div class=\"faq\" data-component=\"FAQ\"><div class=\"faq-item\">\r\n\t\t\t\t\t<div class=\"faq-item-question\">\r\n\t\t\t\t\t\t<h3 class=\"faq-item-question-text\">Wo kann ich es anzeigen<\/h3>\r\n\r\n\t\t\t\t\t\t<div class=\"faq-item-question-icon\"><\/div>\r\n\t\t\t\t\t<\/div>\r\n\r\n\t\t\t\t\t<div class=\"faq-item-answer\">\r\n\t\t\t\t\t\t<div class=\"faq-item-answer-text\"> <p>Das Widget kann in jede Webseite eingef\u00fcgt werden, auf der Sie mit Ihrer hohen Bewertung und Beliebtheit bei Kunden prahlen m\u00f6chten. Wenn Sie es auf allen Seiten Ihrer Website ben\u00f6tigen, k\u00f6nnen Sie es einfach in die Website-Vorlage einf\u00fcgen. <\/p> <\/div>\r\n\t\t\t\t\t<\/div>\r\n\t\t\t\t<\/div><div class=\"faq-item\">\r\n\t\t\t\t\t<div class=\"faq-item-question\">\r\n\t\t\t\t\t\t<h3 class=\"faq-item-question-text\">Wie kann ich von diesem Plugin profitieren?<\/h3>\r\n\r\n\t\t\t\t\t\t<div class=\"faq-item-question-icon\"><\/div>\r\n\t\t\t\t\t<\/div>\r\n\r\n\t\t\t\t\t<div class=\"faq-item-answer\">\r\n\t\t\t\t\t\t<div class=\"faq-item-answer-text\"> <p>Bewertungen, die von echten Menschen geteilt werden, sind f\u00fcr Ihre Website-Kunden \u00e4u\u00dferst vertrauensw\u00fcrdig und bedeuten f\u00fcr sie, dass Ihr Unternehmen zuverl\u00e4ssig ist. Eine hohe Bewertung und gute Eindr\u00fccke k\u00f6nnen dazu beitragen, den Umsatz auf Ihrer Website zu steigern. Dar\u00fcber hinaus kann die Weiterleitungsschaltfl\u00e4che dazu beitragen, neue Kundenbewertungen auf Airbnb zu gewinnen. <\/p> <\/div>\r\n\t\t\t\t\t<\/div>\r\n\t\t\t\t<\/div> <div class=\"faq-item\">\r\n\t\t\t\t\t<div class=\"faq-item-question\">\r\n\t\t\t\t\t\t<h3 class=\"faq-item-question-text\">Wie kann ich Airbnb-Bewertungen auf meiner Webnode-Website installieren?<\/h3>\r\n\r\n\t\t\t\t\t\t<div class=\"faq-item-question-icon\"><\/div>\r\n\t\t\t\t\t<\/div>\r\n\r\n\t\t\t\t\t<div class=\"faq-item-answer\">\r\n\t\t\t\t\t\t<div class=\"faq-item-answer-text\"> <p>Es dauert nur ein paar Minuten, bis das Widget betriebsbereit ist. Es ist superschnell, kostenlos und erfordert keine Programmierung. <\/p> <ol><li>Es besteht die M\u00f6glichkeit, Airbnb-Bewertungen direkt \u00fcber unseren Service auf der Website einzuf\u00fchren. F\u00fchren Sie einfach die Anleitung unten auf dieser Seite aus. <\/li> <li>Elfsight Airbnb-Bewertungen k\u00f6nnen direkt \u00fcber unseren Service oder auf dem Marktplatz integriert werden. Sie k\u00f6nnen die Vorteile beider Optionen sehen und Ihre ausw\u00e4hlen.<\/li> <\/ol> <\/div>\r\n\t\t\t\t\t<\/div>\r\n\t\t\t\t<\/div> <\/div> <\/div> <div class=\"application-platform-content-item-features application-platform-content-item\" id=\"features\" data-nav-section=\"features\"> <h2>Funktionen<\/h2> <p>Um eine klare Vorstellung von Airbnb-Bewertungen zu erhalten, sehen Sie sich die Liste seiner Hauptfunktionen an. Sie machen dieses Widget f\u00fcr Ihre Website unglaublich effektiv: <\/p> <ul> <li>3 vordefinierte Filter: nach Typ, Ausschlie\u00dfen nach und Anzahl der anzuzeigenden Bewertungen; <\/li> <li>Die Schaltfl\u00e4che \u201eBewertungsanfrage\u201c f\u00fchrt Benutzer zu Ihrer Airbnb-Seite. <\/li> <li>Zwei Varianten von Szenarien nach der Ablehnung einer \u00dcberpr\u00fcfungsanfrage: Anzeigen einer Textnachricht oder Ausblenden der Schaltfl\u00e4che. <\/li> <\/ul><p><a href=\"#demo\">Um weitere Funktionen zu erkunden, sehen Sie sich unsere Live-Demo an<\/a><\/p> <\/div> <div class=\"application-platform-content-item-installation application-platform-content-item\" id=\"installation\" data-nav-section=\"installation\"> <h2>Erfahren Sie, wie Sie die Airbnb-Bewertungen in Ihre Webnode-Seite einf\u00fcgen<\/h2> <p>Die folgenden Aktionen sind das Einzige, was Sie ben\u00f6tigen, um Airbnb-Bewertungen aktiv zu haben. <\/p> <ol><li><b>Generieren Sie Ihr einzigartiges Airbnb-Plugin<\/b><br> Gestalten Sie mit unserem kostenlosen Editor ein Plugin mit individuellem Aussehen und Funktionalit\u00e4t. <\/li><li><b>Erhalten Sie den individuellen Code, um das Plugin anzuzeigen<\/b><br> Nachdem Sie Ihr Widget angepasst haben, erhalten Sie den eindeutigen Code aus dem Popup-Fenster von Elfsight Apps. Kopieren Sie den Code f\u00fcr die zuk\u00fcnftige Verwendung. <\/li> <li><b>Integrieren Sie das Plugin auf Ihrer Webnode-Website<\/b><br> Definieren Sie den Ort, an dem Sie das Plugin anzeigen m\u00f6chten, und f\u00fcgen Sie dort den gespeicherten Code hinzu. Speichern Sie die Ergebnisse.<\/li> <li><b>Die Integration ist erfolgreich!<\/b><br> Gehen Sie zu Ihrer Webseite, um Ihre Bewertungen anzuzeigen.<\/li> <\/ol><p>Immer noch Zweifel etwas? Oder haben Sie Fragen? Eine einzige Anfrage an unseren Kundenservice gen\u00fcgt, um jedes Problem zu l\u00f6sen. <\/p> <\/div>","protected":false},"excerpt":{"rendered":"","protected":false},"author":9,"featured_media":0,"parent":1519,"menu_order":0,"comment_status":"closed","ping_status":"closed","template":"templates\/template-application-platform.php","meta":{"publish_to_discourse":"","publish_post_category":"","wpdc_auto_publish_overridden":"","wpdc_topic_tags":"","wpdc_pin_topic":"","wpdc_pin_until":"","discourse_post_id":"","discourse_permalink":"","wpdc_publishing_response":"","wpdc_publishing_error":"","footnotes":""},"class_list":["post-7681","page","type-page","status-publish","hentry"],"yoast_head":"<!-- This site is optimized with the Yoast SEO plugin v25.3.1 - https:\/\/yoast.com\/wordpress\/plugins\/seo\/ -->\n<title>Betten Sie Airbnb-Bewertungen auf Ihrer Webnode-Website ein (einfach und schnell)<\/title>\n<meta name=\"description\" content=\"Gestalten Sie mit Elfsight Ihr Airbnb-Bewertungs-Widget und zeigen Sie es ohne gro\u00dfen Aufwand auf der Webnode-Website an. Wir bieten kostenlosen Kundenservice und weitere Boni.\" \/>\n<meta name=\"robots\" content=\"index, follow, max-snippet:-1, max-image-preview:large, max-video-preview:-1\" \/>\n<link rel=\"canonical\" href=\"https:\/\/elfsight.com\/de\/airbnb-reviews-widget\/webnode\/\" \/>\n<meta property=\"og:locale\" content=\"de_DE\" \/>\n<meta property=\"og:type\" content=\"article\" \/>\n<meta property=\"og:title\" content=\"Betten Sie Airbnb-Bewertungen auf Ihrer Webnode-Website ein (einfach und schnell)\" \/>\n<meta property=\"og:description\" content=\"Gestalten Sie mit Elfsight Ihr Airbnb-Bewertungs-Widget und zeigen Sie es ohne gro\u00dfen Aufwand auf der Webnode-Website an. Wir bieten kostenlosen Kundenservice und weitere Boni.\" \/>\n<meta property=\"og:url\" content=\"https:\/\/elfsight.com\/de\/airbnb-reviews-widget\/webnode\/\" \/>\n<meta property=\"og:site_name\" content=\"Elfsight DE\" \/>\n<meta property=\"article:modified_time\" content=\"2025-07-08T09:43:36+00:00\" \/>\n<meta name=\"twitter:card\" content=\"summary_large_image\" \/>\n<meta name=\"twitter:label1\" content=\"Gesch\u00e4tzte Lesezeit\" \/>\n\t<meta name=\"twitter:data1\" content=\"3\u00a0Minuten\" \/>\n<!-- \/ Yoast SEO plugin. -->","yoast_head_json":{"title":"Betten Sie Airbnb-Bewertungen auf Ihrer Webnode-Website ein (einfach und schnell)","description":"Gestalten Sie mit Elfsight Ihr Airbnb-Bewertungs-Widget und zeigen Sie es ohne gro\u00dfen Aufwand auf der Webnode-Website an. Wir bieten kostenlosen Kundenservice und weitere Boni.","robots":{"index":"index","follow":"follow","max-snippet":"max-snippet:-1","max-image-preview":"max-image-preview:large","max-video-preview":"max-video-preview:-1"},"canonical":"https:\/\/elfsight.com\/de\/airbnb-reviews-widget\/webnode\/","og_locale":"de_DE","og_type":"article","og_title":"Betten Sie Airbnb-Bewertungen auf Ihrer Webnode-Website ein (einfach und schnell)","og_description":"Gestalten Sie mit Elfsight Ihr Airbnb-Bewertungs-Widget und zeigen Sie es ohne gro\u00dfen Aufwand auf der Webnode-Website an. Wir bieten kostenlosen Kundenservice und weitere Boni.","og_url":"https:\/\/elfsight.com\/de\/airbnb-reviews-widget\/webnode\/","og_site_name":"Elfsight DE","article_modified_time":"2025-07-08T09:43:36+00:00","twitter_card":"summary_large_image","twitter_misc":{"Gesch\u00e4tzte Lesezeit":"3\u00a0Minuten"},"schema":{"@context":"https:\/\/schema.org","@graph":[{"@type":"WebPage","@id":"https:\/\/elfsight.com\/de\/airbnb-reviews-widget\/webnode\/","url":"https:\/\/elfsight.com\/de\/airbnb-reviews-widget\/webnode\/","name":"Betten Sie Airbnb-Bewertungen auf Ihrer Webnode-Website ein (einfach und schnell)","isPartOf":{"@id":"https:\/\/elfsight.com\/de\/#website"},"datePublished":"2024-05-03T06:26:31+00:00","dateModified":"2025-07-08T09:43:36+00:00","description":"Gestalten Sie mit Elfsight Ihr Airbnb-Bewertungs-Widget und zeigen Sie es ohne gro\u00dfen Aufwand auf der Webnode-Website an. Wir bieten kostenlosen Kundenservice und weitere Boni.","breadcrumb":{"@id":"https:\/\/elfsight.com\/de\/airbnb-reviews-widget\/webnode\/#breadcrumb"},"inLanguage":"de","potentialAction":[{"@type":"ReadAction","target":["https:\/\/elfsight.com\/de\/airbnb-reviews-widget\/webnode\/"]}]},{"@type":"BreadcrumbList","@id":"https:\/\/elfsight.com\/de\/airbnb-reviews-widget\/webnode\/#breadcrumb","itemListElement":[{"@type":"ListItem","position":1,"name":"Home","item":"https:\/\/elfsight.com\/de\/"},{"@type":"ListItem","position":2,"name":"Airbnb Reviews","item":"https:\/\/elfsight.com\/de\/airbnb-reviews-widget\/"},{"@type":"ListItem","position":3,"name":"Airbnb Reviews &#8211; Webnode"}]},{"@type":"WebSite","@id":"https:\/\/elfsight.com\/de\/#website","url":"https:\/\/elfsight.com\/de\/","name":"Elfsight DE","description":"Just another Elfsight Sites site","potentialAction":[{"@type":"SearchAction","target":{"@type":"EntryPoint","urlTemplate":"https:\/\/elfsight.com\/de\/?s={search_term_string}"},"query-input":{"@type":"PropertyValueSpecification","valueRequired":true,"valueName":"search_term_string"}}],"inLanguage":"de"}]}},"meta_box":{"industry":"","seo_heading":"","heading":"","description":"","cta_heading":"","cta_description":"","application":"488","h1":"Webnode Airbnb-Bewertungen","h1_caption":"Zeigen Sie Bewertungen aus Ihrem Airbnb-Eintrag an, um m\u00fchelos mehr G\u00e4ste mit echtem Feedback auf Ihre Webnode-Website zu locken.","application_category":[],"applications_title":"","applications_request_title":"","applications_request_button_text":"","hero_text":"","hero_video":"","hero_video_schema_markup":"","selling_points_title":"","selling_points_caption":"","selling_points":[],"selling_points_cta_text":"","features_title":"","features":"","ed_cta_examples_text":"","ed_cta_examples_hidden":"","ed_cta_demo_text":"","ed_cta_demo_hidden":"","why_caption":"","why_editor_title":"","why_editor_text":"","why_team_title":"","why_team_text":"","why_service_title":"","why_service_text":"","template_catalog_visible":"","template_catalog_title":"","template_catalog_text":"","template_catalog_categories_visible":"","demo_title":"Erstellen Sie Ihr Airbnb-Bewertungs-Widget","demo_caption":"Konfigurieren Sie Ihre Airbnb-Bewertungen und f\u00fcgen Sie sie kostenlos zu Ihrer Webnode-Website hinzu!","default_faq_hidden":"","app_template_category":[],"platform":"248","template_public_id":"","codecanyon_url":"","codecanyon_item_id":"","codecanyon_price":"","pricing_caption":"","pricing_elfsight_apps_hide_column":"","pricing_elfsight_apps_url":"","pricing_codecanyon_price_caption":"","integration_category":[],"integration_request_title":"","integration_request_cta":"","integration_platform":"","integrations":[],"platform_category":[],"video_schema_markup":"","price":"ab 0 $ \/ Monat","trial":"","benefits":[{"text":"Kostenlose Installationsunterst\u00fctzung"},{"text":"Effektiver Kundenservice"},{"text":"14-t\u00e4gige Geld-zur\u00fcck-Garantie"},{"text":"Laufende Verbesserungen"}],"button_url":"#demo","button_target_blank":"","button_nofollow":"","attributes":[{"name":"Installiert","content":"10,000 - 100,000"},{"name":"Reaktionsfreudig","content":"Ja"},{"name":"Kompatible Browser","content":"Firefox, Safari, Opera, Chrome, Edge"}],"tags":[],"tags_disable_links":"","hide_more_platforms":"","video_object":"","demo_hide_cta":"","demo_hide_cloud_options":"","pricing_title":"","pricing":[{"pricing_icon":"platform","pricing_title":"Elfsight Apps","pricing_title_caption":"Plattformunabh\u00e4ngige Version, die auf jeder Site funktioniert","pricing_price":"ab 0 $ \/ Monat","pricing_price_caption":"Beginnen Sie mit einem kostenlosen Plan","pricing_benefits":[{"text":"Unbegrenzte Websites"},{"text":"Unternehmenssupport rund um die Uhr und gut dokumentiert"},{"text":"Kostenlose Installationsunterst\u00fctzung"},{"text":"Preis f\u00fcr mehrere Apps"}],"pricing_button_text":"Zur Website hinzuf\u00fcgen","pricing_button_url":"#demo"}],"related_apps_title":"","related_apps_hidden":"","author":"","image":[],"title":"","job":"","social_networks":[]},"_links":{"self":[{"href":"https:\/\/elfsight.com\/de\/wp-json\/wp\/v2\/pages\/7681","targetHints":{"allow":["GET"]}}],"collection":[{"href":"https:\/\/elfsight.com\/de\/wp-json\/wp\/v2\/pages"}],"about":[{"href":"https:\/\/elfsight.com\/de\/wp-json\/wp\/v2\/types\/page"}],"author":[{"embeddable":true,"href":"https:\/\/elfsight.com\/de\/wp-json\/wp\/v2\/users\/9"}],"replies":[{"embeddable":true,"href":"https:\/\/elfsight.com\/de\/wp-json\/wp\/v2\/comments?post=7681"}],"version-history":[{"count":2,"href":"https:\/\/elfsight.com\/de\/wp-json\/wp\/v2\/pages\/7681\/revisions"}],"predecessor-version":[{"id":21174,"href":"https:\/\/elfsight.com\/de\/wp-json\/wp\/v2\/pages\/7681\/revisions\/21174"}],"up":[{"embeddable":true,"href":"https:\/\/elfsight.com\/de\/wp-json\/wp\/v2\/pages\/1519"}],"wp:attachment":[{"href":"https:\/\/elfsight.com\/de\/wp-json\/wp\/v2\/media?parent=7681"}],"curies":[{"name":"wp","href":"https:\/\/api.w.org\/{rel}","templated":true}]}}