{"id":7676,"date":"2024-05-03T06:26:30","date_gmt":"2024-05-03T06:26:30","guid":{"rendered":"https:\/\/elfsight.com\/de\/?page_id=7676"},"modified":"2025-02-17T06:00:35","modified_gmt":"2025-02-17T06:00:35","slug":"webflow","status":"publish","type":"page","link":"https:\/\/elfsight.com\/de\/airbnb-reviews-widget\/webflow\/","title":{"rendered":"Airbnb Reviews &#8211; Webflow"},"content":{"rendered":"\n<div class=\"application-platform-content-item-description application-platform-content-item\" id=\"description\" data-nav-section=\"description\"> <h2>Einbetten von Airbnb-Bewertungen auf Webflow mit dem Elfsight-Widget<\/h2> <p>Wenn Sie Ihre Wertsch\u00e4tzung bei den Benutzern zeigen und Website-Besucher \u00fcberzeugen m\u00f6chten Wenn Sie davon \u00fcberzeugt sind, dass Ihre Produkte oder Dienstleistungen den Kauf wert sind, passt Elfsight Airbnb Reviews perfekt zu Ihnen. Mit unserem Tool haben Sie die M\u00f6glichkeit, Bewertungen von Airbnb-Benutzern mit Informationen zu den Autoren auf Ihrer Website einzuf\u00fcgen, Filter zu verwenden, um nur gute Bewertungen anzuzeigen, Bewertungen hinzuzuf\u00fcgen und eine aktive Schaltfl\u00e4che einzurichten, mit der Benutzer auf Ihre Airbnb-Seite weitergeleitet werden hinterlassen Sie ihre Bewertung. <\/p> <div class=\"faq\" data-component=\"FAQ\"><div class=\"faq-item\">\r\n\t\t\t\t\t<div class=\"faq-item-question\">\r\n\t\t\t\t\t\t<h3 class=\"faq-item-question-text\">Wo auf meiner Website kann ich Airbnb-Bewertungen integrieren<\/h3>\r\n\r\n\t\t\t\t\t\t<div class=\"faq-item-question-icon\"><\/div>\r\n\t\t\t\t\t<\/div>\r\n\r\n\t\t\t\t\t<div class=\"faq-item-answer\">\r\n\t\t\t\t\t\t<div class=\"faq-item-answer-text\"> <p>Unser Widget kann auf jeder Seite eingerichtet werden, auf der Sie Benutzer durch Ihre hohe Wertsch\u00e4tzung und Beliebtheit bei Kunden beeindrucken m\u00f6chten . Wenn Sie das Widget auf allen Seiten der Website anzeigen m\u00f6chten, k\u00f6nnen Sie es einfach in die Website-Vorlage einf\u00fcgen. <\/p> <\/div>\r\n\t\t\t\t\t<\/div>\r\n\t\t\t\t<\/div><div class=\"faq-item\">\r\n\t\t\t\t\t<div class=\"faq-item-question\">\r\n\t\t\t\t\t\t<h3 class=\"faq-item-question-text\">Wie werde ich davon profitieren?<\/h3>\r\n\r\n\t\t\t\t\t\t<div class=\"faq-item-question-icon\"><\/div>\r\n\t\t\t\t\t<\/div>\r\n\r\n\t\t\t\t\t<div class=\"faq-item-answer\">\r\n\t\t\t\t\t\t<div class=\"faq-item-answer-text\"> <p>Bewertungen, die von echten Menschen gepostet werden, wirken f\u00fcr die Benutzer Ihrer Website \u00e4u\u00dferst vertrauensw\u00fcrdig und beweisen ihnen, dass Ihr Unternehmen ein zuverl\u00e4ssiger Partner ist. Eine hohe Bewertung und hervorragende Rezensionen k\u00f6nnen dazu beitragen, den Umsatz Ihrer Website zu steigern. Dar\u00fcber hinaus tr\u00e4gt die Weiterleitungsschaltfl\u00e4che dazu bei, die Anzahl der Kundenbewertungen zu Ihrer Unterkunft auf Airbnb zu erh\u00f6hen. <\/p> <\/div>\r\n\t\t\t\t\t<\/div>\r\n\t\t\t\t<\/div> <div class=\"faq-item\">\r\n\t\t\t\t\t<div class=\"faq-item-question\">\r\n\t\t\t\t\t\t<h3 class=\"faq-item-question-text\">Wie f\u00fcge ich Airbnb-Bewertungen zu meiner Webflow-Website hinzu? <\/h3>\r\n\r\n\t\t\t\t\t\t<div class=\"faq-item-question-icon\"><\/div>\r\n\t\t\t\t\t<\/div>\r\n\r\n\t\t\t\t\t<div class=\"faq-item-answer\">\r\n\t\t\t\t\t\t<div class=\"faq-item-answer-text\"> <p>Sie ben\u00f6tigen nur eine Minute Zeit, um das Widget einzubetten. Der Prozess ist \u00e4u\u00dferst schnell, kostenlos und ohne Programmierung. <\/p> <ol><li>Sie k\u00f6nnen Airbnb-Bewertungen direkt \u00fcber unseren Service in die Webseite einbetten. Dazu m\u00fcssen Sie die nachstehenden Anweisungen auf dieser Seite befolgen. <\/li> <li>Das Widget kann \u00fcber unseren Service oder auf dem Marktplatz eingebettet werden. Sie k\u00f6nnen beide Optionen vergleichen und sich f\u00fcr Ihre entscheiden. <\/li> <\/ol> <\/div>\r\n\t\t\t\t\t<\/div>\r\n\t\t\t\t<\/div> <\/div> <\/div> <div class=\"application-platform-content-item-features application-platform-content-item\" id=\"features\" data-nav-section=\"features\"> <h2>Hauptfunktionen des Airbnb-Bewertungs-Widgets<\/h2> <p>Um a Um die Airbnb-Bewertungen vollst\u00e4ndig zu verstehen, entdecken Sie die Liste der herausragendsten Funktionen. Sie machen dieses Widget f\u00fcr Ihr Unternehmen maximal effektiv: <\/p> <ul> <li>Vier verf\u00fcgbare Layouts: Liste, Raster, Mauerwerk und Schieberegler; <\/li> <li>Die aktive Schaltfl\u00e4che zum Hinterlassen einer weiteren Bewertung f\u00fchrt Besucher zur Airbnb-Seite; <\/li> <li>Sechs flexible Elemente der Bewertungen: Name des Autors und Foto, Empfehlung, Datum der Ver\u00f6ffentlichung, Airbnb-Symbol und Sternebewertung; <\/li> <\/ul><p><a href=\"#demo\">Weitere Funktionen finden Sie in der Demo<\/a><\/p> <\/div> <div class=\"application-platform-content-item-installation application-platform-content-item\" id=\"installation\" data-nav-section=\"installation\"> <h2> Erfahren Sie, wie Sie die Airbnb-Bewertungen auf Ihrer Webflow-Seite einrichten<\/h2><div class=\"video-container\"><iframe width=\"560\" height=\"315\" src=\"https:\/\/www.youtube.com\/embed\/Ig7XIYFy9VE?si=7hDJeBgd8Qvll2JI\" frameborder=\"0\" allow=\"accelerometer; autoplay; clipboard-write; encrypted-media; gyroscope; picture-in-picture; web-share\" allowfullscreen><\/iframe><\/div><p>Die folgenden Schritte sind das Einzige, was Sie tun m\u00fcssen. Der Prozess ist codierungsfrei. <\/p> <ol><li><b>Erstellen Sie Ihr individuelles Airbnb-Plugin<\/b><br> Erstellen Sie mit unserem kostenlosen Editor ein Plugin mit einem bevorzugten Layout und einer bevorzugten Funktionalit\u00e4t. <\/li><li><b>Holen Sie sich den individuellen Code zum Ver\u00f6ffentlichen des Plugins<\/b><br> Nachdem Sie Ihr Widget erstellt haben, erhalten Sie den eindeutigen Code aus dem erscheinenden Fenster auf Elfsight Apps. Kopiere es. <\/li> <li><b>Zeigen Sie das Plugin auf Ihrer Webflow-Site an<\/b><br> W\u00e4hlen Sie die Seite oder den Bereich aus, in dem Sie das Plugin anzeigen m\u00f6chten, und f\u00fcgen Sie dort den gespeicherten Code hinzu. Speichern Sie die \u00c4nderungen. <\/li> <li><b>Sie haben die Installation erfolgreich durchgef\u00fchrt<\/b><br> Besuchen Sie die Seite, um einen Blick auf Ihre Bewertungen zu werfen. <\/li> <\/ol><p>Sie k\u00f6nnen sich immer noch nicht entscheiden? Oder \u00fcber irgendetwas gestolpert? Senden Sie einfach eine Anfrage an unseren Kundensupport, wir helfen Ihnen bei jedem Problem. <\/p> <\/div>\n","protected":false},"excerpt":{"rendered":"","protected":false},"author":9,"featured_media":0,"parent":1519,"menu_order":0,"comment_status":"closed","ping_status":"closed","template":"templates\/template-application-platform.php","meta":{"publish_to_discourse":"","publish_post_category":"","wpdc_auto_publish_overridden":"","wpdc_topic_tags":"","wpdc_pin_topic":"","wpdc_pin_until":"","discourse_post_id":"","discourse_permalink":"","wpdc_publishing_response":"","wpdc_publishing_error":"","footnotes":""},"class_list":["post-7676","page","type-page","status-publish","hentry"],"yoast_head":"<!-- This site is optimized with the Yoast SEO plugin v25.3.1 - https:\/\/yoast.com\/wordpress\/plugins\/seo\/ -->\n<title>Einbetten von Airbnb-Bewertungen auf Ihrer Webflow-Website (2026)<\/title>\n<meta name=\"description\" content=\"Es ist ganz einfach, Ihr Airbnb-Bewertungs-Widget zu erstellen und es auf Ihrer Webflow-Website anzuzeigen. Der Elfsight-Kundensupport ist kostenlos.\" \/>\n<meta name=\"robots\" content=\"index, follow, max-snippet:-1, max-image-preview:large, max-video-preview:-1\" \/>\n<link rel=\"canonical\" href=\"https:\/\/elfsight.com\/de\/airbnb-reviews-widget\/webflow\/\" \/>\n<meta property=\"og:locale\" content=\"de_DE\" \/>\n<meta property=\"og:type\" content=\"article\" \/>\n<meta property=\"og:title\" content=\"Einbetten von Airbnb-Bewertungen auf Ihrer Webflow-Website (2026)\" \/>\n<meta property=\"og:description\" content=\"Es ist ganz einfach, Ihr Airbnb-Bewertungs-Widget zu erstellen und es auf Ihrer Webflow-Website anzuzeigen. Der Elfsight-Kundensupport ist kostenlos.\" \/>\n<meta property=\"og:url\" content=\"https:\/\/elfsight.com\/de\/airbnb-reviews-widget\/webflow\/\" \/>\n<meta property=\"og:site_name\" content=\"Elfsight DE\" \/>\n<meta property=\"article:modified_time\" content=\"2025-02-17T06:00:35+00:00\" \/>\n<meta name=\"twitter:card\" content=\"summary_large_image\" \/>\n<meta name=\"twitter:label1\" content=\"Gesch\u00e4tzte Lesezeit\" \/>\n\t<meta name=\"twitter:data1\" content=\"3\u00a0Minuten\" \/>\n<!-- \/ Yoast SEO plugin. -->","yoast_head_json":{"title":"Einbetten von Airbnb-Bewertungen auf Ihrer Webflow-Website (2026)","description":"Es ist ganz einfach, Ihr Airbnb-Bewertungs-Widget zu erstellen und es auf Ihrer Webflow-Website anzuzeigen. Der Elfsight-Kundensupport ist kostenlos.","robots":{"index":"index","follow":"follow","max-snippet":"max-snippet:-1","max-image-preview":"max-image-preview:large","max-video-preview":"max-video-preview:-1"},"canonical":"https:\/\/elfsight.com\/de\/airbnb-reviews-widget\/webflow\/","og_locale":"de_DE","og_type":"article","og_title":"Einbetten von Airbnb-Bewertungen auf Ihrer Webflow-Website (2026)","og_description":"Es ist ganz einfach, Ihr Airbnb-Bewertungs-Widget zu erstellen und es auf Ihrer Webflow-Website anzuzeigen. Der Elfsight-Kundensupport ist kostenlos.","og_url":"https:\/\/elfsight.com\/de\/airbnb-reviews-widget\/webflow\/","og_site_name":"Elfsight DE","article_modified_time":"2025-02-17T06:00:35+00:00","twitter_card":"summary_large_image","twitter_misc":{"Gesch\u00e4tzte Lesezeit":"3\u00a0Minuten"},"schema":{"@context":"https:\/\/schema.org","@graph":[{"@type":"WebPage","@id":"https:\/\/elfsight.com\/de\/airbnb-reviews-widget\/webflow\/","url":"https:\/\/elfsight.com\/de\/airbnb-reviews-widget\/webflow\/","name":"Einbetten von Airbnb-Bewertungen auf Ihrer Webflow-Website (2026)","isPartOf":{"@id":"https:\/\/elfsight.com\/de\/#website"},"datePublished":"2024-05-03T06:26:30+00:00","dateModified":"2025-02-17T06:00:35+00:00","description":"Es ist ganz einfach, Ihr Airbnb-Bewertungs-Widget zu erstellen und es auf Ihrer Webflow-Website anzuzeigen. Der Elfsight-Kundensupport ist kostenlos.","breadcrumb":{"@id":"https:\/\/elfsight.com\/de\/airbnb-reviews-widget\/webflow\/#breadcrumb"},"inLanguage":"de","potentialAction":[{"@type":"ReadAction","target":["https:\/\/elfsight.com\/de\/airbnb-reviews-widget\/webflow\/"]}]},{"@type":"BreadcrumbList","@id":"https:\/\/elfsight.com\/de\/airbnb-reviews-widget\/webflow\/#breadcrumb","itemListElement":[{"@type":"ListItem","position":1,"name":"Home","item":"https:\/\/elfsight.com\/de\/"},{"@type":"ListItem","position":2,"name":"Airbnb Reviews","item":"https:\/\/elfsight.com\/de\/airbnb-reviews-widget\/"},{"@type":"ListItem","position":3,"name":"Airbnb Reviews &#8211; Webflow"}]},{"@type":"WebSite","@id":"https:\/\/elfsight.com\/de\/#website","url":"https:\/\/elfsight.com\/de\/","name":"Elfsight DE","description":"Just another Elfsight Sites site","potentialAction":[{"@type":"SearchAction","target":{"@type":"EntryPoint","urlTemplate":"https:\/\/elfsight.com\/de\/?s={search_term_string}"},"query-input":{"@type":"PropertyValueSpecification","valueRequired":true,"valueName":"search_term_string"}}],"inLanguage":"de"}]}},"meta_box":{"industry":"","seo_heading":"","heading":"","description":"","cta_heading":"","cta_description":"","application":"488","h1":"Webflow Airbnb-Bewertungen","h1_caption":"Zeigen Sie Bewertungen aus Ihrem Airbnb-Eintrag an, um m\u00fchelos mehr G\u00e4ste mit echtem Feedback f\u00fcr Ihre Webflow-Website zu gewinnen.","application_category":[],"applications_title":"","applications_request_title":"","applications_request_button_text":"","hero_text":"","hero_video":"","hero_video_schema_markup":"","selling_points_title":"","selling_points_caption":"","selling_points":[],"selling_points_cta_text":"","features_title":"","features":"","ed_cta_examples_text":"","ed_cta_examples_hidden":"","ed_cta_demo_text":"","ed_cta_demo_hidden":"","why_caption":"","why_editor_title":"","why_editor_text":"","why_team_title":"","why_team_text":"","why_service_title":"","why_service_text":"","template_catalog_visible":"0","template_catalog_title":"","template_catalog_text":"","template_catalog_categories_visible":"","demo_title":"Erstellen Sie Ihr Airbnb-Bewertungs-Widget","demo_caption":"Konfigurieren Sie Ihre Airbnb-Bewertungen und f\u00fcgen Sie sie kostenlos zu Ihrer Webflow-Website hinzu!","default_faq_hidden":"","app_template_category":[],"platform":"250","template_public_id":"","codecanyon_url":"","codecanyon_item_id":"","codecanyon_price":"","pricing_caption":"","pricing_elfsight_apps_hide_column":"","pricing_elfsight_apps_url":"","pricing_codecanyon_price_caption":"","integration_category":[],"integration_request_title":"","integration_request_cta":"","integration_platform":"","integrations":[],"platform_category":[],"video_schema_markup":"","price":"ab 0 $ \/ Monat","trial":"","benefits":[{"text":"Kostenlose Installationsunterst\u00fctzung"},{"text":"Erfahrener Kundensupport"},{"text":"14-t\u00e4gige R\u00fcckerstattungsgarantie"},{"text":"Regelm\u00e4\u00dfige kostenlose Updates"}],"button_url":"#demo","button_target_blank":"0","button_nofollow":"0","attributes":[{"name":"Installiert","content":"10,000 - 100,000"},{"name":"Reaktionsfreudig","content":"Ja"},{"name":"Kompatible Browser","content":"Edge, Safari, Opera, Firefox, Chrome"}],"tags":[],"tags_disable_links":"0","hide_more_platforms":"0","video_object":"","demo_hide_cta":"0","demo_hide_cloud_options":"0","pricing_title":"","pricing":[{"pricing_icon":"platform","pricing_title":"Elfsight Apps","pricing_title_caption":"Plattform\u00fcbergreifende L\u00f6sung, die auf jeder Website funktioniert","pricing_price":"ab 0 $ \/ Monat","pricing_price_caption":"Beginnen Sie mit einem kostenlosen Plan","pricing_benefits":[{"text":"Unbegrenzte Domains"},{"text":"Engagierter Kundensupport"},{"text":"Kostenloser Installationssupport"},{"text":"Sonderangebot f\u00fcr mehrere Apps"}],"pricing_button_text":"Zur Website hinzuf\u00fcgen","pricing_button_url":"#demo"}],"related_apps_title":"","related_apps_hidden":"0","author":"","image":[],"title":"","job":"","social_networks":[]},"_links":{"self":[{"href":"https:\/\/elfsight.com\/de\/wp-json\/wp\/v2\/pages\/7676","targetHints":{"allow":["GET"]}}],"collection":[{"href":"https:\/\/elfsight.com\/de\/wp-json\/wp\/v2\/pages"}],"about":[{"href":"https:\/\/elfsight.com\/de\/wp-json\/wp\/v2\/types\/page"}],"author":[{"embeddable":true,"href":"https:\/\/elfsight.com\/de\/wp-json\/wp\/v2\/users\/9"}],"replies":[{"embeddable":true,"href":"https:\/\/elfsight.com\/de\/wp-json\/wp\/v2\/comments?post=7676"}],"version-history":[{"count":3,"href":"https:\/\/elfsight.com\/de\/wp-json\/wp\/v2\/pages\/7676\/revisions"}],"predecessor-version":[{"id":24237,"href":"https:\/\/elfsight.com\/de\/wp-json\/wp\/v2\/pages\/7676\/revisions\/24237"}],"up":[{"embeddable":true,"href":"https:\/\/elfsight.com\/de\/wp-json\/wp\/v2\/pages\/1519"}],"wp:attachment":[{"href":"https:\/\/elfsight.com\/de\/wp-json\/wp\/v2\/media?parent=7676"}],"curies":[{"name":"wp","href":"https:\/\/api.w.org\/{rel}","templated":true}]}}