{"id":7675,"date":"2024-05-03T06:26:29","date_gmt":"2024-05-03T06:26:29","guid":{"rendered":"https:\/\/elfsight.com\/de\/?page_id=7675"},"modified":"2025-02-17T05:59:24","modified_gmt":"2025-02-17T05:59:24","slug":"squarespace","status":"publish","type":"page","link":"https:\/\/elfsight.com\/de\/airbnb-reviews-widget\/squarespace\/","title":{"rendered":"Airbnb Reviews &#8211; Squarespace"},"content":{"rendered":"\n<div class=\"application-platform-content-item-description application-platform-content-item\" id=\"description\" data-nav-section=\"description\"> <h2>Betten Sie Airbnb-Bewertungen auf Squarespace mit dem Elfsight-Widget ein<\/h2> <p>Wenn Sie mit Ihrer hohen Bewertung prahlen und Website-Besucher davon \u00fcberzeugen m\u00f6chten Ihre G\u00e4ste bleiben immer zufrieden, das Elfsight Airbnb-Bewertungs-Widget ist die richtige Wahl. Mit diesem Widget k\u00f6nnen Sie Kundenbewertungen von Airbnb auf Ihrer Website mit Details zu ihren Autoren anzeigen, sie filtern, um nur Positives anzuzeigen, Bewertungen anzeigen und eine aktive Schaltfl\u00e4che verwenden, die Benutzer zu Ihrer Airbnb-Seite f\u00fchrt, damit sie ihre Bewertung schreiben k\u00f6nnen. <\/p> <div class=\"faq\" data-component=\"FAQ\"><div class=\"faq-item\">\r\n\t\t\t\t\t<div class=\"faq-item-question\">\r\n\t\t\t\t\t\t<h3 class=\"faq-item-question-text\">Wo kann ich Airbnb-Bewertungen hinzuf\u00fcgen<\/h3>\r\n\r\n\t\t\t\t\t\t<div class=\"faq-item-question-icon\"><\/div>\r\n\t\t\t\t\t<\/div>\r\n\r\n\t\t\t\t\t<div class=\"faq-item-answer\">\r\n\t\t\t\t\t\t<div class=\"faq-item-answer-text\"> <p>Unser Widget kann auf jeder Webseite eingef\u00fcgt werden, auf der Sie Ihre hohe Wertsch\u00e4tzung und Beliebtheit bei Kunden zeigen m\u00f6chten. Wenn Sie es auf allen Seiten Ihrer Website ben\u00f6tigen, k\u00f6nnen Sie es einfach in die Website-Vorlage einf\u00fcgen. <\/p> <\/div>\r\n\t\t\t\t\t<\/div>\r\n\t\t\t\t<\/div><div class=\"faq-item\">\r\n\t\t\t\t\t<div class=\"faq-item-question\">\r\n\t\t\t\t\t\t<h3 class=\"faq-item-question-text\">Welche Vorteile kann es mir bringen?<\/h3>\r\n\r\n\t\t\t\t\t\t<div class=\"faq-item-question-icon\"><\/div>\r\n\t\t\t\t\t<\/div>\r\n\r\n\t\t\t\t\t<div class=\"faq-item-answer\">\r\n\t\t\t\t\t\t<div class=\"faq-item-answer-text\"> <p>Bewertungen von echten Menschen sind f\u00fcr Ihre Website-Besucher absolut glaubw\u00fcrdig und zeigen ihnen, dass Ihr Unternehmen vertrauensw\u00fcrdig ist. Eine hohe Bewertung und hervorragende Eindr\u00fccke k\u00f6nnen dazu beitragen, die K\u00e4ufe auf Ihrer Website zu steigern. Dar\u00fcber hinaus kann die Weiterleitungsschaltfl\u00e4che dazu beitragen, mehr Kundenbewertungen zu Ihren Angeboten oder Dienstleistungen auf Airbnb zu erhalten. <\/p> <\/div>\r\n\t\t\t\t\t<\/div>\r\n\t\t\t\t<\/div> <div class=\"faq-item\">\r\n\t\t\t\t\t<div class=\"faq-item-question\">\r\n\t\t\t\t\t\t<h3 class=\"faq-item-question-text\">Wie kann ich Airbnb-Bewertungen auf meiner Squarespace-Website hinzuf\u00fcgen?<\/h3>\r\n\r\n\t\t\t\t\t\t<div class=\"faq-item-question-icon\"><\/div>\r\n\t\t\t\t\t<\/div>\r\n\r\n\t\t\t\t\t<div class=\"faq-item-answer\">\r\n\t\t\t\t\t\t<div class=\"faq-item-answer-text\"> <p>Sie ben\u00f6tigen nur eine Minute, um Ihr Bewertungs-Widget zu aktivieren. Die Einrichtung ist sehr schnell, kostenlos und ohne Programmieraufwand. <\/p> <ol><li>\u00dcber unseren Service k\u00f6nnen Sie Airbnb-Bewertungen zu Ihrer Website hinzuf\u00fcgen. Sehen Sie sich einfach eine kurze Beschreibung unten auf dieser Seite an. <\/li> <li>Das Widget kann \u00fcber unseren Service oder \u00fcber den Marktplatz eingef\u00fchrt werden. Hier k\u00f6nnen Sie die Vorteile dieser Varianten kennenlernen und sich f\u00fcr Ihre Variante entscheiden. <\/li> <\/ol> <\/div>\r\n\t\t\t\t\t<\/div>\r\n\t\t\t\t<\/div> <\/div> <\/div> <div class=\"application-platform-content-item-features application-platform-content-item\" id=\"features\" data-nav-section=\"features\"> <h2>Hauptfunktionen des Airbnb-Bewertungs-Widgets<\/h2> <p>Um eine zu erhalten Wenn Sie das Widget vollst\u00e4ndig kennen, pr\u00fcfen Sie die Liste der Hauptmerkmale. Sie machen dieses Widget f\u00fcr Ihre Werbung unglaublich n\u00fctzlich: <\/p> <ul> <li>4 gebrauchsfertige Layouts: Liste, Raster, Mauerwerk und Schieberegler; <\/li> <li>\u00dcber die Schaltfl\u00e4che zum Anfordern einer Bewertung gelangen Besucher auf Ihre Airbnb-Seite. <\/li> <li>6 anpassbare Elemente der Benutzeroberfl\u00e4che: Name des Autors und Foto, Empfehlungstext, Datum der Ver\u00f6ffentlichung, Airbnb-Symbol und Sternebewertung; <\/li> <\/ul><p><a href=\"#demo\">Weitere Funktionen finden Sie in unserer Demo<\/a><\/p> <\/div> <div class=\"application-platform-content-item-installation application-platform-content-item\" id=\"installation\" data-nav-section=\"installation\"> <h2>\u00dcberpr\u00fcfen So platzieren Sie die Airbnb-Bewertungen auf Ihrer Squarespace-Website<\/h2><div class=\"video-container\"><iframe width=\"560\" height=\"315\" src=\"https:\/\/www.youtube.com\/embed\/0Y3sEbIuoaE?si=BnpvVp6uEu-2ylAk\" frameborder=\"0\" allow=\"accelerometer; autoplay; clipboard-write; encrypted-media; gyroscope; picture-in-picture; web-share\" allowfullscreen><\/iframe><\/div><p>Die folgenden Schritte sind das Einzige, was Sie brauchen, um es programmierungsfrei zu machen.<\/p> <ol><li><b>Erstellen Sie Ihr pers\u00f6nliches Airbnb-Plugin<\/b><br> Gestalten Sie mit unserem kostenlosen Konfigurator ein Plugin mit einer bevorzugten Benutzeroberfl\u00e4che und Funktionen. <\/li><li><b>Holen Sie sich den individuellen Code zum Einbetten des Plugins<\/b><br> Nachdem Sie Ihr Widget erstellt haben, erhalten Sie den Installationscode im angezeigten Fenster von Elfsight Apps. Kopiere diesen Code. <\/li> <li><b>Zeigen Sie das Plugin auf Ihrer Squarespace-Website an<\/b><br> W\u00e4hlen Sie die Stelle aus, an der Sie das Plugin einbetten m\u00f6chten, und f\u00fcgen Sie den gespeicherten Code dort ein. Wenden Sie die Ergebnisse an. <\/li> <li><b>Herzlichen Gl\u00fcckwunsch! Sie haben gerade das Widget integriert!<\/b><br> Besuchen Sie die Website, um Ihre Arbeit zu \u00fcberpr\u00fcfen.<\/li> <\/ol><p>Sie haben immer noch Zweifel? Oder Probleme haben? Schreiben Sie einfach eine Anfrage an unseren Kundenservice, der Ihnen bei jedem Problem weiterhilft.<\/p> <\/div>\n","protected":false},"excerpt":{"rendered":"","protected":false},"author":9,"featured_media":0,"parent":1519,"menu_order":0,"comment_status":"closed","ping_status":"closed","template":"templates\/template-application-platform.php","meta":{"publish_to_discourse":"","publish_post_category":"","wpdc_auto_publish_overridden":"","wpdc_topic_tags":"","wpdc_pin_topic":"","wpdc_pin_until":"","discourse_post_id":"","discourse_permalink":"","wpdc_publishing_response":"","wpdc_publishing_error":"","footnotes":""},"class_list":["post-7675","page","type-page","status-publish","hentry"],"yoast_head":"<!-- This site is optimized with the Yoast SEO plugin v25.3.1 - https:\/\/yoast.com\/wordpress\/plugins\/seo\/ -->\n<title>Betten Sie Airbnb-Bewertungen auf Ihrer Squarespace-Website ein (in 2 Minuten)<\/title>\n<meta name=\"description\" content=\"Es ist ganz einfach, Ihr Airbnb-Bewertungs-Widget zu erstellen und es auf Ihrer Squarespace-Website zu platzieren. Der Elfsight-Kundensupport ist kostenlos.\" \/>\n<meta name=\"robots\" content=\"index, follow, max-snippet:-1, max-image-preview:large, max-video-preview:-1\" \/>\n<link rel=\"canonical\" href=\"https:\/\/elfsight.com\/de\/airbnb-reviews-widget\/squarespace\/\" \/>\n<meta property=\"og:locale\" content=\"de_DE\" \/>\n<meta property=\"og:type\" content=\"article\" \/>\n<meta property=\"og:title\" content=\"Betten Sie Airbnb-Bewertungen auf Ihrer Squarespace-Website ein (in 2 Minuten)\" \/>\n<meta property=\"og:description\" content=\"Es ist ganz einfach, Ihr Airbnb-Bewertungs-Widget zu erstellen und es auf Ihrer Squarespace-Website zu platzieren. Der Elfsight-Kundensupport ist kostenlos.\" \/>\n<meta property=\"og:url\" content=\"https:\/\/elfsight.com\/de\/airbnb-reviews-widget\/squarespace\/\" \/>\n<meta property=\"og:site_name\" content=\"Elfsight DE\" \/>\n<meta property=\"article:modified_time\" content=\"2025-02-17T05:59:24+00:00\" \/>\n<meta name=\"twitter:card\" content=\"summary_large_image\" \/>\n<meta name=\"twitter:label1\" content=\"Gesch\u00e4tzte Lesezeit\" \/>\n\t<meta name=\"twitter:data1\" content=\"3\u00a0Minuten\" \/>\n<!-- \/ Yoast SEO plugin. -->","yoast_head_json":{"title":"Betten Sie Airbnb-Bewertungen auf Ihrer Squarespace-Website ein (in 2 Minuten)","description":"Es ist ganz einfach, Ihr Airbnb-Bewertungs-Widget zu erstellen und es auf Ihrer Squarespace-Website zu platzieren. Der Elfsight-Kundensupport ist kostenlos.","robots":{"index":"index","follow":"follow","max-snippet":"max-snippet:-1","max-image-preview":"max-image-preview:large","max-video-preview":"max-video-preview:-1"},"canonical":"https:\/\/elfsight.com\/de\/airbnb-reviews-widget\/squarespace\/","og_locale":"de_DE","og_type":"article","og_title":"Betten Sie Airbnb-Bewertungen auf Ihrer Squarespace-Website ein (in 2 Minuten)","og_description":"Es ist ganz einfach, Ihr Airbnb-Bewertungs-Widget zu erstellen und es auf Ihrer Squarespace-Website zu platzieren. Der Elfsight-Kundensupport ist kostenlos.","og_url":"https:\/\/elfsight.com\/de\/airbnb-reviews-widget\/squarespace\/","og_site_name":"Elfsight DE","article_modified_time":"2025-02-17T05:59:24+00:00","twitter_card":"summary_large_image","twitter_misc":{"Gesch\u00e4tzte Lesezeit":"3\u00a0Minuten"},"schema":{"@context":"https:\/\/schema.org","@graph":[{"@type":"WebPage","@id":"https:\/\/elfsight.com\/de\/airbnb-reviews-widget\/squarespace\/","url":"https:\/\/elfsight.com\/de\/airbnb-reviews-widget\/squarespace\/","name":"Betten Sie Airbnb-Bewertungen auf Ihrer Squarespace-Website ein (in 2 Minuten)","isPartOf":{"@id":"https:\/\/elfsight.com\/de\/#website"},"datePublished":"2024-05-03T06:26:29+00:00","dateModified":"2025-02-17T05:59:24+00:00","description":"Es ist ganz einfach, Ihr Airbnb-Bewertungs-Widget zu erstellen und es auf Ihrer Squarespace-Website zu platzieren. Der Elfsight-Kundensupport ist kostenlos.","breadcrumb":{"@id":"https:\/\/elfsight.com\/de\/airbnb-reviews-widget\/squarespace\/#breadcrumb"},"inLanguage":"de","potentialAction":[{"@type":"ReadAction","target":["https:\/\/elfsight.com\/de\/airbnb-reviews-widget\/squarespace\/"]}]},{"@type":"BreadcrumbList","@id":"https:\/\/elfsight.com\/de\/airbnb-reviews-widget\/squarespace\/#breadcrumb","itemListElement":[{"@type":"ListItem","position":1,"name":"Home","item":"https:\/\/elfsight.com\/de\/"},{"@type":"ListItem","position":2,"name":"Airbnb Reviews","item":"https:\/\/elfsight.com\/de\/airbnb-reviews-widget\/"},{"@type":"ListItem","position":3,"name":"Airbnb Reviews &#8211; Squarespace"}]},{"@type":"WebSite","@id":"https:\/\/elfsight.com\/de\/#website","url":"https:\/\/elfsight.com\/de\/","name":"Elfsight DE","description":"Just another Elfsight Sites site","potentialAction":[{"@type":"SearchAction","target":{"@type":"EntryPoint","urlTemplate":"https:\/\/elfsight.com\/de\/?s={search_term_string}"},"query-input":{"@type":"PropertyValueSpecification","valueRequired":true,"valueName":"search_term_string"}}],"inLanguage":"de"}]}},"meta_box":{"industry":"","seo_heading":"","heading":"","description":"","cta_heading":"","cta_description":"","application":"488","h1":"Squarespace Airbnb-Bewertungen","h1_caption":"Zeigen Sie Bewertungen aus Ihrem Airbnb-Eintrag an, um m\u00fchelos mehr G\u00e4ste mit echtem Feedback auf Ihre Squarespace-Website zu locken.","application_category":[],"applications_title":"","applications_request_title":"","applications_request_button_text":"","hero_text":"","hero_video":"","hero_video_schema_markup":"","selling_points_title":"","selling_points_caption":"","selling_points":[],"selling_points_cta_text":"","features_title":"","features":"","ed_cta_examples_text":"","ed_cta_examples_hidden":"","ed_cta_demo_text":"","ed_cta_demo_hidden":"","why_caption":"","why_editor_title":"","why_editor_text":"","why_team_title":"","why_team_text":"","why_service_title":"","why_service_text":"","template_catalog_visible":"0","template_catalog_title":"","template_catalog_text":"","template_catalog_categories_visible":"","demo_title":"Erstellen Sie Ihr Airbnb-Bewertungs-Plugin","demo_caption":"Konfigurieren Sie Ihre Airbnb-Bewertungen und f\u00fcgen Sie sie kostenlos zu Ihrer Squarespace-Website hinzu!","default_faq_hidden":"","app_template_category":[],"platform":"252","template_public_id":"","codecanyon_url":"","codecanyon_item_id":"","codecanyon_price":"","pricing_caption":"","pricing_elfsight_apps_hide_column":"","pricing_elfsight_apps_url":"","pricing_codecanyon_price_caption":"","integration_category":[],"integration_request_title":"","integration_request_cta":"","integration_platform":"","integrations":[],"platform_category":[],"video_schema_markup":"","price":"ab 0 $ \/ Monat","trial":"","benefits":[{"text":"Professioneller Kundenservice"},{"text":"Kostenlose Installationshilfe"},{"text":"14-t\u00e4gige Geld-zur\u00fcck-Garantie"},{"text":"Laufende kostenlose Updates"}],"button_url":"#demo","button_target_blank":"0","button_nofollow":"0","attributes":[{"name":"Installiert","content":"10,000 - 100,000"},{"name":"Reaktionsfreudig","content":"Ja"},{"name":"Kompatible Browser","content":"Firefox, Safari, Opera, Chrome, Edge"}],"tags":[],"tags_disable_links":"0","hide_more_platforms":"0","video_object":"","demo_hide_cta":"0","demo_hide_cloud_options":"0","pricing_title":"","pricing":[{"pricing_icon":"platform","pricing_title":"Elfsight Apps","pricing_title_caption":"Plattform\u00fcbergreifende Software","pricing_price":"ab 0 $ \/ Monat","pricing_price_caption":"Beginnen Sie mit einem kostenlosen Plan","pricing_benefits":[{"text":"Unbegrenzte Domains"},{"text":"Premium-Support und gut dokumentiert"},{"text":"Kostenlose Installationshilfe"},{"text":"Vollst\u00e4ndig anpassbar"}],"pricing_button_text":"Zur Website hinzuf\u00fcgen","pricing_button_url":"#demo"}],"related_apps_title":"","related_apps_hidden":"0","author":"","image":[],"title":"","job":"","social_networks":[]},"_links":{"self":[{"href":"https:\/\/elfsight.com\/de\/wp-json\/wp\/v2\/pages\/7675","targetHints":{"allow":["GET"]}}],"collection":[{"href":"https:\/\/elfsight.com\/de\/wp-json\/wp\/v2\/pages"}],"about":[{"href":"https:\/\/elfsight.com\/de\/wp-json\/wp\/v2\/types\/page"}],"author":[{"embeddable":true,"href":"https:\/\/elfsight.com\/de\/wp-json\/wp\/v2\/users\/9"}],"replies":[{"embeddable":true,"href":"https:\/\/elfsight.com\/de\/wp-json\/wp\/v2\/comments?post=7675"}],"version-history":[{"count":4,"href":"https:\/\/elfsight.com\/de\/wp-json\/wp\/v2\/pages\/7675\/revisions"}],"predecessor-version":[{"id":24236,"href":"https:\/\/elfsight.com\/de\/wp-json\/wp\/v2\/pages\/7675\/revisions\/24236"}],"up":[{"embeddable":true,"href":"https:\/\/elfsight.com\/de\/wp-json\/wp\/v2\/pages\/1519"}],"wp:attachment":[{"href":"https:\/\/elfsight.com\/de\/wp-json\/wp\/v2\/media?parent=7675"}],"curies":[{"name":"wp","href":"https:\/\/api.w.org\/{rel}","templated":true}]}}