{"id":7674,"date":"2024-05-03T06:26:28","date_gmt":"2024-05-03T06:26:28","guid":{"rendered":"https:\/\/elfsight.com\/de\/?page_id=7674"},"modified":"2025-02-17T05:57:59","modified_gmt":"2025-02-17T05:57:59","slug":"shopify","status":"publish","type":"page","link":"https:\/\/elfsight.com\/de\/airbnb-reviews-widget\/shopify\/","title":{"rendered":"Airbnb Reviews &#8211; Shopify"},"content":{"rendered":"\n<div class=\"application-platform-content-item-description application-platform-content-item\" id=\"description\" data-nav-section=\"description\"> <h2>Einbetten von Airbnb-Bewertungen auf Shopify mit dem Elfsight-Widget<\/h2> <p>Elfsight Airbnb-Bewertungen ist ein n\u00fctzliches Tool, das Ihnen bei der Demonstration hilft Ihre Website-Bewertungen zu Ihren Angeboten von Nutzern von Airbnb. Mit Hilfe unseres Widgets k\u00f6nnen Sie Filter anwenden, um unerw\u00fcnschte Bewertungen auszusortieren, Ihre Sterne- und Zahlenbewertungen von Airbnb anzuzeigen, Details zu den Autoren anzuzeigen und eine Schaltfl\u00e4che zu platzieren, die Besucher dazu umleitet, eine weitere Bewertung abzugeben Airbnb. Elfsight Airbnb-Bewertungen helfen Ihnen dabei, Ihren perfekten Social Proof auf Ihrer pers\u00f6nlichen Website zu pr\u00e4sentieren und neue Verk\u00e4ufe zu erzielen. <\/p> <div class=\"faq\" data-component=\"FAQ\"><div class=\"faq-item\">\r\n\t\t\t\t\t<div class=\"faq-item-question\">\r\n\t\t\t\t\t\t<h3 class=\"faq-item-question-text\">Wo auf meiner Website kann ich das Widget hinzuf\u00fcgen<\/h3>\r\n\r\n\t\t\t\t\t\t<div class=\"faq-item-question-icon\"><\/div>\r\n\t\t\t\t\t<\/div>\r\n\r\n\t\t\t\t\t<div class=\"faq-item-answer\">\r\n\t\t\t\t\t\t<div class=\"faq-item-answer-text\"> <p>Sie k\u00f6nnen das Widget in jede Seite Ihrer Website integrieren oder in die Vorlage einf\u00fcgen, in diesem Fall wird es das tun auf allen Seiten anzeigen. Bewertungen k\u00f6nnen gut auf Produktseiten oder auf der Seite \u201e\u00dcber uns\u201c funktionieren, wo Sie Benutzer mit Ihrer hohen Bewertung beeindrucken m\u00f6chten. <\/p> <\/div>\r\n\t\t\t\t\t<\/div>\r\n\t\t\t\t<\/div><div class=\"faq-item\">\r\n\t\t\t\t\t<div class=\"faq-item-question\">\r\n\t\t\t\t\t\t<h3 class=\"faq-item-question-text\">Wie profitiere ich von diesem Plugin?<\/h3>\r\n\r\n\t\t\t\t\t\t<div class=\"faq-item-question-icon\"><\/div>\r\n\t\t\t\t\t<\/div>\r\n\r\n\t\t\t\t\t<div class=\"faq-item-answer\">\r\n\t\t\t\t\t\t<div class=\"faq-item-answer-text\"> <p>Bewertungen, die von echten Menschen verfasst wurden, sind f\u00fcr die Benutzer Ihrer Website absolut vertrauensw\u00fcrdig und zeigen ihnen, dass Ihr Unternehmen vertrauensw\u00fcrdig ist. Eine hohe Bewertung und hervorragende Rezensionen k\u00f6nnen dazu beitragen, die K\u00e4ufe auf Ihrer Website anzukurbeln. Dar\u00fcber hinaus tr\u00e4gt die Weiterleitungsschaltfl\u00e4che dazu bei, dass mehr Kundenbewertungen zu Ihrem Unternehmen auf Airbnb angezeigt werden. <\/p> <\/div>\r\n\t\t\t\t\t<\/div>\r\n\t\t\t\t<\/div> <div class=\"faq-item\">\r\n\t\t\t\t\t<div class=\"faq-item-question\">\r\n\t\t\t\t\t\t<h3 class=\"faq-item-question-text\">Wie installiere ich Airbnb-Bewertungen auf meiner Shopify-Website?<\/h3>\r\n\r\n\t\t\t\t\t\t<div class=\"faq-item-question-icon\"><\/div>\r\n\t\t\t\t\t<\/div>\r\n\r\n\t\t\t\t\t<div class=\"faq-item-answer\">\r\n\t\t\t\t\t\t<div class=\"faq-item-answer-text\"> <p>Es dauert nur eine Minute, das Widget zu verwenden. Der Prozess ist sehr schnell, kostenlos und erfordert keine Programmierung. <\/p> <ol><li>In unserem Service k\u00f6nnen Sie Airbnb-Bewertungen zur Website hinzuf\u00fcgen. Befolgen Sie einfach die Schritte der kurzen Beschreibung unten auf dieser Seite. <\/li> <li>Elfsight Airbnb-Bewertungen k\u00f6nnen in unseren Service oder \u00fcber den Marktplatz eingebettet werden. Hier k\u00f6nnen Sie weitere Optionen vergleichen und Ihre ausw\u00e4hlen. <\/li> <\/ol> <\/div>\r\n\t\t\t\t\t<\/div>\r\n\t\t\t\t<\/div> <\/div> <\/div> <div class=\"application-platform-content-item-features application-platform-content-item\" id=\"features\" data-nav-section=\"features\"> <h2>Hauptfunktionen des Airbnb-Bewertungs-Widgets<\/h2> <p>F\u00fcr ein besseres Wissen In den Airbnb-Bewertungen k\u00f6nnen Sie die Liste der wichtigsten Funktionen lesen. Sie machen unser Widget f\u00fcr Ihre Website maximal effizient: <\/p> <ul> <li>Drei Filtervarianten: nach Typ, Ausschlie\u00dfen nach und Anzahl der anzuzeigenden Bewertungen; <\/li> <li>\u00dcber die Schaltfl\u00e4che zum Anfordern einer Bewertung werden Nutzer auf die Airbnb-Seite weitergeleitet. <\/li> <li>Zwei Varianten von Szenarios f\u00fcr die Ablehnung einer \u00dcberpr\u00fcfungsanfrage: Anzeigen einer Textnachricht oder Entfernen der Schaltfl\u00e4che. <\/li> <\/ul><p><a href=\"#demo\">Um alle Funktionen kennenzulernen, sehen Sie sich die Live-Demo an<\/a><\/p> <\/div> <div class=\"application-platform-content-item-installation application-platform-content-item\" id=\"installation\" data-nav-section=\"installation\"> <h2>Sehen Sie, wie Sie die Airbnb-Bewertungen in Ihren Shopify-Shop einf\u00fcgen<\/h2><div class=\"video-container\"><iframe width=\"560\" height=\"315\" src=\"https:\/\/www.youtube.com\/embed\/Vqjc4zTq7ZI?si=C616PYbdcFqIyFtw\" frameborder=\"0\" allow=\"accelerometer; autoplay; clipboard-write; encrypted-media; gyroscope; picture-in-picture; web-share\" allowfullscreen><\/iframe><\/div><p>Die folgenden Schritte sind das Einzige, was Sie zur Demonstration ben\u00f6tigen. <\/p> <ol><li><b>Verwalten Sie unseren kostenlosen Editor und beginnen Sie mit der Erstellung Ihrer personalisierten App. <\/b><br> Finden Sie die bevorzugte Anordnung und die Funktionsmerkmale der App und speichern Sie alle \u00c4nderungen. <\/li> <li><b>Kopieren Sie Ihren eindeutigen Code, der im Feld auf Elfsight Apps angezeigt wird. <\/b><br> Sobald die Einrichtung Ihrer App abgeschlossen ist, kopieren Sie den pers\u00f6nlichen Code aus dem angezeigten Fenster und bewahren Sie ihn f\u00fcr einen sp\u00e4teren Zeitpunkt auf. <\/li> <li><b>Beginnen Sie mit der Nutzung der App auf Ihrer Shopify-Website. <\/b><br> Integrieren Sie den zuvor kopierten Code in Ihre Website und \u00fcbernehmen Sie die \u00c4nderungen. <\/li> <li><b>Du bist fertig! Die Integration ist vollst\u00e4ndig durchgef\u00fchrt. <\/b><br> Gehen Sie zu Ihrer Website, um die Leistung der App anzuzeigen. <\/li><\/ol><p>Sie k\u00f6nnen sich immer noch nicht entscheiden? Oder haben Sie Fragen? Senden Sie einfach eine Anfrage an unseren Kundendienst, um jedes Problem zu l\u00f6sen. <\/p> <\/div>\n","protected":false},"excerpt":{"rendered":"","protected":false},"author":9,"featured_media":0,"parent":1519,"menu_order":0,"comment_status":"closed","ping_status":"closed","template":"templates\/template-application-platform.php","meta":{"publish_to_discourse":"","publish_post_category":"","wpdc_auto_publish_overridden":"","wpdc_topic_tags":"","wpdc_pin_topic":"","wpdc_pin_until":"","discourse_post_id":"","discourse_permalink":"","wpdc_publishing_response":"","wpdc_publishing_error":"","footnotes":""},"class_list":["post-7674","page","type-page","status-publish","hentry"],"yoast_head":"<!-- This site is optimized with the Yoast SEO plugin v25.3.1 - https:\/\/yoast.com\/wordpress\/plugins\/seo\/ -->\n<title>Betten Sie Airbnb-Bewertungen auf Ihrer Shopify-Website ein (einfach und schnell)<\/title>\n<meta name=\"description\" content=\"Es ist ganz einfach, Ihr Airbnb-Bewertungs-Widget zu gestalten und in Ihrem Shopify-Shop zu ver\u00f6ffentlichen. Der Elfsight-Kundensupport ist kostenlos.\" \/>\n<meta name=\"robots\" content=\"index, follow, max-snippet:-1, max-image-preview:large, max-video-preview:-1\" \/>\n<link rel=\"canonical\" href=\"https:\/\/elfsight.com\/de\/airbnb-reviews-widget\/shopify\/\" \/>\n<meta property=\"og:locale\" content=\"de_DE\" \/>\n<meta property=\"og:type\" content=\"article\" \/>\n<meta property=\"og:title\" content=\"Betten Sie Airbnb-Bewertungen auf Ihrer Shopify-Website ein (einfach und schnell)\" \/>\n<meta property=\"og:description\" content=\"Es ist ganz einfach, Ihr Airbnb-Bewertungs-Widget zu gestalten und in Ihrem Shopify-Shop zu ver\u00f6ffentlichen. Der Elfsight-Kundensupport ist kostenlos.\" \/>\n<meta property=\"og:url\" content=\"https:\/\/elfsight.com\/de\/airbnb-reviews-widget\/shopify\/\" \/>\n<meta property=\"og:site_name\" content=\"Elfsight DE\" \/>\n<meta property=\"article:modified_time\" content=\"2025-02-17T05:57:59+00:00\" \/>\n<meta name=\"twitter:card\" content=\"summary_large_image\" \/>\n<meta name=\"twitter:label1\" content=\"Gesch\u00e4tzte Lesezeit\" \/>\n\t<meta name=\"twitter:data1\" content=\"3\u00a0Minuten\" \/>\n<!-- \/ Yoast SEO plugin. -->","yoast_head_json":{"title":"Betten Sie Airbnb-Bewertungen auf Ihrer Shopify-Website ein (einfach und schnell)","description":"Es ist ganz einfach, Ihr Airbnb-Bewertungs-Widget zu gestalten und in Ihrem Shopify-Shop zu ver\u00f6ffentlichen. Der Elfsight-Kundensupport ist kostenlos.","robots":{"index":"index","follow":"follow","max-snippet":"max-snippet:-1","max-image-preview":"max-image-preview:large","max-video-preview":"max-video-preview:-1"},"canonical":"https:\/\/elfsight.com\/de\/airbnb-reviews-widget\/shopify\/","og_locale":"de_DE","og_type":"article","og_title":"Betten Sie Airbnb-Bewertungen auf Ihrer Shopify-Website ein (einfach und schnell)","og_description":"Es ist ganz einfach, Ihr Airbnb-Bewertungs-Widget zu gestalten und in Ihrem Shopify-Shop zu ver\u00f6ffentlichen. Der Elfsight-Kundensupport ist kostenlos.","og_url":"https:\/\/elfsight.com\/de\/airbnb-reviews-widget\/shopify\/","og_site_name":"Elfsight DE","article_modified_time":"2025-02-17T05:57:59+00:00","twitter_card":"summary_large_image","twitter_misc":{"Gesch\u00e4tzte Lesezeit":"3\u00a0Minuten"},"schema":{"@context":"https:\/\/schema.org","@graph":[{"@type":"WebPage","@id":"https:\/\/elfsight.com\/de\/airbnb-reviews-widget\/shopify\/","url":"https:\/\/elfsight.com\/de\/airbnb-reviews-widget\/shopify\/","name":"Betten Sie Airbnb-Bewertungen auf Ihrer Shopify-Website ein (einfach und schnell)","isPartOf":{"@id":"https:\/\/elfsight.com\/de\/#website"},"datePublished":"2024-05-03T06:26:28+00:00","dateModified":"2025-02-17T05:57:59+00:00","description":"Es ist ganz einfach, Ihr Airbnb-Bewertungs-Widget zu gestalten und in Ihrem Shopify-Shop zu ver\u00f6ffentlichen. Der Elfsight-Kundensupport ist kostenlos.","breadcrumb":{"@id":"https:\/\/elfsight.com\/de\/airbnb-reviews-widget\/shopify\/#breadcrumb"},"inLanguage":"de","potentialAction":[{"@type":"ReadAction","target":["https:\/\/elfsight.com\/de\/airbnb-reviews-widget\/shopify\/"]}]},{"@type":"BreadcrumbList","@id":"https:\/\/elfsight.com\/de\/airbnb-reviews-widget\/shopify\/#breadcrumb","itemListElement":[{"@type":"ListItem","position":1,"name":"Home","item":"https:\/\/elfsight.com\/de\/"},{"@type":"ListItem","position":2,"name":"Airbnb Reviews","item":"https:\/\/elfsight.com\/de\/airbnb-reviews-widget\/"},{"@type":"ListItem","position":3,"name":"Airbnb Reviews &#8211; Shopify"}]},{"@type":"WebSite","@id":"https:\/\/elfsight.com\/de\/#website","url":"https:\/\/elfsight.com\/de\/","name":"Elfsight DE","description":"Just another Elfsight Sites site","potentialAction":[{"@type":"SearchAction","target":{"@type":"EntryPoint","urlTemplate":"https:\/\/elfsight.com\/de\/?s={search_term_string}"},"query-input":{"@type":"PropertyValueSpecification","valueRequired":true,"valueName":"search_term_string"}}],"inLanguage":"de"}]}},"meta_box":{"industry":"","seo_heading":"","heading":"","description":"","cta_heading":"","cta_description":"","application":"488","h1":"Shopify Airbnb-Bewertungen","h1_caption":"Zeigen Sie Bewertungen aus Ihrem Airbnb-Eintrag an, um m\u00fchelos mehr G\u00e4ste mit echtem Feedback auf Ihre Shopify-Website zu locken.","application_category":[],"applications_title":"","applications_request_title":"","applications_request_button_text":"","hero_text":"","hero_video":"","hero_video_schema_markup":"","selling_points_title":"","selling_points_caption":"","selling_points":[],"selling_points_cta_text":"","features_title":"","features":"","ed_cta_examples_text":"","ed_cta_examples_hidden":"","ed_cta_demo_text":"","ed_cta_demo_hidden":"","why_caption":"","why_editor_title":"","why_editor_text":"","why_team_title":"","why_team_text":"","why_service_title":"","why_service_text":"","template_catalog_visible":"0","template_catalog_title":"","template_catalog_text":"","template_catalog_categories_visible":"","demo_title":"Erstellen Sie Ihre Airbnb-Bewertungen-App","demo_caption":"Konfigurieren Sie Ihre Airbnb-Bewertungen und f\u00fcgen Sie sie kostenlos zu Ihrer Shopify-Website hinzu!","default_faq_hidden":"","app_template_category":[],"platform":"253","template_public_id":"","codecanyon_url":"","codecanyon_item_id":"","codecanyon_price":"","pricing_caption":"","pricing_elfsight_apps_hide_column":"","pricing_elfsight_apps_url":"","pricing_codecanyon_price_caption":"","integration_category":[],"integration_request_title":"","integration_request_cta":"","integration_platform":"","integrations":[],"platform_category":[],"video_schema_markup":"","price":"ab 0 $ \/ Monat","trial":"","benefits":[{"text":"Kostenloser Installationsservice"},{"text":"Premium-Support"},{"text":"14-t\u00e4gige Geld-zur\u00fcck-Garantie"},{"text":"Kontinuierliche kostenlose Updates"}],"button_url":"#demo","button_target_blank":"0","button_nofollow":"0","attributes":[{"name":"Installiert","content":"10,000 - 100,000"},{"name":"Reaktionsfreudig","content":"Ja"},{"name":"Kompatible Browser","content":"Firefox, Safari, Opera, Chrome, Edge"}],"tags":[],"tags_disable_links":"0","hide_more_platforms":"0","video_object":"","demo_hide_cta":"0","demo_hide_cloud_options":"0","pricing_title":"","pricing":[{"pricing_icon":"platform","pricing_title":"Elfsight Apps","pricing_title_caption":"Plattform\u00fcbergreifende Version, die auf jeder Website funktioniert","pricing_price":"ab 0 $ \/ Monat","pricing_price_caption":"Beginnen Sie mit einem kostenlosen Plan","pricing_benefits":[{"text":"Unbegrenzte Websites"},{"text":"Premium-Support"},{"text":"Kostenloser Installationsservice"},{"text":"Sonderangebot f\u00fcr mehrere Apps"}],"pricing_button_text":"Zur Website hinzuf\u00fcgen","pricing_button_url":"#demo"}],"related_apps_title":"","related_apps_hidden":"0","author":"","image":[],"title":"","job":"","social_networks":[]},"_links":{"self":[{"href":"https:\/\/elfsight.com\/de\/wp-json\/wp\/v2\/pages\/7674","targetHints":{"allow":["GET"]}}],"collection":[{"href":"https:\/\/elfsight.com\/de\/wp-json\/wp\/v2\/pages"}],"about":[{"href":"https:\/\/elfsight.com\/de\/wp-json\/wp\/v2\/types\/page"}],"author":[{"embeddable":true,"href":"https:\/\/elfsight.com\/de\/wp-json\/wp\/v2\/users\/9"}],"replies":[{"embeddable":true,"href":"https:\/\/elfsight.com\/de\/wp-json\/wp\/v2\/comments?post=7674"}],"version-history":[{"count":3,"href":"https:\/\/elfsight.com\/de\/wp-json\/wp\/v2\/pages\/7674\/revisions"}],"predecessor-version":[{"id":24234,"href":"https:\/\/elfsight.com\/de\/wp-json\/wp\/v2\/pages\/7674\/revisions\/24234"}],"up":[{"embeddable":true,"href":"https:\/\/elfsight.com\/de\/wp-json\/wp\/v2\/pages\/1519"}],"wp:attachment":[{"href":"https:\/\/elfsight.com\/de\/wp-json\/wp\/v2\/media?parent=7674"}],"curies":[{"name":"wp","href":"https:\/\/api.w.org\/{rel}","templated":true}]}}