{"id":7673,"date":"2024-05-03T06:26:27","date_gmt":"2024-05-03T06:26:27","guid":{"rendered":"https:\/\/elfsight.com\/de\/?page_id=7673"},"modified":"2025-07-08T09:43:21","modified_gmt":"2025-07-08T09:43:21","slug":"opencart","status":"publish","type":"page","link":"https:\/\/elfsight.com\/de\/airbnb-reviews-widget\/opencart\/","title":{"rendered":"Airbnb Reviews &#8211; OpenCart"},"content":{"rendered":"<div class=\"application-platform-content-item-description application-platform-content-item\" id=\"description\" data-nav-section=\"description\"> <h2>Beschreibung<\/h2> <p>Wenn Sie Ihren Kunden Ihre Wertsch\u00e4tzung zum Ausdruck bringen und Website-Besucher davon \u00fcberzeugen m\u00f6chten, dass Ihre G\u00e4ste gerne Ihr Haus besuchen, Das Elfsight Airbnb-Bewertungs-Widget erledigt die Aufgabe. Mit diesem Widget k\u00f6nnen Sie auf Ihrer Website ganz einfach Kundenbewertungen von Airbnb mit Details zu den Autoren anzeigen. Sie k\u00f6nnen Filter verwenden, um nur die besten anzuzeigen, Bewertungen hinzuf\u00fcgen und eine aktive Schaltfl\u00e4che einrichten, die Benutzer zu Ihrem Airbnb-Konto f\u00fchrt, wo sie k\u00f6nnen Teilen Sie eine neue Bewertung. <\/p> <div class=\"faq\" data-component=\"FAQ\"><div class=\"faq-item\">\r\n\t\t\t\t\t<div class=\"faq-item-question\">\r\n\t\t\t\t\t\t<h3 class=\"faq-item-question-text\">Wo auf meiner Website kann ich das Widget ver\u00f6ffentlichen<\/h3>\r\n\r\n\t\t\t\t\t\t<div class=\"faq-item-question-icon\"><\/div>\r\n\t\t\t\t\t<\/div>\r\n\r\n\t\t\t\t\t<div class=\"faq-item-answer\">\r\n\t\t\t\t\t\t<div class=\"faq-item-answer-text\"> <p>Sie k\u00f6nnen das Bewertungs-Widget auf einer beliebigen Seite der Website einf\u00fcgen oder in die Website-Vorlage einf\u00fcgen, und das wird es auch erscheinen auf allen Seiten. Bewertungen sind auf Produktseiten oder auf der Seite \u201e\u00dcber uns\u201c wirksam, den Orten, an denen Sie Benutzer mit Ihrer hohen Bewertung beeindrucken m\u00f6chten. <\/p> <\/div>\r\n\t\t\t\t\t<\/div>\r\n\t\t\t\t<\/div><div class=\"faq-item\">\r\n\t\t\t\t\t<div class=\"faq-item-question\">\r\n\t\t\t\t\t\t<h3 class=\"faq-item-question-text\">Wie profitiere ich von diesem Plugin?<\/h3>\r\n\r\n\t\t\t\t\t\t<div class=\"faq-item-question-icon\"><\/div>\r\n\t\t\t\t\t<\/div>\r\n\r\n\t\t\t\t\t<div class=\"faq-item-answer\">\r\n\t\t\t\t\t\t<div class=\"faq-item-answer-text\"> <p>Bewertungen, die von echten Menschen hinterlassen wurden, erscheinen den Nutzern Ihrer Website glaubw\u00fcrdig und zeigen ihnen, dass Ihr Unternehmen zuverl\u00e4ssig ist. Eine hohe Bewertung und hervorragende Impressionen k\u00f6nnen dazu beitragen, den Umsatz Ihrer Website zu steigern. Au\u00dferdem kann die aktive Schaltfl\u00e4che dazu beitragen, dass mehr Nutzer Bewertungen zu Ihrem Unternehmen auf Airbnb abgeben. <\/p> <\/div>\r\n\t\t\t\t\t<\/div>\r\n\t\t\t\t<\/div> <div class=\"faq-item\">\r\n\t\t\t\t\t<div class=\"faq-item-question\">\r\n\t\t\t\t\t\t<h3 class=\"faq-item-question-text\">Was ben\u00f6tige ich, um Airbnb-Bewertungen in meine OpenCart-Website einzubetten?<\/h3>\r\n\r\n\t\t\t\t\t\t<div class=\"faq-item-question-icon\"><\/div>\r\n\t\t\t\t\t<\/div>\r\n\r\n\t\t\t\t\t<div class=\"faq-item-answer\">\r\n\t\t\t\t\t\t<div class=\"faq-item-answer-text\"> <p>Es dauert nur drei Minuten, bis das Widget betriebsbereit ist. Die Einbettung erfolgt wirklich schnell, kostenlos und ohne Programmieraufwand. <\/p> <ol><li>Es besteht die M\u00f6glichkeit, das Widget \u00fcber unseren Dienst auf der Webseite zu platzieren. Verwenden Sie einfach die Anleitung unten auf dieser Seite. <\/li> <li>Das Widget kann \u00fcber unseren Service oder \u00fcber den Marktplatz eingef\u00fchrt werden. Sie k\u00f6nnen alle Details dieser Optionen erfahren und eine passendere ausw\u00e4hlen. <\/li> <\/ol> <\/div>\r\n\t\t\t\t\t<\/div>\r\n\t\t\t\t<\/div> <\/div> <\/div> <div class=\"application-platform-content-item-features application-platform-content-item\" id=\"features\" data-nav-section=\"features\"> <h2>Funktionen<\/h2> <p>Um ein besseres Wissen \u00fcber Airbnb-Bewertungen zu erlangen, Entdecken Sie die Liste seiner wesentlichen Funktionen. Sie machen das Widget f\u00fcr Ihre Website maximal n\u00fctzlich: <\/p> <ul> <li>Vier gebrauchsfertige Layouts: Liste, Raster, Mauerwerk und Schieberegler; <\/li> <li>Die aktive Schaltfl\u00e4che zum Hinzuf\u00fcgen einer weiteren Bewertung leitet Personen zur Airbnb-Seite weiter; <\/li> <li>Zwei m\u00f6gliche Szenarien f\u00fcr die Ablehnung einer Bewertungsanfrage: Zeigen Sie Ihre Nachricht an oder verbergen Sie die Schaltfl\u00e4che. <\/li> <\/ul><p><a href=\"#demo\">Eine vollst\u00e4ndige Liste der Funktionen finden Sie in unserer Live-Demo<\/a><\/p> <\/div> <div class=\"application-platform-content-item-installation  application-platform-content-item\" id=\"installation \" data-nav-section=\"installation \"> <h2>Sehen Sie, wie Sie die Airbnb-Bewertungen in Ihre OpenCart-Website einbetten<\/h2> <p> Ein paar einfache Aktionen sind das Einzige, was Sie brauchen, um das Airbnb-Bewertungs-Widget aktiv zu haben. <\/p> <ol><li><b>F\u00fchren Sie unsere kostenlose Demo durch und beginnen Sie mit der Gestaltung Ihrer ma\u00dfgeschneiderten Rezensionserweiterung. <\/b><br> Bestimmen Sie die ausgew\u00e4hlte Anordnung und Leistung der Erweiterung und speichern Sie alle \u00c4nderungen. <\/li> <li><b>Erhalten Sie den in der Box gezeigten eindeutigen Code auf Elfsight Apps. <\/b><br> Sobald die Erstellung Ihrer Erweiterung abgeschlossen ist, kopieren Sie Ihren Code aus dem erscheinenden Feld und bewahren Sie ihn zur weiteren Verwendung auf. <\/li> <li><b>Initiieren Sie den Einsatz der Erweiterung auf der OpenCart-Site. <\/b><br> F\u00fcgen Sie den zuvor gespeicherten Code in Ihre Website ein und \u00fcbernehmen Sie die Anpassungen. <\/li> <li><b>Du bist fertig! Die Einbettung wurde erfolgreich durchgef\u00fchrt. <\/b><br> \u00d6ffnen Sie Ihre Webseite, um einen Blick auf die Arbeit der Erweiterung zu werfen. <\/li><\/ol><p>Immer noch nicht entschieden? Oder \u00fcber irgendetwas gestolpert? Nur eine einzige Anfrage an unser Support-Team hilft bei jedem Problem. <\/p> <\/div>","protected":false},"excerpt":{"rendered":"","protected":false},"author":9,"featured_media":0,"parent":1519,"menu_order":0,"comment_status":"closed","ping_status":"closed","template":"templates\/template-application-platform.php","meta":{"publish_to_discourse":"","publish_post_category":"","wpdc_auto_publish_overridden":"","wpdc_topic_tags":"","wpdc_pin_topic":"","wpdc_pin_until":"","discourse_post_id":"","discourse_permalink":"","wpdc_publishing_response":"","wpdc_publishing_error":"","footnotes":""},"class_list":["post-7673","page","type-page","status-publish","hentry"],"yoast_head":"<!-- This site is optimized with the Yoast SEO plugin v25.3.1 - https:\/\/yoast.com\/wordpress\/plugins\/seo\/ -->\n<title>Einbetten von Airbnb-Bewertungen auf Ihrer OpenCart-Website (2026)<\/title>\n<meta name=\"description\" content=\"Es ist ganz einfach, Ihr Airbnb-Bewertungs-Widget zu entwerfen und auf Ihrer OpenCart-Site anzuzeigen. Der Elfsight-Kundensupport ist kostenlos.\" \/>\n<meta name=\"robots\" content=\"index, follow, max-snippet:-1, max-image-preview:large, max-video-preview:-1\" \/>\n<link rel=\"canonical\" href=\"https:\/\/elfsight.com\/de\/airbnb-reviews-widget\/opencart\/\" \/>\n<meta property=\"og:locale\" content=\"de_DE\" \/>\n<meta property=\"og:type\" content=\"article\" \/>\n<meta property=\"og:title\" content=\"Einbetten von Airbnb-Bewertungen auf Ihrer OpenCart-Website (2026)\" \/>\n<meta property=\"og:description\" content=\"Es ist ganz einfach, Ihr Airbnb-Bewertungs-Widget zu entwerfen und auf Ihrer OpenCart-Site anzuzeigen. Der Elfsight-Kundensupport ist kostenlos.\" \/>\n<meta property=\"og:url\" content=\"https:\/\/elfsight.com\/de\/airbnb-reviews-widget\/opencart\/\" \/>\n<meta property=\"og:site_name\" content=\"Elfsight DE\" \/>\n<meta property=\"article:modified_time\" content=\"2025-07-08T09:43:21+00:00\" \/>\n<meta name=\"twitter:card\" content=\"summary_large_image\" \/>\n<meta name=\"twitter:label1\" content=\"Gesch\u00e4tzte Lesezeit\" \/>\n\t<meta name=\"twitter:data1\" content=\"3\u00a0Minuten\" \/>\n<!-- \/ Yoast SEO plugin. -->","yoast_head_json":{"title":"Einbetten von Airbnb-Bewertungen auf Ihrer OpenCart-Website (2026)","description":"Es ist ganz einfach, Ihr Airbnb-Bewertungs-Widget zu entwerfen und auf Ihrer OpenCart-Site anzuzeigen. Der Elfsight-Kundensupport ist kostenlos.","robots":{"index":"index","follow":"follow","max-snippet":"max-snippet:-1","max-image-preview":"max-image-preview:large","max-video-preview":"max-video-preview:-1"},"canonical":"https:\/\/elfsight.com\/de\/airbnb-reviews-widget\/opencart\/","og_locale":"de_DE","og_type":"article","og_title":"Einbetten von Airbnb-Bewertungen auf Ihrer OpenCart-Website (2026)","og_description":"Es ist ganz einfach, Ihr Airbnb-Bewertungs-Widget zu entwerfen und auf Ihrer OpenCart-Site anzuzeigen. Der Elfsight-Kundensupport ist kostenlos.","og_url":"https:\/\/elfsight.com\/de\/airbnb-reviews-widget\/opencart\/","og_site_name":"Elfsight DE","article_modified_time":"2025-07-08T09:43:21+00:00","twitter_card":"summary_large_image","twitter_misc":{"Gesch\u00e4tzte Lesezeit":"3\u00a0Minuten"},"schema":{"@context":"https:\/\/schema.org","@graph":[{"@type":"WebPage","@id":"https:\/\/elfsight.com\/de\/airbnb-reviews-widget\/opencart\/","url":"https:\/\/elfsight.com\/de\/airbnb-reviews-widget\/opencart\/","name":"Einbetten von Airbnb-Bewertungen auf Ihrer OpenCart-Website (2026)","isPartOf":{"@id":"https:\/\/elfsight.com\/de\/#website"},"datePublished":"2024-05-03T06:26:27+00:00","dateModified":"2025-07-08T09:43:21+00:00","description":"Es ist ganz einfach, Ihr Airbnb-Bewertungs-Widget zu entwerfen und auf Ihrer OpenCart-Site anzuzeigen. Der Elfsight-Kundensupport ist kostenlos.","breadcrumb":{"@id":"https:\/\/elfsight.com\/de\/airbnb-reviews-widget\/opencart\/#breadcrumb"},"inLanguage":"de","potentialAction":[{"@type":"ReadAction","target":["https:\/\/elfsight.com\/de\/airbnb-reviews-widget\/opencart\/"]}]},{"@type":"BreadcrumbList","@id":"https:\/\/elfsight.com\/de\/airbnb-reviews-widget\/opencart\/#breadcrumb","itemListElement":[{"@type":"ListItem","position":1,"name":"Home","item":"https:\/\/elfsight.com\/de\/"},{"@type":"ListItem","position":2,"name":"Airbnb Reviews","item":"https:\/\/elfsight.com\/de\/airbnb-reviews-widget\/"},{"@type":"ListItem","position":3,"name":"Airbnb Reviews &#8211; OpenCart"}]},{"@type":"WebSite","@id":"https:\/\/elfsight.com\/de\/#website","url":"https:\/\/elfsight.com\/de\/","name":"Elfsight DE","description":"Just another Elfsight Sites site","potentialAction":[{"@type":"SearchAction","target":{"@type":"EntryPoint","urlTemplate":"https:\/\/elfsight.com\/de\/?s={search_term_string}"},"query-input":{"@type":"PropertyValueSpecification","valueRequired":true,"valueName":"search_term_string"}}],"inLanguage":"de"}]}},"meta_box":{"industry":"","seo_heading":"","heading":"","description":"","cta_heading":"","cta_description":"","application":"488","h1":"OpenCart Airbnb-Bewertungen","h1_caption":"Zeigen Sie Bewertungen aus Ihrem Airbnb-Eintrag an, um m\u00fchelos mehr G\u00e4ste mit echtem Feedback auf Ihre Opencart-Website zu locken.","application_category":[],"applications_title":"","applications_request_title":"","applications_request_button_text":"","hero_text":"","hero_video":"","hero_video_schema_markup":"","selling_points_title":"","selling_points_caption":"","selling_points":[],"selling_points_cta_text":"","features_title":"","features":"","ed_cta_examples_text":"","ed_cta_examples_hidden":"","ed_cta_demo_text":"","ed_cta_demo_hidden":"","why_caption":"","why_editor_title":"","why_editor_text":"","why_team_title":"","why_team_text":"","why_service_title":"","why_service_text":"","template_catalog_visible":"","template_catalog_title":"","template_catalog_text":"","template_catalog_categories_visible":"","demo_title":"Erstellen Sie Ihre Airbnb-Bewertungen-Erweiterung","demo_caption":"Konfigurieren Sie Ihre Airbnb-Bewertungen und f\u00fcgen Sie sie kostenlos zu Ihrer OpenCart-Website hinzu!","default_faq_hidden":"","app_template_category":[],"platform":"254","template_public_id":"","codecanyon_url":"","codecanyon_item_id":"","codecanyon_price":"","pricing_caption":"","pricing_elfsight_apps_hide_column":"","pricing_elfsight_apps_url":"","pricing_codecanyon_price_caption":"","integration_category":[],"integration_request_title":"","integration_request_cta":"","integration_platform":"","integrations":[],"platform_category":[],"video_schema_markup":"","price":"ab 0 $ \/ Monat","trial":"","benefits":[{"text":"Kostenloser Installationsservice"},{"text":"Professioneller Kundenservice"},{"text":"14-t\u00e4gige R\u00fcckerstattungsgarantie"},{"text":"Kontinuierliche kostenlose Updates"}],"button_url":"#demo","button_target_blank":"","button_nofollow":"","attributes":[{"name":"Installiert","content":"10,000 - 100,000"},{"name":"Reaktionsfreudig","content":"Ja"},{"name":"Kompatible Browser","content":"Safari, Firefox, Opera, Edge, Chrome"}],"tags":[],"tags_disable_links":"","hide_more_platforms":"","video_object":"","demo_hide_cta":"","demo_hide_cloud_options":"","pricing_title":"","pricing":[{"pricing_icon":"platform","pricing_title":"Elfsight Apps","pricing_title_caption":"Plattformunabh\u00e4ngige Version, die zu jeder Website passt","pricing_price":"ab 0 $ \/ Monat","pricing_price_caption":"Beginnen Sie mit einem kostenlosen Plan","pricing_benefits":[{"text":"Unbegrenzte Websites"},{"text":"Professionelle Unternehmensunterst\u00fctzung"},{"text":"Kostenloser Installationsservice"},{"text":"Flexibles Design"}],"pricing_button_text":"Zur Website hinzuf\u00fcgen","pricing_button_url":"#demo"}],"related_apps_title":"","related_apps_hidden":"","author":"","image":[],"title":"","job":"","social_networks":[]},"_links":{"self":[{"href":"https:\/\/elfsight.com\/de\/wp-json\/wp\/v2\/pages\/7673","targetHints":{"allow":["GET"]}}],"collection":[{"href":"https:\/\/elfsight.com\/de\/wp-json\/wp\/v2\/pages"}],"about":[{"href":"https:\/\/elfsight.com\/de\/wp-json\/wp\/v2\/types\/page"}],"author":[{"embeddable":true,"href":"https:\/\/elfsight.com\/de\/wp-json\/wp\/v2\/users\/9"}],"replies":[{"embeddable":true,"href":"https:\/\/elfsight.com\/de\/wp-json\/wp\/v2\/comments?post=7673"}],"version-history":[{"count":1,"href":"https:\/\/elfsight.com\/de\/wp-json\/wp\/v2\/pages\/7673\/revisions"}],"predecessor-version":[{"id":7677,"href":"https:\/\/elfsight.com\/de\/wp-json\/wp\/v2\/pages\/7673\/revisions\/7677"}],"up":[{"embeddable":true,"href":"https:\/\/elfsight.com\/de\/wp-json\/wp\/v2\/pages\/1519"}],"wp:attachment":[{"href":"https:\/\/elfsight.com\/de\/wp-json\/wp\/v2\/media?parent=7673"}],"curies":[{"name":"wp","href":"https:\/\/api.w.org\/{rel}","templated":true}]}}