{"id":7667,"date":"2024-05-03T06:26:25","date_gmt":"2024-05-03T06:26:25","guid":{"rendered":"https:\/\/elfsight.com\/de\/?page_id=7667"},"modified":"2025-02-17T05:56:01","modified_gmt":"2025-02-17T05:56:01","slug":"html","status":"publish","type":"page","link":"https:\/\/elfsight.com\/de\/airbnb-reviews-widget\/html\/","title":{"rendered":"Airbnb Reviews &#8211; HTML"},"content":{"rendered":"\n<div class=\"application-platform-content-item-description application-platform-content-item\" id=\"description\" data-nav-section=\"description\"> <h2>Beschreibung<\/h2> <p>Wenn Sie Ihre hohe Wertsch\u00e4tzung bei Kunden unter Beweis stellen und Website-Besucher davon \u00fcberzeugen m\u00f6chten, dass Ihre Angebote preiswert sind F\u00fcr das Geld ist Elfsight Airbnb Reviews genau das Richtige f\u00fcr Sie. Mithilfe dieses Widgets k\u00f6nnen Sie schnell Kundenbewertungen von Airbnb mit Informationen zu den Autoren auf Ihrer Website einbetten, sie so filtern, dass nur positive Bewertungen angezeigt werden, Bewertungen hinzuf\u00fcgen und eine aktive Schaltfl\u00e4che einrichten, mit der Personen zu Ihrem Airbnb-Konto weitergeleitet werden, wo sie eine neue Bewertung abgeben k\u00f6nnen . <\/p> <div class=\"faq\" data-component=\"FAQ\"><div class=\"faq-item\">\r\n\t\t\t\t\t<div class=\"faq-item-question\">\r\n\t\t\t\t\t\t<h3 class=\"faq-item-question-text\">Wo kann ich Airbnb-Bewertungen einbetten<\/h3>\r\n\r\n\t\t\t\t\t\t<div class=\"faq-item-question-icon\"><\/div>\r\n\t\t\t\t\t<\/div>\r\n\r\n\t\t\t\t\t<div class=\"faq-item-answer\">\r\n\t\t\t\t\t\t<div class=\"faq-item-answer-text\"> <p>Sie k\u00f6nnen das Widget auf jeder Seite der Website einbetten oder in die Website-Vorlage integrieren, sodass es auf allen Seiten angezeigt wird . Bewertungen k\u00f6nnen auf Produktseiten oder auf der Seite \u201e\u00dcber uns\u201c wirksam sein, wo Sie Ihre hohe Wertsch\u00e4tzung unter Beweis stellen m\u00f6chten. <\/p> <\/div>\r\n\t\t\t\t\t<\/div>\r\n\t\t\t\t<\/div><div class=\"faq-item\">\r\n\t\t\t\t\t<div class=\"faq-item-question\">\r\n\t\t\t\t\t\t<h3 class=\"faq-item-question-text\">Welche Vorteile bringt es mir?<\/h3>\r\n\r\n\t\t\t\t\t\t<div class=\"faq-item-question-icon\"><\/div>\r\n\t\t\t\t\t<\/div>\r\n\r\n\t\t\t\t\t<div class=\"faq-item-answer\">\r\n\t\t\t\t\t\t<div class=\"faq-item-answer-text\"> <p>Bewertungen, die von echten Menschen verfasst wurden, sind f\u00fcr die Benutzer Ihrer Website \u00e4u\u00dferst glaubw\u00fcrdig und beweisen ihnen, dass Sie Ihrem Unternehmen vertrauen k\u00f6nnen. Eine hohe Bewertung und hervorragende Rezensionen k\u00f6nnen dazu beitragen, die Anzahl der K\u00e4ufe auf Ihrer Website zu steigern. Dar\u00fcber hinaus tr\u00e4gt die aktive Schaltfl\u00e4che dazu bei, die Anzahl der Kundenbewertungen zu Ihren Angeboten oder Dienstleistungen auf Airbnb zu erh\u00f6hen. <\/p> <\/div>\r\n\t\t\t\t\t<\/div>\r\n\t\t\t\t<\/div> <div class=\"faq-item\">\r\n\t\t\t\t\t<div class=\"faq-item-question\">\r\n\t\t\t\t\t\t<h3 class=\"faq-item-question-text\">Was ben\u00f6tige ich, um Airbnb-Bewertungen zu meiner HTML-Website hinzuzuf\u00fcgen?<\/h3>\r\n\r\n\t\t\t\t\t\t<div class=\"faq-item-question-icon\"><\/div>\r\n\t\t\t\t\t<\/div>\r\n\r\n\t\t\t\t\t<div class=\"faq-item-answer\">\r\n\t\t\t\t\t\t<div class=\"faq-item-answer-text\"> <p>Es dauert nur eine Minute, bis das Widget betriebsbereit ist. Es ist wirklich schnell, kostenlos und ohne Programmierung. <\/p> <ol><li>Es besteht die M\u00f6glichkeit, Airbnb-Bewertungen in die Website unseres Dienstes zu integrieren. Befolgen Sie einfach die nachstehenden Anweisungen auf dieser Seite. <\/li> <li>Elfsight Airbnb-Bewertungen k\u00f6nnen in unseren Service oder \u00fcber den Marktplatz integriert werden. Sie k\u00f6nnen die beiden Varianten n\u00e4her kennenlernen und die passende ausw\u00e4hlen. <\/li> <\/ol> <\/div>\r\n\t\t\t\t\t<\/div>\r\n\t\t\t\t<\/div> <\/div> <\/div> <div class=\"application-platform-content-item-features application-platform-content-item\" id=\"features\" data-nav-section=\"features\"> <h2>Funktionen<\/h2> <p>Um ein vollst\u00e4ndiges Verst\u00e4ndnis des Widgets zu erhalten, schauen Sie sich an die Liste seiner Hauptfunktionen. Sie machen unser Widget f\u00fcr Sie maximal n\u00fctzlich: <\/p> <ul> <li>Drei Filteroptionen: nach Typ, Ausschlie\u00dfen nach und Anzahl der anzuzeigenden Bewertungen; <\/li> <li>Die Schaltfl\u00e4che zum Anfordern einer Bewertung leitet Benutzer zu Ihrer Airbnb-Seite weiter. <\/li> <li>Zwei Varianten von Szenarios f\u00fcr die Ablehnung einer \u00dcberpr\u00fcfungsanfrage: Anzeigen einer Textnachricht oder Ausblenden der Schaltfl\u00e4che. <\/li> <\/ul><p><a href=\"#demo\">Um alle Funktionen zu testen, sehen Sie sich unsere Live-Demo an<\/a><\/p> <\/div> <div class=\"application-platform-content-item-installation application-platform-content-item\" id=\"installation\" data-nav-section=\"installation\"> <h2>Erfahren Sie, wie Sie die Airbnb-Bewertungen in Ihre HTML-Site einbetten<\/h2><div class=\"video-container\"><iframe width=\"560\" height=\"315\" src=\"https:\/\/www.youtube.com\/embed\/aRnt-iTdrNc?si=Dmquwanb8myoMbGD\" frameborder=\"0\" allow=\"accelerometer; autoplay; clipboard-write; encrypted-media; gyroscope; picture-in-picture; web-share\" allowfullscreen><\/iframe><\/div><p>Die folgenden Schritte sind das Einzige, was Sie einrichten m\u00fcssen. <\/p> <ol><li><b>Erstellen Sie Ihr eigenes Airbnb-Bewertungs-Plugin<\/b><br> Erstellen Sie mit unserem kostenlosen Konfigurator ein Plugin mit individuellem Aussehen und Funktionalit\u00e4t. <\/li><li><b>Besorgen Sie sich den individuellen Code, um das Plugin hinzuzuf\u00fcgen<\/b><br> Nachdem Sie Ihr Widget eingerichtet haben, erhalten Sie den individuellen Code aus dem erscheinenden Fenster von Elfsight Apps. Kopieren Sie diesen Code f\u00fcr die zuk\u00fcnftige Verwendung. <\/li> <li><b>F\u00fcgen Sie das Plugin auf Ihrer HTML-Site hinzu<\/b><br> W\u00e4hlen Sie die Stelle aus, an der Sie das Plugin anzeigen m\u00f6chten, und f\u00fcgen Sie dort den gespeicherten Code hinzu. Ver\u00f6ffentlichen Sie die \u00c4nderungen. <\/li> <li><b>Fertig! <\/b><br> Betreten Sie den Laden, um einen Blick auf Ihre Arbeit zu werfen. <\/li> <\/ol><p>Zweifeln Sie immer noch an etwas? Oder haben Sie Probleme? Senden Sie Ihre Anfrage einfach an unseren Kundendienst. Sie werden ihr Bestes tun, um jede Angelegenheit zu regeln. <\/p> <\/div>\n","protected":false},"excerpt":{"rendered":"","protected":false},"author":9,"featured_media":0,"parent":1519,"menu_order":0,"comment_status":"closed","ping_status":"closed","template":"templates\/template-application-platform.php","meta":{"publish_to_discourse":"","publish_post_category":"","wpdc_auto_publish_overridden":"","wpdc_topic_tags":"","wpdc_pin_topic":"","wpdc_pin_until":"","discourse_post_id":"","discourse_permalink":"","wpdc_publishing_response":"","wpdc_publishing_error":"","footnotes":""},"class_list":["post-7667","page","type-page","status-publish","hentry"],"yoast_head":"<!-- This site is optimized with the Yoast SEO plugin v25.3.1 - https:\/\/yoast.com\/wordpress\/plugins\/seo\/ -->\n<title>Betten Sie Airbnb-Bewertungen in Ihre HTML-Website ein (einfach und schnell)<\/title>\n<meta name=\"description\" content=\"Erstellen Sie mit Elfsight Ihre Airbnb-Bewertungen und f\u00fcgen Sie sie schnell und einfach in Ihre HTML-Website ein. Wir bieten kostenlosen Kundenservice und weitere Boni.\" \/>\n<meta name=\"robots\" content=\"index, follow, max-snippet:-1, max-image-preview:large, max-video-preview:-1\" \/>\n<link rel=\"canonical\" href=\"https:\/\/elfsight.com\/de\/airbnb-reviews-widget\/html\/\" \/>\n<meta property=\"og:locale\" content=\"de_DE\" \/>\n<meta property=\"og:type\" content=\"article\" \/>\n<meta property=\"og:title\" content=\"Betten Sie Airbnb-Bewertungen in Ihre HTML-Website ein (einfach und schnell)\" \/>\n<meta property=\"og:description\" content=\"Erstellen Sie mit Elfsight Ihre Airbnb-Bewertungen und f\u00fcgen Sie sie schnell und einfach in Ihre HTML-Website ein. Wir bieten kostenlosen Kundenservice und weitere Boni.\" \/>\n<meta property=\"og:url\" content=\"https:\/\/elfsight.com\/de\/airbnb-reviews-widget\/html\/\" \/>\n<meta property=\"og:site_name\" content=\"Elfsight DE\" \/>\n<meta property=\"article:modified_time\" content=\"2025-02-17T05:56:01+00:00\" \/>\n<meta name=\"twitter:card\" content=\"summary_large_image\" \/>\n<meta name=\"twitter:label1\" content=\"Gesch\u00e4tzte Lesezeit\" \/>\n\t<meta name=\"twitter:data1\" content=\"3\u00a0Minuten\" \/>\n<!-- \/ Yoast SEO plugin. -->","yoast_head_json":{"title":"Betten Sie Airbnb-Bewertungen in Ihre HTML-Website ein (einfach und schnell)","description":"Erstellen Sie mit Elfsight Ihre Airbnb-Bewertungen und f\u00fcgen Sie sie schnell und einfach in Ihre HTML-Website ein. Wir bieten kostenlosen Kundenservice und weitere Boni.","robots":{"index":"index","follow":"follow","max-snippet":"max-snippet:-1","max-image-preview":"max-image-preview:large","max-video-preview":"max-video-preview:-1"},"canonical":"https:\/\/elfsight.com\/de\/airbnb-reviews-widget\/html\/","og_locale":"de_DE","og_type":"article","og_title":"Betten Sie Airbnb-Bewertungen in Ihre HTML-Website ein (einfach und schnell)","og_description":"Erstellen Sie mit Elfsight Ihre Airbnb-Bewertungen und f\u00fcgen Sie sie schnell und einfach in Ihre HTML-Website ein. Wir bieten kostenlosen Kundenservice und weitere Boni.","og_url":"https:\/\/elfsight.com\/de\/airbnb-reviews-widget\/html\/","og_site_name":"Elfsight DE","article_modified_time":"2025-02-17T05:56:01+00:00","twitter_card":"summary_large_image","twitter_misc":{"Gesch\u00e4tzte Lesezeit":"3\u00a0Minuten"},"schema":{"@context":"https:\/\/schema.org","@graph":[{"@type":"WebPage","@id":"https:\/\/elfsight.com\/de\/airbnb-reviews-widget\/html\/","url":"https:\/\/elfsight.com\/de\/airbnb-reviews-widget\/html\/","name":"Betten Sie Airbnb-Bewertungen in Ihre HTML-Website ein (einfach und schnell)","isPartOf":{"@id":"https:\/\/elfsight.com\/de\/#website"},"datePublished":"2024-05-03T06:26:25+00:00","dateModified":"2025-02-17T05:56:01+00:00","description":"Erstellen Sie mit Elfsight Ihre Airbnb-Bewertungen und f\u00fcgen Sie sie schnell und einfach in Ihre HTML-Website ein. Wir bieten kostenlosen Kundenservice und weitere Boni.","breadcrumb":{"@id":"https:\/\/elfsight.com\/de\/airbnb-reviews-widget\/html\/#breadcrumb"},"inLanguage":"de","potentialAction":[{"@type":"ReadAction","target":["https:\/\/elfsight.com\/de\/airbnb-reviews-widget\/html\/"]}]},{"@type":"BreadcrumbList","@id":"https:\/\/elfsight.com\/de\/airbnb-reviews-widget\/html\/#breadcrumb","itemListElement":[{"@type":"ListItem","position":1,"name":"Home","item":"https:\/\/elfsight.com\/de\/"},{"@type":"ListItem","position":2,"name":"Airbnb Reviews","item":"https:\/\/elfsight.com\/de\/airbnb-reviews-widget\/"},{"@type":"ListItem","position":3,"name":"Airbnb Reviews &#8211; HTML"}]},{"@type":"WebSite","@id":"https:\/\/elfsight.com\/de\/#website","url":"https:\/\/elfsight.com\/de\/","name":"Elfsight DE","description":"Just another Elfsight Sites site","potentialAction":[{"@type":"SearchAction","target":{"@type":"EntryPoint","urlTemplate":"https:\/\/elfsight.com\/de\/?s={search_term_string}"},"query-input":{"@type":"PropertyValueSpecification","valueRequired":true,"valueName":"search_term_string"}}],"inLanguage":"de"}]}},"meta_box":{"industry":"","seo_heading":"","heading":"","description":"","cta_heading":"","cta_description":"","application":"488","h1":"HTML Airbnb-Bewertungen","h1_caption":"Zeigen Sie Bewertungen aus Ihrem Airbnb-Inserat an, um m\u00fchelos mehr G\u00e4ste mit echtem Feedback f\u00fcr Ihre HTML-Website zu gewinnen.","application_category":[],"applications_title":"","applications_request_title":"","applications_request_button_text":"","hero_text":"","hero_video":"","hero_video_schema_markup":"","selling_points_title":"","selling_points_caption":"","selling_points":[],"selling_points_cta_text":"","features_title":"","features":"","ed_cta_examples_text":"","ed_cta_examples_hidden":"","ed_cta_demo_text":"","ed_cta_demo_hidden":"","why_caption":"","why_editor_title":"","why_editor_text":"","why_team_title":"","why_team_text":"","why_service_title":"","why_service_text":"","template_catalog_visible":"0","template_catalog_title":"","template_catalog_text":"","template_catalog_categories_visible":"","demo_title":"Erstellen Sie Ihr Airbnb-Bewertungs-Widget","demo_caption":"Konfigurieren Sie Ihre Airbnb-Bewertungen und f\u00fcgen Sie sie kostenlos zu Ihrer HTML-Website hinzu!","default_faq_hidden":"","app_template_category":[],"platform":"260","template_public_id":"","codecanyon_url":"","codecanyon_item_id":"","codecanyon_price":"","pricing_caption":"","pricing_elfsight_apps_hide_column":"","pricing_elfsight_apps_url":"","pricing_codecanyon_price_caption":"","integration_category":[],"integration_request_title":"","integration_request_cta":"","integration_platform":"","integrations":[],"platform_category":[],"video_schema_markup":"","price":"ab 0 $ \/ Monat","trial":"","benefits":[{"text":"Kostenlose Installationsunterst\u00fctzung"},{"text":"Kompetenter Kundenservice"},{"text":"14-t\u00e4gige R\u00fcckerstattungsgarantie"},{"text":"Regelm\u00e4\u00dfige kostenlose Updates"}],"button_url":"#demo","button_target_blank":"0","button_nofollow":"0","attributes":[{"name":"Installiert","content":"10,000 - 100,000"},{"name":"Reaktionsfreudig","content":"Ja"},{"name":"Kompatible Browser","content":"Firefox, Safari, Opera, Chrome, Edge"}],"tags":[],"tags_disable_links":"0","hide_more_platforms":"0","video_object":"","demo_hide_cta":"0","demo_hide_cloud_options":"0","pricing_title":"","pricing":[{"pricing_icon":"platform","pricing_title":"Elfsight Apps","pricing_title_caption":"Plattform\u00fcbergreifende Version","pricing_price":"ab 0 $ \/ Monat","pricing_price_caption":"Beginnen Sie mit einem kostenlosen Plan","pricing_benefits":[{"text":"Unbegrenzte Domains"},{"text":"Engagierte Unternehmensunterst\u00fctzung"},{"text":"Kostenloser Installationsservice"},{"text":"Sonderangebot f\u00fcr mehrere Apps"}],"pricing_button_text":"Zur Website hinzuf\u00fcgen","pricing_button_url":"#demo"}],"related_apps_title":"","related_apps_hidden":"0","author":"","image":[],"title":"","job":"","social_networks":[]},"_links":{"self":[{"href":"https:\/\/elfsight.com\/de\/wp-json\/wp\/v2\/pages\/7667","targetHints":{"allow":["GET"]}}],"collection":[{"href":"https:\/\/elfsight.com\/de\/wp-json\/wp\/v2\/pages"}],"about":[{"href":"https:\/\/elfsight.com\/de\/wp-json\/wp\/v2\/types\/page"}],"author":[{"embeddable":true,"href":"https:\/\/elfsight.com\/de\/wp-json\/wp\/v2\/users\/9"}],"replies":[{"embeddable":true,"href":"https:\/\/elfsight.com\/de\/wp-json\/wp\/v2\/comments?post=7667"}],"version-history":[{"count":3,"href":"https:\/\/elfsight.com\/de\/wp-json\/wp\/v2\/pages\/7667\/revisions"}],"predecessor-version":[{"id":24233,"href":"https:\/\/elfsight.com\/de\/wp-json\/wp\/v2\/pages\/7667\/revisions\/24233"}],"up":[{"embeddable":true,"href":"https:\/\/elfsight.com\/de\/wp-json\/wp\/v2\/pages\/1519"}],"wp:attachment":[{"href":"https:\/\/elfsight.com\/de\/wp-json\/wp\/v2\/media?parent=7667"}],"curies":[{"name":"wp","href":"https:\/\/api.w.org\/{rel}","templated":true}]}}