{"id":7666,"date":"2024-05-03T06:26:24","date_gmt":"2024-05-03T06:26:24","guid":{"rendered":"https:\/\/elfsight.com\/de\/?page_id=7666"},"modified":"2025-07-08T09:43:10","modified_gmt":"2025-07-08T09:43:10","slug":"magento","status":"publish","type":"page","link":"https:\/\/elfsight.com\/de\/airbnb-reviews-widget\/magento\/","title":{"rendered":"Airbnb Reviews &#8211; Magento"},"content":{"rendered":"<div class=\"application-platform-content-item-description application-platform-content-item\" id=\"description\" data-nav-section=\"description\"> <h2>Beschreibung<\/h2> <p>Wenn Sie Ihre hohe Wertsch\u00e4tzung durch Kunden zeigen und Website-Besucher davon \u00fcberzeugen m\u00f6chten, dass Ihre Unterkunft einen Aufenthalt wert ist, Das Elfsight Airbnb-Bewertungs-Widget passt perfekt zu Ihnen. Mit unserem Tool f\u00fcgen Sie schnell Kundenbewertungen von Airbnb mit Informationen zu den Autoren auf Ihrer Website ein, filtern sie, um nur Positives zu zeigen, zeigen Bewertungen und eine Schaltfl\u00e4che zum Anfordern von Bewertungen an, \u00fcber die Benutzer zu Ihrem Airbnb-Konto weitergeleitet werden, damit sie sie teilen k\u00f6nnen noch eine Rezension. <\/p> <div class=\"faq\" data-component=\"FAQ\"><div class=\"faq-item\">\r\n\t\t\t\t\t<div class=\"faq-item-question\">\r\n\t\t\t\t\t\t<h3 class=\"faq-item-question-text\">Wo kann ich das Widget hinzuf\u00fcgen<\/h3>\r\n\r\n\t\t\t\t\t\t<div class=\"faq-item-question-icon\"><\/div>\r\n\t\t\t\t\t<\/div>\r\n\r\n\t\t\t\t\t<div class=\"faq-item-answer\">\r\n\t\t\t\t\t\t<div class=\"faq-item-answer-text\"> <p>Unser Widget kann auf jeder Seite eingebettet werden, auf der Sie Ihre hohe Wertsch\u00e4tzung und Beliebtheit bei Kunden zeigen m\u00f6chten. Wenn Sie es auf allen Seiten der Website ben\u00f6tigen, k\u00f6nnen Sie es einfach in die Website-Vorlage einf\u00fcgen. <\/p> <\/div>\r\n\t\t\t\t\t<\/div>\r\n\t\t\t\t<\/div><div class=\"faq-item\">\r\n\t\t\t\t\t<div class=\"faq-item-question\">\r\n\t\t\t\t\t\t<h3 class=\"faq-item-question-text\">Wie w\u00fcrde ich von Airbnb-Bewertungen profitieren?<\/h3>\r\n\r\n\t\t\t\t\t\t<div class=\"faq-item-question-icon\"><\/div>\r\n\t\t\t\t\t<\/div>\r\n\r\n\t\t\t\t\t<div class=\"faq-item-answer\">\r\n\t\t\t\t\t\t<div class=\"faq-item-answer-text\"> <p>Bewertungen von echten Menschen sind f\u00fcr Ihre Website-Besucher absolut vertrauensw\u00fcrdig und zeigen ihnen, dass Ihr Unternehmen zuverl\u00e4ssig ist. Eine hohe Bewertung und gute Eindr\u00fccke k\u00f6nnen dazu beitragen, den Umsatz Ihrer Website zu steigern. Au\u00dferdem kann die Weiterleitungsschaltfl\u00e4che dazu beitragen, dass mehr Kundenbewertungen zu Ihrem Unternehmen auf Airbnb angezeigt werden. <\/p> <\/div>\r\n\t\t\t\t\t<\/div>\r\n\t\t\t\t<\/div> <div class=\"faq-item\">\r\n\t\t\t\t\t<div class=\"faq-item-question\">\r\n\t\t\t\t\t\t<h3 class=\"faq-item-question-text\">Was ben\u00f6tige ich, um Airbnb-Bewertungen auf meiner Magento-Website hinzuzuf\u00fcgen?<\/h3>\r\n\r\n\t\t\t\t\t\t<div class=\"faq-item-question-icon\"><\/div>\r\n\t\t\t\t\t<\/div>\r\n\r\n\t\t\t\t\t<div class=\"faq-item-answer\">\r\n\t\t\t\t\t\t<div class=\"faq-item-answer-text\"> <p>Sie ben\u00f6tigen nur ein paar Minuten, um das Widget einzubetten. Der Prozess ist superschnell, kostenlos und erfordert keine Programmierung. <\/p> <ol><li>Sie k\u00f6nnen Airbnb-Bewertungen direkt \u00fcber unseren Service in Ihre Website einf\u00fcgen. Sehen Sie sich einfach die Anweisungen unten auf dieser Seite an. <\/li> <li>Elfsight Airbnb-Bewertungen k\u00f6nnen direkt in unseren Service oder \u00fcber den Marktplatz eingef\u00fcgt werden. Sie k\u00f6nnen die beiden Varianten vergleichen und sich f\u00fcr Ihre entscheiden. <\/li> <\/ol> <\/div>\r\n\t\t\t\t\t<\/div>\r\n\t\t\t\t<\/div> <\/div> <\/div> <div class=\"application-platform-content-item-features application-platform-content-item\" id=\"features\" data-nav-section=\"features\"> <h2>Funktionen<\/h2> <p>Um eine klarere Wahrnehmung des Widgets zu erhalten, sehen Sie sich die an Liste seiner herausragendsten Funktionen. Sie machen unser Widget f\u00fcr Ihr Gesch\u00e4ft wirklich effektiv: <\/p> <ul> <li>4 Arten von Layouts: Liste, Raster, Mauerwerk und Schieberegler; <\/li> <li>Eine Option zum Anzeigen oder Ausblenden der Kopfzeile des Widgets; <\/li> <li>Zwei m\u00f6gliche Szenarien f\u00fcr die Ablehnung einer \u00dcberpr\u00fcfungsanfrage: Zeigen Sie Ihre Nachricht an oder entfernen Sie die Schaltfl\u00e4che. <\/li> <\/ul><p><a href=\"#demo\">Um alle Funktionen zu entdecken, sehen Sie sich unsere Demo an<\/a><\/p> <\/div> <div class=\"application-platform-content-item-installation application-platform-content-item\" id=\"installation\" data-nav-section=\"installation\"> <h2>Erfahren Sie, wie Sie die Airbnb-Bewertungen in Ihre Magento-Website einbetten<\/h2> <p>Die folgenden Schritte sind das Einzige, was Sie tun m\u00fcssen, um mit der Verwendung des Widgets zu beginnen. <\/p> <ol><li><b>F\u00fchren Sie unseren kostenlosen Konfigurator aus und beginnen Sie mit der Gestaltung Ihrer ma\u00dfgeschneiderten Erweiterung. <\/b><br> Bestimmen Sie die bevorzugte Form und Spezifikationen der Erweiterung und speichern Sie alle \u00c4nderungen. <\/li> <li><b>Kopieren Sie den eindeutigen Code, der im Feld auf Elfsight Apps angezeigt wird. <\/b><br> Nachdem die Generierung Ihrer pers\u00f6nlichen Erweiterung abgeschlossen ist, kopieren Sie den exklusiven Code im angezeigten Popup und speichern Sie ihn zur sp\u00e4teren Verwendung. <\/li> <li><b>Initiieren Sie die Nutzung der Erweiterung auf Ihrer Magento-Website. <\/b><br> Integrieren Sie den zuvor gespeicherten Code in Ihre Website und speichern Sie die Korrekturen. <\/li> <li><b>Die Installation wurde erfolgreich beendet. <\/b><br> \u00d6ffnen Sie Ihre Webseite, um die Leistung der Erweiterung zu \u00fcberpr\u00fcfen. <\/li><\/ol><p>Immer noch unruhig? Oder \u00fcber irgendetwas gestolpert? Senden Sie einfach Ihre Anfrage an unseren Kundenservice, der Ihnen bei jeder Frage weiterhilft. <\/p> <\/div>","protected":false},"excerpt":{"rendered":"","protected":false},"author":9,"featured_media":0,"parent":1519,"menu_order":0,"comment_status":"closed","ping_status":"closed","template":"templates\/template-application-platform.php","meta":{"publish_to_discourse":"","publish_post_category":"","wpdc_auto_publish_overridden":"","wpdc_topic_tags":"","wpdc_pin_topic":"","wpdc_pin_until":"","discourse_post_id":"","discourse_permalink":"","wpdc_publishing_response":"","wpdc_publishing_error":"","footnotes":""},"class_list":["post-7666","page","type-page","status-publish","hentry"],"yoast_head":"<!-- This site is optimized with the Yoast SEO plugin v25.3.1 - https:\/\/yoast.com\/wordpress\/plugins\/seo\/ -->\n<title>Einbetten von Airbnb-Bewertungen auf Ihrer Magento-Website (2025)<\/title>\n<meta name=\"description\" content=\"Hier ist eine M\u00f6glichkeit, das Airbnb-Bewertungs-Widget zu erstellen und es in Ihre Magento-Website einzubetten. Erhalten Sie kostenlosen Kundensupport und andere Boni von Elfsight.\" \/>\n<meta name=\"robots\" content=\"index, follow, max-snippet:-1, max-image-preview:large, max-video-preview:-1\" \/>\n<link rel=\"canonical\" href=\"https:\/\/elfsight.com\/de\/airbnb-reviews-widget\/magento\/\" \/>\n<meta property=\"og:locale\" content=\"de_DE\" \/>\n<meta property=\"og:type\" content=\"article\" \/>\n<meta property=\"og:title\" content=\"Einbetten von Airbnb-Bewertungen auf Ihrer Magento-Website (2025)\" \/>\n<meta property=\"og:description\" content=\"Hier ist eine M\u00f6glichkeit, das Airbnb-Bewertungs-Widget zu erstellen und es in Ihre Magento-Website einzubetten. Erhalten Sie kostenlosen Kundensupport und andere Boni von Elfsight.\" \/>\n<meta property=\"og:url\" content=\"https:\/\/elfsight.com\/de\/airbnb-reviews-widget\/magento\/\" \/>\n<meta property=\"og:site_name\" content=\"Elfsight DE\" \/>\n<meta property=\"article:modified_time\" content=\"2025-07-08T09:43:10+00:00\" \/>\n<meta name=\"twitter:card\" content=\"summary_large_image\" \/>\n<meta name=\"twitter:label1\" content=\"Gesch\u00e4tzte Lesezeit\" \/>\n\t<meta name=\"twitter:data1\" content=\"3\u00a0Minuten\" \/>\n<!-- \/ Yoast SEO plugin. -->","yoast_head_json":{"title":"Einbetten von Airbnb-Bewertungen auf Ihrer Magento-Website (2025)","description":"Hier ist eine M\u00f6glichkeit, das Airbnb-Bewertungs-Widget zu erstellen und es in Ihre Magento-Website einzubetten. Erhalten Sie kostenlosen Kundensupport und andere Boni von Elfsight.","robots":{"index":"index","follow":"follow","max-snippet":"max-snippet:-1","max-image-preview":"max-image-preview:large","max-video-preview":"max-video-preview:-1"},"canonical":"https:\/\/elfsight.com\/de\/airbnb-reviews-widget\/magento\/","og_locale":"de_DE","og_type":"article","og_title":"Einbetten von Airbnb-Bewertungen auf Ihrer Magento-Website (2025)","og_description":"Hier ist eine M\u00f6glichkeit, das Airbnb-Bewertungs-Widget zu erstellen und es in Ihre Magento-Website einzubetten. Erhalten Sie kostenlosen Kundensupport und andere Boni von Elfsight.","og_url":"https:\/\/elfsight.com\/de\/airbnb-reviews-widget\/magento\/","og_site_name":"Elfsight DE","article_modified_time":"2025-07-08T09:43:10+00:00","twitter_card":"summary_large_image","twitter_misc":{"Gesch\u00e4tzte Lesezeit":"3\u00a0Minuten"},"schema":{"@context":"https:\/\/schema.org","@graph":[{"@type":"WebPage","@id":"https:\/\/elfsight.com\/de\/airbnb-reviews-widget\/magento\/","url":"https:\/\/elfsight.com\/de\/airbnb-reviews-widget\/magento\/","name":"Einbetten von Airbnb-Bewertungen auf Ihrer Magento-Website (2025)","isPartOf":{"@id":"https:\/\/elfsight.com\/de\/#website"},"datePublished":"2024-05-03T06:26:24+00:00","dateModified":"2025-07-08T09:43:10+00:00","description":"Hier ist eine M\u00f6glichkeit, das Airbnb-Bewertungs-Widget zu erstellen und es in Ihre Magento-Website einzubetten. Erhalten Sie kostenlosen Kundensupport und andere Boni von Elfsight.","breadcrumb":{"@id":"https:\/\/elfsight.com\/de\/airbnb-reviews-widget\/magento\/#breadcrumb"},"inLanguage":"de","potentialAction":[{"@type":"ReadAction","target":["https:\/\/elfsight.com\/de\/airbnb-reviews-widget\/magento\/"]}]},{"@type":"BreadcrumbList","@id":"https:\/\/elfsight.com\/de\/airbnb-reviews-widget\/magento\/#breadcrumb","itemListElement":[{"@type":"ListItem","position":1,"name":"Home","item":"https:\/\/elfsight.com\/de\/"},{"@type":"ListItem","position":2,"name":"Airbnb Reviews","item":"https:\/\/elfsight.com\/de\/airbnb-reviews-widget\/"},{"@type":"ListItem","position":3,"name":"Airbnb Reviews &#8211; Magento"}]},{"@type":"WebSite","@id":"https:\/\/elfsight.com\/de\/#website","url":"https:\/\/elfsight.com\/de\/","name":"Elfsight DE","description":"Just another Elfsight Sites site","potentialAction":[{"@type":"SearchAction","target":{"@type":"EntryPoint","urlTemplate":"https:\/\/elfsight.com\/de\/?s={search_term_string}"},"query-input":{"@type":"PropertyValueSpecification","valueRequired":true,"valueName":"search_term_string"}}],"inLanguage":"de"}]}},"meta_box":{"industry":"","seo_heading":"","heading":"","description":"","cta_heading":"","cta_description":"","application":"488","h1":"Magento Airbnb-Bewertungen","h1_caption":"Zeigen Sie Bewertungen aus Ihrem Airbnb-Eintrag an, um m\u00fchelos mehr G\u00e4ste mit echtem Feedback auf Ihre Magento-Website zu locken.","application_category":[],"applications_title":"","applications_request_title":"","applications_request_button_text":"","hero_text":"","hero_video":"","hero_video_schema_markup":"","selling_points_title":"","selling_points_caption":"","selling_points":[],"selling_points_cta_text":"","features_title":"","features":"","ed_cta_examples_text":"","ed_cta_examples_hidden":"","ed_cta_demo_text":"","ed_cta_demo_hidden":"","why_caption":"","why_editor_title":"","why_editor_text":"","why_team_title":"","why_team_text":"","why_service_title":"","why_service_text":"","template_catalog_visible":"","template_catalog_title":"","template_catalog_text":"","template_catalog_categories_visible":"","demo_title":"Erstellen Sie Ihre Airbnb-Bewertungen-Erweiterung","demo_caption":"Konfigurieren Sie Ihre Airbnb-Bewertungen und f\u00fcgen Sie sie kostenlos zu Ihrer Magento-Website hinzu!","default_faq_hidden":"","app_template_category":[],"platform":"256","template_public_id":"","codecanyon_url":"","codecanyon_item_id":"","codecanyon_price":"","pricing_caption":"","pricing_elfsight_apps_hide_column":"","pricing_elfsight_apps_url":"","pricing_codecanyon_price_caption":"","integration_category":[],"integration_request_title":"","integration_request_cta":"","integration_platform":"","integrations":[],"platform_category":[],"video_schema_markup":"","price":"ab 0 $ \/ Monat","trial":"","benefits":[{"text":"Kostenloser Installationsservice"},{"text":"Premium-Support"},{"text":"14-t\u00e4gige R\u00fcckerstattungsgarantie"},{"text":"Lebenslange Verbesserungen"}],"button_url":"#demo","button_target_blank":"","button_nofollow":"","attributes":[{"name":"Installiert","content":"10,000 - 100,000"},{"name":"Reaktionsfreudig","content":"Ja"},{"name":"Kompatible Browser","content":"Firefox, Safari, Opera, Chrome, Edge"}],"tags":[],"tags_disable_links":"","hide_more_platforms":"","video_object":"","demo_hide_cta":"","demo_hide_cloud_options":"","pricing_title":"","pricing":[{"pricing_icon":"platform","pricing_title":"Elfsight Apps","pricing_title_caption":"Plattform\u00fcbergreifende Version, die f\u00fcr jede Website geeignet ist","pricing_price":"ab 0 $ \/ Monat","pricing_price_caption":"Beginnen Sie mit einem kostenlosen Plan","pricing_benefits":[{"text":"Unbegrenzte Domains"},{"text":"Engagierte Unternehmensunterst\u00fctzung und gut dokumentiert"},{"text":"Kostenlose Installationshilfe"},{"text":"100 % anpassbar"}],"pricing_button_text":"Zur Website hinzuf\u00fcgen","pricing_button_url":"#demo"}],"related_apps_title":"","related_apps_hidden":"","author":"","image":[],"title":"","job":"","social_networks":[]},"_links":{"self":[{"href":"https:\/\/elfsight.com\/de\/wp-json\/wp\/v2\/pages\/7666","targetHints":{"allow":["GET"]}}],"collection":[{"href":"https:\/\/elfsight.com\/de\/wp-json\/wp\/v2\/pages"}],"about":[{"href":"https:\/\/elfsight.com\/de\/wp-json\/wp\/v2\/types\/page"}],"author":[{"embeddable":true,"href":"https:\/\/elfsight.com\/de\/wp-json\/wp\/v2\/users\/9"}],"replies":[{"embeddable":true,"href":"https:\/\/elfsight.com\/de\/wp-json\/wp\/v2\/comments?post=7666"}],"version-history":[{"count":2,"href":"https:\/\/elfsight.com\/de\/wp-json\/wp\/v2\/pages\/7666\/revisions"}],"predecessor-version":[{"id":21168,"href":"https:\/\/elfsight.com\/de\/wp-json\/wp\/v2\/pages\/7666\/revisions\/21168"}],"up":[{"embeddable":true,"href":"https:\/\/elfsight.com\/de\/wp-json\/wp\/v2\/pages\/1519"}],"wp:attachment":[{"href":"https:\/\/elfsight.com\/de\/wp-json\/wp\/v2\/media?parent=7666"}],"curies":[{"name":"wp","href":"https:\/\/api.w.org\/{rel}","templated":true}]}}