{"id":7665,"date":"2024-05-03T06:26:23","date_gmt":"2024-05-03T06:26:23","guid":{"rendered":"https:\/\/elfsight.com\/de\/?page_id=7665"},"modified":"2025-07-08T09:42:59","modified_gmt":"2025-07-08T09:42:59","slug":"jquery","status":"publish","type":"page","link":"https:\/\/elfsight.com\/de\/airbnb-reviews-widget\/jquery\/","title":{"rendered":"Airbnb Reviews &#8211; jQuery"},"content":{"rendered":"<div class=\"application-platform-content-item-description application-platform-content-item\" id=\"description\" data-nav-section=\"description\"> <h2>Beschreibung<\/h2> <p>Wenn Sie Ihren Kunden Ihre Wertsch\u00e4tzung zeigen und Website-Besucher davon \u00fcberzeugen m\u00f6chten, dass Ihre Produkte oder Dienstleistungen den Kauf wert sind Das Elfsight Airbnb-Bewertungs-Widget passt perfekt zu Ihnen. Mit diesem Tool k\u00f6nnen Sie die Bewertungen von Airbnb-Benutzern mit Informationen zu ihren Autoren in Ihre Website integrieren, sie so sortieren, dass nur gute Bewertungen angezeigt werden, Bewertungen hinzuf\u00fcgen und eine aktive Schaltfl\u00e4che einrichten, die Benutzer auf Ihre Airbnb-Seite bringt, damit sie etwas hinzuf\u00fcgen k\u00f6nnen noch eine Rezension. <\/p> <div class=\"faq\" data-component=\"FAQ\"><div class=\"faq-item\">\r\n\t\t\t\t\t<div class=\"faq-item-question\">\r\n\t\t\t\t\t\t<h3 class=\"faq-item-question-text\">Wo kann ich das Widget anzeigen<\/h3>\r\n\r\n\t\t\t\t\t\t<div class=\"faq-item-question-icon\"><\/div>\r\n\t\t\t\t\t<\/div>\r\n\r\n\t\t\t\t\t<div class=\"faq-item-answer\">\r\n\t\t\t\t\t\t<div class=\"faq-item-answer-text\"> <p>Sie k\u00f6nnen das Widget auf einer beliebigen Seite der Website oder in die Website-Vorlage einf\u00fcgen und es wird auf allen Seiten angezeigt . Bewertungen sind auf Produktseiten oder auf der Seite \u201e\u00dcber uns\u201c wirksam, wo Sie mit Ihrer hohen Wertsch\u00e4tzung prahlen m\u00fcssen. <\/p> <\/div>\r\n\t\t\t\t\t<\/div>\r\n\t\t\t\t<\/div><div class=\"faq-item\">\r\n\t\t\t\t\t<div class=\"faq-item-question\">\r\n\t\t\t\t\t\t<h3 class=\"faq-item-question-text\">Wie kann ich von diesem Plugin profitieren?<\/h3>\r\n\r\n\t\t\t\t\t\t<div class=\"faq-item-question-icon\"><\/div>\r\n\t\t\t\t\t<\/div>\r\n\r\n\t\t\t\t\t<div class=\"faq-item-answer\">\r\n\t\t\t\t\t\t<div class=\"faq-item-answer-text\"> <p>Bewertungen von echten Menschen sind f\u00fcr Ihre Website-Kunden absolut vertrauensw\u00fcrdig und bedeuten f\u00fcr sie, dass Ihr Unternehmen zuverl\u00e4ssig ist. Eine hohe Bewertung und hervorragende Rezensionen k\u00f6nnen dazu beitragen, den Umsatz Ihrer Website zu steigern. Dar\u00fcber hinaus tr\u00e4gt die Weiterleitungsschaltfl\u00e4che dazu bei, dass mehr Kundenbewertungen zu Ihren Unterkunftsdienstleistungen auf Airbnb vorliegen. <\/p> <\/div>\r\n\t\t\t\t\t<\/div>\r\n\t\t\t\t<\/div> <div class=\"faq-item\">\r\n\t\t\t\t\t<div class=\"faq-item-question\">\r\n\t\t\t\t\t\t<h3 class=\"faq-item-question-text\">Wie kann ich Airbnb-Bewertungen zu meiner jQuery-Website hinzuf\u00fcgen? <\/h3>\r\n\r\n\t\t\t\t\t\t<div class=\"faq-item-question-icon\"><\/div>\r\n\t\t\t\t\t<\/div>\r\n\r\n\t\t\t\t\t<div class=\"faq-item-answer\">\r\n\t\t\t\t\t\t<div class=\"faq-item-answer-text\"> <p>Es dauert drei Minuten, bis das Widget betriebsbereit ist. Es ist superschnell, kostenlos und erfordert keine Programmierung. <\/p> <ol><li>\u00dcber unseren Service k\u00f6nnen Sie Airbnb-Bewertungen in Ihre Webseite integrieren. Befolgen Sie einfach die Schritte der Kurzbeschreibung weiter unten auf dieser Seite. <\/li> <li>Elfsight Airbnb-Bewertungen k\u00f6nnen \u00fcber unseren Service oder \u00fcber den Marktplatz hinzugef\u00fcgt werden. Sie k\u00f6nnen die Vorteile dieser Varianten kennenlernen und eine passendere ausw\u00e4hlen. <\/li> <\/ol> <\/div>\r\n\t\t\t\t\t<\/div>\r\n\t\t\t\t<\/div> <\/div> <\/div> <div class=\"application-platform-content-item-features application-platform-content-item\" id=\"features\" data-nav-section=\"features\"> <h2>Funktionen<\/h2> <p>Um ein klares Wissen \u00fcber Airbnb-Bewertungen zu erhalten, schauen Sie sich an die Liste seiner Hauptmerkmale. Sie machen das Widget f\u00fcr Sie wirklich effektiv:<\/p> <ul> <li>Drei vordefinierte Filter: nach Typ, Ausschlie\u00dfen nach und Anzahl der anzuzeigenden Bewertungen; <\/li> <li>Die Schaltfl\u00e4che \u201eBewertungsanfrage\u201c f\u00fchrt Besucher zur Airbnb-Seite. <\/li> <li>Zwei m\u00f6gliche Szenarien f\u00fcr die Ablehnung einer \u00dcberpr\u00fcfungsanfrage: Anzeigen einer benutzerdefinierten Nachricht oder Ausblenden der Schaltfl\u00e4che. <\/li> <\/ul><p><a href=\"#demo\">Unsere Live-Demo zeigt Ihnen weitere Funktionen<\/a><\/p> <\/div> <div class=\"application-platform-content-item-installation application-platform-content-item\" id=\"installation\" data-nav-section=\"installation\"> <h2>\u00dcberpr\u00fcfen Sie, wie Sie die Airbnb-Bewertungen in Ihre jQuery-Website integrieren<\/h2> <p> Nur ein paar schnelle Schritte sind das Einzige, was Sie demonstrieren m\u00fcssen.<\/p> <ol><li><b>Erstellen Sie Ihre pers\u00f6nlichen Airbnb-Bewertungen-Plugin<\/b><br> Verwalten Sie unseren kostenlosen Konfigurator und erstellen Sie ein Plugin mit einem bevorzugten Layout und einer bevorzugten Funktionalit\u00e4t.<\/li><li><b>Erhalten Sie den individuellen Code zur Integration des Plugins<\/b><br> Nachdem Sie Ihr Widget erstellt haben, erhalten Sie den individuellen Code aus dem erscheinenden Fenster auf Elfsight Apps. Kopieren Sie den Code zur sp\u00e4teren Verwendung.<\/li> <li><b>Zeigen Sie das Plugin auf Ihrer jQuery-Website an<\/b><br> W\u00e4hlen Sie den Ort aus, an dem Sie das Plugin einbetten m\u00f6chten, und f\u00fcgen Sie den kopierten Code dort ein. Ver\u00f6ffentlichen Sie die \u00c4nderungen. <\/li> <li><b>Die Einrichtung ist abgeschlossen.<\/b><br> Besuchen Sie die Website, um einen Blick auf Ihre Arbeit zu werfen.<\/li> <\/ol><p>Sie haben immer noch etwas, das Sie begeistert unsicher? Oder haben Sie Fragen? Schreiben Sie einfach eine Anfrage an unseren Kundensupport. <\/p> <\/div>","protected":false},"excerpt":{"rendered":"","protected":false},"author":9,"featured_media":0,"parent":1519,"menu_order":0,"comment_status":"closed","ping_status":"closed","template":"templates\/template-application-platform.php","meta":{"publish_to_discourse":"","publish_post_category":"","wpdc_auto_publish_overridden":"","wpdc_topic_tags":"","wpdc_pin_topic":"","wpdc_pin_until":"","discourse_post_id":"","discourse_permalink":"","wpdc_publishing_response":"","wpdc_publishing_error":"","footnotes":""},"class_list":["post-7665","page","type-page","status-publish","hentry"],"yoast_head":"<!-- This site is optimized with the Yoast SEO plugin v25.3.1 - https:\/\/yoast.com\/wordpress\/plugins\/seo\/ -->\n<title>Betten Sie Airbnb-Bewertungen auf Ihrer jQuery-Website ein (in 2 Minuten)<\/title>\n<meta name=\"description\" content=\"Hier ist eine M\u00f6glichkeit, das Airbnb-Bewertungs-Widget zu erstellen und es in Ihre jQuery-Website zu integrieren. Genie\u00dfen Sie kostenlosen Kundensupport und andere Verg\u00fcnstigungen von Elfsight.\" \/>\n<meta name=\"robots\" content=\"index, follow, max-snippet:-1, max-image-preview:large, max-video-preview:-1\" \/>\n<link rel=\"canonical\" href=\"https:\/\/elfsight.com\/de\/airbnb-reviews-widget\/jquery\/\" \/>\n<meta property=\"og:locale\" content=\"de_DE\" \/>\n<meta property=\"og:type\" content=\"article\" \/>\n<meta property=\"og:title\" content=\"Betten Sie Airbnb-Bewertungen auf Ihrer jQuery-Website ein (in 2 Minuten)\" \/>\n<meta property=\"og:description\" content=\"Hier ist eine M\u00f6glichkeit, das Airbnb-Bewertungs-Widget zu erstellen und es in Ihre jQuery-Website zu integrieren. Genie\u00dfen Sie kostenlosen Kundensupport und andere Verg\u00fcnstigungen von Elfsight.\" \/>\n<meta property=\"og:url\" content=\"https:\/\/elfsight.com\/de\/airbnb-reviews-widget\/jquery\/\" \/>\n<meta property=\"og:site_name\" content=\"Elfsight DE\" \/>\n<meta property=\"article:modified_time\" content=\"2025-07-08T09:42:59+00:00\" \/>\n<meta name=\"twitter:card\" content=\"summary_large_image\" \/>\n<meta name=\"twitter:label1\" content=\"Gesch\u00e4tzte Lesezeit\" \/>\n\t<meta name=\"twitter:data1\" content=\"3\u00a0Minuten\" \/>\n<!-- \/ Yoast SEO plugin. -->","yoast_head_json":{"title":"Betten Sie Airbnb-Bewertungen auf Ihrer jQuery-Website ein (in 2 Minuten)","description":"Hier ist eine M\u00f6glichkeit, das Airbnb-Bewertungs-Widget zu erstellen und es in Ihre jQuery-Website zu integrieren. Genie\u00dfen Sie kostenlosen Kundensupport und andere Verg\u00fcnstigungen von Elfsight.","robots":{"index":"index","follow":"follow","max-snippet":"max-snippet:-1","max-image-preview":"max-image-preview:large","max-video-preview":"max-video-preview:-1"},"canonical":"https:\/\/elfsight.com\/de\/airbnb-reviews-widget\/jquery\/","og_locale":"de_DE","og_type":"article","og_title":"Betten Sie Airbnb-Bewertungen auf Ihrer jQuery-Website ein (in 2 Minuten)","og_description":"Hier ist eine M\u00f6glichkeit, das Airbnb-Bewertungs-Widget zu erstellen und es in Ihre jQuery-Website zu integrieren. Genie\u00dfen Sie kostenlosen Kundensupport und andere Verg\u00fcnstigungen von Elfsight.","og_url":"https:\/\/elfsight.com\/de\/airbnb-reviews-widget\/jquery\/","og_site_name":"Elfsight DE","article_modified_time":"2025-07-08T09:42:59+00:00","twitter_card":"summary_large_image","twitter_misc":{"Gesch\u00e4tzte Lesezeit":"3\u00a0Minuten"},"schema":{"@context":"https:\/\/schema.org","@graph":[{"@type":"WebPage","@id":"https:\/\/elfsight.com\/de\/airbnb-reviews-widget\/jquery\/","url":"https:\/\/elfsight.com\/de\/airbnb-reviews-widget\/jquery\/","name":"Betten Sie Airbnb-Bewertungen auf Ihrer jQuery-Website ein (in 2 Minuten)","isPartOf":{"@id":"https:\/\/elfsight.com\/de\/#website"},"datePublished":"2024-05-03T06:26:23+00:00","dateModified":"2025-07-08T09:42:59+00:00","description":"Hier ist eine M\u00f6glichkeit, das Airbnb-Bewertungs-Widget zu erstellen und es in Ihre jQuery-Website zu integrieren. Genie\u00dfen Sie kostenlosen Kundensupport und andere Verg\u00fcnstigungen von Elfsight.","breadcrumb":{"@id":"https:\/\/elfsight.com\/de\/airbnb-reviews-widget\/jquery\/#breadcrumb"},"inLanguage":"de","potentialAction":[{"@type":"ReadAction","target":["https:\/\/elfsight.com\/de\/airbnb-reviews-widget\/jquery\/"]}]},{"@type":"BreadcrumbList","@id":"https:\/\/elfsight.com\/de\/airbnb-reviews-widget\/jquery\/#breadcrumb","itemListElement":[{"@type":"ListItem","position":1,"name":"Home","item":"https:\/\/elfsight.com\/de\/"},{"@type":"ListItem","position":2,"name":"Airbnb Reviews","item":"https:\/\/elfsight.com\/de\/airbnb-reviews-widget\/"},{"@type":"ListItem","position":3,"name":"Airbnb Reviews &#8211; jQuery"}]},{"@type":"WebSite","@id":"https:\/\/elfsight.com\/de\/#website","url":"https:\/\/elfsight.com\/de\/","name":"Elfsight DE","description":"Just another Elfsight Sites site","potentialAction":[{"@type":"SearchAction","target":{"@type":"EntryPoint","urlTemplate":"https:\/\/elfsight.com\/de\/?s={search_term_string}"},"query-input":{"@type":"PropertyValueSpecification","valueRequired":true,"valueName":"search_term_string"}}],"inLanguage":"de"}]}},"meta_box":{"industry":"","seo_heading":"","heading":"","description":"","cta_heading":"","cta_description":"","application":"488","h1":"jQuery Airbnb-Bewertungen","h1_caption":"Zeigen Sie Bewertungen aus Ihrem Airbnb-Eintrag an, um m\u00fchelos mehr G\u00e4ste mit echtem Feedback auf Ihre jQuery-Website zu locken.","application_category":[],"applications_title":"","applications_request_title":"","applications_request_button_text":"","hero_text":"","hero_video":"","hero_video_schema_markup":"","selling_points_title":"","selling_points_caption":"","selling_points":[],"selling_points_cta_text":"","features_title":"","features":"","ed_cta_examples_text":"","ed_cta_examples_hidden":"","ed_cta_demo_text":"","ed_cta_demo_hidden":"","why_caption":"","why_editor_title":"","why_editor_text":"","why_team_title":"","why_team_text":"","why_service_title":"","why_service_text":"","template_catalog_visible":"","template_catalog_title":"","template_catalog_text":"","template_catalog_categories_visible":"","demo_title":"Erstellen Sie Ihr Airbnb-Bewertungs-Plugin","demo_caption":"Konfigurieren Sie Ihre Airbnb-Bewertungen und f\u00fcgen Sie sie kostenlos zu Ihrer jQuery-Website hinzu!","default_faq_hidden":"","app_template_category":[],"platform":"258","template_public_id":"","codecanyon_url":"","codecanyon_item_id":"","codecanyon_price":"","pricing_caption":"","pricing_elfsight_apps_hide_column":"","pricing_elfsight_apps_url":"","pricing_codecanyon_price_caption":"","integration_category":[],"integration_request_title":"","integration_request_cta":"","integration_platform":"","integrations":[],"platform_category":[],"video_schema_markup":"","price":"ab 0 $ \/ Monat","trial":"","benefits":[{"text":"Kostenloser Installationsservice"},{"text":"Premium-Support"},{"text":"14-t\u00e4gige Geld-zur\u00fcck-Garantie"},{"text":"Fortlaufende Entwicklung"}],"button_url":"#demo","button_target_blank":"","button_nofollow":"","attributes":[{"name":"Installiert","content":"10,000 - 100,000"},{"name":"Reaktionsfreudig","content":"Ja"},{"name":"Kompatible Browser","content":"Firefox, Safari, Opera, Chrome, Edge"}],"tags":[],"tags_disable_links":"","hide_more_platforms":"","video_object":"","demo_hide_cta":"","demo_hide_cloud_options":"","pricing_title":"","pricing":[{"pricing_icon":"platform","pricing_title":"Elfsight Apps","pricing_title_caption":"Plattform\u00fcbergreifende digitale L\u00f6sung, die f\u00fcr jeden Standort geeignet ist","pricing_price":"ab 0 $ \/ Monat","pricing_price_caption":"Beginnen Sie mit einem kostenlosen Plan","pricing_benefits":[{"text":"Unbegrenzte Websites"},{"text":"Premium-Kundensupport"},{"text":"Kostenlose Installationshilfe"},{"text":"Flexibles Design"}],"pricing_button_text":"Zur Website hinzuf\u00fcgen","pricing_button_url":"#demo"}],"related_apps_title":"","related_apps_hidden":"","author":"","image":[],"title":"","job":"","social_networks":[]},"_links":{"self":[{"href":"https:\/\/elfsight.com\/de\/wp-json\/wp\/v2\/pages\/7665","targetHints":{"allow":["GET"]}}],"collection":[{"href":"https:\/\/elfsight.com\/de\/wp-json\/wp\/v2\/pages"}],"about":[{"href":"https:\/\/elfsight.com\/de\/wp-json\/wp\/v2\/types\/page"}],"author":[{"embeddable":true,"href":"https:\/\/elfsight.com\/de\/wp-json\/wp\/v2\/users\/9"}],"replies":[{"embeddable":true,"href":"https:\/\/elfsight.com\/de\/wp-json\/wp\/v2\/comments?post=7665"}],"version-history":[{"count":2,"href":"https:\/\/elfsight.com\/de\/wp-json\/wp\/v2\/pages\/7665\/revisions"}],"predecessor-version":[{"id":21167,"href":"https:\/\/elfsight.com\/de\/wp-json\/wp\/v2\/pages\/7665\/revisions\/21167"}],"up":[{"embeddable":true,"href":"https:\/\/elfsight.com\/de\/wp-json\/wp\/v2\/pages\/1519"}],"wp:attachment":[{"href":"https:\/\/elfsight.com\/de\/wp-json\/wp\/v2\/media?parent=7665"}],"curies":[{"name":"wp","href":"https:\/\/api.w.org\/{rel}","templated":true}]}}