{"id":7659,"date":"2024-05-03T06:26:21","date_gmt":"2024-05-03T06:26:21","guid":{"rendered":"https:\/\/elfsight.com\/de\/?page_id=7659"},"modified":"2025-02-17T05:52:55","modified_gmt":"2025-02-17T05:52:55","slug":"elementor","status":"publish","type":"page","link":"https:\/\/elfsight.com\/de\/airbnb-reviews-widget\/elementor\/","title":{"rendered":"Airbnb Reviews &#8211; Elementor"},"content":{"rendered":"\n<div class=\"application-platform-content-item-description application-platform-content-item\" id=\"description\" data-nav-section=\"description\"> <h2>Airbnb-Bewertungen auf Elementor mit dem Elfsight-Widget einbetten<\/h2> <p>Elfsight Airbnb-Bewertungen ist ein unkompliziertes Tool, das Ihnen beim Anzeigen hilft Auf der Website finden Sie Bewertungen zu Ihren Produkten oder Dienstleistungen von Airbnb-Nutzern. Mit diesem Widget k\u00f6nnen Sie mithilfe von Filtern unerw\u00fcnschte Bewertungen ausblenden, Ihre Sterne- und Zahlenbewertungen von Airbnb angeben, Informationen \u00fcber die Autoren anzeigen und eine Schaltfl\u00e4che anzeigen, die Besucher dazu umleitet, ihre Bewertung auf Airbnb zu schreiben. Elfsight Airbnb-Bewertungen helfen Ihnen dabei, Ihren hohen Social Proof auf der Website zu zeigen und den Umsatz zu steigern. <\/p> <div class=\"faq\" data-component=\"FAQ\"><div class=\"faq-item\">\r\n\t\t\t\t\t<div class=\"faq-item-question\">\r\n\t\t\t\t\t\t<h3 class=\"faq-item-question-text\">Wo kann ich dieses Plugin hinzuf\u00fcgen<\/h3>\r\n\r\n\t\t\t\t\t\t<div class=\"faq-item-question-icon\"><\/div>\r\n\t\t\t\t\t<\/div>\r\n\r\n\t\t\t\t\t<div class=\"faq-item-answer\">\r\n\t\t\t\t\t\t<div class=\"faq-item-answer-text\"> <p>Es steht Ihnen frei, das Bewertungs-Widget auf einer beliebigen Seite Ihrer Website einzubetten oder in die Website-Vorlage einzuf\u00fcgen, und das wird auch so sein auf allen Seiten angezeigt. Bewertungen k\u00f6nnen auf Produktseiten oder auf der Seite \u201e\u00dcber uns\u201c wirksam sein, also auf Website-Bereichen, in denen Sie Ihre hohe Bewertung demonstrieren m\u00f6chten. <\/p> <\/div>\r\n\t\t\t\t\t<\/div>\r\n\t\t\t\t<\/div><div class=\"faq-item\">\r\n\t\t\t\t\t<div class=\"faq-item-question\">\r\n\t\t\t\t\t\t<h3 class=\"faq-item-question-text\">Was sind die Vorteile des Widgets f\u00fcr mich? <\/h3>\r\n\r\n\t\t\t\t\t\t<div class=\"faq-item-question-icon\"><\/div>\r\n\t\t\t\t\t<\/div>\r\n\r\n\t\t\t\t\t<div class=\"faq-item-answer\">\r\n\t\t\t\t\t\t<div class=\"faq-item-answer-text\"> <p>Bewertungen, die von echten Menschen geteilt werden, sind f\u00fcr Ihre Website-Besucher \u00e4u\u00dferst vertrauensw\u00fcrdig und beweisen ihnen, dass Ihr Unternehmen zuverl\u00e4ssig ist Partner. Eine hohe Bewertung und hervorragende Rezensionen k\u00f6nnen dazu beitragen, den Umsatz auf Ihrer Website zu steigern. Dar\u00fcber hinaus kann die aktive Schaltfl\u00e4che zu mehr Kundenbewertungen zu Ihren Angeboten oder Dienstleistungen auf Airbnb beitragen. <\/p> <\/div>\r\n\t\t\t\t\t<\/div>\r\n\t\t\t\t<\/div> <div class=\"faq-item\">\r\n\t\t\t\t\t<div class=\"faq-item-question\">\r\n\t\t\t\t\t\t<h3 class=\"faq-item-question-text\">Wie kann ich Airbnb-Bewertungen auf meiner Elementor-Website einbetten? <\/h3>\r\n\r\n\t\t\t\t\t\t<div class=\"faq-item-question-icon\"><\/div>\r\n\t\t\t\t\t<\/div>\r\n\r\n\t\t\t\t\t<div class=\"faq-item-answer\">\r\n\t\t\t\t\t\t<div class=\"faq-item-answer-text\"> <p>Die Einrichtung des Widgets dauert eine Minute. Der Prozess ist wirklich schnell, kostenlos und erfordert keine Programmierung. <\/p> <ol><li>\u00dcber unseren Service besteht die M\u00f6glichkeit, Airbnb-Bewertungen in Ihre Webseite einzuf\u00fcgen. Dazu m\u00fcssen Sie sich die Anleitung unten auf dieser Seite ansehen. <\/li> <li>Elfsight Airbnb-Bewertungen k\u00f6nnen \u00fcber unseren Service oder \u00fcber den Marktplatz integriert werden. Hier k\u00f6nnen Sie alle Details zu beiden Varianten erfahren und sich Ihre aussuchen. <\/li> <\/ol> <\/div>\r\n\t\t\t\t\t<\/div>\r\n\t\t\t\t<\/div> <\/div> <\/div> <div class=\"application-platform-content-item-features application-platform-content-item\" id=\"features\" data-nav-section=\"features\"> <h2>Hauptfunktionen des Airbnb-Bewertungs-Widgets<\/h2> <p>Um ein umfassendes Verst\u00e4ndnis zu vermitteln In den Airbnb-Bewertungen k\u00f6nnen Sie sich die Liste der wichtigsten Funktionen ansehen. Sie machen das Widget f\u00fcr Sie wirklich n\u00fctzlich: <\/p> <ul> <li>3 gebrauchsfertige Filter: nach Typ, Ausschlie\u00dfen nach und Anzahl der anzuzeigenden Bewertungen; <\/li> <li>Die Schaltfl\u00e4che zum Anfordern einer Bewertung leitet Benutzer zu Ihrer Airbnb-Seite weiter. <\/li> <li>Zwei alternative Szenarien nach der Ablehnung einer \u00dcberpr\u00fcfungsanfrage: Anzeigen einer benutzerdefinierten Nachricht oder Ausblenden der Schaltfl\u00e4che. <\/li> <\/ul><p><a href=\"#demo\">Um alle Funktionen zu erkunden, sehen Sie sich unsere Live-Demo an<\/a><\/p> <\/div> <div class=\"application-platform-content-item-installation application-platform-content-item\" id=\"installation\" data-nav-section=\"installation\"> <h2>\u00dcberpr\u00fcfen Sie, wie Sie die Airbnb-Bewertungen in Ihre Elementor-Website einf\u00fcgen<\/h2><div class=\"video-container\"><iframe width=\"560\" height=\"315\" src=\"https:\/\/www.youtube.com\/embed\/8slWJdqidVY?si=hIWODdemhAkjTGUd\" frameborder=\"0\" allow=\"accelerometer; autoplay; clipboard-write; encrypted-media; gyroscope; picture-in-picture; web-share\" allowfullscreen><\/iframe><\/div><p>Diese verschiedenen Aktionen sind das Einzige, was Sie integrieren m\u00fcssen. <\/p> <ol><li><b>Erstellen Sie Ihr individuelles Airbnb-Plugin<\/b><br> Gestalten Sie in unserer kostenlosen Demo ein Plugin mit einer bevorzugten Benutzeroberfl\u00e4che und funktionalen Merkmalen.<\/li><li><b>Kopieren Sie den individuellen Code, um das Plugin einzurichten.<\/b><br> Nachdem Sie Ihr Widget angepasst haben, erhalten Sie den Installationscode im angezeigten Fenster von Elfsight Apps. Kopieren Sie diesen Code.<\/li> <li><b> Das Plugin auf Ihrer Elementor-Website<\/b><br> W\u00e4hlen Sie die Stelle aus, an der Sie das Plugin anzeigen m\u00f6chten, und f\u00fcgen Sie dort den kopierten Code ein. Wenden Sie die Ergebnisse an.<\/li> <li><b>Fertig!<\/b><br> Gehen Sie zur Webseite, um Ihre Arbeit anzusehen.<\/li> <\/ol><p>Sie haben immer noch Zweifel? Oder \u00fcber irgendetwas gestolpert? Schreiben Sie einfach eine Anfrage an unseren Kundendienst. Sie werden jede Art von \u00c4rger l\u00f6sen. <\/p> <\/div>\n","protected":false},"excerpt":{"rendered":"","protected":false},"author":9,"featured_media":0,"parent":1519,"menu_order":0,"comment_status":"closed","ping_status":"closed","template":"templates\/template-application-platform.php","meta":{"publish_to_discourse":"","publish_post_category":"","wpdc_auto_publish_overridden":"","wpdc_topic_tags":"","wpdc_pin_topic":"","wpdc_pin_until":"","discourse_post_id":"","discourse_permalink":"","wpdc_publishing_response":"","wpdc_publishing_error":"","footnotes":""},"class_list":["post-7659","page","type-page","status-publish","hentry"],"yoast_head":"<!-- This site is optimized with the Yoast SEO plugin v25.3.1 - https:\/\/yoast.com\/wordpress\/plugins\/seo\/ -->\n<title>Einbetten von Airbnb-Bewertungen auf Ihrer Elementor-Website (2025)<\/title>\n<meta name=\"description\" content=\"Das Erstellen Ihres Airbnb-Bewertungs-Widgets ist ein Kinderspiel. F\u00fcgen Sie das Widget in Sekundenschnelle zu Ihrer Elementor-Site hinzu. Der Kundendienst von Elfsight ist kostenlos.\" \/>\n<meta name=\"robots\" content=\"index, follow, max-snippet:-1, max-image-preview:large, max-video-preview:-1\" \/>\n<link rel=\"canonical\" href=\"https:\/\/elfsight.com\/de\/airbnb-reviews-widget\/elementor\/\" \/>\n<meta property=\"og:locale\" content=\"de_DE\" \/>\n<meta property=\"og:type\" content=\"article\" \/>\n<meta property=\"og:title\" content=\"Einbetten von Airbnb-Bewertungen auf Ihrer Elementor-Website (2025)\" \/>\n<meta property=\"og:description\" content=\"Das Erstellen Ihres Airbnb-Bewertungs-Widgets ist ein Kinderspiel. F\u00fcgen Sie das Widget in Sekundenschnelle zu Ihrer Elementor-Site hinzu. Der Kundendienst von Elfsight ist kostenlos.\" \/>\n<meta property=\"og:url\" content=\"https:\/\/elfsight.com\/de\/airbnb-reviews-widget\/elementor\/\" \/>\n<meta property=\"og:site_name\" content=\"Elfsight DE\" \/>\n<meta property=\"article:modified_time\" content=\"2025-02-17T05:52:55+00:00\" \/>\n<meta name=\"twitter:card\" content=\"summary_large_image\" \/>\n<meta name=\"twitter:label1\" content=\"Gesch\u00e4tzte Lesezeit\" \/>\n\t<meta name=\"twitter:data1\" content=\"3\u00a0Minuten\" \/>\n<!-- \/ Yoast SEO plugin. -->","yoast_head_json":{"title":"Einbetten von Airbnb-Bewertungen auf Ihrer Elementor-Website (2025)","description":"Das Erstellen Ihres Airbnb-Bewertungs-Widgets ist ein Kinderspiel. F\u00fcgen Sie das Widget in Sekundenschnelle zu Ihrer Elementor-Site hinzu. Der Kundendienst von Elfsight ist kostenlos.","robots":{"index":"index","follow":"follow","max-snippet":"max-snippet:-1","max-image-preview":"max-image-preview:large","max-video-preview":"max-video-preview:-1"},"canonical":"https:\/\/elfsight.com\/de\/airbnb-reviews-widget\/elementor\/","og_locale":"de_DE","og_type":"article","og_title":"Einbetten von Airbnb-Bewertungen auf Ihrer Elementor-Website (2025)","og_description":"Das Erstellen Ihres Airbnb-Bewertungs-Widgets ist ein Kinderspiel. F\u00fcgen Sie das Widget in Sekundenschnelle zu Ihrer Elementor-Site hinzu. Der Kundendienst von Elfsight ist kostenlos.","og_url":"https:\/\/elfsight.com\/de\/airbnb-reviews-widget\/elementor\/","og_site_name":"Elfsight DE","article_modified_time":"2025-02-17T05:52:55+00:00","twitter_card":"summary_large_image","twitter_misc":{"Gesch\u00e4tzte Lesezeit":"3\u00a0Minuten"},"schema":{"@context":"https:\/\/schema.org","@graph":[{"@type":"WebPage","@id":"https:\/\/elfsight.com\/de\/airbnb-reviews-widget\/elementor\/","url":"https:\/\/elfsight.com\/de\/airbnb-reviews-widget\/elementor\/","name":"Einbetten von Airbnb-Bewertungen auf Ihrer Elementor-Website (2025)","isPartOf":{"@id":"https:\/\/elfsight.com\/de\/#website"},"datePublished":"2024-05-03T06:26:21+00:00","dateModified":"2025-02-17T05:52:55+00:00","description":"Das Erstellen Ihres Airbnb-Bewertungs-Widgets ist ein Kinderspiel. F\u00fcgen Sie das Widget in Sekundenschnelle zu Ihrer Elementor-Site hinzu. Der Kundendienst von Elfsight ist kostenlos.","breadcrumb":{"@id":"https:\/\/elfsight.com\/de\/airbnb-reviews-widget\/elementor\/#breadcrumb"},"inLanguage":"de","potentialAction":[{"@type":"ReadAction","target":["https:\/\/elfsight.com\/de\/airbnb-reviews-widget\/elementor\/"]}]},{"@type":"BreadcrumbList","@id":"https:\/\/elfsight.com\/de\/airbnb-reviews-widget\/elementor\/#breadcrumb","itemListElement":[{"@type":"ListItem","position":1,"name":"Home","item":"https:\/\/elfsight.com\/de\/"},{"@type":"ListItem","position":2,"name":"Airbnb Reviews","item":"https:\/\/elfsight.com\/de\/airbnb-reviews-widget\/"},{"@type":"ListItem","position":3,"name":"Airbnb Reviews &#8211; Elementor"}]},{"@type":"WebSite","@id":"https:\/\/elfsight.com\/de\/#website","url":"https:\/\/elfsight.com\/de\/","name":"Elfsight DE","description":"Just another Elfsight Sites site","potentialAction":[{"@type":"SearchAction","target":{"@type":"EntryPoint","urlTemplate":"https:\/\/elfsight.com\/de\/?s={search_term_string}"},"query-input":{"@type":"PropertyValueSpecification","valueRequired":true,"valueName":"search_term_string"}}],"inLanguage":"de"}]}},"meta_box":{"industry":"","seo_heading":"","heading":"","description":"","cta_heading":"","cta_description":"","application":"488","h1":"Elementor Airbnb-Bewertungen","h1_caption":"Zeigen Sie Bewertungen aus Ihrem Airbnb-Eintrag an, um m\u00fchelos mehr G\u00e4ste mit echtem Feedback auf Ihre Elementor-Website zu locken.","application_category":[],"applications_title":"","applications_request_title":"","applications_request_button_text":"","hero_text":"","hero_video":"","hero_video_schema_markup":"","selling_points_title":"","selling_points_caption":"","selling_points":[],"selling_points_cta_text":"","features_title":"","features":"","ed_cta_examples_text":"","ed_cta_examples_hidden":"","ed_cta_demo_text":"","ed_cta_demo_hidden":"","why_caption":"","why_editor_title":"","why_editor_text":"","why_team_title":"","why_team_text":"","why_service_title":"","why_service_text":"","template_catalog_visible":"0","template_catalog_title":"","template_catalog_text":"","template_catalog_categories_visible":"","demo_title":"Erstellen Sie Ihr Airbnb-Bewertungs-Widget","demo_caption":"Konfigurieren Sie Ihre Airbnb-Bewertungen und f\u00fcgen Sie sie kostenlos zu Ihrer Elementor-Website hinzu!","default_faq_hidden":"","app_template_category":[],"platform":"223","template_public_id":"","codecanyon_url":"","codecanyon_item_id":"","codecanyon_price":"","pricing_caption":"","pricing_elfsight_apps_hide_column":"","pricing_elfsight_apps_url":"","pricing_codecanyon_price_caption":"","integration_category":[],"integration_request_title":"","integration_request_cta":"","integration_platform":"","integrations":[],"platform_category":[],"video_schema_markup":"","price":"ab 0 $ \/ Monat","trial":"","benefits":[{"text":"Kostenlose Installationsunterst\u00fctzung"},{"text":"Erfahrener Kundensupport"},{"text":"14-t\u00e4gige R\u00fcckerstattungsgarantie"},{"text":"Laufende Updates"}],"button_url":"#demo","button_target_blank":"0","button_nofollow":"0","attributes":[{"name":"Installiert","content":"10,000 - 100,000"},{"name":"Reaktionsfreudig","content":"Ja"},{"name":"Kompatible Browser","content":"Firefox, Safari, Opera, Chrome, Edge"}],"tags":[],"tags_disable_links":"0","hide_more_platforms":"0","video_object":"","demo_hide_cta":"0","demo_hide_cloud_options":"0","pricing_title":"","pricing":[{"pricing_icon":"platform","pricing_title":"Elfsight Apps","pricing_title_caption":"Plattformunabh\u00e4ngige L\u00f6sung, die f\u00fcr jede Site geeignet ist","pricing_price":"ab 0 $ \/ Monat","pricing_price_caption":"Beginnen Sie mit einem kostenlosen Plan","pricing_benefits":[{"text":"Unbegrenzte Domains"},{"text":"Schneller Kundensupport"},{"text":"Kostenlose Installationsunterst\u00fctzung"},{"text":"Tolles Angebot f\u00fcr mehrere Apps"}],"pricing_button_text":"Zur Website hinzuf\u00fcgen","pricing_button_url":"#demo"}],"related_apps_title":"","related_apps_hidden":"0","author":"","image":[],"title":"","job":"","social_networks":[]},"_links":{"self":[{"href":"https:\/\/elfsight.com\/de\/wp-json\/wp\/v2\/pages\/7659","targetHints":{"allow":["GET"]}}],"collection":[{"href":"https:\/\/elfsight.com\/de\/wp-json\/wp\/v2\/pages"}],"about":[{"href":"https:\/\/elfsight.com\/de\/wp-json\/wp\/v2\/types\/page"}],"author":[{"embeddable":true,"href":"https:\/\/elfsight.com\/de\/wp-json\/wp\/v2\/users\/9"}],"replies":[{"embeddable":true,"href":"https:\/\/elfsight.com\/de\/wp-json\/wp\/v2\/comments?post=7659"}],"version-history":[{"count":3,"href":"https:\/\/elfsight.com\/de\/wp-json\/wp\/v2\/pages\/7659\/revisions"}],"predecessor-version":[{"id":24231,"href":"https:\/\/elfsight.com\/de\/wp-json\/wp\/v2\/pages\/7659\/revisions\/24231"}],"up":[{"embeddable":true,"href":"https:\/\/elfsight.com\/de\/wp-json\/wp\/v2\/pages\/1519"}],"wp:attachment":[{"href":"https:\/\/elfsight.com\/de\/wp-json\/wp\/v2\/media?parent=7659"}],"curies":[{"name":"wp","href":"https:\/\/api.w.org\/{rel}","templated":true}]}}