{"id":7652,"date":"2024-05-03T06:26:18","date_gmt":"2024-05-03T06:26:18","guid":{"rendered":"https:\/\/elfsight.com\/de\/?page_id=7652"},"modified":"2025-02-17T05:47:30","modified_gmt":"2025-02-17T05:47:30","slug":"bigcommerce","status":"publish","type":"page","link":"https:\/\/elfsight.com\/de\/airbnb-reviews-widget\/bigcommerce\/","title":{"rendered":"Airbnb Reviews &#8211; BigCommerce"},"content":{"rendered":"\n<div class=\"application-platform-content-item-description application-platform-content-item\" id=\"description\" data-nav-section=\"description\"> <h2>Beschreibung<\/h2> <p>Wenn Sie mit Ihrer hohen Bewertung prahlen und Website-Besucher davon \u00fcberzeugen m\u00f6chten, dass Ihre Produkte oder Dienstleistungen ein gutes Preis-Leistungs-Verh\u00e4ltnis bieten Wenn Sie Geld verdienen, ist das Elfsight Airbnb-Bewertungs-Widget die L\u00f6sung. Mit diesem Tool k\u00f6nnen Sie ganz einfach Kundenbewertungen von Airbnb auf Ihrer Website einbetten. Sie k\u00f6nnen sie so aussortieren, dass nur Positives angezeigt wird, Bewertungen angezeigt werden und eine aktive Schaltfl\u00e4che eingerichtet wird, die Benutzer zu Ihrer Airbnb-Seite f\u00fchrt, wo sie eine neue Bewertung schreiben k\u00f6nnen. <\/p> <div class=\"faq\" data-component=\"FAQ\"><div class=\"faq-item\">\r\n\t\t\t\t\t<div class=\"faq-item-question\">\r\n\t\t\t\t\t\t<h3 class=\"faq-item-question-text\">Wo kann ich Airbnb-Bewertungen ver\u00f6ffentlichen<\/h3>\r\n\r\n\t\t\t\t\t\t<div class=\"faq-item-question-icon\"><\/div>\r\n\t\t\t\t\t<\/div>\r\n\r\n\t\t\t\t\t<div class=\"faq-item-answer\">\r\n\t\t\t\t\t\t<div class=\"faq-item-answer-text\"> <p>Es steht Ihnen frei, das Bewertungs-Widget in jede Seite Ihrer Website zu integrieren oder es in die Website-Vorlage einzuf\u00fcgen, in diesem Fall in diese wird auf allen Seiten bekannt gegeben. Bewertungen leisten auf Produktseiten oder auf der Seite \u201e\u00dcber uns\u201c gute Dienste, also an den Stellen, an denen Sie Ihre hohe Bewertung nachweisen m\u00f6chten. <\/p> <\/div>\r\n\t\t\t\t\t<\/div>\r\n\t\t\t\t<\/div><div class=\"faq-item\">\r\n\t\t\t\t\t<div class=\"faq-item-question\">\r\n\t\t\t\t\t\t<h3 class=\"faq-item-question-text\">Welche Vorteile bringt es mir?<\/h3>\r\n\r\n\t\t\t\t\t\t<div class=\"faq-item-question-icon\"><\/div>\r\n\t\t\t\t\t<\/div>\r\n\r\n\t\t\t\t\t<div class=\"faq-item-answer\">\r\n\t\t\t\t\t\t<div class=\"faq-item-answer-text\"> <p>Bewertungen, die von echten Menschen hinzugef\u00fcgt wurden, wirken f\u00fcr Ihre Website-Besucher absolut vertrauensw\u00fcrdig und bedeuten f\u00fcr sie, dass Ihr Unternehmen zuverl\u00e4ssig ist. Eine hohe Bewertung und positive Rezensionen k\u00f6nnen dazu beitragen, die K\u00e4ufe auf Ihrer Website zu steigern. Dar\u00fcber hinaus tr\u00e4gt die Schaltfl\u00e4che \u201eAktiv\u201c dazu bei, dass mehr Kundenbewertungen zu Ihrer Unterkunft auf Airbnb vorliegen. <\/p> <\/div>\r\n\t\t\t\t\t<\/div>\r\n\t\t\t\t<\/div> <div class=\"faq-item\">\r\n\t\t\t\t\t<div class=\"faq-item-question\">\r\n\t\t\t\t\t\t<h3 class=\"faq-item-question-text\">Was ben\u00f6tige ich, um Airbnb-Bewertungen auf meiner Website einzubetten? <\/h3>\r\n\r\n\t\t\t\t\t\t<div class=\"faq-item-question-icon\"><\/div>\r\n\t\t\t\t\t<\/div>\r\n\r\n\t\t\t\t\t<div class=\"faq-item-answer\">\r\n\t\t\t\t\t\t<div class=\"faq-item-answer-text\"> <p>Das Einbetten des Widgets dauert nur ein paar Minuten. Der Prozess ist wirklich schnell, kostenlos und ohne Programmierung. <\/p> <ol><li>Sie k\u00f6nnen das Widget direkt \u00fcber unseren Service auf Ihrer Website platzieren. Wenden Sie einfach die Anleitung unten auf dieser Seite an. <\/li> <li>Das Widget kann \u00fcber unseren Service oder auf dem Marktplatz eingebunden werden. Sie k\u00f6nnen sich weitere Details zu diesen Varianten ansehen und Ihre eigene ausw\u00e4hlen. <\/li> <\/ol> <\/div>\r\n\t\t\t\t\t<\/div>\r\n\t\t\t\t<\/div> <\/div> <\/div> <div class=\"application-platform-content-item-features application-platform-content-item\" id=\"features\" data-nav-section=\"features\"> <h2>Funktionen<\/h2> <p>Um das Widget besser kennenzulernen, lesen Sie die Liste der Hauptmerkmale. Sie machen unser Widget f\u00fcr Ihre Website wirklich effektiv: <\/p> <ul> <li>3 verf\u00fcgbare Filter: nach Typ, Ausschlie\u00dfen nach und Anzahl der anzuzeigenden Bewertungen; <\/li> <li> Vollst\u00e4ndig flexibler Header des Widgets; <\/li> <li>Sechs flexible Elemente der Bewertungen: Name und Bild des Autors, Empfehlung, Datum der Ver\u00f6ffentlichung, Airbnb-Symbol und Sternebewertung; <\/li> <\/ul><p><a href=\"#demo\">Live-Demo zeigt Ihnen eine vollst\u00e4ndige Liste der Funktionen<\/a><\/p> <\/div> <div class=\"application-platform-content-item-installation application-platform-content-item\" id=\"installation\" data-nav-section=\"installation\"> <h2>Sehen wir uns an, wie Sie die Airbnb-Bewertungen in Ihren BigCommerce-Shop einbetten<\/h2> <div class=\"video-container\"><iframe width=\"560\" height=\"315\" src=\"https:\/\/www.youtube.com\/embed\/Daf1kvaSLh4?si=MtwlibphhsNVXOr4\" frameborder=\"0\" allow=\"accelerometer; autoplay; clipboard-write; encrypted-media; gyroscope; picture-in-picture; web-share\" allowfullscreen><\/iframe><\/div><p>F\u00fchren Sie einfach die folgenden Richtlinien aus, um die App in BigCommerce zu integrieren.<\/p> <ol><li><b>Nutzen Sie unseren kostenlosen Konfigurator und beginnen Sie mit der Erstellung Ihres ma\u00dfgeschneiderten Airbnb-Bewertungs-Widgets. <\/b><br> Geben Sie das passende Design und die Optionen des Tools an und speichern Sie die \u00c4nderungen. <\/li> <li><b>Erhalten Sie Ihren einzigartigen Code, der in der speziellen Form auf Elfsight Apps angezeigt wird. <\/b><br> Kopieren Sie unmittelbar nach Abschluss der Anpassung Ihres Widgets den pers\u00f6nlichen Code im angezeigten Fenster und bewahren Sie ihn zur weiteren Verwendung auf. <\/li> <li><b>Erstens beginnen Sie mit der Verwendung der App auf Ihrer BigCommerce-Website. <\/b><br> Platzieren Sie den zuvor kopierten Code auf Ihrer Website und speichern Sie die \u00c4nderungen. <\/li> <li><b>Du bist fertig! Die Einbettung ist vollst\u00e4ndig beendet. <\/b><br> Sehen Sie sich auf Ihrer Website die Leistung des Plugins an. <\/li><\/ol><p>Sie k\u00f6nnen sich immer noch nicht entscheiden? Oder \u00fcber irgendetwas gestolpert? Schreiben Sie einfach eine Anfrage an unser Support-Team, das jedes Problem l\u00f6sen wird. <\/p> <\/div>\n","protected":false},"excerpt":{"rendered":"","protected":false},"author":9,"featured_media":0,"parent":1519,"menu_order":0,"comment_status":"closed","ping_status":"closed","template":"templates\/template-application-platform.php","meta":{"publish_to_discourse":"","publish_post_category":"","wpdc_auto_publish_overridden":"","wpdc_topic_tags":"","wpdc_pin_topic":"","wpdc_pin_until":"","discourse_post_id":"","discourse_permalink":"","wpdc_publishing_response":"","wpdc_publishing_error":"","footnotes":""},"class_list":["post-7652","page","type-page","status-publish","hentry"],"yoast_head":"<!-- This site is optimized with the Yoast SEO plugin v25.3.1 - https:\/\/yoast.com\/wordpress\/plugins\/seo\/ -->\n<title>Einbetten von Airbnb-Bewertungen auf Ihrer BigCommerce-Website (2025)<\/title>\n<meta name=\"description\" content=\"Hier haben Sie die M\u00f6glichkeit, ein Airbnb-Bewertungs-Widget zu erstellen und es in Ihre BigCommere-Website einzubetten. Sie profitieren von kostenlosem Kundensupport und anderen Vorteilen von Elfsight.\" \/>\n<meta name=\"robots\" content=\"index, follow, max-snippet:-1, max-image-preview:large, max-video-preview:-1\" \/>\n<link rel=\"canonical\" href=\"https:\/\/elfsight.com\/de\/airbnb-reviews-widget\/bigcommerce\/\" \/>\n<meta property=\"og:locale\" content=\"de_DE\" \/>\n<meta property=\"og:type\" content=\"article\" \/>\n<meta property=\"og:title\" content=\"Einbetten von Airbnb-Bewertungen auf Ihrer BigCommerce-Website (2025)\" \/>\n<meta property=\"og:description\" content=\"Hier haben Sie die M\u00f6glichkeit, ein Airbnb-Bewertungs-Widget zu erstellen und es in Ihre BigCommere-Website einzubetten. Sie profitieren von kostenlosem Kundensupport und anderen Vorteilen von Elfsight.\" \/>\n<meta property=\"og:url\" content=\"https:\/\/elfsight.com\/de\/airbnb-reviews-widget\/bigcommerce\/\" \/>\n<meta property=\"og:site_name\" content=\"Elfsight DE\" \/>\n<meta property=\"article:modified_time\" content=\"2025-02-17T05:47:30+00:00\" \/>\n<meta name=\"twitter:card\" content=\"summary_large_image\" \/>\n<meta name=\"twitter:label1\" content=\"Gesch\u00e4tzte Lesezeit\" \/>\n\t<meta name=\"twitter:data1\" content=\"3\u00a0Minuten\" \/>\n<!-- \/ Yoast SEO plugin. -->","yoast_head_json":{"title":"Einbetten von Airbnb-Bewertungen auf Ihrer BigCommerce-Website (2025)","description":"Hier haben Sie die M\u00f6glichkeit, ein Airbnb-Bewertungs-Widget zu erstellen und es in Ihre BigCommere-Website einzubetten. Sie profitieren von kostenlosem Kundensupport und anderen Vorteilen von Elfsight.","robots":{"index":"index","follow":"follow","max-snippet":"max-snippet:-1","max-image-preview":"max-image-preview:large","max-video-preview":"max-video-preview:-1"},"canonical":"https:\/\/elfsight.com\/de\/airbnb-reviews-widget\/bigcommerce\/","og_locale":"de_DE","og_type":"article","og_title":"Einbetten von Airbnb-Bewertungen auf Ihrer BigCommerce-Website (2025)","og_description":"Hier haben Sie die M\u00f6glichkeit, ein Airbnb-Bewertungs-Widget zu erstellen und es in Ihre BigCommere-Website einzubetten. Sie profitieren von kostenlosem Kundensupport und anderen Vorteilen von Elfsight.","og_url":"https:\/\/elfsight.com\/de\/airbnb-reviews-widget\/bigcommerce\/","og_site_name":"Elfsight DE","article_modified_time":"2025-02-17T05:47:30+00:00","twitter_card":"summary_large_image","twitter_misc":{"Gesch\u00e4tzte Lesezeit":"3\u00a0Minuten"},"schema":{"@context":"https:\/\/schema.org","@graph":[{"@type":"WebPage","@id":"https:\/\/elfsight.com\/de\/airbnb-reviews-widget\/bigcommerce\/","url":"https:\/\/elfsight.com\/de\/airbnb-reviews-widget\/bigcommerce\/","name":"Einbetten von Airbnb-Bewertungen auf Ihrer BigCommerce-Website (2025)","isPartOf":{"@id":"https:\/\/elfsight.com\/de\/#website"},"datePublished":"2024-05-03T06:26:18+00:00","dateModified":"2025-02-17T05:47:30+00:00","description":"Hier haben Sie die M\u00f6glichkeit, ein Airbnb-Bewertungs-Widget zu erstellen und es in Ihre BigCommere-Website einzubetten. Sie profitieren von kostenlosem Kundensupport und anderen Vorteilen von Elfsight.","breadcrumb":{"@id":"https:\/\/elfsight.com\/de\/airbnb-reviews-widget\/bigcommerce\/#breadcrumb"},"inLanguage":"de","potentialAction":[{"@type":"ReadAction","target":["https:\/\/elfsight.com\/de\/airbnb-reviews-widget\/bigcommerce\/"]}]},{"@type":"BreadcrumbList","@id":"https:\/\/elfsight.com\/de\/airbnb-reviews-widget\/bigcommerce\/#breadcrumb","itemListElement":[{"@type":"ListItem","position":1,"name":"Home","item":"https:\/\/elfsight.com\/de\/"},{"@type":"ListItem","position":2,"name":"Airbnb Reviews","item":"https:\/\/elfsight.com\/de\/airbnb-reviews-widget\/"},{"@type":"ListItem","position":3,"name":"Airbnb Reviews &#8211; BigCommerce"}]},{"@type":"WebSite","@id":"https:\/\/elfsight.com\/de\/#website","url":"https:\/\/elfsight.com\/de\/","name":"Elfsight DE","description":"Just another Elfsight Sites site","potentialAction":[{"@type":"SearchAction","target":{"@type":"EntryPoint","urlTemplate":"https:\/\/elfsight.com\/de\/?s={search_term_string}"},"query-input":{"@type":"PropertyValueSpecification","valueRequired":true,"valueName":"search_term_string"}}],"inLanguage":"de"}]}},"meta_box":{"industry":"","seo_heading":"","heading":"","description":"","cta_heading":"","cta_description":"","application":"488","h1":"BigCommerce Airbnb-Bewertungen","h1_caption":"Zeigen Sie Bewertungen aus Ihrem Airbnb-Eintrag an, um m\u00fchelos mehr G\u00e4ste mit echtem Feedback auf Ihre BigCommerce-Website zu locken.","application_category":[],"applications_title":"","applications_request_title":"","applications_request_button_text":"","hero_text":"","hero_video":"","hero_video_schema_markup":"","selling_points_title":"","selling_points_caption":"","selling_points":[],"selling_points_cta_text":"","features_title":"","features":"","ed_cta_examples_text":"","ed_cta_examples_hidden":"","ed_cta_demo_text":"","ed_cta_demo_hidden":"","why_caption":"","why_editor_title":"","why_editor_text":"","why_team_title":"","why_team_text":"","why_service_title":"","why_service_text":"","template_catalog_visible":"0","template_catalog_title":"","template_catalog_text":"","template_catalog_categories_visible":"","demo_title":"Erstellen Sie Ihre Airbnb-Bewertungen-App","demo_caption":"Konfigurieren Sie Ihre Airbnb-Bewertungen und f\u00fcgen Sie sie kostenlos zu Ihrer BigCommerce-Website hinzu!","default_faq_hidden":"","app_template_category":[],"platform":"268","template_public_id":"","codecanyon_url":"","codecanyon_item_id":"","codecanyon_price":"","pricing_caption":"","pricing_elfsight_apps_hide_column":"","pricing_elfsight_apps_url":"","pricing_codecanyon_price_caption":"","integration_category":[],"integration_request_title":"","integration_request_cta":"","integration_platform":"","integrations":[],"platform_category":[],"video_schema_markup":"","price":"ab 0 $ \/ Monat","trial":"","benefits":[{"text":"Kostenlose Installationshilfe"},{"text":"Professioneller Kundenservice"},{"text":"14-t\u00e4gige Geld-zur\u00fcck-Garantie"},{"text":"Fortlaufende Entwicklung"}],"button_url":"#demo","button_target_blank":"0","button_nofollow":"0","attributes":[{"name":"Installiert","content":"10,000 - 100,000"},{"name":"Reaktionsfreudig","content":"Ja"},{"name":"Kompatible Browser","content":"Firefox, Safari, Opera, Chrome, Edge"}],"tags":[],"tags_disable_links":"0","hide_more_platforms":"0","video_object":"","demo_hide_cta":"0","demo_hide_cloud_options":"0","pricing_title":"","pricing":[{"pricing_icon":"platform","pricing_title":"Elfsight Apps","pricing_title_caption":"Plattform\u00fcbergreifende Software","pricing_price":"ab 0 $ \/ Monat","pricing_price_caption":"Beginnen Sie mit einem kostenlosen Plan","pricing_benefits":[{"text":"Unbegrenzte Websites"},{"text":"Engagierter Kundensupport und gut dokumentiert"},{"text":"Kostenloser Installationsservice"},{"text":"Vollst\u00e4ndig anpassbar"}],"pricing_button_text":"Zur Website hinzuf\u00fcgen","pricing_button_url":"#demo"}],"related_apps_title":"","related_apps_hidden":"0","author":"","image":[],"title":"","job":"","social_networks":[]},"_links":{"self":[{"href":"https:\/\/elfsight.com\/de\/wp-json\/wp\/v2\/pages\/7652","targetHints":{"allow":["GET"]}}],"collection":[{"href":"https:\/\/elfsight.com\/de\/wp-json\/wp\/v2\/pages"}],"about":[{"href":"https:\/\/elfsight.com\/de\/wp-json\/wp\/v2\/types\/page"}],"author":[{"embeddable":true,"href":"https:\/\/elfsight.com\/de\/wp-json\/wp\/v2\/users\/9"}],"replies":[{"embeddable":true,"href":"https:\/\/elfsight.com\/de\/wp-json\/wp\/v2\/comments?post=7652"}],"version-history":[{"count":3,"href":"https:\/\/elfsight.com\/de\/wp-json\/wp\/v2\/pages\/7652\/revisions"}],"predecessor-version":[{"id":24228,"href":"https:\/\/elfsight.com\/de\/wp-json\/wp\/v2\/pages\/7652\/revisions\/24228"}],"up":[{"embeddable":true,"href":"https:\/\/elfsight.com\/de\/wp-json\/wp\/v2\/pages\/1519"}],"wp:attachment":[{"href":"https:\/\/elfsight.com\/de\/wp-json\/wp\/v2\/media?parent=7652"}],"curies":[{"name":"wp","href":"https:\/\/api.w.org\/{rel}","templated":true}]}}