{"id":7650,"date":"2024-05-03T06:26:16","date_gmt":"2024-05-03T06:26:16","guid":{"rendered":"https:\/\/elfsight.com\/de\/?page_id=7650"},"modified":"2025-07-08T09:42:53","modified_gmt":"2025-07-08T09:42:53","slug":"iframe","status":"publish","type":"page","link":"https:\/\/elfsight.com\/de\/airbnb-reviews-widget\/iframe\/","title":{"rendered":"Airbnb Reviews &#8211; iFrame"},"content":{"rendered":"<div class=\"application-platform-content-item-description application-platform-content-item\" id=\"description\" data-nav-section=\"description\"><h2>Betten Sie Airbnb-Bewertungen auf iFrame mit dem Elfsight-Widget ein<\/h2><p>Wenn Sie eine M\u00f6glichkeit ben\u00f6tigen, Ihren Kunden Ihre Wertsch\u00e4tzung zu zeigen und zu \u00fcberzeugen Wenn Sie Ihren Website-Besuchern mitteilen m\u00f6chten, dass Ihre Unterkunft einen Besuch wert ist, wird das Elfsight Airbnb Reviews-Plugin genau das Richtige f\u00fcr Sie sein. Mit unserem Plugin k\u00f6nnen Sie schnell die Bewertungen von Airbnb-Benutzern auf Ihrer Website mit Informationen zu ihren Autoren anzeigen. Sie k\u00f6nnen sie sortieren, um nur die besten zu zeigen, Bewertungen hinzuf\u00fcgen und eine Weiterleitungsschaltfl\u00e4che hinzuf\u00fcgen, die die Leute auf Ihre Airbnb-Seite weiterleitet dass sie eine neue Rezension schreiben k\u00f6nnen.<\/p> <\/div><div class=\"application-platform-content-item-features application-platform-content-item\" id=\"features\" data-nav-section=\"features\"><h2>Funktionen<\/h2><p>Sehen Sie sich die Liste der Funktionen an, die unser Plugin hat: <\/p> <ul> <li>Drei Filteroptionen: nach Typ, Ausschlie\u00dfen nach und Anzahl der anzuzeigenden Bewertungen; <\/li> <li>Eine M\u00f6glichkeit, den Header des Plugins ein-\/auszuschalten; <\/li> <li>Sechs flexible Elemente des Plugins: Name und Foto des Autors, Empfehlungstext, Datum, Airbnb-Symbol und Sternebewertung; <\/li> <\/ul><p><a href=\"#demo\">Sehen Sie sich diese und mehr in der Live-Demo an<\/a><\/p><\/div><div class=\"application-platform-content-item-installation application-platform-content-item\" id=\"installation\" data-nav-section=\"installation\"><h2>So f\u00fcgen Sie das Airbnb-Bewertungs-Plugin zur iFrame-Website hinzu<\/h2><p> So k\u00f6nnen Sie das Widget in Ihre Website einbetten. Nur ein paar Schritte: <\/p> <ol><li><b>Erstellen Sie Ihr pers\u00f6nliches Airbnb-Plugin<\/b><br> Erhalten Sie mit unserer kostenlosen Demo ein Plugin mit einer benutzerdefinierten Benutzeroberfl\u00e4che und funktionalen Merkmalen. <\/li><li><b>Kopieren Sie den individuellen Code, um das Plugin einzurichten<\/b><br> Nachdem Sie Ihr Plugin konfiguriert haben, erhalten Sie den eindeutigen Code aus der erscheinenden Benachrichtigung auf Elfsight Apps. Kopiere es. <\/li> <li><b>Integrieren Sie das Plugin auf Ihrer iFrame-Website<\/b><br> Suchen Sie den Ort, an dem Sie das Plugin anzeigen m\u00f6chten, und f\u00fcgen Sie dort den gespeicherten Code hinzu. \u00dcbernehmen Sie die \u00c4nderungen. <\/li> <li><b>Herzlichen Gl\u00fcckwunsch! Sie haben gerade das Plugin eingerichtet!<\/b><br> Besuchen Sie den Shop, um Ihre Bewertungen zu sehen. <\/li> <\/ol><p>Brauchen Sie unsere Hilfe? Habe Fragen? Wir helfen Ihnen gerne weiter! Nehmen Sie einfach Kontakt mit unserem Kundenservice auf.<\/p><div class=\"faq\" data-component=\"FAQ\"> <div class=\"faq-item\">\r\n\t\t\t\t\t<div class=\"faq-item-question\">\r\n\t\t\t\t\t\t<h3 class=\"faq-item-question-text\">Wie f\u00fcge ich Airbnb-Bewertungen ohne Programmierkenntnisse zu meiner iFrame-Website hinzu?<\/h3>\r\n\r\n\t\t\t\t\t\t<div class=\"faq-item-question-icon\"><\/div>\r\n\t\t\t\t\t<\/div>\r\n\r\n\t\t\t\t\t<div class=\"faq-item-answer\">\r\n\t\t\t\t\t\t<div class=\"faq-item-answer-text\"> <p>Elfsight bietet eine SaaS-L\u00f6sung, mit der Sie ein Airbnb erstellen k\u00f6nnen Sehen Sie selbst, wie einfach der Vorgang ist: Erstellen Sie direkt im Online-Editor ein Airbnb-Bewertungs-Widget, das Sie gerne auf Ihrer iFrame-Website sehen m\u00f6chten. W\u00e4hlen Sie eine der vorgefertigten Vorlagen aus und passen Sie die Einstellungen f\u00fcr Airbnb-Bewertungen an, f\u00fcgen Sie Ihre Inhalte hinzu, \u00e4ndern Sie das Layout und das Farbschema ohne Programmierkenntnisse. Speichern Sie die Airbnb-Bewertungen und kopieren Sie den Installationscode, den Sie einfach in Ihre iFrame-Website einbetten k\u00f6nnen, ohne ein kostenpflichtiges Abonnement kaufen zu m\u00fcssen. Mit unserem intuitiven Editor kann jeder Internetnutzer online ein Airbnb-Bewertungs-Widget erstellen und es einfach in seine iFrame-Website einbetten. Sie m\u00fcssen weder bezahlen noch Ihre Kartendaten eingeben, um auf den Service zuzugreifen. Sollten bei irgendeinem Schritt Probleme auftreten, wenden Sie sich bitte an unser technisches Support-Team.<\/p> <\/div>\r\n\t\t\t\t\t<\/div>\r\n\t\t\t\t<\/div> <\/div> <\/div>","protected":false},"excerpt":{"rendered":"","protected":false},"author":9,"featured_media":0,"parent":1519,"menu_order":0,"comment_status":"closed","ping_status":"closed","template":"templates\/template-application-platform.php","meta":{"publish_to_discourse":"","publish_post_category":"","wpdc_auto_publish_overridden":"","wpdc_topic_tags":"","wpdc_pin_topic":"","wpdc_pin_until":"","discourse_post_id":"","discourse_permalink":"","wpdc_publishing_response":"","wpdc_publishing_error":"","footnotes":""},"class_list":["post-7650","page","type-page","status-publish","hentry"],"yoast_head":"<!-- This site is optimized with the Yoast SEO plugin v25.3.1 - https:\/\/yoast.com\/wordpress\/plugins\/seo\/ -->\n<title>iFrame Airbnb Reviews Plugin f\u00fcr Ihre Website (kostenlos und schnell)<\/title>\n<meta name=\"description\" content=\"Hier haben Sie die M\u00f6glichkeit, Airbnb-Bewertungen zu entwerfen und sie Ihrer iFrame-Website hinzuzuf\u00fcgen. Sie profitieren von kostenlosem Kundenservice und anderen Boni.\" \/>\n<meta name=\"robots\" content=\"index, follow, max-snippet:-1, max-image-preview:large, max-video-preview:-1\" \/>\n<link rel=\"canonical\" href=\"https:\/\/elfsight.com\/de\/airbnb-reviews-widget\/iframe\/\" \/>\n<meta property=\"og:locale\" content=\"de_DE\" \/>\n<meta property=\"og:type\" content=\"article\" \/>\n<meta property=\"og:title\" content=\"iFrame Airbnb Reviews Plugin f\u00fcr Ihre Website (kostenlos und schnell)\" \/>\n<meta property=\"og:description\" content=\"Hier haben Sie die M\u00f6glichkeit, Airbnb-Bewertungen zu entwerfen und sie Ihrer iFrame-Website hinzuzuf\u00fcgen. Sie profitieren von kostenlosem Kundenservice und anderen Boni.\" \/>\n<meta property=\"og:url\" content=\"https:\/\/elfsight.com\/de\/airbnb-reviews-widget\/iframe\/\" \/>\n<meta property=\"og:site_name\" content=\"Elfsight DE\" \/>\n<meta property=\"article:modified_time\" content=\"2025-07-08T09:42:53+00:00\" \/>\n<meta name=\"twitter:card\" content=\"summary_large_image\" \/>\n<meta name=\"twitter:label1\" content=\"Gesch\u00e4tzte Lesezeit\" \/>\n\t<meta name=\"twitter:data1\" content=\"2\u00a0Minuten\" \/>\n<!-- \/ Yoast SEO plugin. -->","yoast_head_json":{"title":"iFrame Airbnb Reviews Plugin f\u00fcr Ihre Website (kostenlos und schnell)","description":"Hier haben Sie die M\u00f6glichkeit, Airbnb-Bewertungen zu entwerfen und sie Ihrer iFrame-Website hinzuzuf\u00fcgen. Sie profitieren von kostenlosem Kundenservice und anderen Boni.","robots":{"index":"index","follow":"follow","max-snippet":"max-snippet:-1","max-image-preview":"max-image-preview:large","max-video-preview":"max-video-preview:-1"},"canonical":"https:\/\/elfsight.com\/de\/airbnb-reviews-widget\/iframe\/","og_locale":"de_DE","og_type":"article","og_title":"iFrame Airbnb Reviews Plugin f\u00fcr Ihre Website (kostenlos und schnell)","og_description":"Hier haben Sie die M\u00f6glichkeit, Airbnb-Bewertungen zu entwerfen und sie Ihrer iFrame-Website hinzuzuf\u00fcgen. Sie profitieren von kostenlosem Kundenservice und anderen Boni.","og_url":"https:\/\/elfsight.com\/de\/airbnb-reviews-widget\/iframe\/","og_site_name":"Elfsight DE","article_modified_time":"2025-07-08T09:42:53+00:00","twitter_card":"summary_large_image","twitter_misc":{"Gesch\u00e4tzte Lesezeit":"2\u00a0Minuten"},"schema":{"@context":"https:\/\/schema.org","@graph":[{"@type":"WebPage","@id":"https:\/\/elfsight.com\/de\/airbnb-reviews-widget\/iframe\/","url":"https:\/\/elfsight.com\/de\/airbnb-reviews-widget\/iframe\/","name":"iFrame Airbnb Reviews Plugin f\u00fcr Ihre Website (kostenlos und schnell)","isPartOf":{"@id":"https:\/\/elfsight.com\/de\/#website"},"datePublished":"2024-05-03T06:26:16+00:00","dateModified":"2025-07-08T09:42:53+00:00","description":"Hier haben Sie die M\u00f6glichkeit, Airbnb-Bewertungen zu entwerfen und sie Ihrer iFrame-Website hinzuzuf\u00fcgen. Sie profitieren von kostenlosem Kundenservice und anderen Boni.","breadcrumb":{"@id":"https:\/\/elfsight.com\/de\/airbnb-reviews-widget\/iframe\/#breadcrumb"},"inLanguage":"de","potentialAction":[{"@type":"ReadAction","target":["https:\/\/elfsight.com\/de\/airbnb-reviews-widget\/iframe\/"]}]},{"@type":"BreadcrumbList","@id":"https:\/\/elfsight.com\/de\/airbnb-reviews-widget\/iframe\/#breadcrumb","itemListElement":[{"@type":"ListItem","position":1,"name":"Home","item":"https:\/\/elfsight.com\/de\/"},{"@type":"ListItem","position":2,"name":"Airbnb Reviews","item":"https:\/\/elfsight.com\/de\/airbnb-reviews-widget\/"},{"@type":"ListItem","position":3,"name":"Airbnb Reviews &#8211; iFrame"}]},{"@type":"WebSite","@id":"https:\/\/elfsight.com\/de\/#website","url":"https:\/\/elfsight.com\/de\/","name":"Elfsight DE","description":"Just another Elfsight Sites site","potentialAction":[{"@type":"SearchAction","target":{"@type":"EntryPoint","urlTemplate":"https:\/\/elfsight.com\/de\/?s={search_term_string}"},"query-input":{"@type":"PropertyValueSpecification","valueRequired":true,"valueName":"search_term_string"}}],"inLanguage":"de"}]}},"meta_box":{"industry":"","seo_heading":"","heading":"","description":"","cta_heading":"","cta_description":"","application":"488","h1":"iFrame Airbnb-Bewertungen","h1_caption":"Zeigen Sie Bewertungen aus Ihrem Airbnb-Eintrag an, um m\u00fchelos mehr G\u00e4ste mit echtem Feedback auf Ihre iFrame-Website zu locken.","application_category":[],"applications_title":"","applications_request_title":"","applications_request_button_text":"","hero_text":"","hero_video":"","hero_video_schema_markup":"","selling_points_title":"","selling_points_caption":"","selling_points":[],"selling_points_cta_text":"","features_title":"","features":"","ed_cta_examples_text":"","ed_cta_examples_hidden":"","ed_cta_demo_text":"","ed_cta_demo_hidden":"","why_caption":"","why_editor_title":"","why_editor_text":"","why_team_title":"","why_team_text":"","why_service_title":"","why_service_text":"","template_catalog_visible":"","template_catalog_title":"","template_catalog_text":"","template_catalog_categories_visible":"","demo_title":"Erstellen Sie Ihr Airbnb-Bewertungs-Widget","demo_caption":"Konfigurieren Sie Ihre Airbnb-Bewertungen und f\u00fcgen Sie sie kostenlos zu Ihrer iFrame-Website hinzu!","default_faq_hidden":"","app_template_category":[],"platform":"240","template_public_id":"","codecanyon_url":"","codecanyon_item_id":"","codecanyon_price":"","pricing_caption":"","pricing_elfsight_apps_hide_column":"","pricing_elfsight_apps_url":"","pricing_codecanyon_price_caption":"","integration_category":[],"integration_request_title":"","integration_request_cta":"","integration_platform":"","integrations":[],"platform_category":[],"video_schema_markup":"","price":"ab 0 $ \/ Monat","trial":"","benefits":[{"text":"Kostenlose Installationsunterst\u00fctzung"},{"text":"Kompetenter Kundenservice"},{"text":"14-t\u00e4gige Geld-zur\u00fcck-Garantie"},{"text":"Laufende Verbesserungen"}],"button_url":"#demo","button_target_blank":"","button_nofollow":"","attributes":[{"name":"Installiert","content":"10,000 - 100,000"},{"name":"Reaktionsfreudig","content":"Ja"},{"name":"Kompatible Browser","content":"Chrome, Edge, Safari, Firefox, Opera"}],"tags":[],"tags_disable_links":"","hide_more_platforms":"","video_object":"","demo_hide_cta":"","demo_hide_cloud_options":"","pricing_title":"","pricing":[{"pricing_icon":"platform","pricing_title":"Elfsight Apps","pricing_title_caption":"Multiplattform-Version, die zu jeder Website passt","pricing_price":"ab 0 $ \/ Monat","pricing_price_caption":"Beginnen Sie mit einem kostenlosen Plan","pricing_benefits":[{"text":"Unbegrenzte Anzahl an Websites"},{"text":"Schnelle Unterst\u00fctzung"},{"text":"Kostenlose Installationsunterst\u00fctzung"},{"text":"Sonderangebot f\u00fcr mehrere Apps"}],"pricing_button_text":"Zur Website hinzuf\u00fcgen","pricing_button_url":"#demo"}],"related_apps_title":"","related_apps_hidden":"","author":"","image":[],"title":"","job":"","social_networks":[]},"_links":{"self":[{"href":"https:\/\/elfsight.com\/de\/wp-json\/wp\/v2\/pages\/7650","targetHints":{"allow":["GET"]}}],"collection":[{"href":"https:\/\/elfsight.com\/de\/wp-json\/wp\/v2\/pages"}],"about":[{"href":"https:\/\/elfsight.com\/de\/wp-json\/wp\/v2\/types\/page"}],"author":[{"embeddable":true,"href":"https:\/\/elfsight.com\/de\/wp-json\/wp\/v2\/users\/9"}],"replies":[{"embeddable":true,"href":"https:\/\/elfsight.com\/de\/wp-json\/wp\/v2\/comments?post=7650"}],"version-history":[{"count":1,"href":"https:\/\/elfsight.com\/de\/wp-json\/wp\/v2\/pages\/7650\/revisions"}],"predecessor-version":[{"id":7654,"href":"https:\/\/elfsight.com\/de\/wp-json\/wp\/v2\/pages\/7650\/revisions\/7654"}],"up":[{"embeddable":true,"href":"https:\/\/elfsight.com\/de\/wp-json\/wp\/v2\/pages\/1519"}],"wp:attachment":[{"href":"https:\/\/elfsight.com\/de\/wp-json\/wp\/v2\/media?parent=7650"}],"curies":[{"name":"wp","href":"https:\/\/api.w.org\/{rel}","templated":true}]}}