{"id":7649,"date":"2024-05-03T06:26:15","date_gmt":"2024-05-03T06:26:15","guid":{"rendered":"https:\/\/elfsight.com\/de\/?page_id=7649"},"modified":"2025-07-08T09:42:45","modified_gmt":"2025-07-08T09:42:45","slug":"facebook","status":"publish","type":"page","link":"https:\/\/elfsight.com\/de\/airbnb-reviews-widget\/facebook\/","title":{"rendered":"Airbnb Reviews &#8211; Facebook Page"},"content":{"rendered":"<div class=\"application-platform-content-item-description application-platform-content-item\" id=\"description\" data-nav-section=\"description\"><h2>Beschreibung<\/h2><p>Wenn Sie Kunden Ihre Wertsch\u00e4tzung beweisen und Seitenbesucher davon \u00fcberzeugen m\u00f6chten, dass Ihre Angebote ein gutes Preis-Leistungs-Verh\u00e4ltnis bieten Das Elfsight Airbnb-Bewertungs-Widget passt perfekt zu Ihnen. Mit diesem Widget k\u00f6nnen Sie Kundenbewertungen von Airbnb mit Details zu den Autoren auf Ihrer Seite einf\u00fcgen, Filter verwenden, um nur die Besten anzuzeigen, Bewertungen anzeigen und eine Bewertungsanfrage-Schaltfl\u00e4che einrichten, die die Leute auf Ihre Airbnb-Seite bringt, wo sie ihre Bewertung schreiben k\u00f6nnen . <\/p><p><b>Verbessern Sie das Kundenvertrauen mit den besten Erfahrungsberichten von Airbnb<\/b><\/p> <\/div><div class=\"application-platform-content-item-features application-platform-content-item\" id=\"features\" data-nav-section=\"features\"><h2>Funktionen<\/h2><p> Sehen Sie sich alle Funktionen unseres Bewertungs-Widgets an. Sie k\u00f6nnen diese direkt im Editor festlegen und sie helfen Ihnen dabei, das Widget speziell f\u00fcr Ihren Fall zu erstellen. <\/p><ul><li>4 vordefinierte Layouts: Liste, Raster, Mauerwerk und Schieberegler; <\/li><li>Mit der Schaltfl\u00e4che \u201eBewertungsanfrage\u201c werden Benutzer auf Ihre Airbnb-Seite weitergeleitet. <\/li><li>6 flexible Elemente der Bewertungen: Name und Foto des Autors, Empfehlung, Datum der Freigabe, Airbnb-Symbol und Sternebewertung; <\/li><\/ul><p><a href=\"#demo\">Sehen Sie in unserer Demo, wie alle Funktionen funktionieren<\/a><\/p><\/div><div class=\"application-platform-content-item-installation application-platform-content-item\" id=\"installation\" data-nav-section=\"installation\"> <h2>So f\u00fcgen Sie Airbnb-Bewertungen zur Facebook-Unternehmensseite hinzu<\/h2><p>Um das Widget zu aktivieren, f\u00fchren Sie die folgenden Schritte aus<\/p><ul><li><b>Erstellen Sie Ihr personalisiertes Airbnb-Widget<\/b><br>In unserer kostenlosen Demo erhalten Sie ein Widget mit ausgew\u00e4hlter Benutzeroberfl\u00e4che und Funktionsmerkmalen. <\/li><li><b>Erhalten Sie den pers\u00f6nlichen Code zum Einbetten des Widgets<\/b><br>Nachdem Sie Ihr Widget generiert haben, erhalten Sie den eindeutigen Code aus der Popup-Benachrichtigung auf Elfsight Apps. Kopieren Sie den Code. <\/li><li><b>F\u00fcgen Sie das Widget zur Facebook-Seite hinzu<\/b><br> Erstellen Sie Ihren benutzerdefinierten Facebook-Tab. F\u00fcgen Sie den Code, den Sie bei elfsight apps erhalten haben, in die Registerkarte ein. Wenn Sie Probleme haben, lesen Sie einfach unseren Leitfaden unter <a href=\"https:\/\/elfsight.com\/blog\/how-to-add-custom-tab-to-facebook-page\/\" target=\"_blank\" rel=\"noopener noreferrer\">Benutzerdefinierten Facebook-Tab erstellen<\/a><\/li><li><b>Fertig! <\/b><br>Betreten Sie Ihre Seite, um Ihre Arbeit zu \u00fcberpr\u00fcfen. <\/li><\/ul><p>Sie k\u00f6nnen sich gerne an den Kundendienst von Elfsight wenden, wenn Sie Hilfe ben\u00f6tigen oder Probleme haben. Unsere Spezialisten helfen Ihnen gerne bei jeder Anfrage weiter. <\/p><div class=\"faq\" data-component=\"FAQ\"> <div class=\"faq-item\">\r\n\t\t\t\t\t<div class=\"faq-item-question\">\r\n\t\t\t\t\t\t<h3 class=\"faq-item-question-text\">Wie f\u00fcge ich Airbnb-Bewertungen ohne Programmierkenntnisse zu meiner Facebook-Seite hinzu?<\/h3>\r\n\r\n\t\t\t\t\t\t<div class=\"faq-item-question-icon\"><\/div>\r\n\t\t\t\t\t<\/div>\r\n\r\n\t\t\t\t\t<div class=\"faq-item-answer\">\r\n\t\t\t\t\t\t<div class=\"faq-item-answer-text\"> <p>Elfsight bietet eine SaaS-L\u00f6sung, mit der Sie selbst ein Airbnb-Bewertungs-Widget erstellen k\u00f6nnen. Sehen Sie, wie einfach das ist Der Vorgang ist: Arbeiten Sie direkt im Online-Editor, um ein Airbnb-Bewertungs-Widget zu erstellen, das Sie auf Ihrer Facebook-Seiten-Website sehen m\u00f6chten. W\u00e4hlen Sie eine der vorgefertigten Vorlagen aus und passen Sie die Einstellungen f\u00fcr Airbnb-Bewertungen an, f\u00fcgen Sie Ihre Inhalte hinzu, \u00e4ndern Sie das Layout und die Farben ohne Programmierkenntnisse. Speichern Sie die Airbnb-Bewertungen und kopieren Sie den Installationscode, den Sie problemlos auf Ihrer Facebook-Seite hinzuf\u00fcgen k\u00f6nnen, ohne einen kostenpflichtigen Plan zu kaufen. Mit unserem intuitiven Editor kann jeder Internetnutzer online ein Airbnb-Bewertungs-Widget erstellen und es ganz einfach in seine Facebook-Seite einbetten. Sie m\u00fcssen weder bezahlen noch Ihre Kartendaten eingeben, um auf den Service zuzugreifen. Sollten bei irgendeinem Schritt Probleme auftreten, wenden Sie sich bitte an unser technisches Support-Team.<\/p> <\/div>\r\n\t\t\t\t\t<\/div>\r\n\t\t\t\t<\/div> <\/div> <\/div>","protected":false},"excerpt":{"rendered":"","protected":false},"author":9,"featured_media":0,"parent":1519,"menu_order":0,"comment_status":"closed","ping_status":"closed","template":"templates\/template-application-platform.php","meta":{"publish_to_discourse":"","publish_post_category":"","wpdc_auto_publish_overridden":"","wpdc_topic_tags":"","wpdc_pin_topic":"","wpdc_pin_until":"","discourse_post_id":"","discourse_permalink":"","wpdc_publishing_response":"","wpdc_publishing_error":"","footnotes":""},"class_list":["post-7649","page","type-page","status-publish","hentry"],"yoast_head":"<!-- This site is optimized with the Yoast SEO plugin v25.3.1 - https:\/\/yoast.com\/wordpress\/plugins\/seo\/ -->\n<title>Airbnb-Bewertungen zur Facebook-Unternehmensseite hinzuf\u00fcgen (2025)<\/title>\n<meta name=\"description\" content=\"Hier besteht die M\u00f6glichkeit, Airbnb-Bewertungen zu erstellen und diese zur Facebook-Unternehmensseite hinzuzuf\u00fcgen. Sie profitieren von kostenlosem Kundenservice und anderen Boni von Elfsight.\" \/>\n<meta name=\"robots\" content=\"index, follow, max-snippet:-1, max-image-preview:large, max-video-preview:-1\" \/>\n<link rel=\"canonical\" href=\"https:\/\/elfsight.com\/de\/airbnb-reviews-widget\/facebook\/\" \/>\n<meta property=\"og:locale\" content=\"de_DE\" \/>\n<meta property=\"og:type\" content=\"article\" \/>\n<meta property=\"og:title\" content=\"Airbnb-Bewertungen zur Facebook-Unternehmensseite hinzuf\u00fcgen (2025)\" \/>\n<meta property=\"og:description\" content=\"Hier besteht die M\u00f6glichkeit, Airbnb-Bewertungen zu erstellen und diese zur Facebook-Unternehmensseite hinzuzuf\u00fcgen. Sie profitieren von kostenlosem Kundenservice und anderen Boni von Elfsight.\" \/>\n<meta property=\"og:url\" content=\"https:\/\/elfsight.com\/de\/airbnb-reviews-widget\/facebook\/\" \/>\n<meta property=\"og:site_name\" content=\"Elfsight DE\" \/>\n<meta property=\"article:modified_time\" content=\"2025-07-08T09:42:45+00:00\" \/>\n<meta name=\"twitter:card\" content=\"summary_large_image\" \/>\n<meta name=\"twitter:label1\" content=\"Gesch\u00e4tzte Lesezeit\" \/>\n\t<meta name=\"twitter:data1\" content=\"2\u00a0Minuten\" \/>\n<!-- \/ Yoast SEO plugin. -->","yoast_head_json":{"title":"Airbnb-Bewertungen zur Facebook-Unternehmensseite hinzuf\u00fcgen (2025)","description":"Hier besteht die M\u00f6glichkeit, Airbnb-Bewertungen zu erstellen und diese zur Facebook-Unternehmensseite hinzuzuf\u00fcgen. Sie profitieren von kostenlosem Kundenservice und anderen Boni von Elfsight.","robots":{"index":"index","follow":"follow","max-snippet":"max-snippet:-1","max-image-preview":"max-image-preview:large","max-video-preview":"max-video-preview:-1"},"canonical":"https:\/\/elfsight.com\/de\/airbnb-reviews-widget\/facebook\/","og_locale":"de_DE","og_type":"article","og_title":"Airbnb-Bewertungen zur Facebook-Unternehmensseite hinzuf\u00fcgen (2025)","og_description":"Hier besteht die M\u00f6glichkeit, Airbnb-Bewertungen zu erstellen und diese zur Facebook-Unternehmensseite hinzuzuf\u00fcgen. Sie profitieren von kostenlosem Kundenservice und anderen Boni von Elfsight.","og_url":"https:\/\/elfsight.com\/de\/airbnb-reviews-widget\/facebook\/","og_site_name":"Elfsight DE","article_modified_time":"2025-07-08T09:42:45+00:00","twitter_card":"summary_large_image","twitter_misc":{"Gesch\u00e4tzte Lesezeit":"2\u00a0Minuten"},"schema":{"@context":"https:\/\/schema.org","@graph":[{"@type":"WebPage","@id":"https:\/\/elfsight.com\/de\/airbnb-reviews-widget\/facebook\/","url":"https:\/\/elfsight.com\/de\/airbnb-reviews-widget\/facebook\/","name":"Airbnb-Bewertungen zur Facebook-Unternehmensseite hinzuf\u00fcgen (2025)","isPartOf":{"@id":"https:\/\/elfsight.com\/de\/#website"},"datePublished":"2024-05-03T06:26:15+00:00","dateModified":"2025-07-08T09:42:45+00:00","description":"Hier besteht die M\u00f6glichkeit, Airbnb-Bewertungen zu erstellen und diese zur Facebook-Unternehmensseite hinzuzuf\u00fcgen. Sie profitieren von kostenlosem Kundenservice und anderen Boni von Elfsight.","breadcrumb":{"@id":"https:\/\/elfsight.com\/de\/airbnb-reviews-widget\/facebook\/#breadcrumb"},"inLanguage":"de","potentialAction":[{"@type":"ReadAction","target":["https:\/\/elfsight.com\/de\/airbnb-reviews-widget\/facebook\/"]}]},{"@type":"BreadcrumbList","@id":"https:\/\/elfsight.com\/de\/airbnb-reviews-widget\/facebook\/#breadcrumb","itemListElement":[{"@type":"ListItem","position":1,"name":"Home","item":"https:\/\/elfsight.com\/de\/"},{"@type":"ListItem","position":2,"name":"Airbnb Reviews","item":"https:\/\/elfsight.com\/de\/airbnb-reviews-widget\/"},{"@type":"ListItem","position":3,"name":"Airbnb Reviews &#8211; Facebook Page"}]},{"@type":"WebSite","@id":"https:\/\/elfsight.com\/de\/#website","url":"https:\/\/elfsight.com\/de\/","name":"Elfsight DE","description":"Just another Elfsight Sites site","potentialAction":[{"@type":"SearchAction","target":{"@type":"EntryPoint","urlTemplate":"https:\/\/elfsight.com\/de\/?s={search_term_string}"},"query-input":{"@type":"PropertyValueSpecification","valueRequired":true,"valueName":"search_term_string"}}],"inLanguage":"de"}]}},"meta_box":{"industry":"","seo_heading":"","heading":"","description":"","cta_heading":"","cta_description":"","application":"488","h1":"Airbnb-Bewertungen f\u00fcr die Facebook-Unternehmensseite","h1_caption":"Zeigen Sie Bewertungen aus Ihrem Airbnb-Eintrag an, um m\u00fchelos mehr G\u00e4ste mit echtem Feedback f\u00fcr Ihre Facebook-Seite zu gewinnen.","application_category":[],"applications_title":"","applications_request_title":"","applications_request_button_text":"","hero_text":"","hero_video":"","hero_video_schema_markup":"","selling_points_title":"","selling_points_caption":"","selling_points":[],"selling_points_cta_text":"","features_title":"","features":"","ed_cta_examples_text":"","ed_cta_examples_hidden":"","ed_cta_demo_text":"","ed_cta_demo_hidden":"","why_caption":"","why_editor_title":"","why_editor_text":"","why_team_title":"","why_team_text":"","why_service_title":"","why_service_text":"","template_catalog_visible":"","template_catalog_title":"","template_catalog_text":"","template_catalog_categories_visible":"","demo_title":"Erstellen Sie Ihr Airbnb-Bewertungs-Widget","demo_caption":"Konfigurieren Sie Ihre Airbnb-Bewertungen und f\u00fcgen Sie sie kostenlos zu Ihrer Facebook-Seite hinzu!","default_faq_hidden":"","app_template_category":[],"platform":"216","template_public_id":"","codecanyon_url":"","codecanyon_item_id":"","codecanyon_price":"","pricing_caption":"","pricing_elfsight_apps_hide_column":"","pricing_elfsight_apps_url":"","pricing_codecanyon_price_caption":"","integration_category":[],"integration_request_title":"","integration_request_cta":"","integration_platform":"","integrations":[],"platform_category":[],"video_schema_markup":"","price":"ab 0 $ \/ Monat","trial":"","benefits":[{"text":"Kostenlose Installationshilfe"},{"text":"Erfahrener Kundensupport"},{"text":"14-t\u00e4gige R\u00fcckerstattungsgarantie"},{"text":"Kontinuierliche kostenlose Updates"}],"button_url":"#demo","button_target_blank":"","button_nofollow":"","attributes":[{"name":"Installiert","content":"10,000 - 100,000"},{"name":"Reaktionsfreudig","content":"Ja"},{"name":"Kompatible Browser","content":"Safari, Chrome, Edge, Firefox, Opera"}],"tags":[],"tags_disable_links":"","hide_more_platforms":"","video_object":"","demo_hide_cta":"","demo_hide_cloud_options":"","pricing_title":"","pricing":[{"pricing_icon":"platform","pricing_title":"Elfsight Apps","pricing_title_caption":"Multiplattform-L\u00f6sung, die auf jeder Website funktioniert","pricing_price":"ab 0 $ \/ Monat","pricing_price_caption":"Beginnen Sie mit einem kostenlosen Plan","pricing_benefits":[{"text":"Unbegrenzte Websites"},{"text":"Schneller und p\u00fcnktlicher Support"},{"text":"Kostenloser Installationsservice"},{"text":"Vollst\u00e4ndig anpassbar"}],"pricing_button_text":"Zur Website hinzuf\u00fcgen","pricing_button_url":"#demo"}],"related_apps_title":"","related_apps_hidden":"","author":"","image":[],"title":"","job":"","social_networks":[]},"_links":{"self":[{"href":"https:\/\/elfsight.com\/de\/wp-json\/wp\/v2\/pages\/7649","targetHints":{"allow":["GET"]}}],"collection":[{"href":"https:\/\/elfsight.com\/de\/wp-json\/wp\/v2\/pages"}],"about":[{"href":"https:\/\/elfsight.com\/de\/wp-json\/wp\/v2\/types\/page"}],"author":[{"embeddable":true,"href":"https:\/\/elfsight.com\/de\/wp-json\/wp\/v2\/users\/9"}],"replies":[{"embeddable":true,"href":"https:\/\/elfsight.com\/de\/wp-json\/wp\/v2\/comments?post=7649"}],"version-history":[{"count":2,"href":"https:\/\/elfsight.com\/de\/wp-json\/wp\/v2\/pages\/7649\/revisions"}],"predecessor-version":[{"id":21160,"href":"https:\/\/elfsight.com\/de\/wp-json\/wp\/v2\/pages\/7649\/revisions\/21160"}],"up":[{"embeddable":true,"href":"https:\/\/elfsight.com\/de\/wp-json\/wp\/v2\/pages\/1519"}],"wp:attachment":[{"href":"https:\/\/elfsight.com\/de\/wp-json\/wp\/v2\/media?parent=7649"}],"curies":[{"name":"wp","href":"https:\/\/api.w.org\/{rel}","templated":true}]}}