{"id":7644,"date":"2024-05-03T06:26:14","date_gmt":"2024-05-03T06:26:14","guid":{"rendered":"https:\/\/elfsight.com\/de\/?page_id=7644"},"modified":"2025-07-08T09:43:43","modified_gmt":"2025-07-08T09:43:43","slug":"woocommerce","status":"publish","type":"page","link":"https:\/\/elfsight.com\/de\/airbnb-reviews-widget\/woocommerce\/","title":{"rendered":"Airbnb Reviews &#8211; WooCommerce"},"content":{"rendered":"<div class=\"application-platform-content-item-description application-platform-content-item\" id=\"description\" data-nav-section=\"description\"><h2>Beschreibung<\/h2><p>Bewertungen, die von echten Menschen gepostet wurden, wirken auf die Besucher Ihrer Website absolut vertrauensw\u00fcrdig und beweisen ihnen, dass Ihr Unternehmen zuverl\u00e4ssig ist Partner. Eine hohe Bewertung und hervorragende Impressionen k\u00f6nnen dazu beitragen, die Anzahl der K\u00e4ufe auf Ihrer Website zu steigern. Au\u00dferdem kann die Weiterleitungsschaltfl\u00e4che dazu beitragen, die Anzahl der Kundenbewertungen zu Ihrem Unternehmen auf Airbnb zu erh\u00f6hen. <\/p><p><b>Machen Sie Ihre Website f\u00fcr E-Commerce-Ziele erfolgreicher mit dem Elfsight Airbnb-Widget.<\/b><\/p><\/div> <div class=\"application-platform-content-item-features application-platform-content-item\" id=\"features\" data-nav-section=\"features\"><h2>\u00dcberpr\u00fcfen Sie die Liste von die n\u00fctzlichsten Funktionen:<\/h2><ul><li>3 gebrauchsfertige Filter: nach Typ, Ausschlie\u00dfen nach und Anzahl der anzuzeigenden Bewertungen; <\/li><li>\u00dcber die Schaltfl\u00e4che zum Anfordern einer Bewertung werden Nutzer zur Airbnb-Seite weitergeleitet. <\/li><li>Sechs anpassbare Elemente der Benutzeroberfl\u00e4che: Name und Foto des Autors, Empfehlung, Datum der Ver\u00f6ffentlichung, Airbnb-Symbol und Sternebewertung.<\/li><\/ul><p><a href=\"#demo\">Probieren Sie einfach diese Demo aus, um einen vollst\u00e4ndigen \u00dcberblick zu erhalten<\/a><\/p><\/div><div class=\"application-platform-content-item-installation application-platform-content-item\" id=\"installation\" data-nav-section=\"installation\"><h2>Wie kann ich Airbnb-Bewertungen zu meiner WooCommerce-Website hinzuf\u00fcgen?<\/h2><p>Befolgen Sie einfach die nachstehenden Anweisungen, um das Plugin einzuf\u00fcgen.<\/p><ol><li><b>Nutzen Sie unsere kostenlose Demo und beginnen Sie mit der Gestaltung Ihres ma\u00dfgeschneiderten Instruments.<\/b><br>W\u00e4hlen Sie die bevorzugte Form und Funktionalit\u00e4t des Tools und wenden Sie die Korrekturen an.<\/li><li><b>Holen Sie sich den pers\u00f6nlichen Code, der in der Box auf Elfsight Apps angezeigt wird.<\/b><br>Kopieren Sie direkt nach der Einrichtung Ihres Widgets den Pers\u00f6nlicher Code aus dem angezeigten Feld und bewahren Sie ihn f\u00fcr die sp\u00e4tere Verwendung auf.<\/li><li><b>Initiieren Sie die Verwendung des Plugins auf der WooCommerce-Webseite.<\/b><br>F\u00fcgen Sie den zuvor kopierten Code in Ihre Webseite ein und Wenden Sie die Verbesserungen an.<\/li><li><b>Die Installation ist vollst\u00e4ndig abgeschlossen.<\/b><br>Gehen Sie auf Ihre Seite, um zu sehen, wie das Tool funktioniert.<\/li><\/ol><p>Vorausgesetzt Wenn Sie Fragen bearbeiten oder auf Komplikationen sto\u00dfen, wenden Sie sich bitte an unsere Kundendienstmitarbeiter. Unsere Spezialisten werden sich freuen, alle Schwierigkeiten zu l\u00f6sen, die Sie m\u00f6glicherweise mit dem Plugin haben.<\/p><div class=\"faq\" data-component=\"FAQ\"> <div class=\"faq-item\">\r\n\t\t\t\t\t<div class=\"faq-item-question\">\r\n\t\t\t\t\t\t<h3 class=\"faq-item-question-text\">Wie f\u00fcge ich Airbnb-Bewertungen ohne Programmierkenntnisse zu meiner WooCommerce-Website hinzu?<\/h3>\r\n\r\n\t\t\t\t\t\t<div class=\"faq-item-question-icon\"><\/div>\r\n\t\t\t\t\t<\/div>\r\n\r\n\t\t\t\t\t<div class=\"faq-item-answer\">\r\n\t\t\t\t\t\t<div class=\"faq-item-answer-text\"> <p>Elfsight bietet eine SaaS-L\u00f6sung, mit der Sie selbst ein Airbnb-Bewertungs-Widget erstellen k\u00f6nnen. Sehen Sie, wie einfach der Vorgang ist: Arbeiten Sie direkt im Online-Editor, um ein Airbnb-Bewertungs-Widget zu erstellen, das Sie gerne auf Ihrer WooCommerce-Website sehen w\u00fcrden. W\u00e4hlen Sie eine der vorgefertigten Vorlagen aus und passen Sie die Einstellungen f\u00fcr Airbnb-Bewertungen an, f\u00fcgen Sie Ihre Inhalte hinzu, \u00e4ndern Sie das Layout und die Farben ohne Programmierkenntnisse. Speichern Sie die Airbnb-Bewertungen und kopieren Sie den Installationscode, den Sie einfach in Ihre WooCommerce-Website einf\u00fcgen k\u00f6nnen, ohne ein kostenpflichtiges Abonnement kaufen zu m\u00fcssen. Mit unserem intuitiven Editor kann jeder Internetnutzer online ein Airbnb-Bewertungs-Widget erstellen und es einfach in seine WooCommerce-Website einbetten. Sie m\u00fcssen weder bezahlen noch Ihre Kartendaten eingeben, um auf den Service zuzugreifen. Sollten bei irgendeinem Schritt Probleme auftreten, wenden Sie sich bitte an unser technisches Support-Team<\/p> <\/div>\r\n\t\t\t\t\t<\/div>\r\n\t\t\t\t<\/div> <\/div> <\/div>","protected":false},"excerpt":{"rendered":"","protected":false},"author":9,"featured_media":0,"parent":1519,"menu_order":0,"comment_status":"closed","ping_status":"closed","template":"templates\/template-application-platform.php","meta":{"publish_to_discourse":"","publish_post_category":"","wpdc_auto_publish_overridden":"","wpdc_topic_tags":"","wpdc_pin_topic":"","wpdc_pin_until":"","discourse_post_id":"","discourse_permalink":"","wpdc_publishing_response":"","wpdc_publishing_error":"","footnotes":""},"class_list":["post-7644","page","type-page","status-publish","hentry"],"yoast_head":"<!-- This site is optimized with the Yoast SEO plugin v25.3.1 - https:\/\/yoast.com\/wordpress\/plugins\/seo\/ -->\n<title>WooCommerce Airbnb Reviews-Plugin f\u00fcr Ihre Website (2025)<\/title>\n<meta name=\"description\" content=\"Sie k\u00f6nnen das Airbnb-Bewertungs-Plugin im Editor personalisieren und direkt in der Demo in Ihre WooCommerce-Seite einf\u00fcgen.\" \/>\n<meta name=\"robots\" content=\"index, follow, max-snippet:-1, max-image-preview:large, max-video-preview:-1\" \/>\n<link rel=\"canonical\" href=\"https:\/\/elfsight.com\/de\/airbnb-reviews-widget\/woocommerce\/\" \/>\n<meta property=\"og:locale\" content=\"de_DE\" \/>\n<meta property=\"og:type\" content=\"article\" \/>\n<meta property=\"og:title\" content=\"WooCommerce Airbnb Reviews-Plugin f\u00fcr Ihre Website (2025)\" \/>\n<meta property=\"og:description\" content=\"Sie k\u00f6nnen das Airbnb-Bewertungs-Plugin im Editor personalisieren und direkt in der Demo in Ihre WooCommerce-Seite einf\u00fcgen.\" \/>\n<meta property=\"og:url\" content=\"https:\/\/elfsight.com\/de\/airbnb-reviews-widget\/woocommerce\/\" \/>\n<meta property=\"og:site_name\" content=\"Elfsight DE\" \/>\n<meta property=\"article:modified_time\" content=\"2025-07-08T09:43:43+00:00\" \/>\n<meta name=\"twitter:card\" content=\"summary_large_image\" \/>\n<meta name=\"twitter:label1\" content=\"Gesch\u00e4tzte Lesezeit\" \/>\n\t<meta name=\"twitter:data1\" content=\"3\u00a0Minuten\" \/>\n<!-- \/ Yoast SEO plugin. -->","yoast_head_json":{"title":"WooCommerce Airbnb Reviews-Plugin f\u00fcr Ihre Website (2025)","description":"Sie k\u00f6nnen das Airbnb-Bewertungs-Plugin im Editor personalisieren und direkt in der Demo in Ihre WooCommerce-Seite einf\u00fcgen.","robots":{"index":"index","follow":"follow","max-snippet":"max-snippet:-1","max-image-preview":"max-image-preview:large","max-video-preview":"max-video-preview:-1"},"canonical":"https:\/\/elfsight.com\/de\/airbnb-reviews-widget\/woocommerce\/","og_locale":"de_DE","og_type":"article","og_title":"WooCommerce Airbnb Reviews-Plugin f\u00fcr Ihre Website (2025)","og_description":"Sie k\u00f6nnen das Airbnb-Bewertungs-Plugin im Editor personalisieren und direkt in der Demo in Ihre WooCommerce-Seite einf\u00fcgen.","og_url":"https:\/\/elfsight.com\/de\/airbnb-reviews-widget\/woocommerce\/","og_site_name":"Elfsight DE","article_modified_time":"2025-07-08T09:43:43+00:00","twitter_card":"summary_large_image","twitter_misc":{"Gesch\u00e4tzte Lesezeit":"3\u00a0Minuten"},"schema":{"@context":"https:\/\/schema.org","@graph":[{"@type":"WebPage","@id":"https:\/\/elfsight.com\/de\/airbnb-reviews-widget\/woocommerce\/","url":"https:\/\/elfsight.com\/de\/airbnb-reviews-widget\/woocommerce\/","name":"WooCommerce Airbnb Reviews-Plugin f\u00fcr Ihre Website (2025)","isPartOf":{"@id":"https:\/\/elfsight.com\/de\/#website"},"datePublished":"2024-05-03T06:26:14+00:00","dateModified":"2025-07-08T09:43:43+00:00","description":"Sie k\u00f6nnen das Airbnb-Bewertungs-Plugin im Editor personalisieren und direkt in der Demo in Ihre WooCommerce-Seite einf\u00fcgen.","breadcrumb":{"@id":"https:\/\/elfsight.com\/de\/airbnb-reviews-widget\/woocommerce\/#breadcrumb"},"inLanguage":"de","potentialAction":[{"@type":"ReadAction","target":["https:\/\/elfsight.com\/de\/airbnb-reviews-widget\/woocommerce\/"]}]},{"@type":"BreadcrumbList","@id":"https:\/\/elfsight.com\/de\/airbnb-reviews-widget\/woocommerce\/#breadcrumb","itemListElement":[{"@type":"ListItem","position":1,"name":"Home","item":"https:\/\/elfsight.com\/de\/"},{"@type":"ListItem","position":2,"name":"Airbnb Reviews","item":"https:\/\/elfsight.com\/de\/airbnb-reviews-widget\/"},{"@type":"ListItem","position":3,"name":"Airbnb Reviews &#8211; WooCommerce"}]},{"@type":"WebSite","@id":"https:\/\/elfsight.com\/de\/#website","url":"https:\/\/elfsight.com\/de\/","name":"Elfsight DE","description":"Just another Elfsight Sites site","potentialAction":[{"@type":"SearchAction","target":{"@type":"EntryPoint","urlTemplate":"https:\/\/elfsight.com\/de\/?s={search_term_string}"},"query-input":{"@type":"PropertyValueSpecification","valueRequired":true,"valueName":"search_term_string"}}],"inLanguage":"de"}]}},"meta_box":{"industry":"","seo_heading":"","heading":"","description":"","cta_heading":"","cta_description":"","application":"488","h1":"WooCommerce Airbnb Reviews-Plugin","h1_caption":"Zeigen Sie Bewertungen aus Ihrem Airbnb-Eintrag an, um m\u00fchelos mehr G\u00e4ste mit echtem Feedback f\u00fcr Ihre WooCommerce-Website zu gewinnen.","application_category":[],"applications_title":"","applications_request_title":"","applications_request_button_text":"","hero_text":"","hero_video":"","hero_video_schema_markup":"","selling_points_title":"","selling_points_caption":"","selling_points":[],"selling_points_cta_text":"","features_title":"","features":"","ed_cta_examples_text":"","ed_cta_examples_hidden":"","ed_cta_demo_text":"","ed_cta_demo_hidden":"","why_caption":"","why_editor_title":"","why_editor_text":"","why_team_title":"","why_team_text":"","why_service_title":"","why_service_text":"","template_catalog_visible":"","template_catalog_title":"","template_catalog_text":"","template_catalog_categories_visible":"","demo_title":"Erstellen Sie Ihre Airbnb-Bewertungen-App","demo_caption":"Konfigurieren Sie Ihre Airbnb-Bewertungen und f\u00fcgen Sie sie kostenlos zu Ihrer WooCommerce-Website hinzu!","default_faq_hidden":"","app_template_category":[],"platform":"200","template_public_id":"","codecanyon_url":"","codecanyon_item_id":"","codecanyon_price":"","pricing_caption":"","pricing_elfsight_apps_hide_column":"","pricing_elfsight_apps_url":"","pricing_codecanyon_price_caption":"","integration_category":[],"integration_request_title":"","integration_request_cta":"","integration_platform":"","integrations":[],"platform_category":[],"video_schema_markup":"","price":"ab 0 $ \/ Monat","trial":"","benefits":[{"text":"Kostenlose Installationsunterst\u00fctzung"},{"text":"Kompetenter Kundenservice"},{"text":"14-t\u00e4gige Geld-zur\u00fcck-Garantie"},{"text":"Fortlaufende Entwicklung"}],"button_url":"#demo","button_target_blank":"","button_nofollow":"","attributes":[{"name":"Installiert","content":"10,000 - 100,000"},{"name":"Reaktionsfreudig","content":"Ja"},{"name":"Kompatible Browser","content":"Firefox, Safari, Opera, Chrome, Edge"}],"tags":[],"tags_disable_links":"","hide_more_platforms":"","video_object":"","demo_hide_cta":"","demo_hide_cloud_options":"","pricing_title":"","pricing":[{"pricing_icon":"platform","pricing_title":"Elfsight Apps","pricing_title_caption":"Multiplattform-Software","pricing_price":"ab 0 $ \/ Monat","pricing_price_caption":"Beginnen Sie mit einem kostenlosen Plan","pricing_benefits":[{"text":"Unbegrenzte Websites"},{"text":"Premium-Unternehmensunterst\u00fctzung"},{"text":"Kostenlose Installationshilfe"},{"text":"Vollst\u00e4ndig anpassbar"}],"pricing_button_text":"Zur Website hinzuf\u00fcgen","pricing_button_url":"#demo"}],"related_apps_title":"","related_apps_hidden":"","author":"","image":[],"title":"","job":"","social_networks":[]},"_links":{"self":[{"href":"https:\/\/elfsight.com\/de\/wp-json\/wp\/v2\/pages\/7644","targetHints":{"allow":["GET"]}}],"collection":[{"href":"https:\/\/elfsight.com\/de\/wp-json\/wp\/v2\/pages"}],"about":[{"href":"https:\/\/elfsight.com\/de\/wp-json\/wp\/v2\/types\/page"}],"author":[{"embeddable":true,"href":"https:\/\/elfsight.com\/de\/wp-json\/wp\/v2\/users\/9"}],"replies":[{"embeddable":true,"href":"https:\/\/elfsight.com\/de\/wp-json\/wp\/v2\/comments?post=7644"}],"version-history":[{"count":1,"href":"https:\/\/elfsight.com\/de\/wp-json\/wp\/v2\/pages\/7644\/revisions"}],"predecessor-version":[{"id":7648,"href":"https:\/\/elfsight.com\/de\/wp-json\/wp\/v2\/pages\/7644\/revisions\/7648"}],"up":[{"embeddable":true,"href":"https:\/\/elfsight.com\/de\/wp-json\/wp\/v2\/pages\/1519"}],"wp:attachment":[{"href":"https:\/\/elfsight.com\/de\/wp-json\/wp\/v2\/media?parent=7644"}],"curies":[{"name":"wp","href":"https:\/\/api.w.org\/{rel}","templated":true}]}}