{"id":7642,"date":"2024-05-03T06:26:12","date_gmt":"2024-05-03T06:26:12","guid":{"rendered":"https:\/\/elfsight.com\/de\/?page_id=7642"},"modified":"2025-02-17T06:06:11","modified_gmt":"2025-02-17T06:06:11","slug":"google-sites","status":"publish","type":"page","link":"https:\/\/elfsight.com\/de\/airbnb-reviews-widget\/google-sites\/","title":{"rendered":"Airbnb Reviews &#8211; Google Sites"},"content":{"rendered":"\n<div class=\"application-platform-content-item-description application-platform-content-item\" id=\"description\" data-nav-section=\"description\"> <h2>Betten Sie Airbnb-Bewertungen auf Google Sites mit dem Elfsight-Widget ein<\/h2> <p>Wenn Sie Ihre hohe Wertsch\u00e4tzung durch Benutzer offenbaren und \u00fcberzeugen m\u00f6chten Wenn Sie Ihren Website-Besuchern zeigen m\u00f6chten, dass sich der Kauf Ihrer Produkte oder Dienstleistungen lohnt, ist das Elfsight Airbnb-Bewertungs-Widget f\u00fcr Google Sites genau das Richtige f\u00fcr Sie. Mit Hilfe dieses Widgets k\u00f6nnen Sie Kundenbewertungen auf Ihrer Website mit Informationen zu ihren Autoren anzeigen, Filter verwenden, um nur die besten Bewertungen anzuzeigen, und eine aktive Schaltfl\u00e4che verwenden, die Personen auf Ihrem Konto dorthin f\u00fchrt, wo sie eine neue Bewertung hinzuf\u00fcgen k\u00f6nnen .<\/p> <p><b>Integrieren Sie Airbnb-Bewertungen, um Ihre gesch\u00e4ftlichen Herausforderungen effizienter zu meistern!<\/b><\/p> <\/div> <div class=\"application-platform-content-item-features application-platform-content-item\" id=\"features\" data-nav-section=\"features\"> <h2>Das Widget verf\u00fcgt \u00fcber leistungsstarke und unkomplizierte Funktionen, hier sind einige davon: <\/h2> <ul> <li>3 gebrauchsfertige Filter: nach Typ, Ausschlie\u00dfen nach und Anzahl der anzuzeigenden Bewertungen; <\/li> <li>\u00dcber die Schaltfl\u00e4che zum Anfordern einer Bewertung werden Nutzer zur Airbnb-Seite weitergeleitet. <\/li> <li>Sechs anpassbare Elemente der Benutzeroberfl\u00e4che: Name und Foto des Autors, Empfehlung, Datum der Ver\u00f6ffentlichung, Airbnb-Symbol und Sternebewertung; <\/li> <\/ul><p><a href=\"#demo\">Testen Sie alle Anpassungsoptionen in einer 100 % funktionsf\u00e4higen Demo<\/a><\/p> <\/div> <div class=\"application-platform-content-item-installation application-platform-content-item\" id=\"installation\" data-nav-section=\"installation\"> <h2>Wie f\u00fcge ich Airbnb-Bewertungen zu meinen Google Sites hinzu?<\/h2><div class=\"video-container\"><iframe width=\"560\" height=\"315\" src=\"https:\/\/www.youtube.com\/embed\/Pksiqjy5qY4?si=gqIeos7kb264ptN0\" frameborder=\"0\" allow=\"accelerometer; autoplay; clipboard-write; encrypted-media; gyroscope; picture-in-picture; web-share\" allowfullscreen><\/iframe><\/div> <p>F\u00fchren Sie einfach die folgenden Richtlinien aus, um mit der Arbeit mit dem Widget zu beginnen.<\/p> <ol><li> <b>Verwalten Sie unseren kostenlosen Konfigurator und beginnen Sie mit der Erstellung Ihres eigenen Plugins. <\/b><br> Finden Sie die passende Schnittstelle und Funktionen des Plugins und \u00fcbernehmen Sie die \u00c4nderungen. <\/li> <li><b>Erhalten Sie Ihren einzigartigen Code, der im Fenster von Elfsight Apps angezeigt wird. <\/b><br> Kopieren Sie unmittelbar nach Abschluss der Konfiguration Ihres pers\u00f6nlichen Tools den pers\u00f6nlichen Code in das angezeigte Feld und speichern Sie ihn zur sp\u00e4teren Verwendung. <\/li> <li><b>Beginnen Sie mit der Verwendung des Tools auf Ihrer Google Sites-Website. <\/b><br> Geben Sie den Code ein, den Sie k\u00fcrzlich auf Ihrer Seite kopiert haben, und speichern Sie die Korrekturen. <\/li> <li><b>Die Installation wurde erfolgreich durchgef\u00fchrt. <\/b><br> Sehen Sie sich auf Ihrer Website an, wie das Tool funktioniert. <\/li><\/ol> <div class=\"tip-yellow tip\"><b>Aufgrund der Besonderheiten der Google Sites-Funktion sieht das Widget m\u00f6glicherweise anders aus als die Online-Demo. Wir entschuldigen uns f\u00fcr etwaige Unannehmlichkeiten.<\/b><\/div><p>Wenn Sie Fragen haben oder auf Schwierigkeiten sto\u00dfen, wenden Sie sich bitte an unser Kundendienstteam. Unsere Mitarbeiter sind bestrebt, alle Schwierigkeiten zu l\u00f6sen, die Sie m\u00f6glicherweise mit dem Plugin haben. <\/p> <div class=\"faq\" data-component=\"FAQ\"> <div class=\"faq-item\">\r\n\t\t\t\t\t<div class=\"faq-item-question\">\r\n\t\t\t\t\t\t<h3 class=\"faq-item-question-text\">Wie kann ich ohne Programmierkenntnisse Airbnb-Bewertungen zu meiner Google Sites-Website hinzuf\u00fcgen?<\/h3>\r\n\r\n\t\t\t\t\t\t<div class=\"faq-item-question-icon\"><\/div>\r\n\t\t\t\t\t<\/div>\r\n\r\n\t\t\t\t\t<div class=\"faq-item-answer\">\r\n\t\t\t\t\t\t<div class=\"faq-item-answer-text\"> <p>Elfsight bietet eine SaaS-L\u00f6sung, mit der Sie selbst ein Airbnb-Bewertungs-Widget erstellen k\u00f6nnen. Sehen Sie, wie einfach es ist Der Vorgang ist: Arbeiten Sie direkt im Online-Editor, um ein Airbnb-Bewertungs-Widget zu erstellen, das Sie auf Ihrer Google Sites-Website sehen m\u00f6chten. W\u00e4hlen Sie eine der vorgefertigten Vorlagen aus und passen Sie die Einstellungen f\u00fcr Airbnb-Bewertungen an, f\u00fcgen Sie Ihre Inhalte hinzu, \u00e4ndern Sie das Layout und die Farben ohne Programmierkenntnisse. Speichern Sie die Airbnb-Bewertungen und kopieren Sie den Installationscode, den Sie problemlos in Ihre Google Sites-Website einbetten k\u00f6nnen, ohne ein kostenpflichtiges Abonnement zu kaufen. Mit unserem intuitiven Editor kann jeder Internetnutzer online ein Airbnb-Bewertungs-Widget erstellen und es ganz einfach in seine Google Sites-Website einbetten. Sie m\u00fcssen weder bezahlen noch Ihre Kartendaten eingeben, um auf den Service zuzugreifen. Sollten bei irgendeinem Schritt Probleme auftreten, wenden Sie sich bitte an unser technisches Support-Team.<\/p> <\/div>\r\n\t\t\t\t\t<\/div>\r\n\t\t\t\t<\/div> <\/div> <\/div>\n","protected":false},"excerpt":{"rendered":"","protected":false},"author":9,"featured_media":0,"parent":1519,"menu_order":0,"comment_status":"closed","ping_status":"closed","template":"templates\/template-application-platform.php","meta":{"publish_to_discourse":"","publish_post_category":"","wpdc_auto_publish_overridden":"","wpdc_topic_tags":"","wpdc_pin_topic":"","wpdc_pin_until":"","discourse_post_id":"","discourse_permalink":"","wpdc_publishing_response":"","wpdc_publishing_error":"","footnotes":""},"class_list":["post-7642","page","type-page","status-publish","hentry"],"yoast_head":"<!-- This site is optimized with the Yoast SEO plugin v25.3.1 - https:\/\/yoast.com\/wordpress\/plugins\/seo\/ -->\n<title>Airbnb-Bewertungen \u2013 Widget \u201eBewertungen\u201c zu Google Sites hinzuf\u00fcgen (2025)<\/title>\n<meta name=\"description\" content=\"Betten Sie ein responsives Airbnb-Bewertungs-Widget in Ihre Google Sites ein und gewinnen Sie volles Vertrauen. Nutzen Sie die benutzerfreundliche Demo von Elfsight, um Ihr pers\u00f6nliches Feature zu erstellen.\" \/>\n<meta name=\"robots\" content=\"index, follow, max-snippet:-1, max-image-preview:large, max-video-preview:-1\" \/>\n<link rel=\"canonical\" href=\"https:\/\/elfsight.com\/de\/airbnb-reviews-widget\/google-sites\/\" \/>\n<meta property=\"og:locale\" content=\"de_DE\" \/>\n<meta property=\"og:type\" content=\"article\" \/>\n<meta property=\"og:title\" content=\"Airbnb-Bewertungen \u2013 Widget \u201eBewertungen\u201c zu Google Sites hinzuf\u00fcgen (2025)\" \/>\n<meta property=\"og:description\" content=\"Betten Sie ein responsives Airbnb-Bewertungs-Widget in Ihre Google Sites ein und gewinnen Sie volles Vertrauen. Nutzen Sie die benutzerfreundliche Demo von Elfsight, um Ihr pers\u00f6nliches Feature zu erstellen.\" \/>\n<meta property=\"og:url\" content=\"https:\/\/elfsight.com\/de\/airbnb-reviews-widget\/google-sites\/\" \/>\n<meta property=\"og:site_name\" content=\"Elfsight DE\" \/>\n<meta property=\"article:modified_time\" content=\"2025-02-17T06:06:11+00:00\" \/>\n<meta name=\"twitter:card\" content=\"summary_large_image\" \/>\n<meta name=\"twitter:label1\" content=\"Gesch\u00e4tzte Lesezeit\" \/>\n\t<meta name=\"twitter:data1\" content=\"3\u00a0Minuten\" \/>\n<!-- \/ Yoast SEO plugin. -->","yoast_head_json":{"title":"Airbnb-Bewertungen \u2013 Widget \u201eBewertungen\u201c zu Google Sites hinzuf\u00fcgen (2025)","description":"Betten Sie ein responsives Airbnb-Bewertungs-Widget in Ihre Google Sites ein und gewinnen Sie volles Vertrauen. Nutzen Sie die benutzerfreundliche Demo von Elfsight, um Ihr pers\u00f6nliches Feature zu erstellen.","robots":{"index":"index","follow":"follow","max-snippet":"max-snippet:-1","max-image-preview":"max-image-preview:large","max-video-preview":"max-video-preview:-1"},"canonical":"https:\/\/elfsight.com\/de\/airbnb-reviews-widget\/google-sites\/","og_locale":"de_DE","og_type":"article","og_title":"Airbnb-Bewertungen \u2013 Widget \u201eBewertungen\u201c zu Google Sites hinzuf\u00fcgen (2025)","og_description":"Betten Sie ein responsives Airbnb-Bewertungs-Widget in Ihre Google Sites ein und gewinnen Sie volles Vertrauen. Nutzen Sie die benutzerfreundliche Demo von Elfsight, um Ihr pers\u00f6nliches Feature zu erstellen.","og_url":"https:\/\/elfsight.com\/de\/airbnb-reviews-widget\/google-sites\/","og_site_name":"Elfsight DE","article_modified_time":"2025-02-17T06:06:11+00:00","twitter_card":"summary_large_image","twitter_misc":{"Gesch\u00e4tzte Lesezeit":"3\u00a0Minuten"},"schema":{"@context":"https:\/\/schema.org","@graph":[{"@type":"WebPage","@id":"https:\/\/elfsight.com\/de\/airbnb-reviews-widget\/google-sites\/","url":"https:\/\/elfsight.com\/de\/airbnb-reviews-widget\/google-sites\/","name":"Airbnb-Bewertungen \u2013 Widget \u201eBewertungen\u201c zu Google Sites hinzuf\u00fcgen (2025)","isPartOf":{"@id":"https:\/\/elfsight.com\/de\/#website"},"datePublished":"2024-05-03T06:26:12+00:00","dateModified":"2025-02-17T06:06:11+00:00","description":"Betten Sie ein responsives Airbnb-Bewertungs-Widget in Ihre Google Sites ein und gewinnen Sie volles Vertrauen. Nutzen Sie die benutzerfreundliche Demo von Elfsight, um Ihr pers\u00f6nliches Feature zu erstellen.","breadcrumb":{"@id":"https:\/\/elfsight.com\/de\/airbnb-reviews-widget\/google-sites\/#breadcrumb"},"inLanguage":"de","potentialAction":[{"@type":"ReadAction","target":["https:\/\/elfsight.com\/de\/airbnb-reviews-widget\/google-sites\/"]}]},{"@type":"BreadcrumbList","@id":"https:\/\/elfsight.com\/de\/airbnb-reviews-widget\/google-sites\/#breadcrumb","itemListElement":[{"@type":"ListItem","position":1,"name":"Home","item":"https:\/\/elfsight.com\/de\/"},{"@type":"ListItem","position":2,"name":"Airbnb Reviews","item":"https:\/\/elfsight.com\/de\/airbnb-reviews-widget\/"},{"@type":"ListItem","position":3,"name":"Airbnb Reviews &#8211; Google Sites"}]},{"@type":"WebSite","@id":"https:\/\/elfsight.com\/de\/#website","url":"https:\/\/elfsight.com\/de\/","name":"Elfsight DE","description":"Just another Elfsight Sites site","potentialAction":[{"@type":"SearchAction","target":{"@type":"EntryPoint","urlTemplate":"https:\/\/elfsight.com\/de\/?s={search_term_string}"},"query-input":{"@type":"PropertyValueSpecification","valueRequired":true,"valueName":"search_term_string"}}],"inLanguage":"de"}]}},"meta_box":{"industry":"","seo_heading":"","heading":"","description":"","cta_heading":"","cta_description":"","application":"488","h1":"Google Sites Airbnb-Bewertungen-Widget","h1_caption":"Zeigen Sie Bewertungen aus Ihrem Airbnb-Eintrag an, um m\u00fchelos mehr G\u00e4ste mit echtem Feedback f\u00fcr Ihre Google Sites zu gewinnen.","application_category":[],"applications_title":"","applications_request_title":"","applications_request_button_text":"","hero_text":"","hero_video":"","hero_video_schema_markup":"","selling_points_title":"","selling_points_caption":"","selling_points":[],"selling_points_cta_text":"","features_title":"","features":"","ed_cta_examples_text":"","ed_cta_examples_hidden":"","ed_cta_demo_text":"","ed_cta_demo_hidden":"","why_caption":"","why_editor_title":"","why_editor_text":"","why_team_title":"","why_team_text":"","why_service_title":"","why_service_text":"","template_catalog_visible":"0","template_catalog_title":"","template_catalog_text":"","template_catalog_categories_visible":"","demo_title":"Erstellen Sie Ihr Airbnb-Bewertungs-Widget","demo_caption":"Konfigurieren Sie Ihre Airbnb-Bewertungen und f\u00fcgen Sie sie kostenlos zu Ihrer Google Sites-Website hinzu!","default_faq_hidden":"","app_template_category":[],"platform":"3000","template_public_id":"","codecanyon_url":"","codecanyon_item_id":"","codecanyon_price":"","pricing_caption":"","pricing_elfsight_apps_hide_column":"","pricing_elfsight_apps_url":"","pricing_codecanyon_price_caption":"","integration_category":[],"integration_request_title":"","integration_request_cta":"","integration_platform":"","integrations":[],"platform_category":[],"video_schema_markup":"","price":"ab 0 $ \/ Monat","trial":"","benefits":[{"text":"Kostenloser Installationsservice"},{"text":"Kompetenter Kundenservice"},{"text":"14-t\u00e4gige R\u00fcckerstattungsgarantie"},{"text":"Kontinuierliche kostenlose Updates"}],"button_url":"#demo","button_target_blank":"0","button_nofollow":"0","attributes":[{"name":"Installiert","content":"10,000 - 100,000"},{"name":"Reaktionsfreudig","content":"Adaptives Design"},{"name":"Kompatible Browser","content":"Chrome, Safari, Opera, Edge, Firefox"}],"tags":[],"tags_disable_links":"0","hide_more_platforms":"0","video_object":"","demo_hide_cta":"0","demo_hide_cloud_options":"0","pricing_title":"","pricing":[{"pricing_icon":"platform","pricing_title":"Elfsight Apps","pricing_title_caption":"Plattform\u00fcbergreifende Version, die auf jeder Website funktioniert","pricing_price":"ab 0 $ \/ Monat","pricing_price_caption":"Beginnen Sie mit einem kostenlosen Plan","pricing_benefits":[{"text":"Unbegrenzte Websites"},{"text":"Engagierter und p\u00fcnktlicher Support"},{"text":"Kostenloser Installationssupport"},{"text":"Sonderangebot f\u00fcr mehrere Apps"}],"pricing_button_text":"Zur Website hinzuf\u00fcgen","pricing_button_url":"#demo"}],"related_apps_title":"","related_apps_hidden":"0","author":"","image":[],"title":"","job":"","social_networks":[]},"_links":{"self":[{"href":"https:\/\/elfsight.com\/de\/wp-json\/wp\/v2\/pages\/7642","targetHints":{"allow":["GET"]}}],"collection":[{"href":"https:\/\/elfsight.com\/de\/wp-json\/wp\/v2\/pages"}],"about":[{"href":"https:\/\/elfsight.com\/de\/wp-json\/wp\/v2\/types\/page"}],"author":[{"embeddable":true,"href":"https:\/\/elfsight.com\/de\/wp-json\/wp\/v2\/users\/9"}],"replies":[{"embeddable":true,"href":"https:\/\/elfsight.com\/de\/wp-json\/wp\/v2\/comments?post=7642"}],"version-history":[{"count":3,"href":"https:\/\/elfsight.com\/de\/wp-json\/wp\/v2\/pages\/7642\/revisions"}],"predecessor-version":[{"id":24241,"href":"https:\/\/elfsight.com\/de\/wp-json\/wp\/v2\/pages\/7642\/revisions\/24241"}],"up":[{"embeddable":true,"href":"https:\/\/elfsight.com\/de\/wp-json\/wp\/v2\/pages\/1519"}],"wp:attachment":[{"href":"https:\/\/elfsight.com\/de\/wp-json\/wp\/v2\/media?parent=7642"}],"curies":[{"name":"wp","href":"https:\/\/api.w.org\/{rel}","templated":true}]}}