{"id":7641,"date":"2024-05-03T06:26:11","date_gmt":"2024-05-03T06:26:11","guid":{"rendered":"https:\/\/elfsight.com\/de\/?page_id=7641"},"modified":"2025-07-08T09:42:32","modified_gmt":"2025-07-08T09:42:32","slug":"godaddy","status":"publish","type":"page","link":"https:\/\/elfsight.com\/de\/airbnb-reviews-widget\/godaddy\/","title":{"rendered":"Airbnb Reviews  &#8211; GoDaddy"},"content":{"rendered":"<div class=\"application-platform-content-item-description application-platform-content-item\" id=\"description\" data-nav-section=\"description\"> <h2>Airbnb-Bewertungen auf GoDaddy mit dem Elfsight-Widget einbetten<\/h2> <p>Elfsight Airbnb-Bewertungen ist ein Tool, mit dem Sie Empfehlungen ver\u00f6ffentlichen k\u00f6nnen auf Airbnb auf Ihrer Website ver\u00f6ffentlicht. Mit dem Plugin k\u00f6nnen Sie Filter zum Aussortieren unerw\u00fcnschter Bewertungen anwenden, die Sterne- und Zahlenbewertung Ihrer Seite hinzuf\u00fcgen, Informationen \u00fcber die Autoren anzeigen und eine Call-to-Action-Schaltfl\u00e4che hinzuf\u00fcgen, die Besuchern das Schreiben erleichtert eine neue Bewertung \u00fcber Ihre Unterkunft. Elfsight Airbnb-Bewertungen helfen Ihnen dabei, Ihren hohen Social Proof auf der Website zu demonstrieren und neue K\u00e4ufe anzulocken.<\/p> <p><b>K\u00e4ufe steigern, indem Sie Ihre hohe Bewertung und Ihr positives Image unter Beweis stellen<\/b><\/p> <\/div> <div class=\"application-platform-content-item-features application-platform-content-item\" id=\"features\" data-nav-section=\"features\"> <h2>Hier finden Sie die Grundfunktionen des Plugins: <\/h2> <ul> <li>Drei Filteroptionen: nach Typ, Ausschlie\u00dfen nach und Anzahl der anzuzeigenden Bewertungen; <\/li> <li>Eine M\u00f6glichkeit, den Header des Plugins ein-\/auszuschalten; <\/li> <li>Sechs flexible Elemente des Plugins: Name und Foto des Autors, Empfehlungstext, Datum, Airbnb-Symbol und Sternebewertung; <\/li> <\/ul><p><a href=\"#demo\">Schauen Sie sich einfach diese Demo an, um zu sehen, was das Plugin wert ist<\/a><\/p> <\/div> <div class=\"application-platform-content-item-installation application-platform-content-item\" id=\"installation\" data-nav-section=\"installation\"> <h2>Wie bette ich Airbnb-Bewertungen in meine GoDaddy-Website ein? <\/h2> <p>Befolgen Sie einfach die nachstehenden Anweisungen, um das Plugin einzubetten. <\/p> <ol><li><b>Starten Sie unsere kostenlose Demo und beginnen Sie mit der Entwicklung Ihres eigenen Instruments. <\/b><br> Geben Sie die bevorzugte Form und Eigenschaften des Plugins an und \u00fcbernehmen Sie die \u00c4nderungen. <\/li> <li><b>Kopieren Sie Ihren eindeutigen Code, der im Fenster von Elfsight Apps angezeigt wird. <\/b><br> Nachdem die Erstellung Ihres pers\u00f6nlichen Plugins abgeschlossen ist, kopieren Sie den exklusiven Code im angezeigten Popup und speichern Sie ihn zur sp\u00e4teren Verwendung. <\/li> <li><b>Initiieren Sie die Anwendung des Tools auf Ihrer GoDaddy-Webseite. <\/b><br> F\u00fcgen Sie den zuvor gespeicherten Code in Ihre Webseite ein und \u00fcbernehmen Sie die \u00c4nderungen. <\/li> <li><b>Fertig! Die Integration ist vollst\u00e4ndig abgeschlossen. <\/b><br> Besuchen Sie Ihre Website, um die Funktionsweise des Tools zu \u00fcberpr\u00fcfen. <\/li><\/ol> <p>Wenn Sie auf Schwierigkeiten sto\u00dfen, scheuen Sie sich nicht, unseren Support-Mitarbeitern zu schreiben. Unsere Spezialisten beantworten gerne alle Fragen, die Sie zum Plugin haben. <\/p> <div class=\"faq\" data-component=\"FAQ\"> <div class=\"faq-item\">\r\n\t\t\t\t\t<div class=\"faq-item-question\">\r\n\t\t\t\t\t\t<h3 class=\"faq-item-question-text\">Wie f\u00fcge ich Airbnb-Bewertungen ohne Programmierkenntnisse zu meiner GoDaddy-Website hinzu?<\/h3>\r\n\r\n\t\t\t\t\t\t<div class=\"faq-item-question-icon\"><\/div>\r\n\t\t\t\t\t<\/div>\r\n\r\n\t\t\t\t\t<div class=\"faq-item-answer\">\r\n\t\t\t\t\t\t<div class=\"faq-item-answer-text\"> <p>Elfsight bietet eine SaaS-L\u00f6sung, mit der Sie selbst ein Airbnb-Bewertungs-Widget erstellen k\u00f6nnen. Sehen Sie, wie einfach der Vorgang ist ist: Arbeiten Sie direkt im Online-Editor, um ein Airbnb-Bewertungs-Widget zu erstellen, das Sie gerne auf Ihrer GoDaddy-Website sehen w\u00fcrden. W\u00e4hlen Sie eine der vorgefertigten Vorlagen aus und passen Sie die Einstellungen f\u00fcr Airbnb-Bewertungen an, f\u00fcgen Sie Ihre Inhalte hinzu, \u00e4ndern Sie das Layout und die Farben ohne Programmierkenntnisse. Speichern Sie die Airbnb-Bewertungen und kopieren Sie den Installationscode, den Sie m\u00fchelos in Ihre GoDaddy-Website einf\u00fcgen k\u00f6nnen, ohne eine kostenpflichtige Version kaufen zu m\u00fcssen. Mit unserem intuitiven Editor kann jeder Internetnutzer online ein Airbnb-Bewertungs-Widget erstellen und es ganz einfach in seine GoDaddy-Website einbetten. Sie m\u00fcssen weder bezahlen noch Ihre Kartendaten eingeben, um auf den Service zuzugreifen. Sollten bei irgendeinem Schritt Probleme auftreten, wenden Sie sich bitte an unser technisches Support-Team.<\/p> <\/div>\r\n\t\t\t\t\t<\/div>\r\n\t\t\t\t<\/div> <\/div> <\/div>","protected":false},"excerpt":{"rendered":"","protected":false},"author":9,"featured_media":0,"parent":1519,"menu_order":0,"comment_status":"closed","ping_status":"closed","template":"templates\/template-application-platform.php","meta":{"publish_to_discourse":"","publish_post_category":"","wpdc_auto_publish_overridden":"","wpdc_topic_tags":"","wpdc_pin_topic":"","wpdc_pin_until":"","discourse_post_id":"","discourse_permalink":"","wpdc_publishing_response":"","wpdc_publishing_error":"","footnotes":""},"class_list":["post-7641","page","type-page","status-publish","hentry"],"yoast_head":"<!-- This site is optimized with the Yoast SEO plugin v25.3.1 - https:\/\/yoast.com\/wordpress\/plugins\/seo\/ -->\n<title>Airbnb-Bewertungen \u2013 F\u00fcgen Sie das Bewertungs-Plugin zur GoDaddy-Website hinzu!<\/title>\n<meta name=\"description\" content=\"Zeigen Sie mit dem Airbnb-Bewertungs-Plugin f\u00fcr GoDaddy schnell die Bewertungen von Airbnb-Benutzern auf Ihrer Website mit Informationen zu ihren Autoren an!\" \/>\n<meta name=\"robots\" content=\"index, follow, max-snippet:-1, max-image-preview:large, max-video-preview:-1\" \/>\n<link rel=\"canonical\" href=\"https:\/\/elfsight.com\/de\/airbnb-reviews-widget\/godaddy\/\" \/>\n<meta property=\"og:locale\" content=\"de_DE\" \/>\n<meta property=\"og:type\" content=\"article\" \/>\n<meta property=\"og:title\" content=\"Airbnb-Bewertungen \u2013 F\u00fcgen Sie das Bewertungs-Plugin zur GoDaddy-Website hinzu!\" \/>\n<meta property=\"og:description\" content=\"Zeigen Sie mit dem Airbnb-Bewertungs-Plugin f\u00fcr GoDaddy schnell die Bewertungen von Airbnb-Benutzern auf Ihrer Website mit Informationen zu ihren Autoren an!\" \/>\n<meta property=\"og:url\" content=\"https:\/\/elfsight.com\/de\/airbnb-reviews-widget\/godaddy\/\" \/>\n<meta property=\"og:site_name\" content=\"Elfsight DE\" \/>\n<meta property=\"article:modified_time\" content=\"2025-07-08T09:42:32+00:00\" \/>\n<meta name=\"twitter:card\" content=\"summary_large_image\" \/>\n<meta name=\"twitter:label1\" content=\"Gesch\u00e4tzte Lesezeit\" \/>\n\t<meta name=\"twitter:data1\" content=\"3\u00a0Minuten\" \/>\n<!-- \/ Yoast SEO plugin. -->","yoast_head_json":{"title":"Airbnb-Bewertungen \u2013 F\u00fcgen Sie das Bewertungs-Plugin zur GoDaddy-Website hinzu!","description":"Zeigen Sie mit dem Airbnb-Bewertungs-Plugin f\u00fcr GoDaddy schnell die Bewertungen von Airbnb-Benutzern auf Ihrer Website mit Informationen zu ihren Autoren an!","robots":{"index":"index","follow":"follow","max-snippet":"max-snippet:-1","max-image-preview":"max-image-preview:large","max-video-preview":"max-video-preview:-1"},"canonical":"https:\/\/elfsight.com\/de\/airbnb-reviews-widget\/godaddy\/","og_locale":"de_DE","og_type":"article","og_title":"Airbnb-Bewertungen \u2013 F\u00fcgen Sie das Bewertungs-Plugin zur GoDaddy-Website hinzu!","og_description":"Zeigen Sie mit dem Airbnb-Bewertungs-Plugin f\u00fcr GoDaddy schnell die Bewertungen von Airbnb-Benutzern auf Ihrer Website mit Informationen zu ihren Autoren an!","og_url":"https:\/\/elfsight.com\/de\/airbnb-reviews-widget\/godaddy\/","og_site_name":"Elfsight DE","article_modified_time":"2025-07-08T09:42:32+00:00","twitter_card":"summary_large_image","twitter_misc":{"Gesch\u00e4tzte Lesezeit":"3\u00a0Minuten"},"schema":{"@context":"https:\/\/schema.org","@graph":[{"@type":"WebPage","@id":"https:\/\/elfsight.com\/de\/airbnb-reviews-widget\/godaddy\/","url":"https:\/\/elfsight.com\/de\/airbnb-reviews-widget\/godaddy\/","name":"Airbnb-Bewertungen \u2013 F\u00fcgen Sie das Bewertungs-Plugin zur GoDaddy-Website hinzu!","isPartOf":{"@id":"https:\/\/elfsight.com\/de\/#website"},"datePublished":"2024-05-03T06:26:11+00:00","dateModified":"2025-07-08T09:42:32+00:00","description":"Zeigen Sie mit dem Airbnb-Bewertungs-Plugin f\u00fcr GoDaddy schnell die Bewertungen von Airbnb-Benutzern auf Ihrer Website mit Informationen zu ihren Autoren an!","breadcrumb":{"@id":"https:\/\/elfsight.com\/de\/airbnb-reviews-widget\/godaddy\/#breadcrumb"},"inLanguage":"de","potentialAction":[{"@type":"ReadAction","target":["https:\/\/elfsight.com\/de\/airbnb-reviews-widget\/godaddy\/"]}]},{"@type":"BreadcrumbList","@id":"https:\/\/elfsight.com\/de\/airbnb-reviews-widget\/godaddy\/#breadcrumb","itemListElement":[{"@type":"ListItem","position":1,"name":"Home","item":"https:\/\/elfsight.com\/de\/"},{"@type":"ListItem","position":2,"name":"Airbnb Reviews","item":"https:\/\/elfsight.com\/de\/airbnb-reviews-widget\/"},{"@type":"ListItem","position":3,"name":"Airbnb Reviews &#8211; GoDaddy"}]},{"@type":"WebSite","@id":"https:\/\/elfsight.com\/de\/#website","url":"https:\/\/elfsight.com\/de\/","name":"Elfsight DE","description":"Just another Elfsight Sites site","potentialAction":[{"@type":"SearchAction","target":{"@type":"EntryPoint","urlTemplate":"https:\/\/elfsight.com\/de\/?s={search_term_string}"},"query-input":{"@type":"PropertyValueSpecification","valueRequired":true,"valueName":"search_term_string"}}],"inLanguage":"de"}]}},"meta_box":{"industry":"","seo_heading":"","heading":"","description":"","cta_heading":"","cta_description":"","application":"488","h1":"GoDaddy Airbnb Reviews-Plugin","h1_caption":"F\u00fcgen Sie die verlockendsten Benutzerbewertungen von Airbnb auf Ihrer Website hinzu","application_category":[],"applications_title":"","applications_request_title":"","applications_request_button_text":"","hero_text":"","hero_video":"","hero_video_schema_markup":"","selling_points_title":"","selling_points_caption":"","selling_points":[],"selling_points_cta_text":"","features_title":"","features":"","ed_cta_examples_text":"","ed_cta_examples_hidden":"","ed_cta_demo_text":"","ed_cta_demo_hidden":"","why_caption":"","why_editor_title":"","why_editor_text":"","why_team_title":"","why_team_text":"","why_service_title":"","why_service_text":"","template_catalog_visible":"","template_catalog_title":"","template_catalog_text":"","template_catalog_categories_visible":"","demo_title":"Beeilen Sie sich und entwerfen Sie personalisierte GoDaddy Airbnb-Bewertungen","demo_caption":"Personalisieren Sie es und f\u00fcgen Sie das Tool mithilfe einer Live-Demo auf Ihrer Website ein.","default_faq_hidden":"","app_template_category":[],"platform":"241","template_public_id":"","codecanyon_url":"","codecanyon_item_id":"","codecanyon_price":"","pricing_caption":"","pricing_elfsight_apps_hide_column":"","pricing_elfsight_apps_url":"","pricing_codecanyon_price_caption":"","integration_category":[],"integration_request_title":"","integration_request_cta":"","integration_platform":"","integrations":[],"platform_category":[],"video_schema_markup":"","price":"ab 0 $ \/ Monat","trial":"","benefits":[{"text":"Kostenlose Installationsunterst\u00fctzung"},{"text":"Professioneller Kundenservice"},{"text":"14-t\u00e4gige R\u00fcckerstattungsgarantie"},{"text":"Zuk\u00fcnftige Updates"}],"button_url":"#demo","button_target_blank":"","button_nofollow":"","attributes":[{"name":"Installiert","content":"10,000 - 100,000"},{"name":"Reaktionsfreudig","content":"Ja"},{"name":"Kompatible Browser","content":"IE11, Firefox, Safari, Opera, Chrome, Edge"}],"tags":[],"tags_disable_links":"","hide_more_platforms":"","video_object":"","demo_hide_cta":"","demo_hide_cloud_options":"","pricing_title":"","pricing":[{"pricing_icon":"platform","pricing_title":"Elfsight Apps","pricing_title_caption":"Plattformunabh\u00e4ngige Version, die auf jeder Site funktioniert","pricing_price":"ab 0 $ \/ Monat","pricing_price_caption":"Beginnen Sie mit einem kostenlosen Plan","pricing_benefits":[{"text":"Unbegrenzte Domains"},{"text":"Kostenloser Support und gut dokumentiert"},{"text":"Kostenlose Installationshilfe"},{"text":"100 % anpassbar"}],"pricing_button_text":"Zur Website hinzuf\u00fcgen","pricing_button_url":"#demo"}],"related_apps_title":"","related_apps_hidden":"","author":"","image":[],"title":"","job":"","social_networks":[]},"_links":{"self":[{"href":"https:\/\/elfsight.com\/de\/wp-json\/wp\/v2\/pages\/7641","targetHints":{"allow":["GET"]}}],"collection":[{"href":"https:\/\/elfsight.com\/de\/wp-json\/wp\/v2\/pages"}],"about":[{"href":"https:\/\/elfsight.com\/de\/wp-json\/wp\/v2\/types\/page"}],"author":[{"embeddable":true,"href":"https:\/\/elfsight.com\/de\/wp-json\/wp\/v2\/users\/9"}],"replies":[{"embeddable":true,"href":"https:\/\/elfsight.com\/de\/wp-json\/wp\/v2\/comments?post=7641"}],"version-history":[{"count":2,"href":"https:\/\/elfsight.com\/de\/wp-json\/wp\/v2\/pages\/7641\/revisions"}],"predecessor-version":[{"id":21158,"href":"https:\/\/elfsight.com\/de\/wp-json\/wp\/v2\/pages\/7641\/revisions\/21158"}],"up":[{"embeddable":true,"href":"https:\/\/elfsight.com\/de\/wp-json\/wp\/v2\/pages\/1519"}],"wp:attachment":[{"href":"https:\/\/elfsight.com\/de\/wp-json\/wp\/v2\/media?parent=7641"}],"curies":[{"name":"wp","href":"https:\/\/api.w.org\/{rel}","templated":true}]}}