{"id":7635,"date":"2024-05-03T06:26:09","date_gmt":"2024-05-03T06:26:09","guid":{"rendered":"https:\/\/elfsight.com\/de\/?page_id=7635"},"modified":"2025-02-27T11:44:09","modified_gmt":"2025-02-27T11:44:09","slug":"jimdo","status":"publish","type":"page","link":"https:\/\/elfsight.com\/de\/airbnb-reviews-widget\/jimdo\/","title":{"rendered":"Airbnb Reviews &#8211; Jimdo"},"content":{"rendered":"\n<div class=\"application-platform-content-item-description application-platform-content-item\" id=\"description\" data-nav-section=\"description\"> <h2>Beschreibung<\/h2> <p>Airbnb-Bewertungen ist ein n\u00fctzliches Widget, das Ihnen die M\u00f6glichkeit gibt, die Erfahrungsberichte zu Ihren Produkten direkt auf Ihrer Website anzuzeigen Seite aller bekannten Unternehmensbewertungsseiten. Mit unserem Widget k\u00f6nnen Sie Filter zum Ausblenden unerw\u00fcnschter Bewertungen anwenden, Ihre Sterne- und Mengenbewertung aus Ihrem Konto auf jeder Website f\u00fcr Unternehmensbewertungen anzeigen, Informationen zu den Autoren der Bewertungen hinzuf\u00fcgen und eine Call-to-Action-Schaltfl\u00e4che hinzuf\u00fcgen wird Benutzer dazu provozieren, ihre Meinung zu hinterlassen. Unser Airbnb-Bewertungs-Widget wird Sie dazu anregen, Ihre bemerkenswerten sozialen Beweise auf der Webseite zu demonstrieren und mehr neue Verk\u00e4ufe zu erzielen.<\/p><p><b>Mit dem Airbnb Reviews Widget erzielen Sie ein aktives Unternehmenswachstum und steigern den Umsatz.<\/b> <\/p> <\/div> <div class=\"application-platform-content-item-features application-platform-content-item\" id=\"features\" data-nav-section=\"features\"> <h2>Das Widget verf\u00fcgt \u00fcber praktische und unkomplizierte Funktionen, sehen Sie sich einige davon an: <\/h2> <ul><li>Kundenbewertungen von Airbnb Places hinzuf\u00fcgen<\/li><li>3 Arten von Filtern: Ausschlie\u00dfen nach, nach Art und Menge der Bewertungen<\/li><li>Vier Arten von Layouts: Schieberegler, Mauerwerk, Raster und Liste<\/li><li>Navigationstypen mit Pfeilen und Drag-and-Drags im Slider-Layout<\/li><li>Slide-Geschwindigkeit und Autoplay-Geschwindigkeit festlegen<\/li><li>Paginierungstyp im Slider-Layout ausw\u00e4hlen<\/li><li>Call-to-Action-Schaltfl\u00e4che, um neue Benutzerbewertungen auf der Airbnb-Seite zu erhalten <\/li><li>3 Bewertungsvorlagen: Bubble, Spotlight, Classic<\/li><li>6 flexible Elemente der Bewertungen: Empfehlung und Datum, Sternebewertung, Airbnb-Symbol, Foto und Autorenname<\/li><li>Eine Option zum \u00c4ndern der Schriftgr\u00f6\u00dfe des Rezensionstextes<\/li><\/ul><p><a href=\"#demo\">Sie k\u00f6nnen die volle Funktionalit\u00e4t des Widgets in der Demo ausprobieren <\/a><\/p> <\/div> <div class=\"application-platform-content-item-installation application-platform-content-item\" id=\"installation\" data-nav-section=\"installation\"> <h2>Wie bette ich Airbnb-Bewertungen in meine Jimdo-Website ein? <\/h2> <p>Befolgen Sie einfach die nachstehenden Anweisungen, um mit der Arbeit mit dem Tool zu beginnen. <\/p> <ol><li><b>Starten Sie unsere kostenlose Demo und beginnen Sie mit dem Bau Ihres eigenen Instruments. <\/b><br> Geben Sie die benutzerdefinierte Benutzeroberfl\u00e4che und die Funktionen des Widgets an und speichern Sie die \u00c4nderungen. <\/li> <li><b>Erhalten Sie den eindeutigen Code, der im Fenster von Elfsight Apps angezeigt wird. <\/b><br> Wenn die Konfiguration Ihres pers\u00f6nlichen Widgets abgeschlossen ist, kopieren Sie den exklusiven Code im angezeigten Fenster und speichern Sie ihn f\u00fcr die zuk\u00fcnftige Verwendung. <\/li> <li><b>Erste Schritte mit der Verwendung des Widgets auf der Jimdo-Startseite. <\/b><br> F\u00fcgen Sie den k\u00fcrzlich gespeicherten Code in Ihre Website ein und \u00fcbernehmen Sie die Korrekturen. <\/li> <li><b>Du bist fertig! Die Einbettung ist vollst\u00e4ndig durchgef\u00fchrt. <\/b><br> Besuchen Sie Ihre Website, um zu sehen, wie das Tool ausgef\u00fchrt wird. <\/li><\/ol> <p>Wenn Sie Fragen haben oder auf Schwierigkeiten sto\u00dfen, z\u00f6gern Sie nicht, sich an unser Support-Team zu wenden. Unsere Spezialisten helfen Ihnen gerne bei allen Problemen rund um das Widget weiter. <\/p> <div class=\"faq\" data-component=\"FAQ\"> <div class=\"faq-item\">\r\n\t\t\t\t\t<div class=\"faq-item-question\">\r\n\t\t\t\t\t\t<h3 class=\"faq-item-question-text\">Wie kann ich ohne Programmierkenntnisse Airbnb-Bewertungen zu meiner Jimdo-Website hinzuf\u00fcgen?<\/h3>\r\n\r\n\t\t\t\t\t\t<div class=\"faq-item-question-icon\"><\/div>\r\n\t\t\t\t\t<\/div>\r\n\r\n\t\t\t\t\t<div class=\"faq-item-answer\">\r\n\t\t\t\t\t\t<div class=\"faq-item-answer-text\"> <p>Elfsight bietet eine SaaS-L\u00f6sung, mit der Sie selbst ein Airbnb-Bewertungs-Widget erstellen und sehen k\u00f6nnen, wie einfach das ist Der Prozess ist: Arbeiten Sie direkt im Online-Editor, um ein Airbnb-Bewertungs-Widget zu erstellen, das Sie gerne auf Ihrer Jimdo-Website sehen w\u00fcrden. W\u00e4hlen Sie eine der vorgefertigten Vorlagen aus und passen Sie die Einstellungen f\u00fcr Airbnb-Bewertungen an, f\u00fcgen Sie Ihre Inhalte hinzu, \u00e4ndern Sie das Layout und die Farben ohne Programmierkenntnisse. Speichern Sie die Airbnb-Bewertungen und kopieren Sie den Installationscode, den Sie ganz einfach in Ihre Jimdo-Website einbetten k\u00f6nnen, ohne einen kostenpflichtigen Plan kaufen zu m\u00fcssen. Mit unserem intuitiven Editor kann jeder Internetnutzer online ein Airbnb-Bewertungs-Widget erstellen und es ganz einfach in seine Jimdo-Website einbetten. Sie m\u00fcssen weder bezahlen noch Ihre Kartendaten eingeben, um auf den Service zuzugreifen. Sollten bei irgendeinem Schritt Probleme auftreten, wenden Sie sich bitte an unser technisches Support-Team.<\/p> <\/div>\r\n\t\t\t\t\t<\/div>\r\n\t\t\t\t<\/div> <\/div> <\/div>\n","protected":false},"excerpt":{"rendered":"","protected":false},"author":9,"featured_media":0,"parent":1519,"menu_order":0,"comment_status":"closed","ping_status":"closed","template":"templates\/template-application-platform.php","meta":{"publish_to_discourse":"","publish_post_category":"","wpdc_auto_publish_overridden":"","wpdc_topic_tags":"","wpdc_pin_topic":"","wpdc_pin_until":"","discourse_post_id":"","discourse_permalink":"","wpdc_publishing_response":"","wpdc_publishing_error":"","footnotes":""},"class_list":["post-7635","page","type-page","status-publish","hentry"],"yoast_head":"<!-- This site is optimized with the Yoast SEO plugin v25.3.1 - https:\/\/yoast.com\/wordpress\/plugins\/seo\/ -->\n<title>Einbetten von Airbnb-Bewertungen auf Ihrer Jimdo-Website (in 2 Minuten)<\/title>\n<meta name=\"description\" content=\"Es ist ganz einfach, Ihr Airbnb-Bewertungs-Widget zu erstellen und es auf Ihrer Jimdo-Website zu platzieren. Der Elfsight-Kundensupport ist kostenlos.\" \/>\n<meta name=\"robots\" content=\"index, follow, max-snippet:-1, max-image-preview:large, max-video-preview:-1\" \/>\n<link rel=\"canonical\" href=\"https:\/\/elfsight.com\/de\/airbnb-reviews-widget\/jimdo\/\" \/>\n<meta property=\"og:locale\" content=\"de_DE\" \/>\n<meta property=\"og:type\" content=\"article\" \/>\n<meta property=\"og:title\" content=\"Einbetten von Airbnb-Bewertungen auf Ihrer Jimdo-Website (in 2 Minuten)\" \/>\n<meta property=\"og:description\" content=\"Es ist ganz einfach, Ihr Airbnb-Bewertungs-Widget zu erstellen und es auf Ihrer Jimdo-Website zu platzieren. Der Elfsight-Kundensupport ist kostenlos.\" \/>\n<meta property=\"og:url\" content=\"https:\/\/elfsight.com\/de\/airbnb-reviews-widget\/jimdo\/\" \/>\n<meta property=\"og:site_name\" content=\"Elfsight DE\" \/>\n<meta property=\"article:modified_time\" content=\"2025-02-27T11:44:09+00:00\" \/>\n<meta name=\"twitter:card\" content=\"summary_large_image\" \/>\n<meta name=\"twitter:label1\" content=\"Gesch\u00e4tzte Lesezeit\" \/>\n\t<meta name=\"twitter:data1\" content=\"3\u00a0Minuten\" \/>\n<!-- \/ Yoast SEO plugin. -->","yoast_head_json":{"title":"Einbetten von Airbnb-Bewertungen auf Ihrer Jimdo-Website (in 2 Minuten)","description":"Es ist ganz einfach, Ihr Airbnb-Bewertungs-Widget zu erstellen und es auf Ihrer Jimdo-Website zu platzieren. Der Elfsight-Kundensupport ist kostenlos.","robots":{"index":"index","follow":"follow","max-snippet":"max-snippet:-1","max-image-preview":"max-image-preview:large","max-video-preview":"max-video-preview:-1"},"canonical":"https:\/\/elfsight.com\/de\/airbnb-reviews-widget\/jimdo\/","og_locale":"de_DE","og_type":"article","og_title":"Einbetten von Airbnb-Bewertungen auf Ihrer Jimdo-Website (in 2 Minuten)","og_description":"Es ist ganz einfach, Ihr Airbnb-Bewertungs-Widget zu erstellen und es auf Ihrer Jimdo-Website zu platzieren. Der Elfsight-Kundensupport ist kostenlos.","og_url":"https:\/\/elfsight.com\/de\/airbnb-reviews-widget\/jimdo\/","og_site_name":"Elfsight DE","article_modified_time":"2025-02-27T11:44:09+00:00","twitter_card":"summary_large_image","twitter_misc":{"Gesch\u00e4tzte Lesezeit":"3\u00a0Minuten"},"schema":{"@context":"https:\/\/schema.org","@graph":[{"@type":"WebPage","@id":"https:\/\/elfsight.com\/de\/airbnb-reviews-widget\/jimdo\/","url":"https:\/\/elfsight.com\/de\/airbnb-reviews-widget\/jimdo\/","name":"Einbetten von Airbnb-Bewertungen auf Ihrer Jimdo-Website (in 2 Minuten)","isPartOf":{"@id":"https:\/\/elfsight.com\/de\/#website"},"datePublished":"2024-05-03T06:26:09+00:00","dateModified":"2025-02-27T11:44:09+00:00","description":"Es ist ganz einfach, Ihr Airbnb-Bewertungs-Widget zu erstellen und es auf Ihrer Jimdo-Website zu platzieren. Der Elfsight-Kundensupport ist kostenlos.","breadcrumb":{"@id":"https:\/\/elfsight.com\/de\/airbnb-reviews-widget\/jimdo\/#breadcrumb"},"inLanguage":"de","potentialAction":[{"@type":"ReadAction","target":["https:\/\/elfsight.com\/de\/airbnb-reviews-widget\/jimdo\/"]}]},{"@type":"BreadcrumbList","@id":"https:\/\/elfsight.com\/de\/airbnb-reviews-widget\/jimdo\/#breadcrumb","itemListElement":[{"@type":"ListItem","position":1,"name":"Home","item":"https:\/\/elfsight.com\/de\/"},{"@type":"ListItem","position":2,"name":"Airbnb Reviews","item":"https:\/\/elfsight.com\/de\/airbnb-reviews-widget\/"},{"@type":"ListItem","position":3,"name":"Airbnb Reviews &#8211; Jimdo"}]},{"@type":"WebSite","@id":"https:\/\/elfsight.com\/de\/#website","url":"https:\/\/elfsight.com\/de\/","name":"Elfsight DE","description":"Just another Elfsight Sites site","potentialAction":[{"@type":"SearchAction","target":{"@type":"EntryPoint","urlTemplate":"https:\/\/elfsight.com\/de\/?s={search_term_string}"},"query-input":{"@type":"PropertyValueSpecification","valueRequired":true,"valueName":"search_term_string"}}],"inLanguage":"de"}]}},"meta_box":{"industry":"","seo_heading":"","heading":"","description":"","cta_heading":"","cta_description":"","application":"488","h1":"Jimdo Airbnb-Bewertungen-Widget","h1_caption":"Zeigen Sie Bewertungen aus Ihrem Airbnb-Eintrag an, um m\u00fchelos mehr G\u00e4ste mit echtem Feedback f\u00fcr Ihre Jimdo-Website zu gewinnen.","application_category":[],"applications_title":"","applications_request_title":"","applications_request_button_text":"","hero_text":"","hero_video":"","hero_video_schema_markup":"","selling_points_title":"","selling_points_caption":"","selling_points":[],"selling_points_cta_text":"","features_title":"","features":"","ed_cta_examples_text":"","ed_cta_examples_hidden":"","ed_cta_demo_text":"","ed_cta_demo_hidden":"","why_caption":"","why_editor_title":"","why_editor_text":"","why_team_title":"","why_team_text":"","why_service_title":"","why_service_text":"","template_catalog_visible":"0","template_catalog_title":"","template_catalog_text":"","template_catalog_categories_visible":"","demo_title":"Erstellen Sie Ihr Airbnb-Bewertungs-Widget","demo_caption":"Konfigurieren Sie Ihre Airbnb-Bewertungen und f\u00fcgen Sie sie kostenlos zu Ihrer Jimdo-Website hinzu!","default_faq_hidden":"","app_template_category":[],"platform":"239","template_public_id":"","codecanyon_url":"","codecanyon_item_id":"","codecanyon_price":"","pricing_caption":"","pricing_elfsight_apps_hide_column":"","pricing_elfsight_apps_url":"","pricing_codecanyon_price_caption":"","integration_category":[],"integration_request_title":"","integration_request_cta":"","integration_platform":"","integrations":[],"platform_category":[],"video_schema_markup":"","price":"ab 0 $ \/ Monat","trial":"","benefits":[{"text":"Professioneller Kundenservice"},{"text":"Kostenlose Installationshilfe"},{"text":"14-t\u00e4gige Geld-zur\u00fcck-Garantie"},{"text":"Laufende kostenlose Updates"}],"button_url":"#demo","button_target_blank":"0","button_nofollow":"0","attributes":[{"name":"Installiert","content":"10,000 - 100,000"},{"name":"Reaktionsfreudig","content":"Ja"},{"name":"Kompatible Browser","content":"Firefox, Safari, Opera, Chrome, Edge"}],"tags":[],"tags_disable_links":"0","hide_more_platforms":"0","video_object":"","demo_hide_cta":"0","demo_hide_cloud_options":"0","pricing_title":"","pricing":[{"pricing_icon":"platform","pricing_title":"Elfsight Apps","pricing_title_caption":"Plattform\u00fcbergreifende Software","pricing_price":"ab 0 $ \/ Monat","pricing_price_caption":"Beginnen Sie mit einem kostenlosen Plan","pricing_benefits":[{"text":"Unbegrenzte Domains"},{"text":"Premium-Support und gut dokumentiert"},{"text":"Kostenlose Installationshilfe"},{"text":"Vollst\u00e4ndig anpassbar"}],"pricing_button_text":"Zur Website hinzuf\u00fcgen","pricing_button_url":"#demo"}],"related_apps_title":"","related_apps_hidden":"0","author":"","image":[],"title":"","job":"","social_networks":[]},"_links":{"self":[{"href":"https:\/\/elfsight.com\/de\/wp-json\/wp\/v2\/pages\/7635","targetHints":{"allow":["GET"]}}],"collection":[{"href":"https:\/\/elfsight.com\/de\/wp-json\/wp\/v2\/pages"}],"about":[{"href":"https:\/\/elfsight.com\/de\/wp-json\/wp\/v2\/types\/page"}],"author":[{"embeddable":true,"href":"https:\/\/elfsight.com\/de\/wp-json\/wp\/v2\/users\/9"}],"replies":[{"embeddable":true,"href":"https:\/\/elfsight.com\/de\/wp-json\/wp\/v2\/comments?post=7635"}],"version-history":[{"count":3,"href":"https:\/\/elfsight.com\/de\/wp-json\/wp\/v2\/pages\/7635\/revisions"}],"predecessor-version":[{"id":24921,"href":"https:\/\/elfsight.com\/de\/wp-json\/wp\/v2\/pages\/7635\/revisions\/24921"}],"up":[{"embeddable":true,"href":"https:\/\/elfsight.com\/de\/wp-json\/wp\/v2\/pages\/1519"}],"wp:attachment":[{"href":"https:\/\/elfsight.com\/de\/wp-json\/wp\/v2\/media?parent=7635"}],"curies":[{"name":"wp","href":"https:\/\/api.w.org\/{rel}","templated":true}]}}