{"id":7512,"date":"2024-04-16T07:27:58","date_gmt":"2024-04-16T07:27:58","guid":{"rendered":"https:\/\/elfsight.com\/de\/?page_id=7512"},"modified":"2024-04-17T14:40:34","modified_gmt":"2024-04-17T14:40:34","slug":"examples","status":"publish","type":"page","link":"https:\/\/elfsight.com\/de\/linkedin-feed-widget\/examples\/","title":{"rendered":"LinkedIn Feed &#8211; Examples"},"content":{"rendered":"\n<div class=\"application-examples-item application-examples-item-loading\">\n                            <div class=\"col-row\">\n                                <div class=\"col-6 col-m-8 col-s-12\"><h3 class=\"application-examples-item-title\">Beispiel 1: Karussell<\/h3><div class=\"application-examples-item-description\">Zeigen Sie Ihre LinkedIn-Beitr\u00e4ge im stilvollen Karussellformat an, das mit einer Ber\u00fchrung des Pfeilbuttons wechselt. Der Feed ist f\u00fcr jedes Ger\u00e4t vollst\u00e4ndig optimiert und verspricht eine hohe Reaktionsf\u00e4higkeit mit dynamischer Navigation.<\/div><\/div>\n                <\/div>\n\n                <div class=\"application-examples-item-iframe-container browser-frame\">\n                    <div class=\"application-examples-item-iframe-wrapper\">\n                        <iframe class=\"application-examples-item-iframe application-examples-item-iframe-fixed-height\" data-src=\"https:\/\/widget-d244be276704455896491a3f0ca3e413.elfsig.ht?padding=40\" width=\"100%\" height=\"550\" allow=\"autoplay; fullscreen\"><\/iframe>\n                    <\/div>\n\n                    <div class=\"application-examples-item-loader\"><\/div>\n                <\/div>\n            <\/div><div class=\"application-examples-item application-examples-item-loading\">\n                            <div class=\"col-row\">\n                                <div class=\"col-6 col-m-8 col-s-12\"><h3 class=\"application-examples-item-title\">Beispiel 2: Mauerwerk<\/h3><div class=\"application-examples-item-description\">Diese Vorlage pr\u00e4sentiert den LinkedIn-Inhalt mit einer trendigen Struktur, indem Beitr\u00e4ge in einem mosaikartigen Raster angeordnet werden - jeder von ihnen passt nahtlos in den verf\u00fcgbaren Platz Ihres Inhaltsbereichs. Verleihen Sie Ihrer Website mit asymmetrischem Appeal einen frischen und zeitgem\u00e4\u00dfen Look.<\/div><\/div>\n                <\/div>\n\n                <div class=\"application-examples-item-iframe-container browser-frame\">\n                    <div class=\"application-examples-item-iframe-wrapper\">\n                        <iframe class=\"application-examples-item-iframe application-examples-item-iframe-fixed-height\" data-src=\"https:\/\/widget-2505684abc6f440788837432b3d0956c.elfsig.ht?padding=40\" width=\"100%\" height=\"800\" allow=\"autoplay; fullscreen\"><\/iframe>\n                    <\/div>\n\n                    <div class=\"application-examples-item-loader\"><\/div>\n                <\/div>\n            <\/div><div class=\"application-examples-item application-examples-item-loading\">\n                            <div class=\"col-row\">\n                                <div class=\"col-6 col-m-8 col-s-12\"><h3 class=\"application-examples-item-title\">Beispiel 3: Zeitachse<\/h3><div class=\"application-examples-item-description\">Mit seinem chronologischen Layout erm\u00f6glicht diese Vorlage Website-Benutzern, durch Ihre vergangenen LinkedIn-Inhalte zu scrollen und ihnen einen umfassenden \u00dcberblick \u00fcber Ihren beruflichen Werdegang zu geben. Jeder Beitrag in einem Feed zeigt eine detaillierte Beschreibung, Multimedia und CTA-Buttons.<\/div><\/div>\n                <\/div>\n\n                <div class=\"application-examples-item-iframe-container browser-frame\">\n                    <div class=\"application-examples-item-iframe-wrapper\">\n                        <iframe class=\"application-examples-item-iframe application-examples-item-iframe-fixed-height\" data-src=\"https:\/\/widget-a72e4733b0c444febbff80efd569587e.elfsig.ht?padding=40\" width=\"100%\" height=\"800\" allow=\"autoplay; fullscreen\"><\/iframe>\n                    <\/div>\n\n                    <div class=\"application-examples-item-loader\"><\/div>\n                <\/div>\n            <\/div><div class=\"application-examples-item application-examples-item-loading\">\n                            <div class=\"col-row\">\n                                <div class=\"col-6 col-m-8 col-s-12\"><h3 class=\"application-examples-item-title\">Beispiel 4: Raster<\/h3><div class=\"application-examples-item-description\">Sauber, organisiert und visuell ansprechend - das ist das Raster-Template. Zeigen Sie Ihren LinkedIn-Inhalt in einem ordentlichen Rasterlayout an, w\u00e4hlen Sie die Anzahl der Spalten und Zeilen aus und heben Sie den Load more-Button mit einer hellen Farbe hervor.<\/div><\/div>\n                <\/div>\n\n                <div class=\"application-examples-item-iframe-container browser-frame\">\n                    <div class=\"application-examples-item-iframe-wrapper\">\n                        <iframe class=\"application-examples-item-iframe application-examples-item-iframe-fixed-height\" data-src=\"https:\/\/widget-87a1123df0d6404f917cce769927a12f.elfsig.ht?padding=40\" width=\"100%\" height=\"800\" allow=\"autoplay; fullscreen\"><\/iframe>\n                    <\/div>\n\n                    <div class=\"application-examples-item-loader\"><\/div>\n                <\/div>\n            <\/div><div class=\"application-cta-create\">\n                    <div class=\"application-cta-create-bg\">\n                        <div class=\"application-cta-create-bg-left\"><\/div>\n\n                        <div class=\"application-cta-create-bg-right\">\n                            <img decoding=\"async\" src=\"https:\/\/elfsight.com\/de\/wp-content\/themes\/elfsight\/frontend\/assets\/img\/application-cta-create.jpg\" alt=\"Beginnen Sie mit der Erstellung Ihres Widgets\">\n                        <\/div>\n                    <\/div>\n\n                    <div class=\"application-cta-create-content inner\">\n                        <div class=\"application-cta-create-content-inner\">\n                            <div class=\"application-cta-create-content-icon\">\n                                <svg viewBox=\"0 0 25 25\" width=\"100%\" height=\"100%\">\n                                    <use xlink:href=\"#icon-settings\"><\/use>\n                                <\/svg>\n                            <\/div>\n\n                            <div class=\"application-cta-create-content-title\">Beginnen Sie mit der Erstellung Ihres Widgets<\/div>\n\n                            <div class=\"application-cta-create-content-text\">Schnell. Einfach. Keine Codierung.<\/div>\n\n                            <a class=\"application-cta-create-content-button button-48 button-has-right-icon button-black button\" href=\"\">\n                                <span class=\"button-label\">Widget erstellen<\/span>\n\n                                <svg class=\"button-icon\">\n                                    <use xlink:href=\"#icon-arrow-link\"><\/use>\n                                <\/svg>\n                            <\/a>\n                        <\/div>\n                    <\/div>\n                <\/div><div class=\"application-examples-item application-examples-item-loading\">\n                            <div class=\"col-row\">\n                                <div class=\"col-6 col-m-8 col-s-12\"><h3 class=\"application-examples-item-title\">Beispiel 5: Schieber<\/h3><div class=\"application-examples-item-description\">Zeigen Sie jeweils einen Beitrag, um die gesamte Aufmerksamkeit zu erfassen und eine h\u00f6here Konversion zu erzielen. Es enth\u00e4lt nicht nur Beitragsdetails, sondern auch Videos und Bilder. Und trotz der kompakten Gr\u00f6\u00dfe der Vorlage k\u00f6nnen Sie Ihrer Website weiterhin Eleganz und Interaktivit\u00e4t verleihen.<\/div><\/div>\n                <\/div>\n\n                <div class=\"application-examples-item-iframe-container browser-frame\">\n                    <div class=\"application-examples-item-iframe-wrapper\">\n                        <iframe class=\"application-examples-item-iframe application-examples-item-iframe-fixed-height\" data-src=\"https:\/\/widget-bb6a5086cb2c4d6e924effa474493920.elfsig.ht?padding=40\" width=\"100%\" height=\"600\" allow=\"autoplay; fullscreen\"><\/iframe>\n                    <\/div>\n\n                    <div class=\"application-examples-item-loader\"><\/div>\n                <\/div>\n            <\/div><div class=\"application-examples-item application-examples-item-loading\">\n                            <div class=\"col-row\">\n                                <div class=\"col-6 col-m-8 col-s-12\"><h3 class=\"application-examples-item-title\">Beispiel 6: Kleines Widget<\/h3><div class=\"application-examples-item-description\">Unabh\u00e4ngig von der kleinen Gr\u00f6\u00dfe und dem minimalistischen Design erm\u00f6glicht Ihnen diese Vorlage, Ihre LinkedIn-Beitr\u00e4ge in einem komprimierten Format zu \u00fcbertragen, was ideal f\u00fcr Seitenleisten, Fu\u00dfzeilen oder jeden begrenzten Platz auf Ihrer Website ist. Es bietet dennoch Funktionalit\u00e4t und visuellen Reiz, wie die Beschreibung, Visuals und Freigabe- und Like-Buttons.<\/div><\/div>\n                <\/div>\n\n                <div class=\"application-examples-item-iframe-container browser-frame\">\n                    <div class=\"application-examples-item-iframe-wrapper\">\n                        <iframe class=\"application-examples-item-iframe application-examples-item-iframe-fixed-height\" data-src=\"https:\/\/widget-ec95070134a8422dadfce1eeee641d60.elfsig.ht?padding=40\" width=\"100%\" height=\"600\" allow=\"autoplay; fullscreen\"><\/iframe>\n                    <\/div>\n\n                    <div class=\"application-examples-item-loader\"><\/div>\n                <\/div>\n            <\/div>\n","protected":false},"excerpt":{"rendered":"","protected":false},"author":9,"featured_media":0,"parent":7448,"menu_order":0,"comment_status":"closed","ping_status":"closed","template":"templates\/template-application-examples.php","meta":{"publish_to_discourse":"","publish_post_category":"","wpdc_auto_publish_overridden":"","wpdc_topic_tags":"","wpdc_pin_topic":"","wpdc_pin_until":"","discourse_post_id":"","discourse_permalink":"","wpdc_publishing_response":"","wpdc_publishing_error":"","footnotes":""},"class_list":["post-7512","page","type-page","status-publish","hentry"],"yoast_head":"<!-- This site is optimized with the Yoast SEO plugin v25.3.1 - https:\/\/yoast.com\/wordpress\/plugins\/seo\/ -->\n<title>Die besten Beispiele f\u00fcr LinkedIn-Feed-Widgets f\u00fcr Ihre Website<\/title>\n<meta name=\"description\" content=\"TOP 6 LinkedIn-Feed-Beispiele: Karussell, Mauerwerk, Zeitachse, Raster, Schieber und Kleines Widget. Keine codefreie Integration. Probieren Sie sie noch heute aus!\" \/>\n<meta name=\"robots\" content=\"index, follow, max-snippet:-1, max-image-preview:large, max-video-preview:-1\" \/>\n<link rel=\"canonical\" href=\"https:\/\/elfsight.com\/de\/linkedin-feed-widget\/examples\/\" \/>\n<meta property=\"og:locale\" content=\"de_DE\" \/>\n<meta property=\"og:type\" content=\"article\" \/>\n<meta property=\"og:title\" content=\"Die besten Beispiele f\u00fcr LinkedIn-Feed-Widgets f\u00fcr Ihre Website\" \/>\n<meta property=\"og:description\" content=\"TOP 6 LinkedIn-Feed-Beispiele: Karussell, Mauerwerk, Zeitachse, Raster, Schieber und Kleines Widget. Keine codefreie Integration. Probieren Sie sie noch heute aus!\" \/>\n<meta property=\"og:url\" content=\"https:\/\/elfsight.com\/de\/linkedin-feed-widget\/examples\/\" \/>\n<meta property=\"og:site_name\" content=\"Elfsight DE\" \/>\n<meta property=\"article:modified_time\" content=\"2024-04-17T14:40:34+00:00\" \/>\n<meta name=\"twitter:card\" content=\"summary_large_image\" \/>\n<meta name=\"twitter:label1\" content=\"Gesch\u00e4tzte Lesezeit\" \/>\n\t<meta name=\"twitter:data1\" content=\"2\u00a0Minuten\" \/>\n<!-- \/ Yoast SEO plugin. -->","yoast_head_json":{"title":"Die besten Beispiele f\u00fcr LinkedIn-Feed-Widgets f\u00fcr Ihre Website","description":"TOP 6 LinkedIn-Feed-Beispiele: Karussell, Mauerwerk, Zeitachse, Raster, Schieber und Kleines Widget. Keine codefreie Integration. Probieren Sie sie noch heute aus!","robots":{"index":"index","follow":"follow","max-snippet":"max-snippet:-1","max-image-preview":"max-image-preview:large","max-video-preview":"max-video-preview:-1"},"canonical":"https:\/\/elfsight.com\/de\/linkedin-feed-widget\/examples\/","og_locale":"de_DE","og_type":"article","og_title":"Die besten Beispiele f\u00fcr LinkedIn-Feed-Widgets f\u00fcr Ihre Website","og_description":"TOP 6 LinkedIn-Feed-Beispiele: Karussell, Mauerwerk, Zeitachse, Raster, Schieber und Kleines Widget. Keine codefreie Integration. Probieren Sie sie noch heute aus!","og_url":"https:\/\/elfsight.com\/de\/linkedin-feed-widget\/examples\/","og_site_name":"Elfsight DE","article_modified_time":"2024-04-17T14:40:34+00:00","twitter_card":"summary_large_image","twitter_misc":{"Gesch\u00e4tzte Lesezeit":"2\u00a0Minuten"},"schema":{"@context":"https:\/\/schema.org","@graph":[{"@type":"WebPage","@id":"https:\/\/elfsight.com\/de\/linkedin-feed-widget\/examples\/","url":"https:\/\/elfsight.com\/de\/linkedin-feed-widget\/examples\/","name":"Die besten Beispiele f\u00fcr LinkedIn-Feed-Widgets f\u00fcr Ihre Website","isPartOf":{"@id":"https:\/\/elfsight.com\/de\/#website"},"datePublished":"2024-04-16T07:27:58+00:00","dateModified":"2024-04-17T14:40:34+00:00","description":"TOP 6 LinkedIn-Feed-Beispiele: Karussell, Mauerwerk, Zeitachse, Raster, Schieber und Kleines Widget. Keine codefreie Integration. Probieren Sie sie noch heute aus!","breadcrumb":{"@id":"https:\/\/elfsight.com\/de\/linkedin-feed-widget\/examples\/#breadcrumb"},"inLanguage":"de","potentialAction":[{"@type":"ReadAction","target":["https:\/\/elfsight.com\/de\/linkedin-feed-widget\/examples\/"]}]},{"@type":"BreadcrumbList","@id":"https:\/\/elfsight.com\/de\/linkedin-feed-widget\/examples\/#breadcrumb","itemListElement":[{"@type":"ListItem","position":1,"name":"Home","item":"https:\/\/elfsight.com\/de\/"},{"@type":"ListItem","position":2,"name":"LinkedIn Feed","item":"https:\/\/elfsight.com\/de\/linkedin-feed-widget\/"},{"@type":"ListItem","position":3,"name":"LinkedIn Feed &#8211; Examples"}]},{"@type":"WebSite","@id":"https:\/\/elfsight.com\/de\/#website","url":"https:\/\/elfsight.com\/de\/","name":"Elfsight DE","description":"Just another Elfsight Sites site","potentialAction":[{"@type":"SearchAction","target":{"@type":"EntryPoint","urlTemplate":"https:\/\/elfsight.com\/de\/?s={search_term_string}"},"query-input":{"@type":"PropertyValueSpecification","valueRequired":true,"valueName":"search_term_string"}}],"inLanguage":"de"}]}},"meta_box":{"industry":"","seo_heading":"","heading":"","description":"","cta_heading":"","cta_description":"","application":"7435","h1":"LinkedIn-Feed Beispiele","h1_caption":"\u00dcberpr\u00fcfen Sie LinkedIn-Feed Beispiele, um das volle Potenzial des Widgets zu entdecken. Stellen Sie sicher, dass es Ihren Zielen entspricht.","application_category":[],"applications_title":"","applications_request_title":"","applications_request_button_text":"","hero_text":"","hero_video":"","hero_video_schema_markup":"","selling_points_title":"","selling_points_caption":"","selling_points":[],"selling_points_cta_text":"","features_title":"","features":"","ed_cta_examples_text":"","ed_cta_examples_hidden":"","ed_cta_demo_text":"","ed_cta_demo_hidden":"","why_caption":"","why_editor_title":"","why_editor_text":"","why_team_title":"","why_team_text":"","why_service_title":"","why_service_text":"","template_catalog_visible":"","template_catalog_title":"","template_catalog_text":"","template_catalog_categories_visible":"","demo_title":"","demo_caption":"","default_faq_hidden":"","app_template_category":[],"platform":"","template_public_id":"","codecanyon_url":"","codecanyon_item_id":"","codecanyon_price":"","pricing_caption":"","pricing_elfsight_apps_hide_column":"","pricing_elfsight_apps_url":"","pricing_codecanyon_price_caption":"","integration_category":[],"integration_request_title":"","integration_request_cta":"","integration_platform":"","integrations":[],"platform_category":[],"video_schema_markup":"","price":"","trial":"","benefits":[],"button_url":"","button_target_blank":"","button_nofollow":"","attributes":[],"tags":[],"tags_disable_links":"","hide_more_platforms":"","video_object":"","demo_hide_cta":"","demo_hide_cloud_options":"","pricing_title":"","pricing":[],"related_apps_title":"","related_apps_hidden":"","author":"","image":[],"title":"","job":"","social_networks":[]},"_links":{"self":[{"href":"https:\/\/elfsight.com\/de\/wp-json\/wp\/v2\/pages\/7512","targetHints":{"allow":["GET"]}}],"collection":[{"href":"https:\/\/elfsight.com\/de\/wp-json\/wp\/v2\/pages"}],"about":[{"href":"https:\/\/elfsight.com\/de\/wp-json\/wp\/v2\/types\/page"}],"author":[{"embeddable":true,"href":"https:\/\/elfsight.com\/de\/wp-json\/wp\/v2\/users\/9"}],"replies":[{"embeddable":true,"href":"https:\/\/elfsight.com\/de\/wp-json\/wp\/v2\/comments?post=7512"}],"version-history":[{"count":2,"href":"https:\/\/elfsight.com\/de\/wp-json\/wp\/v2\/pages\/7512\/revisions"}],"predecessor-version":[{"id":7536,"href":"https:\/\/elfsight.com\/de\/wp-json\/wp\/v2\/pages\/7512\/revisions\/7536"}],"up":[{"embeddable":true,"href":"https:\/\/elfsight.com\/de\/wp-json\/wp\/v2\/pages\/7448"}],"wp:attachment":[{"href":"https:\/\/elfsight.com\/de\/wp-json\/wp\/v2\/media?parent=7512"}],"curies":[{"name":"wp","href":"https:\/\/api.w.org\/{rel}","templated":true}]}}