{"id":7511,"date":"2024-04-16T07:27:58","date_gmt":"2024-04-16T07:27:58","guid":{"rendered":"https:\/\/elfsight.com\/de\/?page_id=7511"},"modified":"2024-04-17T14:41:36","modified_gmt":"2024-04-17T14:41:36","slug":"examples","status":"publish","type":"page","link":"https:\/\/elfsight.com\/de\/business-hours-widget\/examples\/","title":{"rendered":"Business Hours &#8211; Examples"},"content":{"rendered":"\n<div class=\"application-examples-item application-examples-item-loading\">\n                            <div class=\"col-row\">\n                                <div class=\"col-6 col-m-8 col-s-12\"><h3 class=\"application-examples-item-title\">Beispiel 1. Vollst\u00e4ndige Gesch\u00e4ftsideen<\/h3><div class=\"application-examples-item-description\">Das Layout des Widgets stellt sicher, dass Ihre Gesch\u00e4ftszeiten detailliert dargestellt werden, sodass Ihre Kunden ihre Besuche planen oder Sie zur richtigen Zeit kontaktieren k\u00f6nnen. Die Informationen werden \u00fcbersichtlich und organisiert angezeigt, was die Benutzererfahrung verbessert und Verwirrung reduziert. Die Kontaktdaten sind nicht nur enthalten, sondern auch gut sichtbar, damit Ihre Kunden m\u00fchelos Kontakt mit Ihnen aufnehmen k\u00f6nnen. Ob Telefonnummer, E-Mail oder Adresse, alles wird prominent angezeigt, um sicherzustellen, dass Ihre Kunden schnell Kontakt aufnehmen k\u00f6nnen, wenn n\u00f6tig. Aber das ist nicht alles - das Widget geht \u00fcber die blo\u00dfe Bereitstellung von Informationen hinaus. Es verf\u00fcgt \u00fcber attraktive Handlungsaufforderungs (CTA)-Buttons, die nahtlose Interaktionen mit Ihrem Unternehmen erm\u00f6glichen. Kunden k\u00f6nnen ganz einfach einen Termin buchen, einen Chat auf WhatsApp starten oder Wegbeschreibungen zu Ihrem Standort erhalten. Diese auff\u00e4lligen CTA-Buttons optimieren den Prozess und ermutigen Besucher, auf eine sinnvollere Weise mit Ihrem Unternehmen in Kontakt zu treten.<\/div><\/div>\n                <\/div>\n\n                <div class=\"application-examples-item-iframe-container browser-frame\">\n                    <div class=\"application-examples-item-iframe-wrapper\">\n                        <iframe class=\"application-examples-item-iframe application-examples-item-iframe-fixed-height\" data-src=\"https:\/\/elfsight.com\/examples?widget_id=e80e0133-c65f-4298-ad45-19813d488591\" width=\"100%\" height=\"800\" allow=\"autoplay; fullscreen\"><\/iframe>\n                    <\/div>\n\n                    <div class=\"application-examples-item-loader\"><\/div>\n                <\/div>\n            <\/div><div class=\"application-examples-item application-examples-item-loading\">\n                            <div class=\"col-row\">\n                                <div class=\"col-6 col-m-8 col-s-12\"><h3 class=\"application-examples-item-title\">Beispiel 2. Gesch\u00e4ftszeiten<\/h3><div class=\"application-examples-item-description\">Diese schlanke und minimalistische L\u00f6sung zeigt den w\u00f6chentlichen Arbeitszeitenplan Ihres Unternehmens perfekt an. Entworfen, um einfach und effizient zu sein, liefert dieses Widget alle wesentlichen Informationen auf einen Blick. Im Gegensatz zu \u00fcberf\u00fcllten Widgets konzentriert sich dieses ausschlie\u00dflich darauf, den Arbeitszeitenplan f\u00fcr die Woche anzuzeigen. Es pr\u00e4sentiert diese Informationen in einem klaren und leicht lesbaren Format, sodass Benutzer schnell feststellen k\u00f6nnen, wann Ihr Unternehmen ge\u00f6ffnet ist, ohne Ablenkungen. Benutzer k\u00f6nnen nicht nur die \u00d6ffnungszeiten sehen, sondern auch die verbleibende Zeit, bevor Ihr Unternehmen f\u00fcr den Abend schlie\u00dft. Diese hilfreiche Funktion informiert Kunden dar\u00fcber, welches Zeitfenster sie haben, um Ihr Unternehmen vor Ende des Tages zu besuchen oder zu kontaktieren.<\/div><\/div>\n                <\/div>\n\n                <div class=\"application-examples-item-iframe-container browser-frame\">\n                    <div class=\"application-examples-item-iframe-wrapper\">\n                        <iframe class=\"application-examples-item-iframe application-examples-item-iframe-fixed-height\" data-src=\"https:\/\/elfsight.com\/examples?widget_id=6e317af1-3b18-41aa-86a5-22fcdacfb4b2\" width=\"100%\" height=\"400\" allow=\"autoplay; fullscreen\"><\/iframe>\n                    <\/div>\n\n                    <div class=\"application-examples-item-loader\"><\/div>\n                <\/div>\n            <\/div><div class=\"application-cta-create\">\n                    <div class=\"application-cta-create-bg\">\n                        <div class=\"application-cta-create-bg-left\"><\/div>\n\n                        <div class=\"application-cta-create-bg-right\">\n                            <img decoding=\"async\" src=\"https:\/\/elfsight.com\/de\/wp-content\/themes\/elfsight\/frontend\/assets\/img\/application-cta-create.jpg\" alt=\"Beginnen Sie mit der Erstellung Ihres Widgets\">\n                        <\/div>\n                    <\/div>\n\n                    <div class=\"application-cta-create-content inner\">\n                        <div class=\"application-cta-create-content-inner\">\n                            <div class=\"application-cta-create-content-icon\">\n                                <svg viewBox=\"0 0 25 25\" width=\"100%\" height=\"100%\">\n                                    <use xlink:href=\"#icon-settings\"><\/use>\n                                <\/svg>\n                            <\/div>\n\n                            <div class=\"application-cta-create-content-title\">Beginnen Sie mit der Erstellung Ihres Widgets<\/div>\n\n                            <div class=\"application-cta-create-content-text\">Schnell. Einfach. Keine Codierung.<\/div>\n\n                            <a class=\"application-cta-create-content-button button-48 button-has-right-icon button-black button\" href=\"\">\n                                <span class=\"button-label\">Widget erstellen<\/span>\n\n                                <svg class=\"button-icon\">\n                                    <use xlink:href=\"#icon-arrow-link\"><\/use>\n                                <\/svg>\n                            <\/a>\n                        <\/div>\n                    <\/div>\n                <\/div><div class=\"application-examples-item application-examples-item-loading\">\n                            <div class=\"col-row\">\n                                <div class=\"col-6 col-m-8 col-s-12\"><h3 class=\"application-examples-item-title\">Beispiel 3. \u00d6ffnungsstatus<\/h3><div class=\"application-examples-item-description\">Dies ist eine intelligente und platzsparende L\u00f6sung, die Ihren Website-Besuchern effektiv den \u00d6ffnungsstatus Ihres Unternehmens vermittelt. Das Widget optimiert die Pr\u00e4sentation Ihrer Gesch\u00e4ftszeiten und sorgt f\u00fcr eine nahtlose Benutzererfahrung. Mit einem Fokus auf Einfachheit zeigt das Elfsight-Gesch\u00e4ftszeiten-Widget nur den aktuellen \u00d6ffnungsstatus Ihres Unternehmens an. Dies bedeutet, dass Ihre Besucher mit nur einem schnellen Blick auf das Widget leicht feststellen k\u00f6nnen, ob Ihr Unternehmen ge\u00f6ffnet oder geschlossen ist, was ihnen Zeit und M\u00fche spart. Aber f\u00fcr diejenigen, die weitere Informationen \u00fcber Ihre Gesch\u00e4ftszeiten ben\u00f6tigen, bietet das Widget eine clevere L\u00f6sung. Durch Klicken auf das Widget k\u00f6nnen Benutzer ein Popup oder eine erweiterte Ansicht aufrufen, die Ihren vollst\u00e4ndigen Arbeitszeitenplan anzeigt. Diese interaktive Funktion stellt sicher, dass diejenigen, die weitere Informationen ben\u00f6tigen, darauf zugreifen k\u00f6nnen, ohne die Hauptseiten Ihrer Website zu \u00fcberladen.<\/div><\/div>\n                <\/div>\n\n                <div class=\"application-examples-item-iframe-container browser-frame\">\n                    <div class=\"application-examples-item-iframe-wrapper\">\n                        <iframe class=\"application-examples-item-iframe application-examples-item-iframe-fixed-height\" data-src=\"https:\/\/elfsight.com\/examples?widget_id=6d07ee2e-533b-47ab-a439-6f0c2c0437c8\" width=\"100%\" height=\"450\" allow=\"autoplay; fullscreen\"><\/iframe>\n                    <\/div>\n\n                    <div class=\"application-examples-item-loader\"><\/div>\n                <\/div>\n            <\/div><div class=\"application-examples-item application-examples-item-loading\">\n                            <div class=\"col-row\">\n                                <div class=\"col-6 col-m-8 col-s-12\"><h3 class=\"application-examples-item-title\">Beispiel 4. Kleine Kontaktkarte<\/h3><div class=\"application-examples-item-description\">Das kompakte Gesch\u00e4ftszeiten-Widget bringt alle wesentlichen Informationen direkt an die Fingerspitzen Ihrer Kunden. Es enth\u00e4lt ein Standortfoto, deutlich sichtbare Kontaktdaten und Gesch\u00e4ftszeiten mit intelligentem Design. Benutzer k\u00f6nnen durch Klicken auf das Widget eine erweiterte Ansicht des Zeitplans aufrufen. Dar\u00fcber hinaus erm\u00f6glichen vier CTA-Buttons direkte Aktionen wie WhatsApp-Chat, Wegbeschreibungen, Anrufe und Terminbuchungen, um die Benutzerinteraktion zu verbessern und Interaktionen zu optimieren.<\/div><\/div>\n                <\/div>\n\n                <div class=\"application-examples-item-iframe-container browser-frame\">\n                    <div class=\"application-examples-item-iframe-wrapper\">\n                        <iframe class=\"application-examples-item-iframe application-examples-item-iframe-fixed-height\" data-src=\"https:\/\/elfsight.com\/examples?widget_id=193dffbf-6980-44c3-b8d8-5c328f621e42\" width=\"100%\" height=\"650\" allow=\"autoplay; fullscreen\"><\/iframe>\n                    <\/div>\n\n                    <div class=\"application-examples-item-loader\"><\/div>\n                <\/div>\n            <\/div><div class=\"application-examples-item application-examples-item-loading\">\n                            <div class=\"col-row\">\n                                <div class=\"col-6 col-m-8 col-s-12\"><h3 class=\"application-examples-item-title\">Beispiel 5. Dunkle Kontaktkarte<\/h3><div class=\"application-examples-item-description\">Das Gesch\u00e4ftszeiten-Widget hier ist mit einem schlanken dunklen Thema gestaltet. Dieses Widget zeigt nicht nur die \u00d6ffnungszeiten Ihres Unternehmens an, sondern bietet auch Ihren Website-Besuchern ein visuell ansprechendes Erlebnis. Benutzer k\u00f6nnen Ihr Standortfoto anzeigen, um eine sofortige Verbindung zu Ihrem Unternehmen herzustellen. Die Kontaktdaten sind prominent platziert, damit Kunden leicht Kontakt mit Ihnen aufnehmen k\u00f6nnen. Durch Klicken auf das Widget k\u00f6nnen Benutzer eine erweiterte Ansicht Ihres vollst\u00e4ndigen Arbeitszeitenplans anzeigen, um sicherzustellen, dass alle erforderlichen Details leicht zug\u00e4nglich sind. Dar\u00fcber hinaus erm\u00f6glichen vier prominente CTA-Buttons Besuchern, auf WhatsApp zu chatten, Wegbeschreibungen zu erhalten, jetzt anzurufen und einen Termin zu buchen, um die Benutzerinteraktion zu verbessern und nahtlose Interaktionen zu erm\u00f6glichen.<\/div><\/div>\n                <\/div>\n\n                <div class=\"application-examples-item-iframe-container browser-frame\">\n                    <div class=\"application-examples-item-iframe-wrapper\">\n                        <iframe class=\"application-examples-item-iframe application-examples-item-iframe-fixed-height\" data-src=\"https:\/\/elfsight.com\/examples?widget_id=88bf50bb-d966-4676-bc02-b496546eddac\" width=\"100%\" height=\"600\" allow=\"autoplay; fullscreen\"><\/iframe>\n                    <\/div>\n\n                    <div class=\"application-examples-item-loader\"><\/div>\n                <\/div>\n            <\/div>\n","protected":false},"excerpt":{"rendered":"","protected":false},"author":9,"featured_media":0,"parent":7446,"menu_order":0,"comment_status":"closed","ping_status":"closed","template":"templates\/template-application-examples.php","meta":{"publish_to_discourse":"","publish_post_category":"","wpdc_auto_publish_overridden":"","wpdc_topic_tags":"","wpdc_pin_topic":"","wpdc_pin_until":"","discourse_post_id":"","discourse_permalink":"","wpdc_publishing_response":"","wpdc_publishing_error":"","footnotes":""},"class_list":["post-7511","page","type-page","status-publish","hentry"],"yoast_head":"<!-- This site is optimized with the Yoast SEO plugin v25.3.1 - https:\/\/yoast.com\/wordpress\/plugins\/seo\/ -->\n<title>Die TOP 5 Beispiele f\u00fcr Gesch\u00e4ftszeiten-Widgets f\u00fcr Ihre Website (2025)<\/title>\n<meta name=\"description\" content=\"Beispiele f\u00fcr Gesch\u00e4ftszeiten-Widgets: Vollst\u00e4ndige Gesch\u00e4ftsideen, Gesch\u00e4ftszeiten, \u00d6ffnungsstatus und viele andere Vorlagen f\u00fcr Ihre Website.\" \/>\n<meta name=\"robots\" content=\"index, follow, max-snippet:-1, max-image-preview:large, max-video-preview:-1\" \/>\n<link rel=\"canonical\" href=\"https:\/\/elfsight.com\/de\/business-hours-widget\/examples\/\" \/>\n<meta property=\"og:locale\" content=\"de_DE\" \/>\n<meta property=\"og:type\" content=\"article\" \/>\n<meta property=\"og:title\" content=\"Die TOP 5 Beispiele f\u00fcr Gesch\u00e4ftszeiten-Widgets f\u00fcr Ihre Website (2025)\" \/>\n<meta property=\"og:description\" content=\"Beispiele f\u00fcr Gesch\u00e4ftszeiten-Widgets: Vollst\u00e4ndige Gesch\u00e4ftsideen, Gesch\u00e4ftszeiten, \u00d6ffnungsstatus und viele andere Vorlagen f\u00fcr Ihre Website.\" \/>\n<meta property=\"og:url\" content=\"https:\/\/elfsight.com\/de\/business-hours-widget\/examples\/\" \/>\n<meta property=\"og:site_name\" content=\"Elfsight DE\" \/>\n<meta property=\"article:modified_time\" content=\"2024-04-17T14:41:36+00:00\" \/>\n<meta name=\"twitter:card\" content=\"summary_large_image\" \/>\n<meta name=\"twitter:label1\" content=\"Gesch\u00e4tzte Lesezeit\" \/>\n\t<meta name=\"twitter:data1\" content=\"4\u00a0Minuten\" \/>\n<!-- \/ Yoast SEO plugin. -->","yoast_head_json":{"title":"Die TOP 5 Beispiele f\u00fcr Gesch\u00e4ftszeiten-Widgets f\u00fcr Ihre Website (2025)","description":"Beispiele f\u00fcr Gesch\u00e4ftszeiten-Widgets: Vollst\u00e4ndige Gesch\u00e4ftsideen, Gesch\u00e4ftszeiten, \u00d6ffnungsstatus und viele andere Vorlagen f\u00fcr Ihre Website.","robots":{"index":"index","follow":"follow","max-snippet":"max-snippet:-1","max-image-preview":"max-image-preview:large","max-video-preview":"max-video-preview:-1"},"canonical":"https:\/\/elfsight.com\/de\/business-hours-widget\/examples\/","og_locale":"de_DE","og_type":"article","og_title":"Die TOP 5 Beispiele f\u00fcr Gesch\u00e4ftszeiten-Widgets f\u00fcr Ihre Website (2025)","og_description":"Beispiele f\u00fcr Gesch\u00e4ftszeiten-Widgets: Vollst\u00e4ndige Gesch\u00e4ftsideen, Gesch\u00e4ftszeiten, \u00d6ffnungsstatus und viele andere Vorlagen f\u00fcr Ihre Website.","og_url":"https:\/\/elfsight.com\/de\/business-hours-widget\/examples\/","og_site_name":"Elfsight DE","article_modified_time":"2024-04-17T14:41:36+00:00","twitter_card":"summary_large_image","twitter_misc":{"Gesch\u00e4tzte Lesezeit":"4\u00a0Minuten"},"schema":{"@context":"https:\/\/schema.org","@graph":[{"@type":"WebPage","@id":"https:\/\/elfsight.com\/de\/business-hours-widget\/examples\/","url":"https:\/\/elfsight.com\/de\/business-hours-widget\/examples\/","name":"Die TOP 5 Beispiele f\u00fcr Gesch\u00e4ftszeiten-Widgets f\u00fcr Ihre Website (2025)","isPartOf":{"@id":"https:\/\/elfsight.com\/de\/#website"},"datePublished":"2024-04-16T07:27:58+00:00","dateModified":"2024-04-17T14:41:36+00:00","description":"Beispiele f\u00fcr Gesch\u00e4ftszeiten-Widgets: Vollst\u00e4ndige Gesch\u00e4ftsideen, Gesch\u00e4ftszeiten, \u00d6ffnungsstatus und viele andere Vorlagen f\u00fcr Ihre Website.","breadcrumb":{"@id":"https:\/\/elfsight.com\/de\/business-hours-widget\/examples\/#breadcrumb"},"inLanguage":"de","potentialAction":[{"@type":"ReadAction","target":["https:\/\/elfsight.com\/de\/business-hours-widget\/examples\/"]}]},{"@type":"BreadcrumbList","@id":"https:\/\/elfsight.com\/de\/business-hours-widget\/examples\/#breadcrumb","itemListElement":[{"@type":"ListItem","position":1,"name":"Home","item":"https:\/\/elfsight.com\/de\/"},{"@type":"ListItem","position":2,"name":"Business Hours","item":"https:\/\/elfsight.com\/de\/business-hours-widget\/"},{"@type":"ListItem","position":3,"name":"Business Hours &#8211; Examples"}]},{"@type":"WebSite","@id":"https:\/\/elfsight.com\/de\/#website","url":"https:\/\/elfsight.com\/de\/","name":"Elfsight DE","description":"Just another Elfsight Sites site","potentialAction":[{"@type":"SearchAction","target":{"@type":"EntryPoint","urlTemplate":"https:\/\/elfsight.com\/de\/?s={search_term_string}"},"query-input":{"@type":"PropertyValueSpecification","valueRequired":true,"valueName":"search_term_string"}}],"inLanguage":"de"}]}},"meta_box":{"industry":"","seo_heading":"","heading":"","description":"","cta_heading":"","cta_description":"","application":"7437","h1":"","h1_caption":"","application_category":[],"applications_title":"","applications_request_title":"","applications_request_button_text":"","hero_text":"","hero_video":"","hero_video_schema_markup":"","selling_points_title":"","selling_points_caption":"","selling_points":[],"selling_points_cta_text":"","features_title":"","features":"","ed_cta_examples_text":"","ed_cta_examples_hidden":"","ed_cta_demo_text":"","ed_cta_demo_hidden":"","why_caption":"","why_editor_title":"","why_editor_text":"","why_team_title":"","why_team_text":"","why_service_title":"","why_service_text":"","template_catalog_visible":"","template_catalog_title":"","template_catalog_text":"","template_catalog_categories_visible":"","demo_title":"","demo_caption":"","default_faq_hidden":"","app_template_category":[],"platform":"","template_public_id":"","codecanyon_url":"","codecanyon_item_id":"","codecanyon_price":"","pricing_caption":"","pricing_elfsight_apps_hide_column":"","pricing_elfsight_apps_url":"","pricing_codecanyon_price_caption":"","integration_category":[],"integration_request_title":"","integration_request_cta":"","integration_platform":"","integrations":[],"platform_category":[],"video_schema_markup":"","price":"","trial":"","benefits":[],"button_url":"","button_target_blank":"","button_nofollow":"","attributes":[],"tags":[],"tags_disable_links":"","hide_more_platforms":"","video_object":"","demo_hide_cta":"","demo_hide_cloud_options":"","pricing_title":"","pricing":[],"related_apps_title":"","related_apps_hidden":"","author":"","image":[],"title":"","job":"","social_networks":[]},"_links":{"self":[{"href":"https:\/\/elfsight.com\/de\/wp-json\/wp\/v2\/pages\/7511","targetHints":{"allow":["GET"]}}],"collection":[{"href":"https:\/\/elfsight.com\/de\/wp-json\/wp\/v2\/pages"}],"about":[{"href":"https:\/\/elfsight.com\/de\/wp-json\/wp\/v2\/types\/page"}],"author":[{"embeddable":true,"href":"https:\/\/elfsight.com\/de\/wp-json\/wp\/v2\/users\/9"}],"replies":[{"embeddable":true,"href":"https:\/\/elfsight.com\/de\/wp-json\/wp\/v2\/comments?post=7511"}],"version-history":[{"count":2,"href":"https:\/\/elfsight.com\/de\/wp-json\/wp\/v2\/pages\/7511\/revisions"}],"predecessor-version":[{"id":7538,"href":"https:\/\/elfsight.com\/de\/wp-json\/wp\/v2\/pages\/7511\/revisions\/7538"}],"up":[{"embeddable":true,"href":"https:\/\/elfsight.com\/de\/wp-json\/wp\/v2\/pages\/7446"}],"wp:attachment":[{"href":"https:\/\/elfsight.com\/de\/wp-json\/wp\/v2\/media?parent=7511"}],"curies":[{"name":"wp","href":"https:\/\/api.w.org\/{rel}","templated":true}]}}