{"id":7509,"date":"2024-04-16T07:27:58","date_gmt":"2024-04-16T07:27:58","guid":{"rendered":"https:\/\/elfsight.com\/de\/?page_id=7509"},"modified":"2024-04-17T14:41:04","modified_gmt":"2024-04-17T14:41:04","slug":"examples","status":"publish","type":"page","link":"https:\/\/elfsight.com\/de\/announcement-bar-widget\/examples\/","title":{"rendered":"Announcement Bar &#8211; Examples"},"content":{"rendered":"\n<div class=\"application-examples-item application-examples-item-loading\">\n                            <div class=\"col-row\">\n                                <div class=\"col-6 col-m-8 col-s-12\"><h3 class=\"application-examples-item-title\">Beispiel 1: Verkaufsank\u00fcndigungsleiste<\/h3><div class=\"application-examples-item-description\">Belohnen Sie die Benutzer, die die Website an den richtigen Tagen besuchen. Verwenden Sie diese Leiste als dringenden Ansatz, um den Kauf gew\u00fcnschter Waren zu steigern. Sie k\u00f6nnen die Verkaufsraten eines Produkts oder eines ganzen Abschnitts Ihres Bestands verbessern.<\/div><\/div>\n                <\/div>\n\n                <div class=\"application-examples-item-iframe-container browser-frame\">\n                    <div class=\"application-examples-item-iframe-wrapper\">\n                        <iframe class=\"application-examples-item-iframe application-examples-item-iframe-fixed-height\" data-src=\"https:\/\/elfsight.com\/examples?widget_id=25dcf513-9a4f-4a53-9867-62e487f209c9\" width=\"100%\" height=\"500\" allow=\"autoplay; fullscreen\"><\/iframe>\n                    <\/div>\n\n                    <div class=\"application-examples-item-loader\"><\/div>\n                <\/div>\n            <\/div><div class=\"application-examples-item application-examples-item-loading\">\n                            <div class=\"col-row\">\n                                <div class=\"col-6 col-m-8 col-s-12\"><h3 class=\"application-examples-item-title\">Beispiel 2: Ank\u00fcndigungsleiste f\u00fcr neue Produkte<\/h3><div class=\"application-examples-item-description\">Lassen Sie alle wissen, dass Ihre Produkte oder Dienstleistungen auf den Markt kommen, und das auf schnellstem Wege. Sie werden maximale Aufmerksamkeit auf Ihr neues Produkt oder Ihre neue Dienstleistung lenken, indem Sie es im sichtbaren Bereich ank\u00fcndigen.<\/div><\/div>\n                <\/div>\n\n                <div class=\"application-examples-item-iframe-container browser-frame\">\n                    <div class=\"application-examples-item-iframe-wrapper\">\n                        <iframe class=\"application-examples-item-iframe application-examples-item-iframe-fixed-height\" data-src=\"https:\/\/elfsight.com\/examples?widget_id=b460aa86-0712-4187-a598-ffeb39c3e9a2\" width=\"100%\" height=\"500\" allow=\"autoplay; fullscreen\"><\/iframe>\n                    <\/div>\n\n                    <div class=\"application-examples-item-loader\"><\/div>\n                <\/div>\n            <\/div><div class=\"application-examples-item application-examples-item-loading\">\n                            <div class=\"col-row\">\n                                <div class=\"col-6 col-m-8 col-s-12\"><h3 class=\"application-examples-item-title\">Beispiel 3: Ank\u00fcndigungsleiste f\u00fcr neue Gesch\u00e4fte<\/h3><div class=\"application-examples-item-description\">Wenn es um Ladengesch\u00e4fte vor Ort geht, informieren Sie Ihre Kunden \u00fcber die Er\u00f6ffnung eines neuen Verkaufspunktes. Auf diese Weise ziehen Sie nicht nur neue Kunden an, sondern bieten m\u00f6glicherweise auch den alten bessere logistische M\u00f6glichkeiten.<\/div><\/div>\n                <\/div>\n\n                <div class=\"application-examples-item-iframe-container browser-frame\">\n                    <div class=\"application-examples-item-iframe-wrapper\">\n                        <iframe class=\"application-examples-item-iframe application-examples-item-iframe-fixed-height\" data-src=\"https:\/\/elfsight.com\/examples?widget_id=f6c90439-9a35-422b-8e48-9fbbc7e08f5f\" width=\"100%\" height=\"500\" allow=\"autoplay; fullscreen\"><\/iframe>\n                    <\/div>\n\n                    <div class=\"application-examples-item-loader\"><\/div>\n                <\/div>\n            <\/div><div class=\"application-examples-item application-examples-item-loading\">\n                            <div class=\"col-row\">\n                                <div class=\"col-6 col-m-8 col-s-12\"><h3 class=\"application-examples-item-title\">Beispiel 4: Ank\u00fcndigungsleiste f\u00fcr kostenlosen Versand<\/h3><div class=\"application-examples-item-description\">Das Zahlen von keinen zus\u00e4tzlichen Geb\u00fchren ist immer inspirierend beim Kauf. In diesem Beispiel sehen wir, wie Sie ganz einfach Geld f\u00fcr Ihre Kunden sparen k\u00f6nnen, indem Sie kostenlosen Versand bewerben. Da Menschen es nicht m\u00f6gen, f\u00fcr etwas au\u00dfer ihrer Bestellung zu zahlen, kann sie dies zum Kauf motivieren.<\/div><\/div>\n                <\/div>\n\n                <div class=\"application-examples-item-iframe-container browser-frame\">\n                    <div class=\"application-examples-item-iframe-wrapper\">\n                        <iframe class=\"application-examples-item-iframe application-examples-item-iframe-fixed-height\" data-src=\"https:\/\/elfsight.com\/examples?widget_id=3ea8b92a-33aa-4591-aedc-7467e6b2bc38\" width=\"100%\" height=\"500\" allow=\"autoplay; fullscreen\"><\/iframe>\n                    <\/div>\n\n                    <div class=\"application-examples-item-loader\"><\/div>\n                <\/div>\n            <\/div><div class=\"application-examples-item application-examples-item-loading\">\n                            <div class=\"col-row\">\n                                <div class=\"col-6 col-m-8 col-s-12\"><h3 class=\"application-examples-item-title\">Beispiel 5: Nachrichten-Ank\u00fcndigungsleiste<\/h3><div class=\"application-examples-item-description\">Die Verwendung der Leiste als Nachrichten\u00fcbermittler kann f\u00fcr Websites praktisch sein, die keinen News-Bereich haben. Andernfalls k\u00f6nnen Sie Personen dazu einladen, Ihren Nachrichten-Feed zu lesen oder auf die wichtigsten neuesten Updates aufmerksam zu machen.<\/div><\/div>\n                <\/div>\n\n                <div class=\"application-examples-item-iframe-container browser-frame\">\n                    <div class=\"application-examples-item-iframe-wrapper\">\n                        <iframe class=\"application-examples-item-iframe application-examples-item-iframe-fixed-height\" data-src=\"https:\/\/elfsight.com\/examples?widget_id=785cf92c-f75d-4713-834f-748d057312ee\" width=\"100%\" height=\"500\" allow=\"autoplay; fullscreen\"><\/iframe>\n                    <\/div>\n\n                    <div class=\"application-examples-item-loader\"><\/div>\n                <\/div>\n            <\/div><div class=\"application-cta-create\">\n                    <div class=\"application-cta-create-bg\">\n                        <div class=\"application-cta-create-bg-left\"><\/div>\n\n                        <div class=\"application-cta-create-bg-right\">\n                            <img decoding=\"async\" src=\"https:\/\/elfsight.com\/de\/wp-content\/themes\/elfsight\/frontend\/assets\/img\/application-cta-create.jpg\" alt=\"Beginnen Sie mit der Erstellung Ihres Widgets\">\n                        <\/div>\n                    <\/div>\n\n                    <div class=\"application-cta-create-content inner\">\n                        <div class=\"application-cta-create-content-inner\">\n                            <div class=\"application-cta-create-content-icon\">\n                                <svg viewBox=\"0 0 25 25\" width=\"100%\" height=\"100%\">\n                                    <use xlink:href=\"#icon-settings\"><\/use>\n                                <\/svg>\n                            <\/div>\n\n                            <div class=\"application-cta-create-content-title\">Beginnen Sie mit der Erstellung Ihres Widgets<\/div>\n\n                            <div class=\"application-cta-create-content-text\">Schnell. Einfach. Keine Codierung.<\/div>\n\n                            <a class=\"application-cta-create-content-button button-48 button-has-right-icon button-black button\" href=\"\">\n                                <span class=\"button-label\">Widget erstellen<\/span>\n\n                                <svg class=\"button-icon\">\n                                    <use xlink:href=\"#icon-arrow-link\"><\/use>\n                                <\/svg>\n                            <\/a>\n                        <\/div>\n                    <\/div>\n                <\/div><div class=\"application-examples-item application-examples-item-loading\">\n                            <div class=\"col-row\">\n                                <div class=\"col-6 col-m-8 col-s-12\"><h3 class=\"application-examples-item-title\">Beispiel 6: Ank\u00fcndigungsleiste f\u00fcr Updates<\/h3><div class=\"application-examples-item-description\">Elfsight aktualisiert st\u00e4ndig seine Produkte. Ist das auch bei Ihrem Unternehmen der Fall? Gro\u00dfartig! Sie k\u00f6nnen die Kunden \u00fcber Updates, Fixes oder Verbesserungen an einem bestimmten Produkt oder einer bestimmten Kategorie informieren. Es ist auch eine gute M\u00f6glichkeit, die Menschen an Ihre \u00e4lteren Produkte zu erinnern.<\/div><\/div>\n                <\/div>\n\n                <div class=\"application-examples-item-iframe-container browser-frame\">\n                    <div class=\"application-examples-item-iframe-wrapper\">\n                        <iframe class=\"application-examples-item-iframe application-examples-item-iframe-fixed-height\" data-src=\"https:\/\/elfsight.com\/examples?widget_id=8342e26c-d5f7-450b-b2c5-754c44c782a5\" width=\"100%\" height=\"500\" allow=\"autoplay; fullscreen\"><\/iframe>\n                    <\/div>\n\n                    <div class=\"application-examples-item-loader\"><\/div>\n                <\/div>\n            <\/div><div class=\"application-examples-item application-examples-item-loading\">\n                            <div class=\"col-row\">\n                                <div class=\"col-6 col-m-8 col-s-12\"><h3 class=\"application-examples-item-title\">Beispiel 7: Ank\u00fcndigungsleiste f\u00fcr Black Friday-Verk\u00e4ufe<\/h3><div class=\"application-examples-item-description\">Verpassen Sie nicht die Gelegenheit, einen gro\u00dfen Verkauf am Black Friday anzuk\u00fcndigen. Dies ist die perfekte Zeit, um Rabatte auf bestimmte Produktkategorien festzulegen und Ihr Engagement f\u00fcr solche Veranstaltungen zu zeigen.<\/div><\/div>\n                <\/div>\n\n                <div class=\"application-examples-item-iframe-container browser-frame\">\n                    <div class=\"application-examples-item-iframe-wrapper\">\n                        <iframe class=\"application-examples-item-iframe application-examples-item-iframe-fixed-height\" data-src=\"https:\/\/elfsight.com\/examples?widget_id=133eea16-d1f0-4b32-9276-a4f1dba07c17\" width=\"100%\" height=\"500\" allow=\"autoplay; fullscreen\"><\/iframe>\n                    <\/div>\n\n                    <div class=\"application-examples-item-loader\"><\/div>\n                <\/div>\n            <\/div><div class=\"application-examples-item application-examples-item-loading\">\n                            <div class=\"col-row\">\n                                <div class=\"col-6 col-m-8 col-s-12\"><h3 class=\"application-examples-item-title\">Beispiel 8: Ank\u00fcndigungsleiste f\u00fcr Weihnachtsverk\u00e4ufe<\/h3><div class=\"application-examples-item-description\">Wir sind uns ziemlich sicher, dass Sie Ihre Kunden nicht ohne Rabatte und Boni f\u00fcr Weihnachten lassen werden. Warum also nicht auf sch\u00f6ne und festliche Weise \u00fcber den Weihnachtsverkauf informieren? Die Menschen neigen dazu, in dieser Zeit einzukaufen, und Sie k\u00f6nnen ihnen dabei helfen, Ihre Produkte als Geschenke f\u00fcr ihre Lieben auszuw\u00e4hlen.<\/div><\/div>\n                <\/div>\n\n                <div class=\"application-examples-item-iframe-container browser-frame\">\n                    <div class=\"application-examples-item-iframe-wrapper\">\n                        <iframe class=\"application-examples-item-iframe application-examples-item-iframe-fixed-height\" data-src=\"https:\/\/elfsight.com\/examples?widget_id=ffa9d45d-f484-499a-90e3-a5d2ca68ff84\" width=\"100%\" height=\"500\" allow=\"autoplay; fullscreen\"><\/iframe>\n                    <\/div>\n\n                    <div class=\"application-examples-item-loader\"><\/div>\n                <\/div>\n            <\/div><div class=\"application-examples-item application-examples-item-loading\">\n                            <div class=\"col-row\">\n                                <div class=\"col-6 col-m-8 col-s-12\"><h3 class=\"application-examples-item-title\">Beispiel 9: Ank\u00fcndigungsleiste f\u00fcr Rabatt-Coupons<\/h3><div class=\"application-examples-item-description\">Sie k\u00f6nnen von verschiedenen Veranstaltungen und Besonderheiten des Kundenverhaltens profitieren, um die Verk\u00e4ufe zu steigern. Setzen Sie einfach einen Gutschein in Ihre Ank\u00fcndigungsleiste, um den Kauf aktiver zu gestalten. Ein Gutschein wird oft als pers\u00f6nliches Angebot behandelt, um einen besseren Preis zu erhalten.<\/div><\/div>\n                <\/div>\n\n                <div class=\"application-examples-item-iframe-container browser-frame\">\n                    <div class=\"application-examples-item-iframe-wrapper\">\n                        <iframe class=\"application-examples-item-iframe application-examples-item-iframe-fixed-height\" data-src=\"https:\/\/elfsight.com\/examples?widget_id=acfe7ece-265b-4077-847c-a780bf7b530f\" width=\"100%\" height=\"500\" allow=\"autoplay; fullscreen\"><\/iframe>\n                    <\/div>\n\n                    <div class=\"application-examples-item-loader\"><\/div>\n                <\/div>\n            <\/div><div class=\"application-examples-item application-examples-item-loading\">\n                            <div class=\"col-row\">\n                                <div class=\"col-6 col-m-8 col-s-12\"><h3 class=\"application-examples-item-title\">Beispiel 10: Ank\u00fcndigungsleiste f\u00fcr Veranstaltungen<\/h3><div class=\"application-examples-item-description\">Steigern Sie die Teilnahme an Ihren Veranstaltungen, indem Sie ein bevorstehendes Treffen rechtzeitig ank\u00fcndigen. Die Leute werden ihre Pl\u00e4ne so planen k\u00f6nnen, dass sie Ihre Veranstaltung besuchen, wenn sie eine sichtbare Ank\u00fcndigung auf der Website bemerken.<\/div><\/div>\n                <\/div>\n\n                <div class=\"application-examples-item-iframe-container browser-frame\">\n                    <div class=\"application-examples-item-iframe-wrapper\">\n                        <iframe class=\"application-examples-item-iframe application-examples-item-iframe-fixed-height\" data-src=\"https:\/\/elfsight.com\/examples?widget_id=7b3ae6d7-f539-473f-9fd7-776898302349\" width=\"100%\" height=\"500\" allow=\"autoplay; fullscreen\"><\/iframe>\n                    <\/div>\n\n                    <div class=\"application-examples-item-loader\"><\/div>\n                <\/div>\n            <\/div><div class=\"application-examples-item application-examples-item-loading\">\n                            <div class=\"col-row\">\n                                <div class=\"col-6 col-m-8 col-s-12\"><h3 class=\"application-examples-item-title\">Beispiel 11: Ank\u00fcndigungsleiste f\u00fcr Webinare<\/h3><div class=\"application-examples-item-description\">Helfen Sie Ihren Kunden, Zeit und technische Einrichtungen zu finden, um an Ihrem Webinar teilzunehmen. K\u00fcndigen Sie Ihre Online-Veranstaltung rechtzeitig an, um ein Wachstum der Teilnahme und Beteiligung zu sehen. Es ist schwer, eine Veranstaltung zu \u00fcbersehen, die in der gut sichtbaren Ank\u00fcndigungsleiste angezeigt wird.<\/div><\/div>\n                <\/div>\n\n                <div class=\"application-examples-item-iframe-container browser-frame\">\n                    <div class=\"application-examples-item-iframe-wrapper\">\n                        <iframe class=\"application-examples-item-iframe application-examples-item-iframe-fixed-height\" data-src=\"https:\/\/elfsight.com\/examples?widget_id=1b60abdd-f98f-4771-97f9-bb2abbe64c08\" width=\"100%\" height=\"500\" allow=\"autoplay; fullscreen\"><\/iframe>\n                    <\/div>\n\n                    <div class=\"application-examples-item-loader\"><\/div>\n                <\/div>\n            <\/div>\n","protected":false},"excerpt":{"rendered":"","protected":false},"author":9,"featured_media":0,"parent":7447,"menu_order":0,"comment_status":"closed","ping_status":"closed","template":"templates\/template-application-examples.php","meta":{"publish_to_discourse":"","publish_post_category":"","wpdc_auto_publish_overridden":"","wpdc_topic_tags":"","wpdc_pin_topic":"","wpdc_pin_until":"","discourse_post_id":"","discourse_permalink":"","wpdc_publishing_response":"","wpdc_publishing_error":"","footnotes":""},"class_list":["post-7509","page","type-page","status-publish","hentry"],"yoast_head":"<!-- This site is optimized with the Yoast SEO plugin v25.3.1 - https:\/\/yoast.com\/wordpress\/plugins\/seo\/ -->\n<title>Ank\u00fcndigungsleisten-Widget: 11 Beispiele f\u00fcr verschiedene Szenarien<\/title>\n<meta name=\"description\" content=\"Beispiele f\u00fcr die Verwendung des Ank\u00fcndigungsleisten-Widgets: Kommunikation von Nachrichten, F\u00f6rderung neuer Produkte, Einladung von Kunden zu Veranstaltungen mit ansprechenden Ank\u00fcndigungen.\" \/>\n<meta name=\"robots\" content=\"index, follow, max-snippet:-1, max-image-preview:large, max-video-preview:-1\" \/>\n<link rel=\"canonical\" href=\"https:\/\/elfsight.com\/de\/announcement-bar-widget\/examples\/\" \/>\n<meta property=\"og:locale\" content=\"de_DE\" \/>\n<meta property=\"og:type\" content=\"article\" \/>\n<meta property=\"og:title\" content=\"Ank\u00fcndigungsleisten-Widget: 11 Beispiele f\u00fcr verschiedene Szenarien\" \/>\n<meta property=\"og:description\" content=\"Beispiele f\u00fcr die Verwendung des Ank\u00fcndigungsleisten-Widgets: Kommunikation von Nachrichten, F\u00f6rderung neuer Produkte, Einladung von Kunden zu Veranstaltungen mit ansprechenden Ank\u00fcndigungen.\" \/>\n<meta property=\"og:url\" content=\"https:\/\/elfsight.com\/de\/announcement-bar-widget\/examples\/\" \/>\n<meta property=\"og:site_name\" content=\"Elfsight DE\" \/>\n<meta property=\"article:modified_time\" content=\"2024-04-17T14:41:04+00:00\" \/>\n<meta name=\"twitter:card\" content=\"summary_large_image\" \/>\n<meta name=\"twitter:label1\" content=\"Gesch\u00e4tzte Lesezeit\" \/>\n\t<meta name=\"twitter:data1\" content=\"3\u00a0Minuten\" \/>\n<!-- \/ Yoast SEO plugin. -->","yoast_head_json":{"title":"Ank\u00fcndigungsleisten-Widget: 11 Beispiele f\u00fcr verschiedene Szenarien","description":"Beispiele f\u00fcr die Verwendung des Ank\u00fcndigungsleisten-Widgets: Kommunikation von Nachrichten, F\u00f6rderung neuer Produkte, Einladung von Kunden zu Veranstaltungen mit ansprechenden Ank\u00fcndigungen.","robots":{"index":"index","follow":"follow","max-snippet":"max-snippet:-1","max-image-preview":"max-image-preview:large","max-video-preview":"max-video-preview:-1"},"canonical":"https:\/\/elfsight.com\/de\/announcement-bar-widget\/examples\/","og_locale":"de_DE","og_type":"article","og_title":"Ank\u00fcndigungsleisten-Widget: 11 Beispiele f\u00fcr verschiedene Szenarien","og_description":"Beispiele f\u00fcr die Verwendung des Ank\u00fcndigungsleisten-Widgets: Kommunikation von Nachrichten, F\u00f6rderung neuer Produkte, Einladung von Kunden zu Veranstaltungen mit ansprechenden Ank\u00fcndigungen.","og_url":"https:\/\/elfsight.com\/de\/announcement-bar-widget\/examples\/","og_site_name":"Elfsight DE","article_modified_time":"2024-04-17T14:41:04+00:00","twitter_card":"summary_large_image","twitter_misc":{"Gesch\u00e4tzte Lesezeit":"3\u00a0Minuten"},"schema":{"@context":"https:\/\/schema.org","@graph":[{"@type":"WebPage","@id":"https:\/\/elfsight.com\/de\/announcement-bar-widget\/examples\/","url":"https:\/\/elfsight.com\/de\/announcement-bar-widget\/examples\/","name":"Ank\u00fcndigungsleisten-Widget: 11 Beispiele f\u00fcr verschiedene Szenarien","isPartOf":{"@id":"https:\/\/elfsight.com\/de\/#website"},"datePublished":"2024-04-16T07:27:58+00:00","dateModified":"2024-04-17T14:41:04+00:00","description":"Beispiele f\u00fcr die Verwendung des Ank\u00fcndigungsleisten-Widgets: Kommunikation von Nachrichten, F\u00f6rderung neuer Produkte, Einladung von Kunden zu Veranstaltungen mit ansprechenden Ank\u00fcndigungen.","breadcrumb":{"@id":"https:\/\/elfsight.com\/de\/announcement-bar-widget\/examples\/#breadcrumb"},"inLanguage":"de","potentialAction":[{"@type":"ReadAction","target":["https:\/\/elfsight.com\/de\/announcement-bar-widget\/examples\/"]}]},{"@type":"BreadcrumbList","@id":"https:\/\/elfsight.com\/de\/announcement-bar-widget\/examples\/#breadcrumb","itemListElement":[{"@type":"ListItem","position":1,"name":"Home","item":"https:\/\/elfsight.com\/de\/"},{"@type":"ListItem","position":2,"name":"Announcement Bar","item":"https:\/\/elfsight.com\/de\/announcement-bar-widget\/"},{"@type":"ListItem","position":3,"name":"Announcement Bar &#8211; Examples"}]},{"@type":"WebSite","@id":"https:\/\/elfsight.com\/de\/#website","url":"https:\/\/elfsight.com\/de\/","name":"Elfsight DE","description":"Just another Elfsight Sites site","potentialAction":[{"@type":"SearchAction","target":{"@type":"EntryPoint","urlTemplate":"https:\/\/elfsight.com\/de\/?s={search_term_string}"},"query-input":{"@type":"PropertyValueSpecification","valueRequired":true,"valueName":"search_term_string"}}],"inLanguage":"de"}]}},"meta_box":{"industry":"","seo_heading":"","heading":"","description":"","cta_heading":"","cta_description":"","application":"7433","h1":"","h1_caption":"","application_category":[],"applications_title":"","applications_request_title":"","applications_request_button_text":"","hero_text":"","hero_video":"","hero_video_schema_markup":"","selling_points_title":"","selling_points_caption":"","selling_points":[],"selling_points_cta_text":"","features_title":"","features":"","ed_cta_examples_text":"","ed_cta_examples_hidden":"","ed_cta_demo_text":"","ed_cta_demo_hidden":"","why_caption":"","why_editor_title":"","why_editor_text":"","why_team_title":"","why_team_text":"","why_service_title":"","why_service_text":"","template_catalog_visible":"","template_catalog_title":"","template_catalog_text":"","template_catalog_categories_visible":"","demo_title":"","demo_caption":"","default_faq_hidden":"","app_template_category":[],"platform":"","template_public_id":"","codecanyon_url":"","codecanyon_item_id":"","codecanyon_price":"","pricing_caption":"","pricing_elfsight_apps_hide_column":"","pricing_elfsight_apps_url":"","pricing_codecanyon_price_caption":"","integration_category":[],"integration_request_title":"","integration_request_cta":"","integration_platform":"","integrations":[],"platform_category":[],"video_schema_markup":"","price":"","trial":"","benefits":[],"button_url":"","button_target_blank":"","button_nofollow":"","attributes":[],"tags":[],"tags_disable_links":"","hide_more_platforms":"","video_object":"","demo_hide_cta":"","demo_hide_cloud_options":"","pricing_title":"","pricing":[],"related_apps_title":"","related_apps_hidden":"","author":"","image":[],"title":"","job":"","social_networks":[]},"_links":{"self":[{"href":"https:\/\/elfsight.com\/de\/wp-json\/wp\/v2\/pages\/7509","targetHints":{"allow":["GET"]}}],"collection":[{"href":"https:\/\/elfsight.com\/de\/wp-json\/wp\/v2\/pages"}],"about":[{"href":"https:\/\/elfsight.com\/de\/wp-json\/wp\/v2\/types\/page"}],"author":[{"embeddable":true,"href":"https:\/\/elfsight.com\/de\/wp-json\/wp\/v2\/users\/9"}],"replies":[{"embeddable":true,"href":"https:\/\/elfsight.com\/de\/wp-json\/wp\/v2\/comments?post=7509"}],"version-history":[{"count":2,"href":"https:\/\/elfsight.com\/de\/wp-json\/wp\/v2\/pages\/7509\/revisions"}],"predecessor-version":[{"id":7540,"href":"https:\/\/elfsight.com\/de\/wp-json\/wp\/v2\/pages\/7509\/revisions\/7540"}],"up":[{"embeddable":true,"href":"https:\/\/elfsight.com\/de\/wp-json\/wp\/v2\/pages\/7447"}],"wp:attachment":[{"href":"https:\/\/elfsight.com\/de\/wp-json\/wp\/v2\/media?parent=7509"}],"curies":[{"name":"wp","href":"https:\/\/api.w.org\/{rel}","templated":true}]}}