{"id":6906,"date":"2021-12-17T11:53:50","date_gmt":"2021-12-17T11:53:50","guid":{"rendered":"https:\/\/elfsight.com\/de\/?page_id=6906"},"modified":"2021-12-20T11:40:48","modified_gmt":"2021-12-20T11:40:48","slug":"builderall-apps","status":"publish","type":"page","link":"https:\/\/elfsight.com\/de\/builderall-apps\/","title":{"rendered":"Builderall Apps"},"content":{"rendered":"\n<p>\u00dcber 9 Jahre hat Elfsight Kompanie viele v\u00f6llig praktischen und einfachen Plugins f\u00fcr Builderall  Websites entworfen. Mit Hilfe dieser Modulen k\u00f6nnen Sie viel mehr Leads sammeln, Ihren Gewinn steigern,jederzeit \u00fcber Chats mit Kunden in Kontakt bleiben und andere unternehmerischen Herausforderungen l\u00f6sen.<\/p> \n\n<p>Unsere Team liefert vielgestaltig Peiswahlen: von kostenfrei bis zu Premium.  Anreichern Ihre Website ohne zus\u00e4tzlichen Ausgaben.<\/p>\n\n\n<h2>Was macht unsere Builderall-Plugins so au\u00dfergew\u00f6hnlich?<\/h2>\n\n<p>Untersuchen Sie die nachstehende \u00dcbersicht der wichtigsten Leistungen:<\/p> \n<ul>\n<li> Kostenfreier Installationsservice des Apps;<\/li>\n\n<li>V\u00f6llig ansprechbare f\u00fcr jeden Bildschirm; <\/li>\n\n<li>Keine Kodierung;<\/li>\n\n<li>Eine Vielzahl von anpassbare und fertige Templates;<\/li>\n\n<li>Bequeme Benutzeroberfl\u00e4che;<\/li>\n\n<li>Die Cloud-L\u00f6sungen f\u00fcr hoher Ladegeschwindigkeit; <\/li>                                                                                                                \n\n<li>Die regelm\u00e4\u00dfige automatische Updat;<\/li> \n\n<li>Fachliche Hilfe von erfahrenen Elfsight Team.<\/li> \n<\/ul>\n\n<p>Starten  Sie mit gratis Plan. Bewerten Sie alle M\u00f6glichkeiten oder integrieren Sie richtiges App mit 20% Erm\u00e4ssigung. <\/p> \n\n<h2>Wie kann man ein App auf Builderall Website einf\u00fcgen?<\/h2> \n<p>Um ein Werkzeug auf der Web-Seite zu installieren, sehen Sie einfach die folgenden Anweisungen|folgen Sie einfach den Schritten: <\/p>\n<ol>\n<li>Bestimmen Sie das gew\u00fcnscht Werkzeug und passen Sie es an. Speichern Sie die \u00c4nderungen.<\/li> \n\n<li>Kopieren und f\u00fcgen Sie den Code hinzu um das App auf Ihrer Seite zu integrieren. <\/li>\n\n<li>Gemacht! Sie haben das Widget erfolgreich auf der Builderall Website eingebunden. <\/li>\n<\/ol>\n<p>Falls Sie eine kostenfreie Hilfe f\u00fcr die Einbindung des Widgets brauchen, dann unserer Unterst\u00fctzungsteam hilft Ihnen gerne weiter.<\/p>\n\n\n\n<p><\/p>\n","protected":false},"excerpt":{"rendered":"\u00dcber 9 Jahre hat Elfsight Kompanie viele v\u00f6llig praktischen und einfachen Plugins f\u00fcr Builderall Websites entworfen. Mit Hilfe dieser Modulen k\u00f6nnen Sie viel mehr Leads sammeln, Ihren Gewinn steigern,jederzeit \u00fcber Chats mit Kunden in Kontakt bleiben und andere unternehmerischen Herausforderungen l\u00f6sen. Unsere Team liefert vielgestaltig Peiswahlen: von kostenfrei bis zu&#8230;","protected":false},"author":13,"featured_media":0,"parent":0,"menu_order":0,"comment_status":"closed","ping_status":"closed","template":"templates\/template-platform.php","meta":{"publish_to_discourse":"","publish_post_category":"","wpdc_auto_publish_overridden":"","wpdc_topic_tags":"","wpdc_pin_topic":"","wpdc_pin_until":"","discourse_post_id":"","discourse_permalink":"","wpdc_publishing_response":"","wpdc_publishing_error":"","footnotes":""},"class_list":["post-6906","page","type-page","status-publish","hentry"],"yoast_head":"<!-- This site is optimized with the Yoast SEO plugin v25.3.1 - https:\/\/yoast.com\/wordpress\/plugins\/seo\/ -->\n<title>80+ beste Builderall-Apps | Die kostenlose Builderall-Integrationen [2025]<\/title>\n<meta name=\"description\" content=\"Die erstklassige Erweiterungen genau f\u00fcr Ihre Builderall Websites. Hilfe mit der Kunden Bezogenheit und unendliche Anzahl von Optionen.\" \/>\n<meta name=\"robots\" content=\"index, follow, max-snippet:-1, max-image-preview:large, max-video-preview:-1\" \/>\n<link rel=\"canonical\" href=\"https:\/\/elfsight.com\/de\/builderall-apps\/\" \/>\n<meta property=\"og:locale\" content=\"de_DE\" \/>\n<meta property=\"og:type\" content=\"article\" \/>\n<meta property=\"og:title\" content=\"80+ beste Builderall-Apps | Die kostenlose Builderall-Integrationen [2025]\" \/>\n<meta property=\"og:description\" content=\"Die erstklassige Erweiterungen genau f\u00fcr Ihre Builderall Websites. Hilfe mit der Kunden Bezogenheit und unendliche Anzahl von Optionen.\" \/>\n<meta property=\"og:url\" content=\"https:\/\/elfsight.com\/de\/builderall-apps\/\" \/>\n<meta property=\"og:site_name\" content=\"Elfsight DE\" \/>\n<meta property=\"article:modified_time\" content=\"2021-12-20T11:40:48+00:00\" \/>\n<meta name=\"twitter:card\" content=\"summary_large_image\" \/>\n<meta name=\"twitter:label1\" content=\"Gesch\u00e4tzte Lesezeit\" \/>\n\t<meta name=\"twitter:data1\" content=\"1\u00a0Minute\" \/>\n<!-- \/ Yoast SEO plugin. -->","yoast_head_json":{"title":"80+ beste Builderall-Apps | Die kostenlose Builderall-Integrationen [2025]","description":"Die erstklassige Erweiterungen genau f\u00fcr Ihre Builderall Websites. Hilfe mit der Kunden Bezogenheit und unendliche Anzahl von Optionen.","robots":{"index":"index","follow":"follow","max-snippet":"max-snippet:-1","max-image-preview":"max-image-preview:large","max-video-preview":"max-video-preview:-1"},"canonical":"https:\/\/elfsight.com\/de\/builderall-apps\/","og_locale":"de_DE","og_type":"article","og_title":"80+ beste Builderall-Apps | Die kostenlose Builderall-Integrationen [2025]","og_description":"Die erstklassige Erweiterungen genau f\u00fcr Ihre Builderall Websites. Hilfe mit der Kunden Bezogenheit und unendliche Anzahl von Optionen.","og_url":"https:\/\/elfsight.com\/de\/builderall-apps\/","og_site_name":"Elfsight DE","article_modified_time":"2021-12-20T11:40:48+00:00","twitter_card":"summary_large_image","twitter_misc":{"Gesch\u00e4tzte Lesezeit":"1\u00a0Minute"},"schema":{"@context":"https:\/\/schema.org","@graph":[{"@type":"WebPage","@id":"https:\/\/elfsight.com\/de\/builderall-apps\/","url":"https:\/\/elfsight.com\/de\/builderall-apps\/","name":"80+ beste Builderall-Apps | Die kostenlose Builderall-Integrationen [2025]","isPartOf":{"@id":"https:\/\/elfsight.com\/de\/#website"},"datePublished":"2021-12-17T11:53:50+00:00","dateModified":"2021-12-20T11:40:48+00:00","description":"Die erstklassige Erweiterungen genau f\u00fcr Ihre Builderall Websites. Hilfe mit der Kunden Bezogenheit und unendliche Anzahl von Optionen.","breadcrumb":{"@id":"https:\/\/elfsight.com\/de\/builderall-apps\/#breadcrumb"},"inLanguage":"de","potentialAction":[{"@type":"ReadAction","target":["https:\/\/elfsight.com\/de\/builderall-apps\/"]}]},{"@type":"BreadcrumbList","@id":"https:\/\/elfsight.com\/de\/builderall-apps\/#breadcrumb","itemListElement":[{"@type":"ListItem","position":1,"name":"Home","item":"https:\/\/elfsight.com\/de\/"},{"@type":"ListItem","position":2,"name":"Builderall Apps"}]},{"@type":"WebSite","@id":"https:\/\/elfsight.com\/de\/#website","url":"https:\/\/elfsight.com\/de\/","name":"Elfsight DE","description":"Just another Elfsight Sites site","potentialAction":[{"@type":"SearchAction","target":{"@type":"EntryPoint","urlTemplate":"https:\/\/elfsight.com\/de\/?s={search_term_string}"},"query-input":{"@type":"PropertyValueSpecification","valueRequired":true,"valueName":"search_term_string"}}],"inLanguage":"de"}]}},"meta_box":{"industry":"","seo_heading":"","heading":"","description":"","cta_heading":"","cta_description":"","application":"","h1":"Die beste Builderall Apps","h1_caption":"Dies ist die Serie von sch\u00f6nsten Apps f\u00fcr Internetseite, um Ihre Anwenderaktivit\u00e4ten zu bessern und wichtige gewerbliche Zweck zu erreichen. Die Integrationen kann bequem konfiguriert und aktiviert werden. Elfsight Firma liefert die unendliche Reihe von Optionen und die beeindruckende technische Support f\u00fcr alle Benutzer.","application_category":[],"applications_title":"Versuchen Sie alle problemlosen kostenfreien Builderall Apps auf der Vielfalt:","applications_request_title":"","applications_request_button_text":"","hero_text":"","hero_video":"","hero_video_schema_markup":"","selling_points_title":"","selling_points_caption":"","selling_points":[],"selling_points_cta_text":"","features_title":"","features":"","ed_cta_examples_text":"","ed_cta_examples_hidden":"","ed_cta_demo_text":"","ed_cta_demo_hidden":"","why_caption":"","why_editor_title":"","why_editor_text":"","why_team_title":"","why_team_text":"","why_service_title":"","why_service_text":"","template_catalog_visible":"","template_catalog_title":"","template_catalog_text":"","template_catalog_categories_visible":"","demo_title":"","demo_caption":"","default_faq_hidden":"","app_template_category":[],"platform":"6875","template_public_id":"","codecanyon_url":"","codecanyon_item_id":"","codecanyon_price":"","pricing_caption":"","pricing_elfsight_apps_hide_column":"","pricing_elfsight_apps_url":"","pricing_codecanyon_price_caption":"","integration_category":[],"integration_request_title":"","integration_request_cta":"","integration_platform":"","integrations":[],"platform_category":[],"video_schema_markup":"","price":"","trial":"","benefits":[],"button_url":"","button_target_blank":"","button_nofollow":"","attributes":[],"tags":[],"tags_disable_links":"","hide_more_platforms":"","video_object":"","demo_hide_cta":"","demo_hide_cloud_options":"","pricing_title":"","pricing":[],"related_apps_title":"","related_apps_hidden":"","author":"","image":[],"title":"","job":"","social_networks":[]},"_links":{"self":[{"href":"https:\/\/elfsight.com\/de\/wp-json\/wp\/v2\/pages\/6906","targetHints":{"allow":["GET"]}}],"collection":[{"href":"https:\/\/elfsight.com\/de\/wp-json\/wp\/v2\/pages"}],"about":[{"href":"https:\/\/elfsight.com\/de\/wp-json\/wp\/v2\/types\/page"}],"author":[{"embeddable":true,"href":"https:\/\/elfsight.com\/de\/wp-json\/wp\/v2\/users\/13"}],"replies":[{"embeddable":true,"href":"https:\/\/elfsight.com\/de\/wp-json\/wp\/v2\/comments?post=6906"}],"version-history":[{"count":3,"href":"https:\/\/elfsight.com\/de\/wp-json\/wp\/v2\/pages\/6906\/revisions"}],"predecessor-version":[{"id":6910,"href":"https:\/\/elfsight.com\/de\/wp-json\/wp\/v2\/pages\/6906\/revisions\/6910"}],"wp:attachment":[{"href":"https:\/\/elfsight.com\/de\/wp-json\/wp\/v2\/media?parent=6906"}],"curies":[{"name":"wp","href":"https:\/\/api.w.org\/{rel}","templated":true}]}}