{"id":6903,"date":"2021-12-17T11:49:43","date_gmt":"2021-12-17T11:49:43","guid":{"rendered":"https:\/\/elfsight.com\/de\/?page_id=6903"},"modified":"2021-12-17T12:08:59","modified_gmt":"2021-12-17T12:08:59","slug":"umbraco-plugins","status":"publish","type":"page","link":"https:\/\/elfsight.com\/de\/umbraco-plugins\/","title":{"rendered":"Umbraco plugins"},"content":{"rendered":"\n<h2>Passende smart Erweiterungen f\u00fcr Ihre Umbraco Webseite<\/h2>\n\n\n<p>F\u00fcr mehrere Jahre hat Elfsight Kompanie viele vollkommen praktischen und einfachen Werkzeuge f\u00fcr Umbraco  Websites entwickelt. Mit Hilfe Elfsight Apps k\u00f6nnen Sie den Umsatz steigern, den Ruf der Marke verbessern,jederzeit \u00fcber Chats mit Kunden in Kontakt bleiben und andere gesch\u00e4ftlichen Herausforderungen l\u00f6sen.<\/p> \n\n<p>Unsere Team pr\u00e4sentiert vielgestaltig Preisoptionen: von kostenlos bis zu Premium.  Anreichern Ihre Website ohne Zusatzausgaben.<\/p>\n\n\n<h2>Warum lieben viele Website-Eigent\u00fcmer unsere Widgets?<\/h2>\n\n<p>Betrachten  Sie die anschlie\u00dfende Sammlung der wesentlichen Merkmale:<\/p> \n<ul>\n<li> Gratis Installation-Support  des Apps;<\/li>\n\n<li>V\u00f6llig reaktionsschnelle f\u00fcr jedes Ger\u00e4t; <\/li>\n\n<li>Ohne Programmierung;<\/li>\n\n<li>Eine breite Palette von anpassbare und fertige Vorlagen;<\/li>\n\n<li>M\u00fchelose Benutzeroberfl\u00e4che;<\/li>\n\n<li>Die Cloud-L\u00f6sungen f\u00fcr hoher Ladegeschwindigkeit; <\/li>                                                                                                                \n\n<li>Die regelm\u00e4\u00dfige automatische Updat;<\/li> \n\n<li>Hochqualifizierte Hilfe von h\u00f6flichen Elfsight Team.<\/li> \n<\/ul>\n\n<p>Zugreifen  Sie mit kostenfreien Widget. Bewerten Sie alle Leistungsf\u00e4higkeiten oder erwerben Sie ein beliebiges App mit 20% Rabatt. <\/p> \n\n<h2>Wie kann ich ein Plugin auf Umbraco Website einbetten?<\/h2> \n<p>Um ein Plugin auf der Web-Seite zu integrieren, lesen Sie einfach die folgenden Anweisungen|folgen Sie einfach den Schritten: <\/p>\n<ol>\n<li>Finden Sie das richtigen Plugin und passen Sie es an. Klicken Sie auf Speichern.<\/li> \n\n<li>Kopieren und f\u00fcgen Sie den Code hinzu um das Plugin auf Ihrer Webseite einzubinden. <\/li>\n\n<li>Geschafft! Sie haben das Plugin erfolgreich auf der Umbraco Site installiert. <\/li>\n<\/ol>\n<p>Falls Sie eine kostenfreie Beratung ben\u00f6tigen, um das Widget einzubinden, dann unserer Support Team ist immer gl\u00fccklich, Ihnen zu helfen.<\/p>\n","protected":false},"excerpt":{"rendered":"Passende smart Erweiterungen f\u00fcr Ihre Umbraco Webseite F\u00fcr mehrere Jahre hat Elfsight Kompanie viele vollkommen praktischen und einfachen Werkzeuge f\u00fcr Umbraco Websites entwickelt. Mit Hilfe Elfsight Apps k\u00f6nnen Sie den Umsatz steigern, den Ruf der Marke verbessern,jederzeit \u00fcber Chats mit Kunden in Kontakt bleiben und andere gesch\u00e4ftlichen Herausforderungen l\u00f6sen. Unsere&#8230;","protected":false},"author":13,"featured_media":0,"parent":0,"menu_order":0,"comment_status":"closed","ping_status":"closed","template":"templates\/template-platform.php","meta":{"publish_to_discourse":"","publish_post_category":"","wpdc_auto_publish_overridden":"","wpdc_topic_tags":"","wpdc_pin_topic":"","wpdc_pin_until":"","discourse_post_id":"","discourse_permalink":"","wpdc_publishing_response":"","wpdc_publishing_error":"","footnotes":""},"class_list":["post-6903","page","type-page","status-publish","hentry"],"yoast_head":"<!-- This site is optimized with the Yoast SEO plugin v25.3.1 - https:\/\/yoast.com\/wordpress\/plugins\/seo\/ -->\n<title>80+ beste Umbraco-Plugins | Die Liste der kostenlosen Plugins [2025]<\/title>\n<meta name=\"description\" content=\"Die premium kostenfreien Integrationen besonders f\u00fcr Ihre Umbraco Websites. Hilfe mit der Personalisierung und grenzenlose M\u00f6glichkeiten.\" \/>\n<meta name=\"robots\" content=\"index, follow, max-snippet:-1, max-image-preview:large, max-video-preview:-1\" \/>\n<link rel=\"canonical\" href=\"https:\/\/elfsight.com\/de\/umbraco-plugins\/\" \/>\n<meta property=\"og:locale\" content=\"de_DE\" \/>\n<meta property=\"og:type\" content=\"article\" \/>\n<meta property=\"og:title\" content=\"80+ beste Umbraco-Plugins | Die Liste der kostenlosen Plugins [2025]\" \/>\n<meta property=\"og:description\" content=\"Die premium kostenfreien Integrationen besonders f\u00fcr Ihre Umbraco Websites. Hilfe mit der Personalisierung und grenzenlose M\u00f6glichkeiten.\" \/>\n<meta property=\"og:url\" content=\"https:\/\/elfsight.com\/de\/umbraco-plugins\/\" \/>\n<meta property=\"og:site_name\" content=\"Elfsight DE\" \/>\n<meta property=\"article:modified_time\" content=\"2021-12-17T12:08:59+00:00\" \/>\n<meta name=\"twitter:card\" content=\"summary_large_image\" \/>\n<meta name=\"twitter:label1\" content=\"Gesch\u00e4tzte Lesezeit\" \/>\n\t<meta name=\"twitter:data1\" content=\"1\u00a0Minute\" \/>\n<!-- \/ Yoast SEO plugin. -->","yoast_head_json":{"title":"80+ beste Umbraco-Plugins | Die Liste der kostenlosen Plugins [2025]","description":"Die premium kostenfreien Integrationen besonders f\u00fcr Ihre Umbraco Websites. Hilfe mit der Personalisierung und grenzenlose M\u00f6glichkeiten.","robots":{"index":"index","follow":"follow","max-snippet":"max-snippet:-1","max-image-preview":"max-image-preview:large","max-video-preview":"max-video-preview:-1"},"canonical":"https:\/\/elfsight.com\/de\/umbraco-plugins\/","og_locale":"de_DE","og_type":"article","og_title":"80+ beste Umbraco-Plugins | Die Liste der kostenlosen Plugins [2025]","og_description":"Die premium kostenfreien Integrationen besonders f\u00fcr Ihre Umbraco Websites. Hilfe mit der Personalisierung und grenzenlose M\u00f6glichkeiten.","og_url":"https:\/\/elfsight.com\/de\/umbraco-plugins\/","og_site_name":"Elfsight DE","article_modified_time":"2021-12-17T12:08:59+00:00","twitter_card":"summary_large_image","twitter_misc":{"Gesch\u00e4tzte Lesezeit":"1\u00a0Minute"},"schema":{"@context":"https:\/\/schema.org","@graph":[{"@type":"WebPage","@id":"https:\/\/elfsight.com\/de\/umbraco-plugins\/","url":"https:\/\/elfsight.com\/de\/umbraco-plugins\/","name":"80+ beste Umbraco-Plugins | Die Liste der kostenlosen Plugins [2025]","isPartOf":{"@id":"https:\/\/elfsight.com\/de\/#website"},"datePublished":"2021-12-17T11:49:43+00:00","dateModified":"2021-12-17T12:08:59+00:00","description":"Die premium kostenfreien Integrationen besonders f\u00fcr Ihre Umbraco Websites. Hilfe mit der Personalisierung und grenzenlose M\u00f6glichkeiten.","breadcrumb":{"@id":"https:\/\/elfsight.com\/de\/umbraco-plugins\/#breadcrumb"},"inLanguage":"de","potentialAction":[{"@type":"ReadAction","target":["https:\/\/elfsight.com\/de\/umbraco-plugins\/"]}]},{"@type":"BreadcrumbList","@id":"https:\/\/elfsight.com\/de\/umbraco-plugins\/#breadcrumb","itemListElement":[{"@type":"ListItem","position":1,"name":"Home","item":"https:\/\/elfsight.com\/de\/"},{"@type":"ListItem","position":2,"name":"Umbraco plugins"}]},{"@type":"WebSite","@id":"https:\/\/elfsight.com\/de\/#website","url":"https:\/\/elfsight.com\/de\/","name":"Elfsight DE","description":"Just another Elfsight Sites site","potentialAction":[{"@type":"SearchAction","target":{"@type":"EntryPoint","urlTemplate":"https:\/\/elfsight.com\/de\/?s={search_term_string}"},"query-input":{"@type":"PropertyValueSpecification","valueRequired":true,"valueName":"search_term_string"}}],"inLanguage":"de"}]}},"meta_box":{"industry":"","seo_heading":"","heading":"","description":"","cta_heading":"","cta_description":"","application":"","h1":"Die beste Umbraco Plugins","h1_caption":"Dies ist die Auflistung von erstklassigen Plugins f\u00fcr Internetseite, um seine Nutzerbindung zu st\u00e4rken und grunds\u00e4tzliche kommerzielle Zweck zu erzielen. Die s\u00e4mtliche Bedienelemente kann schnell benutzerdefiniert und eingebunden werden. Unsere Firma gew\u00e4hrt die grenzenlose Reihe von Features und die professionelle technische Support f\u00fcr alle Benutzer.","application_category":[],"applications_title":"Testen Sie alle hochwertigen kostenlosen Umbraco Werkzeuge auf der Sammlung:","applications_request_title":"K\u00f6nnen Sie das richtige Plugin nicht finden?","applications_request_button_text":"Fordern Sie ein Plugin an","hero_text":"","hero_video":"","hero_video_schema_markup":"","selling_points_title":"","selling_points_caption":"","selling_points":[],"selling_points_cta_text":"","features_title":"","features":"","ed_cta_examples_text":"","ed_cta_examples_hidden":"","ed_cta_demo_text":"","ed_cta_demo_hidden":"","why_caption":"","why_editor_title":"","why_editor_text":"","why_team_title":"","why_team_text":"","why_service_title":"","why_service_text":"","template_catalog_visible":"","template_catalog_title":"","template_catalog_text":"","template_catalog_categories_visible":"","demo_title":"","demo_caption":"","default_faq_hidden":"","app_template_category":[],"platform":"6873","template_public_id":"","codecanyon_url":"","codecanyon_item_id":"","codecanyon_price":"","pricing_caption":"","pricing_elfsight_apps_hide_column":"","pricing_elfsight_apps_url":"","pricing_codecanyon_price_caption":"","integration_category":[],"integration_request_title":"","integration_request_cta":"","integration_platform":"","integrations":[],"platform_category":[],"video_schema_markup":"","price":"","trial":"","benefits":[],"button_url":"","button_target_blank":"","button_nofollow":"","attributes":[],"tags":[],"tags_disable_links":"","hide_more_platforms":"","video_object":"","demo_hide_cta":"","demo_hide_cloud_options":"","pricing_title":"","pricing":[],"related_apps_title":"","related_apps_hidden":"","author":"","image":[],"title":"","job":"","social_networks":[]},"_links":{"self":[{"href":"https:\/\/elfsight.com\/de\/wp-json\/wp\/v2\/pages\/6903","targetHints":{"allow":["GET"]}}],"collection":[{"href":"https:\/\/elfsight.com\/de\/wp-json\/wp\/v2\/pages"}],"about":[{"href":"https:\/\/elfsight.com\/de\/wp-json\/wp\/v2\/types\/page"}],"author":[{"embeddable":true,"href":"https:\/\/elfsight.com\/de\/wp-json\/wp\/v2\/users\/13"}],"replies":[{"embeddable":true,"href":"https:\/\/elfsight.com\/de\/wp-json\/wp\/v2\/comments?post=6903"}],"version-history":[{"count":2,"href":"https:\/\/elfsight.com\/de\/wp-json\/wp\/v2\/pages\/6903\/revisions"}],"predecessor-version":[{"id":6905,"href":"https:\/\/elfsight.com\/de\/wp-json\/wp\/v2\/pages\/6903\/revisions\/6905"}],"wp:attachment":[{"href":"https:\/\/elfsight.com\/de\/wp-json\/wp\/v2\/media?parent=6903"}],"curies":[{"name":"wp","href":"https:\/\/api.w.org\/{rel}","templated":true}]}}