{"id":6900,"date":"2021-12-17T11:43:12","date_gmt":"2021-12-17T11:43:12","guid":{"rendered":"https:\/\/elfsight.com\/de\/?page_id=6900"},"modified":"2021-12-17T12:07:25","modified_gmt":"2021-12-17T12:07:25","slug":"standout-widgets","status":"publish","type":"page","link":"https:\/\/elfsight.com\/de\/standout-widgets\/","title":{"rendered":"Standout apps"},"content":{"rendered":"\n<h2>Passende reaktionsschnelle L\u00f6sungen  f\u00fcr Ihre STANDOUT Web-Seite<\/h2>\n\n\n<p>Seit einigen Jahren hat Elfsight Firma viele v\u00f6llig n\u00fctzlichen und gebrauchsfertigen L\u00f6sungen f\u00fcr STANDOUT  Websites entwickelt. Mit Hilfe der Apps k\u00f6nnen Sie den Umsatz steigern, Ihren Gewinn steigern,jederzeit \u00fcber Chats mit Kunden in Kontakt bleiben und andere gesch\u00e4ftlichen Herausforderungen l\u00f6sen.<\/p> \n\n<p>Unsere Team pr\u00e4sentiert eine breite Vielfalt von Preism\u00f6glichkeiten: von gratis bis zu Premium. St\u00e4rken Ihre Website-Funktionalit\u00e4t ohne Mehrkosten.<\/p>\n\n\n<h2>Warum brauchen viele Website-Betreibern unsere Widgets?<\/h2>\n\n<p>Betrachten  Sie die nachstehende Auswahl der herausragenden Merkmale:<\/p> \n<ul>\n<li>Gratis Unterst\u00fctzung bei der Integration  des Plugins;<\/li>\n\n<li>Ganz mobil-freundliche f\u00fcr jeden Bildschirm; <\/li>\n\n<li>Keine Programmierkenntnisse erforderlich;<\/li>\n\n<li>Eine gro\u00dfe Auswahl von anpassbare und benutzerfreundliche Vorlagen;<\/li>\n\n<li>Einfacher Konfigurator;<\/li>\n\n<li>Die Cloud-L\u00f6sungen f\u00fcr hoher Ladegeschwindigkeit; <\/li>                                                                                                                \n\n<li>Die regul\u00e4re automatische Aktualisierung;<\/li> \n\n<li>Schnelle Hilfe von h\u00f6flichen Elfsight Team.<\/li> \n<\/ul>\n\n<p>Zugreifen  Sie mit Demo-Widget. Sehen Sie alle M\u00f6glichkeiten oder kaufen Sie richtiges Widget mit 20% Erm\u00e4ssigung. <\/p> \n\n<h2>Wie kann man ein Widget auf STANDOUT Website integrieren?<\/h2> \n<p>Um ein Widget auf der Webseite zu installieren, lesen Sie einfach die folgenden Anweisungen|folgen Sie einfach den Schritten: <\/p>\n<ol>\n<li>Bestimmen Sie das richtig Werkzeug und \u00e4ndern Sie die Einstellungen. Klicken Sie auf Speichern.<\/li> \n\n<li>F\u00fcgen Sie Code hinzu um das Widget auf Ihrer Website einzubinden. <\/li>\n\n<li>Plugin-Installation ist erfolgreich durchgef\u00fchrt!. <\/li>\n<\/ol>\n<p>Falls Sie eine kostenlose Hilfe brauchen, um das Widget zu integrieren, dann k\u00f6nnen Sie sich unseren technischenElfsight Support wenden.<\/p>\n","protected":false},"excerpt":{"rendered":"Passende reaktionsschnelle L\u00f6sungen f\u00fcr Ihre STANDOUT Web-Seite Seit einigen Jahren hat Elfsight Firma viele v\u00f6llig n\u00fctzlichen und gebrauchsfertigen L\u00f6sungen f\u00fcr STANDOUT Websites entwickelt. Mit Hilfe der Apps k\u00f6nnen Sie den Umsatz steigern, Ihren Gewinn steigern,jederzeit \u00fcber Chats mit Kunden in Kontakt bleiben und andere gesch\u00e4ftlichen Herausforderungen l\u00f6sen. Unsere Team pr\u00e4sentiert&#8230;","protected":false},"author":13,"featured_media":0,"parent":0,"menu_order":0,"comment_status":"closed","ping_status":"closed","template":"templates\/template-platform.php","meta":{"publish_to_discourse":"","publish_post_category":"","wpdc_auto_publish_overridden":"","wpdc_topic_tags":"","wpdc_pin_topic":"","wpdc_pin_until":"","discourse_post_id":"","discourse_permalink":"","wpdc_publishing_response":"","wpdc_publishing_error":"","footnotes":""},"class_list":["post-6900","page","type-page","status-publish","hentry"],"yoast_head":"<!-- This site is optimized with the Yoast SEO plugin v25.3.1 - https:\/\/yoast.com\/wordpress\/plugins\/seo\/ -->\n<title>80+ beste herausragende Widgets | Die Standout-Integrationen [2025]<\/title>\n<meta name=\"description\" content=\"Eine Liste von besseren kostenlosen Apps gerade f\u00fcr Ihre STANDOUT Websites. Hilfe zu der Anpassung und unbegrenzte Reihe von Funktionen.\" \/>\n<meta name=\"robots\" content=\"index, follow, max-snippet:-1, max-image-preview:large, max-video-preview:-1\" \/>\n<link rel=\"canonical\" href=\"https:\/\/elfsight.com\/de\/standout-widgets\/\" \/>\n<meta property=\"og:locale\" content=\"de_DE\" \/>\n<meta property=\"og:type\" content=\"article\" \/>\n<meta property=\"og:title\" content=\"80+ beste herausragende Widgets | Die Standout-Integrationen [2025]\" \/>\n<meta property=\"og:description\" content=\"Eine Liste von besseren kostenlosen Apps gerade f\u00fcr Ihre STANDOUT Websites. Hilfe zu der Anpassung und unbegrenzte Reihe von Funktionen.\" \/>\n<meta property=\"og:url\" content=\"https:\/\/elfsight.com\/de\/standout-widgets\/\" \/>\n<meta property=\"og:site_name\" content=\"Elfsight DE\" \/>\n<meta property=\"article:modified_time\" content=\"2021-12-17T12:07:25+00:00\" \/>\n<meta name=\"twitter:card\" content=\"summary_large_image\" \/>\n<meta name=\"twitter:label1\" content=\"Gesch\u00e4tzte Lesezeit\" \/>\n\t<meta name=\"twitter:data1\" content=\"1\u00a0Minute\" \/>\n<!-- \/ Yoast SEO plugin. -->","yoast_head_json":{"title":"80+ beste herausragende Widgets | Die Standout-Integrationen [2025]","description":"Eine Liste von besseren kostenlosen Apps gerade f\u00fcr Ihre STANDOUT Websites. Hilfe zu der Anpassung und unbegrenzte Reihe von Funktionen.","robots":{"index":"index","follow":"follow","max-snippet":"max-snippet:-1","max-image-preview":"max-image-preview:large","max-video-preview":"max-video-preview:-1"},"canonical":"https:\/\/elfsight.com\/de\/standout-widgets\/","og_locale":"de_DE","og_type":"article","og_title":"80+ beste herausragende Widgets | Die Standout-Integrationen [2025]","og_description":"Eine Liste von besseren kostenlosen Apps gerade f\u00fcr Ihre STANDOUT Websites. Hilfe zu der Anpassung und unbegrenzte Reihe von Funktionen.","og_url":"https:\/\/elfsight.com\/de\/standout-widgets\/","og_site_name":"Elfsight DE","article_modified_time":"2021-12-17T12:07:25+00:00","twitter_card":"summary_large_image","twitter_misc":{"Gesch\u00e4tzte Lesezeit":"1\u00a0Minute"},"schema":{"@context":"https:\/\/schema.org","@graph":[{"@type":"WebPage","@id":"https:\/\/elfsight.com\/de\/standout-widgets\/","url":"https:\/\/elfsight.com\/de\/standout-widgets\/","name":"80+ beste herausragende Widgets | Die Standout-Integrationen [2025]","isPartOf":{"@id":"https:\/\/elfsight.com\/de\/#website"},"datePublished":"2021-12-17T11:43:12+00:00","dateModified":"2021-12-17T12:07:25+00:00","description":"Eine Liste von besseren kostenlosen Apps gerade f\u00fcr Ihre STANDOUT Websites. Hilfe zu der Anpassung und unbegrenzte Reihe von Funktionen.","breadcrumb":{"@id":"https:\/\/elfsight.com\/de\/standout-widgets\/#breadcrumb"},"inLanguage":"de","potentialAction":[{"@type":"ReadAction","target":["https:\/\/elfsight.com\/de\/standout-widgets\/"]}]},{"@type":"BreadcrumbList","@id":"https:\/\/elfsight.com\/de\/standout-widgets\/#breadcrumb","itemListElement":[{"@type":"ListItem","position":1,"name":"Home","item":"https:\/\/elfsight.com\/de\/"},{"@type":"ListItem","position":2,"name":"Standout apps"}]},{"@type":"WebSite","@id":"https:\/\/elfsight.com\/de\/#website","url":"https:\/\/elfsight.com\/de\/","name":"Elfsight DE","description":"Just another Elfsight Sites site","potentialAction":[{"@type":"SearchAction","target":{"@type":"EntryPoint","urlTemplate":"https:\/\/elfsight.com\/de\/?s={search_term_string}"},"query-input":{"@type":"PropertyValueSpecification","valueRequired":true,"valueName":"search_term_string"}}],"inLanguage":"de"}]}},"meta_box":{"industry":"","seo_heading":"","heading":"","description":"","cta_heading":"","cta_description":"","application":"","h1":"Die beste STANDOUT Widgets","h1_caption":"Dies ist die Sammlung von schl\u00fcsselfertigen Plugins f\u00fcr Web-Seite, um seine Anwenderaktivit\u00e4ten zu steigern und grunds\u00e4tzliche kommerzielle Ziele zu erzielen. Die s\u00e4mtliche Plugins kann einfach angepasst und eingebunden werden. Elfsight Kompanie bietet die grenzenlose Reihe von Optionen und die beeindruckende technische Support f\u00fcr alle Kunden.","application_category":[],"applications_title":"Erforschen Sie alle einsatzbereiten kostenfreien STANDOUT L\u00f6sungen auf der Sammlung:","applications_request_title":"K\u00f6nnen Sie die richtige App nicht finden?","applications_request_button_text":"Fordern Sie eine App an","hero_text":"","hero_video":"","hero_video_schema_markup":"","selling_points_title":"","selling_points_caption":"","selling_points":[],"selling_points_cta_text":"","features_title":"","features":"","ed_cta_examples_text":"","ed_cta_examples_hidden":"","ed_cta_demo_text":"","ed_cta_demo_hidden":"","why_caption":"","why_editor_title":"","why_editor_text":"","why_team_title":"","why_team_text":"","why_service_title":"","why_service_text":"","template_catalog_visible":"","template_catalog_title":"","template_catalog_text":"","template_catalog_categories_visible":"","demo_title":"","demo_caption":"","default_faq_hidden":"","app_template_category":[],"platform":"6872","template_public_id":"","codecanyon_url":"","codecanyon_item_id":"","codecanyon_price":"","pricing_caption":"","pricing_elfsight_apps_hide_column":"","pricing_elfsight_apps_url":"","pricing_codecanyon_price_caption":"","integration_category":[],"integration_request_title":"","integration_request_cta":"","integration_platform":"","integrations":[],"platform_category":[],"video_schema_markup":"","price":"","trial":"","benefits":[],"button_url":"","button_target_blank":"","button_nofollow":"","attributes":[],"tags":[],"tags_disable_links":"","hide_more_platforms":"","video_object":"","demo_hide_cta":"","demo_hide_cloud_options":"","pricing_title":"","pricing":[],"related_apps_title":"","related_apps_hidden":"","author":"","image":[],"title":"","job":"","social_networks":[]},"_links":{"self":[{"href":"https:\/\/elfsight.com\/de\/wp-json\/wp\/v2\/pages\/6900","targetHints":{"allow":["GET"]}}],"collection":[{"href":"https:\/\/elfsight.com\/de\/wp-json\/wp\/v2\/pages"}],"about":[{"href":"https:\/\/elfsight.com\/de\/wp-json\/wp\/v2\/types\/page"}],"author":[{"embeddable":true,"href":"https:\/\/elfsight.com\/de\/wp-json\/wp\/v2\/users\/13"}],"replies":[{"embeddable":true,"href":"https:\/\/elfsight.com\/de\/wp-json\/wp\/v2\/comments?post=6900"}],"version-history":[{"count":2,"href":"https:\/\/elfsight.com\/de\/wp-json\/wp\/v2\/pages\/6900\/revisions"}],"predecessor-version":[{"id":6902,"href":"https:\/\/elfsight.com\/de\/wp-json\/wp\/v2\/pages\/6900\/revisions\/6902"}],"wp:attachment":[{"href":"https:\/\/elfsight.com\/de\/wp-json\/wp\/v2\/media?parent=6900"}],"curies":[{"name":"wp","href":"https:\/\/api.w.org\/{rel}","templated":true}]}}