{"id":6897,"date":"2021-12-17T11:39:11","date_gmt":"2021-12-17T11:39:11","guid":{"rendered":"https:\/\/elfsight.com\/de\/?page_id=6897"},"modified":"2021-12-17T12:05:52","modified_gmt":"2021-12-17T12:05:52","slug":"sitejet-widgets","status":"publish","type":"page","link":"https:\/\/elfsight.com\/de\/sitejet-widgets\/","title":{"rendered":"Sitejet widgets"},"content":{"rendered":"\n<h2>Beste intelligente L\u00f6sungen  f\u00fcr Ihre Sitejet Website<\/h2>\n\n\n<p>F\u00fcr viele Jahre hat Elfsight  viele vollkommen n\u00fctzlichen und responsiven L\u00f6sungen f\u00fcr Sitejet  Websites entworfen. Mit Hilfe der Widgets k\u00f6nnen Sie die Benutzerinteraktion erh\u00f6hen, die Funktionalit\u00e4t der Website verbessern,Kundenbewertungen aus sozialen Medien anzeigen und andere gesch\u00e4ftlichen Herausforderungen l\u00f6sen.<\/p> \n\n<p>Unsere Team liefert eine breite Vielfalt von Preism\u00f6glichkeiten: von gratis bis zu Premium. Erweitern Ihre Website-Funktionalit\u00e4t ohne zus\u00e4tzlichen Kosten.<\/p>\n\n\n<h2>Warum lieben viele Website-Eigent\u00fcmer unsere Widgets?<\/h2>\n\n<p>Betrachten  Sie die folgende Auswahl der ausstehenden Merkmale:<\/p> \n<ul>\n<li>Kostenfreie Installationsunterst\u00fctzung  des Plugins;<\/li>\n\n<li>V\u00f6llig ansprechende f\u00fcr jedes Ger\u00e4t; <\/li>\n\n<li>Keine Kodierung;<\/li>\n\n<li>Eine breite Palette von anpassbare und fertige Schablonen;<\/li>\n\n<li>Leicht zu bedienende Konfigurator;<\/li>\n\n<li>Die Cloud-basierte Services f\u00fcr hoher Ladegeschwindigkeit; <\/li>                                                                                                                \n\n<li>Die regelm\u00e4\u00dfige automatische Aktualisierung;<\/li> \n\n<li>Hochqualifizierte Unterst\u00fctzung von freundlichen Elfsight Team.<\/li> \n<\/ul>\n\n<p>Zugreifen  Sie mit  unentgeltlichen Plan. Entdecken Sie alle Potenzial oder erwerben Sie richtiges Plugin mit 20% Rabatt. <\/p> \n\n<h2>Wie kann man ein Widget auf Sitejet Website einf\u00fcgen?<\/h2> \n<p>Um ein Widget auf der Website zu integrieren, lesen Sie einfach die folgenden Anweisungen|folgen Sie einfach den Schritten: <\/p>\n<ol>\n<li>Bestimmen Sie das optimal Werkzeug und passen Sie es an. Speichern Sie die \u00c4nderungen.<\/li> \n\n<li>Kopieren und f\u00fcgen Sie den Code hinzu um das Widget auf Ihrer Website einzubinden. <\/li>\n\n<li>Widget-Einbindung ist erfolgreich absolviert!. <\/li>\n<\/ol>\n<p>Falls Sie eine kostenfreie Beratung f\u00fcr die Integration des Widgets bed\u00fcrfen, dann k\u00f6nnen Sie sich unseren professionellen Elfsight Support wenden.<\/p>\n","protected":false},"excerpt":{"rendered":"Beste intelligente L\u00f6sungen f\u00fcr Ihre Sitejet Website F\u00fcr viele Jahre hat Elfsight viele vollkommen n\u00fctzlichen und responsiven L\u00f6sungen f\u00fcr Sitejet Websites entworfen. Mit Hilfe der Widgets k\u00f6nnen Sie die Benutzerinteraktion erh\u00f6hen, die Funktionalit\u00e4t der Website verbessern,Kundenbewertungen aus sozialen Medien anzeigen und andere gesch\u00e4ftlichen Herausforderungen l\u00f6sen. Unsere Team liefert eine breite&#8230;","protected":false},"author":13,"featured_media":0,"parent":0,"menu_order":0,"comment_status":"closed","ping_status":"closed","template":"templates\/template-platform.php","meta":{"publish_to_discourse":"","publish_post_category":"","wpdc_auto_publish_overridden":"","wpdc_topic_tags":"","wpdc_pin_topic":"","wpdc_pin_until":"","discourse_post_id":"","discourse_permalink":"","wpdc_publishing_response":"","wpdc_publishing_error":"","footnotes":""},"class_list":["post-6897","page","type-page","status-publish","hentry"],"yoast_head":"<!-- This site is optimized with the Yoast SEO plugin v25.3.1 - https:\/\/yoast.com\/wordpress\/plugins\/seo\/ -->\n<title>80+ beste SiteJet-Widgets | Die Liste der Sitejet-Widgets [2025]<\/title>\n<meta name=\"description\" content=\"Die hochwertigen kostenfreien Plugins speziell f\u00fcr Ihre Sitejet Websites. Hilfe zu der Individualisierung und unbegrenzte M\u00f6glichkeiten.\" \/>\n<meta name=\"robots\" content=\"index, follow, max-snippet:-1, max-image-preview:large, max-video-preview:-1\" \/>\n<link rel=\"canonical\" href=\"https:\/\/elfsight.com\/de\/sitejet-widgets\/\" \/>\n<meta property=\"og:locale\" content=\"de_DE\" \/>\n<meta property=\"og:type\" content=\"article\" \/>\n<meta property=\"og:title\" content=\"80+ beste SiteJet-Widgets | Die Liste der Sitejet-Widgets [2025]\" \/>\n<meta property=\"og:description\" content=\"Die hochwertigen kostenfreien Plugins speziell f\u00fcr Ihre Sitejet Websites. Hilfe zu der Individualisierung und unbegrenzte M\u00f6glichkeiten.\" \/>\n<meta property=\"og:url\" content=\"https:\/\/elfsight.com\/de\/sitejet-widgets\/\" \/>\n<meta property=\"og:site_name\" content=\"Elfsight DE\" \/>\n<meta property=\"article:modified_time\" content=\"2021-12-17T12:05:52+00:00\" \/>\n<meta name=\"twitter:card\" content=\"summary_large_image\" \/>\n<meta name=\"twitter:label1\" content=\"Gesch\u00e4tzte Lesezeit\" \/>\n\t<meta name=\"twitter:data1\" content=\"1\u00a0Minute\" \/>\n<!-- \/ Yoast SEO plugin. -->","yoast_head_json":{"title":"80+ beste SiteJet-Widgets | Die Liste der Sitejet-Widgets [2025]","description":"Die hochwertigen kostenfreien Plugins speziell f\u00fcr Ihre Sitejet Websites. Hilfe zu der Individualisierung und unbegrenzte M\u00f6glichkeiten.","robots":{"index":"index","follow":"follow","max-snippet":"max-snippet:-1","max-image-preview":"max-image-preview:large","max-video-preview":"max-video-preview:-1"},"canonical":"https:\/\/elfsight.com\/de\/sitejet-widgets\/","og_locale":"de_DE","og_type":"article","og_title":"80+ beste SiteJet-Widgets | Die Liste der Sitejet-Widgets [2025]","og_description":"Die hochwertigen kostenfreien Plugins speziell f\u00fcr Ihre Sitejet Websites. Hilfe zu der Individualisierung und unbegrenzte M\u00f6glichkeiten.","og_url":"https:\/\/elfsight.com\/de\/sitejet-widgets\/","og_site_name":"Elfsight DE","article_modified_time":"2021-12-17T12:05:52+00:00","twitter_card":"summary_large_image","twitter_misc":{"Gesch\u00e4tzte Lesezeit":"1\u00a0Minute"},"schema":{"@context":"https:\/\/schema.org","@graph":[{"@type":"WebPage","@id":"https:\/\/elfsight.com\/de\/sitejet-widgets\/","url":"https:\/\/elfsight.com\/de\/sitejet-widgets\/","name":"80+ beste SiteJet-Widgets | Die Liste der Sitejet-Widgets [2025]","isPartOf":{"@id":"https:\/\/elfsight.com\/de\/#website"},"datePublished":"2021-12-17T11:39:11+00:00","dateModified":"2021-12-17T12:05:52+00:00","description":"Die hochwertigen kostenfreien Plugins speziell f\u00fcr Ihre Sitejet Websites. Hilfe zu der Individualisierung und unbegrenzte M\u00f6glichkeiten.","breadcrumb":{"@id":"https:\/\/elfsight.com\/de\/sitejet-widgets\/#breadcrumb"},"inLanguage":"de","potentialAction":[{"@type":"ReadAction","target":["https:\/\/elfsight.com\/de\/sitejet-widgets\/"]}]},{"@type":"BreadcrumbList","@id":"https:\/\/elfsight.com\/de\/sitejet-widgets\/#breadcrumb","itemListElement":[{"@type":"ListItem","position":1,"name":"Home","item":"https:\/\/elfsight.com\/de\/"},{"@type":"ListItem","position":2,"name":"Sitejet widgets"}]},{"@type":"WebSite","@id":"https:\/\/elfsight.com\/de\/#website","url":"https:\/\/elfsight.com\/de\/","name":"Elfsight DE","description":"Just another Elfsight Sites site","potentialAction":[{"@type":"SearchAction","target":{"@type":"EntryPoint","urlTemplate":"https:\/\/elfsight.com\/de\/?s={search_term_string}"},"query-input":{"@type":"PropertyValueSpecification","valueRequired":true,"valueName":"search_term_string"}}],"inLanguage":"de"}]}},"meta_box":{"industry":"","seo_heading":"","heading":"","description":"","cta_heading":"","cta_description":"","application":"","h1":"Die beste Sitejet Widjets","h1_caption":"Dies ist die \u00dcbersicht von gebrauchsfertigen Plugins f\u00fcr Webseite, um seine Konversion zu erh\u00f6hen und grundlegende gewerbliche Ziele zu erzielen. Diese Werkzeuge kann einfach angepasst und installiert werden. Elfsight Kompanie erm\u00f6glicht die unbegrenzte Reihe von Features und die qualifizierte technische Support f\u00fcr alle Benutzer.","application_category":[],"applications_title":"Untersuchen Sie alle problemlosen kostenfreien Sitejet L\u00f6sungen aus der Auswahl:","applications_request_title":"K\u00f6nnen Sie das richtige Widget nicht finden?","applications_request_button_text":"Fordern Sie ein Widget an","hero_text":"","hero_video":"","hero_video_schema_markup":"","selling_points_title":"","selling_points_caption":"","selling_points":[],"selling_points_cta_text":"","features_title":"","features":"","ed_cta_examples_text":"","ed_cta_examples_hidden":"","ed_cta_demo_text":"","ed_cta_demo_hidden":"","why_caption":"","why_editor_title":"","why_editor_text":"","why_team_title":"","why_team_text":"","why_service_title":"","why_service_text":"","template_catalog_visible":"","template_catalog_title":"","template_catalog_text":"","template_catalog_categories_visible":"","demo_title":"","demo_caption":"","default_faq_hidden":"","app_template_category":[],"platform":"6871","template_public_id":"","codecanyon_url":"","codecanyon_item_id":"","codecanyon_price":"","pricing_caption":"","pricing_elfsight_apps_hide_column":"","pricing_elfsight_apps_url":"","pricing_codecanyon_price_caption":"","integration_category":[],"integration_request_title":"","integration_request_cta":"","integration_platform":"","integrations":[],"platform_category":[],"video_schema_markup":"","price":"","trial":"","benefits":[],"button_url":"","button_target_blank":"","button_nofollow":"","attributes":[],"tags":[],"tags_disable_links":"","hide_more_platforms":"","video_object":"","demo_hide_cta":"","demo_hide_cloud_options":"","pricing_title":"","pricing":[],"related_apps_title":"","related_apps_hidden":"","author":"","image":[],"title":"","job":"","social_networks":[]},"_links":{"self":[{"href":"https:\/\/elfsight.com\/de\/wp-json\/wp\/v2\/pages\/6897","targetHints":{"allow":["GET"]}}],"collection":[{"href":"https:\/\/elfsight.com\/de\/wp-json\/wp\/v2\/pages"}],"about":[{"href":"https:\/\/elfsight.com\/de\/wp-json\/wp\/v2\/types\/page"}],"author":[{"embeddable":true,"href":"https:\/\/elfsight.com\/de\/wp-json\/wp\/v2\/users\/13"}],"replies":[{"embeddable":true,"href":"https:\/\/elfsight.com\/de\/wp-json\/wp\/v2\/comments?post=6897"}],"version-history":[{"count":2,"href":"https:\/\/elfsight.com\/de\/wp-json\/wp\/v2\/pages\/6897\/revisions"}],"predecessor-version":[{"id":6899,"href":"https:\/\/elfsight.com\/de\/wp-json\/wp\/v2\/pages\/6897\/revisions\/6899"}],"wp:attachment":[{"href":"https:\/\/elfsight.com\/de\/wp-json\/wp\/v2\/media?parent=6897"}],"curies":[{"name":"wp","href":"https:\/\/api.w.org\/{rel}","templated":true}]}}