{"id":6882,"date":"2021-12-17T09:12:16","date_gmt":"2021-12-17T09:12:16","guid":{"rendered":"https:\/\/elfsight.com\/de\/?page_id=6882"},"modified":"2021-12-17T11:58:47","modified_gmt":"2021-12-17T11:58:47","slug":"laravel-modules","status":"publish","type":"page","link":"https:\/\/elfsight.com\/de\/laravel-modules\/","title":{"rendered":"Laravel Modules"},"content":{"rendered":"\n<h2>Perfekte responsive Erweiterungen f\u00fcr Ihre Laravel Website<\/h2>\n\n\n<p>F\u00fcr einige Jahre hat Elfsight  viele absolut effizienten und smart Plugins f\u00fcr Laravel  Webseiten gebaut. Mit Hilfe unserer Apps k\u00f6nnen Sie den Umsatz steigern, Ihren Gewinn steigern,Ihr Gesch\u00e4ft schneller ausbauen und andere gesch\u00e4ftlichen Herausforderungen l\u00f6sen.<\/p> \n\n<p>Elfsight Team leistet eine gro\u00dfe Vielfalt von Preisoptionen: von kostenfrei bis zu Premium. Verbessern Ihre Website-Funktionalit\u00e4t ohne zus\u00e4tzlichen Ausgaben.<\/p>\n\n\n<h2>Warum lieben viele Website-Eigent\u00fcmer unsere Widgets?<\/h2>\n\n<p>Hier sind die folgende \u00dcbersicht der bestimmten Vorteile:<\/p> \n<ul>\n<li>Kostenfreie Hilfe zur Integration  des Apps;<\/li>\n\n<li>V\u00f6llig ansprechende f\u00fcr jedes Ger\u00e4t; <\/li>\n\n<li>Ohne Codierung;<\/li>\n\n<li>Eine gro\u00dfe Auswahl von anpassbare und fertige Vorlagen;<\/li>\n\n<li>Leicht zu bedienende Konfigurator;<\/li>\n\n<li>Die Cloud-L\u00f6sungen f\u00fcr hoher Ladegeschwindigkeit; <\/li>                                                                                                                \n\n<li>Die regul\u00e4re automatische Updat;<\/li> \n\n<li>Hochqualifizierte Hilfe von erfahrenen Elfsight Team.<\/li> \n<\/ul>\n\n<p> Probieren  Sie mit kostenfreien Version. Schauen Sie alle Potenzial oder kaufen Sie richtiges Widget mit 20% Erm\u00e4ssigung. <\/p> \n\n<h2>Wie kann man eine App auf Laravel Website hinzuf\u00fcgen?<\/h2> \n<p>Um eine App auf der Website einzubinden, lesen Sie einfach die folgenden Anweisungen|folgen Sie einfach den Schritten: <\/p>\n<ol>\n<li>Finden Sie das gew\u00fcnscht Werkzeug und \u00e4ndern Sie die Einstellungen. Speichern Sie die \u00c4nderungen.<\/li> \n\n<li>Kopieren und f\u00fcgen Sie den Code hinzu um die App auf Ihrer Webseite einzubinden. <\/li>\n\n<li>Widget-Integrierung ist erfolgreich durchgef\u00fchrt!. <\/li>\n<\/ol>\n<p>Wenn Sie eine kostenfreie Hilfe bed\u00fcrfen, um das Modul hinzuzuf\u00fcgen, dann k\u00f6nnen Sie sich unseren technischen Elfsight Support wenden.<\/p>\n","protected":false},"excerpt":{"rendered":"Perfekte responsive Erweiterungen f\u00fcr Ihre Laravel Website F\u00fcr einige Jahre hat Elfsight viele absolut effizienten und smart Plugins f\u00fcr Laravel Webseiten gebaut. Mit Hilfe unserer Apps k\u00f6nnen Sie den Umsatz steigern, Ihren Gewinn steigern,Ihr Gesch\u00e4ft schneller ausbauen und andere gesch\u00e4ftlichen Herausforderungen l\u00f6sen. Elfsight Team leistet eine gro\u00dfe Vielfalt von Preisoptionen:&#8230;","protected":false},"author":13,"featured_media":0,"parent":0,"menu_order":0,"comment_status":"closed","ping_status":"closed","template":"templates\/template-platform.php","meta":{"publish_to_discourse":"","publish_post_category":"","wpdc_auto_publish_overridden":"","wpdc_topic_tags":"","wpdc_pin_topic":"","wpdc_pin_until":"","discourse_post_id":"","discourse_permalink":"","wpdc_publishing_response":"","wpdc_publishing_error":"","footnotes":""},"class_list":["post-6882","page","type-page","status-publish","hentry"],"yoast_head":"<!-- This site is optimized with the Yoast SEO plugin v25.3.1 - https:\/\/yoast.com\/wordpress\/plugins\/seo\/ -->\n<title>80+ beste Laravel-Module| Die Liste der kostenlosen Laravel-Apps [2025]<\/title>\n<meta name=\"description\" content=\"Die schl\u00fcsselfertigen kostenlosen Apps speziell f\u00fcr Ihre Laravel Websites. Hilfe bei der Individualisierung und unbeschr\u00e4nkte M\u00f6glichkeiten.\" \/>\n<meta name=\"robots\" content=\"index, follow, max-snippet:-1, max-image-preview:large, max-video-preview:-1\" \/>\n<link rel=\"canonical\" href=\"https:\/\/elfsight.com\/de\/laravel-modules\/\" \/>\n<meta property=\"og:locale\" content=\"de_DE\" \/>\n<meta property=\"og:type\" content=\"article\" \/>\n<meta property=\"og:title\" content=\"80+ beste Laravel-Module| Die Liste der kostenlosen Laravel-Apps [2025]\" \/>\n<meta property=\"og:description\" content=\"Die schl\u00fcsselfertigen kostenlosen Apps speziell f\u00fcr Ihre Laravel Websites. Hilfe bei der Individualisierung und unbeschr\u00e4nkte M\u00f6glichkeiten.\" \/>\n<meta property=\"og:url\" content=\"https:\/\/elfsight.com\/de\/laravel-modules\/\" \/>\n<meta property=\"og:site_name\" content=\"Elfsight DE\" \/>\n<meta property=\"article:modified_time\" content=\"2021-12-17T11:58:47+00:00\" \/>\n<meta name=\"twitter:card\" content=\"summary_large_image\" \/>\n<meta name=\"twitter:label1\" content=\"Gesch\u00e4tzte Lesezeit\" \/>\n\t<meta name=\"twitter:data1\" content=\"1\u00a0Minute\" \/>\n<!-- \/ Yoast SEO plugin. -->","yoast_head_json":{"title":"80+ beste Laravel-Module| Die Liste der kostenlosen Laravel-Apps [2025]","description":"Die schl\u00fcsselfertigen kostenlosen Apps speziell f\u00fcr Ihre Laravel Websites. Hilfe bei der Individualisierung und unbeschr\u00e4nkte M\u00f6glichkeiten.","robots":{"index":"index","follow":"follow","max-snippet":"max-snippet:-1","max-image-preview":"max-image-preview:large","max-video-preview":"max-video-preview:-1"},"canonical":"https:\/\/elfsight.com\/de\/laravel-modules\/","og_locale":"de_DE","og_type":"article","og_title":"80+ beste Laravel-Module| Die Liste der kostenlosen Laravel-Apps [2025]","og_description":"Die schl\u00fcsselfertigen kostenlosen Apps speziell f\u00fcr Ihre Laravel Websites. Hilfe bei der Individualisierung und unbeschr\u00e4nkte M\u00f6glichkeiten.","og_url":"https:\/\/elfsight.com\/de\/laravel-modules\/","og_site_name":"Elfsight DE","article_modified_time":"2021-12-17T11:58:47+00:00","twitter_card":"summary_large_image","twitter_misc":{"Gesch\u00e4tzte Lesezeit":"1\u00a0Minute"},"schema":{"@context":"https:\/\/schema.org","@graph":[{"@type":"WebPage","@id":"https:\/\/elfsight.com\/de\/laravel-modules\/","url":"https:\/\/elfsight.com\/de\/laravel-modules\/","name":"80+ beste Laravel-Module| Die Liste der kostenlosen Laravel-Apps [2025]","isPartOf":{"@id":"https:\/\/elfsight.com\/de\/#website"},"datePublished":"2021-12-17T09:12:16+00:00","dateModified":"2021-12-17T11:58:47+00:00","description":"Die schl\u00fcsselfertigen kostenlosen Apps speziell f\u00fcr Ihre Laravel Websites. Hilfe bei der Individualisierung und unbeschr\u00e4nkte M\u00f6glichkeiten.","breadcrumb":{"@id":"https:\/\/elfsight.com\/de\/laravel-modules\/#breadcrumb"},"inLanguage":"de","potentialAction":[{"@type":"ReadAction","target":["https:\/\/elfsight.com\/de\/laravel-modules\/"]}]},{"@type":"BreadcrumbList","@id":"https:\/\/elfsight.com\/de\/laravel-modules\/#breadcrumb","itemListElement":[{"@type":"ListItem","position":1,"name":"Home","item":"https:\/\/elfsight.com\/de\/"},{"@type":"ListItem","position":2,"name":"Laravel Modules"}]},{"@type":"WebSite","@id":"https:\/\/elfsight.com\/de\/#website","url":"https:\/\/elfsight.com\/de\/","name":"Elfsight DE","description":"Just another Elfsight Sites site","potentialAction":[{"@type":"SearchAction","target":{"@type":"EntryPoint","urlTemplate":"https:\/\/elfsight.com\/de\/?s={search_term_string}"},"query-input":{"@type":"PropertyValueSpecification","valueRequired":true,"valueName":"search_term_string"}}],"inLanguage":"de"}]}},"meta_box":{"industry":"","seo_heading":"","heading":"","description":"","cta_heading":"","cta_description":"","application":"","h1":"Die besten Laravel Modulen","h1_caption":"Dies ist die Vielfalt von einsatzbereiten Apps f\u00fcr Web-Seite, um Ihre Verk\u00e4ufe zu gestalten und andere gewerbliche Ziele zu erreichen. Die s\u00e4mtliche Oberfl\u00e4chenelemente kann bequem angepasst und aktiviert werden. Die Firma bereitstellt die unendliche Anzahl von Merkmalen und die beste technische Unterst\u00fctzung f\u00fcr alle Benutzer.","application_category":[],"applications_title":"Erforschen Sie alle hochwertigen kostenlosen Laravel Modulen auf der \u00dcbersicht:","applications_request_title":"K\u00f6nnen Sie das richtige Modul nicht finden?","applications_request_button_text":"Fordern Sie ein Modul an","hero_text":"","hero_video":"","hero_video_schema_markup":"","selling_points_title":"","selling_points_caption":"","selling_points":[],"selling_points_cta_text":"","features_title":"","features":"","ed_cta_examples_text":"","ed_cta_examples_hidden":"","ed_cta_demo_text":"","ed_cta_demo_hidden":"","why_caption":"","why_editor_title":"","why_editor_text":"","why_team_title":"","why_team_text":"","why_service_title":"","why_service_text":"","template_catalog_visible":"","template_catalog_title":"","template_catalog_text":"","template_catalog_categories_visible":"","demo_title":"","demo_caption":"","default_faq_hidden":"","app_template_category":[],"platform":"6867","template_public_id":"","codecanyon_url":"","codecanyon_item_id":"","codecanyon_price":"","pricing_caption":"","pricing_elfsight_apps_hide_column":"","pricing_elfsight_apps_url":"","pricing_codecanyon_price_caption":"","integration_category":[],"integration_request_title":"","integration_request_cta":"","integration_platform":"","integrations":[],"platform_category":[],"video_schema_markup":"","price":"","trial":"","benefits":[],"button_url":"","button_target_blank":"","button_nofollow":"","attributes":[],"tags":[],"tags_disable_links":"","hide_more_platforms":"","video_object":"","demo_hide_cta":"","demo_hide_cloud_options":"","pricing_title":"","pricing":[],"related_apps_title":"","related_apps_hidden":"","author":"","image":[],"title":"","job":"","social_networks":[]},"_links":{"self":[{"href":"https:\/\/elfsight.com\/de\/wp-json\/wp\/v2\/pages\/6882","targetHints":{"allow":["GET"]}}],"collection":[{"href":"https:\/\/elfsight.com\/de\/wp-json\/wp\/v2\/pages"}],"about":[{"href":"https:\/\/elfsight.com\/de\/wp-json\/wp\/v2\/types\/page"}],"author":[{"embeddable":true,"href":"https:\/\/elfsight.com\/de\/wp-json\/wp\/v2\/users\/13"}],"replies":[{"embeddable":true,"href":"https:\/\/elfsight.com\/de\/wp-json\/wp\/v2\/comments?post=6882"}],"version-history":[{"count":2,"href":"https:\/\/elfsight.com\/de\/wp-json\/wp\/v2\/pages\/6882\/revisions"}],"predecessor-version":[{"id":6884,"href":"https:\/\/elfsight.com\/de\/wp-json\/wp\/v2\/pages\/6882\/revisions\/6884"}],"wp:attachment":[{"href":"https:\/\/elfsight.com\/de\/wp-json\/wp\/v2\/media?parent=6882"}],"curies":[{"name":"wp","href":"https:\/\/api.w.org\/{rel}","templated":true}]}}