{"id":6879,"date":"2021-12-17T08:59:04","date_gmt":"2021-12-17T08:59:04","guid":{"rendered":"https:\/\/elfsight.com\/de\/?page_id=6879"},"modified":"2021-12-17T11:57:15","modified_gmt":"2021-12-17T11:57:15","slug":"wuilt-widgets","status":"publish","type":"page","link":"https:\/\/elfsight.com\/de\/wuilt-widgets\/","title":{"rendered":"Wuilt widgets"},"content":{"rendered":"\n<h2>Besondere intelligente L\u00f6sungen  f\u00fcr Ihre Wuilt Webseite<\/h2>\n\n\n<p>\u00dcber viele Jahre hat Elfsight Team viele absolut intuitiven und einfachen Werkzeuge f\u00fcr Wuilt  Webseiten realisiert. Mit Hilfe unserer Werkzeuge k\u00f6nnen Sie die Benutzerinteraktion erh\u00f6hen, die Anzahl Ihrer Follower erh\u00f6hen,jederzeit \u00fcber Chats mit Kunden in Kontakt bleiben und andere gesch\u00e4ftlichen Herausforderungen l\u00f6sen.<\/p> \n\n<p>Elfsight Team liefert verschiedene Peiswahlen: von kostenfrei bis zu Premium. Vergr\u00f6\u00dfern Ihre Website-Funktionalit\u00e4t ohne Mehrkosten.<\/p>\n\n\n<h2>Warum geniessen viele Website-Eigent\u00fcmer unsere Widgets?<\/h2>\n\n<p>Betrachten  Sie die anschlie\u00dfende Auswahl der speziellen Vorteile:<\/p> \n<ul>\n<li> Gratis Installation-Support  des Plugins;<\/li>\n\n<li>Voll reaktionsschnelle f\u00fcr jedes Ger\u00e4t; <\/li>\n\n<li>Ohne Programmierung;<\/li>\n\n<li>Eine Vielzahl von anpassbare und benutzerfreundliche Schablonen;<\/li>\n\n<li>Leicht zu bedienende Konfigurator;<\/li>\n\n<li>Die Cloud-Dienste f\u00fcr hoher Ladegeschwindigkeit; <\/li>                                                                                                                \n\n<li>Die regelm\u00e4\u00dfige automatische Aktualisierung;<\/li> \n\n<li>Hochqualifizierte Unterst\u00fctzung von erfahrenen Elfsight Team.<\/li> \n<\/ul>\n\n<p>Starten  Sie mit gratis Plan. Schauen Sie alle Potenzial oder erwerben Sie ausgew\u00e4hlte Widget mit 20% Skonto. <\/p> \n\n<h2>Wie kann ich ein Widget auf Wuilt Website einf\u00fcgen?<\/h2> \n<p>Um ein Werkzeug auf der Web-Seite einzuf\u00fcgen, sehen Sie einfach die folgenden Anweisungen|folgen Sie einfach den Schritten: <\/p>\n<ol>\n<li>Finden Sie das optimal Werkzeug und w\u00e4hlen Sie die entsprechenden Einstellungen. Speichern Sie die \u00c4nderungen.<\/li> \n\n<li>Kopieren und f\u00fcgen Sie den Code hinzu um das Widget auf Ihrer Website zu integrieren. <\/li>\n\n<li>Gemacht! Sie haben das App erfolgreich auf der Wuilt Webseite hinzugef\u00fcgt. <\/li>\n<\/ol>\n<p>Falls Sie eine kostenlose Hilfe ben\u00f6tigen, um das Widget zu installieren, dann k\u00f6nnen Sie sich unseren technischen Support wenden.<\/p>\n","protected":false},"excerpt":{"rendered":"Besondere intelligente L\u00f6sungen f\u00fcr Ihre Wuilt Webseite \u00dcber viele Jahre hat Elfsight Team viele absolut intuitiven und einfachen Werkzeuge f\u00fcr Wuilt Webseiten realisiert. Mit Hilfe unserer Werkzeuge k\u00f6nnen Sie die Benutzerinteraktion erh\u00f6hen, die Anzahl Ihrer Follower erh\u00f6hen,jederzeit \u00fcber Chats mit Kunden in Kontakt bleiben und andere gesch\u00e4ftlichen Herausforderungen l\u00f6sen. Elfsight&#8230;","protected":false},"author":13,"featured_media":0,"parent":0,"menu_order":0,"comment_status":"closed","ping_status":"closed","template":"templates\/template-platform.php","meta":{"publish_to_discourse":"","publish_post_category":"","wpdc_auto_publish_overridden":"","wpdc_topic_tags":"","wpdc_pin_topic":"","wpdc_pin_until":"","discourse_post_id":"","discourse_permalink":"","wpdc_publishing_response":"","wpdc_publishing_error":"","footnotes":""},"class_list":["post-6879","page","type-page","status-publish","hentry"],"yoast_head":"<!-- This site is optimized with the Yoast SEO plugin v25.3.1 - https:\/\/yoast.com\/wordpress\/plugins\/seo\/ -->\n<title>Wuilt-Widgets - Sehen Sie eine der besten L\u00f6sungen f\u00fcr die Wuilt-Website<\/title>\n<meta name=\"description\" content=\"Eine Serie von hochwertigen Apps eigens f\u00fcr Ihre Wuilt Websites. Hilfe bei der Personalisierung und unbeschr\u00e4nkte Anzahl von Funktionen.\" \/>\n<meta name=\"robots\" content=\"index, follow, max-snippet:-1, max-image-preview:large, max-video-preview:-1\" \/>\n<link rel=\"canonical\" href=\"https:\/\/elfsight.com\/de\/wuilt-widgets\/\" \/>\n<meta property=\"og:locale\" content=\"de_DE\" \/>\n<meta property=\"og:type\" content=\"article\" \/>\n<meta property=\"og:title\" content=\"Wuilt-Widgets - Sehen Sie eine der besten L\u00f6sungen f\u00fcr die Wuilt-Website\" \/>\n<meta property=\"og:description\" content=\"Eine Serie von hochwertigen Apps eigens f\u00fcr Ihre Wuilt Websites. Hilfe bei der Personalisierung und unbeschr\u00e4nkte Anzahl von Funktionen.\" \/>\n<meta property=\"og:url\" content=\"https:\/\/elfsight.com\/de\/wuilt-widgets\/\" \/>\n<meta property=\"og:site_name\" content=\"Elfsight DE\" \/>\n<meta property=\"article:modified_time\" content=\"2021-12-17T11:57:15+00:00\" \/>\n<meta name=\"twitter:card\" content=\"summary_large_image\" \/>\n<meta name=\"twitter:label1\" content=\"Gesch\u00e4tzte Lesezeit\" \/>\n\t<meta name=\"twitter:data1\" content=\"1\u00a0Minute\" \/>\n<!-- \/ Yoast SEO plugin. -->","yoast_head_json":{"title":"Wuilt-Widgets - Sehen Sie eine der besten L\u00f6sungen f\u00fcr die Wuilt-Website","description":"Eine Serie von hochwertigen Apps eigens f\u00fcr Ihre Wuilt Websites. Hilfe bei der Personalisierung und unbeschr\u00e4nkte Anzahl von Funktionen.","robots":{"index":"index","follow":"follow","max-snippet":"max-snippet:-1","max-image-preview":"max-image-preview:large","max-video-preview":"max-video-preview:-1"},"canonical":"https:\/\/elfsight.com\/de\/wuilt-widgets\/","og_locale":"de_DE","og_type":"article","og_title":"Wuilt-Widgets - Sehen Sie eine der besten L\u00f6sungen f\u00fcr die Wuilt-Website","og_description":"Eine Serie von hochwertigen Apps eigens f\u00fcr Ihre Wuilt Websites. Hilfe bei der Personalisierung und unbeschr\u00e4nkte Anzahl von Funktionen.","og_url":"https:\/\/elfsight.com\/de\/wuilt-widgets\/","og_site_name":"Elfsight DE","article_modified_time":"2021-12-17T11:57:15+00:00","twitter_card":"summary_large_image","twitter_misc":{"Gesch\u00e4tzte Lesezeit":"1\u00a0Minute"},"schema":{"@context":"https:\/\/schema.org","@graph":[{"@type":"WebPage","@id":"https:\/\/elfsight.com\/de\/wuilt-widgets\/","url":"https:\/\/elfsight.com\/de\/wuilt-widgets\/","name":"Wuilt-Widgets - Sehen Sie eine der besten L\u00f6sungen f\u00fcr die Wuilt-Website","isPartOf":{"@id":"https:\/\/elfsight.com\/de\/#website"},"datePublished":"2021-12-17T08:59:04+00:00","dateModified":"2021-12-17T11:57:15+00:00","description":"Eine Serie von hochwertigen Apps eigens f\u00fcr Ihre Wuilt Websites. Hilfe bei der Personalisierung und unbeschr\u00e4nkte Anzahl von Funktionen.","breadcrumb":{"@id":"https:\/\/elfsight.com\/de\/wuilt-widgets\/#breadcrumb"},"inLanguage":"de","potentialAction":[{"@type":"ReadAction","target":["https:\/\/elfsight.com\/de\/wuilt-widgets\/"]}]},{"@type":"BreadcrumbList","@id":"https:\/\/elfsight.com\/de\/wuilt-widgets\/#breadcrumb","itemListElement":[{"@type":"ListItem","position":1,"name":"Home","item":"https:\/\/elfsight.com\/de\/"},{"@type":"ListItem","position":2,"name":"Wuilt widgets"}]},{"@type":"WebSite","@id":"https:\/\/elfsight.com\/de\/#website","url":"https:\/\/elfsight.com\/de\/","name":"Elfsight DE","description":"Just another Elfsight Sites site","potentialAction":[{"@type":"SearchAction","target":{"@type":"EntryPoint","urlTemplate":"https:\/\/elfsight.com\/de\/?s={search_term_string}"},"query-input":{"@type":"PropertyValueSpecification","valueRequired":true,"valueName":"search_term_string"}}],"inLanguage":"de"}]}},"meta_box":{"industry":"","seo_heading":"","heading":"","description":"","cta_heading":"","cta_description":"","application":"","h1":"Die besten Wuilt Widgets","h1_caption":"Dies ist die Reihe von wunderbaren Widgets f\u00fcr Website, um Ihre Verk\u00e4ufe zu verbessern und unterschiedliche wirtschaftliche Ziele zu erreichen. Alle Oberfl\u00e4chenelemente kann m\u00fchelos personalisiert und eingebettet werden. Elfsight Kompanie verschafft die unbegrenzte Reihe von Features und die professionelle technische Hilfe f\u00fcr alle Benutzer.","application_category":[],"applications_title":"Testen Sie alle problemlosen kostenfreien Wuilt Widgets von der Serie:","applications_request_title":"K\u00f6nnen Sie das richtige Widget nicht finden?","applications_request_button_text":"Fordern Sie ein Widget an","hero_text":"","hero_video":"","hero_video_schema_markup":"","selling_points_title":"","selling_points_caption":"","selling_points":[],"selling_points_cta_text":"","features_title":"","features":"","ed_cta_examples_text":"","ed_cta_examples_hidden":"","ed_cta_demo_text":"","ed_cta_demo_hidden":"","why_caption":"","why_editor_title":"","why_editor_text":"","why_team_title":"","why_team_text":"","why_service_title":"","why_service_text":"","template_catalog_visible":"","template_catalog_title":"","template_catalog_text":"","template_catalog_categories_visible":"","demo_title":"","demo_caption":"","default_faq_hidden":"","app_template_category":[],"platform":"6876","template_public_id":"","codecanyon_url":"","codecanyon_item_id":"","codecanyon_price":"","pricing_caption":"","pricing_elfsight_apps_hide_column":"","pricing_elfsight_apps_url":"","pricing_codecanyon_price_caption":"","integration_category":[],"integration_request_title":"","integration_request_cta":"","integration_platform":"","integrations":[],"platform_category":[],"video_schema_markup":"","price":"","trial":"","benefits":[],"button_url":"","button_target_blank":"","button_nofollow":"","attributes":[],"tags":[],"tags_disable_links":"","hide_more_platforms":"","video_object":"","demo_hide_cta":"","demo_hide_cloud_options":"","pricing_title":"","pricing":[],"related_apps_title":"","related_apps_hidden":"","author":"","image":[],"title":"","job":"","social_networks":[]},"_links":{"self":[{"href":"https:\/\/elfsight.com\/de\/wp-json\/wp\/v2\/pages\/6879","targetHints":{"allow":["GET"]}}],"collection":[{"href":"https:\/\/elfsight.com\/de\/wp-json\/wp\/v2\/pages"}],"about":[{"href":"https:\/\/elfsight.com\/de\/wp-json\/wp\/v2\/types\/page"}],"author":[{"embeddable":true,"href":"https:\/\/elfsight.com\/de\/wp-json\/wp\/v2\/users\/13"}],"replies":[{"embeddable":true,"href":"https:\/\/elfsight.com\/de\/wp-json\/wp\/v2\/comments?post=6879"}],"version-history":[{"count":2,"href":"https:\/\/elfsight.com\/de\/wp-json\/wp\/v2\/pages\/6879\/revisions"}],"predecessor-version":[{"id":6881,"href":"https:\/\/elfsight.com\/de\/wp-json\/wp\/v2\/pages\/6879\/revisions\/6881"}],"wp:attachment":[{"href":"https:\/\/elfsight.com\/de\/wp-json\/wp\/v2\/media?parent=6879"}],"curies":[{"name":"wp","href":"https:\/\/api.w.org\/{rel}","templated":true}]}}