{"id":6859,"date":"1970-01-01T00:00:00","date_gmt":"1970-01-01T00:00:00","guid":{"rendered":"https:\/\/elfsight.com\/de\/?page_id=6859"},"modified":"2025-07-10T14:06:40","modified_gmt":"2025-07-10T14:06:40","slug":"woocommerce","status":"publish","type":"page","link":"https:\/\/elfsight.com\/de\/youtube-channel-plugin-yottie\/woocommerce\/","title":{"rendered":"YouTube Gallery &#8211; WooCommerce"},"content":{"rendered":"<div class=\"application-platform-content-item-description application-platform-content-item\" id=\"description\" data-nav-section=\"description\"><h2>Beschreibung<\/h2><p>Ein Mehrzweck-Widget f\u00fcr YouTube, mit dem Sie eine Vielzahl von Videos auf Ihrer Website hinzuf\u00fcgen k\u00f6nnen. W\u00e4hlen Sie die gew\u00fcnschten Kan\u00e4le und separaten Videoclips aus, um Ihre un\u00fcbertroffene Playlist zusammenzustellen und direkt auf der Webseite mit dem am besten geeigneten Layout (Videogalerie, Portfolio, Kanal, einzelnes Video) zu integrieren. Unser Widget ist vollst\u00e4ndig kompatibel mit allen Formaten und Browsern, es verf\u00fcgt \u00fcber mehr als 100 Einstellungsparameter, anpassbare Vorlagen und viele verschiedene Eigenschaften, die die Installation auf verschiedenen Websites erleichtern.<\/p><p><b>Mit Elfsight YouTube Gallery Erzielen Sie nachhaltiges Gesch\u00e4ftswachstum und steigern Sie den Umsatz<\/b><\/p><\/div> <div class=\"faq\" data-component=\"FAQ\"><div class=\"faq-item\">\r\n\t\t\t\t\t<div class=\"faq-item-question\">\r\n\t\t\t\t\t\t<h3 class=\"faq-item-question-text\">Wie f\u00fcge ich eine YouTube-Galerie zu WooCommerce hinzu? <\/h3>\r\n\r\n\t\t\t\t\t\t<div class=\"faq-item-question-icon\"><\/div>\r\n\t\t\t\t\t<\/div>\r\n\r\n\t\t\t\t\t<div class=\"faq-item-answer\">\r\n\t\t\t\t\t\t<div class=\"faq-item-answer-text\"><p>Die Erstellung des Widgets erfolgt innerhalb der Elfsight-Site und Sie m\u00fcssen keine Programmierkenntnisse erlernen. Nutzen Sie die Online-Demo, um Ihre eigene App anzupassen, den Code zu erhalten und ihn in Ihre Website zu integrieren. <\/p><\/div>\r\n\t\t\t\t\t<\/div>\r\n\t\t\t\t<\/div><div class=\"faq-item\">\r\n\t\t\t\t\t<div class=\"faq-item-question\">\r\n\t\t\t\t\t\t<h3 class=\"faq-item-question-text\">Die besten Anwendungsbeispiele f\u00fcr die Integration der YouTube-Playlist-Galerie<\/h3>\r\n\r\n\t\t\t\t\t\t<div class=\"faq-item-question-icon\"><\/div>\r\n\t\t\t\t\t<\/div>\r\n\r\n\t\t\t\t\t<div class=\"faq-item-answer\">\r\n\t\t\t\t\t\t<div class=\"faq-item-answer-text\"><p>Wir bieten eine Vielzahl von Anpassungsm\u00f6glichkeiten: Widgets in voller L\u00e4nge zum Hinzuf\u00fcgen in den Inhaltsbereich, schwebende Widgets f\u00fcr Scrolloptionen, Miniaturansichten f\u00fcr die Fu\u00dfzeile, die Kopfzeile und alle m\u00f6glichen vertikalen M\u00f6glichkeiten f\u00fcr Seitenleisten und Men\u00fcs. <\/p><\/div>\r\n\t\t\t\t\t<\/div>\r\n\t\t\t\t<\/div><div class=\"faq-item\">\r\n\t\t\t\t\t<div class=\"faq-item-question\">\r\n\t\t\t\t\t\t<h3 class=\"faq-item-question-text\">Kann ich mit Ihrem Editor ein einzelnes Video oder eine einzelne Playlist erstellen? <\/h3>\r\n\r\n\t\t\t\t\t\t<div class=\"faq-item-question-icon\"><\/div>\r\n\t\t\t\t\t<\/div>\r\n\r\n\t\t\t\t\t<div class=\"faq-item-answer\">\r\n\t\t\t\t\t\t<div class=\"faq-item-answer-text\"><p>Es steht Ihnen frei, \u00c4nderungen an jedem Widget vorzunehmen. Im Editor stehen Ihnen viele Layouts zur Verf\u00fcgung, die Sie alle ganz einfach an Ihre Bed\u00fcrfnisse anpassen k\u00f6nnen. <\/p><\/div>\r\n\t\t\t\t\t<\/div>\r\n\t\t\t\t<\/div><\/div><div class=\"application-platform-content-item-features application-platform-content-item\" id=\"features\" data-nav-section=\"features\"><h2>Wir bieten n\u00fctzliche und unkomplizierte Funktionen, sehen Sie sich einige davon an:<\/h2><ul><li>Quellgruppen erstellen<\/li><li>Bearbeitbare Kanalbeschreibung<\/li><li>Abstand zwischen Videos festlegen<\/li><li>13 Popup-Elemente, die ein-\/ausgeschaltet werden k\u00f6nnen<\/li><li>Option zum Anzeigen der Suchleiste<\/li><li>6 \u00fcbermalbare Men\u00fcelemente<\/li><li>Erweiterter Datenschutzmodus<\/li><\/ul><p><a href=\"#demo\">Probieren Sie einfach diese Demo aus, um die Funktionalit\u00e4t des zu verstehen widget<\/a><\/p><\/div><div class=\"application-platform-content-item-installation application-platform-content-item\" id=\"installation\" data-nav-section=\"installation\"><h2>Wie bette ich die YouTube-Galerie in meine WooCommerce-Website ein?<\/h2><p>F\u00fchren Sie einfach die folgenden Richtlinien aus, um mit der Arbeit zu beginnen mit dem Tool.<\/p><ol><li><b>\u00d6ffnen Sie unseren kostenlosen Konfigurator und beginnen Sie mit der Erstellung Ihres einzigartigen Instruments.<\/b><br>Finden Sie das passende Design und die Parameter des Plugins und speichern Sie die \u00c4nderungen.<\/li><li><b>Kopieren Sie Ihren pers\u00f6nlichen Code, der im Feld auf Elfsight Apps angezeigt wird.<\/b><br>Wenn die Erstellung Ihres pers\u00f6nlichen Widgets abgeschlossen ist, kopieren Sie den individuellen Code im angezeigten Popup und behalten Sie ihn zur weiteren Verwendung.<\/li><li><b>Beginnen Sie mit der Anwendung des Plugins auf Ihrer WooCommerce-Website.<\/b><br>Implementieren Sie den zuvor gespeicherten Code auf Ihrer Seite und speichern Sie die Anpassungen.<\/li><li><b>Die Installation ist abgeschlossen.<\/b><br>Besuchen Sie Ihre Website, um zu sehen, wie das Widget funktioniert.<\/li><\/ol><p>Vorbehaltlich der Bearbeitung von Anfragen oder Wenn Sie mit einigen Komplikationen rechnen m\u00fcssen, scheuen Sie sich nicht, sich bei unserem Kundenservice zu bewerben. Unsere Berater helfen Ihnen gerne bei allen Fragen rund um das Plugin.<\/p><\/div>","protected":false},"excerpt":{"rendered":"","protected":false},"author":9,"featured_media":0,"parent":106,"menu_order":0,"comment_status":"closed","ping_status":"closed","template":"templates\/template-application-platform.php","meta":{"publish_to_discourse":"","publish_post_category":"","wpdc_auto_publish_overridden":"","wpdc_topic_tags":"","wpdc_pin_topic":"","wpdc_pin_until":"","discourse_post_id":"","discourse_permalink":"","wpdc_publishing_response":"","wpdc_publishing_error":"","footnotes":""},"class_list":["post-6859","page","type-page","status-publish","hentry"],"yoast_head":"<!-- This site is optimized with the Yoast SEO plugin v25.3.1 - https:\/\/yoast.com\/wordpress\/plugins\/seo\/ -->\n<title>WooCommerce YouTube Gallery-Plugin f\u00fcr Ihre Website (2025)<\/title>\n<meta name=\"description\" content=\"Erstellen Sie in nur 2 Minuten eine personalisierte YouTube-Videogalerie f\u00fcr Ihre WooCommerce-Website! Testen Sie das kostenlose Panel von Elfsight, um Ihr eigenes YouTube-Plugin zu entwerfen.\" \/>\n<meta name=\"robots\" content=\"index, follow, max-snippet:-1, max-image-preview:large, max-video-preview:-1\" \/>\n<link rel=\"canonical\" href=\"https:\/\/elfsight.com\/de\/youtube-channel-plugin-yottie\/woocommerce\/\" \/>\n<meta property=\"og:locale\" content=\"de_DE\" \/>\n<meta property=\"og:type\" content=\"article\" \/>\n<meta property=\"og:title\" content=\"WooCommerce YouTube Gallery-Plugin f\u00fcr Ihre Website (2025)\" \/>\n<meta property=\"og:description\" content=\"Erstellen Sie in nur 2 Minuten eine personalisierte YouTube-Videogalerie f\u00fcr Ihre WooCommerce-Website! Testen Sie das kostenlose Panel von Elfsight, um Ihr eigenes YouTube-Plugin zu entwerfen.\" \/>\n<meta property=\"og:url\" content=\"https:\/\/elfsight.com\/de\/youtube-channel-plugin-yottie\/woocommerce\/\" \/>\n<meta property=\"og:site_name\" content=\"Elfsight DE\" \/>\n<meta property=\"article:modified_time\" content=\"2025-07-10T14:06:40+00:00\" \/>\n<meta name=\"twitter:card\" content=\"summary_large_image\" \/>\n<meta name=\"twitter:label1\" content=\"Gesch\u00e4tzte Lesezeit\" \/>\n\t<meta name=\"twitter:data1\" content=\"1\u00a0Minute\" \/>\n<!-- \/ Yoast SEO plugin. -->","yoast_head_json":{"title":"WooCommerce YouTube Gallery-Plugin f\u00fcr Ihre Website (2025)","description":"Erstellen Sie in nur 2 Minuten eine personalisierte YouTube-Videogalerie f\u00fcr Ihre WooCommerce-Website! Testen Sie das kostenlose Panel von Elfsight, um Ihr eigenes YouTube-Plugin zu entwerfen.","robots":{"index":"index","follow":"follow","max-snippet":"max-snippet:-1","max-image-preview":"max-image-preview:large","max-video-preview":"max-video-preview:-1"},"canonical":"https:\/\/elfsight.com\/de\/youtube-channel-plugin-yottie\/woocommerce\/","og_locale":"de_DE","og_type":"article","og_title":"WooCommerce YouTube Gallery-Plugin f\u00fcr Ihre Website (2025)","og_description":"Erstellen Sie in nur 2 Minuten eine personalisierte YouTube-Videogalerie f\u00fcr Ihre WooCommerce-Website! Testen Sie das kostenlose Panel von Elfsight, um Ihr eigenes YouTube-Plugin zu entwerfen.","og_url":"https:\/\/elfsight.com\/de\/youtube-channel-plugin-yottie\/woocommerce\/","og_site_name":"Elfsight DE","article_modified_time":"2025-07-10T14:06:40+00:00","twitter_card":"summary_large_image","twitter_misc":{"Gesch\u00e4tzte Lesezeit":"1\u00a0Minute"},"schema":{"@context":"https:\/\/schema.org","@graph":[{"@type":"WebPage","@id":"https:\/\/elfsight.com\/de\/youtube-channel-plugin-yottie\/woocommerce\/","url":"https:\/\/elfsight.com\/de\/youtube-channel-plugin-yottie\/woocommerce\/","name":"WooCommerce YouTube Gallery-Plugin f\u00fcr Ihre Website (2025)","isPartOf":{"@id":"https:\/\/elfsight.com\/de\/#website"},"datePublished":"1970-01-01T00:00:00+00:00","dateModified":"2025-07-10T14:06:40+00:00","description":"Erstellen Sie in nur 2 Minuten eine personalisierte YouTube-Videogalerie f\u00fcr Ihre WooCommerce-Website! Testen Sie das kostenlose Panel von Elfsight, um Ihr eigenes YouTube-Plugin zu entwerfen.","breadcrumb":{"@id":"https:\/\/elfsight.com\/de\/youtube-channel-plugin-yottie\/woocommerce\/#breadcrumb"},"inLanguage":"de","potentialAction":[{"@type":"ReadAction","target":["https:\/\/elfsight.com\/de\/youtube-channel-plugin-yottie\/woocommerce\/"]}]},{"@type":"BreadcrumbList","@id":"https:\/\/elfsight.com\/de\/youtube-channel-plugin-yottie\/woocommerce\/#breadcrumb","itemListElement":[{"@type":"ListItem","position":1,"name":"Home","item":"https:\/\/elfsight.com\/de\/"},{"@type":"ListItem","position":2,"name":"YouTube Gallery","item":"https:\/\/elfsight.com\/de\/youtube-channel-plugin-yottie\/"},{"@type":"ListItem","position":3,"name":"YouTube Gallery &#8211; WooCommerce"}]},{"@type":"WebSite","@id":"https:\/\/elfsight.com\/de\/#website","url":"https:\/\/elfsight.com\/de\/","name":"Elfsight DE","description":"Just another Elfsight Sites site","potentialAction":[{"@type":"SearchAction","target":{"@type":"EntryPoint","urlTemplate":"https:\/\/elfsight.com\/de\/?s={search_term_string}"},"query-input":{"@type":"PropertyValueSpecification","valueRequired":true,"valueName":"search_term_string"}}],"inLanguage":"de"}]}},"meta_box":{"industry":"","seo_heading":"","heading":"","description":"","cta_heading":"","cta_description":"","application":"98","h1":"WooCommerce YouTube Gallery-Plugin","h1_caption":"Betten Sie m\u00fchelos eine Galerie mit YouTube-Videos ein, um Inhalte wie Tutorials, Testimonials oder Produktpr\u00e4sentationen auf Ihrer Website in Ihre WooCommerce-Website einzubinden.","application_category":[],"applications_title":"","applications_request_title":"","applications_request_button_text":"","hero_text":"","hero_video":"","hero_video_schema_markup":"","selling_points_title":"","selling_points_caption":"","selling_points":[],"selling_points_cta_text":"","features_title":"","features":"","ed_cta_examples_text":"","ed_cta_examples_hidden":"","ed_cta_demo_text":"","ed_cta_demo_hidden":"","why_caption":"","why_editor_title":"","why_editor_text":"","why_team_title":"","why_team_text":"","why_service_title":"","why_service_text":"","template_catalog_visible":"","template_catalog_title":"","template_catalog_text":"","template_catalog_categories_visible":"","demo_title":"Erstellen Sie Ihre YouTube-Galerie-App","demo_caption":"Konfigurieren Sie Ihre YouTube-Galerie und f\u00fcgen Sie sie kostenlos zu Ihrer WooCommerce-Website hinzu!","default_faq_hidden":"","app_template_category":[],"platform":"200","template_public_id":"","codecanyon_url":"","codecanyon_item_id":"","codecanyon_price":"","pricing_caption":"","pricing_elfsight_apps_hide_column":"","pricing_elfsight_apps_url":"","pricing_codecanyon_price_caption":"","integration_category":[],"integration_request_title":"","integration_request_cta":"","integration_platform":"","integrations":[],"platform_category":[],"video_schema_markup":"","price":"ab 0 $ \/ Monat","trial":"","benefits":[{"text":"Kompetenter Kundenservice"},{"text":"Premium-Support"},{"text":"14-t\u00e4gige Geld-zur\u00fcck-Garantie"},{"text":"Laufende kostenlose Verbesserungen"}],"button_url":"#demo","button_target_blank":"0","button_nofollow":"0","attributes":[{"name":"Installiert","content":"100,000 - 500,000","_state":"expanded"},{"name":"Reaktionsfreudig","content":"Ja","_state":"expanded"},{"name":"Kompatible Browser","content":"Firefox, Safari, Opera, Chrome, Edge"}],"tags":[],"tags_disable_links":"1","hide_more_platforms":"","video_object":"","demo_hide_cta":"0","demo_hide_cloud_options":"0","pricing_title":"","pricing":[{"pricing_icon":"platform","pricing_title":"Elfsight Apps","pricing_title_caption":"Plattformunabh\u00e4ngige Software","pricing_price":"ab 0 $ \/ Monat","pricing_price_caption":"Beginnen Sie mit einem kostenlosen Plan","pricing_benefits":[{"text":"Unbegrenzte Websites"},{"text":"Schneller und p\u00fcnktlicher Support"},{"text":"Kostenlose Installationshilfe"},{"text":"Vollst\u00e4ndig anpassbar"}],"pricing_button_text":"Zur Website hinzuf\u00fcgen","pricing_button_url":"#demo","_state":"expanded"}],"related_apps_title":"","related_apps_hidden":"1","author":"","image":[],"title":"","job":"","social_networks":[]},"_links":{"self":[{"href":"https:\/\/elfsight.com\/de\/wp-json\/wp\/v2\/pages\/6859","targetHints":{"allow":["GET"]}}],"collection":[{"href":"https:\/\/elfsight.com\/de\/wp-json\/wp\/v2\/pages"}],"about":[{"href":"https:\/\/elfsight.com\/de\/wp-json\/wp\/v2\/types\/page"}],"author":[{"embeddable":true,"href":"https:\/\/elfsight.com\/de\/wp-json\/wp\/v2\/users\/9"}],"replies":[{"embeddable":true,"href":"https:\/\/elfsight.com\/de\/wp-json\/wp\/v2\/comments?post=6859"}],"version-history":[{"count":3,"href":"https:\/\/elfsight.com\/de\/wp-json\/wp\/v2\/pages\/6859\/revisions"}],"predecessor-version":[{"id":21122,"href":"https:\/\/elfsight.com\/de\/wp-json\/wp\/v2\/pages\/6859\/revisions\/21122"}],"up":[{"embeddable":true,"href":"https:\/\/elfsight.com\/de\/wp-json\/wp\/v2\/pages\/106"}],"wp:attachment":[{"href":"https:\/\/elfsight.com\/de\/wp-json\/wp\/v2\/media?parent=6859"}],"curies":[{"name":"wp","href":"https:\/\/api.w.org\/{rel}","templated":true}]}}