{"id":6855,"date":"2024-05-03T06:39:45","date_gmt":"2024-05-03T06:39:45","guid":{"rendered":"https:\/\/elfsight.com\/de\/?page_id=6855"},"modified":"2024-11-08T09:25:03","modified_gmt":"2024-11-08T09:25:03","slug":"weebly","status":"publish","type":"page","link":"https:\/\/elfsight.com\/de\/instagram-feed-instashow\/weebly\/","title":{"rendered":"Instagram Feed &#8211; Weebly"},"content":{"rendered":"\n<div class=\"application-platform-content-item-description application-platform-content-item\" id=\"description\" data-nav-section=\"description\">\n<h2>Instagram auf Weebly mit dem Elfsight-Widget einbetten<\/h2>\n<p>InstaShow ist ein effizientes Instagram-Widget, mit dem Sie aus Instagram-Fotos faszinierende Galerien erstellen k\u00f6nnen und Videos. Unbegrenzte M\u00f6glichkeiten zur individuellen Anpassung Ihres Feeds: alle verf\u00fcgbaren Quellentypen, Inhaltsfilter, mehr als 50 anpassbare Einstellungen und 10 Designschemata sowie vollst\u00e4ndig responsiv f\u00fcr verschiedene Bildschirmgr\u00f6\u00dfen.<\/p>\n<b>Verwenden Sie ein vollst\u00e4ndig responsives und praktisches Widget, um im Handumdrehen Benutzer Ihrer Website anzulocken.<\/b>\n<ul>\n    <li><b>Erh\u00f6hen Sie die Anzahl der Transaktionen<\/b>.<br>Demonstrieren Sie Ihre Produkte oder Dienstleistungen anhand von Bildern von Instagram verwendet Hashtags, Standorte, Seiten oder ben\u00f6tigte URLs, um die Leistung Ihrer Website zu steigern.<\/li>\n    <li><b>Bewerben Sie Ihr Instagram-Profil<\/b>.<br>Bewerben Sie Ihr Konto auf Instagram \u00fcber die Website. Lassen Sie mehr Besucher Sie kennenlernen und Ihre Abonnenten werden.<\/li>\n    <li><b>Steigern Sie Ihr Besucherengagement auf der Website<\/b>.<br>Ziehen Sie Besucher mit coolen Bildern von Instagram an und lassen Sie sie noch mehr Tolles erleben Eindr\u00fccke, um eine intensive Interaktion herzustellen.<\/li>\n<\/ul>\n<\/div>\n\n<div class=\"application-platform-content-item-features application-platform-content-item\" id=\"features\" data-nav-section=\"features\">\n<h2>Hauptfunktionen des Instagram-Feed-Widgets<\/h2>\n<p>Die herausragendsten Eigenschaften des Elfsight-Tools, die es in das beste Weebly-Widget f\u00fcr die Anzeige von Instagram-Inhalten auf der Website umwandeln:<\/p>\n<ul>\n    <li>Nur Filter zur Anzeige aus der ausgew\u00e4hlten Quelle anwenden<\/li>\n    <li>Anpassbare Anzahl von Spalten und Zeilen<\/li>\n    <li>Likes und Kommentare z\u00e4hlen<\/li>\n    <li>13 gebrauchsfertige Farbschemata<\/li>\n    <li>27 beliebte Sprachen werden unterst\u00fctzt<\/li>\n    <li>M\u00f6glichkeit, Instagram-Feed auf Weebly einzubetten in Sekunden<\/li>\n<\/ul>\n<p><a href=\"#demo\">Weitere Funktionen in der Elfsight-Demo<\/a><\/p>\n<\/div>\n\n<div class=\"application-platform-content-item-installation application-platform-content-item\" id=\"installation\" data-nav-section=\"installation\">\n<h2>So f\u00fcgen Sie einen Instagram-Feed zur Weebly-Website hinzu<\/h2>\n<div class=\"video-container\">\n    <iframe src=\"https:\/\/www.youtube.com\/embed\/Gkk9bMFbisg\" width=\"720\" height=\"405\" frameborder=\"0\" allowfullscreen=\"allowfullscreen\"><\/iframe>\n<\/div>\n<p>Sehen Sie sich unsere kurze Anleitung zur Integration und Gestaltung des Widgets an. Die ungef\u00e4hre Installationsdauer betr\u00e4gt etwa 90 Sekunden, und dar\u00fcber hinaus sind keine Entwicklungskenntnisse erforderlich.<\/p>\n<ol>\n    <li><b>Nutzen Sie unseren kostenlosen Editor und beginnen Sie mit der Gestaltung Ihrer benutzerdefinierten App.<\/b><br> Geben Sie das benutzerdefinierte Design und die Spezifikationen der App an und speichern Sie alle \u00c4nderungen.<\/li>\n    <li><b>Erhalten Sie Ihren individuellen Code im speziellen Formular auf Elfsight Apps.<\/b><br>Nachdem die Einrichtung Ihrer App abgeschlossen ist, kopieren Sie den pers\u00f6nlichen Code im angezeigten Fenster und speichern Sie ihn zur weiteren Verwendung.<\/li>\n    <li><b>Initiieren Sie die Nutzung der App auf der Weebly-Website.<\/b><br>F\u00fcgen Sie den Code, den Sie k\u00fcrzlich gespeichert haben, in Ihre Website ein und \u00fcbernehmen Sie die Anpassungen.<\/li>\n    <li><b>Fertig! Die Einbettung wurde erfolgreich durchgef\u00fchrt.<\/b><br>\u00d6ffnen Sie Ihre Webseite, um zu sehen, wie die App funktioniert.<\/li>\n<\/ol>\n<p>Haben Sie Fragen zum Einbetten des Widgets in Code und seiner Anpassung? Nehmen Sie Kontakt mit unserem Support auf, er f\u00fcgt Weebly gerne kostenlos Instagram-Feeds hinzu.<\/p>\n<\/div>\n\n<div class=\"faq\" data-component=\"FAQ\">\n<div class=\"faq-item\">\r\n\t\t\t\t\t<div class=\"faq-item-question\">\r\n\t\t\t\t\t\t<h3 class=\"faq-item-question-text\">Wie man kostenlos einen Instagram-Feed auf Weebly einbettet?<\/h3>\r\n\r\n\t\t\t\t\t\t<div class=\"faq-item-question-icon\"><\/div>\r\n\t\t\t\t\t<\/div>\r\n\r\n\t\t\t\t\t<div class=\"faq-item-answer\">\r\n\t\t\t\t\t\t<div class=\"faq-item-answer-text\">\n<p>Um einen <a href=\"https:\/\/elfsight.com\/blog\/how-to-embed-instagram-feed-on-website\/\">Instagram-Feed<\/a> kostenlos auf Weebly einzubetten, navigieren Sie zur Elfsight-Website und melden Sie sich f\u00fcr ein kostenloses Konto an. Passen Sie dann das Aussehen und die Einstellungen des Widgets an das Layout Ihrer Weebly-Website an. Nach der Personalisierung Ihres Feeds kopieren Sie den Einbettungscode und f\u00fcgen Sie ihn in den HTML-Code Ihrer Weebly-Website ein.<\/p>\n<\/div>\r\n\t\t\t\t\t<\/div>\r\n\t\t\t\t<\/div>\n<\/div>\n\n","protected":false},"excerpt":{"rendered":"","protected":false},"author":9,"featured_media":0,"parent":29,"menu_order":0,"comment_status":"closed","ping_status":"closed","template":"templates\/template-application-platform.php","meta":{"publish_to_discourse":"","publish_post_category":"","wpdc_auto_publish_overridden":"","wpdc_topic_tags":"","wpdc_pin_topic":"","wpdc_pin_until":"","discourse_post_id":"","discourse_permalink":"","wpdc_publishing_response":"","wpdc_publishing_error":"","footnotes":""},"class_list":["post-6855","page","type-page","status-publish","hentry"],"yoast_head":"<!-- This site is optimized with the Yoast SEO plugin v25.3.1 - https:\/\/yoast.com\/wordpress\/plugins\/seo\/ -->\n<title>Betten Sie Google-Bewertungen in WordPress ein \u2013 f\u00fcgen Sie Instagram kostenlos zu einer Website hinzu!<\/title>\n<meta name=\"description\" content=\"Erstellen Sie jetzt Ihr Premium-Instagram-Widget f\u00fcr die Weebly-Website! Erstellen Sie in nur 1 Minute einen individuellen Instagram-Feed auf Elfsight.\" \/>\n<meta name=\"robots\" content=\"index, follow, max-snippet:-1, max-image-preview:large, max-video-preview:-1\" \/>\n<link rel=\"canonical\" href=\"https:\/\/elfsight.com\/de\/instagram-feed-instashow\/weebly\/\" \/>\n<meta property=\"og:locale\" content=\"de_DE\" \/>\n<meta property=\"og:type\" content=\"article\" \/>\n<meta property=\"og:title\" content=\"Betten Sie Google-Bewertungen in WordPress ein \u2013 f\u00fcgen Sie Instagram kostenlos zu einer Website hinzu!\" \/>\n<meta property=\"og:description\" content=\"Erstellen Sie jetzt Ihr Premium-Instagram-Widget f\u00fcr die Weebly-Website! Erstellen Sie in nur 1 Minute einen individuellen Instagram-Feed auf Elfsight.\" \/>\n<meta property=\"og:url\" content=\"https:\/\/elfsight.com\/de\/instagram-feed-instashow\/weebly\/\" \/>\n<meta property=\"og:site_name\" content=\"Elfsight DE\" \/>\n<meta property=\"article:modified_time\" content=\"2024-11-08T09:25:03+00:00\" \/>\n<meta name=\"twitter:card\" content=\"summary_large_image\" \/>\n<meta name=\"twitter:label1\" content=\"Gesch\u00e4tzte Lesezeit\" \/>\n\t<meta name=\"twitter:data1\" content=\"3\u00a0Minuten\" \/>\n<!-- \/ Yoast SEO plugin. -->","yoast_head_json":{"title":"Betten Sie Google-Bewertungen in WordPress ein \u2013 f\u00fcgen Sie Instagram kostenlos zu einer Website hinzu!","description":"Erstellen Sie jetzt Ihr Premium-Instagram-Widget f\u00fcr die Weebly-Website! Erstellen Sie in nur 1 Minute einen individuellen Instagram-Feed auf Elfsight.","robots":{"index":"index","follow":"follow","max-snippet":"max-snippet:-1","max-image-preview":"max-image-preview:large","max-video-preview":"max-video-preview:-1"},"canonical":"https:\/\/elfsight.com\/de\/instagram-feed-instashow\/weebly\/","og_locale":"de_DE","og_type":"article","og_title":"Betten Sie Google-Bewertungen in WordPress ein \u2013 f\u00fcgen Sie Instagram kostenlos zu einer Website hinzu!","og_description":"Erstellen Sie jetzt Ihr Premium-Instagram-Widget f\u00fcr die Weebly-Website! Erstellen Sie in nur 1 Minute einen individuellen Instagram-Feed auf Elfsight.","og_url":"https:\/\/elfsight.com\/de\/instagram-feed-instashow\/weebly\/","og_site_name":"Elfsight DE","article_modified_time":"2024-11-08T09:25:03+00:00","twitter_card":"summary_large_image","twitter_misc":{"Gesch\u00e4tzte Lesezeit":"3\u00a0Minuten"},"schema":{"@context":"https:\/\/schema.org","@graph":[{"@type":"WebPage","@id":"https:\/\/elfsight.com\/de\/instagram-feed-instashow\/weebly\/","url":"https:\/\/elfsight.com\/de\/instagram-feed-instashow\/weebly\/","name":"Betten Sie Google-Bewertungen in WordPress ein \u2013 f\u00fcgen Sie Instagram kostenlos zu einer Website hinzu!","isPartOf":{"@id":"https:\/\/elfsight.com\/de\/#website"},"datePublished":"2024-05-03T06:39:45+00:00","dateModified":"2024-11-08T09:25:03+00:00","description":"Erstellen Sie jetzt Ihr Premium-Instagram-Widget f\u00fcr die Weebly-Website! Erstellen Sie in nur 1 Minute einen individuellen Instagram-Feed auf Elfsight.","breadcrumb":{"@id":"https:\/\/elfsight.com\/de\/instagram-feed-instashow\/weebly\/#breadcrumb"},"inLanguage":"de","potentialAction":[{"@type":"ReadAction","target":["https:\/\/elfsight.com\/de\/instagram-feed-instashow\/weebly\/"]}]},{"@type":"BreadcrumbList","@id":"https:\/\/elfsight.com\/de\/instagram-feed-instashow\/weebly\/#breadcrumb","itemListElement":[{"@type":"ListItem","position":1,"name":"Home","item":"https:\/\/elfsight.com\/de\/"},{"@type":"ListItem","position":2,"name":"Instagram Feed","item":"https:\/\/elfsight.com\/de\/instagram-feed-instashow\/"},{"@type":"ListItem","position":3,"name":"Instagram Feed &#8211; Weebly"}]},{"@type":"WebSite","@id":"https:\/\/elfsight.com\/de\/#website","url":"https:\/\/elfsight.com\/de\/","name":"Elfsight DE","description":"Just another Elfsight Sites site","potentialAction":[{"@type":"SearchAction","target":{"@type":"EntryPoint","urlTemplate":"https:\/\/elfsight.com\/de\/?s={search_term_string}"},"query-input":{"@type":"PropertyValueSpecification","valueRequired":true,"valueName":"search_term_string"}}],"inLanguage":"de"}]}},"meta_box":{"industry":"","seo_heading":"","heading":"","description":"","cta_heading":"","cta_description":"","application":"14","h1":"Instagram-Feed-Widget f\u00fcr Weebly","h1_caption":"F\u00fcgen Sie Beitr\u00e4ge von Ihrem Instagram-Konto oder per Hashtag hinzu und bieten Sie so die beste M\u00f6glichkeit, m\u00fchelos einen dynamischen Instagram-Feed auf Ihrer Website auf Ihrer Weebly-Website zu pr\u00e4sentieren.","application_category":[],"applications_title":"","applications_request_title":"","applications_request_button_text":"","hero_text":"","hero_video":"","hero_video_schema_markup":"","selling_points_title":"","selling_points_caption":"","selling_points":[],"selling_points_cta_text":"","features_title":"","features":"","ed_cta_examples_text":"","ed_cta_examples_hidden":"","ed_cta_demo_text":"","ed_cta_demo_hidden":"","why_caption":"","why_editor_title":"","why_editor_text":"","why_team_title":"","why_team_text":"","why_service_title":"","why_service_text":"","template_catalog_visible":"0","template_catalog_title":"","template_catalog_text":"","template_catalog_categories_visible":"","demo_title":"Erstellen Sie Ihre Instagram-Feed-App","demo_caption":"Konfigurieren Sie Ihren Instagram-Feed und f\u00fcgen Sie ihn kostenlos zu Ihrer Weebly-Website hinzu!","default_faq_hidden":"","app_template_category":[],"platform":"249","template_public_id":"","codecanyon_url":"","codecanyon_item_id":"","codecanyon_price":"","pricing_caption":"","pricing_elfsight_apps_hide_column":"","pricing_elfsight_apps_url":"","pricing_codecanyon_price_caption":"","integration_category":[],"integration_request_title":"","integration_request_cta":"","integration_platform":"","integrations":[],"platform_category":[],"video_schema_markup":"","price":"ab 0 $ \/ Monat","trial":"","benefits":[{"text":"Kostenloser Installationsservice"},{"text":"Premium-Support"},{"text":"14-t\u00e4gige Geld-zur\u00fcck-Garantie"},{"text":"Kontinuierliche kostenlose Updates"}],"button_url":"#demo","button_target_blank":"0","button_nofollow":"0","attributes":[{"name":"Installiert","content":"100,000 - 500,000","_state":"expanded"},{"name":"Reaktionsfreudig","content":"Ja","_state":"expanded"},{"name":"Kompatible Browser","content":"Firefox, Safari, Opera, Chrome, Edge"}],"tags":[],"tags_disable_links":"1","hide_more_platforms":"","video_object":"","demo_hide_cta":"0","demo_hide_cloud_options":"0","pricing_title":"","pricing":[{"pricing_icon":"platform","pricing_title":"Elfsight Apps","pricing_title_caption":"Plattform\u00fcbergreifende Version, die auf jeder Website funktioniert (einschlie\u00dflich Weebly)","pricing_price":"ab 0 $ \/ Monat","pricing_price_caption":"Beginnen Sie mit einem kostenlosen Plan","pricing_benefits":[{"text":"Unbegrenzte Websites"},{"text":"Premium-Support"},{"text":"Kostenloser Installationsservice"},{"text":"100 % anpassbar"}],"pricing_button_text":"Zur Website hinzuf\u00fcgen","pricing_button_url":"#demo","_state":"expanded"}],"related_apps_title":"","related_apps_hidden":"1","author":"","image":[],"title":"","job":"","social_networks":[]},"_links":{"self":[{"href":"https:\/\/elfsight.com\/de\/wp-json\/wp\/v2\/pages\/6855","targetHints":{"allow":["GET"]}}],"collection":[{"href":"https:\/\/elfsight.com\/de\/wp-json\/wp\/v2\/pages"}],"about":[{"href":"https:\/\/elfsight.com\/de\/wp-json\/wp\/v2\/types\/page"}],"author":[{"embeddable":true,"href":"https:\/\/elfsight.com\/de\/wp-json\/wp\/v2\/users\/9"}],"replies":[{"embeddable":true,"href":"https:\/\/elfsight.com\/de\/wp-json\/wp\/v2\/comments?post=6855"}],"version-history":[{"count":3,"href":"https:\/\/elfsight.com\/de\/wp-json\/wp\/v2\/pages\/6855\/revisions"}],"predecessor-version":[{"id":22717,"href":"https:\/\/elfsight.com\/de\/wp-json\/wp\/v2\/pages\/6855\/revisions\/22717"}],"up":[{"embeddable":true,"href":"https:\/\/elfsight.com\/de\/wp-json\/wp\/v2\/pages\/29"}],"wp:attachment":[{"href":"https:\/\/elfsight.com\/de\/wp-json\/wp\/v2\/media?parent=6855"}],"curies":[{"name":"wp","href":"https:\/\/api.w.org\/{rel}","templated":true}]}}