{"id":685,"date":"2020-04-30T07:41:42","date_gmt":"2020-04-30T07:41:42","guid":{"rendered":"https:\/\/elfsight.com\/de\/?page_id=685"},"modified":"2020-09-27T16:48:08","modified_gmt":"2020-09-27T16:48:08","slug":"features","status":"publish","type":"page","link":"https:\/\/elfsight.com\/de\/testimonials-slider-widget\/features\/","title":{"rendered":"Testimonials Slider &#8211; Features"},"content":{"rendered":"\n<section class=\"application-features-group section\" id=\"testimonials\">\n                    <div class=\"inner\">\n                        <div class=\"col-row\">\n                            <div class=\"col-6 col-offset-3 col-m-12 col-m-offset-0\"><\/p>\n<h3>Detaillierte Informationen zum Autor<\/h3>\n<p>Eines der wichtigsten Dinge, \u00fcber Zeugnisse, f\u00fcr Ihre Website-Nutzer vertrauensw\u00fcrdig zu sein. Der beste Weg, dies zu tun &#8211; geben Sie vollst\u00e4ndige Informationen \u00fcber den Autor. Mit unserem Widget, das Sie nicht nur Bewertungen f\u00fcr Ihre Homepage erstellen k\u00f6nnen, aber verwenden 6 verschiedene Arten von Autorendaten, um sie zuverl\u00e4ssiger und vertrauensw\u00fcrdig.\n<\/p>\n<p><div class=\"post-row col-row\"><br><div class=\"col-3 col-offset-3 col-m-12 col-m-offset-0\"><\/p>\n<p><strong>Informationen zum Autor:<\/strong><\/p>\n<ol>\n<li>Bewertungen Text<\/li>\n<li>Name des Autors<\/li>\n<li>Facebook \/ Twitter URL des Autors<\/li>\n<li>Position des Autors, Firmenname<\/li>\n<li>Foto<\/li>\n<li>Website-URL<\/li>\n<li>Firmenlogo<\/li>\n<\/ol>\n<p><\/div><br><div class=\"col-6 col-offset-0 col-m-12 col-m-offset-0\"><\/p>\n<figure><img decoding=\"async\" src=\"https:\/\/elfsight.com\/wp-content\/uploads\/2018\/05\/testimonials-feature-1.jpg\" alt=\"Bewertungen plugin mit detaillierte Informationen zum Autor\"><\/figure>\n<p><\/div><br><\/div><\/p>\n<h3>F\u00fcgen Sie Facebook- und Twitter-URLs hinzu<\/h3>\n<p>Um zu beweisen, Autoren der Bewertungen sind real &#8211; Add Autor Facebook- oder Twitter-Account URL. Das Logo neben dem Namen des Autors verweist auf sein Profil. Ihre Besucher k\u00f6nnen dem Link folgen, indem Sie auf das Logo klicken und das Profil Ihres Kunden anzeigen.<\/p>\n<figure><img decoding=\"async\" src=\"https:\/\/elfsight.com\/wp-content\/uploads\/2018\/05\/testimonials-feature-2.jpg\" alt=\"Facebook URL des Autor\"><\/figure>\n<h3>Zeigen Marken Ihrer Kunden Unternehmen<\/h3>\n<p>Wenn Sie Testimonials von Ihren Partnern haben &#8211; zeigen Sie diese Ihren Benutzern! F\u00fcgen Sie einfach das Firmenlogo hinzu und stellen Sie einen Link zur Website bereit. Je mehr Profilinformationen Sie demonstrieren, desto besser.<\/p>\n<figure><img decoding=\"async\" src=\"https:\/\/elfsight.com\/wp-content\/uploads\/2018\/05\/testimonials-feature-3.jpg\" alt=\"Kunden Bewertungen\"><\/figure>\n<p><\/div>\n                        <\/div>\n                    <\/div>\n\n                    <div class=\"application-features-group-title\">Bewertungen<\/div>\n                <\/section>\n<section class=\"application-cta-ed\">\n                    <div class=\"inner\">\n                        <div class=\"col-row\">\n                            <div class=\"col-6 col-m-12\">\n                                <div class=\"application-cta-ed-item-examples application-cta-ed-item\">\n                                    <div class=\"application-cta-ed-item-icon\">\n                                        <svg viewBox=\"0 0 25 25\" width=\"100%\" height=\"100%\">\n                                            <use xlink:href=\"#icon-desktop\"><\/use>\n                                        <\/svg>\n                                    <\/div>\n\n                                    <div class=\"application-cta-ed-item-content\">\n                                        <div class=\"application-cta-ed-item-content-title\">Anwendungsbeispiele<\/div>\n\n                                        <div class=\"application-cta-ed-item-content-text\">Sehen Sie echte Beispiele an, um das volle Potenzial von  f\u00fcr Ihre Website zu entdecken.\n                                        <\/div>\n\n                                        <a class=\"button-48 button-purple button\" href=\"\">In Aktion sehen<\/a>\n                                    <\/div>\n                                <\/div>\n                            <\/div>\n                            <div class=\"col-6 col-m-12\">\n                                <div class=\"application-cta-ed-item-demo application-cta-ed-item\">\n                                    <div class=\"application-cta-ed-item-icon\">\n                                        <svg viewBox=\"0 0 25 25\" width=\"100%\" height=\"100%\">\n                                            <use xlink:href=\"#icon-settings\"><\/use>\n                                        <\/svg>\n                                    <\/div>\n\n                                    <div class=\"application-cta-ed-item-content\">\n                                        <div class=\"application-cta-ed-item-content-title\">Live-Demo<\/div>\n\n                                        <div class=\"application-cta-ed-item-content-text\">Probieren Sie alle Funktionen von  in Live-Demo aus. Keine Zahlung, Keine Registration. Keine Codierung.\n                                        <\/div>\n\n                                        <a class=\"button-48 button-magenta button\" href=\"#demo\" data-nav-scroll-to=\"demo\">Jetzt testen<\/a>\n                                    <\/div>\n                                <\/div>\n                            <\/div>\n                        <\/div>\n                    <\/div>\n                <\/section>\n<section class=\"application-features-group section\" style=\"background-color:#fafafa;\" id=\"layouts\">\n                    <div class=\"inner\">\n                        <div class=\"col-row\">\n                            <div class=\"col-6 col-offset-3 col-m-12 col-m-offset-0\"><\/p>\n<h3>Optimale Proportionen f\u00fcr Spalten und Zeilen<\/h3>\n<p>Keine Notwendigkeit, z\u00e4hlen, wie viele Zeilen und Spalten Sie das Widget auf Ihrer Webseite platzieren m\u00fcssen. Das Widget berechnet es! \u00dcberpr\u00fcfen Sie, wie es direkt in der Live-Demo funktioniert.<\/p>\n<p><div class=\"post-row col-row\"><br><div class=\"col-12 col-offset-0 col-m-12 col-m-offset-0\"><\/p>\n<figure><img decoding=\"async\" src=\"https:\/\/elfsight.com\/wp-content\/uploads\/2018\/05\/layouts-feature-automatic-columns-distribution.jpg\"><\/figure>\n<p><\/div><br><\/div><\/p>\n<h3>Responsive Testimonials Slider layout<\/h3>\n<p>Dieses Layout dient zum Anzeigen des Bewertungs Karussells auf Ihrer Seite. Es ist die richtige Wahl, wenn Sie Ihre Zeugnisse m\u00fcssen ein Teil der Website-Inhalte sein, beispielsweise die Produktseite. Die Schieberegler Navigation funktioniert auf jedem Ger\u00e4t perfekt: Pfeile, Klick Bewegungen und Paginierung.<\/p>\n<p><div class=\"tip-yellow tip\"><br><strong>Tipp:<\/strong> W\u00e4hlen Sie das Slider Layout, wenn Sie die Bewertungen auf der Homepage oder Produktseite einbinden m\u00f6chten.<br><\/div><\/p>\n<figure class=\"browser-frame\"><img decoding=\"async\" src=\"https:\/\/elfsight.com\/wp-content\/uploads\/2018\/05\/layouts-feature-slider-layout-3.jpg\"><\/figure>\n<h3>Responsive Bewertungen Grid layout<\/h3>\n<p>Dies ist die beste Wahl f\u00fcr Ihre Bewertung Seite. Es wird den Inhaltsbereich f\u00fcllen und wirklich beeindruckend aussehen. Dies ist auch ein gutes Beispiel daf\u00fcr, wie Sie Ihre Testimonials der detaillierteste Weise darzustellen.<\/p>\n<p><div class=\"tip-yellow tip\"><br><strong>Tipp:<\/strong> Legen Sie das Grid layout fest, wenn Sie eine eigene Seite mit Kundenbewertungen auf Ihrer Website haben. <br><\/div><\/p>\n<figure class=\"browser-frame\"><img decoding=\"async\" src=\"https:\/\/elfsight.com\/wp-content\/uploads\/2018\/05\/layouts-feature-grid-layout-3.jpg\"><\/figure>\n<p><\/div>\n                        <\/div>\n                    <\/div>\n\n                    <div class=\"application-features-group-title\">Layouts<\/div>\n                <\/section>\n<section class=\"application-features-group section\" id=\"templates\">\n                    <div class=\"inner\">\n                        <div class=\"col-row\">\n                            <div class=\"col-6 col-offset-3 col-m-12 col-m-offset-0\"><\/p>\n<h3>3 Vorlagen f\u00fcr kurze Bewertungen<\/h3>\n<p>Wenn Sie viele zufriedene Kunden haben, warum nicht alle Bewertungen anzeigen? Verwenden Sie eine unserer gekachelten Vorlagen, um Ihre mehreren Kundengeschichten anzuzeigen. W\u00e4hlen Sie Klassiker, Ballon oder Postkarte &#8211; welche ist f\u00fcr Ihre Benutzer am attraktivsten?<\/p>\n<p><div class=\"post-row col-row\"><br><div class=\"col-12 col-offset-0 col-m-12 col-m-offset-0\"><\/p>\n<figure><img decoding=\"async\" src=\"https:\/\/elfsight.com\/wp-content\/uploads\/2018\/05\/templates-feature-tiled-templates.jpg\" alt=\"\"><\/figure>\n<p><\/div><br><\/div><\/p>\n<h3>3 Vorlagen f\u00fcr Kundengeschichten<\/h3>\n<p>Ihre Kunden haben eine Geschichte zu erz\u00e4hlen? Mit Hilfe von Testimonials Slider k\u00f6nnen Sie Ihre Bewertungen einzeln anzeigen: Klassisch, Scheinwerfer, Postkarte. Jedes ist eine perfekte Variante, um eine Geschichte des Kundenerlebnisses darzustellen.<\/p>\n<p><div class=\"tip-yellow tip\"><br><strong>Tipp:<\/strong> Wenn Ihr Kundenfeedback lang und detailliert ist, wird es mit einer der einzelnen Vorlagen optimal aussehen. Sie sind der effektivste Weg, um die Aufmerksamkeit der Leser zu erregen.<br><\/div><\/p>\n<p><div class=\"post-row col-row\"><br><div class=\"col-12 col-offset-0 col-m-12 col-m-offset-0\"><\/p>\n<figure><img decoding=\"async\" src=\"https:\/\/elfsight.com\/wp-content\/uploads\/2018\/05\/templates-feature-single-templates.jpg\" alt=\"Bewertungen plugin auf Website einbinden\"><\/figure>\n<p><\/div><br><\/div><\/p>\n<p><\/div>\n                        <\/div>\n                    <\/div>\n\n                    <div class=\"application-features-group-title\">VORLAGEN<\/div>\n                <\/section>\n","protected":false},"excerpt":{"rendered":"","protected":false},"author":11,"featured_media":0,"parent":677,"menu_order":0,"comment_status":"closed","ping_status":"closed","template":"templates\/template-application-features.php","meta":{"publish_to_discourse":"","publish_post_category":"","wpdc_auto_publish_overridden":"","wpdc_topic_tags":"","wpdc_pin_topic":"","wpdc_pin_until":"","discourse_post_id":"","discourse_permalink":"","wpdc_publishing_response":"","wpdc_publishing_error":"","footnotes":""},"class_list":["post-685","page","type-page","status-publish","hentry"],"yoast_head":"<!-- This site is optimized with the Yoast SEO plugin v25.3.1 - https:\/\/yoast.com\/wordpress\/plugins\/seo\/ -->\n<title>Elfsight Bewertungen Widget - \u00fcber 20 benutzerdefinierte Einstellungen<\/title>\n<meta name=\"description\" content=\"Testen Sie alle Funktionen des Bewertungen Widgets in einer Live-Demo. Benutzerdefinierte Einstellungen und responsive Layouts f\u00fcr jedes Ger\u00e4t.\" \/>\n<meta name=\"robots\" content=\"index, follow, max-snippet:-1, max-image-preview:large, max-video-preview:-1\" \/>\n<link rel=\"canonical\" href=\"https:\/\/elfsight.com\/de\/testimonials-slider-widget\/features\/\" \/>\n<meta property=\"og:locale\" content=\"de_DE\" \/>\n<meta property=\"og:type\" content=\"article\" \/>\n<meta property=\"og:title\" content=\"Elfsight Bewertungen Widget - \u00fcber 20 benutzerdefinierte Einstellungen\" \/>\n<meta property=\"og:description\" content=\"Testen Sie alle Funktionen des Bewertungen Widgets in einer Live-Demo. Benutzerdefinierte Einstellungen und responsive Layouts f\u00fcr jedes Ger\u00e4t.\" \/>\n<meta property=\"og:url\" content=\"https:\/\/elfsight.com\/de\/testimonials-slider-widget\/features\/\" \/>\n<meta property=\"og:site_name\" content=\"Elfsight DE\" \/>\n<meta property=\"article:modified_time\" content=\"2020-09-27T16:48:08+00:00\" \/>\n<meta property=\"og:image\" content=\"https:\/\/elfsight.com\/wp-content\/uploads\/2018\/05\/testimonials-feature-1.jpg\" \/>\n<meta name=\"twitter:card\" content=\"summary_large_image\" \/>\n<meta name=\"twitter:label1\" content=\"Gesch\u00e4tzte Lesezeit\" \/>\n\t<meta name=\"twitter:data1\" content=\"3\u00a0Minuten\" \/>\n<!-- \/ Yoast SEO plugin. -->","yoast_head_json":{"title":"Elfsight Bewertungen Widget - \u00fcber 20 benutzerdefinierte Einstellungen","description":"Testen Sie alle Funktionen des Bewertungen Widgets in einer Live-Demo. Benutzerdefinierte Einstellungen und responsive Layouts f\u00fcr jedes Ger\u00e4t.","robots":{"index":"index","follow":"follow","max-snippet":"max-snippet:-1","max-image-preview":"max-image-preview:large","max-video-preview":"max-video-preview:-1"},"canonical":"https:\/\/elfsight.com\/de\/testimonials-slider-widget\/features\/","og_locale":"de_DE","og_type":"article","og_title":"Elfsight Bewertungen Widget - \u00fcber 20 benutzerdefinierte Einstellungen","og_description":"Testen Sie alle Funktionen des Bewertungen Widgets in einer Live-Demo. Benutzerdefinierte Einstellungen und responsive Layouts f\u00fcr jedes Ger\u00e4t.","og_url":"https:\/\/elfsight.com\/de\/testimonials-slider-widget\/features\/","og_site_name":"Elfsight DE","article_modified_time":"2020-09-27T16:48:08+00:00","og_image":[{"url":"https:\/\/elfsight.com\/wp-content\/uploads\/2018\/05\/testimonials-feature-1.jpg","type":"","width":"","height":""}],"twitter_card":"summary_large_image","twitter_misc":{"Gesch\u00e4tzte Lesezeit":"3\u00a0Minuten"},"schema":{"@context":"https:\/\/schema.org","@graph":[{"@type":"WebPage","@id":"https:\/\/elfsight.com\/de\/testimonials-slider-widget\/features\/","url":"https:\/\/elfsight.com\/de\/testimonials-slider-widget\/features\/","name":"Elfsight Bewertungen Widget - \u00fcber 20 benutzerdefinierte Einstellungen","isPartOf":{"@id":"https:\/\/elfsight.com\/de\/#website"},"primaryImageOfPage":{"@id":"https:\/\/elfsight.com\/de\/testimonials-slider-widget\/features\/#primaryimage"},"image":{"@id":"https:\/\/elfsight.com\/de\/testimonials-slider-widget\/features\/#primaryimage"},"thumbnailUrl":"https:\/\/elfsight.com\/wp-content\/uploads\/2018\/05\/testimonials-feature-1.jpg","datePublished":"2020-04-30T07:41:42+00:00","dateModified":"2020-09-27T16:48:08+00:00","description":"Testen Sie alle Funktionen des Bewertungen Widgets in einer Live-Demo. Benutzerdefinierte Einstellungen und responsive Layouts f\u00fcr jedes Ger\u00e4t.","breadcrumb":{"@id":"https:\/\/elfsight.com\/de\/testimonials-slider-widget\/features\/#breadcrumb"},"inLanguage":"de","potentialAction":[{"@type":"ReadAction","target":["https:\/\/elfsight.com\/de\/testimonials-slider-widget\/features\/"]}]},{"@type":"ImageObject","inLanguage":"de","@id":"https:\/\/elfsight.com\/de\/testimonials-slider-widget\/features\/#primaryimage","url":"https:\/\/elfsight.com\/wp-content\/uploads\/2018\/05\/testimonials-feature-1.jpg","contentUrl":"https:\/\/elfsight.com\/wp-content\/uploads\/2018\/05\/testimonials-feature-1.jpg"},{"@type":"BreadcrumbList","@id":"https:\/\/elfsight.com\/de\/testimonials-slider-widget\/features\/#breadcrumb","itemListElement":[{"@type":"ListItem","position":1,"name":"Home","item":"https:\/\/elfsight.com\/de\/"},{"@type":"ListItem","position":2,"name":"Testimonials Slider","item":"https:\/\/elfsight.com\/de\/testimonials-slider-widget\/"},{"@type":"ListItem","position":3,"name":"Testimonials Slider &#8211; Features"}]},{"@type":"WebSite","@id":"https:\/\/elfsight.com\/de\/#website","url":"https:\/\/elfsight.com\/de\/","name":"Elfsight DE","description":"Just another Elfsight Sites site","potentialAction":[{"@type":"SearchAction","target":{"@type":"EntryPoint","urlTemplate":"https:\/\/elfsight.com\/de\/?s={search_term_string}"},"query-input":{"@type":"PropertyValueSpecification","valueRequired":true,"valueName":"search_term_string"}}],"inLanguage":"de"}]}},"meta_box":{"industry":"","seo_heading":"","heading":"","description":"","cta_heading":"","cta_description":"","application":"462","h1":"","h1_caption":"","application_category":[],"applications_title":"","applications_request_title":"","applications_request_button_text":"","hero_text":"","hero_video":"","hero_video_schema_markup":"","selling_points_title":"","selling_points_caption":"","selling_points":[],"selling_points_cta_text":"","features_title":"","features":"","ed_cta_examples_text":"","ed_cta_examples_hidden":"","ed_cta_demo_text":"","ed_cta_demo_hidden":"","why_caption":"","why_editor_title":"","why_editor_text":"","why_team_title":"","why_team_text":"","why_service_title":"","why_service_text":"","template_catalog_visible":"","template_catalog_title":"","template_catalog_text":"","template_catalog_categories_visible":"","demo_title":"","demo_caption":"","default_faq_hidden":"","app_template_category":[],"platform":"","template_public_id":"","codecanyon_url":"","codecanyon_item_id":"","codecanyon_price":"","pricing_caption":"","pricing_elfsight_apps_hide_column":"","pricing_elfsight_apps_url":"","pricing_codecanyon_price_caption":"","integration_category":[],"integration_request_title":"","integration_request_cta":"","integration_platform":"","integrations":[],"platform_category":[],"video_schema_markup":"","price":"","trial":"","benefits":[],"button_url":"","button_target_blank":"","button_nofollow":"","attributes":[],"tags":[],"tags_disable_links":"","hide_more_platforms":"","video_object":"","demo_hide_cta":"","demo_hide_cloud_options":"","pricing_title":"","pricing":[],"related_apps_title":"","related_apps_hidden":"","author":"","image":[],"title":"","job":"","social_networks":[]},"_links":{"self":[{"href":"https:\/\/elfsight.com\/de\/wp-json\/wp\/v2\/pages\/685","targetHints":{"allow":["GET"]}}],"collection":[{"href":"https:\/\/elfsight.com\/de\/wp-json\/wp\/v2\/pages"}],"about":[{"href":"https:\/\/elfsight.com\/de\/wp-json\/wp\/v2\/types\/page"}],"author":[{"embeddable":true,"href":"https:\/\/elfsight.com\/de\/wp-json\/wp\/v2\/users\/11"}],"replies":[{"embeddable":true,"href":"https:\/\/elfsight.com\/de\/wp-json\/wp\/v2\/comments?post=685"}],"version-history":[{"count":4,"href":"https:\/\/elfsight.com\/de\/wp-json\/wp\/v2\/pages\/685\/revisions"}],"predecessor-version":[{"id":689,"href":"https:\/\/elfsight.com\/de\/wp-json\/wp\/v2\/pages\/685\/revisions\/689"}],"up":[{"embeddable":true,"href":"https:\/\/elfsight.com\/de\/wp-json\/wp\/v2\/pages\/677"}],"wp:attachment":[{"href":"https:\/\/elfsight.com\/de\/wp-json\/wp\/v2\/media?parent=685"}],"curies":[{"name":"wp","href":"https:\/\/api.w.org\/{rel}","templated":true}]}}