{"id":6845,"date":"2024-05-03T06:39:32","date_gmt":"2024-05-03T06:39:32","guid":{"rendered":"https:\/\/elfsight.com\/de\/?page_id=6845"},"modified":"2026-01-28T14:19:39","modified_gmt":"2026-01-28T14:19:39","slug":"squarespace","status":"publish","type":"page","link":"https:\/\/elfsight.com\/de\/instagram-feed-instashow\/squarespace\/","title":{"rendered":"Instagram Feed &#8211; Squarespace"},"content":{"rendered":"<div class=\"application-platform-content-item-description application-platform-content-item\" id=\"description\" data-nav-section=\"description\"><h2>Instagram auf Squarespace mit einem Elfsight-Plugin einbetten<\/h2><p>InstaShow ist ein effizientes Instagram-Plugin, das es erm\u00f6glicht, faszinierende Inhalte zu erstellen Sammlungen von Instagram-Bildern und Videoclips f\u00fcr Ihre Website. Wir empfehlen Ihnen, einen Instagram-Feed hinzuzuf\u00fcgen, um Ihre Website interaktiver und sch\u00f6ner zu gestalten. Es verf\u00fcgt \u00fcber zahlreiche Anpassungsoptionen: alle Arten von Quellen werden unterst\u00fctzt, Beitragsfilter sind verf\u00fcgbar, mehr als 50 flexible Schnittstellenmerkmale und 10 Stiloptionen und es ist zu 100 % an verschiedene Ger\u00e4te anpassbar.<\/p><p><b> Mit einem vollst\u00e4ndig reaktionsf\u00e4higen und n\u00fctzlichen Plugin fesseln Sie Besucher Ihrer Website auf den ersten Blick.<\/b><\/p><ul><li><b>Erzielen Sie die besten Ergebnisse mit stilvollen Bildern<\/b>.<br> Nutzen Sie Fotos von Instagram, einer der effizientesten Plattformen zur Werbung f\u00fcr Ihre Produkte oder Dienstleistungen, und steigern Sie den Gewinn auf der Website.<\/li><li><b>Verbessern Sie Ihr Instagram-Profil<\/b> .<br>Machen Sie Ihr Konto auf Instagram \u00fcber die Website bekannt, lassen Sie mehr Benutzer auf Ihr Unternehmen aufmerksam werden und werden Sie Ihre Fans.<\/li><li><b>Beziehen Sie eine gr\u00f6\u00dfere Anzahl von Benutzern in die Website-Aktivit\u00e4ten ein<\/b>.<br>Zeigen Sie Fotos von Instagram \u00fcber unser Plugin auf Ihrer Website an, und sie werden die Aufmerksamkeit Ihrer Website-Besucher auf sich ziehen und daf\u00fcr sorgen, dass sie l\u00e4nger auf der Seite bleiben.<\/li><\/ul><div class=\"faq\" data-component=\"FAQ\"> <div class=\"faq-item\">\r\n\t\t\t\t\t<div class=\"faq-item-question\">\r\n\t\t\t\t\t\t<h3 class=\"faq-item-question-text\">Welche anderen Tools daf\u00fcr Kann Squarespace zu meiner Website hinzugef\u00fcgt werden? <\/h3>\r\n\r\n\t\t\t\t\t\t<div class=\"faq-item-question-icon\"><\/div>\r\n\t\t\t\t\t<\/div>\r\n\r\n\t\t\t\t\t<div class=\"faq-item-answer\">\r\n\t\t\t\t\t\t<div class=\"faq-item-answer-text\"> <p>Wir k\u00f6nnen Ihnen eine Vielzahl von Widgets zur Verf\u00fcgung stellen, mit denen Sie jedes Ziel auf Ihrer Website erreichen k\u00f6nnen. \u00dcberzeugen Sie sich selbst: <a href=\"https:\/\/elfsight.com\/google-reviews-widget\/squarespace\/\">Google-Bewertungen<\/a>, <a href=\"https:\/\/elfsight.com\/whatsapp-chat-widget\/squarespace\/\">WhatsApp-Chat<\/a>, <a href=\"https:\/\/elfsight.com \/event-calendar-widget\/squarespace\/\">Veranstaltungskalender<\/a>, <a href=\"https:\/\/elfsight.com\/countdown-timer-widget\/squarespace\/\">Countdown-Timer<\/a>, <a href=\"https:\/\/elfsight.com\/qr-code-widget\/squarespace\/\">QR-Code<\/a>.<\/p> <\/div>\r\n\t\t\t\t\t<\/div>\r\n\t\t\t\t<\/div> <div class=\"faq-item\">\r\n\t\t\t\t\t<div class=\"faq-item-question\">\r\n\t\t\t\t\t\t<h3 class=\"faq-item-question-text\">So betten Sie Instagram-Feeds kostenlos auf Squarespace ein ?<\/h3>\r\n\r\n\t\t\t\t\t\t<div class=\"faq-item-question-icon\"><\/div>\r\n\t\t\t\t\t<\/div>\r\n\r\n\t\t\t\t\t<div class=\"faq-item-answer\">\r\n\t\t\t\t\t\t<div class=\"faq-item-answer-text\"> <ol><p>Einbinden eines <a href=\"https:\/\/elfsight.com\/blog\/how-to-add-instagram-feed-to-squarespace\/\">einbettenden Instagram-Website<\/a>-Feeds auf Ihrer Squarespace-Website ist eine hervorragende M\u00f6glichkeit, Ihre aktuellen Beitr\u00e4ge zu pr\u00e4sentieren und die Besucherinteraktion zu st\u00e4rken. F\u00fcgen Sie Ihren Seiten einen Instagram-Feed hinzu, um das Vertrauen zu erh\u00f6hen und offener f\u00fcr Ihre Kunden zu werden.<\/p><ol><li>Einbetten eines Elfsight-Instagrams Feedieren Sie kostenlos auf Squarespace, gehen Sie zur Elfsight-Website und richten Sie ein kostenloses Konto ein.<\/li><li>Nutzen Sie das kostenlose Instagram-Plugin, indem Sie dessen Erscheinungsbild und Einstellungen an das Thema Ihrer Squarespace-Website anpassen.<\/li><li> Nachdem Sie Ihren Instagram-Feed kostenlos angepasst haben, kopieren Sie den spezifischen Einbettungscode und f\u00fcgen Sie ihn in den HTML-Code Ihrer Squarespace-Website ein, wo der Feed angezeigt werden soll.<\/li><\/ol><p>Indem Sie Ihren Instagram-Feed in Ihren Squarespace einf\u00fcgen Wenn Sie eine Website erstellen, steigern Sie deren visuelle Anziehungskraft und inspirieren die Besucher zu einer kontinuierlichen Beteiligung. Erleben Sie die Vorteile des Elfsight-Instagram-Plugins kostenlos!<\/p><\/ol><\/div>\r\n\t\t\t\t\t<\/div>\r\n\t\t\t\t<\/div> <div class=\"faq-item\">\r\n\t\t\t\t\t<div class=\"faq-item-question\">\r\n\t\t\t\t\t\t<h3 class=\"faq-item-question-text\">Gibt es eine M\u00f6glichkeit, Ihr Squarespace-Instagram-Plugin in Arbeit zu sehen?<\/h3>\r\n\r\n\t\t\t\t\t\t<div class=\"faq-item-question-icon\"><\/div>\r\n\t\t\t\t\t<\/div>\r\n\r\n\t\t\t\t\t<div class=\"faq-item-answer\">\r\n\t\t\t\t\t\t<div class=\"faq-item-answer-text\"> <p>Ja Das ist wirklich einfach, da wir eine Live-<a href=\"https:\/\/elfsight.com\/instagram-feed-instashow\/#demo\">Demo<\/a> haben! Sie k\u00f6nnen es auch verwenden, um das Plugin zu Ihrer Squarespace-Website hinzuzuf\u00fcgen.<\/p><\/div>\r\n\t\t\t\t\t<\/div>\r\n\t\t\t\t<\/div> <div class=\"faq-item\">\r\n\t\t\t\t\t<div class=\"faq-item-question\">\r\n\t\t\t\t\t\t<h3 class=\"faq-item-question-text\">Wie kann ich vom Instagram-Feed auf Squarespace profitieren?<\/h3>\r\n\r\n\t\t\t\t\t\t<div class=\"faq-item-question-icon\"><\/div>\r\n\t\t\t\t\t<\/div>\r\n\r\n\t\t\t\t\t<div class=\"faq-item-answer\">\r\n\t\t\t\t\t\t<div class=\"faq-item-answer-text\"> <p>Es gibt eine Option, <strong>zu profitieren Mehr Profil-Follower<\/strong> mit Hilfe eines CTA-Buttons. Das Publikum auf Instagram ist begrenzt, aber Ihre Website kann eine Reihe von Menschen au\u00dferhalb der App anziehen. Dar\u00fcber hinaus k\u00f6nnen Sie auf Squarespace einen Instagram-Beitrag einbetten, um einen Artikel oder ein Zitat zu illustrieren. Es ist eine gute Idee, Instagram-Inhalte zu Ihrer Website hinzuzuf\u00fcgen, da diese <strong>st\u00e4ndig aktualisiert<\/strong> werden und f\u00fcr Ihr Unternehmen relevante Informationen enthalten.<\/p><\/div>\r\n\t\t\t\t\t<\/div>\r\n\t\t\t\t<\/div><\/div><\/div><div class=\"application-platform-content-item-features application-platform-content-item\" id=\"features\" data-nav-section=\"features\"><h2>Hauptfunktionen des Instagram-Feed-Plugins<\/h2><p>F\u00fcgen Sie Instagram-Feed zu Squarespace hinzu, um von verschiedenen Funktionen zu profitieren, mit denen wir dieses Plugin aktiviert haben. Die wichtigsten Funktionsmerkmale des Elfsight-Plugins, die es zum besten Squarespace-Tool zum Einbetten von Instagram-Posts machen:<\/p><ul><li>Verwenden Sie eine unbegrenzte Anzahl von Quellen zur Anzeige auf Ihrer Website;<\/li><li>2 gebrauchsfertige Feed-Layouts: Slider und Grid;<\/li><li>Drei Aktionsvarianten beim Bildklick: Popup, Instagram oder keines;<\/li><li>11 \u00fcbermalbare Elemente;<\/li><li>Mobile Optimierungsoption f\u00fcr verschiedene Ger\u00e4te.<\/li><\/ul><p><a href=\"#demo\">Weitere Funktionen in unserem Editor<\/a><\/p><p>Zus\u00e4tzlich zu Mit all diesen erstaunlichen Vorteilen k\u00f6nnen Sie den Instagram-Feed auf Squarespace einbetten, um E-Commerce-Erfolg zu erzielen. Beispielsweise k\u00f6nnen Sie <strong>den Social Proof steigern<\/strong>, wenn Ihre Beitr\u00e4ge Dankesch\u00f6n-Bewertungen enthalten. Oder steigern Sie das Engagement, weil Menschen mit wundersch\u00f6nen Fotos aus ihrer Lieblings-App interagieren, Popups \u00f6ffnen und Kommentare lesen.<\/p><\/div><div class=\"application-platform-content-item-installation application-platform-content-item\" id=\"installation\" data-nav-section=\"installation\"><h2>So f\u00fcgen Sie Instagram-Feed zur Squarespace-Website hinzu <\/h2><div class=\"video-container\"><iframe allowfullscreen=\"\" frameborder=\"0\" height=\"405\" src=\"https:\/\/www.youtube.com\/embed\/4E9cogkAl4M?si=VxK3zM6O01xqYsUU\" width=\"720\"><\/iframe><\/div><p>Lesen Sie unsere kurze Anleitung zum Einbetten und Generieren des Plugins. Die ungef\u00e4hre Installationszeit betr\u00e4gt etwa 1 Minute. Au\u00dferdem sind daf\u00fcr keine Entwicklungskenntnisse erforderlich.<\/p><ol><li><b>Erstellen Sie Ihren pers\u00f6nlichen Instagram-Feed<\/b>.<br>Mit unserem kostenlosen Konfigurator, generieren Sie ein Plugin mit der erforderlichen Vorlage und den erforderlichen Funktionen.<\/li><li><b>Besorgen Sie sich einen Code zum Einrichten des Plugins<\/b>.<br>Besorgen Sie sich nach der Widget-Anpassung einen Code f\u00fcr das Instagram-Plugin von der angezeigten Seite Fenster auf Elfsight Apps.<\/li><li><b>Zeigen Sie das Plugin auf der SquareSpace-Website an<\/b>.<br>Platzieren Sie das Plugin an der gew\u00fcnschten Stelle der Website und speichern Sie die \u00c4nderungen.<\/li><li><b>Die Integration ist erfolgreich!<\/b>.<br>Besuchen Sie Ihre Website, um Ihr Plugin zu sehen.<\/li><\/ol><p>Stolken Sie auf Probleme bei der Installation des Plugins oder beim Anpassen? Senden Sie eine Nachricht an den Elfsight-Kundensupport.<\/p><\/div>","protected":false},"excerpt":{"rendered":"","protected":false},"author":9,"featured_media":0,"parent":29,"menu_order":0,"comment_status":"closed","ping_status":"closed","template":"templates\/template-application-platform.php","meta":{"publish_to_discourse":"","publish_post_category":"","wpdc_auto_publish_overridden":"","wpdc_topic_tags":"","wpdc_pin_topic":"","wpdc_pin_until":"","discourse_post_id":"","discourse_permalink":"","wpdc_publishing_response":"","wpdc_publishing_error":"","footnotes":""},"class_list":["post-6845","page","type-page","status-publish","hentry"],"yoast_head":"<!-- This site is optimized with the Yoast SEO plugin v25.3.1 - https:\/\/yoast.com\/wordpress\/plugins\/seo\/ -->\n<title>Squarespace Instagram Feed \u2013 Instagram zu Squarespace hinzuf\u00fcgen [ 2025 ]<\/title>\n<meta name=\"description\" content=\"F\u00fcgen Sie jetzt den Instagram-Feed zur Squarespace-Website hinzu! Erstellen Sie in nur 2 Minuten ein personalisiertes Squarespace-Instagram-Widget von Elfsight.\" \/>\n<meta name=\"robots\" content=\"index, follow, max-snippet:-1, max-image-preview:large, max-video-preview:-1\" \/>\n<link rel=\"canonical\" href=\"https:\/\/elfsight.com\/de\/instagram-feed-instashow\/squarespace\/\" \/>\n<meta property=\"og:locale\" content=\"de_DE\" \/>\n<meta property=\"og:type\" content=\"article\" \/>\n<meta property=\"og:title\" content=\"Squarespace Instagram Feed \u2013 Instagram zu Squarespace hinzuf\u00fcgen [ 2025 ]\" \/>\n<meta property=\"og:description\" content=\"F\u00fcgen Sie jetzt den Instagram-Feed zur Squarespace-Website hinzu! Erstellen Sie in nur 2 Minuten ein personalisiertes Squarespace-Instagram-Widget von Elfsight.\" \/>\n<meta property=\"og:url\" content=\"https:\/\/elfsight.com\/de\/instagram-feed-instashow\/squarespace\/\" \/>\n<meta property=\"og:site_name\" content=\"Elfsight DE\" \/>\n<meta property=\"article:modified_time\" content=\"2026-01-28T14:19:39+00:00\" \/>\n<meta name=\"twitter:card\" content=\"summary_large_image\" \/>\n<meta name=\"twitter:label1\" content=\"Gesch\u00e4tzte Lesezeit\" \/>\n\t<meta name=\"twitter:data1\" content=\"5\u00a0Minuten\" \/>\n<!-- \/ Yoast SEO plugin. -->","yoast_head_json":{"title":"Squarespace Instagram Feed \u2013 Instagram zu Squarespace hinzuf\u00fcgen [ 2025 ]","description":"F\u00fcgen Sie jetzt den Instagram-Feed zur Squarespace-Website hinzu! Erstellen Sie in nur 2 Minuten ein personalisiertes Squarespace-Instagram-Widget von Elfsight.","robots":{"index":"index","follow":"follow","max-snippet":"max-snippet:-1","max-image-preview":"max-image-preview:large","max-video-preview":"max-video-preview:-1"},"canonical":"https:\/\/elfsight.com\/de\/instagram-feed-instashow\/squarespace\/","og_locale":"de_DE","og_type":"article","og_title":"Squarespace Instagram Feed \u2013 Instagram zu Squarespace hinzuf\u00fcgen [ 2025 ]","og_description":"F\u00fcgen Sie jetzt den Instagram-Feed zur Squarespace-Website hinzu! Erstellen Sie in nur 2 Minuten ein personalisiertes Squarespace-Instagram-Widget von Elfsight.","og_url":"https:\/\/elfsight.com\/de\/instagram-feed-instashow\/squarespace\/","og_site_name":"Elfsight DE","article_modified_time":"2026-01-28T14:19:39+00:00","twitter_card":"summary_large_image","twitter_misc":{"Gesch\u00e4tzte Lesezeit":"5\u00a0Minuten"},"schema":{"@context":"https:\/\/schema.org","@graph":[{"@type":"WebPage","@id":"https:\/\/elfsight.com\/de\/instagram-feed-instashow\/squarespace\/","url":"https:\/\/elfsight.com\/de\/instagram-feed-instashow\/squarespace\/","name":"Squarespace Instagram Feed \u2013 Instagram zu Squarespace hinzuf\u00fcgen [ 2025 ]","isPartOf":{"@id":"https:\/\/elfsight.com\/de\/#website"},"datePublished":"2024-05-03T06:39:32+00:00","dateModified":"2026-01-28T14:19:39+00:00","description":"F\u00fcgen Sie jetzt den Instagram-Feed zur Squarespace-Website hinzu! Erstellen Sie in nur 2 Minuten ein personalisiertes Squarespace-Instagram-Widget von Elfsight.","breadcrumb":{"@id":"https:\/\/elfsight.com\/de\/instagram-feed-instashow\/squarespace\/#breadcrumb"},"inLanguage":"de","potentialAction":[{"@type":"ReadAction","target":["https:\/\/elfsight.com\/de\/instagram-feed-instashow\/squarespace\/"]}]},{"@type":"BreadcrumbList","@id":"https:\/\/elfsight.com\/de\/instagram-feed-instashow\/squarespace\/#breadcrumb","itemListElement":[{"@type":"ListItem","position":1,"name":"Home","item":"https:\/\/elfsight.com\/de\/"},{"@type":"ListItem","position":2,"name":"Instagram Feed","item":"https:\/\/elfsight.com\/de\/instagram-feed-instashow\/"},{"@type":"ListItem","position":3,"name":"Instagram Feed &#8211; Squarespace"}]},{"@type":"WebSite","@id":"https:\/\/elfsight.com\/de\/#website","url":"https:\/\/elfsight.com\/de\/","name":"Elfsight DE","description":"Just another Elfsight Sites site","potentialAction":[{"@type":"SearchAction","target":{"@type":"EntryPoint","urlTemplate":"https:\/\/elfsight.com\/de\/?s={search_term_string}"},"query-input":{"@type":"PropertyValueSpecification","valueRequired":true,"valueName":"search_term_string"}}],"inLanguage":"de"}]}},"meta_box":{"industry":"","seo_heading":"","heading":"","description":"","cta_heading":"","cta_description":"","application":"14","h1":"Squarespace Instagram-Feed-Widget","h1_caption":"F\u00fcgen Sie Beitr\u00e4ge von Ihrem Instagram-Konto oder per Hashtag hinzu und bieten Sie so die beste M\u00f6glichkeit, m\u00fchelos einen dynamischen Instagram-Feed auf Ihrer Website auf Ihrer Squarespace-Website zu pr\u00e4sentieren.","application_category":[],"applications_title":"","applications_request_title":"","applications_request_button_text":"","hero_text":"","hero_video":"","hero_video_schema_markup":"","selling_points_title":"","selling_points_caption":"","selling_points":[],"selling_points_cta_text":"","features_title":"","features":"","ed_cta_examples_text":"","ed_cta_examples_hidden":"","ed_cta_demo_text":"","ed_cta_demo_hidden":"","why_caption":"","why_editor_title":"","why_editor_text":"","why_team_title":"","why_team_text":"","why_service_title":"","why_service_text":"","template_catalog_visible":"0","template_catalog_title":"","template_catalog_text":"","template_catalog_categories_visible":"","demo_title":"Erstellen Sie Ihr Instagram-Feed-Plugin","demo_caption":"Konfigurieren Sie Ihren Instagram-Feed und f\u00fcgen Sie ihn kostenlos zu Ihrer Squarespace-Website hinzu!","default_faq_hidden":"","app_template_category":[],"platform":"252","template_public_id":"","codecanyon_url":"","codecanyon_item_id":"","codecanyon_price":"","pricing_caption":"","pricing_elfsight_apps_hide_column":"","pricing_elfsight_apps_url":"","pricing_codecanyon_price_caption":"","integration_category":[],"integration_request_title":"","integration_request_cta":"","integration_platform":"","integrations":[],"platform_category":[],"video_schema_markup":"","price":"ab 0 $ \/ Monat","trial":"","benefits":[{"text":"Kostenlose Installationshilfe"},{"text":"Au\u00dfergew\u00f6hnlicher Support"},{"text":"14-t\u00e4gige Geld-zur\u00fcck-Garantie"},{"text":"Zuk\u00fcnftige kostenlose Verbesserungen"}],"button_url":"#demo","button_target_blank":"0","button_nofollow":"0","attributes":[{"name":"Installiert","content":"100,000 - 500,000","_state":"expanded"},{"name":"Reaktionsfreudig","content":"Ja","_state":"expanded"},{"name":"Kompatible Browser","content":"Firefox, Safari, Opera, Chrome, Edge"}],"tags":[],"tags_disable_links":"1","hide_more_platforms":"0","video_object":"","demo_hide_cta":"0","demo_hide_cloud_options":"0","pricing_title":"","pricing":[{"pricing_icon":"platform","pricing_title":"Elfsight Apps","pricing_title_caption":"Multiplattform-Version, die f\u00fcr jede Website geeignet ist","pricing_price":"ab 0 $ \/ Monat","pricing_price_caption":"Beginnen Sie mit einem kostenlosen Plan","pricing_benefits":[{"text":"Unbegrenzte Websites"},{"text":"Support rund um die Uhr und gut dokumentiert"},{"text":"Kostenloser Installationsservice"},{"text":"100 % anpassbar"}],"pricing_button_text":"Zur Website hinzuf\u00fcgen","pricing_button_url":"#demo","_state":"expanded"}],"related_apps_title":"","related_apps_hidden":"1","author":"","image":[],"title":"","job":"","social_networks":[]},"_links":{"self":[{"href":"https:\/\/elfsight.com\/de\/wp-json\/wp\/v2\/pages\/6845","targetHints":{"allow":["GET"]}}],"collection":[{"href":"https:\/\/elfsight.com\/de\/wp-json\/wp\/v2\/pages"}],"about":[{"href":"https:\/\/elfsight.com\/de\/wp-json\/wp\/v2\/types\/page"}],"author":[{"embeddable":true,"href":"https:\/\/elfsight.com\/de\/wp-json\/wp\/v2\/users\/9"}],"replies":[{"embeddable":true,"href":"https:\/\/elfsight.com\/de\/wp-json\/wp\/v2\/comments?post=6845"}],"version-history":[{"count":4,"href":"https:\/\/elfsight.com\/de\/wp-json\/wp\/v2\/pages\/6845\/revisions"}],"predecessor-version":[{"id":25614,"href":"https:\/\/elfsight.com\/de\/wp-json\/wp\/v2\/pages\/6845\/revisions\/25614"}],"up":[{"embeddable":true,"href":"https:\/\/elfsight.com\/de\/wp-json\/wp\/v2\/pages\/29"}],"wp:attachment":[{"href":"https:\/\/elfsight.com\/de\/wp-json\/wp\/v2\/media?parent=6845"}],"curies":[{"name":"wp","href":"https:\/\/api.w.org\/{rel}","templated":true}]}}