{"id":6838,"date":"2024-05-03T06:40:55","date_gmt":"2024-05-03T06:40:55","guid":{"rendered":"https:\/\/elfsight.com\/de\/?page_id=6838"},"modified":"2025-02-21T12:08:24","modified_gmt":"2025-02-21T12:08:24","slug":"weebly","status":"publish","type":"page","link":"https:\/\/elfsight.com\/de\/logo-showcase-widget\/weebly\/","title":{"rendered":"Logo Showcase &#8211; Weebly"},"content":{"rendered":"\n<div class=\"application-platform-content-item-description application-platform-content-item\" id=\"description\" data-nav-section=\"description\"><h2>Beschreibung<\/h2> <p>Elfsight Logo Showcase ist die einfachste Technik zur Pr\u00e4sentation von Kunden- oder Sponsorenlogos oder Ihren Erw\u00e4hnungen im Dr\u00fccken Sie auf Ihrer Website. Mit unserem Widget k\u00f6nnen Sie Besucher davon \u00fcberzeugen, dass Sie ein glaubw\u00fcrdiger Begleiter sind und eine positive Wahrnehmung Ihres Unternehmens aufrechterhalten. Mit dem Elfsight-Widget k\u00f6nnen Sie beliebig viele Logos integrieren, sie in einen Schieberegler oder ein Raster einbauen und die Gr\u00f6\u00dfe der Logos \u00e4ndern. Sie k\u00f6nnen Bildunterschriften und Links zur Website des Unternehmens anzeigen. Durch Anpassen der Farb- und Schriftarteneinstellungen k\u00f6nnen Sie ganz einfach eine personalisierte Benutzeroberfl\u00e4che erstellen.<\/p><p><b>Erh\u00f6hen Sie den Umsatz und zeigen Sie Ihren hervorragenden Ruf als Unternehmen mit den Logos von Partnern auf Ihrer Website.<\/b><\/p><\/div><div class=\"application-platform-content-item-features application-platform-content-item\" id=\"features\" data-nav-section=\"features\"><h2>Funktionen<\/h2> <p>\u00dcberpr\u00fcfen Sie alle Funktionen von Logo Showcase. Sie k\u00f6nnen sie direkt im Editor festlegen und sie helfen Ihnen dabei, das Widget genau f\u00fcr Ihren Anwendungsfall zu gestalten. <\/p><ul><li>Sie k\u00f6nnen jedes Logo mit einer beliebigen Webseite verkn\u00fcpfen. <\/li><li>Der flexible Widget-Header verf\u00fcgt \u00fcber Titel und Text mit Formatierungsoptionen. <\/li><li>CTA-Button kann per Klick zu jeder Adresse f\u00fchren; <\/li><li>3 ausgewogene Widget-Layouts: Slider, Grid und Karussell; <\/li><li>Eine Option zum Anpassen der Logogr\u00f6\u00dfe und des Widget-Breitenparameters; <\/li><li>Eine Option zur Auswahl einer beliebigen Hintergrundfarbe oder zum Hinzuf\u00fcgen eines eigenen Bildes. <\/li><\/ul><p><a href=\"#demo\">Sehen Sie in unserer Demo, wie alle Funktionen funktionieren<\/a><\/p><\/div><div class=\"application-platform-content-item-installation application-platform-content-item\" id=\"installation\" data-nav-section=\"installation\"> <h2>Wie integriere ich Logo Showcase in meine Weebly-Website? <\/h2><div class=\"video-container\"><iframe width=\"560\" height=\"315\" src=\"https:\/\/www.youtube.com\/embed\/H_rhFyreuvc?si=myFKrabobx9WmXIS\" frameborder=\"0\" allow=\"accelerometer; autoplay; clipboard-write; encrypted-media; gyroscope; picture-in-picture; web-share\" allowfullscreen><\/iframe><\/div><p>Um das Widget einzuf\u00fchren, f\u00fchren Sie die folgenden schnellen Schritte aus<\/p><ol><li><b>F\u00fchren Sie unseren kostenlosen Konfigurator aus und beginnen Sie mit der Erstellung Ihrer benutzerdefinierten App. <\/b><br> W\u00e4hlen Sie das benutzerdefinierte Formular und die Funktionen der App und wenden Sie alle Korrekturen an. <\/li> <li><b>Erhalten Sie den pers\u00f6nlichen Code, der im speziellen Formular auf Elfsight Apps angezeigt wird. <\/b><br> Wenn die Einrichtung Ihrer App abgeschlossen ist, kopieren Sie Ihren Code im angezeigten Fenster und speichern Sie ihn f\u00fcr die zuk\u00fcnftige Verwendung. <\/li> <li><b>Beginnen Sie mit der Anwendung der App auf der Weebly-Website. <\/b><br> F\u00fcgen Sie den zuvor gespeicherten Code in Ihre Webseite ein und speichern Sie die \u00c4nderungen. <\/li> <li><b>Die Einrichtung ist vollst\u00e4ndig abgeschlossen. <\/b><br> \u00d6ffnen Sie Ihre Webseite, um zu \u00fcberpr\u00fcfen, wie die App funktioniert. <\/li><\/ol><p>Z\u00f6gern Sie nicht, sich an unseren Support zu wenden, wenn Sie Hilfe ben\u00f6tigen oder Probleme haben. Wir helfen Ihnen gerne bei jedem Anliegen weiter. <\/p><div class=\"faq\" data-component=\"FAQ\"><div class=\"faq-item\">\r\n\t\t\t\t\t<div class=\"faq-item-question\">\r\n\t\t\t\t\t\t<h3 class=\"faq-item-question-text\">Gibt es eine Option zum Einbetten von Logo Showcase in meine Weebly-Site ohne Programmierkenntnisse?<\/h3>\r\n\r\n\t\t\t\t\t\t<div class=\"faq-item-question-icon\"><\/div>\r\n\t\t\t\t\t<\/div>\r\n\r\n\t\t\t\t\t<div class=\"faq-item-answer\">\r\n\t\t\t\t\t\t<div class=\"faq-item-answer-text\"> <p>Das Unternehmen Elfsight bietet eine Cloud-L\u00f6sung an, mit der Benutzer selbst eine Logo Showcase-App erstellen k\u00f6nnen. Pr\u00fcfen Sie, wie unkompliziert es ist: Erstellen Sie direkt in der Online-Demo ein Logo Showcase-Plugin, das Sie auf Ihrer Weebly-Homepage einbinden m\u00f6chten. W\u00e4hlen Sie eine unserer vorgefertigten Vorlagen und passen Sie die Logo Showcase-Einstellungen an, aktualisieren Sie Ihre Inhalte, \u00e4ndern Sie das Layout und das Farbschema ohne Programmierkenntnisse. Klicken Sie hier, um die Einstellungen, die Sie in Logo Showcase vorgenommen haben, zu speichern und den Installationscode zu erhalten, der problemlos in die Weebly-Homepage eingef\u00fcgt werden kann, ohne ein kostenpflichtiges Abonnement zu kaufen. Mit dem benutzerfreundlichen Konfigurator kann jeder Webbenutzer online eine Logo Showcase-App erstellen und diese m\u00fchelos in die Weebly-Website einbinden. F\u00fcr den Zugriff auf den Elfsight Editor ist es nicht erforderlich, einen kostenpflichtigen Plan abzuschlie\u00dfen oder Ihre Kartendaten einzureichen. Sollten bei irgendeinem Schritt Probleme auftreten, z\u00f6gern Sie bitte nicht, mit unserem Support-Personal zu sprechen.<\/p> <\/div>\r\n\t\t\t\t\t<\/div>\r\n\t\t\t\t<\/div> <\/div><\/div>\n","protected":false},"excerpt":{"rendered":"","protected":false},"author":9,"featured_media":0,"parent":1982,"menu_order":0,"comment_status":"closed","ping_status":"closed","template":"templates\/template-application-platform.php","meta":{"publish_to_discourse":"","publish_post_category":"","wpdc_auto_publish_overridden":"","wpdc_topic_tags":"","wpdc_pin_topic":"","wpdc_pin_until":"","discourse_post_id":"","discourse_permalink":"","wpdc_publishing_response":"","wpdc_publishing_error":"","footnotes":""},"class_list":["post-6838","page","type-page","status-publish","hentry"],"yoast_head":"<!-- This site is optimized with the Yoast SEO plugin v25.3.1 - https:\/\/yoast.com\/wordpress\/plugins\/seo\/ -->\n<title>Logo Carusel \u2013 Logo Carusel-App zur Weebly-Website hinzuf\u00fcgen (2025)<\/title>\n<meta name=\"description\" content=\"Es ist ganz einfach, Ihre Logo Showcase-App zu erstellen und sie auf Ihrer Weebly-Website hinzuzuf\u00fcgen. Der Elfsight-Kundendienst ist kostenlos und schnell.\" \/>\n<meta name=\"robots\" content=\"index, follow, max-snippet:-1, max-image-preview:large, max-video-preview:-1\" \/>\n<link rel=\"canonical\" href=\"https:\/\/elfsight.com\/de\/logo-showcase-widget\/weebly\/\" \/>\n<meta property=\"og:locale\" content=\"de_DE\" \/>\n<meta property=\"og:type\" content=\"article\" \/>\n<meta property=\"og:title\" content=\"Logo Carusel \u2013 Logo Carusel-App zur Weebly-Website hinzuf\u00fcgen (2025)\" \/>\n<meta property=\"og:description\" content=\"Es ist ganz einfach, Ihre Logo Showcase-App zu erstellen und sie auf Ihrer Weebly-Website hinzuzuf\u00fcgen. Der Elfsight-Kundendienst ist kostenlos und schnell.\" \/>\n<meta property=\"og:url\" content=\"https:\/\/elfsight.com\/de\/logo-showcase-widget\/weebly\/\" \/>\n<meta property=\"og:site_name\" content=\"Elfsight DE\" \/>\n<meta property=\"article:modified_time\" content=\"2025-02-21T12:08:24+00:00\" \/>\n<meta name=\"twitter:card\" content=\"summary_large_image\" \/>\n<meta name=\"twitter:label1\" content=\"Gesch\u00e4tzte Lesezeit\" \/>\n\t<meta name=\"twitter:data1\" content=\"3\u00a0Minuten\" \/>\n<!-- \/ Yoast SEO plugin. -->","yoast_head_json":{"title":"Logo Carusel \u2013 Logo Carusel-App zur Weebly-Website hinzuf\u00fcgen (2025)","description":"Es ist ganz einfach, Ihre Logo Showcase-App zu erstellen und sie auf Ihrer Weebly-Website hinzuzuf\u00fcgen. Der Elfsight-Kundendienst ist kostenlos und schnell.","robots":{"index":"index","follow":"follow","max-snippet":"max-snippet:-1","max-image-preview":"max-image-preview:large","max-video-preview":"max-video-preview:-1"},"canonical":"https:\/\/elfsight.com\/de\/logo-showcase-widget\/weebly\/","og_locale":"de_DE","og_type":"article","og_title":"Logo Carusel \u2013 Logo Carusel-App zur Weebly-Website hinzuf\u00fcgen (2025)","og_description":"Es ist ganz einfach, Ihre Logo Showcase-App zu erstellen und sie auf Ihrer Weebly-Website hinzuzuf\u00fcgen. Der Elfsight-Kundendienst ist kostenlos und schnell.","og_url":"https:\/\/elfsight.com\/de\/logo-showcase-widget\/weebly\/","og_site_name":"Elfsight DE","article_modified_time":"2025-02-21T12:08:24+00:00","twitter_card":"summary_large_image","twitter_misc":{"Gesch\u00e4tzte Lesezeit":"3\u00a0Minuten"},"schema":{"@context":"https:\/\/schema.org","@graph":[{"@type":"WebPage","@id":"https:\/\/elfsight.com\/de\/logo-showcase-widget\/weebly\/","url":"https:\/\/elfsight.com\/de\/logo-showcase-widget\/weebly\/","name":"Logo Carusel \u2013 Logo Carusel-App zur Weebly-Website hinzuf\u00fcgen (2025)","isPartOf":{"@id":"https:\/\/elfsight.com\/de\/#website"},"datePublished":"2024-05-03T06:40:55+00:00","dateModified":"2025-02-21T12:08:24+00:00","description":"Es ist ganz einfach, Ihre Logo Showcase-App zu erstellen und sie auf Ihrer Weebly-Website hinzuzuf\u00fcgen. Der Elfsight-Kundendienst ist kostenlos und schnell.","breadcrumb":{"@id":"https:\/\/elfsight.com\/de\/logo-showcase-widget\/weebly\/#breadcrumb"},"inLanguage":"de","potentialAction":[{"@type":"ReadAction","target":["https:\/\/elfsight.com\/de\/logo-showcase-widget\/weebly\/"]}]},{"@type":"BreadcrumbList","@id":"https:\/\/elfsight.com\/de\/logo-showcase-widget\/weebly\/#breadcrumb","itemListElement":[{"@type":"ListItem","position":1,"name":"Home","item":"https:\/\/elfsight.com\/de\/"},{"@type":"ListItem","position":2,"name":"Logo Showcase","item":"https:\/\/elfsight.com\/de\/logo-showcase-widget\/"},{"@type":"ListItem","position":3,"name":"Logo Showcase &#8211; Weebly"}]},{"@type":"WebSite","@id":"https:\/\/elfsight.com\/de\/#website","url":"https:\/\/elfsight.com\/de\/","name":"Elfsight DE","description":"Just another Elfsight Sites site","potentialAction":[{"@type":"SearchAction","target":{"@type":"EntryPoint","urlTemplate":"https:\/\/elfsight.com\/de\/?s={search_term_string}"},"query-input":{"@type":"PropertyValueSpecification","valueRequired":true,"valueName":"search_term_string"}}],"inLanguage":"de"}]}},"meta_box":{"industry":"","seo_heading":"","heading":"","description":"","cta_heading":"","cta_description":"","application":"499","h1":"Weebly-Logo-Schaufenster","h1_caption":"Zeigen Sie die Logos Ihrer Partner, Sponsoren oder Kunden an und bauen Sie so m\u00fchelos Glaubw\u00fcrdigkeit und Vertrauen f\u00fcr Ihre Marke auf Ihrer Weebly-Website auf.","application_category":[],"applications_title":"","applications_request_title":"","applications_request_button_text":"","hero_text":"","hero_video":"","hero_video_schema_markup":"","selling_points_title":"","selling_points_caption":"","selling_points":[],"selling_points_cta_text":"","features_title":"","features":"","ed_cta_examples_text":"","ed_cta_examples_hidden":"","ed_cta_demo_text":"","ed_cta_demo_hidden":"","why_caption":"","why_editor_title":"","why_editor_text":"","why_team_title":"","why_team_text":"","why_service_title":"","why_service_text":"","template_catalog_visible":"0","template_catalog_title":"","template_catalog_text":"","template_catalog_categories_visible":"","demo_title":"Erstellen Sie Ihre Logo Showcase-App","demo_caption":"Konfigurieren Sie Ihr Logo-Showcase und f\u00fcgen Sie es kostenlos Ihrer Weebly-Website hinzu!","default_faq_hidden":"","app_template_category":[],"platform":"249","template_public_id":"","codecanyon_url":"","codecanyon_item_id":"","codecanyon_price":"","pricing_caption":"","pricing_elfsight_apps_hide_column":"","pricing_elfsight_apps_url":"","pricing_codecanyon_price_caption":"","integration_category":[],"integration_request_title":"","integration_request_cta":"","integration_platform":"","integrations":[],"platform_category":[],"video_schema_markup":"","price":"ab 0 $ \/ Monat","trial":"","benefits":[{"text":"Kostenloser Installationsservice"},{"text":"Au\u00dfergew\u00f6hnlicher Support"},{"text":"14-t\u00e4gige Geld-zur\u00fcck-Garantie"},{"text":"Laufende Updates"}],"button_url":"#demo","button_target_blank":"0","button_nofollow":"0","attributes":[{"name":"Installiert","content":"10,000 - 100,000","_state":"expanded"},{"name":"Reaktionsfreudig","content":"Ja","_state":"expanded"},{"name":"Kompatible Browser","content":"Firefox, Safari, Opera, Chrome, Edge"}],"tags":[],"tags_disable_links":"1","hide_more_platforms":"0","video_object":"","demo_hide_cta":"0","demo_hide_cloud_options":"0","pricing_title":"","pricing":[{"pricing_icon":"platform","pricing_title":"Elfsight Apps","pricing_title_caption":"Multiplattform-L\u00f6sung","pricing_price":"ab 0 $ \/ Monat","pricing_price_caption":"Beginnen Sie mit einem kostenlosen Plan","pricing_benefits":[{"text":"Unbegrenzte Domains"},{"text":"24\/7 und p\u00fcnktlicher Support"},{"text":"Kostenloser Installationsservice"},{"text":"Vollst\u00e4ndig anpassbar"}],"pricing_button_text":"Zur Website hinzuf\u00fcgen","pricing_button_url":"#demo","_state":"expanded"}],"related_apps_title":"","related_apps_hidden":"1","author":"","image":[],"title":"","job":"","social_networks":[]},"_links":{"self":[{"href":"https:\/\/elfsight.com\/de\/wp-json\/wp\/v2\/pages\/6838","targetHints":{"allow":["GET"]}}],"collection":[{"href":"https:\/\/elfsight.com\/de\/wp-json\/wp\/v2\/pages"}],"about":[{"href":"https:\/\/elfsight.com\/de\/wp-json\/wp\/v2\/types\/page"}],"author":[{"embeddable":true,"href":"https:\/\/elfsight.com\/de\/wp-json\/wp\/v2\/users\/9"}],"replies":[{"embeddable":true,"href":"https:\/\/elfsight.com\/de\/wp-json\/wp\/v2\/comments?post=6838"}],"version-history":[{"count":3,"href":"https:\/\/elfsight.com\/de\/wp-json\/wp\/v2\/pages\/6838\/revisions"}],"predecessor-version":[{"id":24706,"href":"https:\/\/elfsight.com\/de\/wp-json\/wp\/v2\/pages\/6838\/revisions\/24706"}],"up":[{"embeddable":true,"href":"https:\/\/elfsight.com\/de\/wp-json\/wp\/v2\/pages\/1982"}],"wp:attachment":[{"href":"https:\/\/elfsight.com\/de\/wp-json\/wp\/v2\/media?parent=6838"}],"curies":[{"name":"wp","href":"https:\/\/api.w.org\/{rel}","templated":true}]}}