{"id":6837,"date":"2024-05-03T06:39:23","date_gmt":"2024-05-03T06:39:23","guid":{"rendered":"https:\/\/elfsight.com\/de\/?page_id=6837"},"modified":"2024-11-07T15:07:13","modified_gmt":"2024-11-07T15:07:13","slug":"prestashop","status":"publish","type":"page","link":"https:\/\/elfsight.com\/de\/instagram-feed-instashow\/prestashop\/","title":{"rendered":"Instagram Feed &#8211; PrestaShop"},"content":{"rendered":"\n<div class=\"application-platform-content-item-description application-platform-content-item\" id=\"description\" data-nav-section=\"description\"> <h2>Beschreibung<\/h2> <p>Elfsight Instagram Feed f\u00fcr Prestashop ist eine Erweiterung, die Sie bei allen aktuellen Anforderungen beim Erhalten von Eindr\u00fccken und Anfragen unterst\u00fctzen soll von Benutzern Ihrer Website. Demonstrieren Sie die zum Ausf\u00fcllen erforderlichen Aspekte, finden Sie Ihre bevorzugte Vorlage und personalisieren Sie die Benutzeroberfl\u00e4che, um Ihre Kunden noch mehr zu inspirieren, Anforderungen an die Dienstleistungen Ihres Unternehmens zu stellen. Der Instagram-Feed ist so zusammengestellt, dass er alle Ihre Bed\u00fcrfnisse erf\u00fcllt, Feedback zu sammeln und immer mit Ihren Kunden in Kontakt zu bleiben. <\/p><p><b>Erzielen Sie mit Instagram Feed nachhaltiges Gesch\u00e4ftswachstum und bessere Verk\u00e4ufe <\/b><\/p> <\/div> <div class=\"application-platform-content-item-features application-platform-content-item\" id=\"features\" data-nav-section=\"features\"> <h2>Das Widget ist n\u00fctzlich und einfach Funktionen, sehen Sie sich einige davon an: <\/h2> <ul><li>Inhalte aus Ihrem Profil zu einer Website hinzuf\u00fcgen<\/li><li>Zwei gebrauchsfertige Feed-Layouts: Schieberegler und Raster<\/li><li>2 Beitragsvorlagen: klassisch und Kachel<\/li><li>Benutzerdefinierte Anzahl von Zeilen und Spalten<\/li><li>Call-to-Action-Buttons<\/li><li>Verschiedene Beitragseinstellungen mit Beitrags- und Popup-Elementen<\/li><li>Aktion beim Bildklick <\/li><\/ul><p><a href=\"#demo\">Mit der Demo k\u00f6nnen Sie testen, ob das Widget f\u00fcr Sie geeignet ist<\/a><\/p> <\/div> <div class=\"application-platform-content-item-installation application-platform-content-item\" id=\"installation\" data-nav-section=\"installation\"> <h2>Wie kann ich einen Instagram-Feed zu meiner PrestaShop-Site hinzuf\u00fcgen? <\/h2> <p>F\u00fchren Sie einfach die folgenden Richtlinien aus, um das Add-on zu integrieren. <\/p> <ol><li><b>Verwalten Sie unsere kostenlose Demo und beginnen Sie mit der Erstellung Ihres ma\u00dfgeschneiderten Widgets. <\/b><br> Bestimmen Sie das passende Aussehen und die Parameter des Werkzeugs und nehmen Sie die Korrekturen vor. <\/li> <li><b>Erhalten Sie den einzigartigen Code, der in der speziellen Form auf Elfsight Apps angezeigt wird. <\/b><br> Kopieren Sie unmittelbar nach Abschluss der Erstellung Ihres pers\u00f6nlichen Widgets den exklusiven Code aus dem angezeigten Fenster und bewahren Sie ihn f\u00fcr die zuk\u00fcnftige Verwendung auf. <\/li> <li><b>Geben Sie die Verwendung des Widgets auf Ihrer PrestaShop-Homepage ein. <\/b><br> Integrieren Sie den zuvor gespeicherten Code in Ihre Homepage und speichern Sie die \u00c4nderungen. <\/li> <li><b>Die Installation wurde erfolgreich abgeschlossen. <\/b><br> Besuchen Sie Ihre Website, um zu \u00fcberpr\u00fcfen, wie das Widget funktioniert. <\/li><\/ol> <p>Z\u00f6gern Sie nicht, sich an unser Support-Personal zu wenden, wenn Sie Fragen beantworten oder auf Hindernisse sto\u00dfen. Unsere Spezialisten helfen Ihnen gerne bei allen Schwierigkeiten, die Sie mit dem Add-on haben k\u00f6nnten. <\/p> <\/div><div class=\"faq\" data-component=\"FAQ\"><div class=\"faq-item\">\r\n\t\t\t\t\t<div class=\"faq-item-question\">\r\n\t\t\t\t\t\t<h3 class=\"faq-item-question-text\">Wie bette ich einen Instagram-Feed kostenlos in PrestaShop ein?<\/h3>\r\n\r\n\t\t\t\t\t\t<div class=\"faq-item-question-icon\"><\/div>\r\n\t\t\t\t\t<\/div>\r\n\r\n\t\t\t\t\t<div class=\"faq-item-answer\">\r\n\t\t\t\t\t\t<div class=\"faq-item-answer-text\"><ol><p>Implementieren eines Instagram-Feeds auf Ihrem Der PrestaShop-Shop ist eine hervorragende M\u00f6glichkeit, Ihre neuesten Beitr\u00e4ge zu pr\u00e4sentieren und die Kundenbindung zu steigern.<\/p><ol><li>An <a href=\"https:\/\/elfsight.com\/blog\/how-to-embed-instagram-feed-on-website\/\">Instagram-Feed<\/a> kostenlos auf PrestaShop einbetten, die Elfsight-Website besuchen und ein kostenloses Konto er\u00f6ffnen.<\/li><li>Machen Sie das Beste aus dem kostenlosen Instagram-Widget, indem Sie es anpassen Erscheinungsbild und Einstellungen passend zum Layout Ihres PrestaShop-Shops.<\/li><li>Nachdem Sie Ihren Instagram-Feed kostenlos optimiert haben, kopieren Sie den einzigartigen Einbettungscode und f\u00fcgen Sie ihn in den HTML-Code Ihres PrestaShop-Shops an der Stelle ein, an der Sie den Feed einf\u00fcgen m\u00f6chten pr\u00e4sentiert werden.<\/li><\/ol><p>Durch die Einbettung Ihres Instagram-Feeds in Ihren PrestaShop-Shop verbessern Sie dessen visuelle Anziehungskraft und regen eine kontinuierliche Kundeninteraktion an. Genie\u00dfen Sie die Vorteile des Elfsight Instagram-Widgets, ohne einen Cent auszugeben!<\/p><\/ol><\/div>\r\n\t\t\t\t\t<\/div>\r\n\t\t\t\t<\/div><\/div>\n","protected":false},"excerpt":{"rendered":"","protected":false},"author":9,"featured_media":0,"parent":29,"menu_order":0,"comment_status":"closed","ping_status":"closed","template":"templates\/template-application-platform.php","meta":{"publish_to_discourse":"","publish_post_category":"","wpdc_auto_publish_overridden":"","wpdc_topic_tags":"","wpdc_pin_topic":"","wpdc_pin_until":"","discourse_post_id":"","discourse_permalink":"","wpdc_publishing_response":"","wpdc_publishing_error":"","footnotes":""},"class_list":["post-6837","page","type-page","status-publish","hentry"],"yoast_head":"<!-- This site is optimized with the Yoast SEO plugin v25.3.1 - https:\/\/yoast.com\/wordpress\/plugins\/seo\/ -->\n<title>Instagram-Feed \u2013 F\u00fcgen Sie ein Instagram-Widget zur PrestaShop-Website hinzu<\/title>\n<meta name=\"description\" content=\"Testen Sie jetzt das Premium-Instagram-Add-on f\u00fcr die PrestaShop-Website! Erstellen Sie in nur 2 Minuten einen personalisierten Instagram-Feed auf Elfsight.\" \/>\n<meta name=\"robots\" content=\"index, follow, max-snippet:-1, max-image-preview:large, max-video-preview:-1\" \/>\n<link rel=\"canonical\" href=\"https:\/\/elfsight.com\/de\/instagram-feed-instashow\/prestashop\/\" \/>\n<meta property=\"og:locale\" content=\"de_DE\" \/>\n<meta property=\"og:type\" content=\"article\" \/>\n<meta property=\"og:title\" content=\"Instagram-Feed \u2013 F\u00fcgen Sie ein Instagram-Widget zur PrestaShop-Website hinzu\" \/>\n<meta property=\"og:description\" content=\"Testen Sie jetzt das Premium-Instagram-Add-on f\u00fcr die PrestaShop-Website! Erstellen Sie in nur 2 Minuten einen personalisierten Instagram-Feed auf Elfsight.\" \/>\n<meta property=\"og:url\" content=\"https:\/\/elfsight.com\/de\/instagram-feed-instashow\/prestashop\/\" \/>\n<meta property=\"og:site_name\" content=\"Elfsight DE\" \/>\n<meta property=\"article:modified_time\" content=\"2024-11-07T15:07:13+00:00\" \/>\n<meta name=\"twitter:card\" content=\"summary_large_image\" \/>\n<meta name=\"twitter:label1\" content=\"Gesch\u00e4tzte Lesezeit\" \/>\n\t<meta name=\"twitter:data1\" content=\"3\u00a0Minuten\" \/>\n<!-- \/ Yoast SEO plugin. -->","yoast_head_json":{"title":"Instagram-Feed \u2013 F\u00fcgen Sie ein Instagram-Widget zur PrestaShop-Website hinzu","description":"Testen Sie jetzt das Premium-Instagram-Add-on f\u00fcr die PrestaShop-Website! Erstellen Sie in nur 2 Minuten einen personalisierten Instagram-Feed auf Elfsight.","robots":{"index":"index","follow":"follow","max-snippet":"max-snippet:-1","max-image-preview":"max-image-preview:large","max-video-preview":"max-video-preview:-1"},"canonical":"https:\/\/elfsight.com\/de\/instagram-feed-instashow\/prestashop\/","og_locale":"de_DE","og_type":"article","og_title":"Instagram-Feed \u2013 F\u00fcgen Sie ein Instagram-Widget zur PrestaShop-Website hinzu","og_description":"Testen Sie jetzt das Premium-Instagram-Add-on f\u00fcr die PrestaShop-Website! Erstellen Sie in nur 2 Minuten einen personalisierten Instagram-Feed auf Elfsight.","og_url":"https:\/\/elfsight.com\/de\/instagram-feed-instashow\/prestashop\/","og_site_name":"Elfsight DE","article_modified_time":"2024-11-07T15:07:13+00:00","twitter_card":"summary_large_image","twitter_misc":{"Gesch\u00e4tzte Lesezeit":"3\u00a0Minuten"},"schema":{"@context":"https:\/\/schema.org","@graph":[{"@type":"WebPage","@id":"https:\/\/elfsight.com\/de\/instagram-feed-instashow\/prestashop\/","url":"https:\/\/elfsight.com\/de\/instagram-feed-instashow\/prestashop\/","name":"Instagram-Feed \u2013 F\u00fcgen Sie ein Instagram-Widget zur PrestaShop-Website hinzu","isPartOf":{"@id":"https:\/\/elfsight.com\/de\/#website"},"datePublished":"2024-05-03T06:39:23+00:00","dateModified":"2024-11-07T15:07:13+00:00","description":"Testen Sie jetzt das Premium-Instagram-Add-on f\u00fcr die PrestaShop-Website! Erstellen Sie in nur 2 Minuten einen personalisierten Instagram-Feed auf Elfsight.","breadcrumb":{"@id":"https:\/\/elfsight.com\/de\/instagram-feed-instashow\/prestashop\/#breadcrumb"},"inLanguage":"de","potentialAction":[{"@type":"ReadAction","target":["https:\/\/elfsight.com\/de\/instagram-feed-instashow\/prestashop\/"]}]},{"@type":"BreadcrumbList","@id":"https:\/\/elfsight.com\/de\/instagram-feed-instashow\/prestashop\/#breadcrumb","itemListElement":[{"@type":"ListItem","position":1,"name":"Home","item":"https:\/\/elfsight.com\/de\/"},{"@type":"ListItem","position":2,"name":"Instagram Feed","item":"https:\/\/elfsight.com\/de\/instagram-feed-instashow\/"},{"@type":"ListItem","position":3,"name":"Instagram Feed &#8211; PrestaShop"}]},{"@type":"WebSite","@id":"https:\/\/elfsight.com\/de\/#website","url":"https:\/\/elfsight.com\/de\/","name":"Elfsight DE","description":"Just another Elfsight Sites site","potentialAction":[{"@type":"SearchAction","target":{"@type":"EntryPoint","urlTemplate":"https:\/\/elfsight.com\/de\/?s={search_term_string}"},"query-input":{"@type":"PropertyValueSpecification","valueRequired":true,"valueName":"search_term_string"}}],"inLanguage":"de"}]}},"meta_box":{"industry":"","seo_heading":"","heading":"","description":"","cta_heading":"","cta_description":"","application":"14","h1":"Instagram-Feed-Add-on f\u00fcr PrestaShop","h1_caption":"F\u00fcgen Sie Beitr\u00e4ge von Ihrem Instagram-Konto oder per Hashtag hinzu und bieten Sie so die beste M\u00f6glichkeit, m\u00fchelos einen dynamischen Instagram-Feed auf Ihrer Website auf Ihrer Prestashop-Website zu pr\u00e4sentieren.","application_category":[],"applications_title":"","applications_request_title":"","applications_request_button_text":"","hero_text":"","hero_video":"","hero_video_schema_markup":"","selling_points_title":"","selling_points_caption":"","selling_points":[],"selling_points_cta_text":"","features_title":"","features":"","ed_cta_examples_text":"","ed_cta_examples_hidden":"","ed_cta_demo_text":"","ed_cta_demo_hidden":"","why_caption":"","why_editor_title":"","why_editor_text":"","why_team_title":"","why_team_text":"","why_service_title":"","why_service_text":"","template_catalog_visible":"0","template_catalog_title":"","template_catalog_text":"","template_catalog_categories_visible":"","demo_title":"Erstellen Sie Ihr Instagram-Feed-Add-on","demo_caption":"Konfigurieren Sie Ihren Instagram-Feed und f\u00fcgen Sie ihn kostenlos zu Ihrer PrestaShop-Website hinzu!","default_faq_hidden":"","app_template_category":[],"platform":"3811","template_public_id":"","codecanyon_url":"","codecanyon_item_id":"","codecanyon_price":"","pricing_caption":"","pricing_elfsight_apps_hide_column":"","pricing_elfsight_apps_url":"","pricing_codecanyon_price_caption":"","integration_category":[],"integration_request_title":"","integration_request_cta":"","integration_platform":"","integrations":[],"platform_category":[],"video_schema_markup":"","price":"ab 0 $ \/ Monat","trial":"","benefits":[{"text":"Kostenlose Installationshilfe"},{"text":"Professioneller Kundenservice"},{"text":"14-t\u00e4gige R\u00fcckerstattungsgarantie"},{"text":"Regelm\u00e4\u00dfige kostenlose Updates"}],"button_url":"#demo","button_target_blank":"0","button_nofollow":"0","attributes":[{"name":"Installiert","content":"100,000 - 500,000","_state":"expanded"},{"name":"Reaktionsfreudig","content":"Ja","_state":"expanded"},{"name":"Kompatible Browser","content":"Firefox, Safari, Opera, Chrome, Edge"}],"tags":[],"tags_disable_links":"1","hide_more_platforms":"","video_object":"","demo_hide_cta":"0","demo_hide_cloud_options":"0","pricing_title":"","pricing":[{"pricing_icon":"platform","pricing_title":"Elfsight Apps","pricing_title_caption":"Plattformunabh\u00e4ngige Software","pricing_price":"ab 0 $ \/ Monat","pricing_price_caption":"Beginnen Sie mit einem kostenlosen Plan","pricing_benefits":[{"text":"Unbegrenzte Domains"},{"text":"Rund um die Uhr und gut dokumentierter Support"},{"text":"Kostenlose Installationsunterst\u00fctzung"},{"text":"100 % anpassbar"}],"pricing_button_text":"Zur Website hinzuf\u00fcgen","pricing_button_url":"#demo","_state":"expanded"}],"related_apps_title":"","related_apps_hidden":"1","author":"","image":[],"title":"","job":"","social_networks":[]},"_links":{"self":[{"href":"https:\/\/elfsight.com\/de\/wp-json\/wp\/v2\/pages\/6837","targetHints":{"allow":["GET"]}}],"collection":[{"href":"https:\/\/elfsight.com\/de\/wp-json\/wp\/v2\/pages"}],"about":[{"href":"https:\/\/elfsight.com\/de\/wp-json\/wp\/v2\/types\/page"}],"author":[{"embeddable":true,"href":"https:\/\/elfsight.com\/de\/wp-json\/wp\/v2\/users\/9"}],"replies":[{"embeddable":true,"href":"https:\/\/elfsight.com\/de\/wp-json\/wp\/v2\/comments?post=6837"}],"version-history":[{"count":3,"href":"https:\/\/elfsight.com\/de\/wp-json\/wp\/v2\/pages\/6837\/revisions"}],"predecessor-version":[{"id":22745,"href":"https:\/\/elfsight.com\/de\/wp-json\/wp\/v2\/pages\/6837\/revisions\/22745"}],"up":[{"embeddable":true,"href":"https:\/\/elfsight.com\/de\/wp-json\/wp\/v2\/pages\/29"}],"wp:attachment":[{"href":"https:\/\/elfsight.com\/de\/wp-json\/wp\/v2\/media?parent=6837"}],"curies":[{"name":"wp","href":"https:\/\/api.w.org\/{rel}","templated":true}]}}