{"id":6834,"date":"1970-01-01T00:00:00","date_gmt":"1970-01-01T00:00:00","guid":{"rendered":"https:\/\/elfsight.com\/de\/?page_id=6834"},"modified":"2025-01-13T13:36:37","modified_gmt":"2025-01-13T13:36:37","slug":"webnode","status":"publish","type":"page","link":"https:\/\/elfsight.com\/de\/youtube-channel-plugin-yottie\/webnode\/","title":{"rendered":"YouTube Gallery &#8211; Webnode"},"content":{"rendered":"\n<div class=\"application-platform-content-item-description application-platform-content-item\" id=\"description\" data-nav-section=\"description\"><h2>Beschreibung<\/h2><p>Ein Mehrzweck-Widget f\u00fcr YouTube, das die Anzeige von Videos auf einer Website erm\u00f6glicht. W\u00e4hlen Sie die gew\u00fcnschten Kan\u00e4le und Videoclips aus, um Ihre Playlist zu erstellen, und integrieren Sie diese direkt auf der Seite im am besten geeigneten Layout (Videogalerie, Portfolio, Kanal, einzelnes Video). Unser Widget ist an alle Ger\u00e4te und Browser anpassbar; Es verf\u00fcgt \u00fcber 100 Parameter, eine flexible Vorlage und viele andere Eigenschaften, die die Einbettung in jede Website erleichtern.<\/p><p><b>Stellen Sie eine einzigartige Videogalerie ein, um das Interesse Ihrer Kunden aufrechtzuerhalten.<\/b><\/p><ul><li><b>Erh\u00f6hen Sie die Interaktion mit den Kunden Ihrer Website mithilfe ansprechender YouTube-Videos.<\/b><br>Verlocken Sie Ihr Website-Publikum mit hochwertigen Inhalten von YouTube und halten Sie deren Interesse l\u00e4nger aufrecht.<\/li><li><b>Erhalten Sie mehr Bestellungen von der Website mit den richtigen YouTube-Inhalten<\/b>.<br>Zeigen Sie Werbevideos, Rezensionen, Leitf\u00e4den und vieles mehr, damit Ihre Nutzer ein umfassendes Verst\u00e4ndnis haben Machen Sie sich mit Ihren Produkten und Gesch\u00e4ftsbedingungen vertraut und treffen Sie eine positive Kaufentscheidung.<\/li><li><b>Erhalten Sie mehr gezielte Fans f\u00fcr Ihr YouTube-Profil<\/b>.<br>Verwandeln Sie Website-Besucher in Ihre Abonnenten auf YouTube. Integrieren Sie eine schnelle und einfache M\u00f6glichkeit, direkt auf der Seite Videos anzusehen und Ihren Kanal zu abonnieren.<\/li><\/ul><\/div><div class=\"application-platform-content-item-features application-platform-content-item\" id=\"features\" data-nav-section=\"features\"><h2>Funktionen<\/h2><p> Hier sind die wertvollsten Optionen unseres Widgets, die es zum besten Tool zum Anzeigen von YouTube-Videos auf einer Webnode-Website machen.<\/p><ul><li>Quellengruppen erstellen;<\/li><li>Bearbeitbarer Kanalname;<\/li><li>Widget-Breite \u00e4ndern;<\/li><li>Ansichten und Likes z\u00e4hlen f\u00fcr Videos;<\/li><li>Option zum Anhalten der automatischen Wiedergabe bei Hover;<\/li><li>8 \u00fcbermalbare Kopfzeile Elemente;<\/li><li>18 Sprachen verf\u00fcgbar.<\/li><\/ul><p><a href=\"#demo\">Testen Sie alle Eigenschaften in der Demo<\/a><\/p><\/div><div class=\"application-platform-content-item-installation application-platform-content-item\" id=\"installation\" data-nav-section=\"installation\"><h2>So f\u00fcgen Sie die YouTube-Galerie zur Webnode-Website hinzu<\/h2><p>Eine kurze Anleitung von Elfsight zur Installation und Schnittstellenanpassung, ohne dass Kenntnisse in der Webentwicklung erforderlich sind. Die durchschnittliche Installationszeit betr\u00e4gt weniger als 90 Sekunden.<\/p><ol><li><b>Erstellen Sie Ihre pers\u00f6nliche YouTube-Videogalerie<\/b>.<br>Erstellen Sie mit unserer kostenlosen Demo ein Plugin mit dem erforderlichen Design und den erforderlichen Funktionen.<\/li><li><b>Erhalten Sie einen Code zum Einbetten des Plugins<\/b>.<br>Besorgen Sie sich nach der Widget-Einstellung einen Code f\u00fcr das YouTube-Plugin aus der angezeigten Benachrichtigung auf Elfsight Apps.<\/li><li><b>Ver\u00f6ffentlichen Sie das Plugin auf der Webnode-Website.<\/b><br>Integrieren Sie das Plugin an der gew\u00fcnschten Stelle in die Website und wenden Sie die Ergebnisse an.<\/li><li><b>Fertig!<\/b><br>Betreten Sie Ihre Webnode-Site, um Ihre Arbeit zu sehen.<\/li><\/ol><p>Sind Sie bei der Installation oder Anpassung der YouTube-Galerie auf Fragen gesto\u00dfen? Sehen Sie es sich in unserer erweiterten Anleitung an: &gt;So betten Sie YouTube auf Webnode ein<\/a>\u00bb oder hinterlassen Sie Ihre Nachricht in unserem Hilfecenter mit einer vollst\u00e4ndigen Beschreibung des Problems.<\/p><\/div>\n","protected":false},"excerpt":{"rendered":"","protected":false},"author":9,"featured_media":0,"parent":106,"menu_order":0,"comment_status":"closed","ping_status":"closed","template":"templates\/template-application-platform.php","meta":{"publish_to_discourse":"","publish_post_category":"","wpdc_auto_publish_overridden":"","wpdc_topic_tags":"","wpdc_pin_topic":"","wpdc_pin_until":"","discourse_post_id":"","discourse_permalink":"","wpdc_publishing_response":"","wpdc_publishing_error":"","footnotes":""},"class_list":["post-6834","page","type-page","status-publish","hentry"],"yoast_head":"<!-- This site is optimized with the Yoast SEO plugin v25.3.1 - https:\/\/yoast.com\/wordpress\/plugins\/seo\/ -->\n<title>YouTube-Videogalerie \u2013 YouTube-Plugin zur Webnode-Website hinzuf\u00fcgen<\/title>\n<meta name=\"description\" content=\"Erstellen Sie in nur 2 Minuten eine unvergleichliche YouTube-Videogalerie f\u00fcr Ihre Webnode-Website! Testen Sie den kostenlosen Editor von Elfsight, um Ihr eigenes YouTube-Widget einzurichten.\" \/>\n<meta name=\"robots\" content=\"index, follow, max-snippet:-1, max-image-preview:large, max-video-preview:-1\" \/>\n<link rel=\"canonical\" href=\"https:\/\/elfsight.com\/de\/youtube-channel-plugin-yottie\/webnode\/\" \/>\n<meta property=\"og:locale\" content=\"de_DE\" \/>\n<meta property=\"og:type\" content=\"article\" \/>\n<meta property=\"og:title\" content=\"YouTube-Videogalerie \u2013 YouTube-Plugin zur Webnode-Website hinzuf\u00fcgen\" \/>\n<meta property=\"og:description\" content=\"Erstellen Sie in nur 2 Minuten eine unvergleichliche YouTube-Videogalerie f\u00fcr Ihre Webnode-Website! Testen Sie den kostenlosen Editor von Elfsight, um Ihr eigenes YouTube-Widget einzurichten.\" \/>\n<meta property=\"og:url\" content=\"https:\/\/elfsight.com\/de\/youtube-channel-plugin-yottie\/webnode\/\" \/>\n<meta property=\"og:site_name\" content=\"Elfsight DE\" \/>\n<meta property=\"article:modified_time\" content=\"2025-01-13T13:36:37+00:00\" \/>\n<meta name=\"twitter:card\" content=\"summary_large_image\" \/>\n<meta name=\"twitter:label1\" content=\"Gesch\u00e4tzte Lesezeit\" \/>\n\t<meta name=\"twitter:data1\" content=\"3\u00a0Minuten\" \/>\n<!-- \/ Yoast SEO plugin. -->","yoast_head_json":{"title":"YouTube-Videogalerie \u2013 YouTube-Plugin zur Webnode-Website hinzuf\u00fcgen","description":"Erstellen Sie in nur 2 Minuten eine unvergleichliche YouTube-Videogalerie f\u00fcr Ihre Webnode-Website! Testen Sie den kostenlosen Editor von Elfsight, um Ihr eigenes YouTube-Widget einzurichten.","robots":{"index":"index","follow":"follow","max-snippet":"max-snippet:-1","max-image-preview":"max-image-preview:large","max-video-preview":"max-video-preview:-1"},"canonical":"https:\/\/elfsight.com\/de\/youtube-channel-plugin-yottie\/webnode\/","og_locale":"de_DE","og_type":"article","og_title":"YouTube-Videogalerie \u2013 YouTube-Plugin zur Webnode-Website hinzuf\u00fcgen","og_description":"Erstellen Sie in nur 2 Minuten eine unvergleichliche YouTube-Videogalerie f\u00fcr Ihre Webnode-Website! Testen Sie den kostenlosen Editor von Elfsight, um Ihr eigenes YouTube-Widget einzurichten.","og_url":"https:\/\/elfsight.com\/de\/youtube-channel-plugin-yottie\/webnode\/","og_site_name":"Elfsight DE","article_modified_time":"2025-01-13T13:36:37+00:00","twitter_card":"summary_large_image","twitter_misc":{"Gesch\u00e4tzte Lesezeit":"3\u00a0Minuten"},"schema":{"@context":"https:\/\/schema.org","@graph":[{"@type":"WebPage","@id":"https:\/\/elfsight.com\/de\/youtube-channel-plugin-yottie\/webnode\/","url":"https:\/\/elfsight.com\/de\/youtube-channel-plugin-yottie\/webnode\/","name":"YouTube-Videogalerie \u2013 YouTube-Plugin zur Webnode-Website hinzuf\u00fcgen","isPartOf":{"@id":"https:\/\/elfsight.com\/de\/#website"},"datePublished":"1970-01-01T00:00:00+00:00","dateModified":"2025-01-13T13:36:37+00:00","description":"Erstellen Sie in nur 2 Minuten eine unvergleichliche YouTube-Videogalerie f\u00fcr Ihre Webnode-Website! Testen Sie den kostenlosen Editor von Elfsight, um Ihr eigenes YouTube-Widget einzurichten.","breadcrumb":{"@id":"https:\/\/elfsight.com\/de\/youtube-channel-plugin-yottie\/webnode\/#breadcrumb"},"inLanguage":"de","potentialAction":[{"@type":"ReadAction","target":["https:\/\/elfsight.com\/de\/youtube-channel-plugin-yottie\/webnode\/"]}]},{"@type":"BreadcrumbList","@id":"https:\/\/elfsight.com\/de\/youtube-channel-plugin-yottie\/webnode\/#breadcrumb","itemListElement":[{"@type":"ListItem","position":1,"name":"Home","item":"https:\/\/elfsight.com\/de\/"},{"@type":"ListItem","position":2,"name":"YouTube Gallery","item":"https:\/\/elfsight.com\/de\/youtube-channel-plugin-yottie\/"},{"@type":"ListItem","position":3,"name":"YouTube Gallery &#8211; Webnode"}]},{"@type":"WebSite","@id":"https:\/\/elfsight.com\/de\/#website","url":"https:\/\/elfsight.com\/de\/","name":"Elfsight DE","description":"Just another Elfsight Sites site","potentialAction":[{"@type":"SearchAction","target":{"@type":"EntryPoint","urlTemplate":"https:\/\/elfsight.com\/de\/?s={search_term_string}"},"query-input":{"@type":"PropertyValueSpecification","valueRequired":true,"valueName":"search_term_string"}}],"inLanguage":"de"}]}},"meta_box":{"industry":"","seo_heading":"","heading":"","description":"","cta_heading":"","cta_description":"","application":"98","h1":"YouTube-Videogalerie f\u00fcr Webnode","h1_caption":"Betten Sie m\u00fchelos eine Galerie mit YouTube-Videos ein, um Inhalte wie Tutorials, Erfahrungsberichte oder Produktpr\u00e4sentationen auf Ihrer Website in Ihre Webnode-Website einzubinden.","application_category":[],"applications_title":"","applications_request_title":"","applications_request_button_text":"","hero_text":"","hero_video":"","hero_video_schema_markup":"","selling_points_title":"","selling_points_caption":"","selling_points":[],"selling_points_cta_text":"","features_title":"","features":"","ed_cta_examples_text":"","ed_cta_examples_hidden":"","ed_cta_demo_text":"","ed_cta_demo_hidden":"","why_caption":"","why_editor_title":"","why_editor_text":"","why_team_title":"","why_team_text":"","why_service_title":"","why_service_text":"","template_catalog_visible":"0","template_catalog_title":"","template_catalog_text":"","template_catalog_categories_visible":"","demo_title":"Erstellen Sie Ihr YouTube-Galerie-Widget","demo_caption":"Konfigurieren Sie Ihre YouTube-Galerie und f\u00fcgen Sie sie kostenlos zu Ihrer Webnode-Website hinzu!","default_faq_hidden":"","app_template_category":[],"platform":"248","template_public_id":"","codecanyon_url":"","codecanyon_item_id":"","codecanyon_price":"","pricing_caption":"","pricing_elfsight_apps_hide_column":"","pricing_elfsight_apps_url":"","pricing_codecanyon_price_caption":"","integration_category":[],"integration_request_title":"","integration_request_cta":"","integration_platform":"","integrations":[],"platform_category":[],"video_schema_markup":"","price":"ab 0 $ \/ Monat","trial":"","benefits":[{"text":"Kostenloser Installationsservice"},{"text":"Au\u00dfergew\u00f6hnlicher Support"},{"text":"14-t\u00e4gige Geld-zur\u00fcck-Garantie"},{"text":"Zuk\u00fcnftige Verbesserungen"}],"button_url":"#demo","button_target_blank":"0","button_nofollow":"0","attributes":[{"name":"Installiert","content":"100,000 - 500,000","_state":"expanded"},{"name":"Reaktionsfreudig","content":"Ja","_state":"expanded"},{"name":"Kompatible Browser","content":"Firefox, Safari, Opera, Chrome, Edge"}],"tags":[],"tags_disable_links":"1","hide_more_platforms":"","video_object":"","demo_hide_cta":"0","demo_hide_cloud_options":"0","pricing_title":"","pricing":[{"pricing_icon":"platform","pricing_title":"Elfsight Apps","pricing_title_caption":"Plattform\u00fcbergreifende digitale L\u00f6sung","pricing_price":"ab 0 $ \/ Monat","pricing_price_caption":"Beginnen Sie mit einem kostenlosen Plan","pricing_benefits":[{"text":"Plattform\u00fcbergreifende digitale L\u00f6sung"},{"text":"Kostenloser Support"},{"text":"Kostenlose Installationsunterst\u00fctzung"},{"text":"Tolles Angebot f\u00fcr mehrere Apps"}],"pricing_button_text":"Zur Website hinzuf\u00fcgen","pricing_button_url":"#demo","_state":"expanded"}],"related_apps_title":"","related_apps_hidden":"1","author":"","image":[],"title":"","job":"","social_networks":[]},"_links":{"self":[{"href":"https:\/\/elfsight.com\/de\/wp-json\/wp\/v2\/pages\/6834","targetHints":{"allow":["GET"]}}],"collection":[{"href":"https:\/\/elfsight.com\/de\/wp-json\/wp\/v2\/pages"}],"about":[{"href":"https:\/\/elfsight.com\/de\/wp-json\/wp\/v2\/types\/page"}],"author":[{"embeddable":true,"href":"https:\/\/elfsight.com\/de\/wp-json\/wp\/v2\/users\/9"}],"replies":[{"embeddable":true,"href":"https:\/\/elfsight.com\/de\/wp-json\/wp\/v2\/comments?post=6834"}],"version-history":[{"count":4,"href":"https:\/\/elfsight.com\/de\/wp-json\/wp\/v2\/pages\/6834\/revisions"}],"predecessor-version":[{"id":23540,"href":"https:\/\/elfsight.com\/de\/wp-json\/wp\/v2\/pages\/6834\/revisions\/23540"}],"up":[{"embeddable":true,"href":"https:\/\/elfsight.com\/de\/wp-json\/wp\/v2\/pages\/106"}],"wp:attachment":[{"href":"https:\/\/elfsight.com\/de\/wp-json\/wp\/v2\/media?parent=6834"}],"curies":[{"name":"wp","href":"https:\/\/api.w.org\/{rel}","templated":true}]}}