{"id":6833,"date":"1970-01-01T00:00:00","date_gmt":"1970-01-01T00:00:00","guid":{"rendered":"https:\/\/elfsight.com\/de\/?page_id=6833"},"modified":"2025-01-13T12:15:13","modified_gmt":"2025-01-13T12:15:13","slug":"opencart","status":"publish","type":"page","link":"https:\/\/elfsight.com\/de\/youtube-channel-plugin-yottie\/opencart\/","title":{"rendered":"YouTube Gallery &#8211; OpenCart"},"content":{"rendered":"\n<div class=\"application-platform-content-item-description application-platform-content-item\" id=\"description\" data-nav-section=\"description\"><h2>Beschreibung<\/h2><p>Ein leistungsstarkes Widget f\u00fcr YouTube, mit dem Sie Ihrer Website eine Vielzahl von Videos hinzuf\u00fcgen k\u00f6nnen. Finden Sie gesch\u00e4ftliche oder unterhaltsame Kan\u00e4le und Videoclips, um Ihre perfekte Playlist zusammenzustellen. Zeigen Sie es direkt auf der Seite mit dem am besten geeigneten Layout (Videogalerie, Portfolio, Kanal, einzelnes Video). Das Elfsight-Widget ist an alle Gadgets und Browser anpassbar. Es umfasst rund 100 Parameter, eine anpassbare Vorlage und viele verschiedene Qualit\u00e4ten, die dabei helfen, es auf jeder Website anzuzeigen.<\/p><p><b>Generieren Sie eine effektive individuelle Videogalerie, um Kunden zu unterhalten und anzulocken.<\/b><\/p><ul><li><b>Interagieren Sie effektiv mit den Besuchern Ihrer Website, indem Sie YouTube-Videos verwenden.<\/b><br>\u00dcberraschen Sie Ihr Website-Publikum mit faszinierenden Videos von YouTube und sorgen Sie daf\u00fcr, dass es l\u00e4nger als je zuvor daran interessiert bleibt.<\/li><li><b>Mit den richtigen YouTube-Inhalten k\u00f6nnen Sie Ihre Produkte bewerben<\/b>.<br>Bereichern Sie den Inhalt Ihrer Website mit Analysevideos, Tutorials, \u00dcbersichten und mehr, um Nutzern zu zeigen, wie attraktiv und beliebt Ihre Produkte sind sind, und lassen Sie sie einen weiteren Schritt zum Kauf machen.<\/li><li><b>Maximieren Sie die Anzahl der Abonnenten f\u00fcr Ihren YouTube-Kanal<\/b>.<br>Verwandeln Sie Website-Besucher in Ihr Publikum auf YouTube. Zeigen Sie Ihren Kunden eine einfache und schnelle M\u00f6glichkeit, Ihre Videos anzusehen und Ihre Abonnenten zu werden.<\/li><\/ul><\/div><div class=\"application-platform-content-item-features application-platform-content-item\" id=\"features\" data-nav-section=\"features\"><h2>Funktionen<\/h2><p>Danke an Aufgrund dieser erstaunlichen Eigenschaften ist das Elfsight-Widget die beste Methode, um YouTube-Videos auf einer OpenCart-Seite hinzuzuf\u00fcgen.<\/p><ul><li>Quellen nach URL hinzuf\u00fcgen;<\/li><li>8 umschaltbare Elemente des Headers;<\/li><li>Abstand zwischen Videos festlegen;<\/li><li>Ansichten und Likes z\u00e4hlen f\u00fcr Videos;<\/li><li>Navigationssteuerungsoptionen: Pfeile, Scrollen, Ziehen;<\/li><li>8 malbar Header-Elemente;<\/li><li>Einstellbare Cache-Zeit<\/li><\/ul><p><a href=\"#demo\">Lernen Sie alle Optionen im Editor kennen<\/a><\/p><\/div><div class=\"application-platform-content-item-installation application-platform-content-item\" id=\"installation\" data-nav-section=\"installation\"><h2>So f\u00fcgen Sie die YouTube-Galerie zur OpenCart-Website hinzu<\/h2><p>Befolgen Sie einfach die folgenden Schritte, um das Widget auf OpenCart zu aktivieren.<\/p> <ol><li><b>\u00d6ffnen Sie unseren kostenlosen Konfigurator und beginnen Sie mit der Gestaltung Ihres einzigartigen Widgets. <\/b><br> Finden Sie das gew\u00fcnschte Layout und die gew\u00fcnschten Eigenschaften des Tools und wenden Sie die \u00c4nderungen an. <\/li> <li><b>Der pers\u00f6nliche Code wird im speziellen Formular auf Elfsight Apps angezeigt. <\/b><br> Kopieren Sie direkt nach der Konfiguration Ihres pers\u00f6nlichen YouTube-Widgets den pers\u00f6nlichen Code aus dem erscheinenden Feld und bewahren Sie ihn f\u00fcr die sp\u00e4tere Verwendung auf. <\/li> <li><b>Erste Schritte mit der Verwendung der Erweiterung auf der OpenCart-Website. <\/b><br> Platzieren Sie den k\u00fcrzlich kopierten Code auf Ihrer Website und speichern Sie die Anpassungen. <\/li> <li><b>Die Installation ist vollst\u00e4ndig durchgef\u00fchrt. <\/b><br> Gehen Sie zu Ihrer Seite, um die Funktionsweise der Erweiterung anzuzeigen. <\/li><\/ol> <p>Haben Sie Schwierigkeiten beim Einrichten oder Personalisieren der YouTube-Galerie? Lesen Sie ein ausf\u00fchrliches Tutorial <a href=\"https:\/\/elfsight.com\/tutorials\/how-to-add-youtube-video-module-to-opencart\/\" target=\"_blank\" rel=\"noopener noreferrer\">&#8222;Wie man YouTube in OpenCart anzeigt&#8220;<\/a> und probieren Sie es noch einmal selbst aus.<\/p><\/div>\n","protected":false},"excerpt":{"rendered":"","protected":false},"author":9,"featured_media":0,"parent":106,"menu_order":0,"comment_status":"closed","ping_status":"closed","template":"templates\/template-application-platform.php","meta":{"publish_to_discourse":"","publish_post_category":"","wpdc_auto_publish_overridden":"","wpdc_topic_tags":"","wpdc_pin_topic":"","wpdc_pin_until":"","discourse_post_id":"","discourse_permalink":"","wpdc_publishing_response":"","wpdc_publishing_error":"","footnotes":""},"class_list":["post-6833","page","type-page","status-publish","hentry"],"yoast_head":"<!-- This site is optimized with the Yoast SEO plugin v25.3.1 - https:\/\/yoast.com\/wordpress\/plugins\/seo\/ -->\n<title>YouTube-Videogalerie \u2013 YouTube-Erweiterung zur OpenCart-Website hinzuf\u00fcgen<\/title>\n<meta name=\"description\" content=\"Erstellen Sie in nur 3 Minuten Ihre einzigartige YouTube-Videogalerie f\u00fcr die OpenCart-Website! Probieren Sie den kostenlosen Editor von Elfsight aus, um Ihr benutzerdefiniertes YouTube-Widget festzulegen.\" \/>\n<meta name=\"robots\" content=\"index, follow, max-snippet:-1, max-image-preview:large, max-video-preview:-1\" \/>\n<link rel=\"canonical\" href=\"https:\/\/elfsight.com\/de\/youtube-channel-plugin-yottie\/opencart\/\" \/>\n<meta property=\"og:locale\" content=\"de_DE\" \/>\n<meta property=\"og:type\" content=\"article\" \/>\n<meta property=\"og:title\" content=\"YouTube-Videogalerie \u2013 YouTube-Erweiterung zur OpenCart-Website hinzuf\u00fcgen\" \/>\n<meta property=\"og:description\" content=\"Erstellen Sie in nur 3 Minuten Ihre einzigartige YouTube-Videogalerie f\u00fcr die OpenCart-Website! Probieren Sie den kostenlosen Editor von Elfsight aus, um Ihr benutzerdefiniertes YouTube-Widget festzulegen.\" \/>\n<meta property=\"og:url\" content=\"https:\/\/elfsight.com\/de\/youtube-channel-plugin-yottie\/opencart\/\" \/>\n<meta property=\"og:site_name\" content=\"Elfsight DE\" \/>\n<meta property=\"article:modified_time\" content=\"2025-01-13T12:15:13+00:00\" \/>\n<meta name=\"twitter:card\" content=\"summary_large_image\" \/>\n<meta name=\"twitter:label1\" content=\"Gesch\u00e4tzte Lesezeit\" \/>\n\t<meta name=\"twitter:data1\" content=\"3\u00a0Minuten\" \/>\n<!-- \/ Yoast SEO plugin. -->","yoast_head_json":{"title":"YouTube-Videogalerie \u2013 YouTube-Erweiterung zur OpenCart-Website hinzuf\u00fcgen","description":"Erstellen Sie in nur 3 Minuten Ihre einzigartige YouTube-Videogalerie f\u00fcr die OpenCart-Website! Probieren Sie den kostenlosen Editor von Elfsight aus, um Ihr benutzerdefiniertes YouTube-Widget festzulegen.","robots":{"index":"index","follow":"follow","max-snippet":"max-snippet:-1","max-image-preview":"max-image-preview:large","max-video-preview":"max-video-preview:-1"},"canonical":"https:\/\/elfsight.com\/de\/youtube-channel-plugin-yottie\/opencart\/","og_locale":"de_DE","og_type":"article","og_title":"YouTube-Videogalerie \u2013 YouTube-Erweiterung zur OpenCart-Website hinzuf\u00fcgen","og_description":"Erstellen Sie in nur 3 Minuten Ihre einzigartige YouTube-Videogalerie f\u00fcr die OpenCart-Website! Probieren Sie den kostenlosen Editor von Elfsight aus, um Ihr benutzerdefiniertes YouTube-Widget festzulegen.","og_url":"https:\/\/elfsight.com\/de\/youtube-channel-plugin-yottie\/opencart\/","og_site_name":"Elfsight DE","article_modified_time":"2025-01-13T12:15:13+00:00","twitter_card":"summary_large_image","twitter_misc":{"Gesch\u00e4tzte Lesezeit":"3\u00a0Minuten"},"schema":{"@context":"https:\/\/schema.org","@graph":[{"@type":"WebPage","@id":"https:\/\/elfsight.com\/de\/youtube-channel-plugin-yottie\/opencart\/","url":"https:\/\/elfsight.com\/de\/youtube-channel-plugin-yottie\/opencart\/","name":"YouTube-Videogalerie \u2013 YouTube-Erweiterung zur OpenCart-Website hinzuf\u00fcgen","isPartOf":{"@id":"https:\/\/elfsight.com\/de\/#website"},"datePublished":"1970-01-01T00:00:00+00:00","dateModified":"2025-01-13T12:15:13+00:00","description":"Erstellen Sie in nur 3 Minuten Ihre einzigartige YouTube-Videogalerie f\u00fcr die OpenCart-Website! Probieren Sie den kostenlosen Editor von Elfsight aus, um Ihr benutzerdefiniertes YouTube-Widget festzulegen.","breadcrumb":{"@id":"https:\/\/elfsight.com\/de\/youtube-channel-plugin-yottie\/opencart\/#breadcrumb"},"inLanguage":"de","potentialAction":[{"@type":"ReadAction","target":["https:\/\/elfsight.com\/de\/youtube-channel-plugin-yottie\/opencart\/"]}]},{"@type":"BreadcrumbList","@id":"https:\/\/elfsight.com\/de\/youtube-channel-plugin-yottie\/opencart\/#breadcrumb","itemListElement":[{"@type":"ListItem","position":1,"name":"Home","item":"https:\/\/elfsight.com\/de\/"},{"@type":"ListItem","position":2,"name":"YouTube Gallery","item":"https:\/\/elfsight.com\/de\/youtube-channel-plugin-yottie\/"},{"@type":"ListItem","position":3,"name":"YouTube Gallery &#8211; OpenCart"}]},{"@type":"WebSite","@id":"https:\/\/elfsight.com\/de\/#website","url":"https:\/\/elfsight.com\/de\/","name":"Elfsight DE","description":"Just another Elfsight Sites site","potentialAction":[{"@type":"SearchAction","target":{"@type":"EntryPoint","urlTemplate":"https:\/\/elfsight.com\/de\/?s={search_term_string}"},"query-input":{"@type":"PropertyValueSpecification","valueRequired":true,"valueName":"search_term_string"}}],"inLanguage":"de"}]}},"meta_box":{"industry":"","seo_heading":"","heading":"","description":"","cta_heading":"","cta_description":"","application":"98","h1":"YouTube-Videogalerie f\u00fcr OpenCart","h1_caption":"Betten Sie eine Galerie mit YouTube-Videos m\u00fchelos in Ihre Opencart-Website ein, um Inhalte wie Tutorials, Testimonials oder Produktpr\u00e4sentationen auf Ihrer Website bereitzustellen.","application_category":[],"applications_title":"","applications_request_title":"","applications_request_button_text":"","hero_text":"","hero_video":"","hero_video_schema_markup":"","selling_points_title":"","selling_points_caption":"","selling_points":[],"selling_points_cta_text":"","features_title":"","features":"","ed_cta_examples_text":"","ed_cta_examples_hidden":"","ed_cta_demo_text":"","ed_cta_demo_hidden":"","why_caption":"","why_editor_title":"","why_editor_text":"","why_team_title":"","why_team_text":"","why_service_title":"","why_service_text":"","template_catalog_visible":"0","template_catalog_title":"","template_catalog_text":"","template_catalog_categories_visible":"","demo_title":"Erstellen Sie Ihre YouTube-Galerie-Erweiterung","demo_caption":"Konfigurieren Sie Ihre YouTube-Galerie und f\u00fcgen Sie sie kostenlos zu Ihrer OpenCart-Website hinzu!","default_faq_hidden":"","app_template_category":[],"platform":"254","template_public_id":"","codecanyon_url":"","codecanyon_item_id":"","codecanyon_price":"","pricing_caption":"","pricing_elfsight_apps_hide_column":"","pricing_elfsight_apps_url":"","pricing_codecanyon_price_caption":"","integration_category":[],"integration_request_title":"","integration_request_cta":"","integration_platform":"","integrations":[],"platform_category":[],"video_schema_markup":"","price":"ab 0 $ \/ Monat","trial":"","benefits":[{"text":"Kostenloser Installationsservice"},{"text":"Kompetenter Kundenservice"},{"text":"14-t\u00e4gige R\u00fcckerstattungsgarantie"},{"text":"Regelm\u00e4\u00dfige kostenlose Updates"}],"button_url":"#demo","button_target_blank":"0","button_nofollow":"0","attributes":[{"name":"Installiert","content":"100,000 - 500,000","_state":"expanded"},{"name":"Reaktionsfreudig","content":"Ja","_state":"expanded"},{"name":"Kompatible Browser","content":"Firefox, Chrome, Opera, Edge, Safari"}],"tags":[],"tags_disable_links":"1","hide_more_platforms":"","video_object":"","demo_hide_cta":"0","demo_hide_cloud_options":"0","pricing_title":"","pricing":[{"pricing_icon":"platform","pricing_title":"Elfsight Apps","pricing_title_caption":"Multiplattform-Software, die auf jeder Website funktioniert","pricing_price":"ab 0 $ \/ Monat","pricing_price_caption":"Beginnen Sie mit einem kostenlosen Plan","pricing_benefits":[{"text":"Unbegrenzte Websites"},{"text":"Schnelle Unternehmensunterst\u00fctzung"},{"text":"Kostenlose Installationsunterst\u00fctzung"},{"text":"Flexibles Design"}],"pricing_button_text":"Zur Website hinzuf\u00fcgen","pricing_button_url":"#demo","_state":"expanded"}],"related_apps_title":"","related_apps_hidden":"1","author":"","image":[],"title":"","job":"","social_networks":[]},"_links":{"self":[{"href":"https:\/\/elfsight.com\/de\/wp-json\/wp\/v2\/pages\/6833","targetHints":{"allow":["GET"]}}],"collection":[{"href":"https:\/\/elfsight.com\/de\/wp-json\/wp\/v2\/pages"}],"about":[{"href":"https:\/\/elfsight.com\/de\/wp-json\/wp\/v2\/types\/page"}],"author":[{"embeddable":true,"href":"https:\/\/elfsight.com\/de\/wp-json\/wp\/v2\/users\/9"}],"replies":[{"embeddable":true,"href":"https:\/\/elfsight.com\/de\/wp-json\/wp\/v2\/comments?post=6833"}],"version-history":[{"count":3,"href":"https:\/\/elfsight.com\/de\/wp-json\/wp\/v2\/pages\/6833\/revisions"}],"predecessor-version":[{"id":23534,"href":"https:\/\/elfsight.com\/de\/wp-json\/wp\/v2\/pages\/6833\/revisions\/23534"}],"up":[{"embeddable":true,"href":"https:\/\/elfsight.com\/de\/wp-json\/wp\/v2\/pages\/106"}],"wp:attachment":[{"href":"https:\/\/elfsight.com\/de\/wp-json\/wp\/v2\/media?parent=6833"}],"curies":[{"name":"wp","href":"https:\/\/api.w.org\/{rel}","templated":true}]}}