{"id":6826,"date":"2024-05-03T06:41:02","date_gmt":"2024-05-03T06:41:02","guid":{"rendered":"https:\/\/elfsight.com\/de\/?page_id=6826"},"modified":"2025-02-21T12:05:16","modified_gmt":"2025-02-21T12:05:16","slug":"squarespace","status":"publish","type":"page","link":"https:\/\/elfsight.com\/de\/logo-showcase-widget\/squarespace\/","title":{"rendered":"Logo Showcase &#8211; Squarespace"},"content":{"rendered":"\n<div class=\"application-platform-content-item-description application-platform-content-item\" id=\"description\" data-nav-section=\"description\"><h2>Logo Showcase auf Squarespace mit dem Elfsight-Widget einbetten<\/h2> <p>Elfsight Logo Showcase ist die unkomplizierteste M\u00f6glichkeit, die Qualit\u00e4t Ihrer Partner zu demonstrieren. und Sponsorenlogos oder Ihre Presseerw\u00e4hnungen auf der Website. Mithilfe des Elfsight-Widgets beweisen Sie, dass Sie ein glaubw\u00fcrdiger Begleiter sind und eine gute Vision Ihres Unternehmens unterst\u00fctzen. Mit dem Widget k\u00f6nnen Sie beliebig viele Logos hinzuf\u00fcgen, diese in einem Karussell oder Raster anordnen und die Gr\u00f6\u00dfe der Bilder anpassen. Sie k\u00f6nnen Bildunterschriften und Links zur Website des Unternehmens anzeigen. Durch unterschiedliche Farb- und Schriftarteneinstellungen erreichen Sie eine personalisierte Benutzeroberfl\u00e4che. <\/p><p><b>Verbessern Sie die Glaubw\u00fcrdigkeit Ihres Unternehmens.<\/b><\/p><\/div><div class=\"application-platform-content-item-features application-platform-content-item\" id=\"features\" data-nav-section=\"features\"><h2>Hauptfunktionen des Logo Showcase-Widgets<\/h2> <p>Sehen Sie sich eine Liste aller Funktionen von Logo Showcase an. Sie k\u00f6nnen sie direkt im Editor anpassen und sie helfen Ihnen dabei, das Widget passend f\u00fcr Ihren Fall zu gestalten. <\/p><ul><li>Sie k\u00f6nnen jedes Logo mit einer beliebigen Webseite verlinken; <\/li><li>Umschaltbarer Header mit Titel und Text mit Formatierungsoptionen; <\/li><li>CTA-Button kann mit jeder Seite verbunden werden; <\/li><li>3 ausgewogene Widget-Layouts: Slider, Grid und Karussell; <\/li><li>Eine Option zum Festlegen der Logogr\u00f6\u00dfe und der Widget-Breite; <\/li><li>W\u00e4hlen Sie eine beliebige Hintergrundfarbe oder f\u00fcgen Sie Ihre eigene Datei hinzu. <\/li><\/ul><p><a href=\"#demo\">\u00dcberpr\u00fcfen Sie in unserer Demo, wie alle Funktionen funktionieren<\/a><\/p><\/div><div class=\"application-platform-content-item-installation application-platform-content-item\" id=\"installation\" data-nav-section=\"installation\"> <h2>Wie bette ich Logo Showcase auf meiner Squarespace-Website ein?<\/h2><div class=\"video-container\"><iframe width=\"560\" height=\"315\" src=\"https:\/\/www.youtube.com\/embed\/DO7NNHdqL8M?si=HctH2f5Ift90Z-UB\" frameborder=\"0\" allow=\"accelerometer; autoplay; clipboard-write; encrypted-media; gyroscope; picture-in-picture; web-share\" allowfullscreen><\/iframe><\/div><p>Um das Widget zu aktivieren, befolgen Sie einfach die folgenden Richtlinien<\/p><ul><li><b> Entwerfen Sie Ihr personalisiertes Logo-Plugin<\/b><br>Generieren Sie mit Hilfe unserer kostenlosen Demo ein Plugin mit einer bevorzugten Zusammensetzung und Funktionen. <\/li><li><b>Kopieren Sie den individuellen Code, um das Plugin einzurichten<\/b><br>Nachdem Sie Ihr Widget generiert haben, erhalten Sie den individuellen Code aus dem erscheinenden Fenster auf Elfsight Apps. Kopieren Sie den Code zur sp\u00e4teren Verwendung. <\/li><li><b>Integrieren Sie das Plugin auf Ihrer Squarespace-Website<\/b><br>Gehen Sie zu dem Bereich, in dem Sie das Plugin anzeigen m\u00f6chten, und f\u00fcgen Sie dort den kopierten Code hinzu. Speichern Sie die \u00c4nderungen. <\/li><li><b>Fertig! <\/b><br>Besuchen Sie den Store, um Ihr Plugin zu \u00fcberpr\u00fcfen. <\/li><\/ul><p>Nehmen Sie sich eine Minute und wenden Sie sich an den Kundensupport von Elfsight, wenn Sie Rat ben\u00f6tigen oder etwas fragen m\u00f6chten. Unsere Spezialisten helfen Ihnen bei jeder Anfrage weiter. <\/p><div class=\"faq\" data-component=\"FAQ\"><div class=\"faq-item\">\r\n\t\t\t\t\t<div class=\"faq-item-question\">\r\n\t\t\t\t\t\t<h3 class=\"faq-item-question-text\">Wie kann ich ohne Programmierkenntnisse einen Logo Showcase zu meiner Squarespace-Website hinzuf\u00fcgen?<\/h3>\r\n\r\n\t\t\t\t\t\t<div class=\"faq-item-question-icon\"><\/div>\r\n\t\t\t\t\t<\/div>\r\n\r\n\t\t\t\t\t<div class=\"faq-item-answer\">\r\n\t\t\t\t\t\t<div class=\"faq-item-answer-text\"> <p>Das Unternehmen Elfsight stellt eine SaaS-L\u00f6sung vor, die es Benutzern erm\u00f6glicht, selbst einen Logo Showcase-Bereich zu erstellen , pr\u00fcfen Sie, wie unkompliziert es ist: Gehen Sie zur Live-Demo, um ein Logo Showcase-Plugin zu erstellen, das Sie gerne auf Ihrer Squarespace-Website sehen w\u00fcrden. W\u00e4hlen Sie eine der vielen vorgefertigten Vorlagen und \u00e4ndern Sie die Logo Showcase-Einstellungen, f\u00fcgen Sie Ihre Inhalte hinzu, \u00e4ndern Sie das Layout und die Farben ohne Programmiererfahrung. Klicken Sie hier, um das Logo Showcase zu speichern und Code f\u00fcr die Installation zu erhalten, der kostenlos in jede Squarespace-Site eingebettet werden kann. Mit unserem benutzerfreundlichen Konfigurator kann jeder Webbenutzer online ein Logo Showcase-Plugin erstellen und zu seiner Squarespace-Site hinzuf\u00fcgen. Sie m\u00fcssen weder bezahlen noch Ihre Kartendaten eingeben, um an unserem Service teilzunehmen. Wenn Sie auf Probleme jeglicher Art sto\u00dfen, wenden Sie sich bitte an unser Support-Team.<\/p> <\/div>\r\n\t\t\t\t\t<\/div>\r\n\t\t\t\t<\/div> <\/div><\/div>\n","protected":false},"excerpt":{"rendered":"","protected":false},"author":9,"featured_media":0,"parent":1982,"menu_order":0,"comment_status":"closed","ping_status":"closed","template":"templates\/template-application-platform.php","meta":{"publish_to_discourse":"","publish_post_category":"","wpdc_auto_publish_overridden":"","wpdc_topic_tags":"","wpdc_pin_topic":"","wpdc_pin_until":"","discourse_post_id":"","discourse_permalink":"","wpdc_publishing_response":"","wpdc_publishing_error":"","footnotes":""},"class_list":["post-6826","page","type-page","status-publish","hentry"],"yoast_head":"<!-- This site is optimized with the Yoast SEO plugin v25.3.1 - https:\/\/yoast.com\/wordpress\/plugins\/seo\/ -->\n<title>Logo Showcase \u2013 Logo-Karussell-Plugin zur Squarespace-Website hinzuf\u00fcgen (2026)<\/title>\n<meta name=\"description\" content=\"Es ist ganz einfach, Ihr Logo Showcase-Plugin zu erstellen und es auf Ihrer Squarespace-Website hinzuzuf\u00fcgen. Der Elfsight-Kundendienst ist kostenlos und schnell.\" \/>\n<meta name=\"robots\" content=\"index, follow, max-snippet:-1, max-image-preview:large, max-video-preview:-1\" \/>\n<link rel=\"canonical\" href=\"https:\/\/elfsight.com\/de\/logo-showcase-widget\/squarespace\/\" \/>\n<meta property=\"og:locale\" content=\"de_DE\" \/>\n<meta property=\"og:type\" content=\"article\" \/>\n<meta property=\"og:title\" content=\"Logo Showcase \u2013 Logo-Karussell-Plugin zur Squarespace-Website hinzuf\u00fcgen (2026)\" \/>\n<meta property=\"og:description\" content=\"Es ist ganz einfach, Ihr Logo Showcase-Plugin zu erstellen und es auf Ihrer Squarespace-Website hinzuzuf\u00fcgen. Der Elfsight-Kundendienst ist kostenlos und schnell.\" \/>\n<meta property=\"og:url\" content=\"https:\/\/elfsight.com\/de\/logo-showcase-widget\/squarespace\/\" \/>\n<meta property=\"og:site_name\" content=\"Elfsight DE\" \/>\n<meta property=\"article:modified_time\" content=\"2025-02-21T12:05:16+00:00\" \/>\n<meta name=\"twitter:card\" content=\"summary_large_image\" \/>\n<meta name=\"twitter:label1\" content=\"Gesch\u00e4tzte Lesezeit\" \/>\n\t<meta name=\"twitter:data1\" content=\"3\u00a0Minuten\" \/>\n<!-- \/ Yoast SEO plugin. -->","yoast_head_json":{"title":"Logo Showcase \u2013 Logo-Karussell-Plugin zur Squarespace-Website hinzuf\u00fcgen (2026)","description":"Es ist ganz einfach, Ihr Logo Showcase-Plugin zu erstellen und es auf Ihrer Squarespace-Website hinzuzuf\u00fcgen. Der Elfsight-Kundendienst ist kostenlos und schnell.","robots":{"index":"index","follow":"follow","max-snippet":"max-snippet:-1","max-image-preview":"max-image-preview:large","max-video-preview":"max-video-preview:-1"},"canonical":"https:\/\/elfsight.com\/de\/logo-showcase-widget\/squarespace\/","og_locale":"de_DE","og_type":"article","og_title":"Logo Showcase \u2013 Logo-Karussell-Plugin zur Squarespace-Website hinzuf\u00fcgen (2026)","og_description":"Es ist ganz einfach, Ihr Logo Showcase-Plugin zu erstellen und es auf Ihrer Squarespace-Website hinzuzuf\u00fcgen. Der Elfsight-Kundendienst ist kostenlos und schnell.","og_url":"https:\/\/elfsight.com\/de\/logo-showcase-widget\/squarespace\/","og_site_name":"Elfsight DE","article_modified_time":"2025-02-21T12:05:16+00:00","twitter_card":"summary_large_image","twitter_misc":{"Gesch\u00e4tzte Lesezeit":"3\u00a0Minuten"},"schema":{"@context":"https:\/\/schema.org","@graph":[{"@type":"WebPage","@id":"https:\/\/elfsight.com\/de\/logo-showcase-widget\/squarespace\/","url":"https:\/\/elfsight.com\/de\/logo-showcase-widget\/squarespace\/","name":"Logo Showcase \u2013 Logo-Karussell-Plugin zur Squarespace-Website hinzuf\u00fcgen (2026)","isPartOf":{"@id":"https:\/\/elfsight.com\/de\/#website"},"datePublished":"2024-05-03T06:41:02+00:00","dateModified":"2025-02-21T12:05:16+00:00","description":"Es ist ganz einfach, Ihr Logo Showcase-Plugin zu erstellen und es auf Ihrer Squarespace-Website hinzuzuf\u00fcgen. Der Elfsight-Kundendienst ist kostenlos und schnell.","breadcrumb":{"@id":"https:\/\/elfsight.com\/de\/logo-showcase-widget\/squarespace\/#breadcrumb"},"inLanguage":"de","potentialAction":[{"@type":"ReadAction","target":["https:\/\/elfsight.com\/de\/logo-showcase-widget\/squarespace\/"]}]},{"@type":"BreadcrumbList","@id":"https:\/\/elfsight.com\/de\/logo-showcase-widget\/squarespace\/#breadcrumb","itemListElement":[{"@type":"ListItem","position":1,"name":"Home","item":"https:\/\/elfsight.com\/de\/"},{"@type":"ListItem","position":2,"name":"Logo Showcase","item":"https:\/\/elfsight.com\/de\/logo-showcase-widget\/"},{"@type":"ListItem","position":3,"name":"Logo Showcase &#8211; Squarespace"}]},{"@type":"WebSite","@id":"https:\/\/elfsight.com\/de\/#website","url":"https:\/\/elfsight.com\/de\/","name":"Elfsight DE","description":"Just another Elfsight Sites site","potentialAction":[{"@type":"SearchAction","target":{"@type":"EntryPoint","urlTemplate":"https:\/\/elfsight.com\/de\/?s={search_term_string}"},"query-input":{"@type":"PropertyValueSpecification","valueRequired":true,"valueName":"search_term_string"}}],"inLanguage":"de"}]}},"meta_box":{"industry":"","seo_heading":"","heading":"","description":"","cta_heading":"","cta_description":"","application":"499","h1":"Squarespace-Logo-Schaufenster","h1_caption":"Zeigen Sie die Logos Ihrer Partner, Sponsoren oder Kunden an und bauen Sie so m\u00fchelos Glaubw\u00fcrdigkeit und Vertrauen f\u00fcr Ihre Marke auf Ihrer Squarespace-Website auf.","application_category":[],"applications_title":"","applications_request_title":"","applications_request_button_text":"","hero_text":"","hero_video":"","hero_video_schema_markup":"","selling_points_title":"","selling_points_caption":"","selling_points":[],"selling_points_cta_text":"","features_title":"","features":"","ed_cta_examples_text":"","ed_cta_examples_hidden":"","ed_cta_demo_text":"","ed_cta_demo_hidden":"","why_caption":"","why_editor_title":"","why_editor_text":"","why_team_title":"","why_team_text":"","why_service_title":"","why_service_text":"","template_catalog_visible":"0","template_catalog_title":"","template_catalog_text":"","template_catalog_categories_visible":"","demo_title":"Erstellen Sie Ihr Logo Showcase-Plugin","demo_caption":"Konfigurieren Sie Ihr Logo-Showcase und f\u00fcgen Sie es kostenlos zu Ihrer Squarespace-Website hinzu!","default_faq_hidden":"","app_template_category":[],"platform":"252","template_public_id":"","codecanyon_url":"","codecanyon_item_id":"","codecanyon_price":"","pricing_caption":"","pricing_elfsight_apps_hide_column":"","pricing_elfsight_apps_url":"","pricing_codecanyon_price_caption":"","integration_category":[],"integration_request_title":"","integration_request_cta":"","integration_platform":"","integrations":[],"platform_category":[],"video_schema_markup":"","price":"ab 0 $ \/ Monat","trial":"","benefits":[{"text":"Kostenlose Installationsunterst\u00fctzung"},{"text":"Professioneller Kundenservice"},{"text":"14-t\u00e4gige R\u00fcckerstattungsgarantie"},{"text":"Regelm\u00e4\u00dfige kostenlose Updates"}],"button_url":"#demo","button_target_blank":"0","button_nofollow":"0","attributes":[{"name":"Installiert","content":"10,000 - 100,000","_state":"expanded"},{"name":"Reaktionsfreudig","content":"Ja","_state":"expanded"},{"name":"Kompatible Browser","content":"Firefox, Safari, Opera, Chrome, Edge"}],"tags":[],"tags_disable_links":"1","hide_more_platforms":"0","video_object":"","demo_hide_cta":"0","demo_hide_cloud_options":"0","pricing_title":"","pricing":[{"pricing_icon":"platform","pricing_title":"Elfsight Apps","pricing_title_caption":"Multiplattform-Software, die auf jeder Website funktioniert","pricing_price":"ab 0 $ \/ Monat","pricing_price_caption":"Beginnen Sie mit einem kostenlosen Plan","pricing_benefits":[{"text":"Unbegrenzte Domains"},{"text":"Erstklassiger und p\u00fcnktlicher Support und gut dokumentiert"},{"text":"Kostenlose Installationsunterst\u00fctzung"},{"text":"Flexibles Design"}],"pricing_button_text":"Zur Website hinzuf\u00fcgen","pricing_button_url":"#demo","_state":"expanded"}],"related_apps_title":"","related_apps_hidden":"1","author":"","image":[],"title":"","job":"","social_networks":[]},"_links":{"self":[{"href":"https:\/\/elfsight.com\/de\/wp-json\/wp\/v2\/pages\/6826","targetHints":{"allow":["GET"]}}],"collection":[{"href":"https:\/\/elfsight.com\/de\/wp-json\/wp\/v2\/pages"}],"about":[{"href":"https:\/\/elfsight.com\/de\/wp-json\/wp\/v2\/types\/page"}],"author":[{"embeddable":true,"href":"https:\/\/elfsight.com\/de\/wp-json\/wp\/v2\/users\/9"}],"replies":[{"embeddable":true,"href":"https:\/\/elfsight.com\/de\/wp-json\/wp\/v2\/comments?post=6826"}],"version-history":[{"count":3,"href":"https:\/\/elfsight.com\/de\/wp-json\/wp\/v2\/pages\/6826\/revisions"}],"predecessor-version":[{"id":24704,"href":"https:\/\/elfsight.com\/de\/wp-json\/wp\/v2\/pages\/6826\/revisions\/24704"}],"up":[{"embeddable":true,"href":"https:\/\/elfsight.com\/de\/wp-json\/wp\/v2\/pages\/1982"}],"wp:attachment":[{"href":"https:\/\/elfsight.com\/de\/wp-json\/wp\/v2\/media?parent=6826"}],"curies":[{"name":"wp","href":"https:\/\/api.w.org\/{rel}","templated":true}]}}