{"id":6825,"date":"2024-05-03T06:39:34","date_gmt":"2024-05-03T06:39:34","guid":{"rendered":"https:\/\/elfsight.com\/de\/?page_id=6825"},"modified":"2025-01-23T17:21:23","modified_gmt":"2025-01-23T17:21:23","slug":"magento","status":"publish","type":"page","link":"https:\/\/elfsight.com\/de\/instagram-feed-instashow\/magento\/","title":{"rendered":"Instagram Feed &#8211; Magento"},"content":{"rendered":"<div class=\"application-platform-content-item-description application-platform-content-item\" id=\"description\" data-nav-section=\"description\"><h2>Instagram in Magento mit dem Elfsight-Widget einbetten<\/h2><p>InstaShow ist ein responsives Instagram-Plugin, mit dem Sie gro\u00dfartige Sammlungen erstellen k\u00f6nnen Instagram-Bilder und -Videos. Eine riesige Menge an Varianten individueller Einstellungen Ihres Profils: alle Arten von Quellen, Beitragsfilter, mehr als 60 adaptive Parameter und 10 Layoutvarianten sowie eine adaptive Schnittstelle, die f\u00fcr alle Aufl\u00f6sungen geeignet ist.<\/p><p><b>Verwenden Sie a Vollst\u00e4ndig responsives Instagram-Modul f\u00fcr Magento, um das Interesse der Besucher Ihrer Website zu wecken.<\/b><\/p><ul><li><b>Mehr verkaufen mit trendigen Bildern<\/b>.<br>Fotos von Instagram anzeigen \u2013 Das effizienteste Medium, um Ihre Produkte oder Dienstleistungen zu bewerben und den Gewinn auf der Website zu steigern.<\/li><li><b>Finden Sie neue Abonnenten auf Instagram<\/b>.<br>F\u00fcgen Sie zus\u00e4tzliche Schaltfl\u00e4chen mit einem Anruf hinzu um Ihre Instagram-Seite zu abonnieren und die Anzahl der Abonnenten zu erh\u00f6hen.<\/li><li><b>H\u00f6here Nutzer-Engagement-Rate<\/b>.<br>Inspirieren Sie Besucher, Ihre Inhalte anzusehen und tiefe Eindr\u00fccke zu gewinnen, mit Bildern von Instagram auf Ihrer Website. Erzielen Sie ein h\u00f6heres Besucherengagement.<\/li><\/ul><div class=\"faq\" data-component=\"FAQ\"> <div class=\"faq-item\">\r\n\t\t\t\t\t<div class=\"faq-item-question\">\r\n\t\t\t\t\t\t<h3 class=\"faq-item-question-text\">Welche anderen Tools f\u00fcr Magento kann ich verwenden? <\/h3>\r\n\r\n\t\t\t\t\t\t<div class=\"faq-item-question-icon\"><\/div>\r\n\t\t\t\t\t<\/div>\r\n\r\n\t\t\t\t\t<div class=\"faq-item-answer\">\r\n\t\t\t\t\t\t<div class=\"faq-item-answer-text\"> <p>Sie k\u00f6nnen gerne zahlreiche Widgets f\u00fcr beliebige Zwecke auf Ihrer Website testen Ihres Gesch\u00e4ftsbereichs. W\u00e4hlen Sie, was am besten zu Ihnen passt: <a href=\"https:\/\/elfsight.com\/whatsapp-chat-widget\/magento\/\">WhatsApp Chat<\/a>, <a href=\"https:\/\/elfsight.com\/amazon -reviews-widget\/magento\/\">Amazon-Rezensionen<\/a>, <a href=\"https:\/\/elfsight.com\/facebook-chat-widget\/magento\/\">Facebook-Chat<\/a>, <a href=\"\/\/elfsight.com\/google-reviews-widget\/magento\/\">Google Reviews<\/a>.<\/p> <\/div>\r\n\t\t\t\t\t<\/div>\r\n\t\t\t\t<\/div> <div class=\"faq-item\">\r\n\t\t\t\t\t<div class=\"faq-item-question\">\r\n\t\t\t\t\t\t<h3 class=\"faq-item-question-text\">Wie bette ich Instagram-Feeds kostenlos in Magento ein?<\/h3>\r\n\r\n\t\t\t\t\t\t<div class=\"faq-item-question-icon\"><\/div>\r\n\t\t\t\t\t<\/div>\r\n\r\n\t\t\t\t\t<div class=\"faq-item-answer\">\r\n\t\t\t\t\t\t<div class=\"faq-item-answer-text\"> <ol><p>Das Hinzuf\u00fcgen eines Instagram-Feeds zu Ihrem Magento-Shop ist eine hervorragende M\u00f6glichkeit, Ihre neuesten Beitr\u00e4ge hervorzuheben und das Engagement der K\u00e4ufer zu f\u00f6rdern.<\/p><ol><li>An <a href=\"https:\/\/elfsight .com\/blog\/how-to-embed-instagram-feed-on-website\/\">Elfsight-Instagram-Feed<\/a> kostenlos auf Magento einbetten, die Elfsight-Website besuchen und ein kostenloses Konto erstellen.<\/li><li>Maximieren Sie die kostenlose Instagram-Erweiterung, indem Sie ihr Erscheinungsbild und ihre Einstellungen an das visuelle Thema Ihres Magento-Shops anpassen.<\/li><li>Nachdem Sie Ihren Instagram-Feed kostenlos konfiguriert haben, kopieren Sie den unverwechselbaren Einbettungscode und f\u00fcgen Sie ihn in den HTML-Code Ihres Magento-Shops ein, wo Sie ihn haben m\u00f6chten, dass der Feed hervorgehoben wird.<\/li><\/ol><p>Durch die Integration Ihres Instagram-Feeds in Ihren Magento-Shop steigern Sie dessen visuellen Charme und unterst\u00fctzen eine kontinuierliche K\u00e4uferinteraktion. Erleben Sie die Vorteile der Elfsight-Instagram-Erweiterung ohne finanzielle Investition!<\/p><\/ol><\/div>\r\n\t\t\t\t\t<\/div>\r\n\t\t\t\t<\/div> <div class=\"faq-item\">\r\n\t\t\t\t\t<div class=\"faq-item-question\">\r\n\t\t\t\t\t\t<h3 class=\"faq-item-question-text\">Darf ich sehen, wie Ihr Magento-Instagram-Feed-Plugin in Kraft tritt? <\/h3>\r\n\r\n\t\t\t\t\t\t<div class=\"faq-item-question-icon\"><\/div>\r\n\t\t\t\t\t<\/div>\r\n\r\n\t\t\t\t\t<div class=\"faq-item-answer\">\r\n\t\t\t\t\t\t<div class=\"faq-item-answer-text\"> <p>Nat\u00fcrlich! Sie k\u00f6nnen dies mithilfe unserer Live-<a href=\"https:\/\/elfsight.com\/instagram-feed-instashow\/#demo\">Demo<\/a> tun! Au\u00dferdem kann Ihnen die Demo dabei helfen, das Plugin zu Ihrer Magento-Website hinzuzuf\u00fcgen.<\/p><\/div>\r\n\t\t\t\t\t<\/div>\r\n\t\t\t\t<\/div> <\/div><\/div><div class=\"application-platform-content-item-features application-platform-content-item\" id=\"features\" data-nav-section=\"features\"><h2>Hauptfunktionen des Instagram-Feed-Moduls<\/h2><p>Die Hauptfunktionalit\u00e4t des Elfsight-Plugins, die es zum besten Magento-Instrument zum Anzeigen von Instagram-Inhalten auf einer Website macht:<\/p><ul><li>Inhalte nach URL, Hashtags und Benutzernamen hinzuf\u00fcgen<\/li><li>Anpassbare Anzahl von Spalten und Zeilen<\/li><li>Pfeile, Drag-and-Slide-Navigation<\/li><li>11 \u00fcbermalbare Elemente<\/li><li>Flexible Breite des Widgets<\/li><\/ul><p><a href=\"#demo\">Alle Funktionen in unserer Demo<\/a><\/p><\/div><div class=\"application-platform-content-item-installation application-platform-content-item\" id=\"installation\" data-nav-section=\"installation\"><h2>So f\u00fcgen Sie Instagram-Feed zu Magento hinzu Website<\/h2><p>Befolgen Sie einfach die nachstehenden Richtlinien, um mit der Arbeit mit dem Widget auf Magento zu beginnen.<\/p> <ol><li><b>Nutzen Sie unseren kostenlosen Konfigurator und beginnen Sie mit der Erstellung Ihres ma\u00dfgeschneiderten Instagram-Feeds Verl\u00e4ngerung. <\/b><br> Geben Sie das ausgew\u00e4hlte Formular und die Optionen des Widgets an und \u00fcbernehmen Sie die \u00c4nderungen. <\/li> <li><b>Holen Sie sich den eindeutigen Code, der im Fenster von Elfsight Apps angezeigt wird. <\/b><br> Sobald die Konfiguration Ihres pers\u00f6nlichen Widgets abgeschlossen ist, kopieren Sie den pers\u00f6nlichen Code aus der angezeigten Box und bewahren Sie ihn f\u00fcr zuk\u00fcnftige Gelegenheiten auf. <\/li> <li><b>Beginnen Sie mit der Nutzung des Widgets auf Ihrer Magento-Homepage. <\/b><br> Platzieren Sie den Code, den Sie k\u00fcrzlich gespeichert haben, auf Ihrer Website und \u00fcbernehmen Sie die Anpassungen. <\/li> <li><b>Du bist fertig! Der Aufbau ist vollst\u00e4ndig abgeschlossen. <\/b><br> Besuchen Sie Ihre Website, um zu \u00fcberpr\u00fcfen, wie das Tool funktioniert. <\/li><\/ol><p>Haben Sie Probleme bei der Installation des Instagram-Widgets f\u00fcr Magento? Nehmen Sie Kontakt mit dem Elfsight-Support auf.<\/p><\/div>","protected":false},"excerpt":{"rendered":"","protected":false},"author":9,"featured_media":0,"parent":29,"menu_order":0,"comment_status":"closed","ping_status":"closed","template":"templates\/template-application-platform.php","meta":{"publish_to_discourse":"","publish_post_category":"","wpdc_auto_publish_overridden":"","wpdc_topic_tags":"","wpdc_pin_topic":"","wpdc_pin_until":"","discourse_post_id":"","discourse_permalink":"","wpdc_publishing_response":"","wpdc_publishing_error":"","footnotes":""},"class_list":["post-6825","page","type-page","status-publish","hentry"],"yoast_head":"<!-- This site is optimized with the Yoast SEO plugin v25.3.1 - https:\/\/yoast.com\/wordpress\/plugins\/seo\/ -->\n<title>Betten Sie den Instagram-Feed in Magento mit dem Modul ein \u2013 f\u00fcgen Sie Instagram in 2 Minuten zur Website hinzu!<\/title>\n<meta name=\"description\" content=\"Testen Sie das beste Instagram-Plugin f\u00fcr Magento-Sites kostenlos! Erstellen Sie in nur 2 Minuten einen individuellen Instagram-Feed auf Elfsight.\" \/>\n<meta name=\"robots\" content=\"index, follow, max-snippet:-1, max-image-preview:large, max-video-preview:-1\" \/>\n<link rel=\"canonical\" href=\"https:\/\/elfsight.com\/de\/instagram-feed-instashow\/magento\/\" \/>\n<meta property=\"og:locale\" content=\"de_DE\" \/>\n<meta property=\"og:type\" content=\"article\" \/>\n<meta property=\"og:title\" content=\"Betten Sie den Instagram-Feed in Magento mit dem Modul ein \u2013 f\u00fcgen Sie Instagram in 2 Minuten zur Website hinzu!\" \/>\n<meta property=\"og:description\" content=\"Testen Sie das beste Instagram-Plugin f\u00fcr Magento-Sites kostenlos! Erstellen Sie in nur 2 Minuten einen individuellen Instagram-Feed auf Elfsight.\" \/>\n<meta property=\"og:url\" content=\"https:\/\/elfsight.com\/de\/instagram-feed-instashow\/magento\/\" \/>\n<meta property=\"og:site_name\" content=\"Elfsight DE\" \/>\n<meta property=\"article:modified_time\" content=\"2025-01-23T17:21:23+00:00\" \/>\n<meta name=\"twitter:card\" content=\"summary_large_image\" \/>\n<meta name=\"twitter:label1\" content=\"Gesch\u00e4tzte Lesezeit\" \/>\n\t<meta name=\"twitter:data1\" content=\"4\u00a0Minuten\" \/>\n<!-- \/ Yoast SEO plugin. -->","yoast_head_json":{"title":"Betten Sie den Instagram-Feed in Magento mit dem Modul ein \u2013 f\u00fcgen Sie Instagram in 2 Minuten zur Website hinzu!","description":"Testen Sie das beste Instagram-Plugin f\u00fcr Magento-Sites kostenlos! Erstellen Sie in nur 2 Minuten einen individuellen Instagram-Feed auf Elfsight.","robots":{"index":"index","follow":"follow","max-snippet":"max-snippet:-1","max-image-preview":"max-image-preview:large","max-video-preview":"max-video-preview:-1"},"canonical":"https:\/\/elfsight.com\/de\/instagram-feed-instashow\/magento\/","og_locale":"de_DE","og_type":"article","og_title":"Betten Sie den Instagram-Feed in Magento mit dem Modul ein \u2013 f\u00fcgen Sie Instagram in 2 Minuten zur Website hinzu!","og_description":"Testen Sie das beste Instagram-Plugin f\u00fcr Magento-Sites kostenlos! Erstellen Sie in nur 2 Minuten einen individuellen Instagram-Feed auf Elfsight.","og_url":"https:\/\/elfsight.com\/de\/instagram-feed-instashow\/magento\/","og_site_name":"Elfsight DE","article_modified_time":"2025-01-23T17:21:23+00:00","twitter_card":"summary_large_image","twitter_misc":{"Gesch\u00e4tzte Lesezeit":"4\u00a0Minuten"},"schema":{"@context":"https:\/\/schema.org","@graph":[{"@type":"WebPage","@id":"https:\/\/elfsight.com\/de\/instagram-feed-instashow\/magento\/","url":"https:\/\/elfsight.com\/de\/instagram-feed-instashow\/magento\/","name":"Betten Sie den Instagram-Feed in Magento mit dem Modul ein \u2013 f\u00fcgen Sie Instagram in 2 Minuten zur Website hinzu!","isPartOf":{"@id":"https:\/\/elfsight.com\/de\/#website"},"datePublished":"2024-05-03T06:39:34+00:00","dateModified":"2025-01-23T17:21:23+00:00","description":"Testen Sie das beste Instagram-Plugin f\u00fcr Magento-Sites kostenlos! Erstellen Sie in nur 2 Minuten einen individuellen Instagram-Feed auf Elfsight.","breadcrumb":{"@id":"https:\/\/elfsight.com\/de\/instagram-feed-instashow\/magento\/#breadcrumb"},"inLanguage":"de","potentialAction":[{"@type":"ReadAction","target":["https:\/\/elfsight.com\/de\/instagram-feed-instashow\/magento\/"]}]},{"@type":"BreadcrumbList","@id":"https:\/\/elfsight.com\/de\/instagram-feed-instashow\/magento\/#breadcrumb","itemListElement":[{"@type":"ListItem","position":1,"name":"Home","item":"https:\/\/elfsight.com\/de\/"},{"@type":"ListItem","position":2,"name":"Instagram Feed","item":"https:\/\/elfsight.com\/de\/instagram-feed-instashow\/"},{"@type":"ListItem","position":3,"name":"Instagram Feed &#8211; Magento"}]},{"@type":"WebSite","@id":"https:\/\/elfsight.com\/de\/#website","url":"https:\/\/elfsight.com\/de\/","name":"Elfsight DE","description":"Just another Elfsight Sites site","potentialAction":[{"@type":"SearchAction","target":{"@type":"EntryPoint","urlTemplate":"https:\/\/elfsight.com\/de\/?s={search_term_string}"},"query-input":{"@type":"PropertyValueSpecification","valueRequired":true,"valueName":"search_term_string"}}],"inLanguage":"de"}]}},"meta_box":{"industry":"","seo_heading":"","heading":"","description":"","cta_heading":"","cta_description":"","application":"14","h1":"Instagram-Feed-Widget f\u00fcr Magento","h1_caption":"F\u00fcgen Sie Beitr\u00e4ge von Ihrem Instagram-Konto oder per Hashtag hinzu und bieten Sie so die beste M\u00f6glichkeit, m\u00fchelos einen dynamischen Instagram-Feed auf Ihrer Website auf Ihrer Magento-Website zu pr\u00e4sentieren.","application_category":[],"applications_title":"","applications_request_title":"","applications_request_button_text":"","hero_text":"","hero_video":"","hero_video_schema_markup":"","selling_points_title":"","selling_points_caption":"","selling_points":[],"selling_points_cta_text":"","features_title":"","features":"","ed_cta_examples_text":"","ed_cta_examples_hidden":"","ed_cta_demo_text":"","ed_cta_demo_hidden":"","why_caption":"","why_editor_title":"","why_editor_text":"","why_team_title":"","why_team_text":"","why_service_title":"","why_service_text":"","template_catalog_visible":"0","template_catalog_title":"","template_catalog_text":"","template_catalog_categories_visible":"","demo_title":"Erstellen Sie Ihre Instagram-Feed-Erweiterung","demo_caption":"Konfigurieren Sie Ihren Instagram-Feed und f\u00fcgen Sie ihn kostenlos zu Ihrer Magento-Website hinzu!","default_faq_hidden":"","app_template_category":[],"platform":"256","template_public_id":"","codecanyon_url":"","codecanyon_item_id":"","codecanyon_price":"","pricing_caption":"","pricing_elfsight_apps_hide_column":"","pricing_elfsight_apps_url":"","pricing_codecanyon_price_caption":"","integration_category":[],"integration_request_title":"","integration_request_cta":"","integration_platform":"","integrations":[],"platform_category":[],"video_schema_markup":"","price":"ab 0 $ \/ Monat","trial":"","benefits":[{"text":"Kostenloser Installationsservice"},{"text":"Effektiver Kundenservice"},{"text":"14-t\u00e4gige Geld-zur\u00fcck-Garantie"},{"text":"Lebenslange kostenlose Verbesserungen"}],"button_url":"#demo","button_target_blank":"0","button_nofollow":"0","attributes":[{"name":"Installiert","content":"100,000 - 500,000","_state":"expanded"},{"name":"Reaktionsfreudig","content":"Ja","_state":"expanded"},{"name":"Kompatible Browser","content":"Firefox, Safari, Opera, Chrome, Edge"}],"tags":[],"tags_disable_links":"1","hide_more_platforms":"","video_object":"","demo_hide_cta":"0","demo_hide_cloud_options":"0","pricing_title":"","pricing":[{"pricing_icon":"platform","pricing_title":"Elfsight Apps","pricing_title_caption":"Plattform\u00fcbergreifende digitale L\u00f6sung, die auf jeder Website funktioniert","pricing_price":"ab 0 $ \/ Monat","pricing_price_caption":"Beginnen Sie mit einem kostenlosen Plan","pricing_benefits":[{"text":"Unbegrenzte Domains"},{"text":"Schnelle Unternehmensunterst\u00fctzung"},{"text":"Kostenloser Installationssupport"},{"text":"Vollst\u00e4ndig anpassbar"}],"pricing_button_text":"Zur Website hinzuf\u00fcgen","pricing_button_url":"#demo","_state":"expanded"}],"related_apps_title":"","related_apps_hidden":"1","author":"","image":[],"title":"","job":"","social_networks":[]},"_links":{"self":[{"href":"https:\/\/elfsight.com\/de\/wp-json\/wp\/v2\/pages\/6825","targetHints":{"allow":["GET"]}}],"collection":[{"href":"https:\/\/elfsight.com\/de\/wp-json\/wp\/v2\/pages"}],"about":[{"href":"https:\/\/elfsight.com\/de\/wp-json\/wp\/v2\/types\/page"}],"author":[{"embeddable":true,"href":"https:\/\/elfsight.com\/de\/wp-json\/wp\/v2\/users\/9"}],"replies":[{"embeddable":true,"href":"https:\/\/elfsight.com\/de\/wp-json\/wp\/v2\/comments?post=6825"}],"version-history":[{"count":3,"href":"https:\/\/elfsight.com\/de\/wp-json\/wp\/v2\/pages\/6825\/revisions"}],"predecessor-version":[{"id":23897,"href":"https:\/\/elfsight.com\/de\/wp-json\/wp\/v2\/pages\/6825\/revisions\/23897"}],"up":[{"embeddable":true,"href":"https:\/\/elfsight.com\/de\/wp-json\/wp\/v2\/pages\/29"}],"wp:attachment":[{"href":"https:\/\/elfsight.com\/de\/wp-json\/wp\/v2\/media?parent=6825"}],"curies":[{"name":"wp","href":"https:\/\/api.w.org\/{rel}","templated":true}]}}