{"id":6818,"date":"2024-05-03T06:40:44","date_gmt":"2024-05-03T06:40:44","guid":{"rendered":"https:\/\/elfsight.com\/de\/?page_id=6818"},"modified":"2025-07-08T10:55:36","modified_gmt":"2025-07-08T10:55:36","slug":"prestashop","status":"publish","type":"page","link":"https:\/\/elfsight.com\/de\/logo-showcase-widget\/prestashop\/","title":{"rendered":"Logo Showcase &#8211; PrestaShop"},"content":{"rendered":"<div class=\"application-platform-content-item-description application-platform-content-item\" id=\"description\" data-nav-section=\"description\"> <h2>Beschreibung<\/h2> <p>Elfsight Logo Showcase ist das einfachste Tool, mit dem Benutzer die Logos der Partner oder Sponsoren oder Ihre Erw\u00e4hnungen sehen k\u00f6nnen in der Presse auf Ihrer Website. Mit dem Elfsight-Widget \u00fcberzeugen Sie Besucher davon, dass Sie ein vertrauensw\u00fcrdiger Begleiter sind und unterst\u00fctzen ein positives Image Ihrer Marke. Mit dem Widget k\u00f6nnen Sie beliebig viele Embleme integrieren, diese in einem Karussell oder Raster organisieren und die Skalierung der Logos anpassen. Sie k\u00f6nnen eine Bildunterschrift und Links zu den Websites der Unternehmen anzeigen. Mithilfe von Farb- und Schriftarteneinstellungen ist es einfach, eine einzigartige Benutzeroberfl\u00e4che einzurichten. <\/p><p><b>Steigern Sie Ihren Umsatz, indem Sie Ihren gro\u00dfartigen Firmennamen mit Logos von Partnern auf Ihrer Website pr\u00e4sentieren<\/b><\/p><\/div> <div class=\"application-platform-content-item-features application-platform-content-item\" id=\"features\" data-nav-section=\"features\"> <h2>Hier sind Grundfunktionen des Widgets: <\/h2> <ul><li>Verwenden Sie die Twitter- oder Facebook-Profil-URL, um zu beweisen, dass der Autor echt ist. <\/li><li>Probieren Sie 6 adaptive Testimonial-Vorlagen aus und finden Sie die Vorlage, die Sie brauchen. <\/li><li>Layout in voller Breite, um ihm ein klares Aussehen zu verleihen. <\/li><li>Zeigen Sie das Foto und den Namen des Autors an, um mehr Vertrauen zu schaffen. <\/li><li>Verwenden Sie Bildunterschriften f\u00fcr die Unternehmensposition, den Namen und andere Daten. <\/li><li>Stellen Sie f\u00fcr eine zuverl\u00e4ssigere Darstellung einen Link zur Website des Autors bereit. <\/li><li>Um die Glaubw\u00fcrdigkeit zu erh\u00f6hen, zeigen Sie das Logo des Unternehmens des Autors. <\/li><li>Raster- und Slider-Layouts f\u00fcr eine Vielzahl von Anwendungsf\u00e4llen. <\/li><li>Slider-Paginierungsoptionen und Pfeile. <\/li><\/ul><p><a href=\"#demo\">Entdecken Sie alle Anpassungsoptionen in der voll ausgestatteten Demo<\/a><\/p> <\/div> <div class=\"application-platform-content-item-installation application-platform-content-item\" id=\"installation\" data-nav-section=\"installation\"> <h2>Wie bette ich Logo Showcase auf meiner PrestaShop-Website ein? <\/h2> <p>Befolgen Sie einfach die folgenden Richtlinien, um das Widget einzuf\u00fcgen. <\/p> <ol><li><b>Starten Sie unsere kostenlose Demo und beginnen Sie mit der Erstellung Ihres benutzerdefinierten Widgets. <\/b><br> Bestimmen Sie das individuelle Aussehen und die Funktionsmerkmale des Werkzeugs und nehmen Sie die Korrekturen vor. <\/li> <li><b>Kopieren Sie Ihren pers\u00f6nlichen Code, der in der Box von Elfsight Apps angezeigt wird. <\/b><br> Nachdem die Generierung Ihres Tools abgeschlossen ist, kopieren Sie den exklusiven Code aus dem angezeigten Feld und speichern Sie ihn zur sp\u00e4teren Verwendung. <\/li> <li><b>Geben Sie die Verwendung des Widgets auf Ihrer PrestaShop-Homepage ein. <\/b><br> Platzieren Sie den Code, den Sie zuvor kopiert haben, auf Ihrer Seite und speichern Sie die Korrekturen. <\/li> <li><b>Die Installation ist vollst\u00e4ndig abgeschlossen. <\/b><br> Besuchen Sie Ihre Website, um die Leistung des Tools zu sehen. <\/li><\/ol> <p>Wenn Sie auf Komplikationen sto\u00dfen, scheuen Sie sich nicht, sich an unsere Support-Mitarbeiter zu wenden. Unsere Berater sind bestrebt, alle Probleme zu l\u00f6sen, die Sie m\u00f6glicherweise mit dem Widget haben. <\/p> <div class=\"faq\" data-component=\"FAQ\"><div class=\"faq-item\">\r\n\t\t\t\t\t<div class=\"faq-item-question\">\r\n\t\t\t\t\t\t<h3 class=\"faq-item-question-text\">Gibt es eine M\u00f6glichkeit, meiner PrestaShop-Homepage ohne Codierung einen Logo-Showcase hinzuzuf\u00fcgen?<\/h3>\r\n\r\n\t\t\t\t\t\t<div class=\"faq-item-question-icon\"><\/div>\r\n\t\t\t\t\t<\/div>\r\n\r\n\t\t\t\t\t<div class=\"faq-item-answer\">\r\n\t\t\t\t\t\t<div class=\"faq-item-answer-text\"> <p>Elfsight bietet eine Cloud-L\u00f6sung, mit der Benutzer selbst einen Logo-Showcase-Bereich erstellen k\u00f6nnen. Sehen Sie sich das an Einfache Anleitung: Erstellen Sie direkt in der Online-Demo einen Logo-Showcase-Bereich, den Sie auf Ihrer PrestaShop-Homepage einbetten m\u00f6chten. Entscheiden Sie sich f\u00fcr eine der vielen vorgefertigten Vorlagen und \u00e4ndern Sie die Logo Showcase-Einstellungen, f\u00fcgen Sie Ihre Inhalte hinzu, \u00e4ndern Sie das Layout und die Farben ohne Programmierkenntnisse. Klicken Sie hier, um die Einstellungen, die Sie in Logo Showcase vorgenommen haben, zu speichern und den Installationscode zu kopieren, den Sie einfach kostenlos in Ihre PrestaShop-Webseite einf\u00fcgen k\u00f6nnen. Mit dem intuitiven Konfigurator kann jeder Internetnutzer eine Logo Showcase-App erstellen und diese problemlos in jede PrestaShop-Website einbetten. Sie m\u00fcssen weder bezahlen noch Ihre Kartendaten offenlegen, um an dem Service teilzunehmen. Sollten bei irgendeinem Schritt Probleme auftreten, k\u00f6nnen Sie sich gerne an unseren Kundensupport wenden.<\/p> <\/div>\r\n\t\t\t\t\t<\/div>\r\n\t\t\t\t<\/div> <\/div><\/div>","protected":false},"excerpt":{"rendered":"","protected":false},"author":9,"featured_media":0,"parent":1982,"menu_order":0,"comment_status":"closed","ping_status":"closed","template":"templates\/template-application-platform.php","meta":{"publish_to_discourse":"","publish_post_category":"","wpdc_auto_publish_overridden":"","wpdc_topic_tags":"","wpdc_pin_topic":"","wpdc_pin_until":"","discourse_post_id":"","discourse_permalink":"","wpdc_publishing_response":"","wpdc_publishing_error":"","footnotes":""},"class_list":["post-6818","page","type-page","status-publish","hentry"],"yoast_head":"<!-- This site is optimized with the Yoast SEO plugin v25.3.1 - https:\/\/yoast.com\/wordpress\/plugins\/seo\/ -->\n<title>Logo Showcase \u2013 Logo-Karussell-Add-on zur PrestaShop-Website hinzuf\u00fcgen (2025)<\/title>\n<meta name=\"description\" content=\"Es ist ganz einfach, Ihr Logo Showcase-Add-on zu erstellen und es Ihrer PrestaShop-Website hinzuzuf\u00fcgen. Der Elfsight-Kundendienst ist kostenlos und schnell.\" \/>\n<meta name=\"robots\" content=\"index, follow, max-snippet:-1, max-image-preview:large, max-video-preview:-1\" \/>\n<link rel=\"canonical\" href=\"https:\/\/elfsight.com\/de\/logo-showcase-widget\/prestashop\/\" \/>\n<meta property=\"og:locale\" content=\"de_DE\" \/>\n<meta property=\"og:type\" content=\"article\" \/>\n<meta property=\"og:title\" content=\"Logo Showcase \u2013 Logo-Karussell-Add-on zur PrestaShop-Website hinzuf\u00fcgen (2025)\" \/>\n<meta property=\"og:description\" content=\"Es ist ganz einfach, Ihr Logo Showcase-Add-on zu erstellen und es Ihrer PrestaShop-Website hinzuzuf\u00fcgen. Der Elfsight-Kundendienst ist kostenlos und schnell.\" \/>\n<meta property=\"og:url\" content=\"https:\/\/elfsight.com\/de\/logo-showcase-widget\/prestashop\/\" \/>\n<meta property=\"og:site_name\" content=\"Elfsight DE\" \/>\n<meta property=\"article:modified_time\" content=\"2025-07-08T10:55:36+00:00\" \/>\n<meta name=\"twitter:card\" content=\"summary_large_image\" \/>\n<meta name=\"twitter:label1\" content=\"Gesch\u00e4tzte Lesezeit\" \/>\n\t<meta name=\"twitter:data1\" content=\"1\u00a0Minute\" \/>\n<!-- \/ Yoast SEO plugin. -->","yoast_head_json":{"title":"Logo Showcase \u2013 Logo-Karussell-Add-on zur PrestaShop-Website hinzuf\u00fcgen (2025)","description":"Es ist ganz einfach, Ihr Logo Showcase-Add-on zu erstellen und es Ihrer PrestaShop-Website hinzuzuf\u00fcgen. Der Elfsight-Kundendienst ist kostenlos und schnell.","robots":{"index":"index","follow":"follow","max-snippet":"max-snippet:-1","max-image-preview":"max-image-preview:large","max-video-preview":"max-video-preview:-1"},"canonical":"https:\/\/elfsight.com\/de\/logo-showcase-widget\/prestashop\/","og_locale":"de_DE","og_type":"article","og_title":"Logo Showcase \u2013 Logo-Karussell-Add-on zur PrestaShop-Website hinzuf\u00fcgen (2025)","og_description":"Es ist ganz einfach, Ihr Logo Showcase-Add-on zu erstellen und es Ihrer PrestaShop-Website hinzuzuf\u00fcgen. Der Elfsight-Kundendienst ist kostenlos und schnell.","og_url":"https:\/\/elfsight.com\/de\/logo-showcase-widget\/prestashop\/","og_site_name":"Elfsight DE","article_modified_time":"2025-07-08T10:55:36+00:00","twitter_card":"summary_large_image","twitter_misc":{"Gesch\u00e4tzte Lesezeit":"1\u00a0Minute"},"schema":{"@context":"https:\/\/schema.org","@graph":[{"@type":"WebPage","@id":"https:\/\/elfsight.com\/de\/logo-showcase-widget\/prestashop\/","url":"https:\/\/elfsight.com\/de\/logo-showcase-widget\/prestashop\/","name":"Logo Showcase \u2013 Logo-Karussell-Add-on zur PrestaShop-Website hinzuf\u00fcgen (2025)","isPartOf":{"@id":"https:\/\/elfsight.com\/de\/#website"},"datePublished":"2024-05-03T06:40:44+00:00","dateModified":"2025-07-08T10:55:36+00:00","description":"Es ist ganz einfach, Ihr Logo Showcase-Add-on zu erstellen und es Ihrer PrestaShop-Website hinzuzuf\u00fcgen. Der Elfsight-Kundendienst ist kostenlos und schnell.","breadcrumb":{"@id":"https:\/\/elfsight.com\/de\/logo-showcase-widget\/prestashop\/#breadcrumb"},"inLanguage":"de","potentialAction":[{"@type":"ReadAction","target":["https:\/\/elfsight.com\/de\/logo-showcase-widget\/prestashop\/"]}]},{"@type":"BreadcrumbList","@id":"https:\/\/elfsight.com\/de\/logo-showcase-widget\/prestashop\/#breadcrumb","itemListElement":[{"@type":"ListItem","position":1,"name":"Home","item":"https:\/\/elfsight.com\/de\/"},{"@type":"ListItem","position":2,"name":"Logo Showcase","item":"https:\/\/elfsight.com\/de\/logo-showcase-widget\/"},{"@type":"ListItem","position":3,"name":"Logo Showcase &#8211; PrestaShop"}]},{"@type":"WebSite","@id":"https:\/\/elfsight.com\/de\/#website","url":"https:\/\/elfsight.com\/de\/","name":"Elfsight DE","description":"Just another Elfsight Sites site","potentialAction":[{"@type":"SearchAction","target":{"@type":"EntryPoint","urlTemplate":"https:\/\/elfsight.com\/de\/?s={search_term_string}"},"query-input":{"@type":"PropertyValueSpecification","valueRequired":true,"valueName":"search_term_string"}}],"inLanguage":"de"}]}},"meta_box":{"industry":"","seo_heading":"","heading":"","description":"","cta_heading":"","cta_description":"","application":"499","h1":"PrestaShop-Logo-Schaufenster","h1_caption":"Zeigen Sie die Logos Ihrer Partner, Sponsoren oder Kunden an und bauen Sie so m\u00fchelos Glaubw\u00fcrdigkeit und Vertrauen f\u00fcr Ihre Marke auf Ihrer Prestashop-Website auf.","application_category":[],"applications_title":"","applications_request_title":"","applications_request_button_text":"","hero_text":"","hero_video":"","hero_video_schema_markup":"","selling_points_title":"","selling_points_caption":"","selling_points":[],"selling_points_cta_text":"","features_title":"","features":"","ed_cta_examples_text":"","ed_cta_examples_hidden":"","ed_cta_demo_text":"","ed_cta_demo_hidden":"","why_caption":"","why_editor_title":"","why_editor_text":"","why_team_title":"","why_team_text":"","why_service_title":"","why_service_text":"","template_catalog_visible":"","template_catalog_title":"","template_catalog_text":"","template_catalog_categories_visible":"","demo_title":"Erstellen Sie Ihr Logo Showcase-Add-on","demo_caption":"Konfigurieren Sie Ihr Logo-Showcase und f\u00fcgen Sie es kostenlos Ihrer PrestaShop-Website hinzu!","default_faq_hidden":"","app_template_category":[],"platform":"3811","template_public_id":"","codecanyon_url":"","codecanyon_item_id":"","codecanyon_price":"","pricing_caption":"","pricing_elfsight_apps_hide_column":"","pricing_elfsight_apps_url":"","pricing_codecanyon_price_caption":"","integration_category":[],"integration_request_title":"","integration_request_cta":"","integration_platform":"","integrations":[],"platform_category":[],"video_schema_markup":"","price":"ab 0 $ \/ Monat","trial":"","benefits":[{"text":"Kostenlose Installationsunterst\u00fctzung"},{"text":"Effektiver Kundenservice"},{"text":"14-t\u00e4gige R\u00fcckerstattungsgarantie"},{"text":"Lebenslange kostenlose Updates"}],"button_url":"#demo","button_target_blank":"0","button_nofollow":"0","attributes":[{"name":"Installiert","content":"10,000 - 100,000","_state":"expanded"},{"name":"Reaktionsfreudig","content":"Ja","_state":"expanded"},{"name":"Kompatible Browser","content":"Firefox, Safari, Opera, Chrome, Edge"}],"tags":[],"tags_disable_links":"1","hide_more_platforms":"","video_object":"","demo_hide_cta":"0","demo_hide_cloud_options":"0","pricing_title":"","pricing":[{"pricing_icon":"platform","pricing_title":"Elfsight Apps","pricing_title_caption":"Plattformunabh\u00e4ngige L\u00f6sung, die auf jeder Site funktioniert","pricing_price":"ab 0 $ \/ Monat","pricing_price_caption":"Beginnen Sie mit einem kostenlosen Plan","pricing_benefits":[{"text":"Unbegrenzte Domains"},{"text":"Erstklassiger und p\u00fcnktlicher Support"},{"text":"Kostenlose Installationsunterst\u00fctzung"},{"text":"100 % anpassbar"}],"pricing_button_text":"Zur Website hinzuf\u00fcgen","pricing_button_url":"#demo","_state":"expanded"}],"related_apps_title":"","related_apps_hidden":"1","author":"","image":[],"title":"","job":"","social_networks":[]},"_links":{"self":[{"href":"https:\/\/elfsight.com\/de\/wp-json\/wp\/v2\/pages\/6818","targetHints":{"allow":["GET"]}}],"collection":[{"href":"https:\/\/elfsight.com\/de\/wp-json\/wp\/v2\/pages"}],"about":[{"href":"https:\/\/elfsight.com\/de\/wp-json\/wp\/v2\/types\/page"}],"author":[{"embeddable":true,"href":"https:\/\/elfsight.com\/de\/wp-json\/wp\/v2\/users\/9"}],"replies":[{"embeddable":true,"href":"https:\/\/elfsight.com\/de\/wp-json\/wp\/v2\/comments?post=6818"}],"version-history":[{"count":2,"href":"https:\/\/elfsight.com\/de\/wp-json\/wp\/v2\/pages\/6818\/revisions"}],"predecessor-version":[{"id":21073,"href":"https:\/\/elfsight.com\/de\/wp-json\/wp\/v2\/pages\/6818\/revisions\/21073"}],"up":[{"embeddable":true,"href":"https:\/\/elfsight.com\/de\/wp-json\/wp\/v2\/pages\/1982"}],"wp:attachment":[{"href":"https:\/\/elfsight.com\/de\/wp-json\/wp\/v2\/media?parent=6818"}],"curies":[{"name":"wp","href":"https:\/\/api.w.org\/{rel}","templated":true}]}}