{"id":6806,"date":"1970-01-01T00:00:00","date_gmt":"1970-01-01T00:00:00","guid":{"rendered":"https:\/\/elfsight.com\/de\/?page_id=6806"},"modified":"2025-07-10T14:04:17","modified_gmt":"2025-07-10T14:04:17","slug":"jimdo","status":"publish","type":"page","link":"https:\/\/elfsight.com\/de\/whatsapp-chat-widget\/jimdo\/","title":{"rendered":"WhatsApp Chat &#8211; Jimdo"},"content":{"rendered":"<div class=\"application-platform-content-item-description application-platform-content-item\" id=\"description\" data-nav-section=\"description\"><h2>WhatsApp-Chat mit Elfsight-Widget einbetten<\/h2> <p>Der von Elfsight entwickelte WhatsApp-Chat ist f\u00fcr Ihre Website-Kunden die einfachste M\u00f6glichkeit, eine Konversation zu beginnen mit Ihnen zusammen und bekommen Antworten auf ihre Fragen. Bleiben Sie im Lieblings-Messenger \u00fcberall und jederzeit live f\u00fcr Ihre Leute erreichbar. Platzieren Sie WhatsApp Chat auf Ihrer Webseite und lassen Sie ihn auf ausgew\u00e4hlten Seiten oder f\u00fcr bestimmte Besuchertypen erscheinen, legen Sie Start-Chat-Ausl\u00f6ser fest, erstellen Sie Ihre benutzerdefinierte Willkommensnachricht, legen Sie Symbole fest und nehmen Sie andere Anpassungen vor. \u00dcber den auf der Webseite installierten WhatsApp-Chat sind Sie jederzeit und von jedem Ort aus leicht mit Ihren Kunden erreichbar. <\/p><p><b>Probieren Sie WhatsApp Chat aus, um Ihre E-Commerce-Ziele einfacher zu erreichen! <\/b><\/p> <\/div> <div class=\"application-platform-content-item-features application-platform-content-item\" id=\"features\" data-nav-section=\"features\"> <h2>Hauptfunktionen des WhatsApp-Chat-Widgets<\/h2> <ul><li>Betten Sie WhatsApp Messenger auf Ihrer Website ein, um mit Kunden zu chatten<\/li><li>Direkt von Ihrer WhatsApp-Seite aus auf Nachrichten antworten<\/li><li>W\u00e4hlen Sie eine von drei Optionen f\u00fcr die Chat-Position aus: schwebende Blase, eingebettete Blase und eingebettetes Chat-Fenster<\/li><li>W\u00e4hlen Sie Ihre Blase aus Symbolvariante in unserem Satz verf\u00fcgbarer Symbole<\/li><li>Bearbeiten Sie den Text der Chat-Blase<\/li><\/ul><p><a href=\"#demo\">Probieren Sie einfach diese Demo aus, um zu sehen, wie es funktioniert<\/a><\/p> <\/div> <div class=\"application-platform-content-item-installation application-platform-content-item\" id=\"installation\" data-nav-section=\"installation\"> <h2>Wie f\u00fcge ich einen WhatsApp-Chat zu einer Jimdo-Website hinzu? <\/h2> <p>F\u00fchren Sie einfach die folgenden Schritte aus, um mit der Verwendung des Widgets zu beginnen. <\/p> <ol><li><b>Verwalten Sie unsere kostenlose Demo und beginnen Sie mit der Erstellung Ihres individuellen Widgets. <\/b><br> Finden Sie die passende Oberfl\u00e4che und Optionen des Widgets und speichern Sie die Korrekturen. <\/li> <li><b>Kopieren Sie den individuellen Code, der im speziellen Formular auf Elfsight Apps angezeigt wird. <\/b><br> Kopieren Sie direkt nach Abschluss der Anpassung Ihres Widgets den pers\u00f6nlichen Code aus dem Fenster und speichern Sie ihn zur weiteren Verwendung. <\/li> <li><b>Beginnen Sie mit der Anwendung des Tools auf der Jimdo-Homepage. <\/b><br> F\u00fcgen Sie den zuvor gespeicherten Code in Ihre Website ein und speichern Sie die Korrekturen. <\/li> <li><b>Du bist fertig! Die Integration wurde erfolgreich abgeschlossen. <\/b><br> Gehen Sie zu Ihrer Webseite, um einen Blick auf die Funktionsweise des Widgets zu werfen. <\/li><\/ol> <p>Falls Sie auf Schwierigkeiten sto\u00dfen, z\u00f6gern Sie nicht, sich an unser Kundendienstteam zu wenden. Unsere Mitarbeiter werden sich freuen, alle Probleme zu l\u00f6sen, die Sie m\u00f6glicherweise mit dem Widget haben. <\/p> <\/div><div class=\"faq\" data-component=\"FAQ\"><div class=\"faq-item\">\r\n\t\t\t\t\t<div class=\"faq-item-question\">\r\n\t\t\t\t\t\t<h3 class=\"faq-item-question-text\">Wie ist es m\u00f6glich, WhatsApp Chat ohne Programmierkenntnisse zu meiner Jimdo-Website hinzuzuf\u00fcgen?<\/h3>\r\n\r\n\t\t\t\t\t\t<div class=\"faq-item-question-icon\"><\/div>\r\n\t\t\t\t\t<\/div>\r\n\r\n\t\t\t\t\t<div class=\"faq-item-answer\">\r\n\t\t\t\t\t\t<div class=\"faq-item-answer-text\"><p>Elfsight Unternehmen bietet eine Cloud-L\u00f6sung, mit der Benutzer selbst ein WhatsApp-Chat-Widget erstellen k\u00f6nnen. Finden Sie heraus, wie einfach der Vorgang ist: <\/p><ul><li>Beginnen Sie mit der Arbeit in der Live-Demo, um einen WhatsApp-Chat-Bereich zu erstellen, in dem Sie erscheinen m\u00f6chten Jimdo-Startseite.<\/li><li>Entscheiden Sie sich f\u00fcr eine der vorgefertigten Vorlagen und passen Sie die WhatsApp-Chat-Einstellungen an, \u00e4ndern Sie das Layout und die Farben, aktualisieren Sie Ihre Inhalte ohne Programmierkenntnisse.<\/li><li>Speichern Sie die Einstellungen Ich habe den WhatsApp-Chat aufgerufen und den Plugin-Code zur Installation kopiert, den Sie problemlos in die Jimdo-Webseite einf\u00fcgen k\u00f6nnen, ohne ein kostenpflichtiges Abonnement zu kaufen. <\/li><\/ul><p>Mit unserem benutzerfreundlichen Konfigurator kann jeder Webbenutzer einen WhatsApp-Chat online erstellen und ihn problemlos auf jeder Jimdo-Website einf\u00fcgen. Sie sollten weder bezahlen noch Ihre Kartendaten einreichen, um auf den Elfsight Editor zuzugreifen. Sollten Sie auf Hindernisse jeglicher Art sto\u00dfen, wenden Sie sich bitte an unser Support-Team.<\/p><\/div>\r\n\t\t\t\t\t<\/div>\r\n\t\t\t\t<\/div><\/div>","protected":false},"excerpt":{"rendered":"","protected":false},"author":9,"featured_media":0,"parent":146,"menu_order":0,"comment_status":"closed","ping_status":"closed","template":"templates\/template-application-platform.php","meta":{"publish_to_discourse":"","publish_post_category":"","wpdc_auto_publish_overridden":"","wpdc_topic_tags":"","wpdc_pin_topic":"","wpdc_pin_until":"","discourse_post_id":"","discourse_permalink":"","wpdc_publishing_response":"","wpdc_publishing_error":"","footnotes":""},"class_list":["post-6806","page","type-page","status-publish","hentry"],"yoast_head":"<!-- This site is optimized with the Yoast SEO plugin v25.3.1 - https:\/\/yoast.com\/wordpress\/plugins\/seo\/ -->\n<title>WhatsApp-Live-Chat-Widget zur Jimdo-Website hinzuf\u00fcgen (in 2 Minuten)<\/title>\n<meta name=\"description\" content=\"Richten Sie das WhatsApp-Live-Chat-Widget auf Jimdo in nur 2 Minuten ein. Entdecken Sie alle Hauptmerkmale des besten Chat-Widgets in einer kostenlosen Demo.\" \/>\n<meta name=\"robots\" content=\"index, follow, max-snippet:-1, max-image-preview:large, max-video-preview:-1\" \/>\n<link rel=\"canonical\" href=\"https:\/\/elfsight.com\/de\/whatsapp-chat-widget\/jimdo\/\" \/>\n<meta property=\"og:locale\" content=\"de_DE\" \/>\n<meta property=\"og:type\" content=\"article\" \/>\n<meta property=\"og:title\" content=\"WhatsApp-Live-Chat-Widget zur Jimdo-Website hinzuf\u00fcgen (in 2 Minuten)\" \/>\n<meta property=\"og:description\" content=\"Richten Sie das WhatsApp-Live-Chat-Widget auf Jimdo in nur 2 Minuten ein. Entdecken Sie alle Hauptmerkmale des besten Chat-Widgets in einer kostenlosen Demo.\" \/>\n<meta property=\"og:url\" content=\"https:\/\/elfsight.com\/de\/whatsapp-chat-widget\/jimdo\/\" \/>\n<meta property=\"og:site_name\" content=\"Elfsight DE\" \/>\n<meta property=\"article:modified_time\" content=\"2025-07-10T14:04:17+00:00\" \/>\n<meta name=\"twitter:card\" content=\"summary_large_image\" \/>\n<meta name=\"twitter:label1\" content=\"Gesch\u00e4tzte Lesezeit\" \/>\n\t<meta name=\"twitter:data1\" content=\"1\u00a0Minute\" \/>\n<!-- \/ Yoast SEO plugin. -->","yoast_head_json":{"title":"WhatsApp-Live-Chat-Widget zur Jimdo-Website hinzuf\u00fcgen (in 2 Minuten)","description":"Richten Sie das WhatsApp-Live-Chat-Widget auf Jimdo in nur 2 Minuten ein. Entdecken Sie alle Hauptmerkmale des besten Chat-Widgets in einer kostenlosen Demo.","robots":{"index":"index","follow":"follow","max-snippet":"max-snippet:-1","max-image-preview":"max-image-preview:large","max-video-preview":"max-video-preview:-1"},"canonical":"https:\/\/elfsight.com\/de\/whatsapp-chat-widget\/jimdo\/","og_locale":"de_DE","og_type":"article","og_title":"WhatsApp-Live-Chat-Widget zur Jimdo-Website hinzuf\u00fcgen (in 2 Minuten)","og_description":"Richten Sie das WhatsApp-Live-Chat-Widget auf Jimdo in nur 2 Minuten ein. Entdecken Sie alle Hauptmerkmale des besten Chat-Widgets in einer kostenlosen Demo.","og_url":"https:\/\/elfsight.com\/de\/whatsapp-chat-widget\/jimdo\/","og_site_name":"Elfsight DE","article_modified_time":"2025-07-10T14:04:17+00:00","twitter_card":"summary_large_image","twitter_misc":{"Gesch\u00e4tzte Lesezeit":"1\u00a0Minute"},"schema":{"@context":"https:\/\/schema.org","@graph":[{"@type":"WebPage","@id":"https:\/\/elfsight.com\/de\/whatsapp-chat-widget\/jimdo\/","url":"https:\/\/elfsight.com\/de\/whatsapp-chat-widget\/jimdo\/","name":"WhatsApp-Live-Chat-Widget zur Jimdo-Website hinzuf\u00fcgen (in 2 Minuten)","isPartOf":{"@id":"https:\/\/elfsight.com\/de\/#website"},"datePublished":"1970-01-01T00:00:00+00:00","dateModified":"2025-07-10T14:04:17+00:00","description":"Richten Sie das WhatsApp-Live-Chat-Widget auf Jimdo in nur 2 Minuten ein. Entdecken Sie alle Hauptmerkmale des besten Chat-Widgets in einer kostenlosen Demo.","breadcrumb":{"@id":"https:\/\/elfsight.com\/de\/whatsapp-chat-widget\/jimdo\/#breadcrumb"},"inLanguage":"de","potentialAction":[{"@type":"ReadAction","target":["https:\/\/elfsight.com\/de\/whatsapp-chat-widget\/jimdo\/"]}]},{"@type":"BreadcrumbList","@id":"https:\/\/elfsight.com\/de\/whatsapp-chat-widget\/jimdo\/#breadcrumb","itemListElement":[{"@type":"ListItem","position":1,"name":"Home","item":"https:\/\/elfsight.com\/de\/"},{"@type":"ListItem","position":2,"name":"WhatsApp Chat","item":"https:\/\/elfsight.com\/de\/whatsapp-chat-widget\/"},{"@type":"ListItem","position":3,"name":"WhatsApp Chat &#8211; Jimdo"}]},{"@type":"WebSite","@id":"https:\/\/elfsight.com\/de\/#website","url":"https:\/\/elfsight.com\/de\/","name":"Elfsight DE","description":"Just another Elfsight Sites site","potentialAction":[{"@type":"SearchAction","target":{"@type":"EntryPoint","urlTemplate":"https:\/\/elfsight.com\/de\/?s={search_term_string}"},"query-input":{"@type":"PropertyValueSpecification","valueRequired":true,"valueName":"search_term_string"}}],"inLanguage":"de"}]}},"meta_box":{"industry":"","seo_heading":"","heading":"","description":"","cta_heading":"","cta_description":"","application":"139","h1":"Jimdo WhatsApp Live Chat-Widget","h1_caption":"Geben Sie Benutzern die M\u00f6glichkeit, Sie \u00fcber WhatsApp zu kontaktieren, und sorgen Sie so f\u00fcr die schnellste und bequemste Interaktion Ihrer Website-Besucher mit Ihrer Jimdo-Website.","application_category":[],"applications_title":"","applications_request_title":"","applications_request_button_text":"","hero_text":"","hero_video":"","hero_video_schema_markup":"","selling_points_title":"","selling_points_caption":"","selling_points":[],"selling_points_cta_text":"","features_title":"","features":"","ed_cta_examples_text":"","ed_cta_examples_hidden":"","ed_cta_demo_text":"","ed_cta_demo_hidden":"","why_caption":"","why_editor_title":"","why_editor_text":"","why_team_title":"","why_team_text":"","why_service_title":"","why_service_text":"","template_catalog_visible":"","template_catalog_title":"","template_catalog_text":"","template_catalog_categories_visible":"","demo_title":"Erstellen Sie Ihr WhatsApp-Chat-Widget","demo_caption":"Konfigurieren Sie Ihren WhatsApp-Chat und f\u00fcgen Sie ihn kostenlos zu Ihrer Jimdo-Website hinzu!","default_faq_hidden":"","app_template_category":[],"platform":"239","template_public_id":"","codecanyon_url":"","codecanyon_item_id":"","codecanyon_price":"","pricing_caption":"","pricing_elfsight_apps_hide_column":"","pricing_elfsight_apps_url":"","pricing_codecanyon_price_caption":"","integration_category":[],"integration_request_title":"","integration_request_cta":"","integration_platform":"","integrations":[],"platform_category":[],"video_schema_markup":"","price":"ab 0 $ \/ Monat","trial":"","benefits":[{"text":"Kostenlose Installationsunterst\u00fctzung"},{"text":"Professioneller Kundenservice"},{"text":"14-t\u00e4gige Geld-zur\u00fcck-Garantie"},{"text":"St\u00e4ndige Aktualisierung"}],"button_url":"#demo","button_target_blank":"0","button_nofollow":"0","attributes":[{"name":"Installiert","content":"10,000 - 100,000","_state":"expanded"},{"name":"Reaktionsfreudig","content":"Ja","_state":"expanded"},{"name":"Kompatible Browser","content":"Firefox, Safari, Opera, Chrome, Edge"}],"tags":[],"tags_disable_links":"1","hide_more_platforms":"","video_object":"","demo_hide_cta":"0","demo_hide_cloud_options":"0","pricing_title":"","pricing":[{"pricing_icon":"platform","pricing_title":"Elfsight Apps","pricing_title_caption":"Plattformunabh\u00e4ngige digitale L\u00f6sung","pricing_price":"ab 0 $ \/ Monat","pricing_price_caption":"Beginnen Sie mit einem kostenlosen Plan","pricing_benefits":[{"text":"Unbegrenzte Domains"},{"text":"Support rund um die Uhr"},{"text":"Kostenloser Installationsservice"},{"text":"Flexibles Design"}],"pricing_button_text":"Zur Website hinzuf\u00fcgen","pricing_button_url":"#demo","_state":"expanded"}],"related_apps_title":"","related_apps_hidden":"1","author":"","image":[],"title":"","job":"","social_networks":[]},"_links":{"self":[{"href":"https:\/\/elfsight.com\/de\/wp-json\/wp\/v2\/pages\/6806","targetHints":{"allow":["GET"]}}],"collection":[{"href":"https:\/\/elfsight.com\/de\/wp-json\/wp\/v2\/pages"}],"about":[{"href":"https:\/\/elfsight.com\/de\/wp-json\/wp\/v2\/types\/page"}],"author":[{"embeddable":true,"href":"https:\/\/elfsight.com\/de\/wp-json\/wp\/v2\/users\/9"}],"replies":[{"embeddable":true,"href":"https:\/\/elfsight.com\/de\/wp-json\/wp\/v2\/comments?post=6806"}],"version-history":[{"count":3,"href":"https:\/\/elfsight.com\/de\/wp-json\/wp\/v2\/pages\/6806\/revisions"}],"predecessor-version":[{"id":21101,"href":"https:\/\/elfsight.com\/de\/wp-json\/wp\/v2\/pages\/6806\/revisions\/21101"}],"up":[{"embeddable":true,"href":"https:\/\/elfsight.com\/de\/wp-json\/wp\/v2\/pages\/146"}],"wp:attachment":[{"href":"https:\/\/elfsight.com\/de\/wp-json\/wp\/v2\/media?parent=6806"}],"curies":[{"name":"wp","href":"https:\/\/api.w.org\/{rel}","templated":true}]}}