{"id":6801,"date":"1970-01-01T00:00:00","date_gmt":"1970-01-01T00:00:00","guid":{"rendered":"https:\/\/elfsight.com\/de\/?page_id=6801"},"modified":"2025-01-10T13:11:30","modified_gmt":"2025-01-10T13:11:30","slug":"iframe","status":"publish","type":"page","link":"https:\/\/elfsight.com\/de\/whatsapp-chat-widget\/iframe\/","title":{"rendered":"WhatsApp Chat &#8211; iFrame"},"content":{"rendered":"\n<div class=\"application-platform-content-item-description application-platform-content-item\" id=\"description\" data-nav-section=\"description\"><h2>WhatsApp-Chat mit Elfsight-Widget einbetten<\/h2><p>Der von Elfsight erstellte WhatsApp-Chat ist die einfachste M\u00f6glichkeit f\u00fcr Ihre Website-Benutzer, in Verbindung zu bleiben mit Ihnen und lassen Sie sich ihre Fragen beantworten. Sie k\u00f6nnen im Lieblings-Messenger rund um die Uhr online f\u00fcr Ihre Zuschauer erreichbar bleiben. F\u00fcgen Sie den Chat auf der Webseite ein und lassen Sie ihn auf ausgew\u00e4hlten Seiten oder f\u00fcr ausgew\u00e4hlte Personengruppen erscheinen, richten Sie Start-Chat-Ausl\u00f6ser ein, senden Sie Ihre einzigartige Willkommensnachricht, w\u00e4hlen Sie Symbole aus und wenden Sie andere Personalisierungen an. Mithilfe des in die Website eingebetteten WhatsApp-Plugins bleiben Sie jederzeit und von \u00fcberall mit Ihren Zuschauern in Verbindung.<\/p> <p><b>Starten Sie den einfachsten Kommunikationsfluss auf Ihrer Website mit dem Elfsight WhatsApp Live-Chat!<\/b><\/p> <\/div><div class=\"application-platform-content-item-features application-platform-content-item\" id=\"features\" data-nav-section=\"features\"><h2>Hauptfunktionen des WhatsApp Chat Widget<\/h2><p>Sehen Sie sich die Liste der wesentlichen Plugin-Funktionen an. Sie machen es f\u00fcr Ihre Werbung unglaublich effektiv: <\/p><ul><li>F\u00fcgen Sie den WhatsApp-Messenger in Ihrem Gesch\u00e4ft ein, um mit Kunden zu chatten; <\/li><li>Chatten Sie weiter direkt von Ihrer WhatsApp-Seite aus; <\/li><li>W\u00e4hlen Sie eine von drei Varianten des Chat-Layouts: schwebende Blase, eingebettete Blase und eingebettetes Chat-Fenster; <\/li><li>Verwenden Sie eine Sammlung von Blasensymbolen zur Auswahl| W\u00e4hlen Sie Ihre Blasensymbolvariante aus der Bibliothek der verf\u00fcgbaren Symbole aus; <\/li><li>Bearbeitbarer Blasentext.<\/li><\/ul><p><a href=\"#demo\">Weitere Funktionen in der Live-Demo<\/a><\/p><\/div><div class=\"application-platform-content-item-installation application-platform-content-item\" id=\"installation\" data-nav-section=\"installation\"><h2>Wie f\u00fcge ich das WhatsApp-Chat-Plugin zur iFrame-Website hinzu?<\/h2><p>Es sind nur drei schnelle Schritte zum Einbetten des Plugins in Ihre Website erforderlich:<\/p><ol><li> <b>Erstellen Sie Ihr ma\u00dfgeschneidertes WhatsApp-Plugin<\/b><br> Gestalten Sie in unserem kostenlosen Konfigurator ein Plugin mit einer bevorzugten Oberfl\u00e4che und Funktionen. <\/li><li><b>Kopieren Sie den pers\u00f6nlichen Code, um das Plugin einzurichten<\/b><br> Nachdem Sie Ihr Plugin erstellt haben, erhalten Sie den Setup-Code aus dem angezeigten Fenster von Elfsight Apps. Kopieren Sie den Code zur weiteren Verwendung. <\/li> <li><b>F\u00fcgen Sie das Plugin auf Ihrer iFrame-Site hinzu<\/b><br> W\u00e4hlen Sie den Bereich aus, in dem Sie das Plugin anzeigen m\u00f6chten, und f\u00fcgen Sie dort den kopierten Code hinzu. Speichern Sie die Ergebnisse. <\/li> <li><b>Die Einrichtung ist abgeschlossen<\/b><br> Betreten Sie die Webseite, um Ihre Erfahrungsberichte anzuzeigen. <\/li> <\/ol><p>Wenn Sie Hilfe ben\u00f6tigen oder Fragen zum Produkt haben, wenden Sie sich bitte an unseren Kundensupport.<\/p><\/div><div class=\"faq\" data-component=\"FAQ\"><div class=\"faq-item\">\r\n\t\t\t\t\t<div class=\"faq-item-question\">\r\n\t\t\t\t\t\t<h3 class=\"faq-item-question-text\">Gibt es eine M\u00f6glichkeit, WhatsApp Chat ohne Programmiererfahrung in meine iFrame-Site einzubetten?<\/h3>\r\n\r\n\t\t\t\t\t\t<div class=\"faq-item-question-icon\"><\/div>\r\n\t\t\t\t\t<\/div>\r\n\r\n\t\t\t\t\t<div class=\"faq-item-answer\">\r\n\t\t\t\t\t\t<div class=\"faq-item-answer-text\"><p>Das Unternehmen Elfsight bietet eine SaaS-L\u00f6sung an, mit der Benutzer selbst ein WhatsApp Chat-Widget erstellen k\u00f6nnen. Lesen Sie die unkomplizierten Anweisungen : <\/p><ul><li>Gehen Sie zur Live-Demo, um ein WhatsApp-Chat-Widget zu erstellen, das Sie in Ihre iFrame-Site integrieren m\u00f6chten.<\/li><li>W\u00e4hlen Sie eine der vorgefertigten Vorlagen aus und passen Sie die WhatsApp-Chat-Einstellungen an , f\u00fcgen Sie Ihre Inhalte ein, \u00e4ndern Sie das Layout und die Farben ohne Codierung.<\/li><li>Speichern Sie den WhatsApp-Chat und erhalten Sie den Plugin-Code zum Einbetten, der problemlos in die iFrame-Webseite eingef\u00fcgt werden kann, ohne dass Sie eine kostenpflichtige Version kaufen m\u00fcssen. <\/li><\/ul><p>Mit Hilfe unseres unkomplizierten Editors kann jeder Internetnutzer einen WhatsApp-Chat-Bereich einrichten und ihn einfach in seine iFrame-Website einbetten. Sie sollten nicht bezahlen oder Ihre Kartendaten eingeben, um auf den Editor zuzugreifen. Wenn Sie auf Probleme jeglicher Art sto\u00dfen, wenden Sie sich bitte an unser technisches Support-Team.<\/p><\/div>\r\n\t\t\t\t\t<\/div>\r\n\t\t\t\t<\/div><\/div>\n","protected":false},"excerpt":{"rendered":"","protected":false},"author":9,"featured_media":0,"parent":146,"menu_order":0,"comment_status":"closed","ping_status":"closed","template":"templates\/template-application-platform.php","meta":{"publish_to_discourse":"","publish_post_category":"","wpdc_auto_publish_overridden":"","wpdc_topic_tags":"","wpdc_pin_topic":"","wpdc_pin_until":"","discourse_post_id":"","discourse_permalink":"","wpdc_publishing_response":"","wpdc_publishing_error":"","footnotes":""},"class_list":["post-6801","page","type-page","status-publish","hentry"],"yoast_head":"<!-- This site is optimized with the Yoast SEO plugin v25.3.1 - https:\/\/yoast.com\/wordpress\/plugins\/seo\/ -->\n<title>iFrame WhatsApp Chat-Plugin f\u00fcr Ihre Website (kostenlos und schnell)<\/title>\n<meta name=\"description\" content=\"Es ist ganz einfach, Ihr WhatsApp-Chat-Plugin zu erstellen und auf der iFrame-Seite zu ver\u00f6ffentlichen. Der Elfsight-Kundensupport ist kostenlos und schnell\" \/>\n<meta name=\"robots\" content=\"index, follow, max-snippet:-1, max-image-preview:large, max-video-preview:-1\" \/>\n<link rel=\"canonical\" href=\"https:\/\/elfsight.com\/de\/whatsapp-chat-widget\/iframe\/\" \/>\n<meta property=\"og:locale\" content=\"de_DE\" \/>\n<meta property=\"og:type\" content=\"article\" \/>\n<meta property=\"og:title\" content=\"iFrame WhatsApp Chat-Plugin f\u00fcr Ihre Website (kostenlos und schnell)\" \/>\n<meta property=\"og:description\" content=\"Es ist ganz einfach, Ihr WhatsApp-Chat-Plugin zu erstellen und auf der iFrame-Seite zu ver\u00f6ffentlichen. Der Elfsight-Kundensupport ist kostenlos und schnell\" \/>\n<meta property=\"og:url\" content=\"https:\/\/elfsight.com\/de\/whatsapp-chat-widget\/iframe\/\" \/>\n<meta property=\"og:site_name\" content=\"Elfsight DE\" \/>\n<meta property=\"article:modified_time\" content=\"2025-01-10T13:11:30+00:00\" \/>\n<meta name=\"twitter:card\" content=\"summary_large_image\" \/>\n<meta name=\"twitter:label1\" content=\"Gesch\u00e4tzte Lesezeit\" \/>\n\t<meta name=\"twitter:data1\" content=\"3\u00a0Minuten\" \/>\n<!-- \/ Yoast SEO plugin. -->","yoast_head_json":{"title":"iFrame WhatsApp Chat-Plugin f\u00fcr Ihre Website (kostenlos und schnell)","description":"Es ist ganz einfach, Ihr WhatsApp-Chat-Plugin zu erstellen und auf der iFrame-Seite zu ver\u00f6ffentlichen. Der Elfsight-Kundensupport ist kostenlos und schnell","robots":{"index":"index","follow":"follow","max-snippet":"max-snippet:-1","max-image-preview":"max-image-preview:large","max-video-preview":"max-video-preview:-1"},"canonical":"https:\/\/elfsight.com\/de\/whatsapp-chat-widget\/iframe\/","og_locale":"de_DE","og_type":"article","og_title":"iFrame WhatsApp Chat-Plugin f\u00fcr Ihre Website (kostenlos und schnell)","og_description":"Es ist ganz einfach, Ihr WhatsApp-Chat-Plugin zu erstellen und auf der iFrame-Seite zu ver\u00f6ffentlichen. Der Elfsight-Kundensupport ist kostenlos und schnell","og_url":"https:\/\/elfsight.com\/de\/whatsapp-chat-widget\/iframe\/","og_site_name":"Elfsight DE","article_modified_time":"2025-01-10T13:11:30+00:00","twitter_card":"summary_large_image","twitter_misc":{"Gesch\u00e4tzte Lesezeit":"3\u00a0Minuten"},"schema":{"@context":"https:\/\/schema.org","@graph":[{"@type":"WebPage","@id":"https:\/\/elfsight.com\/de\/whatsapp-chat-widget\/iframe\/","url":"https:\/\/elfsight.com\/de\/whatsapp-chat-widget\/iframe\/","name":"iFrame WhatsApp Chat-Plugin f\u00fcr Ihre Website (kostenlos und schnell)","isPartOf":{"@id":"https:\/\/elfsight.com\/de\/#website"},"datePublished":"1970-01-01T00:00:00+00:00","dateModified":"2025-01-10T13:11:30+00:00","description":"Es ist ganz einfach, Ihr WhatsApp-Chat-Plugin zu erstellen und auf der iFrame-Seite zu ver\u00f6ffentlichen. Der Elfsight-Kundensupport ist kostenlos und schnell","breadcrumb":{"@id":"https:\/\/elfsight.com\/de\/whatsapp-chat-widget\/iframe\/#breadcrumb"},"inLanguage":"de","potentialAction":[{"@type":"ReadAction","target":["https:\/\/elfsight.com\/de\/whatsapp-chat-widget\/iframe\/"]}]},{"@type":"BreadcrumbList","@id":"https:\/\/elfsight.com\/de\/whatsapp-chat-widget\/iframe\/#breadcrumb","itemListElement":[{"@type":"ListItem","position":1,"name":"Home","item":"https:\/\/elfsight.com\/de\/"},{"@type":"ListItem","position":2,"name":"WhatsApp Chat","item":"https:\/\/elfsight.com\/de\/whatsapp-chat-widget\/"},{"@type":"ListItem","position":3,"name":"WhatsApp Chat &#8211; iFrame"}]},{"@type":"WebSite","@id":"https:\/\/elfsight.com\/de\/#website","url":"https:\/\/elfsight.com\/de\/","name":"Elfsight DE","description":"Just another Elfsight Sites site","potentialAction":[{"@type":"SearchAction","target":{"@type":"EntryPoint","urlTemplate":"https:\/\/elfsight.com\/de\/?s={search_term_string}"},"query-input":{"@type":"PropertyValueSpecification","valueRequired":true,"valueName":"search_term_string"}}],"inLanguage":"de"}]}},"meta_box":{"industry":"","seo_heading":"","heading":"","description":"","cta_heading":"","cta_description":"","application":"139","h1":"iFrame WhatsApp Chat-Widget","h1_caption":"Geben Sie Benutzern die M\u00f6glichkeit, Sie \u00fcber WhatsApp zu kontaktieren, und sorgen Sie so f\u00fcr die schnellste und bequemste Interaktion Ihrer Website-Besucher mit Ihrer iFrame-Website.","application_category":[],"applications_title":"","applications_request_title":"","applications_request_button_text":"","hero_text":"","hero_video":"","hero_video_schema_markup":"","selling_points_title":"","selling_points_caption":"","selling_points":[],"selling_points_cta_text":"","features_title":"","features":"","ed_cta_examples_text":"","ed_cta_examples_hidden":"","ed_cta_demo_text":"","ed_cta_demo_hidden":"","why_caption":"","why_editor_title":"","why_editor_text":"","why_team_title":"","why_team_text":"","why_service_title":"","why_service_text":"","template_catalog_visible":"0","template_catalog_title":"","template_catalog_text":"","template_catalog_categories_visible":"","demo_title":"Erstellen Sie Ihr WhatsApp-Chat-Widget","demo_caption":"Konfigurieren Sie Ihren WhatsApp-Chat und f\u00fcgen Sie ihn kostenlos zu Ihrer iFrame-Website hinzu!","default_faq_hidden":"","app_template_category":[],"platform":"240","template_public_id":"","codecanyon_url":"","codecanyon_item_id":"","codecanyon_price":"","pricing_caption":"","pricing_elfsight_apps_hide_column":"","pricing_elfsight_apps_url":"","pricing_codecanyon_price_caption":"","integration_category":[],"integration_request_title":"","integration_request_cta":"","integration_platform":"","integrations":[],"platform_category":[],"video_schema_markup":"","price":"ab 0 $ \/ Monat","trial":"","benefits":[{"text":"Kostenloser Installationsservice"},{"text":"Erfahrener Kundensupport"},{"text":"14-t\u00e4gige Geld-zur\u00fcck-Garantie"},{"text":"Laufende kostenlose Updates"}],"button_url":"#demo","button_target_blank":"0","button_nofollow":"0","attributes":[{"name":"Installiert","content":"10,000 - 100,000","_state":"expanded"},{"name":"Reaktionsfreudig","content":"Ja","_state":"expanded"},{"name":"Kompatible Browser","content":"Safari, Edge, Chrome, Opera, Firefox"}],"tags":[],"tags_disable_links":"1","hide_more_platforms":"","video_object":"","demo_hide_cta":"0","demo_hide_cloud_options":"0","pricing_title":"","pricing":[{"pricing_icon":"platform","pricing_title":"Elfsight Apps","pricing_title_caption":"Plattformunabh\u00e4ngige L\u00f6sung, die auf jeder Website funktioniert","pricing_price":"ab 0 $ \/ Monat","pricing_price_caption":"Beginnen Sie mit einem kostenlosen Plan","pricing_benefits":[{"text":"Unbegrenzte Anzahl an Domains"},{"text":"Schneller Kundensupport"},{"text":"Kostenloser Installationsservice"},{"text":"Vollst\u00e4ndig anpassbar"}],"pricing_button_text":"Zur Website hinzuf\u00fcgen","pricing_button_url":"#demo","_state":"expanded"}],"related_apps_title":"","related_apps_hidden":"1","author":"","image":[],"title":"","job":"","social_networks":[]},"_links":{"self":[{"href":"https:\/\/elfsight.com\/de\/wp-json\/wp\/v2\/pages\/6801","targetHints":{"allow":["GET"]}}],"collection":[{"href":"https:\/\/elfsight.com\/de\/wp-json\/wp\/v2\/pages"}],"about":[{"href":"https:\/\/elfsight.com\/de\/wp-json\/wp\/v2\/types\/page"}],"author":[{"embeddable":true,"href":"https:\/\/elfsight.com\/de\/wp-json\/wp\/v2\/users\/9"}],"replies":[{"embeddable":true,"href":"https:\/\/elfsight.com\/de\/wp-json\/wp\/v2\/comments?post=6801"}],"version-history":[{"count":3,"href":"https:\/\/elfsight.com\/de\/wp-json\/wp\/v2\/pages\/6801\/revisions"}],"predecessor-version":[{"id":23451,"href":"https:\/\/elfsight.com\/de\/wp-json\/wp\/v2\/pages\/6801\/revisions\/23451"}],"up":[{"embeddable":true,"href":"https:\/\/elfsight.com\/de\/wp-json\/wp\/v2\/pages\/146"}],"wp:attachment":[{"href":"https:\/\/elfsight.com\/de\/wp-json\/wp\/v2\/media?parent=6801"}],"curies":[{"name":"wp","href":"https:\/\/api.w.org\/{rel}","templated":true}]}}