{"id":6794,"date":"1970-01-01T00:00:00","date_gmt":"1970-01-01T00:00:00","guid":{"rendered":"https:\/\/elfsight.com\/de\/?page_id=6794"},"modified":"2025-09-05T14:04:15","modified_gmt":"2025-09-05T14:04:15","slug":"html","status":"publish","type":"page","link":"https:\/\/elfsight.com\/de\/whatsapp-chat-widget\/html\/","title":{"rendered":"Whatsapp Chat &#8211; HTML"},"content":{"rendered":"<div class=\"application-platform-content-item-description application-platform-content-item\" id=\"description\" data-nav-section=\"description\"> <h2>Beschreibung<\/h2> <p>Das WhatsApp-Widget von Elfsight ist ein einfaches Tool, mit dem Ihre Website-Kunden mit Ihnen in Verbindung bleiben und Antworten erhalten k\u00f6nnen ihre Fragen und W\u00fcnsche. Seien Sie den ganzen Tag \u00fcber live f\u00fcr Ihre Kunden in ihrem beliebtesten Messenger erreichbar. Richten Sie den Chat auf der Website ein und er wird auf bestimmten Seiten oder f\u00fcr bestimmte Zuschauergruppen angezeigt. Sie k\u00f6nnen Start-Chat-Ausl\u00f6ser einrichten, Ihre individuelle Willkommensnachricht schreiben, Symbole ausw\u00e4hlen und vieles mehr. Mit Hilfe des in die Webseite eingebetteten HTML-Chat-Codes bleiben Sie jederzeit und von jedem Ort aus mit Ihren Zuschauern in Verbindung.<\/p><p>Der WhatsApp-Chat hilft Ihnen nicht nur dabei, die Leistungskennzahlen Ihrer Website zu verbessern, sondern auch in Sachen Design. Mit diesem Widget k\u00f6nnen Sie jeder Seite Ihrer Website eine schwebende oder feste Messenger-Schaltfl\u00e4che hinzuf\u00fcgen. Sie k\u00f6nnen sogar die Zielgruppe ausw\u00e4hlen, die den Chat sehen und Ihnen dar\u00fcber eine Nachricht senden kann. Der schwebende WhatsApp-Button kann zu einem \u00e4u\u00dferst effektiven Tool f\u00fcr Ihr Unternehmen werden. Das Widget ist eine perfekte L\u00f6sung, um unseren Benutzern alle Arten von Hilfe zu bieten \u2013 vom Kundensupport bis hin zu gemeinsamen Gespr\u00e4chen im Messenger. Und wenn Sie WhatsApp zum Versenden einer oder zweier Nachrichten an Ihre Benutzer verwenden, erhalten Sie nur Punkte, da es sich um einen der meistgenutzten Messenger der Welt handelt.<\/p><p>Au\u00dferdem l\u00e4sst sich das WhatsApp-Plugin im Hinblick auf das Design \u00e4u\u00dferst einfach personalisieren , und das ist eine gute Nachricht, denn Sie k\u00f6nnen es in einen un\u00fcbersehbaren Block auf der Seite Ihrer Website verwandeln. Beginnen Sie einfach mit der Auswahl der richtigen Farben f\u00fcr Ihr WhatsApp-Button-Design. Ihre erste Nachricht kann f\u00fcr Benutzer des WhatsApp-Chats zu einem unvergesslichen Erlebnis werden, da Sie das urspr\u00fcngliche Aussehen des Widgets vollst\u00e4ndig \u00e4ndern k\u00f6nnen. Probieren Sie es selbst aus und genie\u00dfen Sie das Ergebnis!<\/p> <div class=\"faq\" data-component=\"FAQ\"> <div class=\"faq-item\">\r\n\t\t\t\t\t<div class=\"faq-item-question\">\r\n\t\t\t\t\t\t<h3 class=\"faq-item-question-text\">Wo kann ich dieses WhatsApp-Plugin integrieren<\/h3>\r\n\r\n\t\t\t\t\t\t<div class=\"faq-item-question-icon\"><\/div>\r\n\t\t\t\t\t<\/div>\r\n\r\n\t\t\t\t\t<div class=\"faq-item-answer\">\r\n\t\t\t\t\t\t<div class=\"faq-item-answer-text\"> <p>Das Widget kann auf jeder Seite Ihrer Website oder nur auf bestimmten Seiten angezeigt werden. Sie k\u00f6nnen ausgew\u00e4hlte Seiten auch ausschlie\u00dfen, wenn Sie sie ohne Chat w\u00fcnschen. <\/p> <\/div>\r\n\t\t\t\t\t<\/div>\r\n\t\t\t\t<\/div> <div class=\"faq-item\">\r\n\t\t\t\t\t<div class=\"faq-item-question\">\r\n\t\t\t\t\t\t<h3 class=\"faq-item-question-text\">Welche Vorteile bringt es mir?<\/h3>\r\n\r\n\t\t\t\t\t\t<div class=\"faq-item-question-icon\"><\/div>\r\n\t\t\t\t\t<\/div>\r\n\r\n\t\t\t\t\t<div class=\"faq-item-answer\">\r\n\t\t\t\t\t\t<div class=\"faq-item-answer-text\"> <p>Es wird dazu beitragen, dass mehr Zuschauer Sie mit ihren Fragen und W\u00fcnschen oder Problemen kontaktieren. Dies kann dazu beitragen, die Anzahl der Leads und K\u00e4ufe zu erh\u00f6hen. Ein weiterer Vorteil besteht darin, dass eine schnelle Reaktion und eine pers\u00f6nliche Ansprache die Qualit\u00e4t Ihrer Kundeninteraktion verbessern. <\/p> <\/div>\r\n\t\t\t\t\t<\/div>\r\n\t\t\t\t<\/div> <div class=\"faq-item\">\r\n\t\t\t\t\t<div class=\"faq-item-question\">\r\n\t\t\t\t\t\t<h3 class=\"faq-item-question-text\">Wie kann ich das WhatsApp-Chat-Feld auf meiner Website hinzuf\u00fcgen?<\/h3>\r\n\r\n\t\t\t\t\t\t<div class=\"faq-item-question-icon\"><\/div>\r\n\t\t\t\t\t<\/div>\r\n\r\n\t\t\t\t\t<div class=\"faq-item-answer\">\r\n\t\t\t\t\t\t<div class=\"faq-item-answer-text\"> <p>Sie ben\u00f6tigen nur drei Minuten Ihrer Zeit, um das Widget zum Laufen zu bringen. Das Hinzuf\u00fcgen erfolgt superschnell, kostenlos und ohne Programmierung. <\/p> <p>Sie k\u00f6nnen das Widget auf der Webseite in unserem Service platzieren. Dazu m\u00fcssen Sie die nachstehende Anleitung auf dieser Seite anwenden.<\/p> <\/div>\r\n\t\t\t\t\t<\/div>\r\n\t\t\t\t<\/div> <\/div> <\/div> <div class=\"application-platform-content-item-features application-platform-content-item\" id=\"features\" data-nav-section=\"features\"> <h2>Funktionen<\/h2> <p>In Um einen vollst\u00e4ndigen \u00dcberblick \u00fcber die Chat-Box zu erhalten, sehen Sie sich die Liste ihrer wesentlichen Funktionen an. Sie machen das Widget f\u00fcr Ihre Werbung unglaublich effektiv:<\/p> <ul><li>Integrieren Sie den WhatsApp-Messenger auf Ihrer Webseite, um mit Kunden in Verbindung zu bleiben; <\/li><li>Reagieren Sie direkt von Ihrem WhatsApp-Konto aus auf Nachrichten. <\/li><li>Probieren Sie drei Optionen f\u00fcr den Chat-Standort aus: schwebende Blase, eingebettete Blase und eingebettetes Chat-Fenster; <\/li><li>Verwenden Sie eine Sammlung von Blasensymbolen zur Auswahl. <\/li><li>Geben Sie Ihren eigenen Text f\u00fcr die Chat-Blase ein. <\/li><\/ul><p><a href=\"#demo\">Weitere Funktionen finden Sie in unserer Demo<\/a><\/p> <\/div> <div class=\"application-platform-content-item-installation application-platform-content-item\" id=\"installation\" data-nav-section=\"installation\"> <h2>So f\u00fcgen Sie den WhatsApp-Chat-Code zu Ihrer HTML-Seite hinzu<\/h2><div class=\"video-container\">\n<iframe width=\"720\" height=\"405\" src=\"https:\/\/www.youtube.com\/embed\/1-MsIyeGQAs?si=2VDBWfVzOH_MrIil\" frameborder=\"0\" allowfullscreen=\"\"><\/iframe>\n<\/div><p>Diese verschiedenen Aktionen sind das Einzige, was Sie brauchen, um WhatsApp zum Laufen zu bringen.<\/p> <ul><li><b>Generieren Sie Ihren ma\u00dfgeschneiderten WhatsApp Live Chat<\/b><br> Generieren Sie mit Hilfe unseres kostenlosen Editors ein Plugin mit einer individuellen Oberfl\u00e4che und Funktionen. <\/li><li><b>Besorgen Sie sich den pers\u00f6nlichen Code, um das Widget zu installieren<\/b><br> Nachdem Sie Ihr Plugin eingerichtet haben, erhalten Sie den Installationscode \u00fcber die Popup-Benachrichtigung auf Elfsight Apps. Kopiere es. <\/li> <li><b>Ver\u00f6ffentlichen Sie das Widget auf Ihrer HTML-Site<\/b><br> Definieren Sie den Ort, an dem Sie das Plugin einbetten m\u00f6chten, und f\u00fcgen Sie dort den gespeicherten Code ein. Ver\u00f6ffentlichen Sie die Ergebnisse. <\/li> <li><b>Herzlichen Gl\u00fcckwunsch! Sie haben gerade das Chat-Widget ver\u00f6ffentlicht! <\/b><br> Betreten Sie Ihre Seite, um Ihr Widget anzuzeigen. <\/li> <\/ul><p>Immer noch nicht entschieden? Oder \u00fcber irgendetwas gestolpert? Mit nur einer einzigen Anfrage an unseren Kundenservice l\u00e4sst sich jedes Problem l\u00f6sen. <\/p> <\/div><div class=\"faq\" data-component=\"FAQ\"><div class=\"faq-item\">\r\n\t\t\t\t\t<div class=\"faq-item-question\">\r\n\t\t\t\t\t\t<h3 class=\"faq-item-question-text\">Gibt es eine Option, WhatsApp Chat ohne Programmiererfahrung zu meiner HTML-Homepage hinzuzuf\u00fcgen?<\/h3>\r\n\r\n\t\t\t\t\t\t<div class=\"faq-item-question-icon\"><\/div>\r\n\t\t\t\t\t<\/div>\r\n\r\n\t\t\t\t\t<div class=\"faq-item-answer\">\r\n\t\t\t\t\t\t<div class=\"faq-item-answer-text\"><p>Elfsight Unternehmen bietet eine Cloud-L\u00f6sung, mit der Benutzer selbst eine WhatsApp-Chat-App einrichten k\u00f6nnen. Pr\u00fcfen Sie, wie einfach das ist: <\/p><ul><li>Gehen Sie zum Online-Editor, um einen WhatsApp-Chat-Bereich zu erstellen, den Sie in Ihre HTML-Site einf\u00fcgen m\u00f6chten .<\/li><li>W\u00e4hlen Sie eine der vorgefertigten Vorlagen aus und \u00e4ndern Sie die WhatsApp-Chat-Einstellungen, aktualisieren Sie Ihre Inhalte, \u00e4ndern Sie das Layout und die Farbe der Elemente ohne Programmierkenntnisse.<\/li><li>Klicken Sie hier, um die Einstellungen zu speichern Habe den WhatsApp-Chat besucht und den Installationscode erhalten, den du kostenlos in deine HTML-Website einbetten kannst. <\/li><\/ul><p>Mit unserem unkomplizierten Konfigurator kann jeder Internetnutzer den Whatsapp-Chat einrichten und einfach in jede HTML-Seite einbetten. F\u00fcr den Zugriff auf den Editor ist es nicht erforderlich, zu bezahlen oder Ihre Kartendaten offenzulegen. Wenn Sie auf Hindernisse jeglicher Art sto\u00dfen, z\u00f6gern Sie nicht, sich an unser Support-Team zu wenden.<\/p><\/div>\r\n\t\t\t\t\t<\/div>\r\n\t\t\t\t<\/div><\/div>","protected":false},"excerpt":{"rendered":"","protected":false},"author":9,"featured_media":0,"parent":146,"menu_order":0,"comment_status":"closed","ping_status":"closed","template":"templates\/template-application-platform.php","meta":{"publish_to_discourse":"","publish_post_category":"","wpdc_auto_publish_overridden":"","wpdc_topic_tags":"","wpdc_pin_topic":"","wpdc_pin_until":"","discourse_post_id":"","discourse_permalink":"","wpdc_publishing_response":"","wpdc_publishing_error":"","footnotes":""},"class_list":["post-6794","page","type-page","status-publish","hentry"],"yoast_head":"<!-- This site is optimized with the Yoast SEO plugin v25.3.1 - https:\/\/yoast.com\/wordpress\/plugins\/seo\/ -->\n<title>WhatsApp-Live-Chat-Code zur HTML-Website hinzuf\u00fcgen (in 2 Minuten)<\/title>\n<meta name=\"description\" content=\"Richten Sie den WhatsApp-Live-Chat-Code auf einer HTML-Website in nur 2 Minuten ein. Entdecken Sie alle Funktionen des kostenlosen WhatsApp-Widgets in der Online-Demo.\" \/>\n<meta name=\"robots\" content=\"index, follow, max-snippet:-1, max-image-preview:large, max-video-preview:-1\" \/>\n<link rel=\"canonical\" href=\"https:\/\/elfsight.com\/de\/whatsapp-chat-widget\/html\/\" \/>\n<meta property=\"og:locale\" content=\"de_DE\" \/>\n<meta property=\"og:type\" content=\"article\" \/>\n<meta property=\"og:title\" content=\"WhatsApp-Live-Chat-Code zur HTML-Website hinzuf\u00fcgen (in 2 Minuten)\" \/>\n<meta property=\"og:description\" content=\"Richten Sie den WhatsApp-Live-Chat-Code auf einer HTML-Website in nur 2 Minuten ein. Entdecken Sie alle Funktionen des kostenlosen WhatsApp-Widgets in der Online-Demo.\" \/>\n<meta property=\"og:url\" content=\"https:\/\/elfsight.com\/de\/whatsapp-chat-widget\/html\/\" \/>\n<meta property=\"og:site_name\" content=\"Elfsight DE\" \/>\n<meta property=\"article:modified_time\" content=\"2025-09-05T14:04:15+00:00\" \/>\n<meta name=\"twitter:card\" content=\"summary_large_image\" \/>\n<meta name=\"twitter:label1\" content=\"Gesch\u00e4tzte Lesezeit\" \/>\n\t<meta name=\"twitter:data1\" content=\"5\u00a0Minuten\" \/>\n<!-- \/ Yoast SEO plugin. -->","yoast_head_json":{"title":"WhatsApp-Live-Chat-Code zur HTML-Website hinzuf\u00fcgen (in 2 Minuten)","description":"Richten Sie den WhatsApp-Live-Chat-Code auf einer HTML-Website in nur 2 Minuten ein. Entdecken Sie alle Funktionen des kostenlosen WhatsApp-Widgets in der Online-Demo.","robots":{"index":"index","follow":"follow","max-snippet":"max-snippet:-1","max-image-preview":"max-image-preview:large","max-video-preview":"max-video-preview:-1"},"canonical":"https:\/\/elfsight.com\/de\/whatsapp-chat-widget\/html\/","og_locale":"de_DE","og_type":"article","og_title":"WhatsApp-Live-Chat-Code zur HTML-Website hinzuf\u00fcgen (in 2 Minuten)","og_description":"Richten Sie den WhatsApp-Live-Chat-Code auf einer HTML-Website in nur 2 Minuten ein. Entdecken Sie alle Funktionen des kostenlosen WhatsApp-Widgets in der Online-Demo.","og_url":"https:\/\/elfsight.com\/de\/whatsapp-chat-widget\/html\/","og_site_name":"Elfsight DE","article_modified_time":"2025-09-05T14:04:15+00:00","twitter_card":"summary_large_image","twitter_misc":{"Gesch\u00e4tzte Lesezeit":"5\u00a0Minuten"},"schema":{"@context":"https:\/\/schema.org","@graph":[{"@type":"WebPage","@id":"https:\/\/elfsight.com\/de\/whatsapp-chat-widget\/html\/","url":"https:\/\/elfsight.com\/de\/whatsapp-chat-widget\/html\/","name":"WhatsApp-Live-Chat-Code zur HTML-Website hinzuf\u00fcgen (in 2 Minuten)","isPartOf":{"@id":"https:\/\/elfsight.com\/de\/#website"},"datePublished":"1970-01-01T00:00:00+00:00","dateModified":"2025-09-05T14:04:15+00:00","description":"Richten Sie den WhatsApp-Live-Chat-Code auf einer HTML-Website in nur 2 Minuten ein. Entdecken Sie alle Funktionen des kostenlosen WhatsApp-Widgets in der Online-Demo.","breadcrumb":{"@id":"https:\/\/elfsight.com\/de\/whatsapp-chat-widget\/html\/#breadcrumb"},"inLanguage":"de","potentialAction":[{"@type":"ReadAction","target":["https:\/\/elfsight.com\/de\/whatsapp-chat-widget\/html\/"]}]},{"@type":"BreadcrumbList","@id":"https:\/\/elfsight.com\/de\/whatsapp-chat-widget\/html\/#breadcrumb","itemListElement":[{"@type":"ListItem","position":1,"name":"Home","item":"https:\/\/elfsight.com\/de\/"},{"@type":"ListItem","position":2,"name":"WhatsApp Chat","item":"https:\/\/elfsight.com\/de\/whatsapp-chat-widget\/"},{"@type":"ListItem","position":3,"name":"Whatsapp Chat &#8211; HTML"}]},{"@type":"WebSite","@id":"https:\/\/elfsight.com\/de\/#website","url":"https:\/\/elfsight.com\/de\/","name":"Elfsight DE","description":"Just another Elfsight Sites site","potentialAction":[{"@type":"SearchAction","target":{"@type":"EntryPoint","urlTemplate":"https:\/\/elfsight.com\/de\/?s={search_term_string}"},"query-input":{"@type":"PropertyValueSpecification","valueRequired":true,"valueName":"search_term_string"}}],"inLanguage":"de"}]}},"meta_box":{"industry":"","seo_heading":"","heading":"","description":"","cta_heading":"","cta_description":"","application":"139","h1":"HTML-WhatsApp-Live-Chat-Code","h1_caption":"Geben Sie Benutzern die M\u00f6glichkeit, Sie \u00fcber WhatsApp zu kontaktieren, und sorgen Sie so f\u00fcr die schnellste und bequemste Interaktion Ihrer Website-Besucher mit Ihrer HTML-Website.","application_category":[],"applications_title":"","applications_request_title":"","applications_request_button_text":"","hero_text":"","hero_video":"","hero_video_schema_markup":"","selling_points_title":"","selling_points_caption":"","selling_points":[],"selling_points_cta_text":"","features_title":"","features":"","ed_cta_examples_text":"","ed_cta_examples_hidden":"","ed_cta_demo_text":"","ed_cta_demo_hidden":"","why_caption":"","why_editor_title":"","why_editor_text":"","why_team_title":"","why_team_text":"","why_service_title":"","why_service_text":"","template_catalog_visible":"0","template_catalog_title":"","template_catalog_text":"","template_catalog_categories_visible":"","demo_title":"Erstellen Sie Ihr WhatsApp-Chat-Widget","demo_caption":"Konfigurieren Sie Ihren WhatsApp-Chat und f\u00fcgen Sie ihn kostenlos zu Ihrer HTML-Website hinzu!","default_faq_hidden":"","app_template_category":[],"platform":"260","template_public_id":"","codecanyon_url":"","codecanyon_item_id":"","codecanyon_price":"","pricing_caption":"","pricing_elfsight_apps_hide_column":"","pricing_elfsight_apps_url":"","pricing_codecanyon_price_caption":"","integration_category":[],"integration_request_title":"","integration_request_cta":"","integration_platform":"","integrations":[],"platform_category":[],"video_schema_markup":"","price":"ab 0 $ \/ Monat","trial":"","benefits":[{"text":"Kostenlose Installationsunterst\u00fctzung"},{"text":"Erfahrener Kundensupport"},{"text":"14-t\u00e4gige R\u00fcckerstattungsgarantie"},{"text":"Lebenslange Verbesserungen"}],"button_url":"#demo","button_target_blank":"0","button_nofollow":"0","attributes":[{"name":"Installiert","content":"100,000 - 500,000","_state":"expanded"},{"name":"Reaktionsfreudig","content":"Ja","_state":"expanded"},{"name":"Kompatible Browser","content":"Firefox, Safari, Opera, Chrome, Edge"}],"tags":[],"tags_disable_links":"1","hide_more_platforms":"0","video_object":"","demo_hide_cta":"0","demo_hide_cloud_options":"0","pricing_title":"","pricing":[{"pricing_icon":"platform","pricing_title":"Elfsight Apps","pricing_title_caption":"Plattform\u00fcbergreifende digitale L\u00f6sung, die auf jeder Website funktioniert","pricing_price":"ab 0 $ \/ Monat","pricing_price_caption":"Beginnen Sie mit einem kostenlosen Plan","pricing_benefits":[{"text":"Unbegrenzte Websites"},{"text":"Kostenloser Kundensupport"},{"text":"Kostenlose Installationshilfe"},{"text":"Zeitlich begrenztes Angebot f\u00fcr mehrere Apps"}],"pricing_button_text":"Zur Website hinzuf\u00fcgen","pricing_button_url":"#demo","_state":"expanded"}],"related_apps_title":"","related_apps_hidden":"1","author":"","image":[],"title":"","job":"","social_networks":[]},"_links":{"self":[{"href":"https:\/\/elfsight.com\/de\/wp-json\/wp\/v2\/pages\/6794","targetHints":{"allow":["GET"]}}],"collection":[{"href":"https:\/\/elfsight.com\/de\/wp-json\/wp\/v2\/pages"}],"about":[{"href":"https:\/\/elfsight.com\/de\/wp-json\/wp\/v2\/types\/page"}],"author":[{"embeddable":true,"href":"https:\/\/elfsight.com\/de\/wp-json\/wp\/v2\/users\/9"}],"replies":[{"embeddable":true,"href":"https:\/\/elfsight.com\/de\/wp-json\/wp\/v2\/comments?post=6794"}],"version-history":[{"count":6,"href":"https:\/\/elfsight.com\/de\/wp-json\/wp\/v2\/pages\/6794\/revisions"}],"predecessor-version":[{"id":25511,"href":"https:\/\/elfsight.com\/de\/wp-json\/wp\/v2\/pages\/6794\/revisions\/25511"}],"up":[{"embeddable":true,"href":"https:\/\/elfsight.com\/de\/wp-json\/wp\/v2\/pages\/146"}],"wp:attachment":[{"href":"https:\/\/elfsight.com\/de\/wp-json\/wp\/v2\/media?parent=6794"}],"curies":[{"name":"wp","href":"https:\/\/api.w.org\/{rel}","templated":true}]}}