{"id":6788,"date":"2024-05-03T06:39:25","date_gmt":"2024-05-03T06:39:25","guid":{"rendered":"https:\/\/elfsight.com\/de\/?page_id=6788"},"modified":"2024-12-19T11:07:02","modified_gmt":"2024-12-19T11:07:02","slug":"google-sites","status":"publish","type":"page","link":"https:\/\/elfsight.com\/de\/instagram-feed-instashow\/google-sites\/","title":{"rendered":"Instagram Feed &#8211; Google Sites"},"content":{"rendered":"\n<div class=\"application-platform-content-item-description application-platform-content-item\" id=\"description\" data-nav-section=\"description\">\n<h2>Instagram Feed auf Google Sites einbetten<\/h2> \n<p>M\u00f6chten Sie aufregende Instagram-Inhalte auf Ihrer Website pr\u00e4sentieren? Das Instagram Feed Widget macht es bequem. Entwickelt, um nahtlos auf Google Sites zu funktionieren, bringt dieses Widget Ihre Website zum Leben. Teilen Sie m\u00fchelos Beitr\u00e4ge, Profile oder Feeds nach Benutzer oder Hashtag, ganz ohne Programmierung. Mit gro\u00dfartigen Funktionen und erweiterten Anpassungsoptionen k\u00f6nnen Sie das Widget perfekt an den Stil Ihrer Website anpassen.<\/p> \n<p><b>Beginnen Sie mit der Nutzung des Google Sites Instagram Feed Widgets von Elfsight und steigern Sie Ihr Engagement in den sozialen Medien!<\/b><\/p> \n<\/div>\n\n<div class=\"application-platform-content-item-features application-platform-content-item\" id=\"features\" data-nav-section=\"features\"> \n<h2>Hauptfunktionen des Instagram Feeds von Elfsight<\/h2>\n<p>Betten Sie das Instagram Feed Widget in Google Sites ein, um viele fantastische Funktionen zu entdecken. Hier sind einige der besten Vorteile:<\/p>\n<ul>\n<li><strong>Filter und Moderation.<\/strong> Passen Sie Ihren Feed an, indem Sie bestimmte Hashtags und Benutzer ein- oder ausschlie\u00dfen. So k\u00f6nnen Sie sowohl den Inhalt als auch das Erscheinungsbild Ihrer Galerie steuern.<\/li>\n<li><strong>Erweitertes Design und Anpassung.<\/strong> \u00c4ndern Sie einfach Layouts, wechseln Sie Farbpaletten oder verwenden Sie benutzerdefinierte Farben. Sie k\u00f6nnen auch verschiedene Elemente aktivieren oder deaktivieren, um sie an Ihre Vorlieben anzupassen.<\/li>\n<li><strong>CTA-Buttons f\u00fcr Beitr\u00e4ge.<\/strong> F\u00fcgen Sie anpassbare CTA-Buttons zu jedem Beitrag im Feed hinzu. Integrieren Sie Links zu Produktseiten, pers\u00f6nlichen Blogs oder anderen Medien.<\/li>\n<li><strong>Vollst\u00e4ndig responsive.<\/strong> Das Instagram Feed Widget sieht auf jedem Ger\u00e4t hervorragend aus und funktioniert einwandfrei, sodass Ihre Inhalte auf bestm\u00f6gliche Weise angezeigt werden.<\/li>\n<li><strong>Echtzeit-Updates.<\/strong> Profitieren Sie von automatischen Updates Ihrer Inhalte, ohne die Seite neu laden oder warten zu m\u00fcssen, und stellen Sie sicher, dass Ihr Feed immer aktuell und ansprechend bleibt.<\/li>\n<\/ul>\n<p><a href=\"#demo\">Entdecken Sie einfach diese Demo, um zu sehen, wie es funktioniert<\/a><\/p>\n<\/div>\n\n<div class=\"application-platform-content-item-installation application-platform-content-item\" id=\"installation\" data-nav-section=\"installation\"> \n<h2>Wie bette ich den Instagram Feed auf meinem Google Sites ein?<\/h2>\n\n<div class=\"video-container\">\n<iframe width=\"720\" height=\"405\" src=\"https:\/\/www.youtube.com\/embed\/Z6pDxg1SqLg\" frameborder=\"0\" allowfullscreen=\"\"><\/iframe>\n<\/div>\n<p>Schauen Sie sich diese einfache Anleitung an, um das Widget auf Ihrem Google Sites einzurichten. Es dauert nur wenige Minuten und erfordert keine Programmierung.<\/p> \n<ol>\n<li><strong>Erstellen Sie Ihr individuelles Instagram Feed Widget<\/strong><br> \nBeginnen Sie mit einer beliebigen Vorlage in der Demo, verbinden Sie Ihr Profil oder die gew\u00fcnschten Hashtags und passen Sie das Widget an das gew\u00fcnschte Design und die Einstellungen an.<\/li>\n\n<li><strong>Erhalten Sie den pers\u00f6nlichen Code, um das Widget einzubetten<\/strong><br> \nSobald Sie das Widget erstellt haben, erhalten Sie einen individuellen HTML-Code in Ihrem Dashboard. Kopieren Sie diesen Code, der alle Details zu den Einstellungen Ihres Widgets enth\u00e4lt.<\/li> \n\n<li><strong>Zeigen Sie das Widget auf Ihrem Google Sites an<\/strong><br> \nW\u00e4hlen Sie die Bereiche Ihrer Website aus, in denen Sie das Widget anzeigen m\u00f6chten, und f\u00fcgen Sie den Code dort ein. Speichern Sie Ihre \u00c4nderungen.<\/li> \n<\/ol>\n\n<p>Fertig! \u00dcberpr\u00fcfen Sie nun, wie das Widget auf Ihrer Website funktioniert.<\/p> \n\n<div class=\"tip-yellow tip\"><b>Aufgrund der Besonderheiten von Google Sites kann das Widget m\u00f6glicherweise anders aussehen als in der Online-Demo. Wir entschuldigen uns f\u00fcr eventuelle Unannehmlichkeiten.<\/b><\/div>\n<p>Falls Sie Fragen haben oder auf Schwierigkeiten sto\u00dfen, lesen Sie bitte unsere Anleitung, wie Sie <a href=\"https:\/\/elfsight.com\/blog\/how-to-embed-instagram-feed-on-website\/\" target=\"_blank\" rel=\"noopener\">den Instagram Feed auf Ihrer Website hinzuf\u00fcgen<\/a>.<\/p>\n<\/div>\n\n<div class=\"faq\" data-component=\"FAQ\">\n<div class=\"faq-item\">\r\n\t\t\t\t\t<div class=\"faq-item-question\">\r\n\t\t\t\t\t\t<h3 class=\"faq-item-question-text\">Ist das Instagram Feed Widget f\u00fcr Google Sites kostenlos? <\/h3>\r\n\r\n\t\t\t\t\t\t<div class=\"faq-item-question-icon\"><\/div>\r\n\t\t\t\t\t<\/div>\r\n\r\n\t\t\t\t\t<div class=\"faq-item-answer\">\r\n\t\t\t\t\t\t<div class=\"faq-item-answer-text\">\nJa! Jeder Elfsight-Kunde kann das Instagram Feed Widget anpassen und kostenlos in Google Sites einbetten. Alle gro\u00dfartigen Funktionen, die wir oben besprochen haben, stehen Ihnen zur Verf\u00fcgung.\n<\/div>\r\n\t\t\t\t\t<\/div>\r\n\t\t\t\t<\/div> \n<div class=\"faq-item\">\r\n\t\t\t\t\t<div class=\"faq-item-question\">\r\n\t\t\t\t\t\t<h3 class=\"faq-item-question-text\">Warum sollte ich einen Instagram Feed zu Google Sites hinzuf\u00fcgen? <\/h3>\r\n\r\n\t\t\t\t\t\t<div class=\"faq-item-question-icon\"><\/div>\r\n\t\t\t\t\t<\/div>\r\n\r\n\t\t\t\t\t<div class=\"faq-item-answer\">\r\n\t\t\t\t\t\t<div class=\"faq-item-answer-text\">\nDer Instagram Feed steigert nicht nur das Engagement in den sozialen Medien, sondern verbessert auch die visuelle Attraktivit\u00e4t Ihrer Website. Potenzielle Kunden k\u00f6nnen Bilder Ihrer Produkte oder Fotos sehen, die das Wachstum Ihres Unternehmens zeigen. Au\u00dferdem ist es eine gro\u00dfartige Gelegenheit, Ihre Bekanntheit auf mehreren Online-Plattformen zu erh\u00f6hen.\n<\/div>\r\n\t\t\t\t\t<\/div>\r\n\t\t\t\t<\/div> \n<div class=\"faq-item\">\r\n\t\t\t\t\t<div class=\"faq-item-question\">\r\n\t\t\t\t\t\t<h3 class=\"faq-item-question-text\">Warum sollte ich einen Instagram Feed auf Google Sites mit Elfsight einbetten? <\/h3>\r\n\r\n\t\t\t\t\t\t<div class=\"faq-item-question-icon\"><\/div>\r\n\t\t\t\t\t<\/div>\r\n\r\n\t\t\t\t\t<div class=\"faq-item-answer\">\r\n\t\t\t\t\t\t<div class=\"faq-item-answer-text\">\nElfsight bietet eine einfache Methode, den Instagram Feed auf Ihrer Website einzubetten, ohne dass eine Programmierung erforderlich ist. Dieses anpassbare Widget l\u00e4sst sich problemlos in Google Sites oder jede andere Website-Plattform integrieren. Unsere Kunden sch\u00e4tzen das Widget besonders f\u00fcr seine wertvollen Funktionen, die Ihnen helfen, die besten Seiten Ihres Unternehmens effektiv zu pr\u00e4sentieren.\n<\/div>\r\n\t\t\t\t\t<\/div>\r\n\t\t\t\t<\/div> \n<div class=\"faq-item\">\r\n\t\t\t\t\t<div class=\"faq-item-question\">\r\n\t\t\t\t\t\t<h3 class=\"faq-item-question-text\">Welche anderen Widgets f\u00fcr Google Sites haben Sie? <\/h3>\r\n\r\n\t\t\t\t\t\t<div class=\"faq-item-question-icon\"><\/div>\r\n\t\t\t\t\t<\/div>\r\n\r\n\t\t\t\t\t<div class=\"faq-item-answer\">\r\n\t\t\t\t\t\t<div class=\"faq-item-answer-text\"> \n<p>Schauen Sie sich weitere L\u00f6sungen an, um Feeds von verschiedenen Quellen zu teilen. Hier einige Beispiele: <a href=\"https:\/\/elfsight.com\/facebook-feed-widget\/google-sites\/\">Facebook Feed<\/a>, <a href=\"https:\/\/elfsight.com\/linkedin-feed-widget\/google-sites\/\">LinkedIn Feed<\/a> oder <a href=\"https:\/\/elfsight.com\/twitter-feed-widget\/google-sites\/\">Twitter Feed<\/a>.<\/p> \n<\/div>\r\n\t\t\t\t\t<\/div>\r\n\t\t\t\t<\/div> \n<\/div>\n","protected":false},"excerpt":{"rendered":"","protected":false},"author":9,"featured_media":0,"parent":29,"menu_order":0,"comment_status":"closed","ping_status":"closed","template":"templates\/template-application-platform.php","meta":{"publish_to_discourse":"","publish_post_category":"","wpdc_auto_publish_overridden":"","wpdc_topic_tags":"","wpdc_pin_topic":"","wpdc_pin_until":"","discourse_post_id":"","discourse_permalink":"","wpdc_publishing_response":"","wpdc_publishing_error":"","footnotes":""},"class_list":["post-6788","page","type-page","status-publish","hentry"],"yoast_head":"<!-- This site is optimized with the Yoast SEO plugin v25.3.1 - https:\/\/yoast.com\/wordpress\/plugins\/seo\/ -->\n<title>Betten Sie den Instagram-Feed auf Google Sites ein \u2013 f\u00fcgen Sie den Instagram-Feed in 2 Minuten hinzu!<\/title>\n<meta name=\"description\" content=\"Implementieren Sie ein responsives Instagram-Feed-Plugin auf Ihrer Google Sites-Website und schaffen Sie volles Vertrauen. Nutzen Sie die Elfsight-Demo, um Ihr einzigartiges Feature zu erstellen.\" \/>\n<meta name=\"robots\" content=\"index, follow, max-snippet:-1, max-image-preview:large, max-video-preview:-1\" \/>\n<link rel=\"canonical\" href=\"https:\/\/elfsight.com\/de\/instagram-feed-instashow\/google-sites\/\" \/>\n<meta property=\"og:locale\" content=\"de_DE\" \/>\n<meta property=\"og:type\" content=\"article\" \/>\n<meta property=\"og:title\" content=\"Betten Sie den Instagram-Feed auf Google Sites ein \u2013 f\u00fcgen Sie den Instagram-Feed in 2 Minuten hinzu!\" \/>\n<meta property=\"og:description\" content=\"Implementieren Sie ein responsives Instagram-Feed-Plugin auf Ihrer Google Sites-Website und schaffen Sie volles Vertrauen. Nutzen Sie die Elfsight-Demo, um Ihr einzigartiges Feature zu erstellen.\" \/>\n<meta property=\"og:url\" content=\"https:\/\/elfsight.com\/de\/instagram-feed-instashow\/google-sites\/\" \/>\n<meta property=\"og:site_name\" content=\"Elfsight DE\" \/>\n<meta property=\"article:modified_time\" content=\"2024-12-19T11:07:02+00:00\" \/>\n<meta name=\"twitter:card\" content=\"summary_large_image\" \/>\n<meta name=\"twitter:label1\" content=\"Gesch\u00e4tzte Lesezeit\" \/>\n\t<meta name=\"twitter:data1\" content=\"4\u00a0Minuten\" \/>\n<!-- \/ Yoast SEO plugin. -->","yoast_head_json":{"title":"Betten Sie den Instagram-Feed auf Google Sites ein \u2013 f\u00fcgen Sie den Instagram-Feed in 2 Minuten hinzu!","description":"Implementieren Sie ein responsives Instagram-Feed-Plugin auf Ihrer Google Sites-Website und schaffen Sie volles Vertrauen. Nutzen Sie die Elfsight-Demo, um Ihr einzigartiges Feature zu erstellen.","robots":{"index":"index","follow":"follow","max-snippet":"max-snippet:-1","max-image-preview":"max-image-preview:large","max-video-preview":"max-video-preview:-1"},"canonical":"https:\/\/elfsight.com\/de\/instagram-feed-instashow\/google-sites\/","og_locale":"de_DE","og_type":"article","og_title":"Betten Sie den Instagram-Feed auf Google Sites ein \u2013 f\u00fcgen Sie den Instagram-Feed in 2 Minuten hinzu!","og_description":"Implementieren Sie ein responsives Instagram-Feed-Plugin auf Ihrer Google Sites-Website und schaffen Sie volles Vertrauen. Nutzen Sie die Elfsight-Demo, um Ihr einzigartiges Feature zu erstellen.","og_url":"https:\/\/elfsight.com\/de\/instagram-feed-instashow\/google-sites\/","og_site_name":"Elfsight DE","article_modified_time":"2024-12-19T11:07:02+00:00","twitter_card":"summary_large_image","twitter_misc":{"Gesch\u00e4tzte Lesezeit":"4\u00a0Minuten"},"schema":{"@context":"https:\/\/schema.org","@graph":[{"@type":"WebPage","@id":"https:\/\/elfsight.com\/de\/instagram-feed-instashow\/google-sites\/","url":"https:\/\/elfsight.com\/de\/instagram-feed-instashow\/google-sites\/","name":"Betten Sie den Instagram-Feed auf Google Sites ein \u2013 f\u00fcgen Sie den Instagram-Feed in 2 Minuten hinzu!","isPartOf":{"@id":"https:\/\/elfsight.com\/de\/#website"},"datePublished":"2024-05-03T06:39:25+00:00","dateModified":"2024-12-19T11:07:02+00:00","description":"Implementieren Sie ein responsives Instagram-Feed-Plugin auf Ihrer Google Sites-Website und schaffen Sie volles Vertrauen. Nutzen Sie die Elfsight-Demo, um Ihr einzigartiges Feature zu erstellen.","breadcrumb":{"@id":"https:\/\/elfsight.com\/de\/instagram-feed-instashow\/google-sites\/#breadcrumb"},"inLanguage":"de","potentialAction":[{"@type":"ReadAction","target":["https:\/\/elfsight.com\/de\/instagram-feed-instashow\/google-sites\/"]}]},{"@type":"BreadcrumbList","@id":"https:\/\/elfsight.com\/de\/instagram-feed-instashow\/google-sites\/#breadcrumb","itemListElement":[{"@type":"ListItem","position":1,"name":"Home","item":"https:\/\/elfsight.com\/de\/"},{"@type":"ListItem","position":2,"name":"Instagram Feed","item":"https:\/\/elfsight.com\/de\/instagram-feed-instashow\/"},{"@type":"ListItem","position":3,"name":"Instagram Feed &#8211; Google Sites"}]},{"@type":"WebSite","@id":"https:\/\/elfsight.com\/de\/#website","url":"https:\/\/elfsight.com\/de\/","name":"Elfsight DE","description":"Just another Elfsight Sites site","potentialAction":[{"@type":"SearchAction","target":{"@type":"EntryPoint","urlTemplate":"https:\/\/elfsight.com\/de\/?s={search_term_string}"},"query-input":{"@type":"PropertyValueSpecification","valueRequired":true,"valueName":"search_term_string"}}],"inLanguage":"de"}]}},"meta_box":{"industry":"","seo_heading":"","heading":"","description":"","cta_heading":"","cta_description":"","application":"14","h1":"Google Sites-Instagram-Feed-Widget","h1_caption":"F\u00fcgen Sie Beitr\u00e4ge von Ihrem Instagram-Konto oder per Hashtag hinzu und bieten Sie so die beste M\u00f6glichkeit, m\u00fchelos einen dynamischen Instagram-Feed auf Ihrer Website in Ihren Google Sites zu pr\u00e4sentieren.","application_category":[],"applications_title":"","applications_request_title":"","applications_request_button_text":"","hero_text":"","hero_video":"","hero_video_schema_markup":"","selling_points_title":"","selling_points_caption":"","selling_points":[],"selling_points_cta_text":"","features_title":"","features":"","ed_cta_examples_text":"","ed_cta_examples_hidden":"","ed_cta_demo_text":"","ed_cta_demo_hidden":"","why_caption":"","why_editor_title":"","why_editor_text":"","why_team_title":"","why_team_text":"","why_service_title":"","why_service_text":"","template_catalog_visible":"0","template_catalog_title":"","template_catalog_text":"","template_catalog_categories_visible":"","demo_title":"Erstellen Sie Ihr Instagram-Feed-Widget","demo_caption":"Konfigurieren Sie Ihren Instagram-Feed und f\u00fcgen Sie ihn kostenlos zu Ihrer Google Sites-Website hinzu!","default_faq_hidden":"","app_template_category":[],"platform":"3000","template_public_id":"","codecanyon_url":"","codecanyon_item_id":"","codecanyon_price":"","pricing_caption":"","pricing_elfsight_apps_hide_column":"","pricing_elfsight_apps_url":"","pricing_codecanyon_price_caption":"","integration_category":[],"integration_request_title":"","integration_request_cta":"","integration_platform":"","integrations":[],"platform_category":[],"video_schema_markup":"","price":"ab 0 $ \/ Monat","trial":"","benefits":[{"text":"Kostenlose Installationsunterst\u00fctzung"},{"text":"Premium-Support"},{"text":"14-t\u00e4gige Geld-zur\u00fcck-Garantie"},{"text":"Kontinuierliche kostenlose Updates"}],"button_url":"#demo","button_target_blank":"0","button_nofollow":"0","attributes":[{"name":"Installiert","content":"100,000 - 500,000","_state":"expanded"},{"name":"Reaktionsfreudig","content":"Ja","_state":"expanded"},{"name":"Kompatible Browser","content":"Firefox, Edge, Safari, Chrome, Opera"}],"tags":[],"tags_disable_links":"1","hide_more_platforms":"","video_object":"","demo_hide_cta":"0","demo_hide_cloud_options":"0","pricing_title":"","pricing":[{"pricing_icon":"platform","pricing_title":"Elfsight Apps","pricing_title_caption":"Plattform\u00fcbergreifende Version, die auf jeder Website funktioniert","pricing_price":"ab 0 $ \/ Monat","pricing_price_caption":"Beginnen Sie mit einem kostenlosen Plan","pricing_benefits":[{"text":"Unbegrenzte Domains"},{"text":"Schnelle Unterst\u00fctzung"},{"text":"Kostenlose Installationshilfe"},{"text":"Sonderangebot f\u00fcr mehrere Apps"}],"pricing_button_text":"Zur Website hinzuf\u00fcgen","pricing_button_url":"#demo","_state":"expanded"}],"related_apps_title":"","related_apps_hidden":"1","author":"","image":[],"title":"","job":"","social_networks":[]},"_links":{"self":[{"href":"https:\/\/elfsight.com\/de\/wp-json\/wp\/v2\/pages\/6788","targetHints":{"allow":["GET"]}}],"collection":[{"href":"https:\/\/elfsight.com\/de\/wp-json\/wp\/v2\/pages"}],"about":[{"href":"https:\/\/elfsight.com\/de\/wp-json\/wp\/v2\/types\/page"}],"author":[{"embeddable":true,"href":"https:\/\/elfsight.com\/de\/wp-json\/wp\/v2\/users\/9"}],"replies":[{"embeddable":true,"href":"https:\/\/elfsight.com\/de\/wp-json\/wp\/v2\/comments?post=6788"}],"version-history":[{"count":3,"href":"https:\/\/elfsight.com\/de\/wp-json\/wp\/v2\/pages\/6788\/revisions"}],"predecessor-version":[{"id":23387,"href":"https:\/\/elfsight.com\/de\/wp-json\/wp\/v2\/pages\/6788\/revisions\/23387"}],"up":[{"embeddable":true,"href":"https:\/\/elfsight.com\/de\/wp-json\/wp\/v2\/pages\/29"}],"wp:attachment":[{"href":"https:\/\/elfsight.com\/de\/wp-json\/wp\/v2\/media?parent=6788"}],"curies":[{"name":"wp","href":"https:\/\/api.w.org\/{rel}","templated":true}]}}