{"id":6782,"date":"1970-01-01T00:00:00","date_gmt":"1970-01-01T00:00:00","guid":{"rendered":"https:\/\/elfsight.com\/de\/?page_id=6782"},"modified":"2025-07-10T14:04:05","modified_gmt":"2025-07-10T14:04:05","slug":"godaddy","status":"publish","type":"page","link":"https:\/\/elfsight.com\/de\/whatsapp-chat-widget\/godaddy\/","title":{"rendered":"WhatsApp Chat &#8211; GoDaddy"},"content":{"rendered":"<div class=\"application-platform-content-item-description application-platform-content-item\" id=\"description\" data-nav-section=\"description\"> <h2>WhatsApp-Chat mit Elfsight-Widget einbetten<\/h2> <p>WhatsApp Chat von Elfsight ist ein einfaches Plugin, mit dem Ihre GoDaddy-Website-Kunden in Verbindung bleiben k\u00f6nnen mit Ihnen und h\u00f6ren Sie Antworten auf ihre Fragen und W\u00fcnsche. Seien Sie den ganzen Tag \u00fcber live f\u00fcr Ihre Kunden in ihrem beliebtesten Messenger erreichbar. Richten Sie WhatsApp Chat auf der Website ein und dieser wird auf bestimmten Seiten oder f\u00fcr bestimmte Zuschauergruppen angezeigt. Sie k\u00f6nnen Start-Chat-Ausl\u00f6ser einrichten, Ihre individuelle Willkommensnachricht schreiben, Symbole ausw\u00e4hlen und vieles mehr. Mithilfe des auf der Webseite eingebetteten WhatsApp-Chats bleiben Sie jederzeit und von jedem Ort aus mit Ihren Zuschauern verbunden. <\/p> <p><b>Steigern Sie den Umsatz, indem Sie Kunden zu Ihren Produkten beraten!<\/b><\/p> <\/div> <div class=\"application-platform-content-item-features application-platform-content-item\" id=\"features\" data-nav-section=\"features\"> <h2>Hauptfunktionen des WhatsApp Chat Widget<\/h2> <ul><li>Integrieren Sie den WhatsApp-Messenger auf Ihrer Webseite, um mit Kunden in Verbindung zu bleiben; <\/li><li>Reagieren Sie direkt von Ihrem WhatsApp-Konto aus auf Nachrichten. <\/li><li>Probieren Sie drei Optionen f\u00fcr den Chat-Standort aus: schwebende Blase, eingebettete Blase und eingebettetes Chat-Fenster; <\/li><li>Verwenden Sie eine Sammlung von Blasensymbolen zur Auswahl. <\/li><li>Geben Sie Ihren eigenen Text f\u00fcr die Chat-Blase ein. <\/li><\/ul><p><a href=\"#demo\">Schauen Sie sich einfach diese Demo an, um zu sehen, was das Plugin wert ist<\/a><\/p> <\/div> <div class=\"application-platform-content-item-installation application-platform-content-item\" id=\"installation\" data-nav-section=\"installation\"> <h2>Wie kann ich WhatsApp Chat in meine GoDaddy-Website einbetten? <\/h2> <p>Befolgen Sie einfach die folgenden Richtlinien, um das Plugin einzuf\u00fcgen. <\/p> <ol><li><b>Nutzen Sie unsere kostenlose Demo und beginnen Sie mit der Gestaltung Ihres individuellen Plugins. <\/b><br> Bestimmen Sie das ausgew\u00e4hlte Aussehen und die Spezifikationen des Plugins und speichern Sie die \u00c4nderungen. <\/li> <li><b>Kopieren Sie Ihren pers\u00f6nlichen Code, der im Fenster von Elfsight Apps angezeigt wird. <\/b><br> Nachdem die Anpassung Ihres pers\u00f6nlichen Plugins abgeschlossen ist, kopieren Sie den individuellen Code im erscheinenden Popup und speichern Sie ihn f\u00fcr die zuk\u00fcnftige Verwendung. <\/li> <li><b>Beginnen Sie mit der Anwendung des Plugins auf der GoDaddy-Homepage. <\/b><br> Implementieren Sie den zuvor gespeicherten Code in Ihre Webseite und \u00fcbernehmen Sie die Anpassungen. <\/li> <li><b>Die Installation ist vollst\u00e4ndig abgeschlossen. <\/b><br> Besuchen Sie Ihre Website, um die Leistung des Plugins zu \u00fcberpr\u00fcfen. <\/li><\/ol> <div class=\"tip-yellow tip\"><b>Aufgrund der Besonderheiten bei der Anzeige benutzerdefinierter Einf\u00fcgungen mit Code k\u00f6nnen schwebende Vorlagen anders aussehen als die Online-Demo. Bitte nehmen Sie sich die Zeit, Ihre Widgets zu testen.<\/b><\/div><p>Falls Sie auf Schwierigkeiten sto\u00dfen, schreiben Sie bitte an unseren Kundendienst. Unsere Mitarbeiter beantworten gerne alle Fragen, die Sie zum Tool haben. <\/p> <\/div><div class=\"faq\" data-component=\"FAQ\"><div class=\"faq-item\">\r\n\t\t\t\t\t<div class=\"faq-item-question\">\r\n\t\t\t\t\t\t<h3 class=\"faq-item-question-text\">Gibt es eine Methode zum Hinzuf\u00fcgen von Whatsapp Chat zu meiner GoDaddy-Webseite ohne Codierung?<\/h3>\r\n\r\n\t\t\t\t\t\t<div class=\"faq-item-question-icon\"><\/div>\r\n\t\t\t\t\t<\/div>\r\n\r\n\t\t\t\t\t<div class=\"faq-item-answer\">\r\n\t\t\t\t\t\t<div class=\"faq-item-answer-text\"><p>Das Unternehmen Elfsight liefert Eine SaaS-L\u00f6sung, die es einem breiten Publikum erm\u00f6glicht, selbst ein WhatsApp-Chat-Widget zu erstellen. Sehen Sie, wie unkompliziert der Prozess ist: <\/p><ul><li>Arbeiten Sie direkt in der Live-Demo, um ein WhatsApp-Chat-Plugin zu erstellen, das Sie gerne in Ihr WhatsApp-Chat-Widget einbetten m\u00f6chten GoDaddy-Startseite.<\/li><li>W\u00e4hlen Sie eine der vorgefertigten Vorlagen und \u00e4ndern Sie die WhatsApp-Chat-Einstellungen, f\u00fcgen Sie Ihre Inhalte ein, \u00e4ndern Sie das Layout und die Farben ohne Programmierkenntnisse.<\/li><li>Klicken Sie, um WhatsApp zu speichern Chatten Sie und kopieren Sie Code f\u00fcr die Installation, den Sie problemlos in jede GoDaddy-Webseite einbinden k\u00f6nnen, ohne ein kostenpflichtiges Abonnement zu kaufen. <\/li><\/ul><p>Mit unserem intuitiven Konfigurator kann jeder Internetnutzer das WhatsApp-Chat-Plugin online erstellen und problemlos zu seiner GoDaddy-Homepage hinzuf\u00fcgen. F\u00fcr den Zugriff auf den Editor ist es nicht erforderlich, ein kostenpflichtiges Abonnement abzuschlie\u00dfen oder Ihre Kartendaten anzugeben. Wenn Sie auf Probleme jeglicher Art sto\u00dfen, z\u00f6gern Sie nicht, sich an unseren technischen Kundensupport zu wenden.<\/p><\/div>\r\n\t\t\t\t\t<\/div>\r\n\t\t\t\t<\/div><\/div>","protected":false},"excerpt":{"rendered":"","protected":false},"author":9,"featured_media":0,"parent":146,"menu_order":0,"comment_status":"closed","ping_status":"closed","template":"templates\/template-application-platform.php","meta":{"publish_to_discourse":"","publish_post_category":"","wpdc_auto_publish_overridden":"","wpdc_topic_tags":"","wpdc_pin_topic":"","wpdc_pin_until":"","discourse_post_id":"","discourse_permalink":"","wpdc_publishing_response":"","wpdc_publishing_error":"","footnotes":""},"class_list":["post-6782","page","type-page","status-publish","hentry"],"yoast_head":"<!-- This site is optimized with the Yoast SEO plugin v25.3.1 - https:\/\/yoast.com\/wordpress\/plugins\/seo\/ -->\n<title>WhatsApp Chat \u2013 F\u00fcgen Sie das WhatsApp Chat-Plugin zu GoDaddy hinzu<\/title>\n<meta name=\"description\" content=\"Integrieren Sie einen reaktionsf\u00e4higen WhatsApp-Chat auf Ihrer GoDaddy-Website. Machen Sie sich mit den neuen Funktionen vertraut und bauen Sie Ihr Gesch\u00e4ft aus!\" \/>\n<meta name=\"robots\" content=\"index, follow, max-snippet:-1, max-image-preview:large, max-video-preview:-1\" \/>\n<link rel=\"canonical\" href=\"https:\/\/elfsight.com\/de\/whatsapp-chat-widget\/godaddy\/\" \/>\n<meta property=\"og:locale\" content=\"de_DE\" \/>\n<meta property=\"og:type\" content=\"article\" \/>\n<meta property=\"og:title\" content=\"WhatsApp Chat \u2013 F\u00fcgen Sie das WhatsApp Chat-Plugin zu GoDaddy hinzu\" \/>\n<meta property=\"og:description\" content=\"Integrieren Sie einen reaktionsf\u00e4higen WhatsApp-Chat auf Ihrer GoDaddy-Website. Machen Sie sich mit den neuen Funktionen vertraut und bauen Sie Ihr Gesch\u00e4ft aus!\" \/>\n<meta property=\"og:url\" content=\"https:\/\/elfsight.com\/de\/whatsapp-chat-widget\/godaddy\/\" \/>\n<meta property=\"og:site_name\" content=\"Elfsight DE\" \/>\n<meta property=\"article:modified_time\" content=\"2025-07-10T14:04:05+00:00\" \/>\n<meta name=\"twitter:card\" content=\"summary_large_image\" \/>\n<meta name=\"twitter:label1\" content=\"Gesch\u00e4tzte Lesezeit\" \/>\n\t<meta name=\"twitter:data1\" content=\"1\u00a0Minute\" \/>\n<!-- \/ Yoast SEO plugin. -->","yoast_head_json":{"title":"WhatsApp Chat \u2013 F\u00fcgen Sie das WhatsApp Chat-Plugin zu GoDaddy hinzu","description":"Integrieren Sie einen reaktionsf\u00e4higen WhatsApp-Chat auf Ihrer GoDaddy-Website. Machen Sie sich mit den neuen Funktionen vertraut und bauen Sie Ihr Gesch\u00e4ft aus!","robots":{"index":"index","follow":"follow","max-snippet":"max-snippet:-1","max-image-preview":"max-image-preview:large","max-video-preview":"max-video-preview:-1"},"canonical":"https:\/\/elfsight.com\/de\/whatsapp-chat-widget\/godaddy\/","og_locale":"de_DE","og_type":"article","og_title":"WhatsApp Chat \u2013 F\u00fcgen Sie das WhatsApp Chat-Plugin zu GoDaddy hinzu","og_description":"Integrieren Sie einen reaktionsf\u00e4higen WhatsApp-Chat auf Ihrer GoDaddy-Website. Machen Sie sich mit den neuen Funktionen vertraut und bauen Sie Ihr Gesch\u00e4ft aus!","og_url":"https:\/\/elfsight.com\/de\/whatsapp-chat-widget\/godaddy\/","og_site_name":"Elfsight DE","article_modified_time":"2025-07-10T14:04:05+00:00","twitter_card":"summary_large_image","twitter_misc":{"Gesch\u00e4tzte Lesezeit":"1\u00a0Minute"},"schema":{"@context":"https:\/\/schema.org","@graph":[{"@type":"WebPage","@id":"https:\/\/elfsight.com\/de\/whatsapp-chat-widget\/godaddy\/","url":"https:\/\/elfsight.com\/de\/whatsapp-chat-widget\/godaddy\/","name":"WhatsApp Chat \u2013 F\u00fcgen Sie das WhatsApp Chat-Plugin zu GoDaddy hinzu","isPartOf":{"@id":"https:\/\/elfsight.com\/de\/#website"},"datePublished":"1970-01-01T00:00:00+00:00","dateModified":"2025-07-10T14:04:05+00:00","description":"Integrieren Sie einen reaktionsf\u00e4higen WhatsApp-Chat auf Ihrer GoDaddy-Website. Machen Sie sich mit den neuen Funktionen vertraut und bauen Sie Ihr Gesch\u00e4ft aus!","breadcrumb":{"@id":"https:\/\/elfsight.com\/de\/whatsapp-chat-widget\/godaddy\/#breadcrumb"},"inLanguage":"de","potentialAction":[{"@type":"ReadAction","target":["https:\/\/elfsight.com\/de\/whatsapp-chat-widget\/godaddy\/"]}]},{"@type":"BreadcrumbList","@id":"https:\/\/elfsight.com\/de\/whatsapp-chat-widget\/godaddy\/#breadcrumb","itemListElement":[{"@type":"ListItem","position":1,"name":"Home","item":"https:\/\/elfsight.com\/de\/"},{"@type":"ListItem","position":2,"name":"WhatsApp Chat","item":"https:\/\/elfsight.com\/de\/whatsapp-chat-widget\/"},{"@type":"ListItem","position":3,"name":"WhatsApp Chat &#8211; GoDaddy"}]},{"@type":"WebSite","@id":"https:\/\/elfsight.com\/de\/#website","url":"https:\/\/elfsight.com\/de\/","name":"Elfsight DE","description":"Just another Elfsight Sites site","potentialAction":[{"@type":"SearchAction","target":{"@type":"EntryPoint","urlTemplate":"https:\/\/elfsight.com\/de\/?s={search_term_string}"},"query-input":{"@type":"PropertyValueSpecification","valueRequired":true,"valueName":"search_term_string"}}],"inLanguage":"de"}]}},"meta_box":{"industry":"","seo_heading":"","heading":"","description":"","cta_heading":"","cta_description":"","application":"139","h1":"GoDaddy WhatsApp-Plugin","h1_caption":"Geben Sie Benutzern die M\u00f6glichkeit, Sie \u00fcber WhatsApp zu kontaktieren, und sorgen Sie so f\u00fcr die schnellste und bequemste Interaktion Ihrer Website-Besucher mit Ihrer GoDaddy-Website.","application_category":[],"applications_title":"","applications_request_title":"","applications_request_button_text":"","hero_text":"","hero_video":"","hero_video_schema_markup":"","selling_points_title":"","selling_points_caption":"","selling_points":[],"selling_points_cta_text":"","features_title":"","features":"","ed_cta_examples_text":"","ed_cta_examples_hidden":"","ed_cta_demo_text":"","ed_cta_demo_hidden":"","why_caption":"","why_editor_title":"","why_editor_text":"","why_team_title":"","why_team_text":"","why_service_title":"","why_service_text":"","template_catalog_visible":"","template_catalog_title":"","template_catalog_text":"","template_catalog_categories_visible":"","demo_title":"Erstellen Sie Ihr WhatsApp-Chat-Plugin","demo_caption":"Konfigurieren Sie Ihren WhatsApp-Chat und f\u00fcgen Sie ihn kostenlos zu Ihrer GoDaddy-Website hinzu!","default_faq_hidden":"","app_template_category":[],"platform":"241","template_public_id":"","codecanyon_url":"","codecanyon_item_id":"","codecanyon_price":"","pricing_caption":"","pricing_elfsight_apps_hide_column":"","pricing_elfsight_apps_url":"","pricing_codecanyon_price_caption":"","integration_category":[],"integration_request_title":"","integration_request_cta":"","integration_platform":"","integrations":[],"platform_category":[],"video_schema_markup":"","price":"ab 0 $ \/ Monat","trial":"","benefits":[{"text":"Kostenlose Installationshilfe"},{"text":"Erfahrener Kundensupport"},{"text":"14-t\u00e4gige R\u00fcckerstattungsgarantie"},{"text":"St\u00e4ndige Aktualisierung"}],"button_url":"#demo","button_target_blank":"0","button_nofollow":"0","attributes":[{"name":"Installiert","content":"10,000 - 100,000","_state":"expanded"},{"name":"Reaktionsfreudig","content":"Ja","_state":"expanded"},{"name":"Kompatible Browser","content":"IE11, Firefox, Safari, Opera, Chrome, Edge"}],"tags":[],"tags_disable_links":"1","hide_more_platforms":"","video_object":"","demo_hide_cta":"0","demo_hide_cloud_options":"0","pricing_title":"","pricing":[{"pricing_icon":"platform","pricing_title":"Elfsight Apps","pricing_title_caption":"Plattform\u00fcbergreifende digitale L\u00f6sung","pricing_price":"ab 0 $ \/ Monat","pricing_price_caption":"Beginnen Sie mit einem kostenlosen Plan","pricing_benefits":[{"text":"Unbegrenzte Websites"},{"text":"Engagierter Support und gut dokumentiert"},{"text":"Kostenloser Installationsservice"},{"text":"100 % anpassbar"}],"pricing_button_text":"Zur Website hinzuf\u00fcgen","pricing_button_url":"#demo","_state":"expanded"}],"related_apps_title":"","related_apps_hidden":"1","author":"","image":[],"title":"","job":"","social_networks":[]},"_links":{"self":[{"href":"https:\/\/elfsight.com\/de\/wp-json\/wp\/v2\/pages\/6782","targetHints":{"allow":["GET"]}}],"collection":[{"href":"https:\/\/elfsight.com\/de\/wp-json\/wp\/v2\/pages"}],"about":[{"href":"https:\/\/elfsight.com\/de\/wp-json\/wp\/v2\/types\/page"}],"author":[{"embeddable":true,"href":"https:\/\/elfsight.com\/de\/wp-json\/wp\/v2\/users\/9"}],"replies":[{"embeddable":true,"href":"https:\/\/elfsight.com\/de\/wp-json\/wp\/v2\/comments?post=6782"}],"version-history":[{"count":3,"href":"https:\/\/elfsight.com\/de\/wp-json\/wp\/v2\/pages\/6782\/revisions"}],"predecessor-version":[{"id":21103,"href":"https:\/\/elfsight.com\/de\/wp-json\/wp\/v2\/pages\/6782\/revisions\/21103"}],"up":[{"embeddable":true,"href":"https:\/\/elfsight.com\/de\/wp-json\/wp\/v2\/pages\/146"}],"wp:attachment":[{"href":"https:\/\/elfsight.com\/de\/wp-json\/wp\/v2\/media?parent=6782"}],"curies":[{"name":"wp","href":"https:\/\/api.w.org\/{rel}","templated":true}]}}