{"id":6764,"date":"1970-01-01T00:00:00","date_gmt":"1970-01-01T00:00:00","guid":{"rendered":"https:\/\/elfsight.com\/de\/?page_id=6764"},"modified":"2025-01-10T12:52:16","modified_gmt":"2025-01-10T12:52:16","slug":"blogger","status":"publish","type":"page","link":"https:\/\/elfsight.com\/de\/whatsapp-chat-widget\/blogger\/","title":{"rendered":"Whatsapp Chat &#8211; Blogger"},"content":{"rendered":"\n<div class=\"application-platform-content-item-description application-platform-content-item\" id=\"description\" data-nav-section=\"description\"> \n<h2>WhatsApp Chat mit Elfsight Widget einbetten<\/h2> \n<p>Das WhatsApp-Widget von Elfsight ist eine einfache Methode, mit der Ihre Website-Kunden Sie erreichen und ihre Fragen beantwortet bekommen k\u00f6nnen. Seien Sie jederzeit online f\u00fcr Ihre Kunden im beliebtesten Messenger. Stellen Sie den Chat auf Ihrer Website ein und lassen Sie ihn auf bestimmten Seiten oder f\u00fcr ausgew\u00e4hlte Zielgruppen anzeigen; w\u00e4hlen Sie Start-Chat-Trigger, zeigen Sie Ihre eigene Willkommensnachricht an, w\u00e4hlen Sie Icons und vieles mehr. Mit dem eingebetteten Chat Box Widget auf Ihrer Webseite bleiben Sie jederzeit mit Ihren Besuchern in Verbindung, unabh\u00e4ngig davon, wo Sie sich befinden.<\/p> \n\n<div class=\"faq\" data-component=\"FAQ\"> \n<div class=\"faq-item\">\r\n\t\t\t\t\t<div class=\"faq-item-question\">\r\n\t\t\t\t\t\t<h3 class=\"faq-item-question-text\">Wo auf meiner Seite kann ich das Widget anzeigen?<\/h3>\r\n\r\n\t\t\t\t\t\t<div class=\"faq-item-question-icon\"><\/div>\r\n\t\t\t\t\t<\/div>\r\n\r\n\t\t\t\t\t<div class=\"faq-item-answer\">\r\n\t\t\t\t\t\t<div class=\"faq-item-answer-text\"> \n<p>Sie k\u00f6nnen WhatsApp Live Chat auf jeder Seite Ihrer Website integrieren oder nur auf ausgew\u00e4hlten Seiten. Es ist auch m\u00f6glich, es auf bestimmten Seiten zu beschr\u00e4nken, wenn Sie den Chat dort nicht haben m\u00f6chten.<\/p> \n<\/div>\r\n\t\t\t\t\t<\/div>\r\n\t\t\t\t<\/div> \n<div class=\"faq-item\">\r\n\t\t\t\t\t<div class=\"faq-item-question\">\r\n\t\t\t\t\t\t<h3 class=\"faq-item-question-text\">Wie w\u00fcrde ich davon profitieren?<\/h3>\r\n\r\n\t\t\t\t\t\t<div class=\"faq-item-question-icon\"><\/div>\r\n\t\t\t\t\t<\/div>\r\n\r\n\t\t\t\t\t<div class=\"faq-item-answer\">\r\n\t\t\t\t\t\t<div class=\"faq-item-answer-text\"> \n<p>Das WhatsApp Chat-Widget erm\u00f6glicht es mehr Besuchern, mit Ihnen zu kommunizieren, ihre Anfragen oder Probleme zu kl\u00e4ren. Dies kann helfen, die Anzahl der Leads und Verk\u00e4ufe zu steigern. Dar\u00fcber hinaus wird schnelles Antworten und ein personalisierter Ansatz die Qualit\u00e4t Ihrer Kundeninteraktion verbessern.<\/p> \n<\/div>\r\n\t\t\t\t\t<\/div>\r\n\t\t\t\t<\/div> \n<div class=\"faq-item\">\r\n\t\t\t\t\t<div class=\"faq-item-question\">\r\n\t\t\t\t\t\t<h3 class=\"faq-item-question-text\">Was brauche ich, um WhatsApp auf meiner Website einzubetten?<\/h3>\r\n\r\n\t\t\t\t\t\t<div class=\"faq-item-question-icon\"><\/div>\r\n\t\t\t\t\t<\/div>\r\n\r\n\t\t\t\t\t<div class=\"faq-item-answer\">\r\n\t\t\t\t\t\t<div class=\"faq-item-answer-text\"> \n<p>Es dauert nur drei Minuten, um das Widget zu aktivieren. Die Installation ist sehr schnell, kostenlos und erfordert keine Programmierkenntnisse.<\/p> \n<p>Es gibt eine Option, das Widget direkt \u00fcber unseren Service in Ihre Seite einzuf\u00fcgen. Folgen Sie einfach der kurzen Anleitung auf dieser Seite.<\/p> \n<\/div>\r\n\t\t\t\t\t<\/div>\r\n\t\t\t\t<\/div> \n<\/div> \n<\/div> \n<div class=\"application-platform-content-item-features application-platform-content-item\" id=\"features\" data-nav-section=\"features\"> \n<h2>Hauptfunktionen des WhatsApp Chat Widgets<\/h2> \n<p>Um ein besseres Verst\u00e4ndnis f\u00fcr das Widget zu bekommen, sehen Sie sich die Liste seiner herausragenden Funktionen an. Sie machen dieses Widget besonders effektiv f\u00fcr Sie:<\/p> \n<ul>\n<li>Integrieren Sie WhatsApp Messenger auf Ihrer Seite, um mit Ihren Kunden zu kommunizieren;<\/li>\n<li>Beantworten Sie Nachrichten direkt von Ihrer WhatsApp-Seite;<\/li>\n<li>Nutzen Sie drei Layout-Optionen f\u00fcr den Chat: schwebende Blase, eingebettete Blase und eingebettetes Chat-Fenster;<\/li>\n<li>Entdecken Sie eine Sammlung von Blasen-Icons, aus denen Sie ausw\u00e4hlen k\u00f6nnen;<\/li>\n<li>Geben Sie Ihren eigenen Text in die Chat-Blase ein.<\/li>\n<\/ul>\n<p><a href=\"#demo\">Um eine vollst\u00e4ndige Liste der Funktionen zu sehen, besuchen Sie die Demo<\/a><\/p> \n<\/div> \n<div class=\"application-platform-content-item-installation application-platform-content-item\" id=\"installation\" data-nav-section=\"installation\"> \n<h2>So richten Sie den WhatsApp Chat auf Ihrer Blogger-Seite ein. Es geht schnell.<\/h2>\n<div class=\"video-container\">\n<iframe width=\"720\" height=\"405\" src=\"https:\/\/www.youtube.com\/embed\/yUErtGsJqvM\" frameborder=\"0\" allowfullscreen=\"\"><\/iframe>\n<\/div>\n<p>Folgen Sie einfach den nachstehenden Schritten, um das Widget einzurichten. Es ist coding-frei und schnell.<\/p> \n<ul>\n<li><b>Gestalten Sie Ihre personalisierte WhatsApp Chat Box<\/b><br> \nErstellen Sie mit unserem kostenlosen Editor ein Plugin mit der gew\u00fcnschten Zusammensetzung und den funktionalen Eigenschaften.<\/li>\n<li><b>Erhalten Sie den individuellen Code zur Installation des Plugins<\/b><br> \nNachdem Sie Ihr Widget erstellt haben, erhalten Sie den individuellen Code aus dem Fenster auf Elfsight Apps. Kopieren Sie ihn zur sp\u00e4teren Verwendung.<\/li> \n<li><b>F\u00fcgen Sie das Plugin auf Ihrer Blogger-Seite hinzu<\/b><br> \nW\u00e4hlen Sie den Ort aus, an dem das Plugin angezeigt werden soll, und f\u00fcgen Sie den kopierten Code dort ein. Speichern Sie die \u00c4nderungen.<\/li> \n<li><b>Fertig!<\/b><br> \nBesuchen Sie die Website, um Ihren Chat zu sehen.<\/li> \n<\/ul>\n<p>Sie sind noch unschl\u00fcssig? Oder haben Probleme? Schreiben Sie einfach eine Anfrage an unseren Kundensupport, der bei jedem Problem hilft.<\/p> \n<\/div>\n<div class=\"faq\" data-component=\"FAQ\">\n<div class=\"faq-item\">\r\n\t\t\t\t\t<div class=\"faq-item-question\">\r\n\t\t\t\t\t\t<h3 class=\"faq-item-question-text\">Wie kann ich WhatsApp Chat ohne Programmierkenntnisse auf meiner Blogger-Homepage einbetten?<\/h3>\r\n\r\n\t\t\t\t\t\t<div class=\"faq-item-question-icon\"><\/div>\r\n\t\t\t\t\t<\/div>\r\n\r\n\t\t\t\t\t<div class=\"faq-item-answer\">\r\n\t\t\t\t\t\t<div class=\"faq-item-answer-text\"> \n\n<p>Elfsight bietet eine Cloud-L\u00f6sung, mit der Sie das WhatsApp Chat-Widget selbst erstellen k\u00f6nnen. Sehen Sie, wie einfach der Prozess ist:<\/p>\n\n<ul>\n<li>Arbeiten Sie direkt im Online-Editor, um ein WhatsApp Chat-Plugin zu erstellen, das Sie auf Ihrer Blogger-Homepage sehen m\u00f6chten.<\/li>\n<li>W\u00e4hlen Sie eine unserer vorgefertigten Vorlagen aus und passen Sie die WhatsApp Chat-Einstellungen an, f\u00fcgen Sie Ihre Inhalte hinzu, \u00e4ndern Sie das Layout und das Farbschema ohne Programmierkenntnisse.<\/li>\n<li>Klicken Sie auf &#8222;Speichern&#8220;, um die vorgenommenen Einstellungen zu WhatsApp Chat zu speichern und den Code f\u00fcr das Plugin zu erhalten, den Sie problemlos kostenlos in jede Blogger-Seite einf\u00fcgen k\u00f6nnen.<\/li>\n<\/ul>\n\n<p>Mit unserem benutzerfreundlichen Editor kann jeder Internetnutzer das WhatsApp Chat-Widget online erstellen und problemlos auf seiner Blogger-Seite hinzuf\u00fcgen. Es ist nicht erforderlich, ein kostenpflichtiges Abonnement zu erwerben oder Kartendaten einzugeben, um unseren Service zu nutzen. Wenn Sie auf Hindernisse sto\u00dfen, wenden Sie sich einfach an unseren technischen Kundensupport.<\/p>\n\n<\/div>\r\n\t\t\t\t\t<\/div>\r\n\t\t\t\t<\/div>\n<\/div>\n","protected":false},"excerpt":{"rendered":"","protected":false},"author":9,"featured_media":0,"parent":146,"menu_order":0,"comment_status":"closed","ping_status":"closed","template":"templates\/template-application-platform.php","meta":{"publish_to_discourse":"","publish_post_category":"","wpdc_auto_publish_overridden":"","wpdc_topic_tags":"","wpdc_pin_topic":"","wpdc_pin_until":"","discourse_post_id":"","discourse_permalink":"","wpdc_publishing_response":"","wpdc_publishing_error":"","footnotes":""},"class_list":["post-6764","page","type-page","status-publish","hentry"],"yoast_head":"<!-- This site is optimized with the Yoast SEO plugin v25.3.1 - https:\/\/yoast.com\/wordpress\/plugins\/seo\/ -->\n<title>WhatsApp-Chatbox-Widget zur Blogger-Website hinzuf\u00fcgen (2025)<\/title>\n<meta name=\"description\" content=\"Richten Sie das WhatsApp-Chatbox-Widget auf Blogger in nur 2 Minuten ein. Entdecken Sie alle Hauptmerkmale des besten Chat-Plugins in einer kostenlosen Demo.\" \/>\n<meta name=\"robots\" content=\"index, follow, max-snippet:-1, max-image-preview:large, max-video-preview:-1\" \/>\n<link rel=\"canonical\" href=\"https:\/\/elfsight.com\/de\/whatsapp-chat-widget\/blogger\/\" \/>\n<meta property=\"og:locale\" content=\"de_DE\" \/>\n<meta property=\"og:type\" content=\"article\" \/>\n<meta property=\"og:title\" content=\"WhatsApp-Chatbox-Widget zur Blogger-Website hinzuf\u00fcgen (2025)\" \/>\n<meta property=\"og:description\" content=\"Richten Sie das WhatsApp-Chatbox-Widget auf Blogger in nur 2 Minuten ein. Entdecken Sie alle Hauptmerkmale des besten Chat-Plugins in einer kostenlosen Demo.\" \/>\n<meta property=\"og:url\" content=\"https:\/\/elfsight.com\/de\/whatsapp-chat-widget\/blogger\/\" \/>\n<meta property=\"og:site_name\" content=\"Elfsight DE\" \/>\n<meta property=\"article:modified_time\" content=\"2025-01-10T12:52:16+00:00\" \/>\n<meta name=\"twitter:card\" content=\"summary_large_image\" \/>\n<meta name=\"twitter:label1\" content=\"Gesch\u00e4tzte Lesezeit\" \/>\n\t<meta name=\"twitter:data1\" content=\"4\u00a0Minuten\" \/>\n<!-- \/ Yoast SEO plugin. -->","yoast_head_json":{"title":"WhatsApp-Chatbox-Widget zur Blogger-Website hinzuf\u00fcgen (2025)","description":"Richten Sie das WhatsApp-Chatbox-Widget auf Blogger in nur 2 Minuten ein. Entdecken Sie alle Hauptmerkmale des besten Chat-Plugins in einer kostenlosen Demo.","robots":{"index":"index","follow":"follow","max-snippet":"max-snippet:-1","max-image-preview":"max-image-preview:large","max-video-preview":"max-video-preview:-1"},"canonical":"https:\/\/elfsight.com\/de\/whatsapp-chat-widget\/blogger\/","og_locale":"de_DE","og_type":"article","og_title":"WhatsApp-Chatbox-Widget zur Blogger-Website hinzuf\u00fcgen (2025)","og_description":"Richten Sie das WhatsApp-Chatbox-Widget auf Blogger in nur 2 Minuten ein. Entdecken Sie alle Hauptmerkmale des besten Chat-Plugins in einer kostenlosen Demo.","og_url":"https:\/\/elfsight.com\/de\/whatsapp-chat-widget\/blogger\/","og_site_name":"Elfsight DE","article_modified_time":"2025-01-10T12:52:16+00:00","twitter_card":"summary_large_image","twitter_misc":{"Gesch\u00e4tzte Lesezeit":"4\u00a0Minuten"},"schema":{"@context":"https:\/\/schema.org","@graph":[{"@type":"WebPage","@id":"https:\/\/elfsight.com\/de\/whatsapp-chat-widget\/blogger\/","url":"https:\/\/elfsight.com\/de\/whatsapp-chat-widget\/blogger\/","name":"WhatsApp-Chatbox-Widget zur Blogger-Website hinzuf\u00fcgen (2025)","isPartOf":{"@id":"https:\/\/elfsight.com\/de\/#website"},"datePublished":"1970-01-01T00:00:00+00:00","dateModified":"2025-01-10T12:52:16+00:00","description":"Richten Sie das WhatsApp-Chatbox-Widget auf Blogger in nur 2 Minuten ein. Entdecken Sie alle Hauptmerkmale des besten Chat-Plugins in einer kostenlosen Demo.","breadcrumb":{"@id":"https:\/\/elfsight.com\/de\/whatsapp-chat-widget\/blogger\/#breadcrumb"},"inLanguage":"de","potentialAction":[{"@type":"ReadAction","target":["https:\/\/elfsight.com\/de\/whatsapp-chat-widget\/blogger\/"]}]},{"@type":"BreadcrumbList","@id":"https:\/\/elfsight.com\/de\/whatsapp-chat-widget\/blogger\/#breadcrumb","itemListElement":[{"@type":"ListItem","position":1,"name":"Home","item":"https:\/\/elfsight.com\/de\/"},{"@type":"ListItem","position":2,"name":"WhatsApp Chat","item":"https:\/\/elfsight.com\/de\/whatsapp-chat-widget\/"},{"@type":"ListItem","position":3,"name":"Whatsapp Chat &#8211; Blogger"}]},{"@type":"WebSite","@id":"https:\/\/elfsight.com\/de\/#website","url":"https:\/\/elfsight.com\/de\/","name":"Elfsight DE","description":"Just another Elfsight Sites site","potentialAction":[{"@type":"SearchAction","target":{"@type":"EntryPoint","urlTemplate":"https:\/\/elfsight.com\/de\/?s={search_term_string}"},"query-input":{"@type":"PropertyValueSpecification","valueRequired":true,"valueName":"search_term_string"}}],"inLanguage":"de"}]}},"meta_box":{"industry":"","seo_heading":"","heading":"","description":"","cta_heading":"","cta_description":"","application":"139","h1":"Blogger-WhatsApp-Chatbox-Widget","h1_caption":"Geben Sie Benutzern die M\u00f6glichkeit, Sie \u00fcber WhatsApp zu kontaktieren, und sorgen Sie so f\u00fcr die schnellste und bequemste Interaktion Ihrer Website-Besucher mit Ihrer Blogger-Website.","application_category":[],"applications_title":"","applications_request_title":"","applications_request_button_text":"","hero_text":"","hero_video":"","hero_video_schema_markup":"","selling_points_title":"","selling_points_caption":"","selling_points":[],"selling_points_cta_text":"","features_title":"","features":"","ed_cta_examples_text":"","ed_cta_examples_hidden":"","ed_cta_demo_text":"","ed_cta_demo_hidden":"","why_caption":"","why_editor_title":"","why_editor_text":"","why_team_title":"","why_team_text":"","why_service_title":"","why_service_text":"","template_catalog_visible":"0","template_catalog_title":"","template_catalog_text":"","template_catalog_categories_visible":"","demo_title":"Erstellen Sie Ihr WhatsApp-Chat-Widget","demo_caption":"Konfigurieren Sie Ihren WhatsApp-Chat und f\u00fcgen Sie ihn kostenlos zu Ihrer Blogger-Website hinzu!","default_faq_hidden":"","app_template_category":[],"platform":"262","template_public_id":"","codecanyon_url":"","codecanyon_item_id":"","codecanyon_price":"","pricing_caption":"","pricing_elfsight_apps_hide_column":"","pricing_elfsight_apps_url":"","pricing_codecanyon_price_caption":"","integration_category":[],"integration_request_title":"","integration_request_cta":"","integration_platform":"","integrations":[],"platform_category":[],"video_schema_markup":"","price":"ab 0 $ \/ Monat","trial":"","benefits":[{"text":"Kostenlose Installationsunterst\u00fctzung"},{"text":"Professioneller Kundenservice"},{"text":"14-t\u00e4gige R\u00fcckerstattungsgarantie"},{"text":"Regelm\u00e4\u00dfige kostenlose Verbesserungen"}],"button_url":"#demo","button_target_blank":"0","button_nofollow":"0","attributes":[{"name":"Installiert","content":"100,000 - 500,000","_state":"expanded"},{"name":"Reaktionsfreudig","content":"Ja","_state":"expanded"},{"name":"Kompatible Browser","content":"Firefox, Safari, Opera, Chrome, Edge"}],"tags":[],"tags_disable_links":"1","hide_more_platforms":"","video_object":"","demo_hide_cta":"0","demo_hide_cloud_options":"0","pricing_title":"","pricing":[{"pricing_icon":"platform","pricing_title":"Elfsight Apps","pricing_title_caption":"Plattform\u00fcbergreifende digitale L\u00f6sung, die f\u00fcr jeden Standort geeignet ist","pricing_price":"ab 0 $ \/ Monat","pricing_price_caption":"Beginnen Sie mit einem kostenlosen Plan","pricing_benefits":[{"text":"Unbegrenzte Websites"},{"text":"Unternehmenssupport rund um die Uhr und gut dokumentiert"},{"text":"Kostenlose Installationsunterst\u00fctzung"},{"text":"Flexibles Design"}],"pricing_button_text":"Zur Website hinzuf\u00fcgen","pricing_button_url":"#demo","_state":"expanded"}],"related_apps_title":"","related_apps_hidden":"1","author":"","image":[],"title":"","job":"","social_networks":[]},"_links":{"self":[{"href":"https:\/\/elfsight.com\/de\/wp-json\/wp\/v2\/pages\/6764","targetHints":{"allow":["GET"]}}],"collection":[{"href":"https:\/\/elfsight.com\/de\/wp-json\/wp\/v2\/pages"}],"about":[{"href":"https:\/\/elfsight.com\/de\/wp-json\/wp\/v2\/types\/page"}],"author":[{"embeddable":true,"href":"https:\/\/elfsight.com\/de\/wp-json\/wp\/v2\/users\/9"}],"replies":[{"embeddable":true,"href":"https:\/\/elfsight.com\/de\/wp-json\/wp\/v2\/comments?post=6764"}],"version-history":[{"count":5,"href":"https:\/\/elfsight.com\/de\/wp-json\/wp\/v2\/pages\/6764\/revisions"}],"predecessor-version":[{"id":23446,"href":"https:\/\/elfsight.com\/de\/wp-json\/wp\/v2\/pages\/6764\/revisions\/23446"}],"up":[{"embeddable":true,"href":"https:\/\/elfsight.com\/de\/wp-json\/wp\/v2\/pages\/146"}],"wp:attachment":[{"href":"https:\/\/elfsight.com\/de\/wp-json\/wp\/v2\/media?parent=6764"}],"curies":[{"name":"wp","href":"https:\/\/api.w.org\/{rel}","templated":true}]}}