{"id":6758,"date":"1970-01-01T00:00:00","date_gmt":"1970-01-01T00:00:00","guid":{"rendered":"https:\/\/elfsight.com\/de\/?page_id=6758"},"modified":"2025-01-10T12:45:57","modified_gmt":"2025-01-10T12:45:57","slug":"bigcommerce","status":"publish","type":"page","link":"https:\/\/elfsight.com\/de\/whatsapp-chat-widget\/bigcommerce\/","title":{"rendered":"Whatsapp Chat &#8211; BigCommerce"},"content":{"rendered":"\n<div class=\"application-platform-content-item-description application-platform-content-item\" id=\"description\" data-nav-section=\"description\"> \n<h2>WhatsApp Chat mit Elfsight Widget einbetten<\/h2> \n<p>Das WhatsApp-Widget von Elfsight ist eine schnelle und einfache M\u00f6glichkeit, wie Ihre Website-Kunden mit Ihnen kommunizieren und ihre Fragen beantwortet bekommen k\u00f6nnen. Sie k\u00f6nnen jederzeit und von \u00fcberall f\u00fcr Ihre Kunden im beliebten Messenger erreichbar sein. Richten Sie den Chat auf Ihrer Webseite ein und w\u00e4hlen Sie aus, auf welchen Seiten oder f\u00fcr welche Zielgruppen der Chat angezeigt werden soll. Erstellen Sie Chat-Start-Trigger, senden Sie eine benutzerdefinierte Willkommensnachricht, legen Sie Icons fest und vieles mehr. Mit dem WhatsApp-Chat auf Ihrer Webseite bleiben Sie immer erreichbar, unabh\u00e4ngig davon, wo Sie sich gerade befinden.<\/p> \n<div class=\"faq\" data-component=\"FAQ\"> \n<div class=\"faq-item\">\r\n\t\t\t\t\t<div class=\"faq-item-question\">\r\n\t\t\t\t\t\t<h3 class=\"faq-item-question-text\">Wo kann ich das Widget anzeigen?<\/h3>\r\n\r\n\t\t\t\t\t\t<div class=\"faq-item-question-icon\"><\/div>\r\n\t\t\t\t\t<\/div>\r\n\r\n\t\t\t\t\t<div class=\"faq-item-answer\">\r\n\t\t\t\t\t\t<div class=\"faq-item-answer-text\"> \n<p>WhatsApp Live Chat kann auf allen Seiten Ihrer Webseite eingef\u00fcgt werden, oder nur auf bestimmten Seiten. Eine weitere Option besteht darin, es auf bestimmten Seiten zu beschr\u00e4nken, auf denen Sie das Widget nicht haben m\u00f6chten.<\/p> \n<\/div>\r\n\t\t\t\t\t<\/div>\r\n\t\t\t\t<\/div> \n<div class=\"faq-item\">\r\n\t\t\t\t\t<div class=\"faq-item-question\">\r\n\t\t\t\t\t\t<h3 class=\"faq-item-question-text\">Welche Vorteile bringt es mir?<\/h3>\r\n\r\n\t\t\t\t\t\t<div class=\"faq-item-question-icon\"><\/div>\r\n\t\t\t\t\t<\/div>\r\n\r\n\t\t\t\t\t<div class=\"faq-item-answer\">\r\n\t\t\t\t\t\t<div class=\"faq-item-answer-text\"> \n<p>Dieses Plugin erm\u00f6glicht es mehr Kunden, Sie mit ihren Fragen, Anfragen oder Problemen zu kontaktieren. Dies kann helfen, die Anzahl der Leads und Verk\u00e4ufe zu steigern. Dar\u00fcber hinaus wird eine schnelle Antwort und der individuelle Ansatz Ihre Kundenbetreuung aufwerten.<\/p> \n<\/div>\r\n\t\t\t\t\t<\/div>\r\n\t\t\t\t<\/div> \n<div class=\"faq-item\">\r\n\t\t\t\t\t<div class=\"faq-item-question\">\r\n\t\t\t\t\t\t<h3 class=\"faq-item-question-text\">Wie bekomme ich WhatsApp?<\/h3>\r\n\r\n\t\t\t\t\t\t<div class=\"faq-item-question-icon\"><\/div>\r\n\t\t\t\t\t<\/div>\r\n\r\n\t\t\t\t\t<div class=\"faq-item-answer\">\r\n\t\t\t\t\t\t<div class=\"faq-item-answer-text\"> \n<p>Sie ben\u00f6tigen nur eine Minute, um das Widget zu installieren. Die Integration ist \u00e4u\u00dferst schnell, kostenlos und ohne Programmierkenntnisse.<\/p> \n<p>Das Widget kann entweder \u00fcber unseren Service oder den Marktplatz integriert werden. Weitere Details zu diesen Optionen finden Sie und k\u00f6nnen die f\u00fcr Sie passendere ausw\u00e4hlen.<\/p> \n<\/div>\r\n\t\t\t\t\t<\/div>\r\n\t\t\t\t<\/div> \n<\/div> \n<\/div> \n<div class=\"application-platform-content-item-features application-platform-content-item\" id=\"features\" data-nav-section=\"features\"> \n<h2>Hauptfunktionen des WhatsApp Chat Widgets<\/h2> \n<p>Um eine klare Vorstellung von WhatsApp zu bekommen, sehen Sie sich die folgenden Hauptfunktionen an. Sie machen unser Widget besonders effektiv f\u00fcr Sie:<\/p> \n<ul>\n<li>F\u00fcgen Sie WhatsApp Messenger zu Ihrer Webseite hinzu, um mit Kunden in Echtzeit zu chatten;<\/li>\n<li>Beantworten Sie Anfragen direkt aus Ihrem WhatsApp-Konto;<\/li>\n<li>Nutzen Sie drei Varianten der Chat-Position: schwebende Blase, eingebettete Blase und eingebettetes Chat-Fenster;<\/li>\n<li>Entdecken Sie eine Bibliothek mit verf\u00fcgbaren Blasen-Icons und w\u00e4hlen Sie das passende aus;<\/li>\n<li>Bearbeiten Sie den Text der Chat-Blase.<\/li>\n<\/ul>\n<p><a href=\"#demo\">Entdecken Sie alle Funktionen in der Demo<\/a><\/p> \n<\/div> \n<div class=\"application-platform-content-item-installation application-platform-content-item\" id=\"installation\" data-nav-section=\"installation\"> \n<h2>Wie f\u00fcge ich WhatsApp Live Chat zu meiner BigCommerce-Webseite hinzu?<\/h2>\n<div class=\"video-container\">\n<iframe width=\"720\" height=\"405\" src=\"https:\/\/www.youtube.com\/embed\/uhcopToWmnQ\" frameborder=\"0\" allowfullscreen=\"\"><\/iframe>\n<\/div>\n<p>Folgen Sie einfach den Anweisungen unten, um das Widget auf BigCommerce einzuf\u00fcgen.<\/p> \n\n<ol>\n<li><b>Verwenden Sie unseren kostenlosen Editor und beginnen Sie mit dem Erstellen Ihres benutzerdefinierten Widgets.<\/b><br> \nBestimmen Sie die passenden Schnittstellen- und Funktionsmerkmale des WhatsApp Chats und speichern Sie die \u00c4nderungen.<\/li> \n<li><b>Holen Sie sich den einzigartigen Code, der im Fenster auf Elfsight Apps angezeigt wird.<\/b><br> \nSobald die Erstellung Ihrer pers\u00f6nlichen App abgeschlossen ist, kopieren Sie den Code aus dem Popup und speichern Sie ihn f\u00fcr sp\u00e4ter.<\/li> \n<li><b>Beginnen Sie, das Tool auf Ihrer BigCommerce-Webseite zu nutzen.<\/b><br> \nF\u00fcgen Sie den zuvor gespeicherten Code in Ihre Webseite ein und speichern Sie die \u00c4nderungen.<\/li> \n<li><b>Die Installation ist erfolgreich abgeschlossen.<\/b><br> \nBesuchen Sie Ihre Webseite, um zu sehen, wie das Plugin funktioniert.<\/li>\n<\/ol>\n<p>Unklarheiten? Oder Fragen? Eine Anfrage an unser Support-Team l\u00f6st jedes Problem.<\/p> \n<\/div>\n\n<div class=\"faq\" data-component=\"FAQ\">\n<div class=\"faq-item\">\r\n\t\t\t\t\t<div class=\"faq-item-question\">\r\n\t\t\t\t\t\t<h3 class=\"faq-item-question-text\">Wie kann ich WhatsApp Chat zu meiner BigCommerce-Seite hinzuf\u00fcgen, ohne Programmierkenntnisse?<\/h3>\r\n\r\n\t\t\t\t\t\t<div class=\"faq-item-question-icon\"><\/div>\r\n\t\t\t\t\t<\/div>\r\n\r\n\t\t\t\t\t<div class=\"faq-item-answer\">\r\n\t\t\t\t\t\t<div class=\"faq-item-answer-text\"> \n\n<p>Elfsight bietet eine L\u00f6sung, mit der Seiteninhaber einen WhatsApp-Chat-Bereich selbst erstellen k\u00f6nnen. Sehen Sie, wie einfach es ist:<\/p>\n\n<ul>\n<li>Beginnen Sie direkt im Live-Editor, um ein WhatsApp-Chat-Widget zu erstellen, das Sie auf Ihrer BigCommerce-Seite integrieren m\u00f6chten.<\/li>\n<li>W\u00e4hlen Sie eine der vielen vorgefertigten Vorlagen und passen Sie die WhatsApp-Chat-Einstellungen an, \u00e4ndern Sie Ihre Inhalte, das Layout und die Farben der Elemente ohne Programmierkenntnisse.<\/li>\n<li>Speichern Sie die vorgenommenen Einstellungen f\u00fcr WhatsApp Chat und kopieren Sie den Installationscode, den Sie leicht in Ihre BigCommerce-Seite einf\u00fcgen k\u00f6nnen, ohne einen kostenpflichtigen Plan zu kaufen.<\/li>\n<\/ul>\n\n<p>Mit unserem benutzerfreundlichen Konfigurator kann jeder Internetnutzer das WhatsApp-Chat-Plugin online erstellen und problemlos auf seiner BigCommerce-Seite einf\u00fcgen. Es ist nicht n\u00f6tig, zu bezahlen oder Kartendaten einzugeben, um den Service zu nutzen. Wenn Sie auf Probleme sto\u00dfen, z\u00f6gern Sie nicht, sich an unser Support-Team zu wenden.<\/p>\n\n<\/div>\r\n\t\t\t\t\t<\/div>\r\n\t\t\t\t<\/div>\n<\/div> \n","protected":false},"excerpt":{"rendered":"","protected":false},"author":9,"featured_media":0,"parent":146,"menu_order":0,"comment_status":"closed","ping_status":"closed","template":"templates\/template-application-platform.php","meta":{"publish_to_discourse":"","publish_post_category":"","wpdc_auto_publish_overridden":"","wpdc_topic_tags":"","wpdc_pin_topic":"","wpdc_pin_until":"","discourse_post_id":"","discourse_permalink":"","wpdc_publishing_response":"","wpdc_publishing_error":"","footnotes":""},"class_list":["post-6758","page","type-page","status-publish","hentry"],"yoast_head":"<!-- This site is optimized with the Yoast SEO plugin v25.3.1 - https:\/\/yoast.com\/wordpress\/plugins\/seo\/ -->\n<title>F\u00fcgen Sie WhatsApp-Live-Chat zu Ihrer BigCommerce-Website hinzu (2025)<\/title>\n<meta name=\"description\" content=\"Richten Sie die WhatsApp Live Chat-App bei BigCommerce in nur 2 Minuten ein. Entdecken Sie alle Hauptmerkmale des besten Chat-Widgets in einer kostenlosen Demo.\" \/>\n<meta name=\"robots\" content=\"index, follow, max-snippet:-1, max-image-preview:large, max-video-preview:-1\" \/>\n<link rel=\"canonical\" href=\"https:\/\/elfsight.com\/de\/whatsapp-chat-widget\/bigcommerce\/\" \/>\n<meta property=\"og:locale\" content=\"de_DE\" \/>\n<meta property=\"og:type\" content=\"article\" \/>\n<meta property=\"og:title\" content=\"F\u00fcgen Sie WhatsApp-Live-Chat zu Ihrer BigCommerce-Website hinzu (2025)\" \/>\n<meta property=\"og:description\" content=\"Richten Sie die WhatsApp Live Chat-App bei BigCommerce in nur 2 Minuten ein. Entdecken Sie alle Hauptmerkmale des besten Chat-Widgets in einer kostenlosen Demo.\" \/>\n<meta property=\"og:url\" content=\"https:\/\/elfsight.com\/de\/whatsapp-chat-widget\/bigcommerce\/\" \/>\n<meta property=\"og:site_name\" content=\"Elfsight DE\" \/>\n<meta property=\"article:modified_time\" content=\"2025-01-10T12:45:57+00:00\" \/>\n<meta name=\"twitter:card\" content=\"summary_large_image\" \/>\n<meta name=\"twitter:label1\" content=\"Gesch\u00e4tzte Lesezeit\" \/>\n\t<meta name=\"twitter:data1\" content=\"4\u00a0Minuten\" \/>\n<!-- \/ Yoast SEO plugin. -->","yoast_head_json":{"title":"F\u00fcgen Sie WhatsApp-Live-Chat zu Ihrer BigCommerce-Website hinzu (2025)","description":"Richten Sie die WhatsApp Live Chat-App bei BigCommerce in nur 2 Minuten ein. Entdecken Sie alle Hauptmerkmale des besten Chat-Widgets in einer kostenlosen Demo.","robots":{"index":"index","follow":"follow","max-snippet":"max-snippet:-1","max-image-preview":"max-image-preview:large","max-video-preview":"max-video-preview:-1"},"canonical":"https:\/\/elfsight.com\/de\/whatsapp-chat-widget\/bigcommerce\/","og_locale":"de_DE","og_type":"article","og_title":"F\u00fcgen Sie WhatsApp-Live-Chat zu Ihrer BigCommerce-Website hinzu (2025)","og_description":"Richten Sie die WhatsApp Live Chat-App bei BigCommerce in nur 2 Minuten ein. Entdecken Sie alle Hauptmerkmale des besten Chat-Widgets in einer kostenlosen Demo.","og_url":"https:\/\/elfsight.com\/de\/whatsapp-chat-widget\/bigcommerce\/","og_site_name":"Elfsight DE","article_modified_time":"2025-01-10T12:45:57+00:00","twitter_card":"summary_large_image","twitter_misc":{"Gesch\u00e4tzte Lesezeit":"4\u00a0Minuten"},"schema":{"@context":"https:\/\/schema.org","@graph":[{"@type":"WebPage","@id":"https:\/\/elfsight.com\/de\/whatsapp-chat-widget\/bigcommerce\/","url":"https:\/\/elfsight.com\/de\/whatsapp-chat-widget\/bigcommerce\/","name":"F\u00fcgen Sie WhatsApp-Live-Chat zu Ihrer BigCommerce-Website hinzu (2025)","isPartOf":{"@id":"https:\/\/elfsight.com\/de\/#website"},"datePublished":"1970-01-01T00:00:00+00:00","dateModified":"2025-01-10T12:45:57+00:00","description":"Richten Sie die WhatsApp Live Chat-App bei BigCommerce in nur 2 Minuten ein. Entdecken Sie alle Hauptmerkmale des besten Chat-Widgets in einer kostenlosen Demo.","breadcrumb":{"@id":"https:\/\/elfsight.com\/de\/whatsapp-chat-widget\/bigcommerce\/#breadcrumb"},"inLanguage":"de","potentialAction":[{"@type":"ReadAction","target":["https:\/\/elfsight.com\/de\/whatsapp-chat-widget\/bigcommerce\/"]}]},{"@type":"BreadcrumbList","@id":"https:\/\/elfsight.com\/de\/whatsapp-chat-widget\/bigcommerce\/#breadcrumb","itemListElement":[{"@type":"ListItem","position":1,"name":"Home","item":"https:\/\/elfsight.com\/de\/"},{"@type":"ListItem","position":2,"name":"WhatsApp Chat","item":"https:\/\/elfsight.com\/de\/whatsapp-chat-widget\/"},{"@type":"ListItem","position":3,"name":"Whatsapp Chat &#8211; BigCommerce"}]},{"@type":"WebSite","@id":"https:\/\/elfsight.com\/de\/#website","url":"https:\/\/elfsight.com\/de\/","name":"Elfsight DE","description":"Just another Elfsight Sites site","potentialAction":[{"@type":"SearchAction","target":{"@type":"EntryPoint","urlTemplate":"https:\/\/elfsight.com\/de\/?s={search_term_string}"},"query-input":{"@type":"PropertyValueSpecification","valueRequired":true,"valueName":"search_term_string"}}],"inLanguage":"de"}]}},"meta_box":{"industry":"","seo_heading":"","heading":"","description":"","cta_heading":"","cta_description":"","application":"139","h1":"BigCommerce WhatsApp Live Chat","h1_caption":"Geben Sie Benutzern die M\u00f6glichkeit, Sie \u00fcber WhatsApp zu kontaktieren, und sorgen Sie so f\u00fcr die schnellste und bequemste Interaktion Ihrer Website-Besucher mit Ihrer BigCommerce-Website.","application_category":[],"applications_title":"","applications_request_title":"","applications_request_button_text":"","hero_text":"","hero_video":"","hero_video_schema_markup":"","selling_points_title":"","selling_points_caption":"","selling_points":[],"selling_points_cta_text":"","features_title":"","features":"","ed_cta_examples_text":"","ed_cta_examples_hidden":"","ed_cta_demo_text":"","ed_cta_demo_hidden":"","why_caption":"","why_editor_title":"","why_editor_text":"","why_team_title":"","why_team_text":"","why_service_title":"","why_service_text":"","template_catalog_visible":"0","template_catalog_title":"","template_catalog_text":"","template_catalog_categories_visible":"","demo_title":"Erstellen Sie Ihre WhatsApp-Chat-App","demo_caption":"Konfigurieren Sie Ihren WhatsApp-Chat und f\u00fcgen Sie ihn kostenlos zu Ihrer BigCommerce-Website hinzu!","default_faq_hidden":"","app_template_category":[],"platform":"268","template_public_id":"","codecanyon_url":"","codecanyon_item_id":"","codecanyon_price":"","pricing_caption":"","pricing_elfsight_apps_hide_column":"","pricing_elfsight_apps_url":"","pricing_codecanyon_price_caption":"","integration_category":[],"integration_request_title":"","integration_request_cta":"","integration_platform":"","integrations":[],"platform_category":[],"video_schema_markup":"","price":"Ab 0\u00a0$\/Monat","trial":"","benefits":[{"text":"Kostenlose Installationshilfe"},{"text":"Professioneller Kundenservice"},{"text":"14-t\u00e4gige Geld-zur\u00fcck-Garantie"},{"text":"Kontinuierliche kostenlose Verbesserungen"}],"button_url":"#demo","button_target_blank":"0","button_nofollow":"0","attributes":[{"name":"Installiert","content":"100,000 - 500,000","_state":"expanded"},{"name":"Reaktionsfreudig","content":"Ja","_state":"expanded"},{"name":"Adaptives Design","content":"Firefox, Safari, Opera, Chrome, Edge"}],"tags":[],"tags_disable_links":"1","hide_more_platforms":"","video_object":"","demo_hide_cta":"0","demo_hide_cloud_options":"0","pricing_title":"","pricing":[{"pricing_icon":"platform","pricing_title":"Elfsight Apps","pricing_title_caption":"Plattformunabh\u00e4ngige Version, die f\u00fcr jede Website geeignet ist","pricing_price":"ab 0 $ \/ Monat","pricing_price_caption":"Beginnen Sie mit einem kostenlosen Plan","pricing_benefits":[{"text":"Unbegrenzte Domains"},{"text":"Professionelle Unternehmensunterst\u00fctzung"},{"text":"Kostenloser Installationssupport"},{"text":"Flexibles Design"}],"pricing_button_text":"Zur Website hinzuf\u00fcgen","pricing_button_url":"#demo","_state":"expanded"}],"related_apps_title":"","related_apps_hidden":"1","author":"","image":[],"title":"","job":"","social_networks":[]},"_links":{"self":[{"href":"https:\/\/elfsight.com\/de\/wp-json\/wp\/v2\/pages\/6758","targetHints":{"allow":["GET"]}}],"collection":[{"href":"https:\/\/elfsight.com\/de\/wp-json\/wp\/v2\/pages"}],"about":[{"href":"https:\/\/elfsight.com\/de\/wp-json\/wp\/v2\/types\/page"}],"author":[{"embeddable":true,"href":"https:\/\/elfsight.com\/de\/wp-json\/wp\/v2\/users\/9"}],"replies":[{"embeddable":true,"href":"https:\/\/elfsight.com\/de\/wp-json\/wp\/v2\/comments?post=6758"}],"version-history":[{"count":5,"href":"https:\/\/elfsight.com\/de\/wp-json\/wp\/v2\/pages\/6758\/revisions"}],"predecessor-version":[{"id":23444,"href":"https:\/\/elfsight.com\/de\/wp-json\/wp\/v2\/pages\/6758\/revisions\/23444"}],"up":[{"embeddable":true,"href":"https:\/\/elfsight.com\/de\/wp-json\/wp\/v2\/pages\/146"}],"wp:attachment":[{"href":"https:\/\/elfsight.com\/de\/wp-json\/wp\/v2\/media?parent=6758"}],"curies":[{"name":"wp","href":"https:\/\/api.w.org\/{rel}","templated":true}]}}