{"id":6756,"date":"1970-01-01T00:00:00","date_gmt":"1970-01-01T00:00:00","guid":{"rendered":"https:\/\/elfsight.com\/de\/?page_id=6756"},"modified":"2025-07-10T14:04:34","modified_gmt":"2025-07-10T14:04:34","slug":"opencart","status":"publish","type":"page","link":"https:\/\/elfsight.com\/de\/whatsapp-chat-widget\/opencart\/","title":{"rendered":"Whatsapp Chat &#8211; OpenCart"},"content":{"rendered":"<div class=\"application-platform-content-item-description application-platform-content-item\" id=\"description\" data-nav-section=\"description\"> <h2>WhatsApp-Chat mit Elfsight-Widget einbetten<\/h2> <p>Das WhatsApp-Modul von Elfsight ist f\u00fcr Ihre Website-Benutzer das einfachste, um Sie zu kontaktieren und zu h\u00f6ren Antworten auf ihre Fragen und W\u00fcnsche. Bleiben Sie ab sofort im komfortablen Messenger nonstop f\u00fcr Ihre Kundschaft erreichbar. Integrieren Sie den Chat in Ihren Shop und w\u00e4hlen Sie ihn so aus, dass er auf bestimmten Seiten oder f\u00fcr ausgew\u00e4hlte Kundentypen angezeigt wird. Einf\u00fchrung von Start-Chat-Triggern; Verfassen Sie Ihre eigene Willkommensnachricht. Legen Sie Symbole fest und erledigen Sie noch mehr. Durch die Nutzung des auf der Website eingebetteten OpenCart-Chats sind Sie jederzeit und von \u00fcberall aus mit Ihren Kunden verbunden. <\/p> <div class=\"faq\" data-component=\"FAQ\"><div class=\"faq-item\">\r\n\t\t\t\t\t<div class=\"faq-item-question\">\r\n\t\t\t\t\t\t<h3 class=\"faq-item-question-text\">Wie f\u00fcge ich den WhatsApp-Chat-Button zu Opencart hinzu?<\/h3>\r\n\r\n\t\t\t\t\t\t<div class=\"faq-item-question-icon\"><\/div>\r\n\t\t\t\t\t<\/div>\r\n\r\n\t\t\t\t\t<div class=\"faq-item-answer\">\r\n\t\t\t\t\t\t<div class=\"faq-item-answer-text\"><p>Das Hinzuf\u00fcgen zur Website dauert eineinhalb Minuten. Dar\u00fcber hinaus sind keine Kenntnisse in der Webprogrammierung erforderlich. <\/p><ol><li>\u00c4ndern Sie das WhatsApp-Chat-Plugin im kostenlosen Konfigurator und sehen Sie die Anpassungen live. <\/li> <li>Holen Sie sich Ihren individuellen Installationscode. <\/li> <li>Betten Sie den Code des WhatsApp-Chat-Moduls an der ben\u00f6tigten Stelle in der Opencart-Vorlage ein. <\/li> <li>Verstanden! Die Einrichtung der Chat-Erweiterung auf Opencart ist abgeschlossen!<\/li><\/ol><p>Haben Sie Probleme beim Einf\u00fcgen des Moduls auf die Website oder beim Einrichten? Die ausf\u00fchrliche Anleitung finden Sie <a href=\"https:\/\/elfsight.com\/tutorials\/how-to-add-whatsapp-chat-widget-to-website\/#how-to-add-whatsapp-to-opencart\">auf dieser Seite<\/a>. <\/p><\/div>\r\n\t\t\t\t\t<\/div>\r\n\t\t\t\t<\/div><div class=\"faq-item\">\r\n\t\t\t\t\t<div class=\"faq-item-question\">\r\n\t\t\t\t\t\t<h3 class=\"faq-item-question-text\">Habe ich die M\u00f6glichkeit zu sehen, wie das Widget auf einer Website aussehen wird?<\/h3>\r\n\r\n\t\t\t\t\t\t<div class=\"faq-item-question-icon\"><\/div>\r\n\t\t\t\t\t<\/div>\r\n\r\n\t\t\t\t\t<div class=\"faq-item-answer\">\r\n\t\t\t\t\t\t<div class=\"faq-item-answer-text\"><p>Ja, das k\u00f6nnen Sie! W\u00e4hrend Sie das WhatsApp-Chat-Plugin f\u00fcr Opencart <a href=\"https:\/\/elfsight.com\/whatsapp-chat-widget\/#demo\">im Online-Editor<\/a> entwickeln, sehen Sie sich alle Konfigurationen auf der rechten Seite an . Das Chat-Feld sieht genau so aus, wie Sie es zu Ihrer Opencart-Website hinzuf\u00fcgen. <\/p><\/div>\r\n\t\t\t\t\t<\/div>\r\n\t\t\t\t<\/div><div class=\"faq-item\">\r\n\t\t\t\t\t<div class=\"faq-item-question\">\r\n\t\t\t\t\t\t<h3 class=\"faq-item-question-text\">Welche anderen Widgets sind f\u00fcr eine Opencart-Website erforderlich?<\/h3>\r\n\r\n\t\t\t\t\t\t<div class=\"faq-item-question-icon\"><\/div>\r\n\t\t\t\t\t<\/div>\r\n\r\n\t\t\t\t\t<div class=\"faq-item-answer\">\r\n\t\t\t\t\t\t<div class=\"faq-item-answer-text\"><p>Es gibt viele Elfsight-Plugins, die Sie zur Opencart-Website hinzuf\u00fcgen und in wenigen Minuten aktualisieren k\u00f6nnen . Es gibt zum Beispiel <a href=\"https:\/\/elfsight.com\/whatsapp-chat-widget\/opencart\/\">WhatsApp Chat<\/a>, <a href=\"https:\/\/elfsight.com\/instagram- feed-instashow\/opencart\/\">Instagram-Feed<\/a> und <a href=\"https:\/\/elfsight.com\/facebook-chat-widget\/opencart\/\">Facebook-Chat<\/a>. Sie k\u00f6nnen auch <a href=\"https:\/\/elfsight.com\/google-reviews-widget\/opencart\/\">Google Reviews<\/a> und <a href=\"https:\/\/elfsight.com\/slider- widget\/opencart\/\">Slider-Widget<\/a>. Sie alle tragen dazu bei, die Funktionalit\u00e4t Ihrer Website zu verbessern.<\/p><\/div>\r\n\t\t\t\t\t<\/div>\r\n\t\t\t\t<\/div><\/div><\/div> <div class=\"application-platform-content-item-features application-platform-content-item\" id=\"features\" data-nav-section=\"features\"> <h2>Hauptfunktionen des WhatsApp Chat Widget<\/h2> <p>Um ein besseres Verst\u00e4ndnis der Chat-Erweiterung zu erhalten, sehen Sie sich die Liste ihrer Hauptfunktionen an. Sie machen unser Modul f\u00fcr Ihr Unternehmen unglaublich n\u00fctzlich: <\/p> <ul><li>F\u00fcgen Sie den WhatsApp-Messenger zu Ihrem Shop hinzu, um die Kommunikation mit Kunden herzustellen; <\/li><li>Geben Sie Antworten direkt von Ihrem WhatsApp-Konto aus; <\/li><li> Drei Optionen f\u00fcr die Chat-Position: schwebende Blase, eingebettete Blase und eingebettetes Chat-Fenster; <\/li><li>Entdecken Sie eine Sammlung von Blasensymbolen, aus denen Sie ausw\u00e4hlen k\u00f6nnen. <\/li><li>Bearbeitbarer Blasentext. <\/li><\/ul><p><a href=\"#demo\">Um alle Funktionen zu testen, sehen Sie sich unsere Demo an<\/a><\/p> <\/div> <div class=\"application-platform-content-item-installation application-platform-content-item\" id=\"installation\" data-nav-section=\"installation\"> <h2>So f\u00fcgen Sie das Live-Chat-Modul zu Ihrer OpenCart-Website hinzu<\/h2> <p>Diese verschiedenen Aktionen sind das Einzige, was Sie brauchen, um WhatsApp zu integrieren.<\/p> <ol><li><b>Starten Sie unseren kostenlosen Konfigurator und beginnen Sie mit der Gestaltung Ihrer eigenen WhatsApp-Chat-Erweiterung. <\/b><br> Bestimmen Sie die benutzerdefinierte Anordnung und Aspekte der Erweiterung und wenden Sie alle Korrekturen an. <\/li> <li><b>Erhalten Sie den eindeutigen Code, der in der Box auf Elfsight Apps angezeigt wird. <\/b><br> Nachdem die Einrichtung Ihrer Erweiterung abgeschlossen ist, kopieren Sie Ihren Code aus dem angezeigten Feld und speichern Sie ihn f\u00fcr die zuk\u00fcnftige Verwendung. <\/li> <li><b>Beginnen Sie mit der Nutzung der Erweiterung auf Ihrer OpenCart-Seite. <\/b><br> F\u00fcgen Sie den zuvor kopierten Code in Ihre Website ein und wenden Sie die Korrekturen an. <\/li> <li><b>Die Installation ist vollst\u00e4ndig durchgef\u00fchrt. <\/b><br> \u00d6ffnen Sie Ihre Website, um zu sehen, wie die Erweiterung funktioniert. <\/li><\/ol><p>Sie k\u00f6nnen sich immer noch nicht entscheiden? Oder Probleme haben? Mit nur einer einzigen Anfrage an unseren Kundenservice l\u00e4sst sich jede Frage kl\u00e4ren. <\/p> <\/div><div class=\"faq\" data-component=\"FAQ\"><div class=\"faq-item\">\r\n\t\t\t\t\t<div class=\"faq-item-question\">\r\n\t\t\t\t\t\t<h3 class=\"faq-item-question-text\">Gibt es eine Option zum Hinzuf\u00fcgen von Whatsapp Chat zu meiner OpenCart-Webseite ohne Programmierkenntnisse?<\/h3>\r\n\r\n\t\t\t\t\t\t<div class=\"faq-item-question-icon\"><\/div>\r\n\t\t\t\t\t<\/div>\r\n\r\n\t\t\t\t\t<div class=\"faq-item-answer\">\r\n\t\t\t\t\t\t<div class=\"faq-item-answer-text\"><p>Elfsight Das Unternehmen bietet eine L\u00f6sung, die es einem breiten Publikum erm\u00f6glicht, selbst ein WhatsApp-Chat-Widget zu erstellen. Entdecken Sie die unkomplizierten Schritte: <\/p><ul><li>Beginnen Sie mit der Arbeit direkt im Live-Editor, um eine WhatsApp-Chat-App zu erstellen, in der Sie erscheinen m\u00f6chten OpenCart-Website.<\/li><li>W\u00e4hlen Sie eine der vorgefertigten Vorlagen und passen Sie die WhatsApp-Chat-Einstellungen an, \u00e4ndern Sie das Layout und die Farben, aktualisieren Sie Ihre Inhalte ohne Programmiererfahrung.<\/li><li>Klicken Sie zum Speichern Einstellungen, die Sie am WhatsApp-Chat vorgenommen haben, und kopieren Sie den Installationscode des Widgets, der einfach und kostenlos auf der OpenCart-Homepage hinzugef\u00fcgt werden kann. <\/li><\/ul><p>Mit Hilfe des benutzerfreundlichen Editors kann jeder Webbenutzer das WhatsApp-Chat-Plugin online erstellen und einfach in die OpenCart-Homepage einbetten. Sie sollten nicht bezahlen oder Ihre Kartendaten eingeben, um den Elfsight-Dienst zu nutzen. Sollten Sie auf Probleme jeglicher Art sto\u00dfen, z\u00f6gern Sie bitte nicht, sich an unseren technischen Kundensupport zu wenden.<\/p><\/div>\r\n\t\t\t\t\t<\/div>\r\n\t\t\t\t<\/div><\/div>","protected":false},"excerpt":{"rendered":"","protected":false},"author":9,"featured_media":0,"parent":146,"menu_order":0,"comment_status":"closed","ping_status":"closed","template":"templates\/template-application-platform.php","meta":{"publish_to_discourse":"","publish_post_category":"","wpdc_auto_publish_overridden":"","wpdc_topic_tags":"","wpdc_pin_topic":"","wpdc_pin_until":"","discourse_post_id":"","discourse_permalink":"","wpdc_publishing_response":"","wpdc_publishing_error":"","footnotes":""},"class_list":["post-6756","page","type-page","status-publish","hentry"],"yoast_head":"<!-- This site is optimized with the Yoast SEO plugin v25.3.1 - https:\/\/yoast.com\/wordpress\/plugins\/seo\/ -->\n<title>WhatsApp-Live-Chat-Erweiterung zur OpenCart-Website hinzuf\u00fcgen (in 2 Minuten)<\/title>\n<meta name=\"description\" content=\"Richten Sie die WhatsApp-Live-Chat-Erweiterung auf der OpenCart-Website in nur 2 Minuten ein. Entdecken Sie alle Hauptmerkmale des besten Chat-Moduls in einer kostenlosen Demo.\" \/>\n<meta name=\"robots\" content=\"index, follow, max-snippet:-1, max-image-preview:large, max-video-preview:-1\" \/>\n<link rel=\"canonical\" href=\"https:\/\/elfsight.com\/de\/whatsapp-chat-widget\/opencart\/\" \/>\n<meta property=\"og:locale\" content=\"de_DE\" \/>\n<meta property=\"og:type\" content=\"article\" \/>\n<meta property=\"og:title\" content=\"WhatsApp-Live-Chat-Erweiterung zur OpenCart-Website hinzuf\u00fcgen (in 2 Minuten)\" \/>\n<meta property=\"og:description\" content=\"Richten Sie die WhatsApp-Live-Chat-Erweiterung auf der OpenCart-Website in nur 2 Minuten ein. Entdecken Sie alle Hauptmerkmale des besten Chat-Moduls in einer kostenlosen Demo.\" \/>\n<meta property=\"og:url\" content=\"https:\/\/elfsight.com\/de\/whatsapp-chat-widget\/opencart\/\" \/>\n<meta property=\"og:site_name\" content=\"Elfsight DE\" \/>\n<meta property=\"article:modified_time\" content=\"2025-07-10T14:04:34+00:00\" \/>\n<meta name=\"twitter:card\" content=\"summary_large_image\" \/>\n<meta name=\"twitter:label1\" content=\"Gesch\u00e4tzte Lesezeit\" \/>\n\t<meta name=\"twitter:data1\" content=\"1\u00a0Minute\" \/>\n<!-- \/ Yoast SEO plugin. -->","yoast_head_json":{"title":"WhatsApp-Live-Chat-Erweiterung zur OpenCart-Website hinzuf\u00fcgen (in 2 Minuten)","description":"Richten Sie die WhatsApp-Live-Chat-Erweiterung auf der OpenCart-Website in nur 2 Minuten ein. Entdecken Sie alle Hauptmerkmale des besten Chat-Moduls in einer kostenlosen Demo.","robots":{"index":"index","follow":"follow","max-snippet":"max-snippet:-1","max-image-preview":"max-image-preview:large","max-video-preview":"max-video-preview:-1"},"canonical":"https:\/\/elfsight.com\/de\/whatsapp-chat-widget\/opencart\/","og_locale":"de_DE","og_type":"article","og_title":"WhatsApp-Live-Chat-Erweiterung zur OpenCart-Website hinzuf\u00fcgen (in 2 Minuten)","og_description":"Richten Sie die WhatsApp-Live-Chat-Erweiterung auf der OpenCart-Website in nur 2 Minuten ein. Entdecken Sie alle Hauptmerkmale des besten Chat-Moduls in einer kostenlosen Demo.","og_url":"https:\/\/elfsight.com\/de\/whatsapp-chat-widget\/opencart\/","og_site_name":"Elfsight DE","article_modified_time":"2025-07-10T14:04:34+00:00","twitter_card":"summary_large_image","twitter_misc":{"Gesch\u00e4tzte Lesezeit":"1\u00a0Minute"},"schema":{"@context":"https:\/\/schema.org","@graph":[{"@type":"WebPage","@id":"https:\/\/elfsight.com\/de\/whatsapp-chat-widget\/opencart\/","url":"https:\/\/elfsight.com\/de\/whatsapp-chat-widget\/opencart\/","name":"WhatsApp-Live-Chat-Erweiterung zur OpenCart-Website hinzuf\u00fcgen (in 2 Minuten)","isPartOf":{"@id":"https:\/\/elfsight.com\/de\/#website"},"datePublished":"1970-01-01T00:00:00+00:00","dateModified":"2025-07-10T14:04:34+00:00","description":"Richten Sie die WhatsApp-Live-Chat-Erweiterung auf der OpenCart-Website in nur 2 Minuten ein. Entdecken Sie alle Hauptmerkmale des besten Chat-Moduls in einer kostenlosen Demo.","breadcrumb":{"@id":"https:\/\/elfsight.com\/de\/whatsapp-chat-widget\/opencart\/#breadcrumb"},"inLanguage":"de","potentialAction":[{"@type":"ReadAction","target":["https:\/\/elfsight.com\/de\/whatsapp-chat-widget\/opencart\/"]}]},{"@type":"BreadcrumbList","@id":"https:\/\/elfsight.com\/de\/whatsapp-chat-widget\/opencart\/#breadcrumb","itemListElement":[{"@type":"ListItem","position":1,"name":"Home","item":"https:\/\/elfsight.com\/de\/"},{"@type":"ListItem","position":2,"name":"WhatsApp Chat","item":"https:\/\/elfsight.com\/de\/whatsapp-chat-widget\/"},{"@type":"ListItem","position":3,"name":"Whatsapp Chat &#8211; OpenCart"}]},{"@type":"WebSite","@id":"https:\/\/elfsight.com\/de\/#website","url":"https:\/\/elfsight.com\/de\/","name":"Elfsight DE","description":"Just another Elfsight Sites site","potentialAction":[{"@type":"SearchAction","target":{"@type":"EntryPoint","urlTemplate":"https:\/\/elfsight.com\/de\/?s={search_term_string}"},"query-input":{"@type":"PropertyValueSpecification","valueRequired":true,"valueName":"search_term_string"}}],"inLanguage":"de"}]}},"meta_box":{"industry":"","seo_heading":"","heading":"","description":"","cta_heading":"","cta_description":"","application":"139","h1":"OpenCart WhatsApp Live Chat-Erweiterung","h1_caption":"Geben Sie Benutzern die M\u00f6glichkeit, Sie \u00fcber WhatsApp zu kontaktieren, und sorgen Sie so f\u00fcr die schnellste und bequemste Interaktion Ihrer Website-Besucher mit Ihrer Opencart-Website.","application_category":[],"applications_title":"","applications_request_title":"","applications_request_button_text":"","hero_text":"","hero_video":"","hero_video_schema_markup":"","selling_points_title":"","selling_points_caption":"","selling_points":[],"selling_points_cta_text":"","features_title":"","features":"","ed_cta_examples_text":"","ed_cta_examples_hidden":"","ed_cta_demo_text":"","ed_cta_demo_hidden":"","why_caption":"","why_editor_title":"","why_editor_text":"","why_team_title":"","why_team_text":"","why_service_title":"","why_service_text":"","template_catalog_visible":"","template_catalog_title":"","template_catalog_text":"","template_catalog_categories_visible":"","demo_title":"Erstellen Sie Ihre WhatsApp-Chat-Erweiterung","demo_caption":"Konfigurieren Sie Ihren WhatsApp-Chat und f\u00fcgen Sie ihn kostenlos zu Ihrer OpenCart-Website hinzu!","default_faq_hidden":"","app_template_category":[],"platform":"254","template_public_id":"","codecanyon_url":"","codecanyon_item_id":"","codecanyon_price":"","pricing_caption":"","pricing_elfsight_apps_hide_column":"","pricing_elfsight_apps_url":"","pricing_codecanyon_price_caption":"","integration_category":[],"integration_request_title":"","integration_request_cta":"","integration_platform":"","integrations":[],"platform_category":[],"video_schema_markup":"","price":"ab 0 $ \/ Monat","trial":"","benefits":[{"text":"Kostenlose Installationsunterst\u00fctzung"},{"text":"Premium-Support"},{"text":"14-t\u00e4gige Geld-zur\u00fcck-Garantie"},{"text":"Kontinuierliche kostenlose Verbesserungen"}],"button_url":"#demo","button_target_blank":"0","button_nofollow":"0","attributes":[{"name":"Installiert","content":"100,000 - 500,000","_state":"expanded"},{"name":"Reaktionsfreudig","content":"Ja","_state":"expanded"},{"name":"Kompatible Browser","content":"Opera, Chrome, Firefox, Safari, Edge"}],"tags":[],"tags_disable_links":"1","hide_more_platforms":"","video_object":"","demo_hide_cta":"0","demo_hide_cloud_options":"0","pricing_title":"","pricing":[{"pricing_icon":"platform","pricing_title":"Elfsight Apps","pricing_title_caption":"Plattform\u00fcbergreifende Version, die zu jeder Website passt","pricing_price":"ab 0 $ \/ Monat","pricing_price_caption":"Beginnen Sie mit einem kostenlosen Plan","pricing_benefits":[{"text":"Unbegrenzte Domains"},{"text":"Schnelle Unternehmensunterst\u00fctzung"},{"text":"Kostenloser Installationsservice"},{"text":"Vollst\u00e4ndig anpassbar"}],"pricing_button_text":"Zur Website hinzuf\u00fcgen","pricing_button_url":"#demo","_state":"expanded"}],"related_apps_title":"","related_apps_hidden":"1","author":"","image":[],"title":"","job":"","social_networks":[]},"_links":{"self":[{"href":"https:\/\/elfsight.com\/de\/wp-json\/wp\/v2\/pages\/6756","targetHints":{"allow":["GET"]}}],"collection":[{"href":"https:\/\/elfsight.com\/de\/wp-json\/wp\/v2\/pages"}],"about":[{"href":"https:\/\/elfsight.com\/de\/wp-json\/wp\/v2\/types\/page"}],"author":[{"embeddable":true,"href":"https:\/\/elfsight.com\/de\/wp-json\/wp\/v2\/users\/9"}],"replies":[{"embeddable":true,"href":"https:\/\/elfsight.com\/de\/wp-json\/wp\/v2\/comments?post=6756"}],"version-history":[{"count":3,"href":"https:\/\/elfsight.com\/de\/wp-json\/wp\/v2\/pages\/6756\/revisions"}],"predecessor-version":[{"id":21108,"href":"https:\/\/elfsight.com\/de\/wp-json\/wp\/v2\/pages\/6756\/revisions\/21108"}],"up":[{"embeddable":true,"href":"https:\/\/elfsight.com\/de\/wp-json\/wp\/v2\/pages\/146"}],"wp:attachment":[{"href":"https:\/\/elfsight.com\/de\/wp-json\/wp\/v2\/media?parent=6756"}],"curies":[{"name":"wp","href":"https:\/\/api.w.org\/{rel}","templated":true}]}}